{"id":3880,"date":"2021-12-12T14:31:53","date_gmt":"2021-12-12T14:31:53","guid":{"rendered":"https:\/\/www.oncoalicia.com\/food-and-side-effects-of-treatment\/"},"modified":"2025-07-04T08:03:40","modified_gmt":"2025-07-04T08:03:40","slug":"side-effects-of-treatment","status":"publish","type":"page","link":"https:\/\/oncoalicia.com\/en\/side-effects-of-treatment\/","title":{"rendered":"Food and Side Effects of Cancer Treatment"},"content":{"rendered":"<p class=\"p1\" style=\"text-align: left;\">The main treatments used in the fight against cancer (surgery, chemotherapy, radiotherapy, biological therapy or immunotherapy, hormonal therapy and the combination of these) can lead to different side effects that compromise nutrition, which can appear at different times and with greater or lower intensity or duration.<\/p>\n<p class=\"p1\" style=\"text-align: left;\">To ensure a correct diet, in addition to taking into account the <a href=\"https:\/\/oncoalicia.com\/en\/general-recommendations\/\">general recommendations for a balanced diet during treatment<\/a> , this must be adapted to the side effects that may appear.<\/p>\n<p class=\"p1\" style=\"text-align: left;\">Given that each type of cancer and its treatments can lead to the appearance of specific side effects and symptoms, we recommend that you first consult the specific section for each <a href=\"https:\/\/oncoalicia.com\/en\/types-of-cancer\/\">type of tumor<\/a> In the event that the type of tumor to be consulted is not yet available, in its section, in this section, you will find information on the most common and frequent side effects during the treatment of cancer and the main dietary-culinary strategies that will help to &#8211; face it<\/p>\n","protected":false},"excerpt":{"rendered":"<p>The main treatments used in the fight against cancer (surgery, chemotherapy, radiotherapy, biological therapy or immunotherapy, hormonal therapy and the combination of these) can lead to different side effects that compromise nutrition, which can appear at different times and with greater or lower intensity or duration. To ensure a correct diet, in addition to taking&hellip; <a class=\"more-link\" href=\"https:\/\/oncoalicia.com\/en\/side-effects-of-treatment\/\">Continue reading <span class=\"screen-reader-text\">Food and Side Effects of Cancer Treatment<\/span><\/a><\/p>\n","protected":false},"author":2,"featured_media":0,"parent":0,"menu_order":0,"comment_status":"closed","ping_status":"closed","template":"efectos-secundarios.php","meta":{"footnotes":""},"class_list":["post-3880","page","type-page","status-publish","hentry","entry"],"yoast_head":"<!-- This site is optimized with the Yoast SEO plugin v26.9 - https:\/\/yoast.com\/product\/yoast-seo-wordpress\/ -->\n<title>Nutrition and side effects during cancer treatment - Oncoalicia<\/title>\n<meta name=\"description\" content=\"We offer dietary and culinary strategies to help manage side effects during cancer treatment.\" \/>\n<meta name=\"robots\" content=\"index, follow, max-snippet:-1, max-image-preview:large, max-video-preview:-1\" \/>\n<link rel=\"canonical\" href=\"https:\/\/oncoalicia.com\/en\/side-effects-of-treatment\/\" \/>\n<meta property=\"og:locale\" content=\"en_US\" \/>\n<meta property=\"og:type\" content=\"article\" \/>\n<meta property=\"og:title\" content=\"Nutrition and side effects during cancer treatment - Oncoalicia\" \/>\n<meta property=\"og:description\" content=\"We offer dietary and culinary strategies to help manage side effects during cancer treatment.\" \/>\n<meta property=\"og:url\" content=\"https:\/\/oncoalicia.com\/en\/side-effects-of-treatment\/\" \/>\n<meta property=\"og:site_name\" content=\"Oncoalicia\" \/>\n<meta property=\"article:modified_time\" content=\"2025-07-04T08:03:40+00:00\" \/>\n<meta property=\"og:image\" content=\"https:\/\/oncoalicia.com\/wp-content\/uploads\/2021\/12\/Asset-3.png\" \/>\n\t<meta property=\"og:image:width\" content=\"300\" \/>\n\t<meta property=\"og:image:height\" content=\"300\" \/>\n\t<meta property=\"og:image:type\" content=\"image\/png\" \/>\n<meta name=\"twitter:card\" content=\"summary_large_image\" \/>\n<meta name=\"twitter:label1\" content=\"Est. reading time\" \/>\n\t<meta name=\"twitter:data1\" content=\"1 minute\" \/>\n<script type=\"application\/ld+json\" class=\"yoast-schema-graph\">{\"@context\":\"https:\/\/schema.org\",\"@graph\":[{\"@type\":\"WebPage\",\"@id\":\"https:\/\/oncoalicia.com\/en\/side-effects-of-treatment\/\",\"url\":\"https:\/\/oncoalicia.com\/en\/side-effects-of-treatment\/\",\"name\":\"Nutrition and side effects during cancer treatment - Oncoalicia\",\"isPartOf\":{\"@id\":\"https:\/\/oncoalicia.com\/en\/#website\"},\"datePublished\":\"2021-12-12T14:31:53+00:00\",\"dateModified\":\"2025-07-04T08:03:40+00:00\",\"description\":\"We offer dietary and culinary strategies to help manage side effects during cancer treatment.\",\"breadcrumb\":{\"@id\":\"https:\/\/oncoalicia.com\/en\/side-effects-of-treatment\/#breadcrumb\"},\"inLanguage\":\"en-US\",\"potentialAction\":[{\"@type\":\"ReadAction\",\"target\":[\"https:\/\/oncoalicia.com\/en\/side-effects-of-treatment\/\"]}]},{\"@type\":\"BreadcrumbList\",\"@id\":\"https:\/\/oncoalicia.com\/en\/side-effects-of-treatment\/#breadcrumb\",\"itemListElement\":[{\"@type\":\"ListItem\",\"position\":1,\"name\":\"Portada\",\"item\":\"https:\/\/oncoalicia.com\/en\/\"},{\"@type\":\"ListItem\",\"position\":2,\"name\":\"Food and Side Effects of Cancer Treatment\"}]},{\"@type\":\"WebSite\",\"@id\":\"https:\/\/oncoalicia.com\/en\/#website\",\"url\":\"https:\/\/oncoalicia.com\/en\/\",\"name\":\"Oncoal\u00edcia\",\"description\":\"Comer durante el Tratamiento del C\u00e1ncer\",\"publisher\":{\"@id\":\"https:\/\/oncoalicia.com\/en\/#organization\"},\"alternateName\":\"Oncoal\u00edcia | Comer durante el Tratamiento del C\u00e1ncer\",\"potentialAction\":[{\"@type\":\"SearchAction\",\"target\":{\"@type\":\"EntryPoint\",\"urlTemplate\":\"https:\/\/oncoalicia.com\/en\/?s={search_term_string}\"},\"query-input\":{\"@type\":\"PropertyValueSpecification\",\"valueRequired\":true,\"valueName\":\"search_term_string\"}}],\"inLanguage\":\"en-US\"},{\"@type\":\"Organization\",\"@id\":\"https:\/\/oncoalicia.com\/en\/#organization\",\"name\":\"Oncoal\u00edcia\",\"alternateName\":\"Oncoal\u00edcia | Comer durante el Tratamiento del C\u00e1ncer\",\"url\":\"https:\/\/oncoalicia.com\/en\/\",\"logo\":{\"@type\":\"ImageObject\",\"inLanguage\":\"en-US\",\"@id\":\"https:\/\/oncoalicia.com\/en\/#\/schema\/logo\/image\/\",\"url\":\"https:\/\/oncoalicia.com\/wp-content\/uploads\/2022\/11\/logo_rrss.png\",\"contentUrl\":\"https:\/\/oncoalicia.com\/wp-content\/uploads\/2022\/11\/logo_rrss.png\",\"width\":300,\"height\":300,\"caption\":\"Oncoal\u00edcia\"},\"image\":{\"@id\":\"https:\/\/oncoalicia.com\/en\/#\/schema\/logo\/image\/\"}}]}<\/script>\n<!-- \/ Yoast SEO plugin. -->","yoast_head_json":{"title":"Nutrition and side effects during cancer treatment - Oncoalicia","description":"We offer dietary and culinary strategies to help manage side effects during cancer treatment.","robots":{"index":"index","follow":"follow","max-snippet":"max-snippet:-1","max-image-preview":"max-image-preview:large","max-video-preview":"max-video-preview:-1"},"canonical":"https:\/\/oncoalicia.com\/en\/side-effects-of-treatment\/","og_locale":"en_US","og_type":"article","og_title":"Nutrition and side effects during cancer treatment - Oncoalicia","og_description":"We offer dietary and culinary strategies to help manage side effects during cancer treatment.","og_url":"https:\/\/oncoalicia.com\/en\/side-effects-of-treatment\/","og_site_name":"Oncoalicia","article_modified_time":"2025-07-04T08:03:40+00:00","og_image":[{"width":300,"height":300,"url":"https:\/\/oncoalicia.com\/wp-content\/uploads\/2021\/12\/Asset-3.png","type":"image\/png"}],"twitter_card":"summary_large_image","twitter_misc":{"Est. reading time":"1 minute"},"schema":{"@context":"https:\/\/schema.org","@graph":[{"@type":"WebPage","@id":"https:\/\/oncoalicia.com\/en\/side-effects-of-treatment\/","url":"https:\/\/oncoalicia.com\/en\/side-effects-of-treatment\/","name":"Nutrition and side effects during cancer treatment - Oncoalicia","isPartOf":{"@id":"https:\/\/oncoalicia.com\/en\/#website"},"datePublished":"2021-12-12T14:31:53+00:00","dateModified":"2025-07-04T08:03:40+00:00","description":"We offer dietary and culinary strategies to help manage side effects during cancer treatment.","breadcrumb":{"@id":"https:\/\/oncoalicia.com\/en\/side-effects-of-treatment\/#breadcrumb"},"inLanguage":"en-US","potentialAction":[{"@type":"ReadAction","target":["https:\/\/oncoalicia.com\/en\/side-effects-of-treatment\/"]}]},{"@type":"BreadcrumbList","@id":"https:\/\/oncoalicia.com\/en\/side-effects-of-treatment\/#breadcrumb","itemListElement":[{"@type":"ListItem","position":1,"name":"Portada","item":"https:\/\/oncoalicia.com\/en\/"},{"@type":"ListItem","position":2,"name":"Food and Side Effects of Cancer Treatment"}]},{"@type":"WebSite","@id":"https:\/\/oncoalicia.com\/en\/#website","url":"https:\/\/oncoalicia.com\/en\/","name":"Oncoal\u00edcia","description":"Comer durante el Tratamiento del C\u00e1ncer","publisher":{"@id":"https:\/\/oncoalicia.com\/en\/#organization"},"alternateName":"Oncoal\u00edcia | Comer durante el Tratamiento del C\u00e1ncer","potentialAction":[{"@type":"SearchAction","target":{"@type":"EntryPoint","urlTemplate":"https:\/\/oncoalicia.com\/en\/?s={search_term_string}"},"query-input":{"@type":"PropertyValueSpecification","valueRequired":true,"valueName":"search_term_string"}}],"inLanguage":"en-US"},{"@type":"Organization","@id":"https:\/\/oncoalicia.com\/en\/#organization","name":"Oncoal\u00edcia","alternateName":"Oncoal\u00edcia | Comer durante el Tratamiento del C\u00e1ncer","url":"https:\/\/oncoalicia.com\/en\/","logo":{"@type":"ImageObject","inLanguage":"en-US","@id":"https:\/\/oncoalicia.com\/en\/#\/schema\/logo\/image\/","url":"https:\/\/oncoalicia.com\/wp-content\/uploads\/2022\/11\/logo_rrss.png","contentUrl":"https:\/\/oncoalicia.com\/wp-content\/uploads\/2022\/11\/logo_rrss.png","width":300,"height":300,"caption":"Oncoal\u00edcia"},"image":{"@id":"https:\/\/oncoalicia.com\/en\/#\/schema\/logo\/image\/"}}]}},"_links":{"self":[{"href":"https:\/\/oncoalicia.com\/en\/wp-json\/wp\/v2\/pages\/3880","targetHints":{"allow":["GET"]}}],"collection":[{"href":"https:\/\/oncoalicia.com\/en\/wp-json\/wp\/v2\/pages"}],"about":[{"href":"https:\/\/oncoalicia.com\/en\/wp-json\/wp\/v2\/types\/page"}],"author":[{"embeddable":true,"href":"https:\/\/oncoalicia.com\/en\/wp-json\/wp\/v2\/users\/2"}],"replies":[{"embeddable":true,"href":"https:\/\/oncoalicia.com\/en\/wp-json\/wp\/v2\/comments?post=3880"}],"version-history":[{"count":0,"href":"https:\/\/oncoalicia.com\/en\/wp-json\/wp\/v2\/pages\/3880\/revisions"}],"wp:attachment":[{"href":"https:\/\/oncoalicia.com\/en\/wp-json\/wp\/v2\/media?parent=3880"}],"curies":[{"name":"wp","href":"https:\/\/api.w.org\/{rel}","templated":true}]}}