{"id":3891,"date":"2021-12-30T00:46:20","date_gmt":"2021-12-30T00:46:20","guid":{"rendered":"https:\/\/www.oncoalicia.com\/nutrition-during-lung-cancer-treatment\/"},"modified":"2025-07-04T08:51:12","modified_gmt":"2025-07-04T08:51:12","slug":"lung","status":"publish","type":"page","link":"https:\/\/oncoalicia.com\/en\/types-of-cancer\/lung\/","title":{"rendered":"Food and Nutrition During Lung Cancer Treatment"},"content":{"rendered":"<div class=\"row\">\n<div class=\"col-md-12 subtitle-mitos text-left\">\n<table>\n<tbody>\n<tr style=\"border: none!important;\">\n<td class=\"full-width\">\n<p><b>Lung cancer<\/b> encompasses all tumors that affect the cells that line the airways and lung tissues. There are several types of lung cancer, which are classified based on the location and type of lung tissue cell it affects.<\/p>\n<p>The treatment for this type of cancer will depend on many factors, such as the size and exact location of the tumor, the spread or the general condition of the patient. Therefore, the side effects of the treatments can vary and affect in different degrees and intensity. The tumor itself or the surgery can cause a limitation in the respiratory capacity of the lung and, as a result, tiredness when eating. In addition, the lung is close to the esophagus (an organ involved in the transport of food), which can also be damaged. Because of all this, there may be difficulty in feeding from the start of treatment or during it, and this may compromise the patient&#8217;s nutritional status.<\/td>\n<td class=\"full-width espaciado\" style=\"text-align:center;\" valign=\"top\"><img decoding=\"async\" class=\"alignnone wp-image-1653\" style=\"margin-top: 15px;\" src=\"http:\/\/oncoalicia.com\/wp-content\/uploads\/2023\/02\/pulmon_en.jpg\" alt=\"\" width=\"300\" height=\"auto\"><\/td>\n<\/tr>\n<\/tbody>\n<\/table>\n<p>Food priorities during lung cancer treatment will be to ensure an adequate nutritional status, which helps to decrease side effects and complications. To this end, apart from following the &#8221; <strong><a href=\"https:\/\/oncoalicia.com\/en\/general-recommendations\/\">General recommendations on nutrition during cancer treatment<\/a> &#8220;<\/strong> , in lung cancer it is necessary to reinforce and consider:<\/p>\n<\/div><\/div>\n<div class=\"row\">\n<div class=\"col-md-12 orange-box\">\n<ul>\n<li><b>Distribute food in different intakes throughout the day.<\/b> Make five complete meals and incorporate all the food groups. If tiredness appears when eating, it is also recommended to increase the number of meals to seven or eight, even dividing the contents of lunch or dinner into two meals. A full day&#8217;s worth of food can be divided into several smaller, high-nutrition-dense meals.<\/li>\n<li><b>Adapt the texture of food and the viscosity of liquids.<\/b> When discomfort or pain appears when swallowing, provision must be made for modifying the texture of food and\/or liquids to prevent a decrease in intake and make swallowing safe. The texture of the food will have to be adapted according to the needs, and simple modifications or even grinding the preparations can be enough.<\/li>\n<li><b>Check if there is any food-drug interaction.<\/b> Possible interactions with plants and herbs, such as St. John&#8217;s wort, have been described in this type of cancer. with foods such as grapefruit and grapefruit juice, and also with nutrients from certain foods and supplements, such as folic acid and vitamin B12. These interactions may or may not occur depending on the prescribed treatment, so it is necessary to always consult the specialist in each specific case.<\/li>\n<li><b>Adapt the diet according to the side effects and symptoms that may appear<\/b> based on the following dietary and culinary recommendations for each of these.<\/li>\n<\/ul><\/div>\n<\/p><\/div>\n<\/p><\/div>\n<\/section>\n<section class=\"mt-30\">\n<div class=\"container\">\n<div class=\"row\">\n<div class=\"col-md-12 txt-2 text-center\">\n Side effects and most frequent symptoms\n            <\/div>\n<\/p><\/div>\n<div class=\"col-md-12\">\n<div class=\"row space-efect\">\n<div class=\"col-md-3\">\n                    <a style=\"text-decoration: none;\" href=\"http:\/\/oncoalicia.com\/en\/types-of-cancer\/lung\/loss-of-appetite\/\"><\/p>\n<div class=\"cuadro-efecto text-center\">\n<div class=\"txt-efect\">Loss of appetite\n                            <\/div>\n<div class=\"flecha\">\n                                <i class=\"fa fa-chevron-right\" aria-hidden=\"true\"><\/i>\n                            <\/div>\n<\/p><\/div>\n<p>                    <\/a>\n                <\/div>\n<div class=\"col-md-3\">\n                    <a style=\"text-decoration: none;\" href=\"http:\/\/oncoalicia.com\/en\/types-of-cancer\/lung\/nausea-and-vomiting\/\"><\/p>\n<div class=\"cuadro-efecto text-center\">\n<div class=\"txt-efect\">Nausea and vomiting\n                            <\/div>\n<div class=\"flecha\">\n                                <i class=\"fa fa-chevron-right\" aria-hidden=\"true\"><\/i>\n                            <\/div>\n<\/p><\/div>\n<p>                    <\/a>\n                <\/div>\n<div class=\"col-md-3\">\n                    <a style=\"text-decoration: none;\" href=\"http:\/\/oncoalicia.com\/en\/types-of-cancer\/lung\/pain-on-swallowing\/\"><\/p>\n<div class=\"cuadro-efecto text-center\">\n<div class=\"txt-efect\">Pain on swallowing\n                            <\/div>\n<div class=\"flecha\">\n                                <i class=\"fa fa-chevron-right\" aria-hidden=\"true\"><\/i>\n                            <\/div>\n<\/p><\/div>\n<p>                    <\/a>\n                <\/div>\n<div class=\"col-md-3\">\n                    <a style=\"text-decoration: none;\" href=\"http:\/\/oncoalicia.com\/en\/types-of-cancer\/lung\/change-in-taste\/\"><\/p>\n<div class=\"cuadro-efecto text-center\">\n<div class=\"txt-efect\">Alteration of taste\n                            <\/div>\n<div class=\"flecha\">\n                                <i class=\"fa fa-chevron-right\" aria-hidden=\"true\"><\/i>\n                            <\/div>\n<\/p><\/div>\n<p>                    <\/a>\n                <\/div>\n<\/p><\/div>\n<div class=\"row space-efect\">\n<div class=\"col-md-3\">\n                    <a style=\"text-decoration: none;\" href=\"http:\/\/oncoalicia.com\/en\/types-of-cancer\/lung\/difficulty-swallowing\/\"><\/p>\n<div class=\"cuadro-efecto text-center\">\n<div class=\"txt-efect\">Difficulty swallowing\n                            <\/div>\n<div class=\"flecha\">\n                                <i class=\"fa fa-chevron-right\" aria-hidden=\"true\"><\/i>\n                            <\/div>\n<\/p><\/div>\n<p>                    <\/a>\n                <\/div>\n<div class=\"col-md-3\">\n                    <a style=\"text-decoration: none;\" href=\"http:\/\/oncoalicia.com\/en\/types-of-cancer\/lung\/heartburn\/\"><\/p>\n<div class=\"cuadro-efecto text-center\">\n<div class=\"txt-efect\">Heartburn\n                            <\/div>\n<div class=\"flecha\">\n                                <i class=\"fa fa-chevron-right\" aria-hidden=\"true\"><\/i>\n                            <\/div>\n<\/p><\/div>\n<p>                    <\/a>\n                <\/div>\n<div class=\"col-md-3\">\n                    <a style=\"text-decoration: none;\" href=\"http:\/\/oncoalicia.com\/en\/types-of-cancer\/lung\/constipation\/\"><\/p>\n<div class=\"cuadro-efecto text-center\">\n<div class=\"txt-efect\">Constipation\n                            <\/div>\n<div class=\"flecha\">\n                                <i class=\"fa fa-chevron-right\" aria-hidden=\"true\"><\/i>\n                            <\/div>\n<\/p><\/div>\n<p>                    <\/a>\n                <\/div>\n<div class=\"col-md-3\">\n                <\/div>\n<\/p><\/div>\n<\/p><\/div>\n<\/p><\/div>\n<\/section>\n<section class=\"descarga\">\n<div class=\"container\">\n<div class=\"row\">\n<div class=\"col-md-12 text-center\">\n            <img decoding=\"async\" class=\"img-fluid\" src=\"http:\/\/oncoalicia.com\/wp-content\/uploads\/2023\/01\/Guies_alicia_6.jpg\" width=\"200\" height=\"auto\">\n        <\/div>\n<div class=\"col-md-12 text-center\">\n            <a class=\"guia-dw\" target=\"_blank\" href=\"http:\/\/oncoalicia.com\/wp-content\/uploads\/2023\/01\/6.Guies_alicia_6_CAT.pdf\" rel=\"noopener\">Download the full guide <i class=\"fa fa-arrow-down\" aria-hidden=\"true\"><\/i><br \/>\n            <\/a>\n        <\/div>\n<\/p><\/div>\n<\/p><\/div>\n<\/section>\n","protected":false},"excerpt":{"rendered":"<p>Lung cancer encompasses all tumors that affect the cells that line the airways and lung tissues. There are several types of lung cancer, which are classified based on the location and type of lung tissue cell it affects. The treatment for this type of cancer will depend on many factors, such as the size and&hellip; <a class=\"more-link\" href=\"https:\/\/oncoalicia.com\/en\/types-of-cancer\/lung\/\">Continue reading <span class=\"screen-reader-text\">Food and Nutrition During Lung Cancer Treatment<\/span><\/a><\/p>\n","protected":false},"author":2,"featured_media":0,"parent":3919,"menu_order":0,"comment_status":"closed","ping_status":"closed","template":"pulmon.php","meta":{"footnotes":""},"class_list":["post-3891","page","type-page","status-publish","hentry","entry"],"yoast_head":"<!-- This site is optimized with the Yoast SEO plugin v26.9 - https:\/\/yoast.com\/product\/yoast-seo-wordpress\/ -->\n<title>Nutrition for lung cancer patients - Oncoalicia<\/title>\n<meta name=\"description\" content=\"Here are several dietary recommendations for people undergoing lung cancer treatment.\" \/>\n<meta name=\"robots\" content=\"index, follow, max-snippet:-1, max-image-preview:large, max-video-preview:-1\" \/>\n<link rel=\"canonical\" href=\"https:\/\/oncoalicia.com\/en\/types-of-cancer\/lung\/\" \/>\n<meta property=\"og:locale\" content=\"en_US\" \/>\n<meta property=\"og:type\" content=\"article\" \/>\n<meta property=\"og:title\" content=\"Nutrition for lung cancer patients - Oncoalicia\" \/>\n<meta property=\"og:description\" content=\"Here are several dietary recommendations for people undergoing lung cancer treatment.\" \/>\n<meta property=\"og:url\" content=\"https:\/\/oncoalicia.com\/en\/types-of-cancer\/lung\/\" \/>\n<meta property=\"og:site_name\" content=\"Oncoalicia\" \/>\n<meta property=\"article:modified_time\" content=\"2025-07-04T08:51:12+00:00\" \/>\n<meta property=\"og:image\" content=\"https:\/\/oncoalicia.com\/wp-content\/uploads\/2022\/06\/pulmon-300x262-1.jpg\" \/>\n\t<meta property=\"og:image:width\" content=\"300\" \/>\n\t<meta property=\"og:image:height\" content=\"262\" \/>\n\t<meta property=\"og:image:type\" content=\"image\/jpeg\" \/>\n<meta name=\"twitter:card\" content=\"summary_large_image\" \/>\n<meta name=\"twitter:label1\" content=\"Est. reading time\" \/>\n\t<meta name=\"twitter:data1\" content=\"3 minutes\" \/>\n<script type=\"application\/ld+json\" class=\"yoast-schema-graph\">{\"@context\":\"https:\/\/schema.org\",\"@graph\":[{\"@type\":\"WebPage\",\"@id\":\"https:\/\/oncoalicia.com\/en\/types-of-cancer\/lung\/\",\"url\":\"https:\/\/oncoalicia.com\/en\/types-of-cancer\/lung\/\",\"name\":\"Nutrition for lung cancer patients - Oncoalicia\",\"isPartOf\":{\"@id\":\"https:\/\/oncoalicia.com\/en\/#website\"},\"primaryImageOfPage\":{\"@id\":\"https:\/\/oncoalicia.com\/en\/types-of-cancer\/lung\/#primaryimage\"},\"image\":{\"@id\":\"https:\/\/oncoalicia.com\/en\/types-of-cancer\/lung\/#primaryimage\"},\"thumbnailUrl\":\"http:\/\/oncoalicia.com\/wp-content\/uploads\/2023\/02\/pulmon_en.jpg\",\"datePublished\":\"2021-12-30T00:46:20+00:00\",\"dateModified\":\"2025-07-04T08:51:12+00:00\",\"description\":\"Here are several dietary recommendations for people undergoing lung cancer treatment.\",\"breadcrumb\":{\"@id\":\"https:\/\/oncoalicia.com\/en\/types-of-cancer\/lung\/#breadcrumb\"},\"inLanguage\":\"en-US\",\"potentialAction\":[{\"@type\":\"ReadAction\",\"target\":[\"https:\/\/oncoalicia.com\/en\/types-of-cancer\/lung\/\"]}]},{\"@type\":\"ImageObject\",\"inLanguage\":\"en-US\",\"@id\":\"https:\/\/oncoalicia.com\/en\/types-of-cancer\/lung\/#primaryimage\",\"url\":\"http:\/\/oncoalicia.com\/wp-content\/uploads\/2023\/02\/pulmon_en.jpg\",\"contentUrl\":\"http:\/\/oncoalicia.com\/wp-content\/uploads\/2023\/02\/pulmon_en.jpg\"},{\"@type\":\"BreadcrumbList\",\"@id\":\"https:\/\/oncoalicia.com\/en\/types-of-cancer\/lung\/#breadcrumb\",\"itemListElement\":[{\"@type\":\"ListItem\",\"position\":1,\"name\":\"Portada\",\"item\":\"https:\/\/oncoalicia.com\/en\/\"},{\"@type\":\"ListItem\",\"position\":2,\"name\":\"Types of Cancer\",\"item\":\"https:\/\/oncoalicia.com\/en\/types-of-cancer\/\"},{\"@type\":\"ListItem\",\"position\":3,\"name\":\"Food and Nutrition During Lung Cancer Treatment\"}]},{\"@type\":\"WebSite\",\"@id\":\"https:\/\/oncoalicia.com\/en\/#website\",\"url\":\"https:\/\/oncoalicia.com\/en\/\",\"name\":\"Oncoal\u00edcia\",\"description\":\"Comer durante el Tratamiento del C\u00e1ncer\",\"publisher\":{\"@id\":\"https:\/\/oncoalicia.com\/en\/#organization\"},\"alternateName\":\"Oncoal\u00edcia | Comer durante el Tratamiento del C\u00e1ncer\",\"potentialAction\":[{\"@type\":\"SearchAction\",\"target\":{\"@type\":\"EntryPoint\",\"urlTemplate\":\"https:\/\/oncoalicia.com\/en\/?s={search_term_string}\"},\"query-input\":{\"@type\":\"PropertyValueSpecification\",\"valueRequired\":true,\"valueName\":\"search_term_string\"}}],\"inLanguage\":\"en-US\"},{\"@type\":\"Organization\",\"@id\":\"https:\/\/oncoalicia.com\/en\/#organization\",\"name\":\"Oncoal\u00edcia\",\"alternateName\":\"Oncoal\u00edcia | Comer durante el Tratamiento del C\u00e1ncer\",\"url\":\"https:\/\/oncoalicia.com\/en\/\",\"logo\":{\"@type\":\"ImageObject\",\"inLanguage\":\"en-US\",\"@id\":\"https:\/\/oncoalicia.com\/en\/#\/schema\/logo\/image\/\",\"url\":\"https:\/\/oncoalicia.com\/wp-content\/uploads\/2022\/11\/logo_rrss.png\",\"contentUrl\":\"https:\/\/oncoalicia.com\/wp-content\/uploads\/2022\/11\/logo_rrss.png\",\"width\":300,\"height\":300,\"caption\":\"Oncoal\u00edcia\"},\"image\":{\"@id\":\"https:\/\/oncoalicia.com\/en\/#\/schema\/logo\/image\/\"}}]}<\/script>\n<!-- \/ Yoast SEO plugin. -->","yoast_head_json":{"title":"Nutrition for lung cancer patients - Oncoalicia","description":"Here are several dietary recommendations for people undergoing lung cancer treatment.","robots":{"index":"index","follow":"follow","max-snippet":"max-snippet:-1","max-image-preview":"max-image-preview:large","max-video-preview":"max-video-preview:-1"},"canonical":"https:\/\/oncoalicia.com\/en\/types-of-cancer\/lung\/","og_locale":"en_US","og_type":"article","og_title":"Nutrition for lung cancer patients - Oncoalicia","og_description":"Here are several dietary recommendations for people undergoing lung cancer treatment.","og_url":"https:\/\/oncoalicia.com\/en\/types-of-cancer\/lung\/","og_site_name":"Oncoalicia","article_modified_time":"2025-07-04T08:51:12+00:00","og_image":[{"width":300,"height":262,"url":"https:\/\/oncoalicia.com\/wp-content\/uploads\/2022\/06\/pulmon-300x262-1.jpg","type":"image\/jpeg"}],"twitter_card":"summary_large_image","twitter_misc":{"Est. reading time":"3 minutes"},"schema":{"@context":"https:\/\/schema.org","@graph":[{"@type":"WebPage","@id":"https:\/\/oncoalicia.com\/en\/types-of-cancer\/lung\/","url":"https:\/\/oncoalicia.com\/en\/types-of-cancer\/lung\/","name":"Nutrition for lung cancer patients - Oncoalicia","isPartOf":{"@id":"https:\/\/oncoalicia.com\/en\/#website"},"primaryImageOfPage":{"@id":"https:\/\/oncoalicia.com\/en\/types-of-cancer\/lung\/#primaryimage"},"image":{"@id":"https:\/\/oncoalicia.com\/en\/types-of-cancer\/lung\/#primaryimage"},"thumbnailUrl":"http:\/\/oncoalicia.com\/wp-content\/uploads\/2023\/02\/pulmon_en.jpg","datePublished":"2021-12-30T00:46:20+00:00","dateModified":"2025-07-04T08:51:12+00:00","description":"Here are several dietary recommendations for people undergoing lung cancer treatment.","breadcrumb":{"@id":"https:\/\/oncoalicia.com\/en\/types-of-cancer\/lung\/#breadcrumb"},"inLanguage":"en-US","potentialAction":[{"@type":"ReadAction","target":["https:\/\/oncoalicia.com\/en\/types-of-cancer\/lung\/"]}]},{"@type":"ImageObject","inLanguage":"en-US","@id":"https:\/\/oncoalicia.com\/en\/types-of-cancer\/lung\/#primaryimage","url":"http:\/\/oncoalicia.com\/wp-content\/uploads\/2023\/02\/pulmon_en.jpg","contentUrl":"http:\/\/oncoalicia.com\/wp-content\/uploads\/2023\/02\/pulmon_en.jpg"},{"@type":"BreadcrumbList","@id":"https:\/\/oncoalicia.com\/en\/types-of-cancer\/lung\/#breadcrumb","itemListElement":[{"@type":"ListItem","position":1,"name":"Portada","item":"https:\/\/oncoalicia.com\/en\/"},{"@type":"ListItem","position":2,"name":"Types of Cancer","item":"https:\/\/oncoalicia.com\/en\/types-of-cancer\/"},{"@type":"ListItem","position":3,"name":"Food and Nutrition During Lung Cancer Treatment"}]},{"@type":"WebSite","@id":"https:\/\/oncoalicia.com\/en\/#website","url":"https:\/\/oncoalicia.com\/en\/","name":"Oncoal\u00edcia","description":"Comer durante el Tratamiento del C\u00e1ncer","publisher":{"@id":"https:\/\/oncoalicia.com\/en\/#organization"},"alternateName":"Oncoal\u00edcia | Comer durante el Tratamiento del C\u00e1ncer","potentialAction":[{"@type":"SearchAction","target":{"@type":"EntryPoint","urlTemplate":"https:\/\/oncoalicia.com\/en\/?s={search_term_string}"},"query-input":{"@type":"PropertyValueSpecification","valueRequired":true,"valueName":"search_term_string"}}],"inLanguage":"en-US"},{"@type":"Organization","@id":"https:\/\/oncoalicia.com\/en\/#organization","name":"Oncoal\u00edcia","alternateName":"Oncoal\u00edcia | Comer durante el Tratamiento del C\u00e1ncer","url":"https:\/\/oncoalicia.com\/en\/","logo":{"@type":"ImageObject","inLanguage":"en-US","@id":"https:\/\/oncoalicia.com\/en\/#\/schema\/logo\/image\/","url":"https:\/\/oncoalicia.com\/wp-content\/uploads\/2022\/11\/logo_rrss.png","contentUrl":"https:\/\/oncoalicia.com\/wp-content\/uploads\/2022\/11\/logo_rrss.png","width":300,"height":300,"caption":"Oncoal\u00edcia"},"image":{"@id":"https:\/\/oncoalicia.com\/en\/#\/schema\/logo\/image\/"}}]}},"_links":{"self":[{"href":"https:\/\/oncoalicia.com\/en\/wp-json\/wp\/v2\/pages\/3891","targetHints":{"allow":["GET"]}}],"collection":[{"href":"https:\/\/oncoalicia.com\/en\/wp-json\/wp\/v2\/pages"}],"about":[{"href":"https:\/\/oncoalicia.com\/en\/wp-json\/wp\/v2\/types\/page"}],"author":[{"embeddable":true,"href":"https:\/\/oncoalicia.com\/en\/wp-json\/wp\/v2\/users\/2"}],"replies":[{"embeddable":true,"href":"https:\/\/oncoalicia.com\/en\/wp-json\/wp\/v2\/comments?post=3891"}],"version-history":[{"count":0,"href":"https:\/\/oncoalicia.com\/en\/wp-json\/wp\/v2\/pages\/3891\/revisions"}],"up":[{"embeddable":true,"href":"https:\/\/oncoalicia.com\/en\/wp-json\/wp\/v2\/pages\/3919"}],"wp:attachment":[{"href":"https:\/\/oncoalicia.com\/en\/wp-json\/wp\/v2\/media?parent=3891"}],"curies":[{"name":"wp","href":"https:\/\/api.w.org\/{rel}","templated":true}]}}