{"id":3919,"date":"2021-12-18T04:52:58","date_gmt":"2021-12-18T04:52:58","guid":{"rendered":"https:\/\/www.oncoalicia.com\/type-of-cancer\/"},"modified":"2025-07-04T08:13:41","modified_gmt":"2025-07-04T08:13:41","slug":"types-of-cancer","status":"publish","type":"page","link":"https:\/\/oncoalicia.com\/en\/types-of-cancer\/","title":{"rendered":"Types of Cancer"},"content":{"rendered":"<div class=\"row\">\n<div class=\"col-md-12 subtitle-mitos text-left\">\n<p>The latest scientific evidence affirms that the nutrition of people suffering from cancer should be a healthy and balanced diet, containing foods from all food groups, and in adequate quantity and frequency, the guidelines for which can be found in the section <a href=\"https:\/\/oncoalicia.com\/en\/general-recommendations\/\">\u201cGeneral recommendations on nutrition during cancer treatment\u201d.<\/a><\/p>\n<p>Although the basic recommendations may be similar, each type of tumour can affect nutrition differently and compromise it to a greater or lesser extent. This will depend on the location of the tumour, the symptoms and discomfort it causes, and the side effects and consequences of treatment. Additional information for some tumour types can be found here. We are continuously developing new information to complete and expand this section. If your tumour is not one of the following you can visit the side effects section to find out how to adapt the general recommendations on nutrition to the most common and frequent side effects of cancer treatment.<\/p>\n<\/div><\/div>\n<div class=\"row cancer-space\">\n<div class=\"col-md-12 text-center\">\n<div class=\"selector-cancer\" style=\"border-right:1px solid #FF6600\">\n                    <a href=\"http:\/\/oncoalicia.com\/en\/types-of-cancer\/breast\/\"><br \/>\n                        <img decoding=\"async\" class=\"img-fluid\" src=\"http:\/\/oncoalicia.com\/wp-content\/uploads\/2023\/01\/mama.png\" width=\"200\"><br \/>\n                        <span>BREAST CANCER <i class=\"fa fa-angle-right\" aria-hidden=\"true\"><\/i><\/span><br \/>\n                    <\/a>\n                <\/div>\n<div class=\"selector-cancer\" style=\"border-right:1px solid #FF6600\">\n                    <a href=\"\/en\/types-of-cancer\/head-and-neck\/\"><br \/>\n                        <img decoding=\"async\" class=\"img-fluid\" src=\"http:\/\/oncoalicia.com\/wp-content\/uploads\/2023\/01\/cabeza.png\" width=\"200\"><br \/>\n                        <span>HEAD AND NECK CANCER <i class=\"fa fa-angle-right\" aria-hidden=\"true\"><\/i><\/span><br \/>\n                    <\/a>\n                <\/div>\n<div class=\"selector-cancer\">\n                    <a href=\"\/en\/types-of-cancer\/colorectal\/\"><br \/>\n                        <img decoding=\"async\" class=\"img-fluid\" src=\"http:\/\/oncoalicia.com\/wp-content\/uploads\/2023\/01\/colon.png\" width=\"200\"><br \/>\n                        <span>COLORECTAL CANCER <i class=\"fa fa-angle-right\" aria-hidden=\"true\"><\/i><\/span><br \/>\n                    <\/a>\n                <\/div>\n<\/p><\/div>\n<div class=\"col-md-12 text-center\" style=\"margin-top:10px;\">\n<div class=\"selector-cancer\" style=\"border-right:1px solid #FF6600\">\n                    <a href=\"http:\/\/oncoalicia.com\/en\/types-of-cancer\/lung\/\"><br \/>\n                        <img decoding=\"async\" class=\"img-fluid\" src=\"http:\/\/oncoalicia.com\/wp-content\/uploads\/2023\/01\/pulmon.png\" width=\"200\"><br \/>\n                        <span>LUNG CANCER <i class=\"fa fa-angle-right\" aria-hidden=\"true\"><\/i><\/span><br \/>\n                    <\/a>\n                <\/div>\n<div class=\"selector-cancer\" style=\"border-right:1px solid #FF6600\">\n                    <a href=\"http:\/\/oncoalicia.com\/en\/types-of-cancer\/prostate\/\"><br \/>\n                        <img decoding=\"async\" class=\"img-fluid\" src=\"http:\/\/oncoalicia.com\/wp-content\/uploads\/2023\/01\/prostata.png\" width=\"200\"><br \/>\n                        <span>PROSTATE CANCER <i class=\"fa fa-angle-right\" aria-hidden=\"true\"><\/i><\/span><br \/>\n                    <\/a>\n                <\/div>\n<div class=\"selector-cancer\">\n                    <a href=\"https:\/\/oncoalicia.com\/en\/types-of-cancer\/gastric\/\"><br \/>\n                        <img decoding=\"async\" class=\"img-fluid\" src=\"https:\/\/oncoalicia.com\/wp-content\/uploads\/2024\/06\/Gastrico-02.png\" width=\"200\"><br \/>\n                        <span>Gastric <i class=\"fa fa-angle-right\" aria-hidden=\"true\"><\/i><\/span><br \/>\n                    <\/a>\n                <\/div>\n<\/div>\n<div class=\"col-md-12 text-center\" style=\"margin-top:10px;\">\n<div class=\"selector-cancer\">\n                    <a href=\"http:\/\/oncoalicia.com\/en\/types-of-cancer\/other-types-of-cancer\/\"><br \/>\n                        <img decoding=\"async\" class=\"img-fluid\" src=\"http:\/\/oncoalicia.com\/wp-content\/uploads\/2023\/01\/othercancer.png\" width=\"120\" style=\"padding-bottom: 30px;\"><br \/>\n                        <span style=\"color: #FF6600;\">OTHER TYPES OF CANCER <i class=\"fa fa-angle-right\" aria-hidden=\"true\"><\/i><\/span><br \/>\n                    <\/a>\n                <\/div>\n<\/div><\/div>\n<\/p><\/div>\n","protected":false},"excerpt":{"rendered":"<p>The latest scientific evidence affirms that the nutrition of people suffering from cancer should be a healthy and balanced diet, containing foods from all food groups, and in adequate quantity and frequency, the guidelines for which can be found in the section \u201cGeneral recommendations on nutrition during cancer treatment\u201d. Although the basic recommendations may be&hellip; <a class=\"more-link\" href=\"https:\/\/oncoalicia.com\/en\/types-of-cancer\/\">Continue reading <span class=\"screen-reader-text\">Types of Cancer<\/span><\/a><\/p>\n","protected":false},"author":2,"featured_media":0,"parent":0,"menu_order":0,"comment_status":"closed","ping_status":"closed","template":"Tiposdecancer.php","meta":{"footnotes":""},"class_list":["post-3919","page","type-page","status-publish","hentry","entry"],"yoast_head":"<!-- This site is optimized with the Yoast SEO plugin v26.9 - https:\/\/yoast.com\/product\/yoast-seo-wordpress\/ -->\n<title>Tips and nutrition recommendations by type of tumour - Oncoalicia<\/title>\n<meta name=\"description\" content=\"We offer nutritional and culinary advice tailored to different types of tumours and their side effects.\" \/>\n<meta name=\"robots\" content=\"index, follow, max-snippet:-1, max-image-preview:large, max-video-preview:-1\" \/>\n<link rel=\"canonical\" href=\"https:\/\/oncoalicia.com\/en\/types-of-cancer\/\" \/>\n<meta property=\"og:locale\" content=\"en_US\" \/>\n<meta property=\"og:type\" content=\"article\" \/>\n<meta property=\"og:title\" content=\"Tips and nutrition recommendations by type of tumour - Oncoalicia\" \/>\n<meta property=\"og:description\" content=\"We offer nutritional and culinary advice tailored to different types of tumours and their side effects.\" \/>\n<meta property=\"og:url\" content=\"https:\/\/oncoalicia.com\/en\/types-of-cancer\/\" \/>\n<meta property=\"og:site_name\" content=\"Oncoalicia\" \/>\n<meta property=\"article:modified_time\" content=\"2025-07-04T08:13:41+00:00\" \/>\n<meta property=\"og:image\" content=\"http:\/\/oncoalicia.com\/wp-content\/uploads\/2023\/01\/mama.png\" \/>\n<meta name=\"twitter:card\" content=\"summary_large_image\" \/>\n<meta name=\"twitter:label1\" content=\"Est. reading time\" \/>\n\t<meta name=\"twitter:data1\" content=\"3 minutes\" \/>\n<script type=\"application\/ld+json\" class=\"yoast-schema-graph\">{\"@context\":\"https:\/\/schema.org\",\"@graph\":[{\"@type\":\"WebPage\",\"@id\":\"https:\/\/oncoalicia.com\/en\/types-of-cancer\/\",\"url\":\"https:\/\/oncoalicia.com\/en\/types-of-cancer\/\",\"name\":\"Tips and nutrition recommendations by type of tumour - Oncoalicia\",\"isPartOf\":{\"@id\":\"https:\/\/oncoalicia.com\/en\/#website\"},\"primaryImageOfPage\":{\"@id\":\"https:\/\/oncoalicia.com\/en\/types-of-cancer\/#primaryimage\"},\"image\":{\"@id\":\"https:\/\/oncoalicia.com\/en\/types-of-cancer\/#primaryimage\"},\"thumbnailUrl\":\"http:\/\/oncoalicia.com\/wp-content\/uploads\/2023\/01\/mama.png\",\"datePublished\":\"2021-12-18T04:52:58+00:00\",\"dateModified\":\"2025-07-04T08:13:41+00:00\",\"description\":\"We offer nutritional and culinary advice tailored to different types of tumours and their side effects.\",\"breadcrumb\":{\"@id\":\"https:\/\/oncoalicia.com\/en\/types-of-cancer\/#breadcrumb\"},\"inLanguage\":\"en-US\",\"potentialAction\":[{\"@type\":\"ReadAction\",\"target\":[\"https:\/\/oncoalicia.com\/en\/types-of-cancer\/\"]}]},{\"@type\":\"ImageObject\",\"inLanguage\":\"en-US\",\"@id\":\"https:\/\/oncoalicia.com\/en\/types-of-cancer\/#primaryimage\",\"url\":\"http:\/\/oncoalicia.com\/wp-content\/uploads\/2023\/01\/mama.png\",\"contentUrl\":\"http:\/\/oncoalicia.com\/wp-content\/uploads\/2023\/01\/mama.png\"},{\"@type\":\"BreadcrumbList\",\"@id\":\"https:\/\/oncoalicia.com\/en\/types-of-cancer\/#breadcrumb\",\"itemListElement\":[{\"@type\":\"ListItem\",\"position\":1,\"name\":\"Portada\",\"item\":\"https:\/\/oncoalicia.com\/en\/\"},{\"@type\":\"ListItem\",\"position\":2,\"name\":\"Types of Cancer\"}]},{\"@type\":\"WebSite\",\"@id\":\"https:\/\/oncoalicia.com\/en\/#website\",\"url\":\"https:\/\/oncoalicia.com\/en\/\",\"name\":\"Oncoal\u00edcia\",\"description\":\"Comer durante el Tratamiento del C\u00e1ncer\",\"publisher\":{\"@id\":\"https:\/\/oncoalicia.com\/en\/#organization\"},\"alternateName\":\"Oncoal\u00edcia | Comer durante el Tratamiento del C\u00e1ncer\",\"potentialAction\":[{\"@type\":\"SearchAction\",\"target\":{\"@type\":\"EntryPoint\",\"urlTemplate\":\"https:\/\/oncoalicia.com\/en\/?s={search_term_string}\"},\"query-input\":{\"@type\":\"PropertyValueSpecification\",\"valueRequired\":true,\"valueName\":\"search_term_string\"}}],\"inLanguage\":\"en-US\"},{\"@type\":\"Organization\",\"@id\":\"https:\/\/oncoalicia.com\/en\/#organization\",\"name\":\"Oncoal\u00edcia\",\"alternateName\":\"Oncoal\u00edcia | Comer durante el Tratamiento del C\u00e1ncer\",\"url\":\"https:\/\/oncoalicia.com\/en\/\",\"logo\":{\"@type\":\"ImageObject\",\"inLanguage\":\"en-US\",\"@id\":\"https:\/\/oncoalicia.com\/en\/#\/schema\/logo\/image\/\",\"url\":\"https:\/\/oncoalicia.com\/wp-content\/uploads\/2022\/11\/logo_rrss.png\",\"contentUrl\":\"https:\/\/oncoalicia.com\/wp-content\/uploads\/2022\/11\/logo_rrss.png\",\"width\":300,\"height\":300,\"caption\":\"Oncoal\u00edcia\"},\"image\":{\"@id\":\"https:\/\/oncoalicia.com\/en\/#\/schema\/logo\/image\/\"}}]}<\/script>\n<!-- \/ Yoast SEO plugin. -->","yoast_head_json":{"title":"Tips and nutrition recommendations by type of tumour - Oncoalicia","description":"We offer nutritional and culinary advice tailored to different types of tumours and their side effects.","robots":{"index":"index","follow":"follow","max-snippet":"max-snippet:-1","max-image-preview":"max-image-preview:large","max-video-preview":"max-video-preview:-1"},"canonical":"https:\/\/oncoalicia.com\/en\/types-of-cancer\/","og_locale":"en_US","og_type":"article","og_title":"Tips and nutrition recommendations by type of tumour - Oncoalicia","og_description":"We offer nutritional and culinary advice tailored to different types of tumours and their side effects.","og_url":"https:\/\/oncoalicia.com\/en\/types-of-cancer\/","og_site_name":"Oncoalicia","article_modified_time":"2025-07-04T08:13:41+00:00","og_image":[{"url":"http:\/\/oncoalicia.com\/wp-content\/uploads\/2023\/01\/mama.png","type":"","width":"","height":""}],"twitter_card":"summary_large_image","twitter_misc":{"Est. reading time":"3 minutes"},"schema":{"@context":"https:\/\/schema.org","@graph":[{"@type":"WebPage","@id":"https:\/\/oncoalicia.com\/en\/types-of-cancer\/","url":"https:\/\/oncoalicia.com\/en\/types-of-cancer\/","name":"Tips and nutrition recommendations by type of tumour - Oncoalicia","isPartOf":{"@id":"https:\/\/oncoalicia.com\/en\/#website"},"primaryImageOfPage":{"@id":"https:\/\/oncoalicia.com\/en\/types-of-cancer\/#primaryimage"},"image":{"@id":"https:\/\/oncoalicia.com\/en\/types-of-cancer\/#primaryimage"},"thumbnailUrl":"http:\/\/oncoalicia.com\/wp-content\/uploads\/2023\/01\/mama.png","datePublished":"2021-12-18T04:52:58+00:00","dateModified":"2025-07-04T08:13:41+00:00","description":"We offer nutritional and culinary advice tailored to different types of tumours and their side effects.","breadcrumb":{"@id":"https:\/\/oncoalicia.com\/en\/types-of-cancer\/#breadcrumb"},"inLanguage":"en-US","potentialAction":[{"@type":"ReadAction","target":["https:\/\/oncoalicia.com\/en\/types-of-cancer\/"]}]},{"@type":"ImageObject","inLanguage":"en-US","@id":"https:\/\/oncoalicia.com\/en\/types-of-cancer\/#primaryimage","url":"http:\/\/oncoalicia.com\/wp-content\/uploads\/2023\/01\/mama.png","contentUrl":"http:\/\/oncoalicia.com\/wp-content\/uploads\/2023\/01\/mama.png"},{"@type":"BreadcrumbList","@id":"https:\/\/oncoalicia.com\/en\/types-of-cancer\/#breadcrumb","itemListElement":[{"@type":"ListItem","position":1,"name":"Portada","item":"https:\/\/oncoalicia.com\/en\/"},{"@type":"ListItem","position":2,"name":"Types of Cancer"}]},{"@type":"WebSite","@id":"https:\/\/oncoalicia.com\/en\/#website","url":"https:\/\/oncoalicia.com\/en\/","name":"Oncoal\u00edcia","description":"Comer durante el Tratamiento del C\u00e1ncer","publisher":{"@id":"https:\/\/oncoalicia.com\/en\/#organization"},"alternateName":"Oncoal\u00edcia | Comer durante el Tratamiento del C\u00e1ncer","potentialAction":[{"@type":"SearchAction","target":{"@type":"EntryPoint","urlTemplate":"https:\/\/oncoalicia.com\/en\/?s={search_term_string}"},"query-input":{"@type":"PropertyValueSpecification","valueRequired":true,"valueName":"search_term_string"}}],"inLanguage":"en-US"},{"@type":"Organization","@id":"https:\/\/oncoalicia.com\/en\/#organization","name":"Oncoal\u00edcia","alternateName":"Oncoal\u00edcia | Comer durante el Tratamiento del C\u00e1ncer","url":"https:\/\/oncoalicia.com\/en\/","logo":{"@type":"ImageObject","inLanguage":"en-US","@id":"https:\/\/oncoalicia.com\/en\/#\/schema\/logo\/image\/","url":"https:\/\/oncoalicia.com\/wp-content\/uploads\/2022\/11\/logo_rrss.png","contentUrl":"https:\/\/oncoalicia.com\/wp-content\/uploads\/2022\/11\/logo_rrss.png","width":300,"height":300,"caption":"Oncoal\u00edcia"},"image":{"@id":"https:\/\/oncoalicia.com\/en\/#\/schema\/logo\/image\/"}}]}},"_links":{"self":[{"href":"https:\/\/oncoalicia.com\/en\/wp-json\/wp\/v2\/pages\/3919","targetHints":{"allow":["GET"]}}],"collection":[{"href":"https:\/\/oncoalicia.com\/en\/wp-json\/wp\/v2\/pages"}],"about":[{"href":"https:\/\/oncoalicia.com\/en\/wp-json\/wp\/v2\/types\/page"}],"author":[{"embeddable":true,"href":"https:\/\/oncoalicia.com\/en\/wp-json\/wp\/v2\/users\/2"}],"replies":[{"embeddable":true,"href":"https:\/\/oncoalicia.com\/en\/wp-json\/wp\/v2\/comments?post=3919"}],"version-history":[{"count":0,"href":"https:\/\/oncoalicia.com\/en\/wp-json\/wp\/v2\/pages\/3919\/revisions"}],"wp:attachment":[{"href":"https:\/\/oncoalicia.com\/en\/wp-json\/wp\/v2\/media?parent=3919"}],"curies":[{"name":"wp","href":"https:\/\/api.w.org\/{rel}","templated":true}]}}