{"id":3923,"date":"2022-05-13T03:12:52","date_gmt":"2022-05-13T03:12:52","guid":{"rendered":"https:\/\/www.oncoalicia.com\/nutrition-during-the-treatment-of-colorectal-cancer\/alteration-of-taste\/decrease-or-disappearance-of-taste\/"},"modified":"2025-07-04T08:35:18","modified_gmt":"2025-07-04T08:35:18","slug":"decrease-or-loss-of-taste","status":"publish","type":"page","link":"https:\/\/oncoalicia.com\/en\/types-of-cancer\/colorectal\/alteration-of-taste\/decrease-or-loss-of-taste\/","title":{"rendered":"Dietary Recommendations for Loss of Taste in Colorrectal Cancer"},"content":{"rendered":"\n<div class=\"row\">\n<div class=\"col-md-12 subtitle-mitos\">\n<p>Hypogeusia and ageusia refer to the decrease and loss of the ability to detect food flavours.<\/p>\n<\/p><\/div>\n<\/p><\/div>\n<div class=\"row p-40 w-60\">\n<div class=\"col-md-12 text-center\">\n<h2 class=\"h3 recomanem-efectes-cancer\">WHAT DO WE RECOMMEND?<\/h2>\n<\/p><\/div>\n<div class=\"col-md-12 p-10 text-center\">\n<h3 class=\"btn-orange recomanacions-tipus-cancer\" style=\"font-weight: bold;\">Maintain good oral hygiene.<\/h3>\n<\/p><\/div>\n<div class=\"col-md-12 p-10 text-center\">\n<h3><a class=\"btn-orange recomanacions-tipus-cancer\" data-toggle=\"collapse\" href=\"#collapseExample-3\" role=\"button\" aria-expanded=\"false\" aria-controls=\"collapseExample\">Increase the seasoning of food with spices and\/or aromatic herbs. <i class=\"fa fa-angle-down\" aria-hidden=\"true\"><\/i><br \/>\n            <\/a><\/h3>\n<div class=\"collapse\" id=\"collapseExample-3\">\n<div class=\"card-body\">\n<div class=\"row\">\n<div class=\"col-md-12 descrip\">\n<p>Use mint, basil, oregano, thyme, bay leaf, fennel, garlic, citrus juices, salt (as long as it is not contraindicated) or flavour enhancers (stock cubes).<\/p>\n<\/p><\/div>\n<div class=\"col-md-12 text-center\">\n<div class=\"row\">\n<div class=\"col-md-12 recetas-sug\">\n                            <b>Some suggested recipes:<\/b>\n                          <\/div>\n<\/p><\/div>\n<div class=\"row\">\n<div class=\"col-md-4 col-sm-6 text-center recetitas\">\n                                <a href=\"\/en\/recipes\/curry-chicken-with-rice-and-apple\/\"><\/p>\n<div class=\"cuadro-receta-2 text-center\">\n                                        <img decoding=\"async\" src=\"http:\/\/oncoalicia.com\/wp-content\/uploads\/2022\/02\/Pollo-al-curri-con-arroz-y-manzana.jpg\" class=\"w-50\"><\/p>\n<div class=\"txt-mito\">Curry chicken with rice and apple\n                                        <\/div>\n<\/p><\/div>\n<p>                                <\/a>\n                            <\/div>\n<div class=\"col-md-4 col-sm-6 text-center recetitas\">\n                                <a href=\"\/en\/recipes\/tabbouleh\/\"><\/p>\n<div class=\"cuadro-receta-2 text-center\">\n                                        <img decoding=\"async\" src=\"http:\/\/oncoalicia.com\/wp-content\/uploads\/2021\/10\/Tabouleh.jpg\" class=\"w-50\"><\/p>\n<div class=\"txt-mito\">Tabbouleh\n                                        <\/div>\n<\/p><\/div>\n<p>                                <\/a>\n                            <\/div>\n<div class=\"col-md-4 col-sm-6 text-center recetitas\">\n                                <a href=\"\/en\/recipes\/pickled-mackerel-with-orange\/\"><\/p>\n<div class=\"cuadro-receta-2 text-center\">\n                                        <img decoding=\"async\" src=\"http:\/\/oncoalicia.com\/wp-content\/uploads\/2022\/03\/Escabeche-de-caballa-con-naranja-1568x2195.jpg\" class=\"w-50\"><\/p>\n<div class=\"txt-mito\">Pickled mackerel with orange\n                                        <\/div>\n<\/p><\/div>\n<p>                                <\/a>\n                            <\/div>\n<\/p><\/div>\n<\/p><\/div>\n<\/p><\/div>\n<\/p><\/div>\n<\/p><\/div>\n<\/p><\/div>\n<div class=\"col-md-12 p-10 text-center\">\n<h3 class=\"btn-orange recomanacions-tipus-cancer\" style=\"font-weight: bold;\">Choose strong flavours, such as matured cheese, and mix them with creams or vegetables to enhance their flavour.<\/h3>\n<\/p><\/div>\n<div class=\"col-md-12 p-10 text-center\">\n<h3><a class=\"btn-orange recomanacions-tipus-cancer\" data-toggle=\"collapse\" href=\"#collapseExample-7\" role=\"button\" aria-expanded=\"false\" aria-controls=\"collapseExample\">Chew slowly. <i class=\"fa fa-angle-down\" aria-hidden=\"true\"><\/i><br \/>\n            <\/a><\/h3>\n<div class=\"collapse\" id=\"collapseExample-7\">\n<div class=\"card-body\">\n<div class=\"row\">\n<div class=\"col-md-12 descrip\">\n<p>Helps to release flavours and increase saliva production.<\/p>\n<\/p><\/div>\n<\/p><\/div>\n<\/p><\/div>\n<\/p><\/div>\n<\/p><\/div>\n<div class=\"col-md-12 p-10 text-center\">\n<h3 class=\"btn-orange recomanacions-tipus-cancer\" style=\"font-weight: bold;\">Choose liquid or juicy foods to help the dissolution of flavours and their access to the taste buds.<\/h3>\n<\/p><\/div>\n<div class=\"col-md-12 p-10 text-center\">\n<h3><a class=\"btn-orange recomanacions-tipus-cancer\" data-toggle=\"collapse\" href=\"#collapseExample-ex\" role=\"button\" aria-expanded=\"false\" aria-controls=\"collapseExample\">Enhance dishes using different basic tastes. <i class=\"fa fa-angle-down\" aria-hidden=\"true\"><\/i><br \/>\n            <\/a><\/h3>\n<div class=\"collapse\" id=\"collapseExample-ex\">\n<div class=\"card-body\">\n<div class=\"row\">\n<div class=\"col-md-12 descrip\">\n<p>The perception of some tastes may become stronger or weaker than others during treatment. Check the degree of alteration in tastes (sour, bitter, sweet, salty, umami) and enhance dishes using the tastes that are better perceived. The following <a href=\"\/en\/recipes\/stoned-to-taste\/\">recipe<\/a> an be used as an example.<\/p>\n<\/p><\/div>\n<\/p><\/div>\n<\/p><\/div>\n<\/p><\/div>\n<\/p><\/div>\n<div class=\"col-md-12 p-10 text-center\">\n<h3 class=\"btn-orange recomanacions-tipus-cancer\" style=\"font-weight: bold;\">Try to detect if there are any foods or food groups with a higher taste impact.<\/h3>\n<\/p><\/div>\n<\/p><\/div>\n","protected":false},"excerpt":{"rendered":"<p>Hypogeusia and ageusia refer to the decrease and loss of the ability to detect food flavours. WHAT DO WE RECOMMEND? Maintain good oral hygiene. Increase the seasoning of food with spices and\/or aromatic herbs. Use mint, basil, oregano, thyme, bay leaf, fennel, garlic, citrus juices, salt (as long as it is not contraindicated) or flavour&hellip; <a class=\"more-link\" href=\"https:\/\/oncoalicia.com\/en\/types-of-cancer\/colorectal\/alteration-of-taste\/decrease-or-loss-of-taste\/\">Continue reading <span class=\"screen-reader-text\">Dietary Recommendations for Loss of Taste in Colorrectal Cancer<\/span><\/a><\/p>\n","protected":false},"author":2,"featured_media":0,"parent":3921,"menu_order":0,"comment_status":"closed","ping_status":"closed","template":"colon-disminucion-o-desaparicion-del-sabor.php","meta":{"footnotes":""},"class_list":["post-3923","page","type-page","status-publish","hentry","entry"],"yoast_head":"<!-- This site is optimized with the Yoast SEO plugin v26.9 - https:\/\/yoast.com\/product\/yoast-seo-wordpress\/ -->\n<title>Nutrition for colorectal cancer patients experiencing reduced taste - Oncoalicia<\/title>\n<meta name=\"description\" content=\"Find dietary recommendations for people with colorectal cancer who are experiencing reduced or lost sense of taste due to treatment.\" \/>\n<meta name=\"robots\" content=\"index, follow, max-snippet:-1, max-image-preview:large, max-video-preview:-1\" \/>\n<link rel=\"canonical\" href=\"https:\/\/oncoalicia.com\/en\/types-of-cancer\/colorectal\/alteration-of-taste\/decrease-or-loss-of-taste\/\" \/>\n<meta property=\"og:locale\" content=\"en_US\" \/>\n<meta property=\"og:type\" content=\"article\" \/>\n<meta property=\"og:title\" content=\"Nutrition for colorectal cancer patients experiencing reduced taste - Oncoalicia\" \/>\n<meta property=\"og:description\" content=\"Find dietary recommendations for people with colorectal cancer who are experiencing reduced or lost sense of taste due to treatment.\" \/>\n<meta property=\"og:url\" content=\"https:\/\/oncoalicia.com\/en\/types-of-cancer\/colorectal\/alteration-of-taste\/decrease-or-loss-of-taste\/\" \/>\n<meta property=\"og:site_name\" content=\"Oncoalicia\" \/>\n<meta property=\"article:modified_time\" content=\"2025-07-04T08:35:18+00:00\" \/>\n<meta property=\"og:image\" content=\"http:\/\/oncoalicia.com\/wp-content\/uploads\/2022\/02\/Pollo-al-curri-con-arroz-y-manzana.jpg\" \/>\n<meta name=\"twitter:card\" content=\"summary_large_image\" \/>\n<meta name=\"twitter:label1\" content=\"Est. reading time\" \/>\n\t<meta name=\"twitter:data1\" content=\"2 minutes\" \/>\n<script type=\"application\/ld+json\" class=\"yoast-schema-graph\">{\"@context\":\"https:\/\/schema.org\",\"@graph\":[{\"@type\":\"WebPage\",\"@id\":\"https:\/\/oncoalicia.com\/en\/types-of-cancer\/colorectal\/alteration-of-taste\/decrease-or-loss-of-taste\/\",\"url\":\"https:\/\/oncoalicia.com\/en\/types-of-cancer\/colorectal\/alteration-of-taste\/decrease-or-loss-of-taste\/\",\"name\":\"Nutrition for colorectal cancer patients experiencing reduced taste - Oncoalicia\",\"isPartOf\":{\"@id\":\"https:\/\/oncoalicia.com\/en\/#website\"},\"primaryImageOfPage\":{\"@id\":\"https:\/\/oncoalicia.com\/en\/types-of-cancer\/colorectal\/alteration-of-taste\/decrease-or-loss-of-taste\/#primaryimage\"},\"image\":{\"@id\":\"https:\/\/oncoalicia.com\/en\/types-of-cancer\/colorectal\/alteration-of-taste\/decrease-or-loss-of-taste\/#primaryimage\"},\"thumbnailUrl\":\"http:\/\/oncoalicia.com\/wp-content\/uploads\/2022\/02\/Pollo-al-curri-con-arroz-y-manzana.jpg\",\"datePublished\":\"2022-05-13T03:12:52+00:00\",\"dateModified\":\"2025-07-04T08:35:18+00:00\",\"description\":\"Find dietary recommendations for people with colorectal cancer who are experiencing reduced or lost sense of taste due to treatment.\",\"breadcrumb\":{\"@id\":\"https:\/\/oncoalicia.com\/en\/types-of-cancer\/colorectal\/alteration-of-taste\/decrease-or-loss-of-taste\/#breadcrumb\"},\"inLanguage\":\"en-US\",\"potentialAction\":[{\"@type\":\"ReadAction\",\"target\":[\"https:\/\/oncoalicia.com\/en\/types-of-cancer\/colorectal\/alteration-of-taste\/decrease-or-loss-of-taste\/\"]}]},{\"@type\":\"ImageObject\",\"inLanguage\":\"en-US\",\"@id\":\"https:\/\/oncoalicia.com\/en\/types-of-cancer\/colorectal\/alteration-of-taste\/decrease-or-loss-of-taste\/#primaryimage\",\"url\":\"http:\/\/oncoalicia.com\/wp-content\/uploads\/2022\/02\/Pollo-al-curri-con-arroz-y-manzana.jpg\",\"contentUrl\":\"http:\/\/oncoalicia.com\/wp-content\/uploads\/2022\/02\/Pollo-al-curri-con-arroz-y-manzana.jpg\"},{\"@type\":\"BreadcrumbList\",\"@id\":\"https:\/\/oncoalicia.com\/en\/types-of-cancer\/colorectal\/alteration-of-taste\/decrease-or-loss-of-taste\/#breadcrumb\",\"itemListElement\":[{\"@type\":\"ListItem\",\"position\":1,\"name\":\"Portada\",\"item\":\"https:\/\/oncoalicia.com\/en\/\"},{\"@type\":\"ListItem\",\"position\":2,\"name\":\"Types of Cancer\",\"item\":\"https:\/\/oncoalicia.com\/en\/types-of-cancer\/\"},{\"@type\":\"ListItem\",\"position\":3,\"name\":\"Food and Nutrition During Colorrectal Cancer Treatment\",\"item\":\"https:\/\/oncoalicia.com\/en\/types-of-cancer\/colorectal\/\"},{\"@type\":\"ListItem\",\"position\":4,\"name\":\"Dietary Recommendations for Alteration of Taste in Colorrectal Cancer\",\"item\":\"https:\/\/oncoalicia.com\/en\/types-of-cancer\/colorectal\/alteration-of-taste\/\"},{\"@type\":\"ListItem\",\"position\":5,\"name\":\"Dietary Recommendations for Loss of Taste in Colorrectal Cancer\"}]},{\"@type\":\"WebSite\",\"@id\":\"https:\/\/oncoalicia.com\/en\/#website\",\"url\":\"https:\/\/oncoalicia.com\/en\/\",\"name\":\"Oncoal\u00edcia\",\"description\":\"Comer durante el Tratamiento del C\u00e1ncer\",\"publisher\":{\"@id\":\"https:\/\/oncoalicia.com\/en\/#organization\"},\"alternateName\":\"Oncoal\u00edcia | Comer durante el Tratamiento del C\u00e1ncer\",\"potentialAction\":[{\"@type\":\"SearchAction\",\"target\":{\"@type\":\"EntryPoint\",\"urlTemplate\":\"https:\/\/oncoalicia.com\/en\/?s={search_term_string}\"},\"query-input\":{\"@type\":\"PropertyValueSpecification\",\"valueRequired\":true,\"valueName\":\"search_term_string\"}}],\"inLanguage\":\"en-US\"},{\"@type\":\"Organization\",\"@id\":\"https:\/\/oncoalicia.com\/en\/#organization\",\"name\":\"Oncoal\u00edcia\",\"alternateName\":\"Oncoal\u00edcia | Comer durante el Tratamiento del C\u00e1ncer\",\"url\":\"https:\/\/oncoalicia.com\/en\/\",\"logo\":{\"@type\":\"ImageObject\",\"inLanguage\":\"en-US\",\"@id\":\"https:\/\/oncoalicia.com\/en\/#\/schema\/logo\/image\/\",\"url\":\"https:\/\/oncoalicia.com\/wp-content\/uploads\/2022\/11\/logo_rrss.png\",\"contentUrl\":\"https:\/\/oncoalicia.com\/wp-content\/uploads\/2022\/11\/logo_rrss.png\",\"width\":300,\"height\":300,\"caption\":\"Oncoal\u00edcia\"},\"image\":{\"@id\":\"https:\/\/oncoalicia.com\/en\/#\/schema\/logo\/image\/\"}}]}<\/script>\n<!-- \/ Yoast SEO plugin. -->","yoast_head_json":{"title":"Nutrition for colorectal cancer patients experiencing reduced taste - Oncoalicia","description":"Find dietary recommendations for people with colorectal cancer who are experiencing reduced or lost sense of taste due to treatment.","robots":{"index":"index","follow":"follow","max-snippet":"max-snippet:-1","max-image-preview":"max-image-preview:large","max-video-preview":"max-video-preview:-1"},"canonical":"https:\/\/oncoalicia.com\/en\/types-of-cancer\/colorectal\/alteration-of-taste\/decrease-or-loss-of-taste\/","og_locale":"en_US","og_type":"article","og_title":"Nutrition for colorectal cancer patients experiencing reduced taste - Oncoalicia","og_description":"Find dietary recommendations for people with colorectal cancer who are experiencing reduced or lost sense of taste due to treatment.","og_url":"https:\/\/oncoalicia.com\/en\/types-of-cancer\/colorectal\/alteration-of-taste\/decrease-or-loss-of-taste\/","og_site_name":"Oncoalicia","article_modified_time":"2025-07-04T08:35:18+00:00","og_image":[{"url":"http:\/\/oncoalicia.com\/wp-content\/uploads\/2022\/02\/Pollo-al-curri-con-arroz-y-manzana.jpg","type":"","width":"","height":""}],"twitter_card":"summary_large_image","twitter_misc":{"Est. reading time":"2 minutes"},"schema":{"@context":"https:\/\/schema.org","@graph":[{"@type":"WebPage","@id":"https:\/\/oncoalicia.com\/en\/types-of-cancer\/colorectal\/alteration-of-taste\/decrease-or-loss-of-taste\/","url":"https:\/\/oncoalicia.com\/en\/types-of-cancer\/colorectal\/alteration-of-taste\/decrease-or-loss-of-taste\/","name":"Nutrition for colorectal cancer patients experiencing reduced taste - Oncoalicia","isPartOf":{"@id":"https:\/\/oncoalicia.com\/en\/#website"},"primaryImageOfPage":{"@id":"https:\/\/oncoalicia.com\/en\/types-of-cancer\/colorectal\/alteration-of-taste\/decrease-or-loss-of-taste\/#primaryimage"},"image":{"@id":"https:\/\/oncoalicia.com\/en\/types-of-cancer\/colorectal\/alteration-of-taste\/decrease-or-loss-of-taste\/#primaryimage"},"thumbnailUrl":"http:\/\/oncoalicia.com\/wp-content\/uploads\/2022\/02\/Pollo-al-curri-con-arroz-y-manzana.jpg","datePublished":"2022-05-13T03:12:52+00:00","dateModified":"2025-07-04T08:35:18+00:00","description":"Find dietary recommendations for people with colorectal cancer who are experiencing reduced or lost sense of taste due to treatment.","breadcrumb":{"@id":"https:\/\/oncoalicia.com\/en\/types-of-cancer\/colorectal\/alteration-of-taste\/decrease-or-loss-of-taste\/#breadcrumb"},"inLanguage":"en-US","potentialAction":[{"@type":"ReadAction","target":["https:\/\/oncoalicia.com\/en\/types-of-cancer\/colorectal\/alteration-of-taste\/decrease-or-loss-of-taste\/"]}]},{"@type":"ImageObject","inLanguage":"en-US","@id":"https:\/\/oncoalicia.com\/en\/types-of-cancer\/colorectal\/alteration-of-taste\/decrease-or-loss-of-taste\/#primaryimage","url":"http:\/\/oncoalicia.com\/wp-content\/uploads\/2022\/02\/Pollo-al-curri-con-arroz-y-manzana.jpg","contentUrl":"http:\/\/oncoalicia.com\/wp-content\/uploads\/2022\/02\/Pollo-al-curri-con-arroz-y-manzana.jpg"},{"@type":"BreadcrumbList","@id":"https:\/\/oncoalicia.com\/en\/types-of-cancer\/colorectal\/alteration-of-taste\/decrease-or-loss-of-taste\/#breadcrumb","itemListElement":[{"@type":"ListItem","position":1,"name":"Portada","item":"https:\/\/oncoalicia.com\/en\/"},{"@type":"ListItem","position":2,"name":"Types of Cancer","item":"https:\/\/oncoalicia.com\/en\/types-of-cancer\/"},{"@type":"ListItem","position":3,"name":"Food and Nutrition During Colorrectal Cancer Treatment","item":"https:\/\/oncoalicia.com\/en\/types-of-cancer\/colorectal\/"},{"@type":"ListItem","position":4,"name":"Dietary Recommendations for Alteration of Taste in Colorrectal Cancer","item":"https:\/\/oncoalicia.com\/en\/types-of-cancer\/colorectal\/alteration-of-taste\/"},{"@type":"ListItem","position":5,"name":"Dietary Recommendations for Loss of Taste in Colorrectal Cancer"}]},{"@type":"WebSite","@id":"https:\/\/oncoalicia.com\/en\/#website","url":"https:\/\/oncoalicia.com\/en\/","name":"Oncoal\u00edcia","description":"Comer durante el Tratamiento del C\u00e1ncer","publisher":{"@id":"https:\/\/oncoalicia.com\/en\/#organization"},"alternateName":"Oncoal\u00edcia | Comer durante el Tratamiento del C\u00e1ncer","potentialAction":[{"@type":"SearchAction","target":{"@type":"EntryPoint","urlTemplate":"https:\/\/oncoalicia.com\/en\/?s={search_term_string}"},"query-input":{"@type":"PropertyValueSpecification","valueRequired":true,"valueName":"search_term_string"}}],"inLanguage":"en-US"},{"@type":"Organization","@id":"https:\/\/oncoalicia.com\/en\/#organization","name":"Oncoal\u00edcia","alternateName":"Oncoal\u00edcia | Comer durante el Tratamiento del C\u00e1ncer","url":"https:\/\/oncoalicia.com\/en\/","logo":{"@type":"ImageObject","inLanguage":"en-US","@id":"https:\/\/oncoalicia.com\/en\/#\/schema\/logo\/image\/","url":"https:\/\/oncoalicia.com\/wp-content\/uploads\/2022\/11\/logo_rrss.png","contentUrl":"https:\/\/oncoalicia.com\/wp-content\/uploads\/2022\/11\/logo_rrss.png","width":300,"height":300,"caption":"Oncoal\u00edcia"},"image":{"@id":"https:\/\/oncoalicia.com\/en\/#\/schema\/logo\/image\/"}}]}},"_links":{"self":[{"href":"https:\/\/oncoalicia.com\/en\/wp-json\/wp\/v2\/pages\/3923","targetHints":{"allow":["GET"]}}],"collection":[{"href":"https:\/\/oncoalicia.com\/en\/wp-json\/wp\/v2\/pages"}],"about":[{"href":"https:\/\/oncoalicia.com\/en\/wp-json\/wp\/v2\/types\/page"}],"author":[{"embeddable":true,"href":"https:\/\/oncoalicia.com\/en\/wp-json\/wp\/v2\/users\/2"}],"replies":[{"embeddable":true,"href":"https:\/\/oncoalicia.com\/en\/wp-json\/wp\/v2\/comments?post=3923"}],"version-history":[{"count":0,"href":"https:\/\/oncoalicia.com\/en\/wp-json\/wp\/v2\/pages\/3923\/revisions"}],"up":[{"embeddable":true,"href":"https:\/\/oncoalicia.com\/en\/wp-json\/wp\/v2\/pages\/3921"}],"wp:attachment":[{"href":"https:\/\/oncoalicia.com\/en\/wp-json\/wp\/v2\/media?parent=3923"}],"curies":[{"name":"wp","href":"https:\/\/api.w.org\/{rel}","templated":true}]}}