{"id":3943,"date":"2022-05-14T02:29:21","date_gmt":"2022-05-14T02:29:21","guid":{"rendered":"https:\/\/www.oncoalicia.com\/nutrition-during-the-treatment-of-colorectal-cancer\/intestinal-occlusion\/"},"modified":"2025-07-04T08:36:18","modified_gmt":"2025-07-04T08:36:18","slug":"intestinal-obstruction","status":"publish","type":"page","link":"https:\/\/oncoalicia.com\/en\/types-of-cancer\/colorectal\/intestinal-obstruction\/","title":{"rendered":"Dietary Recommendations for Intestinal Obstruction in Colorrectal Cancer"},"content":{"rendered":"<div class=\"row\">\n<div class=\"col-md-12 subtitle-mitos text-left\">\n<p>Due to the mechanical difficulty of the passage of contents through the bowel, there can be a risk of intestinal obstruction in some cases. The aim of the dietary recommendations is to avoid an increase in faecal bolus and thus reduce the risk of subacute bowel obstruction. Fibre-rich foods such as some vegetables (raw and cooked), legumes, some fruits, wholegrain foods, nuts, and dried fruit are excluded from the diet. The medical team should determine the degree of exclusion of these foods depending on the risk of obstruction and may prescribe a strict low residue diet or a moderate low residue diet, as detailed below. In some cases, this diet may also be accompanied by certain liquid restrictions.<\/p>\n<\/p><\/div>\n<\/p><\/div>\n<div class=\"row p-40 w-60\">\n<div class=\"col-md-12 text-center\">\n<h2 class=\"h3 recomanem-efectes-cancer\">WHAT DO WE RECOMMEND?<\/h2>\n<\/p><\/div>\n<div class=\"col-md-12 p-10 text-center\">\n<h3 class=\"btn-orange recomanacions-tipus-cancer\" style=\"font-weight: bold;\">Maintain good hydration, drinking a minimum of 1.5 litres of fluid per day.<\/h3>\n<\/p><\/div>\n<div class=\"col-md-12 p-10 text-center\">\n<h3 class=\"btn-orange recomanacions-tipus-cancer\" style=\"font-weight: bold;\">Chew food well and eat in a relaxed way.<\/h3>\n<\/p><\/div>\n<div class=\"col-md-12 p-10 text-center\">\n<h3><a class=\"btn-orange recomanacions-tipus-cancer\" data-toggle=\"collapse\" href=\"#collapseExample-1\" role=\"button\" aria-expanded=\"false\" aria-controls=\"collapseExample\">Eat a diet that excludes high-fibre foods. <i class=\"fa fa-angle-down\" aria-hidden=\"true\"><\/i><br \/>\n            <\/a><\/h3>\n<div class=\"collapse\" id=\"collapseExample-1\">\n<div class=\"card-body\">\n<div class=\"row\">\n<div class=\"col-md-12 descrip\">\n<p>Some vegetables (raw and cooked), pulses, some fruits, wholegrain foods, nuts, and dried fruit, and some cooking and preparation techniques.<\/p>\n<\/p><\/div>\n<\/p><\/div>\n<div class=\"row\">\n<div class=\"col-md-12 descrip\">\n<table class=\"table\">\n<tr>\n<td class=\"table-txt\">\n<table>\n<tr>\n<td>\n                                    <\/td>\n<td>\n                                      <b>Allowed foods<\/b>\n                                    <\/td>\n<td>\n                                      <b>example<\/b>\n                                    <\/td>\n<\/tr>\n<tr>\n<td>\n Breakfast\/mid-morning\/snack\n                                    <\/td>\n<td>\n                                      <b>DAIRY:<\/b> milk, yogurt or cheese without chunks or added fiber.<br \/>\n                                      <b>Non-whole grain cereals:<\/b> bread, toast, biscuits, breakfast cereals (corn, wheat, rice), maria cookies, homemade pastries (gingerbread or homemade muffins with refined flour).<br \/>\n                                      <b>FRUIT<\/b> <\/p>\n<ul>\n<li><b>Raw, ripe, peeled without seeds:<\/b> pear, apple, watermelon, melon, grape and banana.<\/li>\n<li><b>Liquid:<\/b> all.<\/li>\n<li><b>Cooked:<\/b> apple, pear and peach in syrup.<\/li>\n<\/ul>\n<p>                                      <b>ACCESSORIES<\/b> Sweet ham, turkey, tuna, salty ham, anchovies&#8230;<br \/>\n Virgin olive oil, margarine, butter.<br \/>\n infusions<br \/>\n Coffee, soluble cocoa or Eko\u00ae type soluble cereals.<br \/>\n Sugar or sweeteners.<br \/>\n Vegetable drinks without fiber: rice, soy, coconut, oat&#8230;\n                                    <\/td>\n<td>\n<table>\n<tr>\n<td><b>To have breakfast<\/b><\/td>\n<\/tr>\n<tr>\n<td>\n Coffee with milk.<br \/>\n White bread sandwich with tomato (without seeds) and virgin olive oil with tuna.<br \/>\n A drop of peeled and pitted grapes (5-10 units).\n                                          <\/td>\n<\/tr>\n<tr>\n<td>\n                                            <b>Midday<\/b><\/p>\n<ul>\n<li><a href=\"\/en\/recipes\/pear-apple-and-carrot-juice\/\" target=\"_blank\" rel=\"noopener\">Pear, apple and carrot liquid.<\/a><\/li>\n<li>Biscuit with olive oil and turkey.<\/li>\n<\/ul>\n<\/td>\n<\/tr>\n<\/table>\n<\/td>\n<\/tr>\n<tr>\n<td>\n Lunches\/dinners\n                                    <\/td>\n<td>\n                                        <b>VEGETABLES AND VEGETABLES<\/b> <\/p>\n<ul>\n<li><b>Cooked without skin:<\/b> potato, carrot, courgette, grated onion, sieved tomato.<\/li>\n<li><b>Raw:<\/b> liquefied or crushed and passed through a puree.<\/li>\n<li>Unpeeled and pureed legumes.<\/li>\n<\/ul>\n<p>                                      <b>NON-WHEAT AND VERY COOKED CEREALS:<\/b> pasta, rice, couscous, rice noodles, semolina, polenta, bread&#8230;<br \/>\n                                      <b>PROTEIN FOODS<\/b> <\/p>\n<ul>\n<li><b>Meat:<\/b> all, avoiding strong and tender parts.<\/li>\n<li><b>Fish:<\/b> all of them<\/li>\n<li><b>Eggs:<\/b> all<\/li>\n<\/ul>\n<p>                                      <b>FRUIT:<\/b><\/p>\n<ul>\n<li><b>Raw, ripe, peeled and without skin or seeds:<\/b> pear, apple, watermelon, melon, grape and banana. <\/li>\n<li><b>Liquid:<\/b> all.<\/li>\n<li><b>Cooked:<\/b> apple, pear, peach in syrup. <\/li>\n<\/ul>\n<p>                                      <b>OTHERS<\/b><br \/>\n Dairy desserts: curd, cottage cheese, custard, custard, rice pudding.<br \/>\n Spices.\n                                    <\/td>\n<td>\n<table>\n<tr>\n<td>\n                                            <b>Lunch<\/b><\/p>\n<ul>\n<li><a href=\"\/en\/recipes\/blended-tomato-soup\/\" target=\"_blank\" rel=\"noopener\">Liquefied tomato soup.<\/a><\/li>\n<li>Sauteed spaghetti with zucchini and shrimp.<\/li>\n<li><a href=\"\/en\/recipes\/banana-caramel-pudding\/\" target=\"_blank\" rel=\"noopener\">Banana flame<\/a><\/li>\n<\/ul>\n<\/td>\n<\/tr>\n<tr>\n<td>\n                                            <b>have a snack<\/b><br \/>\n Yoghurt with pieces of melon.\n                                          <\/td>\n<\/tr>\n<tr>\n<td>\n                                            <b>Dinner<\/b><\/p>\n<ul>\n<li>Mashed potato and pumpkin.<\/li>\n<li><a href=\"\/en\/recipes\/marinated-fried-fish-cubes\/\" target=\"_blank\" rel=\"noopener\">Marinated and fried fish cubes.<\/a><\/li>\n<li>Curd with honey<\/li>\n<\/ul>\n<\/td>\n<\/tr>\n<\/table>\n<\/td>\n<\/tr>\n<\/table>\n<\/td>\n<\/tr>\n<\/table><\/div>\n<\/p><\/div>\n<\/p><\/div>\n<\/p><\/div>\n<\/p><\/div>\n<div class=\"col-md-12 p-10 text-center\">\n<h3><a class=\"btn-orange recomanacions-tipus-cancer\" data-toggle=\"collapse\" href=\"#collapseExample\" role=\"button\" aria-expanded=\"false\" aria-controls=\"collapseExample\">Do not restrict fat in diet. <i class=\"fa fa-angle-down\" aria-hidden=\"true\"><\/i><br \/>\n            <\/a><\/h3>\n<div class=\"collapse\" id=\"collapseExample\">\n<div class=\"card-body\">\n<div class=\"row\">\n<div class=\"col-md-12 descrip\">\n<p>It is important to ensure an adequate intake of olive oil to help contribute to the elimination of stools. It is therefore recommended to add a drizzle of olive oil on top of the different food preparations.<\/p>\n<\/p><\/div>\n<\/p><\/div>\n<\/p><\/div>\n<\/p><\/div>\n<\/p><\/div>\n<div class=\"col-md-12 p-10 text-center\">\n<h3><a class=\"btn-orange recomanacions-tipus-cancer\" data-toggle=\"collapse\" href=\"#collapseExample-2\" role=\"button\" aria-expanded=\"false\" aria-controls=\"collapseExample\"> Blend food. <i class=\"fa fa-angle-down\" aria-hidden=\"true\"><\/i><br \/>\n            <\/a><\/h3>\n<div class=\"collapse\" id=\"collapseExample-2\">\n<div class=\"card-body\">\n<div class=\"row\">\n<div class=\"col-md-12 descrip\">\n<p>In some cases, it can improve digestive comfort. Consult your registered dietitian<\/p>\n<\/p><\/div>\n<\/p><\/div>\n<\/p><\/div>\n<\/p><\/div>\n<\/p><\/div>\n<div class=\"col-md-12 p-10 text-center\">\n<h3 class=\"btn-orange recomanacions-tipus-cancer\" style=\"font-weight: bold;\">Fraction food intake by eating several times a day and in moderate volumes.<\/h3>\n<\/p><\/div>\n<div class=\"col-md-12 p-10 text-center\">\n<h3><a class=\"btn-orange recomanacions-tipus-cancer\" data-toggle=\"collapse\" href=\"#collapseExample-3\" role=\"button\" aria-expanded=\"false\" aria-controls=\"collapseExample\">Progressively broaden your diet when indicated by your oncologist or registered dietitian. <i class=\"fa fa-angle-down\" aria-hidden=\"true\"><\/i><br \/>\n            <\/a><\/h3>\n<div class=\"collapse\" id=\"collapseExample-3\">\n<div class=\"card-body\">\n<div class=\"row\">\n<div class=\"col-md-12 descrip\">\n<p>This fibre-restricted diet is poor in vitamins and minerals. If considered necessary, the patient should take multivitamin supplements to avoid long-term vitamin-mineral deficiencies.<\/p>\n<\/p><\/div>\n<\/p><\/div>\n<\/p><\/div>\n<\/p><\/div>\n<\/p><\/div>\n<\/p><\/div>\n","protected":false},"excerpt":{"rendered":"<p>Due to the mechanical difficulty of the passage of contents through the bowel, there can be a risk of intestinal obstruction in some cases. The aim of the dietary recommendations is to avoid an increase in faecal bolus and thus reduce the risk of subacute bowel obstruction. Fibre-rich foods such as some vegetables (raw and&hellip; <a class=\"more-link\" href=\"https:\/\/oncoalicia.com\/en\/types-of-cancer\/colorectal\/intestinal-obstruction\/\">Continue reading <span class=\"screen-reader-text\">Dietary Recommendations for Intestinal Obstruction in Colorrectal Cancer<\/span><\/a><\/p>\n","protected":false},"author":2,"featured_media":0,"parent":3886,"menu_order":0,"comment_status":"closed","ping_status":"closed","template":"colon-oclusi\u00f3n-intestinal.php","meta":{"footnotes":""},"class_list":["post-3943","page","type-page","status-publish","hentry","entry"],"yoast_head":"<!-- This site is optimized with the Yoast SEO plugin v26.9 - https:\/\/yoast.com\/product\/yoast-seo-wordpress\/ -->\n<title>Nutrition for colorectal cancer patients experiencing intestinal obstruction - Oncoalicia<\/title>\n<meta name=\"description\" content=\"Find dietary recommendations for people with colorectal cancer who are experiencing instestinal obstruction due to treatment.\" \/>\n<meta name=\"robots\" content=\"index, follow, max-snippet:-1, max-image-preview:large, max-video-preview:-1\" \/>\n<link rel=\"canonical\" href=\"https:\/\/oncoalicia.com\/en\/types-of-cancer\/colorectal\/intestinal-obstruction\/\" \/>\n<meta property=\"og:locale\" content=\"en_US\" \/>\n<meta property=\"og:type\" content=\"article\" \/>\n<meta property=\"og:title\" content=\"Nutrition for colorectal cancer patients experiencing intestinal obstruction - Oncoalicia\" \/>\n<meta property=\"og:description\" content=\"Find dietary recommendations for people with colorectal cancer who are experiencing instestinal obstruction due to treatment.\" \/>\n<meta property=\"og:url\" content=\"https:\/\/oncoalicia.com\/en\/types-of-cancer\/colorectal\/intestinal-obstruction\/\" \/>\n<meta property=\"og:site_name\" content=\"Oncoalicia\" \/>\n<meta property=\"article:modified_time\" content=\"2025-07-04T08:36:18+00:00\" \/>\n<meta property=\"og:image\" content=\"https:\/\/oncoalicia.com\/wp-content\/uploads\/2021\/12\/Asset-3.png\" \/>\n\t<meta property=\"og:image:width\" content=\"300\" \/>\n\t<meta property=\"og:image:height\" content=\"300\" \/>\n\t<meta property=\"og:image:type\" content=\"image\/png\" \/>\n<meta name=\"twitter:card\" content=\"summary_large_image\" \/>\n<meta name=\"twitter:label1\" content=\"Est. reading time\" \/>\n\t<meta name=\"twitter:data1\" content=\"3 minutes\" \/>\n<script type=\"application\/ld+json\" class=\"yoast-schema-graph\">{\"@context\":\"https:\/\/schema.org\",\"@graph\":[{\"@type\":\"WebPage\",\"@id\":\"https:\/\/oncoalicia.com\/en\/types-of-cancer\/colorectal\/intestinal-obstruction\/\",\"url\":\"https:\/\/oncoalicia.com\/en\/types-of-cancer\/colorectal\/intestinal-obstruction\/\",\"name\":\"Nutrition for colorectal cancer patients experiencing intestinal obstruction - Oncoalicia\",\"isPartOf\":{\"@id\":\"https:\/\/oncoalicia.com\/en\/#website\"},\"datePublished\":\"2022-05-14T02:29:21+00:00\",\"dateModified\":\"2025-07-04T08:36:18+00:00\",\"description\":\"Find dietary recommendations for people with colorectal cancer who are experiencing instestinal obstruction due to treatment.\",\"breadcrumb\":{\"@id\":\"https:\/\/oncoalicia.com\/en\/types-of-cancer\/colorectal\/intestinal-obstruction\/#breadcrumb\"},\"inLanguage\":\"en-US\",\"potentialAction\":[{\"@type\":\"ReadAction\",\"target\":[\"https:\/\/oncoalicia.com\/en\/types-of-cancer\/colorectal\/intestinal-obstruction\/\"]}]},{\"@type\":\"BreadcrumbList\",\"@id\":\"https:\/\/oncoalicia.com\/en\/types-of-cancer\/colorectal\/intestinal-obstruction\/#breadcrumb\",\"itemListElement\":[{\"@type\":\"ListItem\",\"position\":1,\"name\":\"Portada\",\"item\":\"https:\/\/oncoalicia.com\/en\/\"},{\"@type\":\"ListItem\",\"position\":2,\"name\":\"Types of Cancer\",\"item\":\"https:\/\/oncoalicia.com\/en\/types-of-cancer\/\"},{\"@type\":\"ListItem\",\"position\":3,\"name\":\"Food and Nutrition During Colorrectal Cancer Treatment\",\"item\":\"https:\/\/oncoalicia.com\/en\/types-of-cancer\/colorectal\/\"},{\"@type\":\"ListItem\",\"position\":4,\"name\":\"Dietary Recommendations for Intestinal Obstruction in Colorrectal Cancer\"}]},{\"@type\":\"WebSite\",\"@id\":\"https:\/\/oncoalicia.com\/en\/#website\",\"url\":\"https:\/\/oncoalicia.com\/en\/\",\"name\":\"Oncoal\u00edcia\",\"description\":\"Comer durante el Tratamiento del C\u00e1ncer\",\"publisher\":{\"@id\":\"https:\/\/oncoalicia.com\/en\/#organization\"},\"alternateName\":\"Oncoal\u00edcia | Comer durante el Tratamiento del C\u00e1ncer\",\"potentialAction\":[{\"@type\":\"SearchAction\",\"target\":{\"@type\":\"EntryPoint\",\"urlTemplate\":\"https:\/\/oncoalicia.com\/en\/?s={search_term_string}\"},\"query-input\":{\"@type\":\"PropertyValueSpecification\",\"valueRequired\":true,\"valueName\":\"search_term_string\"}}],\"inLanguage\":\"en-US\"},{\"@type\":\"Organization\",\"@id\":\"https:\/\/oncoalicia.com\/en\/#organization\",\"name\":\"Oncoal\u00edcia\",\"alternateName\":\"Oncoal\u00edcia | Comer durante el Tratamiento del C\u00e1ncer\",\"url\":\"https:\/\/oncoalicia.com\/en\/\",\"logo\":{\"@type\":\"ImageObject\",\"inLanguage\":\"en-US\",\"@id\":\"https:\/\/oncoalicia.com\/en\/#\/schema\/logo\/image\/\",\"url\":\"https:\/\/oncoalicia.com\/wp-content\/uploads\/2022\/11\/logo_rrss.png\",\"contentUrl\":\"https:\/\/oncoalicia.com\/wp-content\/uploads\/2022\/11\/logo_rrss.png\",\"width\":300,\"height\":300,\"caption\":\"Oncoal\u00edcia\"},\"image\":{\"@id\":\"https:\/\/oncoalicia.com\/en\/#\/schema\/logo\/image\/\"}}]}<\/script>\n<!-- \/ Yoast SEO plugin. -->","yoast_head_json":{"title":"Nutrition for colorectal cancer patients experiencing intestinal obstruction - Oncoalicia","description":"Find dietary recommendations for people with colorectal cancer who are experiencing instestinal obstruction due to treatment.","robots":{"index":"index","follow":"follow","max-snippet":"max-snippet:-1","max-image-preview":"max-image-preview:large","max-video-preview":"max-video-preview:-1"},"canonical":"https:\/\/oncoalicia.com\/en\/types-of-cancer\/colorectal\/intestinal-obstruction\/","og_locale":"en_US","og_type":"article","og_title":"Nutrition for colorectal cancer patients experiencing intestinal obstruction - Oncoalicia","og_description":"Find dietary recommendations for people with colorectal cancer who are experiencing instestinal obstruction due to treatment.","og_url":"https:\/\/oncoalicia.com\/en\/types-of-cancer\/colorectal\/intestinal-obstruction\/","og_site_name":"Oncoalicia","article_modified_time":"2025-07-04T08:36:18+00:00","og_image":[{"width":300,"height":300,"url":"https:\/\/oncoalicia.com\/wp-content\/uploads\/2021\/12\/Asset-3.png","type":"image\/png"}],"twitter_card":"summary_large_image","twitter_misc":{"Est. reading time":"3 minutes"},"schema":{"@context":"https:\/\/schema.org","@graph":[{"@type":"WebPage","@id":"https:\/\/oncoalicia.com\/en\/types-of-cancer\/colorectal\/intestinal-obstruction\/","url":"https:\/\/oncoalicia.com\/en\/types-of-cancer\/colorectal\/intestinal-obstruction\/","name":"Nutrition for colorectal cancer patients experiencing intestinal obstruction - Oncoalicia","isPartOf":{"@id":"https:\/\/oncoalicia.com\/en\/#website"},"datePublished":"2022-05-14T02:29:21+00:00","dateModified":"2025-07-04T08:36:18+00:00","description":"Find dietary recommendations for people with colorectal cancer who are experiencing instestinal obstruction due to treatment.","breadcrumb":{"@id":"https:\/\/oncoalicia.com\/en\/types-of-cancer\/colorectal\/intestinal-obstruction\/#breadcrumb"},"inLanguage":"en-US","potentialAction":[{"@type":"ReadAction","target":["https:\/\/oncoalicia.com\/en\/types-of-cancer\/colorectal\/intestinal-obstruction\/"]}]},{"@type":"BreadcrumbList","@id":"https:\/\/oncoalicia.com\/en\/types-of-cancer\/colorectal\/intestinal-obstruction\/#breadcrumb","itemListElement":[{"@type":"ListItem","position":1,"name":"Portada","item":"https:\/\/oncoalicia.com\/en\/"},{"@type":"ListItem","position":2,"name":"Types of Cancer","item":"https:\/\/oncoalicia.com\/en\/types-of-cancer\/"},{"@type":"ListItem","position":3,"name":"Food and Nutrition During Colorrectal Cancer Treatment","item":"https:\/\/oncoalicia.com\/en\/types-of-cancer\/colorectal\/"},{"@type":"ListItem","position":4,"name":"Dietary Recommendations for Intestinal Obstruction in Colorrectal Cancer"}]},{"@type":"WebSite","@id":"https:\/\/oncoalicia.com\/en\/#website","url":"https:\/\/oncoalicia.com\/en\/","name":"Oncoal\u00edcia","description":"Comer durante el Tratamiento del C\u00e1ncer","publisher":{"@id":"https:\/\/oncoalicia.com\/en\/#organization"},"alternateName":"Oncoal\u00edcia | Comer durante el Tratamiento del C\u00e1ncer","potentialAction":[{"@type":"SearchAction","target":{"@type":"EntryPoint","urlTemplate":"https:\/\/oncoalicia.com\/en\/?s={search_term_string}"},"query-input":{"@type":"PropertyValueSpecification","valueRequired":true,"valueName":"search_term_string"}}],"inLanguage":"en-US"},{"@type":"Organization","@id":"https:\/\/oncoalicia.com\/en\/#organization","name":"Oncoal\u00edcia","alternateName":"Oncoal\u00edcia | Comer durante el Tratamiento del C\u00e1ncer","url":"https:\/\/oncoalicia.com\/en\/","logo":{"@type":"ImageObject","inLanguage":"en-US","@id":"https:\/\/oncoalicia.com\/en\/#\/schema\/logo\/image\/","url":"https:\/\/oncoalicia.com\/wp-content\/uploads\/2022\/11\/logo_rrss.png","contentUrl":"https:\/\/oncoalicia.com\/wp-content\/uploads\/2022\/11\/logo_rrss.png","width":300,"height":300,"caption":"Oncoal\u00edcia"},"image":{"@id":"https:\/\/oncoalicia.com\/en\/#\/schema\/logo\/image\/"}}]}},"_links":{"self":[{"href":"https:\/\/oncoalicia.com\/en\/wp-json\/wp\/v2\/pages\/3943","targetHints":{"allow":["GET"]}}],"collection":[{"href":"https:\/\/oncoalicia.com\/en\/wp-json\/wp\/v2\/pages"}],"about":[{"href":"https:\/\/oncoalicia.com\/en\/wp-json\/wp\/v2\/types\/page"}],"author":[{"embeddable":true,"href":"https:\/\/oncoalicia.com\/en\/wp-json\/wp\/v2\/users\/2"}],"replies":[{"embeddable":true,"href":"https:\/\/oncoalicia.com\/en\/wp-json\/wp\/v2\/comments?post=3943"}],"version-history":[{"count":0,"href":"https:\/\/oncoalicia.com\/en\/wp-json\/wp\/v2\/pages\/3943\/revisions"}],"up":[{"embeddable":true,"href":"https:\/\/oncoalicia.com\/en\/wp-json\/wp\/v2\/pages\/3886"}],"wp:attachment":[{"href":"https:\/\/oncoalicia.com\/en\/wp-json\/wp\/v2\/media?parent=3943"}],"curies":[{"name":"wp","href":"https:\/\/api.w.org\/{rel}","templated":true}]}}