{"id":3961,"date":"2021-12-21T01:02:25","date_gmt":"2021-12-21T01:02:25","guid":{"rendered":"https:\/\/www.oncoalicia.com\/nutrition-during-head-and-neck-cancer-treatment\/difficulty-swallowing\/difficulty-swallowing-liquids\/"},"modified":"2025-07-04T08:48:11","modified_gmt":"2025-07-04T08:48:11","slug":"difficulty-swallowing-liquids","status":"publish","type":"page","link":"https:\/\/oncoalicia.com\/en\/types-of-cancer\/head-and-neck\/difficulty-swallowing\/difficulty-swallowing-liquids\/","title":{"rendered":"Dietary Recommendations for Difficulty Swallowing Liquids in Head and Neck Cancer"},"content":{"rendered":"<div class=\"row\">\n<div class=\"col-md-12 subtitle-mitos\">\n<p>It is characterised by coughing or the feeling of needing to clear your throat and the sensation of choking after drinking water or other liquids. It is not common in lung cancer but may occur. Occasionally, voice changes also occur after swallowing. It is recommended to modify and adapt the viscosity\/texture of liquids, including water, to prevent these liquids from going to the lung and causing potentially dangerous lung infections.<\/p>\n<\/p><\/div>\n<\/p><\/div>\n<div class=\"row p-40 w-60\">\n<div class=\"col-md-12 text-center\">\n<h2 class=\"h3 recomanem-efectes-cancer\">WHAT DO WE RECOMMEND?<\/h2>\n<\/p><\/div>\n<div class=\"col-md-12 p-10 text-center\">\n<h3><a class=\"btn-orange recomanacions-tipus-cancer\" data-toggle=\"collapse\" href=\"#collapseExample-3\" role=\"button\" aria-expanded=\"false\" aria-controls=\"collapseExample\">Adjust liquids to the viscosity\/texture that best suits the specific needs. <i class=\"fa fa-angle-down\" aria-hidden=\"true\"><\/i><br \/>\n        <\/a><\/h3>\n<div class=\"collapse\" id=\"collapseExample-3\">\n<div class=\"card-body\">\n<div class=\"row\">\n<div class=\"col-md-12 descrip\">\n<p>There are currently three types of viscosities according to the degree of dysphagia to liquids: nectar, honey, or pudding. The referring oncologist will indicate the specific viscosity to which food should be adapted to each case.<\/p>\n<\/p><\/div>\n<div class=\"col-md-12\">\n<table class=\"table\">\n<tr>\n<td class=\"table-title\">Viscosity classification for liquid dysphagia<\/td>\n<\/tr>\n<tr>\n<td class=\"table-txt\">\n<table>\n<tr>\n<td>viscosity<\/td>\n<td>Examples of drinks and food<\/td>\n<\/tr>\n<tr>\n<td>\n<table>\n<tr>\n<td>nectar<\/td>\n<td>Texture similar to peach juice. <br \/>It can be drunk with a straw or a glass.<br \/> When decanted, it forms a fine filament. <\/td>\n<\/tr>\n<\/table>\n<\/td>\n<td>\n<table>\n<tr style=\"border:none;\">\n<td>Tomato juice, peach juice, commercial vegetable creams, gazpacho, liquid yogurts to drink.<\/td>\n<\/tr>\n<\/table>\n<\/td>\n<\/tr>\n<tr>\n<td>\n<table>\n<tr>\n<td>honey<\/td>\n<td>Honey-like texture.<br \/>You can&#8217;t drink it with a cane, but you can drink it with a glass.<br \/>When decanted, it forms large shapeless drops. <\/td>\n<\/tr>\n<\/table>\n<\/td>\n<td>\n<table>\n<tr style=\"border:none;\">\n<td>Whipped yogurt, custard.<\/td>\n<\/tr>\n<\/table>\n<\/td>\n<\/tr>\n<tr>\n<td>\n<table>\n<tr>\n<td>pudding<\/td>\n<td>Custard or pudding texture.<br \/>It is eaten only with a spoon.<br \/>When decanted, it falls as a shaped mass.<\/td>\n<\/tr>\n<\/table>\n<\/td>\n<td>\n<table>\n<tr style=\"border:none;\">\n<td>Flam, curd, curd.<\/td>\n<\/tr>\n<\/table>\n<\/td>\n<\/tr>\n<\/table>\n<\/td>\n<\/tr>\n<\/table><\/div>\n<\/p><\/div>\n<\/p><\/div>\n<\/p><\/div>\n<\/p><\/div>\n<div class=\"col-md-12 p-10 text-center\">\n<h3><a class=\"btn-orange recomanacions-tipus-cancer\" data-toggle=\"collapse\" href=\"#collapseExample-7\" role=\"button\" aria-expanded=\"false\" aria-controls=\"collapseExample\">Ensure proper hydration by adding commercial thickeners to beverages to obtain the required viscosity. <i class=\"fa fa-angle-down\" aria-hidden=\"true\"><\/i><br \/>\n        <\/a><\/h3>\n<div class=\"collapse\" id=\"collapseExample-7\">\n<div class=\"card-body\">\n<div class=\"row\">\n<div class=\"col-md-12 descrip\">\n<p>There are different types of commercial thickeners, and it is essential to always follow the instructions for each one:<\/p>\n<\/p><\/div>\n<div class=\"col-md-12\">\n<table class=\"table\">\n<tr>\n<td class=\"table-title\">Things to consider when thickening beverages with commercial thickeners<\/td>\n<\/tr>\n<tr>\n<td class=\"table-txt\">\n<ul>\n<li>The dosage indicated on the package corresponds to the quantity needed to obtain the required viscosity in water. If we thicken a different type of beverage, the dosage to obtain the same viscosity may vary.<\/li>\n<li>It is important to respect the time the thickener needs to perform its function. The time may vary depending on the type of liquid and its temperature, so it is recommended to thicken the beverage at the same temperature as it will be consumed, respect the indicated time, and always drink it within the indicated time. This will avoid changes in viscosity due to a temperature change.<\/li>\n<li>If adding an ingredient to the beverage or mixing different beverages, it is necessary to do so before adding the thickener. Never thicken a drink and then add another ingredient.<\/li>\n<\/ul>\n<\/td>\n<\/tr>\n<tr>\n<td>\n<table>\n<tr>\n<td>juices<\/td>\n<td>\n<ul>\n<li>The original viscosity of a juice is not always fully liquid, so we may need to add less thickener dosage as indicated on the packaging to achieve the required viscosity.<\/li>\n<li>Depending on the fruit or fruits used to make the juice, it may be necessary to strain the juice before thickening it.<\/li>\n<\/ul>\n<\/td>\n<\/tr>\n<tr>\n<td>Milk and milk drinks<\/td>\n<td>\n<ul>\n<li>Getting the thickener to fully dissolve can be difficult. Generally, milk and milk-based drinks will need a longer action time to thicken.<\/li>\n<li>The thickener usually dissolves better if the drink is hot.<\/li>\n<\/ul>\n<\/td>\n<\/tr>\n<tr>\n<td>Plant-based beverages<\/td>\n<td>\n<ul>\n<li>The dissolution of the thickener in plant-based or vegetable drinks is usually easier than in dairy drinks, although a longer action time may also be necessary.<\/li>\n<\/ul>\n<\/td>\n<\/tr>\n<tr>\n<td>Carbonated beverages<\/td>\n<td>\n<ul>\n<li>Removing the gas from any beverage containing it will help to include the thickener better.<\/li>\n<\/ul>\n<\/td>\n<\/tr>\n<tr>\n<td>Other beverages<\/td>\n<td>\n<ul>\n<li>In the case of beverages such as tea, black coffee or other infusions, more thickener than indicated may be required to achieve the desired viscosity.<\/li>\n<li>If you have a nutritional supplement prescribed by your centre of reference, you might need to adapt its viscosity considering these recommendations.<\/li>\n<\/ul>\n<\/td>\n<\/tr>\n<\/table>\n<\/td>\n<\/tr>\n<\/table><\/div>\n<\/p><\/div>\n<\/p><\/div>\n<\/p><\/div>\n<\/p><\/div>\n<div class=\"col-md-12 p-10 text-center\">\n<h3 class=\"btn-orange recomanacions-tipus-cancer\" style=\"font-weight: bold;\">Take medication with food, beverages, or gelled water with the indicated viscosity.<\/h3>\n<\/p><\/div>\n<div class=\"col-md-12 p-10 text-center\">\n<h3><a class=\"btn-orange recomanacions-tipus-cancer\" data-toggle=\"collapse\" href=\"#collapseExample\" role=\"button\" aria-expanded=\"false\" aria-controls=\"collapseExample\">Maintain good posture. <i class=\"fa fa-angle-down\" aria-hidden=\"true\"><\/i><br \/>\n        <\/a><\/h3>\n<div class=\"collapse\" id=\"collapseExample\">\n<div class=\"card-body\">\n<div class=\"row\">\n<div class=\"col-md-12 descrip\">\n<p>Sitting down or as sat up and incorporated as possible, always avoiding hyperextension of the head.<\/p>\n<\/p><\/div>\n<div class=\"col-md-12 text-center\">\n                <img decoding=\"async\" src=\"http:\/\/oncoalicia.com\/wp-content\/uploads\/2022\/10\/imagen-1.png\" width=\"300\">\n              <\/div>\n<\/p><\/div>\n<\/p><\/div>\n<\/p><\/div>\n<\/p><\/div>\n<div class=\"col-md-12 p-10 text-center\">\n<h3><a class=\"btn-orange recomanacions-tipus-cancer\" data-toggle=\"collapse\" href=\"#collapseExample-2\" role=\"button\" aria-expanded=\"false\" aria-controls=\"collapseExample\">Take time to eat and avoid accumulating food in your mouth. <i class=\"fa fa-angle-down\" aria-hidden=\"true\"><\/i><br \/>\n        <\/a><\/h3>\n<div class=\"collapse\" id=\"collapseExample-2\">\n<div class=\"card-body\">\n<div class=\"row\">\n<div class=\"col-md-12 descrip\">\n<p>Eat slowly, leaving sufficient time in between each spoonful.<\/p>\n<\/p><\/div>\n<\/p><\/div>\n<\/p><\/div>\n<\/p><\/div>\n<\/p><\/div>\n<div class=\"col-md-12 p-10 text-center\">\n<h3><a class=\"btn-orange recomanacions-tipus-cancer\" data-toggle=\"collapse\" href=\"#collapseExample-4\" role=\"button\" aria-expanded=\"false\" aria-controls=\"collapseExample\">Avoid preparations or foods with double textures. <i class=\"fa fa-angle-down\" aria-hidden=\"true\"><\/i><br \/>\n        <\/a><\/h3>\n<div class=\"collapse\" id=\"collapseExample-4\">\n<div class=\"card-body\">\n<div class=\"row\">\n<div class=\"col-md-12 descrip\">\n<p>Double textures are those composed of both liquid and solid parts: soup with pasta, rice with milk, yoghurt with muesli, milk with muffins, and foods such as mandarin, oranges, or very juicy fruits. Having both textures in the mouth can make it difficult to control the swallowing of liquids.<\/p>\n<\/p><\/div>\n<\/p><\/div>\n<\/p><\/div>\n<\/p><\/div>\n<\/p><\/div>\n<div class=\"col-md-12 p-10 text-center\">\n<h3><a class=\"btn-orange recomanacions-tipus-cancer\" data-toggle=\"collapse\" href=\"#collapseExample-5\" role=\"button\" aria-expanded=\"false\" aria-controls=\"collapseExample\">Avoid very fibrous foods. <i class=\"fa fa-angle-down\" aria-hidden=\"true\"><\/i><br \/>\n        <\/a><\/h3>\n<div class=\"collapse\" id=\"collapseExample-5\">\n<div class=\"card-body\">\n<div class=\"row\">\n<div class=\"col-md-12 descrip\">\n<p>Such as pineapple, artichokes, asparagus and fibrous meats, or those that crumble easily when eaten, such as crackers, chips, breadsticks or nuts. Also, avoid pulses where the skin flakes off easily.<\/p>\n<\/p><\/div>\n<\/p><\/div>\n<\/p><\/div>\n<\/p><\/div>\n<\/p><\/div>\n<div class=\"col-md-12 p-10 text-center\">\n<h3><a class=\"btn-orange recomanacions-tipus-cancer\" data-toggle=\"collapse\" href=\"#collapseExample-6\" role=\"button\" aria-expanded=\"false\" aria-controls=\"collapseExample\">Avoid commercial ice creams, ice lollies, slushies, and jellies. <i class=\"fa fa-angle-down\" aria-hidden=\"true\"><\/i><br \/>\n        <\/a><\/h3>\n<div class=\"collapse\" id=\"collapseExample-6\">\n<div class=\"card-body\">\n<div class=\"row\">\n<div class=\"col-md-12 descrip\">\n<p>When these foods come into contact with the heat of the mouth and saliva, they turn liquid. Agar or special gelled waters, available in pharmacies, can be used for this type of preparation.<\/p>\n<\/p><\/div>\n<\/p><\/div>\n<\/p><\/div>\n<\/p><\/div>\n<\/p><\/div>\n<div class=\"col-md-12 p-10 text-center\">\n<h3><a class=\"btn-orange recomanacions-tipus-cancer\" data-toggle=\"collapse\" href=\"#collapseExample-8\" role=\"button\" aria-expanded=\"false\" aria-controls=\"collapseExample\">Include different types of beverages throughout the day to avoid monotony. <i class=\"fa fa-angle-down\" aria-hidden=\"true\"><\/i><br \/>\n        <\/a><\/h3>\n<div class=\"collapse\" id=\"collapseExample-8\">\n<div class=\"card-body\">\n<div class=\"row\">\n<div class=\"col-md-12 descrip\">\n<p>You can choose to thicken common beverages following the guidelines from above and, on occasion, prepare beverages with different or uncommon flavours. To do so, prepare the beverage following the standard way, then strain to remove fibres or seeds, and then add thickener to obtain the required viscosity.<\/p>\n<\/p><\/div>\n<div class=\"col-md-12 descrip\">\n                <b>Homemade pink lemonade<\/b><br \/>\n                <b>Ingredients (serves two)<\/b><\/p>\n<ul>\n<li>100 g strawberries<\/li>\n<li>50 g blueberries<\/li>\n<li>70 g chilled lemon juice (about two lemons)<\/li>\n<li>A few leaves of fresh mint<\/li>\n<li>200 ml very cold water<\/li>\n<li>1 tsp sweetener (sugar, honey, syrup&#8230;), optional and according to preference<\/li>\n<\/ul>\n<p>                <b>Method<\/b><\/p>\n<ul>\n<li>Add the strawberries and blueberries (they should be well chilled and therefore have been in the fridge for a couple of hours before use), cleaned and without leaves, the lemon juice, the mint leaves, water, and sugar or sweetener of your choice to a blender or container suitable for blending.<\/li>\n<li>Blend.<\/li>\n<li>Strain the lemonade through a very fine sieve to remove any particles.<\/li>\n<li>Pour the drink into two glasses.<\/li>\n<li>Add the commercial thickener to each glass (containing about 200 ml of lemonade each) and follow the indications of the product and the dosage to obtain the required* viscosity.<\/li>\n<li>Check viscosity before serving. Serve cold.<\/li>\n<\/ul>\n<p>*When making beverages that include non-liquid ingredients, the resulting viscosity may correspond to a nectar or honey viscosity, and therefore it is important to keep in mind that the dosage indicated on the product might have to be adapted.<\/p>\n<\/p><\/div>\n<\/p><\/div>\n<\/p><\/div>\n<\/p><\/div>\n<\/p><\/div>\n<div class=\"col-md-12 p-10 text-center\">\n<h3 class=\"btn-orange recomanacions-tipus-cancer\" style=\"font-weight: bold;\">Avoid eating alone.<\/h3>\n<\/p><\/div>\n<\/p><\/div>\n","protected":false},"excerpt":{"rendered":"<p>It is characterised by coughing or the feeling of needing to clear your throat and the sensation of choking after drinking water or other liquids. It is not common in lung cancer but may occur. Occasionally, voice changes also occur after swallowing. It is recommended to modify and adapt the viscosity\/texture of liquids, including water,&hellip; <a class=\"more-link\" href=\"https:\/\/oncoalicia.com\/en\/types-of-cancer\/head-and-neck\/difficulty-swallowing\/difficulty-swallowing-liquids\/\">Continue reading <span class=\"screen-reader-text\">Dietary Recommendations for Difficulty Swallowing Liquids in Head and Neck Cancer<\/span><\/a><\/p>\n","protected":false},"author":2,"featured_media":0,"parent":3957,"menu_order":0,"comment_status":"closed","ping_status":"closed","template":"cabeza-a-liquidos.php","meta":{"footnotes":""},"class_list":["post-3961","page","type-page","status-publish","hentry","entry"],"yoast_head":"<!-- This site is optimized with the Yoast SEO plugin v26.9 - https:\/\/yoast.com\/product\/yoast-seo-wordpress\/ -->\n<title>Nutrition for head and neck cancer patients experiencing difficulty swallowing liquids - Oncoalicia<\/title>\n<meta name=\"description\" content=\"Find dietary recommendations for people with head and neck cancer who are experiencing difficulty swallowing liquids due to treatment.\" \/>\n<meta name=\"robots\" content=\"index, follow, max-snippet:-1, max-image-preview:large, max-video-preview:-1\" \/>\n<link rel=\"canonical\" href=\"https:\/\/oncoalicia.com\/en\/types-of-cancer\/head-and-neck\/difficulty-swallowing\/difficulty-swallowing-liquids\/\" \/>\n<meta property=\"og:locale\" content=\"en_US\" \/>\n<meta property=\"og:type\" content=\"article\" \/>\n<meta property=\"og:title\" content=\"Nutrition for head and neck cancer patients experiencing difficulty swallowing liquids - Oncoalicia\" \/>\n<meta property=\"og:description\" content=\"Find dietary recommendations for people with head and neck cancer who are experiencing difficulty swallowing liquids due to treatment.\" \/>\n<meta property=\"og:url\" content=\"https:\/\/oncoalicia.com\/en\/types-of-cancer\/head-and-neck\/difficulty-swallowing\/difficulty-swallowing-liquids\/\" \/>\n<meta property=\"og:site_name\" content=\"Oncoalicia\" \/>\n<meta property=\"article:modified_time\" content=\"2025-07-04T08:48:11+00:00\" \/>\n<meta property=\"og:image\" content=\"http:\/\/oncoalicia.com\/wp-content\/uploads\/2022\/10\/imagen-1.png\" \/>\n<meta name=\"twitter:card\" content=\"summary_large_image\" \/>\n<meta name=\"twitter:label1\" content=\"Est. reading time\" \/>\n\t<meta name=\"twitter:data1\" content=\"5 minutes\" \/>\n<script type=\"application\/ld+json\" class=\"yoast-schema-graph\">{\"@context\":\"https:\/\/schema.org\",\"@graph\":[{\"@type\":\"WebPage\",\"@id\":\"https:\/\/oncoalicia.com\/en\/types-of-cancer\/head-and-neck\/difficulty-swallowing\/difficulty-swallowing-liquids\/\",\"url\":\"https:\/\/oncoalicia.com\/en\/types-of-cancer\/head-and-neck\/difficulty-swallowing\/difficulty-swallowing-liquids\/\",\"name\":\"Nutrition for head and neck cancer patients experiencing difficulty swallowing liquids - Oncoalicia\",\"isPartOf\":{\"@id\":\"https:\/\/oncoalicia.com\/en\/#website\"},\"primaryImageOfPage\":{\"@id\":\"https:\/\/oncoalicia.com\/en\/types-of-cancer\/head-and-neck\/difficulty-swallowing\/difficulty-swallowing-liquids\/#primaryimage\"},\"image\":{\"@id\":\"https:\/\/oncoalicia.com\/en\/types-of-cancer\/head-and-neck\/difficulty-swallowing\/difficulty-swallowing-liquids\/#primaryimage\"},\"thumbnailUrl\":\"http:\/\/oncoalicia.com\/wp-content\/uploads\/2022\/10\/imagen-1.png\",\"datePublished\":\"2021-12-21T01:02:25+00:00\",\"dateModified\":\"2025-07-04T08:48:11+00:00\",\"description\":\"Find dietary recommendations for people with head and neck cancer who are experiencing difficulty swallowing liquids due to treatment.\",\"breadcrumb\":{\"@id\":\"https:\/\/oncoalicia.com\/en\/types-of-cancer\/head-and-neck\/difficulty-swallowing\/difficulty-swallowing-liquids\/#breadcrumb\"},\"inLanguage\":\"en-US\",\"potentialAction\":[{\"@type\":\"ReadAction\",\"target\":[\"https:\/\/oncoalicia.com\/en\/types-of-cancer\/head-and-neck\/difficulty-swallowing\/difficulty-swallowing-liquids\/\"]}]},{\"@type\":\"ImageObject\",\"inLanguage\":\"en-US\",\"@id\":\"https:\/\/oncoalicia.com\/en\/types-of-cancer\/head-and-neck\/difficulty-swallowing\/difficulty-swallowing-liquids\/#primaryimage\",\"url\":\"http:\/\/oncoalicia.com\/wp-content\/uploads\/2022\/10\/imagen-1.png\",\"contentUrl\":\"http:\/\/oncoalicia.com\/wp-content\/uploads\/2022\/10\/imagen-1.png\"},{\"@type\":\"BreadcrumbList\",\"@id\":\"https:\/\/oncoalicia.com\/en\/types-of-cancer\/head-and-neck\/difficulty-swallowing\/difficulty-swallowing-liquids\/#breadcrumb\",\"itemListElement\":[{\"@type\":\"ListItem\",\"position\":1,\"name\":\"Portada\",\"item\":\"https:\/\/oncoalicia.com\/en\/\"},{\"@type\":\"ListItem\",\"position\":2,\"name\":\"Types of Cancer\",\"item\":\"https:\/\/oncoalicia.com\/en\/types-of-cancer\/\"},{\"@type\":\"ListItem\",\"position\":3,\"name\":\"Food and Nutrition During Head and Neck Cancer\",\"item\":\"https:\/\/oncoalicia.com\/en\/types-of-cancer\/head-and-neck\/\"},{\"@type\":\"ListItem\",\"position\":4,\"name\":\"Dietary Recommendations for Dysphagia in Head and Neck Cancer\",\"item\":\"https:\/\/oncoalicia.com\/en\/types-of-cancer\/head-and-neck\/difficulty-swallowing\/\"},{\"@type\":\"ListItem\",\"position\":5,\"name\":\"Dietary Recommendations for Difficulty Swallowing Liquids in Head and Neck Cancer\"}]},{\"@type\":\"WebSite\",\"@id\":\"https:\/\/oncoalicia.com\/en\/#website\",\"url\":\"https:\/\/oncoalicia.com\/en\/\",\"name\":\"Oncoal\u00edcia\",\"description\":\"Comer durante el Tratamiento del C\u00e1ncer\",\"publisher\":{\"@id\":\"https:\/\/oncoalicia.com\/en\/#organization\"},\"alternateName\":\"Oncoal\u00edcia | Comer durante el Tratamiento del C\u00e1ncer\",\"potentialAction\":[{\"@type\":\"SearchAction\",\"target\":{\"@type\":\"EntryPoint\",\"urlTemplate\":\"https:\/\/oncoalicia.com\/en\/?s={search_term_string}\"},\"query-input\":{\"@type\":\"PropertyValueSpecification\",\"valueRequired\":true,\"valueName\":\"search_term_string\"}}],\"inLanguage\":\"en-US\"},{\"@type\":\"Organization\",\"@id\":\"https:\/\/oncoalicia.com\/en\/#organization\",\"name\":\"Oncoal\u00edcia\",\"alternateName\":\"Oncoal\u00edcia | Comer durante el Tratamiento del C\u00e1ncer\",\"url\":\"https:\/\/oncoalicia.com\/en\/\",\"logo\":{\"@type\":\"ImageObject\",\"inLanguage\":\"en-US\",\"@id\":\"https:\/\/oncoalicia.com\/en\/#\/schema\/logo\/image\/\",\"url\":\"https:\/\/oncoalicia.com\/wp-content\/uploads\/2022\/11\/logo_rrss.png\",\"contentUrl\":\"https:\/\/oncoalicia.com\/wp-content\/uploads\/2022\/11\/logo_rrss.png\",\"width\":300,\"height\":300,\"caption\":\"Oncoal\u00edcia\"},\"image\":{\"@id\":\"https:\/\/oncoalicia.com\/en\/#\/schema\/logo\/image\/\"}}]}<\/script>\n<!-- \/ Yoast SEO plugin. -->","yoast_head_json":{"title":"Nutrition for head and neck cancer patients experiencing difficulty swallowing liquids - Oncoalicia","description":"Find dietary recommendations for people with head and neck cancer who are experiencing difficulty swallowing liquids due to treatment.","robots":{"index":"index","follow":"follow","max-snippet":"max-snippet:-1","max-image-preview":"max-image-preview:large","max-video-preview":"max-video-preview:-1"},"canonical":"https:\/\/oncoalicia.com\/en\/types-of-cancer\/head-and-neck\/difficulty-swallowing\/difficulty-swallowing-liquids\/","og_locale":"en_US","og_type":"article","og_title":"Nutrition for head and neck cancer patients experiencing difficulty swallowing liquids - Oncoalicia","og_description":"Find dietary recommendations for people with head and neck cancer who are experiencing difficulty swallowing liquids due to treatment.","og_url":"https:\/\/oncoalicia.com\/en\/types-of-cancer\/head-and-neck\/difficulty-swallowing\/difficulty-swallowing-liquids\/","og_site_name":"Oncoalicia","article_modified_time":"2025-07-04T08:48:11+00:00","og_image":[{"url":"http:\/\/oncoalicia.com\/wp-content\/uploads\/2022\/10\/imagen-1.png","type":"","width":"","height":""}],"twitter_card":"summary_large_image","twitter_misc":{"Est. reading time":"5 minutes"},"schema":{"@context":"https:\/\/schema.org","@graph":[{"@type":"WebPage","@id":"https:\/\/oncoalicia.com\/en\/types-of-cancer\/head-and-neck\/difficulty-swallowing\/difficulty-swallowing-liquids\/","url":"https:\/\/oncoalicia.com\/en\/types-of-cancer\/head-and-neck\/difficulty-swallowing\/difficulty-swallowing-liquids\/","name":"Nutrition for head and neck cancer patients experiencing difficulty swallowing liquids - Oncoalicia","isPartOf":{"@id":"https:\/\/oncoalicia.com\/en\/#website"},"primaryImageOfPage":{"@id":"https:\/\/oncoalicia.com\/en\/types-of-cancer\/head-and-neck\/difficulty-swallowing\/difficulty-swallowing-liquids\/#primaryimage"},"image":{"@id":"https:\/\/oncoalicia.com\/en\/types-of-cancer\/head-and-neck\/difficulty-swallowing\/difficulty-swallowing-liquids\/#primaryimage"},"thumbnailUrl":"http:\/\/oncoalicia.com\/wp-content\/uploads\/2022\/10\/imagen-1.png","datePublished":"2021-12-21T01:02:25+00:00","dateModified":"2025-07-04T08:48:11+00:00","description":"Find dietary recommendations for people with head and neck cancer who are experiencing difficulty swallowing liquids due to treatment.","breadcrumb":{"@id":"https:\/\/oncoalicia.com\/en\/types-of-cancer\/head-and-neck\/difficulty-swallowing\/difficulty-swallowing-liquids\/#breadcrumb"},"inLanguage":"en-US","potentialAction":[{"@type":"ReadAction","target":["https:\/\/oncoalicia.com\/en\/types-of-cancer\/head-and-neck\/difficulty-swallowing\/difficulty-swallowing-liquids\/"]}]},{"@type":"ImageObject","inLanguage":"en-US","@id":"https:\/\/oncoalicia.com\/en\/types-of-cancer\/head-and-neck\/difficulty-swallowing\/difficulty-swallowing-liquids\/#primaryimage","url":"http:\/\/oncoalicia.com\/wp-content\/uploads\/2022\/10\/imagen-1.png","contentUrl":"http:\/\/oncoalicia.com\/wp-content\/uploads\/2022\/10\/imagen-1.png"},{"@type":"BreadcrumbList","@id":"https:\/\/oncoalicia.com\/en\/types-of-cancer\/head-and-neck\/difficulty-swallowing\/difficulty-swallowing-liquids\/#breadcrumb","itemListElement":[{"@type":"ListItem","position":1,"name":"Portada","item":"https:\/\/oncoalicia.com\/en\/"},{"@type":"ListItem","position":2,"name":"Types of Cancer","item":"https:\/\/oncoalicia.com\/en\/types-of-cancer\/"},{"@type":"ListItem","position":3,"name":"Food and Nutrition During Head and Neck Cancer","item":"https:\/\/oncoalicia.com\/en\/types-of-cancer\/head-and-neck\/"},{"@type":"ListItem","position":4,"name":"Dietary Recommendations for Dysphagia in Head and Neck Cancer","item":"https:\/\/oncoalicia.com\/en\/types-of-cancer\/head-and-neck\/difficulty-swallowing\/"},{"@type":"ListItem","position":5,"name":"Dietary Recommendations for Difficulty Swallowing Liquids in Head and Neck Cancer"}]},{"@type":"WebSite","@id":"https:\/\/oncoalicia.com\/en\/#website","url":"https:\/\/oncoalicia.com\/en\/","name":"Oncoal\u00edcia","description":"Comer durante el Tratamiento del C\u00e1ncer","publisher":{"@id":"https:\/\/oncoalicia.com\/en\/#organization"},"alternateName":"Oncoal\u00edcia | Comer durante el Tratamiento del C\u00e1ncer","potentialAction":[{"@type":"SearchAction","target":{"@type":"EntryPoint","urlTemplate":"https:\/\/oncoalicia.com\/en\/?s={search_term_string}"},"query-input":{"@type":"PropertyValueSpecification","valueRequired":true,"valueName":"search_term_string"}}],"inLanguage":"en-US"},{"@type":"Organization","@id":"https:\/\/oncoalicia.com\/en\/#organization","name":"Oncoal\u00edcia","alternateName":"Oncoal\u00edcia | Comer durante el Tratamiento del C\u00e1ncer","url":"https:\/\/oncoalicia.com\/en\/","logo":{"@type":"ImageObject","inLanguage":"en-US","@id":"https:\/\/oncoalicia.com\/en\/#\/schema\/logo\/image\/","url":"https:\/\/oncoalicia.com\/wp-content\/uploads\/2022\/11\/logo_rrss.png","contentUrl":"https:\/\/oncoalicia.com\/wp-content\/uploads\/2022\/11\/logo_rrss.png","width":300,"height":300,"caption":"Oncoal\u00edcia"},"image":{"@id":"https:\/\/oncoalicia.com\/en\/#\/schema\/logo\/image\/"}}]}},"_links":{"self":[{"href":"https:\/\/oncoalicia.com\/en\/wp-json\/wp\/v2\/pages\/3961","targetHints":{"allow":["GET"]}}],"collection":[{"href":"https:\/\/oncoalicia.com\/en\/wp-json\/wp\/v2\/pages"}],"about":[{"href":"https:\/\/oncoalicia.com\/en\/wp-json\/wp\/v2\/types\/page"}],"author":[{"embeddable":true,"href":"https:\/\/oncoalicia.com\/en\/wp-json\/wp\/v2\/users\/2"}],"replies":[{"embeddable":true,"href":"https:\/\/oncoalicia.com\/en\/wp-json\/wp\/v2\/comments?post=3961"}],"version-history":[{"count":0,"href":"https:\/\/oncoalicia.com\/en\/wp-json\/wp\/v2\/pages\/3961\/revisions"}],"up":[{"embeddable":true,"href":"https:\/\/oncoalicia.com\/en\/wp-json\/wp\/v2\/pages\/3957"}],"wp:attachment":[{"href":"https:\/\/oncoalicia.com\/en\/wp-json\/wp\/v2\/media?parent=3961"}],"curies":[{"name":"wp","href":"https:\/\/api.w.org\/{rel}","templated":true}]}}