{"id":3965,"date":"2022-10-14T02:51:22","date_gmt":"2022-10-14T02:51:22","guid":{"rendered":"https:\/\/www.oncoalicia.com\/nutrition-during-head-and-neck-cancer-treatment\/pain-on-swallowing\/"},"modified":"2025-07-04T08:50:32","modified_gmt":"2025-07-04T08:50:32","slug":"pain-on-swallowing","status":"publish","type":"page","link":"https:\/\/oncoalicia.com\/en\/types-of-cancer\/head-and-neck\/pain-on-swallowing\/","title":{"rendered":"Dietary Recommendations for Pain on Swallowing in Head and Neck Cancer"},"content":{"rendered":"<div class=\"row\">\n<div class=\"col-md-12 subtitle-mitos\">\n<p>Odynophagia is pain that occurs during the ingestion of food, liquids or even saliva. It can become very intense if accompanied by sores or ulcers (mucositis). It usually appears during radiotherapy treatment but can also appear more occasionally during chemotherapy or other associated treatments. The dietary-culinary recommendations are very similar to the recommendations for mucositis, as these are two symptoms that frequently coexist. In general, it will be necessary to pay attention to and modify the texture of food in order to maintain a healthy intake.<\/p>\n<\/p><\/div>\n<\/p><\/div>\n<div class=\"row p-40 w-60\">\n<div class=\"col-md-12 text-center\">\n<h2 class=\"h3 recomanem-efectes-cancer\">WHAT DO WE RECOMMEND?<\/h2>\n<\/p><\/div>\n<div class=\"col-md-12 p-10 text-center\">\n<h3><a class=\"btn-orange recomanacions-tipus-cancer\" data-toggle=\"collapse\" href=\"#collapseExample\" role=\"button\" aria-expanded=\"false\" aria-controls=\"collapseExample\">Adapt the texture of food according to the intensity of the pain. <i class=\"fa fa-angle-down\" aria-hidden=\"true\"><\/i><br \/>\n        <\/a><\/h3>\n<div class=\"collapse\" id=\"collapseExample\">\n<div class=\"card-body\">\n<div class=\"row\">\n<div class=\"col-md-12 descrip\">\n<ul>\n<li>When the pain is mild, eat food with a soft texture or that is easy to swallow (stews, soups, caramel puddings, soft cheeses, ripe and sweet fruits, overcooked pasta and rice, very tender fish, and meat), cook foods until they are soft and accompany them with sauces, broths or juices to facilitate swallowing, especially those that are drier. Cut the ingredients into very small pieces and chew them slowly.<\/li>\n<\/ul><\/div>\n<div class=\"col-md-12 text-center\">\n<div class=\"row\">\n<div class=\"col-md-12 recetas-sug\">\n                            <b>Some suggested recipes:<\/b>\n                          <\/div>\n<\/p><\/div>\n<div class=\"row\">\n<div class=\"col-md-4 col-sm-6 text-center recetitas\">\n                      <a href=\"\/en\/recipes\/shrimp-and-chicken-quiche-no-yolk\/\"><\/p>\n<div class=\"cuadro-receta-2 text-center\">\n                          <img decoding=\"async\" src=\"http:\/\/oncoalicia.com\/wp-content\/uploads\/2022\/10\/Quiche-de-langostinos-sin-yema.jpg\" class=\"w-50\"><\/p>\n<div class=\"txt-mito\">Shrimp and chicken quiche (no yolk)\n                          <\/div>\n<\/p><\/div>\n<p>                      <\/a>\n                  <\/div>\n<div class=\"col-md-4 col-sm-6 text-center recetitas\">\n                      <a href=\"\/en\/recipes\/mini-avocado-sandwiches\/\"><\/p>\n<div class=\"cuadro-receta-2 text-center\">\n                              <img decoding=\"async\" src=\"http:\/\/oncoalicia.com\/wp-content\/uploads\/2021\/10\/46._Minisa204129nwiches_de_aguacate-scaled-1-1536x1024.jpeg\" class=\"w-50\"><\/p>\n<div class=\"txt-mito\">Mini avocado sandwiches\n                              <\/div>\n<\/p><\/div>\n<p>                      <\/a>\n                  <\/div>\n<div class=\"col-md-4 col-sm-6 text-center recetitas\">\n                      <a href=\"\/en\/recipes\/stuffed-potatoes-in-the-microwave\/\"><\/p>\n<div class=\"cuadro-receta-2 text-center\">\n                              <img decoding=\"async\" src=\"http:\/\/oncoalicia.com\/wp-content\/uploads\/2022\/02\/Patatas-al-microondas-rellenas-al-gusto.jpg\" class=\"w-50\"><\/p>\n<div class=\"txt-mito\">Stuffed potatoes in the microwave\n                              <\/div>\n<\/p><\/div>\n<p>                      <\/a>\n                  <\/div>\n<\/p><\/div>\n<\/p><\/div>\n<\/p><\/div>\n<\/p><\/div>\n<\/p><\/div>\n<\/p><\/div>\n<div class=\"col-md-12 p-10 text-center\">\n<h3><a class=\"btn-orange recomanacions-tipus-cancer\" data-toggle=\"collapse\" href=\"#collapseExample-2\" role=\"button\" aria-expanded=\"false\" aria-controls=\"collapseExample\">Maintain good oral hygiene. <i class=\"fa fa-angle-down\" aria-hidden=\"true\"><\/i><br \/>\n          <\/a><\/h3>\n<div class=\"collapse\" id=\"collapseExample-2\">\n<div class=\"card-body\">\n<div class=\"row\">\n<div class=\"col-md-12 descrip\">\n<p>To avoid irritation and discomfort, use non-irritating toothpaste and soft toothbrushes and dental floss.<br \/>\nRinse your mouth throughout the day with chamomile, thyme, or bicarbonate infusions.<\/p>\n<\/p><\/div>\n<\/p><\/div>\n<\/p><\/div>\n<\/p><\/div>\n<\/p><\/div>\n<div class=\"col-md-12 p-10 text-center\">\n<h3><a class=\"btn-orange recomanacions-tipus-cancer\" data-toggle=\"collapse\" href=\"#collapseExample-5\" role=\"button\" aria-expanded=\"false\" aria-controls=\"collapseExample\">Eat little and often. <i class=\"fa fa-angle-down\" aria-hidden=\"true\"><\/i><br \/>\n          <\/a><\/h3>\n<div class=\"collapse\" id=\"collapseExample-5\">\n<div class=\"card-body\">\n<div class=\"row\">\n<div class=\"col-md-12 descrip\">\n<p>Choose small-volume meals and foods with high nutritional value. Try to maintain intake and remember the importance of ensuring a complete and adequate diet.<\/p>\n<\/p><\/div>\n<\/p><\/div>\n<\/p><\/div>\n<\/p><\/div>\n<\/p><\/div>\n<div class=\"col-md-12 p-10 text-center\">\n<h3><a class=\"btn-orange recomanacions-tipus-cancer\" data-toggle=\"collapse\" href=\"#collapseExample-4\" role=\"button\" aria-expanded=\"false\" aria-controls=\"collapseExample\">Avoid foods that may irritate mucous membranes. <i class=\"fa fa-angle-down\" aria-hidden=\"true\"><\/i><br \/>\n        <\/a><\/h3>\n<div class=\"collapse\" id=\"collapseExample-4\">\n<div class=\"card-body\">\n<div class=\"row\">\n<div class=\"col-md-12 descrip\">\n<p>Avoid:<\/p>\n<ul>\n<li>Alcoholic beverages, coffee, carbonated drinks and other acidic or irritating soft drinks (cola drinks).<\/li>\n<li>Acidic foods (tomato, raw pepper, kiwi, lemon, orange, strawberry, tangerine, mango, pineapple, vinegar, pickles&#8230;).<\/li>\n<li>Very spicy, seasoned, or salty foods.<\/li>\n<li>Dry or hard foods (crusty bread, toasted bread, breadsticks, nuts, rusks, dried fruits, dry biscuits, crisps, dry or very mature cheeses, and battered or gratin type cooking).<\/li>\n<li>Sticky foods (mashed potatoes, croquettes, bananas, chocolate, etc.).<\/li>\n<li>Fibrous foods such as some grilled meats.<\/li>\n<li>Try to eat food cold or at room temperature, as heat can irritate the mucosa and cause more intense pain.<\/li>\n<\/ul><\/div>\n<div class=\"col-md-12 text-center\">\n<div class=\"row\">\n<div class=\"col-md-12 recetas-sug\">\n                            <b>Some suggested recipes:<\/b>\n                          <\/div>\n<\/p><\/div>\n<div class=\"row\">\n<div class=\"col-md-4 col-sm-6 text-center recetitas\">\n                            <a href=\"\/en\/recipes\/banana-and-apple-instant-ice-cream\/\"><\/p>\n<div class=\"cuadro-receta-2 text-center\">\n                                    <img decoding=\"async\" src=\"http:\/\/oncoalicia.com\/wp-content\/uploads\/2021\/10\/Helado-al-momento-pera-manzana-platano.jpg\" class=\"w-50\"><\/p>\n<div class=\"txt-mito\">Banana and apple instant ice cream\n                                    <\/div>\n<\/p><\/div>\n<p>                            <\/a>\n                        <\/div>\n<div class=\"col-md-4 col-sm-6 text-center recetitas\">\n                            <a href=\"\/en\/recipes\/cold-avocado-and-corn-soup\/\"><\/p>\n<div class=\"cuadro-receta-2 text-center\">\n                                    <img decoding=\"async\" src=\"http:\/\/oncoalicia.com\/wp-content\/uploads\/2022\/02\/Sopa-fra-de-aguacate-y-maz.jpg\" class=\"w-50\"><\/p>\n<div class=\"txt-mito\">Cold avocado and corn soup\n                                    <\/div>\n<\/p><\/div>\n<p>                            <\/a>\n                        <\/div>\n<div class=\"col-md-4 col-sm-6 text-center recetitas\">\n                            <a href=\"\/en\/recipes\/turkey-and-vegetable-pie\/\"><\/p>\n<div class=\"cuadro-receta-2 text-center\">\n                                    <img decoding=\"async\" src=\"http:\/\/oncoalicia.com\/wp-content\/uploads\/2021\/10\/Pastel-de-pavo-y-verduras.jpg\" class=\"w-50\"><\/p>\n<div class=\"txt-mito\">Turkey and vegetable pie\n                                    <\/div>\n<\/p><\/div>\n<p>                            <\/a>\n                        <\/div>\n<\/p><\/div>\n<\/p><\/div>\n<\/p><\/div>\n<\/p><\/div>\n<\/p><\/div>\n<\/p><\/div>\n<div class=\"col-md-12 p-10 text-center\">\n<h3><a class=\"btn-orange recomanacions-tipus-cancer\" data-toggle=\"collapse\" href=\"#collapseExample-6\" role=\"button\" aria-expanded=\"false\" aria-controls=\"collapseExample\">Keep well hydrated. <i class=\"fa fa-angle-down\" aria-hidden=\"true\"><\/i><br \/>\n          <\/a><\/h3>\n<div class=\"collapse\" id=\"collapseExample-6\">\n<div class=\"card-body\">\n<div class=\"row\">\n<div class=\"col-md-12 descrip\">\n<p>Drink around two litres of water, herbal teas, non-acidic fruit juices, broths, jellies, ice lollies&#8230; If it is painful, take small sips throughout the day and use a straw to direct the liquids to the less painful areas.<\/p>\n<\/p><\/div>\n<\/p><\/div>\n<\/p><\/div>\n<\/p><\/div>\n<\/p><\/div>\n<div class=\"col-md-12 p-10 text-center\">\n<h3 class=\"btn-orange recomanacions-tipus-cancer\" style=\"font-weight: bold;\">Keep lips moisturised with lip cream or olive oil to prevent chapping and dryness.<\/h3>\n<\/p><\/div>\n<\/p><\/div>\n","protected":false},"excerpt":{"rendered":"<p>Odynophagia is pain that occurs during the ingestion of food, liquids or even saliva. It can become very intense if accompanied by sores or ulcers (mucositis). It usually appears during radiotherapy treatment but can also appear more occasionally during chemotherapy or other associated treatments. The dietary-culinary recommendations are very similar to the recommendations for mucositis,&hellip; <a class=\"more-link\" href=\"https:\/\/oncoalicia.com\/en\/types-of-cancer\/head-and-neck\/pain-on-swallowing\/\">Continue reading <span class=\"screen-reader-text\">Dietary Recommendations for Pain on Swallowing in Head and Neck Cancer<\/span><\/a><\/p>\n","protected":false},"author":2,"featured_media":0,"parent":3889,"menu_order":0,"comment_status":"closed","ping_status":"closed","template":"cabeza-dolor-al-deglutir.php","meta":{"footnotes":""},"class_list":["post-3965","page","type-page","status-publish","hentry","entry"],"yoast_head":"<!-- This site is optimized with the Yoast SEO plugin v26.9 - https:\/\/yoast.com\/product\/yoast-seo-wordpress\/ -->\n<title>Nutrition for head and neck cancer patients experiencing odynophagia - Oncoalicia<\/title>\n<meta name=\"description\" content=\"Find dietary recommendations for people with head and neck cancer who are experiencing pain on swallowing due to treatment.\" \/>\n<meta name=\"robots\" content=\"index, follow, max-snippet:-1, max-image-preview:large, max-video-preview:-1\" \/>\n<link rel=\"canonical\" href=\"https:\/\/oncoalicia.com\/en\/types-of-cancer\/head-and-neck\/pain-on-swallowing\/\" \/>\n<meta property=\"og:locale\" content=\"en_US\" \/>\n<meta property=\"og:type\" content=\"article\" \/>\n<meta property=\"og:title\" content=\"Nutrition for head and neck cancer patients experiencing odynophagia - Oncoalicia\" \/>\n<meta property=\"og:description\" content=\"Find dietary recommendations for people with head and neck cancer who are experiencing pain on swallowing due to treatment.\" \/>\n<meta property=\"og:url\" content=\"https:\/\/oncoalicia.com\/en\/types-of-cancer\/head-and-neck\/pain-on-swallowing\/\" \/>\n<meta property=\"og:site_name\" content=\"Oncoalicia\" \/>\n<meta property=\"article:modified_time\" content=\"2025-07-04T08:50:32+00:00\" \/>\n<meta property=\"og:image\" content=\"http:\/\/oncoalicia.com\/wp-content\/uploads\/2022\/10\/Quiche-de-langostinos-sin-yema.jpg\" \/>\n<meta name=\"twitter:card\" content=\"summary_large_image\" \/>\n<meta name=\"twitter:label1\" content=\"Est. reading time\" \/>\n\t<meta name=\"twitter:data1\" content=\"4 minutes\" \/>\n<script type=\"application\/ld+json\" class=\"yoast-schema-graph\">{\"@context\":\"https:\/\/schema.org\",\"@graph\":[{\"@type\":\"WebPage\",\"@id\":\"https:\/\/oncoalicia.com\/en\/types-of-cancer\/head-and-neck\/pain-on-swallowing\/\",\"url\":\"https:\/\/oncoalicia.com\/en\/types-of-cancer\/head-and-neck\/pain-on-swallowing\/\",\"name\":\"Nutrition for head and neck cancer patients experiencing odynophagia - Oncoalicia\",\"isPartOf\":{\"@id\":\"https:\/\/oncoalicia.com\/en\/#website\"},\"primaryImageOfPage\":{\"@id\":\"https:\/\/oncoalicia.com\/en\/types-of-cancer\/head-and-neck\/pain-on-swallowing\/#primaryimage\"},\"image\":{\"@id\":\"https:\/\/oncoalicia.com\/en\/types-of-cancer\/head-and-neck\/pain-on-swallowing\/#primaryimage\"},\"thumbnailUrl\":\"http:\/\/oncoalicia.com\/wp-content\/uploads\/2022\/10\/Quiche-de-langostinos-sin-yema.jpg\",\"datePublished\":\"2022-10-14T02:51:22+00:00\",\"dateModified\":\"2025-07-04T08:50:32+00:00\",\"description\":\"Find dietary recommendations for people with head and neck cancer who are experiencing pain on swallowing due to treatment.\",\"breadcrumb\":{\"@id\":\"https:\/\/oncoalicia.com\/en\/types-of-cancer\/head-and-neck\/pain-on-swallowing\/#breadcrumb\"},\"inLanguage\":\"en-US\",\"potentialAction\":[{\"@type\":\"ReadAction\",\"target\":[\"https:\/\/oncoalicia.com\/en\/types-of-cancer\/head-and-neck\/pain-on-swallowing\/\"]}]},{\"@type\":\"ImageObject\",\"inLanguage\":\"en-US\",\"@id\":\"https:\/\/oncoalicia.com\/en\/types-of-cancer\/head-and-neck\/pain-on-swallowing\/#primaryimage\",\"url\":\"http:\/\/oncoalicia.com\/wp-content\/uploads\/2022\/10\/Quiche-de-langostinos-sin-yema.jpg\",\"contentUrl\":\"http:\/\/oncoalicia.com\/wp-content\/uploads\/2022\/10\/Quiche-de-langostinos-sin-yema.jpg\"},{\"@type\":\"BreadcrumbList\",\"@id\":\"https:\/\/oncoalicia.com\/en\/types-of-cancer\/head-and-neck\/pain-on-swallowing\/#breadcrumb\",\"itemListElement\":[{\"@type\":\"ListItem\",\"position\":1,\"name\":\"Portada\",\"item\":\"https:\/\/oncoalicia.com\/en\/\"},{\"@type\":\"ListItem\",\"position\":2,\"name\":\"Types of Cancer\",\"item\":\"https:\/\/oncoalicia.com\/en\/types-of-cancer\/\"},{\"@type\":\"ListItem\",\"position\":3,\"name\":\"Food and Nutrition During Head and Neck Cancer\",\"item\":\"https:\/\/oncoalicia.com\/en\/types-of-cancer\/head-and-neck\/\"},{\"@type\":\"ListItem\",\"position\":4,\"name\":\"Dietary Recommendations for Pain on Swallowing in Head and Neck Cancer\"}]},{\"@type\":\"WebSite\",\"@id\":\"https:\/\/oncoalicia.com\/en\/#website\",\"url\":\"https:\/\/oncoalicia.com\/en\/\",\"name\":\"Oncoal\u00edcia\",\"description\":\"Comer durante el Tratamiento del C\u00e1ncer\",\"publisher\":{\"@id\":\"https:\/\/oncoalicia.com\/en\/#organization\"},\"alternateName\":\"Oncoal\u00edcia | Comer durante el Tratamiento del C\u00e1ncer\",\"potentialAction\":[{\"@type\":\"SearchAction\",\"target\":{\"@type\":\"EntryPoint\",\"urlTemplate\":\"https:\/\/oncoalicia.com\/en\/?s={search_term_string}\"},\"query-input\":{\"@type\":\"PropertyValueSpecification\",\"valueRequired\":true,\"valueName\":\"search_term_string\"}}],\"inLanguage\":\"en-US\"},{\"@type\":\"Organization\",\"@id\":\"https:\/\/oncoalicia.com\/en\/#organization\",\"name\":\"Oncoal\u00edcia\",\"alternateName\":\"Oncoal\u00edcia | Comer durante el Tratamiento del C\u00e1ncer\",\"url\":\"https:\/\/oncoalicia.com\/en\/\",\"logo\":{\"@type\":\"ImageObject\",\"inLanguage\":\"en-US\",\"@id\":\"https:\/\/oncoalicia.com\/en\/#\/schema\/logo\/image\/\",\"url\":\"https:\/\/oncoalicia.com\/wp-content\/uploads\/2022\/11\/logo_rrss.png\",\"contentUrl\":\"https:\/\/oncoalicia.com\/wp-content\/uploads\/2022\/11\/logo_rrss.png\",\"width\":300,\"height\":300,\"caption\":\"Oncoal\u00edcia\"},\"image\":{\"@id\":\"https:\/\/oncoalicia.com\/en\/#\/schema\/logo\/image\/\"}}]}<\/script>\n<!-- \/ Yoast SEO plugin. -->","yoast_head_json":{"title":"Nutrition for head and neck cancer patients experiencing odynophagia - Oncoalicia","description":"Find dietary recommendations for people with head and neck cancer who are experiencing pain on swallowing due to treatment.","robots":{"index":"index","follow":"follow","max-snippet":"max-snippet:-1","max-image-preview":"max-image-preview:large","max-video-preview":"max-video-preview:-1"},"canonical":"https:\/\/oncoalicia.com\/en\/types-of-cancer\/head-and-neck\/pain-on-swallowing\/","og_locale":"en_US","og_type":"article","og_title":"Nutrition for head and neck cancer patients experiencing odynophagia - Oncoalicia","og_description":"Find dietary recommendations for people with head and neck cancer who are experiencing pain on swallowing due to treatment.","og_url":"https:\/\/oncoalicia.com\/en\/types-of-cancer\/head-and-neck\/pain-on-swallowing\/","og_site_name":"Oncoalicia","article_modified_time":"2025-07-04T08:50:32+00:00","og_image":[{"url":"http:\/\/oncoalicia.com\/wp-content\/uploads\/2022\/10\/Quiche-de-langostinos-sin-yema.jpg","type":"","width":"","height":""}],"twitter_card":"summary_large_image","twitter_misc":{"Est. reading time":"4 minutes"},"schema":{"@context":"https:\/\/schema.org","@graph":[{"@type":"WebPage","@id":"https:\/\/oncoalicia.com\/en\/types-of-cancer\/head-and-neck\/pain-on-swallowing\/","url":"https:\/\/oncoalicia.com\/en\/types-of-cancer\/head-and-neck\/pain-on-swallowing\/","name":"Nutrition for head and neck cancer patients experiencing odynophagia - Oncoalicia","isPartOf":{"@id":"https:\/\/oncoalicia.com\/en\/#website"},"primaryImageOfPage":{"@id":"https:\/\/oncoalicia.com\/en\/types-of-cancer\/head-and-neck\/pain-on-swallowing\/#primaryimage"},"image":{"@id":"https:\/\/oncoalicia.com\/en\/types-of-cancer\/head-and-neck\/pain-on-swallowing\/#primaryimage"},"thumbnailUrl":"http:\/\/oncoalicia.com\/wp-content\/uploads\/2022\/10\/Quiche-de-langostinos-sin-yema.jpg","datePublished":"2022-10-14T02:51:22+00:00","dateModified":"2025-07-04T08:50:32+00:00","description":"Find dietary recommendations for people with head and neck cancer who are experiencing pain on swallowing due to treatment.","breadcrumb":{"@id":"https:\/\/oncoalicia.com\/en\/types-of-cancer\/head-and-neck\/pain-on-swallowing\/#breadcrumb"},"inLanguage":"en-US","potentialAction":[{"@type":"ReadAction","target":["https:\/\/oncoalicia.com\/en\/types-of-cancer\/head-and-neck\/pain-on-swallowing\/"]}]},{"@type":"ImageObject","inLanguage":"en-US","@id":"https:\/\/oncoalicia.com\/en\/types-of-cancer\/head-and-neck\/pain-on-swallowing\/#primaryimage","url":"http:\/\/oncoalicia.com\/wp-content\/uploads\/2022\/10\/Quiche-de-langostinos-sin-yema.jpg","contentUrl":"http:\/\/oncoalicia.com\/wp-content\/uploads\/2022\/10\/Quiche-de-langostinos-sin-yema.jpg"},{"@type":"BreadcrumbList","@id":"https:\/\/oncoalicia.com\/en\/types-of-cancer\/head-and-neck\/pain-on-swallowing\/#breadcrumb","itemListElement":[{"@type":"ListItem","position":1,"name":"Portada","item":"https:\/\/oncoalicia.com\/en\/"},{"@type":"ListItem","position":2,"name":"Types of Cancer","item":"https:\/\/oncoalicia.com\/en\/types-of-cancer\/"},{"@type":"ListItem","position":3,"name":"Food and Nutrition During Head and Neck Cancer","item":"https:\/\/oncoalicia.com\/en\/types-of-cancer\/head-and-neck\/"},{"@type":"ListItem","position":4,"name":"Dietary Recommendations for Pain on Swallowing in Head and Neck Cancer"}]},{"@type":"WebSite","@id":"https:\/\/oncoalicia.com\/en\/#website","url":"https:\/\/oncoalicia.com\/en\/","name":"Oncoal\u00edcia","description":"Comer durante el Tratamiento del C\u00e1ncer","publisher":{"@id":"https:\/\/oncoalicia.com\/en\/#organization"},"alternateName":"Oncoal\u00edcia | Comer durante el Tratamiento del C\u00e1ncer","potentialAction":[{"@type":"SearchAction","target":{"@type":"EntryPoint","urlTemplate":"https:\/\/oncoalicia.com\/en\/?s={search_term_string}"},"query-input":{"@type":"PropertyValueSpecification","valueRequired":true,"valueName":"search_term_string"}}],"inLanguage":"en-US"},{"@type":"Organization","@id":"https:\/\/oncoalicia.com\/en\/#organization","name":"Oncoal\u00edcia","alternateName":"Oncoal\u00edcia | Comer durante el Tratamiento del C\u00e1ncer","url":"https:\/\/oncoalicia.com\/en\/","logo":{"@type":"ImageObject","inLanguage":"en-US","@id":"https:\/\/oncoalicia.com\/en\/#\/schema\/logo\/image\/","url":"https:\/\/oncoalicia.com\/wp-content\/uploads\/2022\/11\/logo_rrss.png","contentUrl":"https:\/\/oncoalicia.com\/wp-content\/uploads\/2022\/11\/logo_rrss.png","width":300,"height":300,"caption":"Oncoal\u00edcia"},"image":{"@id":"https:\/\/oncoalicia.com\/en\/#\/schema\/logo\/image\/"}}]}},"_links":{"self":[{"href":"https:\/\/oncoalicia.com\/en\/wp-json\/wp\/v2\/pages\/3965","targetHints":{"allow":["GET"]}}],"collection":[{"href":"https:\/\/oncoalicia.com\/en\/wp-json\/wp\/v2\/pages"}],"about":[{"href":"https:\/\/oncoalicia.com\/en\/wp-json\/wp\/v2\/types\/page"}],"author":[{"embeddable":true,"href":"https:\/\/oncoalicia.com\/en\/wp-json\/wp\/v2\/users\/2"}],"replies":[{"embeddable":true,"href":"https:\/\/oncoalicia.com\/en\/wp-json\/wp\/v2\/comments?post=3965"}],"version-history":[{"count":0,"href":"https:\/\/oncoalicia.com\/en\/wp-json\/wp\/v2\/pages\/3965\/revisions"}],"up":[{"embeddable":true,"href":"https:\/\/oncoalicia.com\/en\/wp-json\/wp\/v2\/pages\/3889"}],"wp:attachment":[{"href":"https:\/\/oncoalicia.com\/en\/wp-json\/wp\/v2\/media?parent=3965"}],"curies":[{"name":"wp","href":"https:\/\/api.w.org\/{rel}","templated":true}]}}