{"id":3973,"date":"2022-05-11T02:18:46","date_gmt":"2022-05-11T02:18:46","guid":{"rendered":"https:\/\/www.oncoalicia.com\/nutrition-during-head-and-neck-cancer-treatment\/mouth-and-or-throat-sores\/mild-mucositis\/"},"modified":"2025-07-04T08:49:55","modified_gmt":"2025-07-04T08:49:55","slug":"mild-mucositis","status":"publish","type":"page","link":"https:\/\/oncoalicia.com\/en\/types-of-cancer\/head-and-neck\/mouth-and-or-throat-sores\/mild-mucositis\/","title":{"rendered":"Dietary Recommendations for Mild Mucositis in Head and Neck Cancer"},"content":{"rendered":"<div class=\"row p-40 w-60\">\n<div class=\"col-md-12 text-center\">\n<h2 class=\"h3 recomanem-efectes-cancer\">WHAT DO WE RECOMMEND?<\/h2>\n<\/div>\n<div class=\"col-md-12 p-10 text-center\">\n<h3 class=\"btn-orange recomanacions-tipus-cancer\" style=\"font-weight: bold;\">Maintain good oral hygiene.<br \/>\n<\/h3>\n<\/div>\n<div class=\"col-md-12 p-10 text-center\">\n<h3><a class=\"btn-orange recomanacions-tipus-cancer\" role=\"button\" href=\"#collapseExample-1\" data-toggle=\"collapse\" aria-expanded=\"false\" aria-controls=\"collapseExample\">Rinse your mouth throughout the day with chamomile, thyme, or baking soda infusions. <i class=\"fa fa-angle-down\" aria-hidden=\"true\"><\/i><br \/>\n<\/a><\/h3>\n<div id=\"collapseExample-1\" class=\"collapse\">\n<div class=\"card-body\">\n<div class=\"row\">\n<div class=\"col-md-12 descrip\">\n<p>Mucositis is not conditioned by daily hygienic measures (mouthwashes), but these can help to alleviate discomfort.<\/p>\n<\/div>\n<\/div>\n<\/div>\n<\/div>\n<\/div>\n<div class=\"col-md-12 p-10 text-center\">\n<h3 class=\"btn-orange recomanacions-tipus-cancer\" style=\"font-weight: bold;\">Keep lips moisturised with lip cream or olive oil to prevent chapping and dryness.<\/h3>\n<\/div>\n<div class=\"col-md-12 p-10 text-center\">\n<h3><a class=\"btn-orange recomanacions-tipus-cancer\" role=\"button\" href=\"#collapseExample-2\" data-toggle=\"collapse\" aria-expanded=\"false\" aria-controls=\"collapseExample\">Keep well hydrated. <i class=\"fa fa-angle-down\" aria-hidden=\"true\"><\/i><br \/>\n<\/a><\/h3>\n<div id=\"collapseExample-2\" class=\"collapse\">\n<div class=\"card-body\">\n<div class=\"row\">\n<div class=\"col-md-12 descrip\">\n<p>It is recommended to drink about two litres of water a day (herbal teas or natural broths). If it is painful, take small sips throughout the day and use a straw to direct the liquids to the less painful areas.<\/p>\n<\/div>\n<\/div>\n<\/div>\n<\/div>\n<\/div>\n<div class=\"col-md-12 p-10 text-center\">\n<h3 class=\"btn-orange recomanacions-tipus-cancer\" style=\"font-weight: bold;\">Before meals, numb your mouth with crushed ice, very cold water, jellies, or ice cream to reduce pain.<\/h3>\n<\/div>\n<div class=\"col-md-12 p-10 text-center\">\n<h3><a class=\"btn-orange recomanacions-tipus-cancer\" role=\"button\" href=\"#collapseExample-3\" data-toggle=\"collapse\" aria-expanded=\"false\" aria-controls=\"collapseExample\">Avoid foods that may irritate mucous membranes. <i class=\"fa fa-angle-down\" aria-hidden=\"true\"><\/i><br \/>\n<\/a><\/h3>\n<div id=\"collapseExample-3\" class=\"collapse\">\n<div class=\"card-body\">\n<div class=\"row\">\n<div class=\"col-md-12 descrip\">\nAvoid:<\/p>\n<ul>\n<li>Alcoholic beverages, coffee, carbonated drinks and other acidic or irritating soft drinks (cola drinks).<\/li>\n<li>Acidic foods (tomato, raw pepper, kiwi, lemon, orange, strawberry, tangerine, mango, pineapple, vinegar, pickles&#8230;).<\/li>\n<li>Very spicy, seasoned, or salty foods.<\/li>\n<li>Dry or hard foods (crusty bread, toasted bread, breadsticks, nuts, rusks, dried fruits, dry biscuits, crisps, dry or very mature cheeses, and battered or gratin type cooking).<\/li>\n<li>Sticky foods (such as mashed potatoes, croquettes, bananas, chocolate, etc.).<\/li>\n<li>Fibrous foods such as some grilled meats or wild asparagus.<\/li>\n<\/ul>\n<\/div>\n<\/div>\n<\/div>\n<\/div>\n<\/div>\n<div class=\"col-md-12 p-10 text-center\">\n<h3><a class=\"btn-orange recomanacions-tipus-cancer\" role=\"button\" href=\"#collapseExample\" data-toggle=\"collapse\" aria-expanded=\"false\" aria-controls=\"collapseExample\">Try to eat food cold or at room temperature. <i class=\"fa fa-angle-down\" aria-hidden=\"true\"><\/i><br \/>\n<\/a><\/h3>\n<div id=\"collapseExample\" class=\"collapse\">\n<div class=\"card-body\">\n<div class=\"row\">\n<div class=\"col-md-12 text-center\">\n<div class=\"row\">\n<div class=\"col-md-12 recetas-sug\"><b>Some suggested recipes:<\/b><\/div>\n<\/div>\n<div class=\"row\">\n<div class=\"col-md-4 col-sm-6 text-center recetitas\">\n<div class=\"cuadro-receta-2 text-center\">\n<a href=\"\/en\/recipes\/cream-of-beans-and-thyme\/\"><br \/>\n<img decoding=\"async\" class=\"w-50\" src=\"http:\/\/oncoalicia.com\/wp-content\/uploads\/2022\/04\/113.-V-Crema-de-alubias-y-tomillo.jpg\"><\/p>\n<div class=\"txt-mito\">Cream of beans and thyme<\/div>\n<p><\/a>\n<\/div>\n<p>&nbsp;<\/p>\n<\/div>\n<div class=\"col-md-4 col-sm-6 text-center recetitas\">\n<a href=\"\/en\/recipes\/cold-avocado-and-corn-soup\/\"><\/p>\n<div class=\"cuadro-receta-2 text-center\">\n<img decoding=\"async\" class=\"w-50\" src=\"http:\/\/oncoalicia.com\/wp-content\/uploads\/2022\/02\/Sopa-fra-de-aguacate-y-maz.jpg\"><\/p>\n<div class=\"txt-mito\">Cold avocado and corn soup<\/div>\n<p><\/a>\n<\/div>\n<p>&nbsp;<\/p>\n<\/div>\n<div class=\"col-md-4 col-sm-6 text-center recetitas\">\n<a href=\"\/en\/recipes\/quick-chickpea-puree-with-egg\/\"><\/p>\n<div class=\"cuadro-receta-2 text-center\">\n<img decoding=\"async\" class=\"w-50\" src=\"http:\/\/oncoalicia.com\/wp-content\/uploads\/2022\/02\/Pur%E2%80%9A-r-pido-de-garbanzos-con-huevo.jpg\"><\/p>\n<div class=\"txt-mito\">Quick chickpea puree with egg<\/div>\n<p><\/a>\n<\/div>\n<p>&nbsp;<\/p>\n<\/div>\n<\/div>\n<\/div>\n<\/div>\n<\/div>\n<\/div>\n<\/div>\n<div class=\"col-md-12 p-10 text-center\">\n<h3><a class=\"btn-orange recomanacions-tipus-cancer\" role=\"button\" href=\"#collapseExample-5\" data-toggle=\"collapse\" aria-expanded=\"false\" aria-controls=\"collapseExample\">Adapt the texture of food. <i class=\"fa fa-angle-down\" aria-hidden=\"true\"><\/i><br \/>\n<\/a><\/h3>\n<div id=\"collapseExample-5\" class=\"collapse\">\n<div class=\"card-body\">\n<div class=\"row\">\n<div class=\"col-md-12 descrip\">\n<p>Preferably eat foods with a soft texture or that are easy to swallow (stews, soups, caramel puddings, soft cheeses, ripe and sweet fruits, overcooked pasta and rice, very tender fish, and meat). Cook foods until they are soft and accompany them with sauces, broths, or juices to facilitate swallowing, especially those that are drier. Cut the ingredients into very small pieces and chew them slowly.<\/p>\n<\/div>\n<div class=\"col-md-12 text-center\">\n<div class=\"row\">\n<div class=\"col-md-12 recetas-sug\"><b>Some suggested recipes:<\/b><\/div>\n<\/div>\n<div class=\"row\">\n<div class=\"col-md-4 col-sm-6 text-center recetitas\">\n<a href=\"\/en\/recipes\/apple-and-oat-milk-caramel-pudding\/\"><\/p>\n<div class=\"cuadro-receta-2 text-center\">\n<img decoding=\"async\" class=\"w-50\" src=\"http:\/\/oncoalicia.com\/wp-content\/uploads\/2021\/10\/Flan-de-avena-y-manzana-1.jpeg\"><\/p>\n<div class=\"txt-mito\">Flam oat and apple drink<\/div>\n<p><\/a>\n<\/div>\n<p>&nbsp;<\/p>\n<\/div>\n<div class=\"col-md-4 col-sm-6 text-center recetitas\">\n<a href=\"\/en\/recipes\/soft-fish-sandwich\/\"><\/p>\n<div class=\"cuadro-receta-2 text-center\">\n<img decoding=\"async\" class=\"w-50\" src=\"http:\/\/oncoalicia.com\/wp-content\/uploads\/2022\/04\/112.-V-Bocadillo-tierno-de-pescado.jpg\"><\/p>\n<div class=\"txt-mito\">Soft fish sandwich<\/div>\n<p><\/a>\n<\/div>\n<p>&nbsp;<\/p>\n<\/div>\n<div class=\"col-md-4 col-sm-6 text-center recetitas\">\n<a href=\"\/en\/recipes\/risotto-of-vegetables-and-cod\/\"><\/p>\n<div class=\"cuadro-receta-2 text-center\">\n<img decoding=\"async\" class=\"w-50\" src=\"http:\/\/oncoalicia.com\/wp-content\/uploads\/2022\/02\/Risotto-de-verdures-y-bacalao.jpg\"><\/p>\n<div class=\"txt-mito\">&#8216;Risotto&#8217; of vegetables and cod<\/div>\n<p><\/a>\n<\/div>\n<p>&nbsp;<\/p>\n<\/div>\n<\/div>\n<\/div>\n<\/div>\n<\/div>\n<\/div>\n<\/div>\n<\/div>\n","protected":false},"excerpt":{"rendered":"<p>WHAT DO WE RECOMMEND? Maintain good oral hygiene. Rinse your mouth throughout the day with chamomile, thyme, or baking soda infusions. Mucositis is not conditioned by daily hygienic measures (mouthwashes), but these can help to alleviate discomfort. Keep lips moisturised with lip cream or olive oil to prevent chapping and dryness. Keep well hydrated. It&hellip; <a class=\"more-link\" href=\"https:\/\/oncoalicia.com\/en\/types-of-cancer\/head-and-neck\/mouth-and-or-throat-sores\/mild-mucositis\/\">Continue reading <span class=\"screen-reader-text\">Dietary Recommendations for Mild Mucositis in Head and Neck Cancer<\/span><\/a><\/p>\n","protected":false},"author":2,"featured_media":0,"parent":3967,"menu_order":0,"comment_status":"closed","ping_status":"closed","template":"cabeza-mucositis-leve.php","meta":{"footnotes":""},"class_list":["post-3973","page","type-page","status-publish","hentry","entry"],"yoast_head":"<!-- This site is optimized with the Yoast SEO plugin v26.9 - https:\/\/yoast.com\/product\/yoast-seo-wordpress\/ -->\n<title>Nutrition for head and neck cancer patients experiencing mild mucositis - Oncoalicia<\/title>\n<meta name=\"description\" content=\"Find dietary recommendations for people with head and neck cancer who are experiencing mild mucositis due to treatment.\" \/>\n<meta name=\"robots\" content=\"index, follow, max-snippet:-1, max-image-preview:large, max-video-preview:-1\" \/>\n<link rel=\"canonical\" href=\"https:\/\/oncoalicia.com\/en\/types-of-cancer\/head-and-neck\/mouth-and-or-throat-sores\/mild-mucositis\/\" \/>\n<meta property=\"og:locale\" content=\"en_US\" \/>\n<meta property=\"og:type\" content=\"article\" \/>\n<meta property=\"og:title\" content=\"Nutrition for head and neck cancer patients experiencing mild mucositis - Oncoalicia\" \/>\n<meta property=\"og:description\" content=\"Find dietary recommendations for people with head and neck cancer who are experiencing mild mucositis due to treatment.\" \/>\n<meta property=\"og:url\" content=\"https:\/\/oncoalicia.com\/en\/types-of-cancer\/head-and-neck\/mouth-and-or-throat-sores\/mild-mucositis\/\" \/>\n<meta property=\"og:site_name\" content=\"Oncoalicia\" \/>\n<meta property=\"article:modified_time\" content=\"2025-07-04T08:49:55+00:00\" \/>\n<meta property=\"og:image\" content=\"http:\/\/oncoalicia.com\/wp-content\/uploads\/2022\/04\/113.-V-Crema-de-alubias-y-tomillo.jpg\" \/>\n<meta name=\"twitter:card\" content=\"summary_large_image\" \/>\n<meta name=\"twitter:label1\" content=\"Est. reading time\" \/>\n\t<meta name=\"twitter:data1\" content=\"3 minutes\" \/>\n<script type=\"application\/ld+json\" class=\"yoast-schema-graph\">{\"@context\":\"https:\/\/schema.org\",\"@graph\":[{\"@type\":\"WebPage\",\"@id\":\"https:\/\/oncoalicia.com\/en\/types-of-cancer\/head-and-neck\/mouth-and-or-throat-sores\/mild-mucositis\/\",\"url\":\"https:\/\/oncoalicia.com\/en\/types-of-cancer\/head-and-neck\/mouth-and-or-throat-sores\/mild-mucositis\/\",\"name\":\"Nutrition for head and neck cancer patients experiencing mild mucositis - Oncoalicia\",\"isPartOf\":{\"@id\":\"https:\/\/oncoalicia.com\/en\/#website\"},\"primaryImageOfPage\":{\"@id\":\"https:\/\/oncoalicia.com\/en\/types-of-cancer\/head-and-neck\/mouth-and-or-throat-sores\/mild-mucositis\/#primaryimage\"},\"image\":{\"@id\":\"https:\/\/oncoalicia.com\/en\/types-of-cancer\/head-and-neck\/mouth-and-or-throat-sores\/mild-mucositis\/#primaryimage\"},\"thumbnailUrl\":\"http:\/\/oncoalicia.com\/wp-content\/uploads\/2022\/04\/113.-V-Crema-de-alubias-y-tomillo.jpg\",\"datePublished\":\"2022-05-11T02:18:46+00:00\",\"dateModified\":\"2025-07-04T08:49:55+00:00\",\"description\":\"Find dietary recommendations for people with head and neck cancer who are experiencing mild mucositis due to treatment.\",\"breadcrumb\":{\"@id\":\"https:\/\/oncoalicia.com\/en\/types-of-cancer\/head-and-neck\/mouth-and-or-throat-sores\/mild-mucositis\/#breadcrumb\"},\"inLanguage\":\"en-US\",\"potentialAction\":[{\"@type\":\"ReadAction\",\"target\":[\"https:\/\/oncoalicia.com\/en\/types-of-cancer\/head-and-neck\/mouth-and-or-throat-sores\/mild-mucositis\/\"]}]},{\"@type\":\"ImageObject\",\"inLanguage\":\"en-US\",\"@id\":\"https:\/\/oncoalicia.com\/en\/types-of-cancer\/head-and-neck\/mouth-and-or-throat-sores\/mild-mucositis\/#primaryimage\",\"url\":\"http:\/\/oncoalicia.com\/wp-content\/uploads\/2022\/04\/113.-V-Crema-de-alubias-y-tomillo.jpg\",\"contentUrl\":\"http:\/\/oncoalicia.com\/wp-content\/uploads\/2022\/04\/113.-V-Crema-de-alubias-y-tomillo.jpg\"},{\"@type\":\"BreadcrumbList\",\"@id\":\"https:\/\/oncoalicia.com\/en\/types-of-cancer\/head-and-neck\/mouth-and-or-throat-sores\/mild-mucositis\/#breadcrumb\",\"itemListElement\":[{\"@type\":\"ListItem\",\"position\":1,\"name\":\"Portada\",\"item\":\"https:\/\/oncoalicia.com\/en\/\"},{\"@type\":\"ListItem\",\"position\":2,\"name\":\"Types of Cancer\",\"item\":\"https:\/\/oncoalicia.com\/en\/types-of-cancer\/\"},{\"@type\":\"ListItem\",\"position\":3,\"name\":\"Food and Nutrition During Head and Neck Cancer\",\"item\":\"https:\/\/oncoalicia.com\/en\/types-of-cancer\/head-and-neck\/\"},{\"@type\":\"ListItem\",\"position\":4,\"name\":\"Dietary Recommendations for Mouth or Throat Sores in Head and Neck Cancer\",\"item\":\"https:\/\/oncoalicia.com\/en\/types-of-cancer\/head-and-neck\/mouth-and-or-throat-sores\/\"},{\"@type\":\"ListItem\",\"position\":5,\"name\":\"Dietary Recommendations for Mild Mucositis in Head and Neck Cancer\"}]},{\"@type\":\"WebSite\",\"@id\":\"https:\/\/oncoalicia.com\/en\/#website\",\"url\":\"https:\/\/oncoalicia.com\/en\/\",\"name\":\"Oncoal\u00edcia\",\"description\":\"Comer durante el Tratamiento del C\u00e1ncer\",\"publisher\":{\"@id\":\"https:\/\/oncoalicia.com\/en\/#organization\"},\"alternateName\":\"Oncoal\u00edcia | Comer durante el Tratamiento del C\u00e1ncer\",\"potentialAction\":[{\"@type\":\"SearchAction\",\"target\":{\"@type\":\"EntryPoint\",\"urlTemplate\":\"https:\/\/oncoalicia.com\/en\/?s={search_term_string}\"},\"query-input\":{\"@type\":\"PropertyValueSpecification\",\"valueRequired\":true,\"valueName\":\"search_term_string\"}}],\"inLanguage\":\"en-US\"},{\"@type\":\"Organization\",\"@id\":\"https:\/\/oncoalicia.com\/en\/#organization\",\"name\":\"Oncoal\u00edcia\",\"alternateName\":\"Oncoal\u00edcia | Comer durante el Tratamiento del C\u00e1ncer\",\"url\":\"https:\/\/oncoalicia.com\/en\/\",\"logo\":{\"@type\":\"ImageObject\",\"inLanguage\":\"en-US\",\"@id\":\"https:\/\/oncoalicia.com\/en\/#\/schema\/logo\/image\/\",\"url\":\"https:\/\/oncoalicia.com\/wp-content\/uploads\/2022\/11\/logo_rrss.png\",\"contentUrl\":\"https:\/\/oncoalicia.com\/wp-content\/uploads\/2022\/11\/logo_rrss.png\",\"width\":300,\"height\":300,\"caption\":\"Oncoal\u00edcia\"},\"image\":{\"@id\":\"https:\/\/oncoalicia.com\/en\/#\/schema\/logo\/image\/\"}}]}<\/script>\n<!-- \/ Yoast SEO plugin. -->","yoast_head_json":{"title":"Nutrition for head and neck cancer patients experiencing mild mucositis - Oncoalicia","description":"Find dietary recommendations for people with head and neck cancer who are experiencing mild mucositis due to treatment.","robots":{"index":"index","follow":"follow","max-snippet":"max-snippet:-1","max-image-preview":"max-image-preview:large","max-video-preview":"max-video-preview:-1"},"canonical":"https:\/\/oncoalicia.com\/en\/types-of-cancer\/head-and-neck\/mouth-and-or-throat-sores\/mild-mucositis\/","og_locale":"en_US","og_type":"article","og_title":"Nutrition for head and neck cancer patients experiencing mild mucositis - Oncoalicia","og_description":"Find dietary recommendations for people with head and neck cancer who are experiencing mild mucositis due to treatment.","og_url":"https:\/\/oncoalicia.com\/en\/types-of-cancer\/head-and-neck\/mouth-and-or-throat-sores\/mild-mucositis\/","og_site_name":"Oncoalicia","article_modified_time":"2025-07-04T08:49:55+00:00","og_image":[{"url":"http:\/\/oncoalicia.com\/wp-content\/uploads\/2022\/04\/113.-V-Crema-de-alubias-y-tomillo.jpg","type":"","width":"","height":""}],"twitter_card":"summary_large_image","twitter_misc":{"Est. reading time":"3 minutes"},"schema":{"@context":"https:\/\/schema.org","@graph":[{"@type":"WebPage","@id":"https:\/\/oncoalicia.com\/en\/types-of-cancer\/head-and-neck\/mouth-and-or-throat-sores\/mild-mucositis\/","url":"https:\/\/oncoalicia.com\/en\/types-of-cancer\/head-and-neck\/mouth-and-or-throat-sores\/mild-mucositis\/","name":"Nutrition for head and neck cancer patients experiencing mild mucositis - Oncoalicia","isPartOf":{"@id":"https:\/\/oncoalicia.com\/en\/#website"},"primaryImageOfPage":{"@id":"https:\/\/oncoalicia.com\/en\/types-of-cancer\/head-and-neck\/mouth-and-or-throat-sores\/mild-mucositis\/#primaryimage"},"image":{"@id":"https:\/\/oncoalicia.com\/en\/types-of-cancer\/head-and-neck\/mouth-and-or-throat-sores\/mild-mucositis\/#primaryimage"},"thumbnailUrl":"http:\/\/oncoalicia.com\/wp-content\/uploads\/2022\/04\/113.-V-Crema-de-alubias-y-tomillo.jpg","datePublished":"2022-05-11T02:18:46+00:00","dateModified":"2025-07-04T08:49:55+00:00","description":"Find dietary recommendations for people with head and neck cancer who are experiencing mild mucositis due to treatment.","breadcrumb":{"@id":"https:\/\/oncoalicia.com\/en\/types-of-cancer\/head-and-neck\/mouth-and-or-throat-sores\/mild-mucositis\/#breadcrumb"},"inLanguage":"en-US","potentialAction":[{"@type":"ReadAction","target":["https:\/\/oncoalicia.com\/en\/types-of-cancer\/head-and-neck\/mouth-and-or-throat-sores\/mild-mucositis\/"]}]},{"@type":"ImageObject","inLanguage":"en-US","@id":"https:\/\/oncoalicia.com\/en\/types-of-cancer\/head-and-neck\/mouth-and-or-throat-sores\/mild-mucositis\/#primaryimage","url":"http:\/\/oncoalicia.com\/wp-content\/uploads\/2022\/04\/113.-V-Crema-de-alubias-y-tomillo.jpg","contentUrl":"http:\/\/oncoalicia.com\/wp-content\/uploads\/2022\/04\/113.-V-Crema-de-alubias-y-tomillo.jpg"},{"@type":"BreadcrumbList","@id":"https:\/\/oncoalicia.com\/en\/types-of-cancer\/head-and-neck\/mouth-and-or-throat-sores\/mild-mucositis\/#breadcrumb","itemListElement":[{"@type":"ListItem","position":1,"name":"Portada","item":"https:\/\/oncoalicia.com\/en\/"},{"@type":"ListItem","position":2,"name":"Types of Cancer","item":"https:\/\/oncoalicia.com\/en\/types-of-cancer\/"},{"@type":"ListItem","position":3,"name":"Food and Nutrition During Head and Neck Cancer","item":"https:\/\/oncoalicia.com\/en\/types-of-cancer\/head-and-neck\/"},{"@type":"ListItem","position":4,"name":"Dietary Recommendations for Mouth or Throat Sores in Head and Neck Cancer","item":"https:\/\/oncoalicia.com\/en\/types-of-cancer\/head-and-neck\/mouth-and-or-throat-sores\/"},{"@type":"ListItem","position":5,"name":"Dietary Recommendations for Mild Mucositis in Head and Neck Cancer"}]},{"@type":"WebSite","@id":"https:\/\/oncoalicia.com\/en\/#website","url":"https:\/\/oncoalicia.com\/en\/","name":"Oncoal\u00edcia","description":"Comer durante el Tratamiento del C\u00e1ncer","publisher":{"@id":"https:\/\/oncoalicia.com\/en\/#organization"},"alternateName":"Oncoal\u00edcia | Comer durante el Tratamiento del C\u00e1ncer","potentialAction":[{"@type":"SearchAction","target":{"@type":"EntryPoint","urlTemplate":"https:\/\/oncoalicia.com\/en\/?s={search_term_string}"},"query-input":{"@type":"PropertyValueSpecification","valueRequired":true,"valueName":"search_term_string"}}],"inLanguage":"en-US"},{"@type":"Organization","@id":"https:\/\/oncoalicia.com\/en\/#organization","name":"Oncoal\u00edcia","alternateName":"Oncoal\u00edcia | Comer durante el Tratamiento del C\u00e1ncer","url":"https:\/\/oncoalicia.com\/en\/","logo":{"@type":"ImageObject","inLanguage":"en-US","@id":"https:\/\/oncoalicia.com\/en\/#\/schema\/logo\/image\/","url":"https:\/\/oncoalicia.com\/wp-content\/uploads\/2022\/11\/logo_rrss.png","contentUrl":"https:\/\/oncoalicia.com\/wp-content\/uploads\/2022\/11\/logo_rrss.png","width":300,"height":300,"caption":"Oncoal\u00edcia"},"image":{"@id":"https:\/\/oncoalicia.com\/en\/#\/schema\/logo\/image\/"}}]}},"_links":{"self":[{"href":"https:\/\/oncoalicia.com\/en\/wp-json\/wp\/v2\/pages\/3973","targetHints":{"allow":["GET"]}}],"collection":[{"href":"https:\/\/oncoalicia.com\/en\/wp-json\/wp\/v2\/pages"}],"about":[{"href":"https:\/\/oncoalicia.com\/en\/wp-json\/wp\/v2\/types\/page"}],"author":[{"embeddable":true,"href":"https:\/\/oncoalicia.com\/en\/wp-json\/wp\/v2\/users\/2"}],"replies":[{"embeddable":true,"href":"https:\/\/oncoalicia.com\/en\/wp-json\/wp\/v2\/comments?post=3973"}],"version-history":[{"count":0,"href":"https:\/\/oncoalicia.com\/en\/wp-json\/wp\/v2\/pages\/3973\/revisions"}],"up":[{"embeddable":true,"href":"https:\/\/oncoalicia.com\/en\/wp-json\/wp\/v2\/pages\/3967"}],"wp:attachment":[{"href":"https:\/\/oncoalicia.com\/en\/wp-json\/wp\/v2\/media?parent=3973"}],"curies":[{"name":"wp","href":"https:\/\/api.w.org\/{rel}","templated":true}]}}