{"id":3992,"date":"2022-06-04T05:39:01","date_gmt":"2022-06-04T05:39:01","guid":{"rendered":"https:\/\/www.oncoalicia.com\/type-of-cancer\/nutrition-during-breast-cancer-treatment\/sores-in-the-mouth-and-or-throat\/"},"modified":"2025-07-04T08:33:20","modified_gmt":"2025-07-04T08:33:20","slug":"sores-in-the-mouth-and-or-throat","status":"publish","type":"page","link":"https:\/\/oncoalicia.com\/en\/types-of-cancer\/breast\/sores-in-the-mouth-and-or-throat\/","title":{"rendered":"Dietary Recommendations for Mouth or Throat Sores in Breast Cancer"},"content":{"rendered":"<section class=\"recetas m-top-20\">\n<div class=\"container\">\n<div class=\"row\">\n<h1 class=\"col-md-12 text-center title-receta\">\n Mouth and\/or throat sores<br \/>\n      <\/h1>\n<\/p><\/div>\n<div class=\"row\">\n<div class=\"col-md-12 subtitle-mitos\">\n<p>Mucositis is defined as the inflammation of the mucosa of the mouth and\/or throat and the appearance of sores, usually as a reaction to some cancer treatments. This symptom can appear at different stages of treatment and in different degrees, causing pain and discomfort when eating. It is generally recommended that patients modify the texture of food and other preparations.<\/p>\n<\/p><\/div>\n<\/p><\/div>\n<div class=\"row p-40 w-60\">\n<div class=\"col-md-12 text-center\">\n<h2 class=\"h3 recomanem-efectes-cancer\">WHAT DO WE RECOMMEND?<\/h2>\n<\/p><\/div>\n<div class=\"col-md-12 p-10 text-center\">\n<h3><a class=\"btn-orange recomanacions-tipus-cancer\" data-toggle=\"collapse\" href=\"#collapseExample-1\" role=\"button\" aria-expanded=\"false\" aria-controls=\"collapseExample\">Maintain good oral hygiene. <i class=\"fa fa-angle-down\" aria-hidden=\"true\"><\/i><br \/>\n        <\/a><\/h3>\n<div class=\"collapse\" id=\"collapseExample-1\">\n<div class=\"card-body\">\n<div class=\"row\">\n<div class=\"col-md-12 descrip\">\n<p>To avoid irritation and discomfort, use non-irritating toothpaste and soft toothbrushes and dental floss. Rinse your mouth with mouthwash.<\/p>\n<\/p><\/div>\n<\/p><\/div>\n<\/p><\/div>\n<\/p><\/div>\n<\/p><\/div>\n<div class=\"col-md-12 p-10 text-center\">\n<h3><a class=\"btn-orange recomanacions-tipus-cancer\" data-toggle=\"collapse\" href=\"#collapseExample-2\" role=\"button\" aria-expanded=\"false\" aria-controls=\"collapseExample\">Rinse your mouth throughout the day with chamomile, thyme, or bicarbonate of soda infusions. <i class=\"fa fa-angle-down\" aria-hidden=\"true\"><\/i><br \/>\n        <\/a><\/p>\n<h3>\n<div class=\"collapse\" id=\"collapseExample-2\">\n<div class=\"card-body\">\n<div class=\"row\">\n<div class=\"col-md-12 descrip\">\n<p>Mucositis is not conditioned by daily hygienic measures (mouthwashes), but these can help to alleviate discomfort.<\/p>\n<\/p><\/div>\n<\/p><\/div>\n<\/p><\/div>\n<\/p><\/div>\n<\/p><\/div>\n<div class=\"col-md-12 p-10 text-center\">\n<h3 class=\"btn-orange recomanacions-tipus-cancer\" style=\"font-weight: bold;\">Keep lips moisturised with lip cream or olive oil to prevent dryness and chapping.<\/h3>\n<\/p><\/div>\n<div class=\"col-md-12 p-10 text-center\">\n<h3><a class=\"btn-orange recomanacions-tipus-cancer\" data-toggle=\"collapse\" href=\"#collapseExample-3\" role=\"button\" aria-expanded=\"false\" aria-controls=\"collapseExample\">Eat little and often. <i class=\"fa fa-angle-down\" aria-hidden=\"true\"><\/i><br \/>\n        <\/a><\/h3>\n<div class=\"collapse\" id=\"collapseExample-3\">\n<div class=\"card-body\">\n<div class=\"row\">\n<div class=\"col-md-12 descrip\">\n<p>Choose small-volume meals and foods with high nutritional value. Try to maintain intake and remember the importance of ensuring a complete and adequate diet.<\/p>\n<\/p><\/div>\n<\/p><\/div>\n<\/p><\/div>\n<\/p><\/div>\n<\/p><\/div>\n<div class=\"col-md-12 p-10 text-center\">\n<h3 class=\"btn-orange recomanacions-tipus-cancer\" style=\"font-weight: bold;\">Before meals, numb the mouth with crushed ice, very cold water, jellies, or ice cream to reduce pain.<\/h3>\n<\/p><\/div>\n<div class=\"col-md-12 p-10 text-center\">\n<h3><a class=\"btn-orange recomanacions-tipus-cancer\" data-toggle=\"collapse\" href=\"#collapseExample-4\" role=\"button\" aria-expanded=\"false\" aria-controls=\"collapseExample\">Avoid foods that may irritate mucous membranes. <i class=\"fa fa-angle-down\" aria-hidden=\"true\"><\/i><br \/>\n        <\/a><\/h3>\n<div class=\"collapse\" id=\"collapseExample-4\">\n<div class=\"card-body\">\n<div class=\"row\">\n<div class=\"col-md-12 descrip\">\n<ul>\n<li>Alcoholic beverages, coffee, carbonated drinks and other acidic or irritating soft drinks (cola drinks).<\/li>\n<li>Acidic foods (tomato, raw pepper, kiwi, lemon, orange, strawberry, tangerine, mango, pineapple, vinegar, pickles&#8230;).<\/li>\n<li>Very spicy, seasoned, or salty foods.<\/li>\n<li>Dry or hard foods (crusty bread, toasted bread, crackers, breadsticks, nuts, dried fruit, dry biscuits, chips, dry or very mature cheeses and battered or gratin cooking methods).<\/li>\n<li>Sticky foods (such as mashed potatoes, croquettes, bananas, chocolate, etc.).<\/li>\n<li>Fibrous foods, such as some grilled meats, and wild asparagus.<\/li>\n<\/ul><\/div>\n<\/p><\/div>\n<\/p><\/div>\n<\/p><\/div>\n<\/p><\/div>\n<div class=\"col-md-12 p-10 text-center\">\n<h3><a class=\"btn-orange recomanacions-tipus-cancer\" data-toggle=\"collapse\" href=\"#collapseExample-5\" role=\"button\" aria-expanded=\"false\" aria-controls=\"collapseExample\">Keep well hydrated. <i class=\"fa fa-angle-down\" aria-hidden=\"true\"><\/i><br \/>\n        <\/a><\/h3>\n<div class=\"collapse\" id=\"collapseExample-5\">\n<div class=\"card-body\">\n<div class=\"row\">\n<div class=\"col-md-12 descrip\">\n<p>Drink around two litres of water, herbal teas, non-acidic fruit juices, broths, jellies, ice lollies&#8230; If it is painful, take small sips throughout the day and use a straw to direct the liquids to the less painful areas.<\/p>\n<\/p><\/div>\n<\/p><\/div>\n<\/p><\/div>\n<\/p><\/div>\n<\/p><\/div>\n<div class=\"col-md-12 p-10 text-center\">\n<h3><a class=\"btn-orange recomanacions-tipus-cancer\" data-toggle=\"collapse\" href=\"#collapseExample-6\" role=\"button\" aria-expanded=\"false\" aria-controls=\"collapseExample\">Try to eat food cold or at room temperature. <i class=\"fa fa-angle-down\" aria-hidden=\"true\"><\/i><br \/>\n        <\/a><\/h3>\n<div class=\"collapse\" id=\"collapseExample-6\">\n<div class=\"card-body\">\n<div class=\"row\">\n<div class=\"col-md-12 descrip\">\n<p>Heat can further irritate the mucosa.<\/p>\n<\/p><\/div>\n<div class=\"col-md-12 text-center\">\n<div class=\"row\">\n<div class=\"col-md-12 recetas-sug\">\n                    <b>Some suggested recipes:<\/b>\n                  <\/div>\n<\/p><\/div>\n<div class=\"row\">\n<div class=\"col-md-4 col-sm-6 text-center recetitas\">\n                    <a href=\"\/en\/recipes\/cold-avocado-and-corn-soup\/\"><\/p>\n<div class=\"cuadro-receta-2 text-center\">\n                        <img decoding=\"async\" src=\"http:\/\/oncoalicia.com\/wp-content\/uploads\/2022\/02\/Sopa-fra-de-aguacate-y-maz.jpg\" class=\"w-50\"><\/p>\n<div class=\"txt-mito\">Cold avocado and corn soup\n                        <\/div>\n<\/p><\/div>\n<p>                    <\/a>\n                  <\/div>\n<div class=\"col-md-4 col-sm-6 text-center recetitas\">\n                    <a href=\"\/en\/recipes\/quick-chickpea-puree-with-egg\/\"><\/p>\n<div class=\"cuadro-receta-2 text-center\">\n                        <img decoding=\"async\" src=\"http:\/\/oncoalicia.com\/wp-content\/uploads\/2022\/02\/Pur%E2%80%9A-r-pido-de-garbanzos-con-huevo.jpg\" class=\"w-50\"><\/p>\n<div class=\"txt-mito\">Quick chickpea puree with egg\n                        <\/div>\n<\/p><\/div>\n<p>                    <\/a>\n                  <\/div>\n<div class=\"col-md-4 col-sm-6 text-center recetitas\">\n                    <a href=\"\/en\/recipes\/cream-of-beans-and-thyme\/\"><\/p>\n<div class=\"cuadro-receta-2 text-center\">\n                        <img decoding=\"async\" src=\"http:\/\/oncoalicia.com\/wp-content\/uploads\/2022\/04\/113.-V-Crema-de-alubias-y-tomillo.jpg\" class=\"w-50\"><\/p>\n<div class=\"txt-mito\">Cream of beans and thyme\n                        <\/div>\n<\/p><\/div>\n<p>                    <\/a>\n                  <\/div>\n<\/p><\/div>\n<\/p><\/div>\n<\/p><\/div>\n<\/p><\/div>\n<\/p><\/div>\n<div class=\"col-md-12 p-10 text-center\">\n<h3><a class=\"btn-orange recomanacions-tipus-cancer\" data-toggle=\"collapse\" href=\"#collapseExample-7\" role=\"button\" aria-expanded=\"false\" aria-controls=\"collapseExample\">Adapt the texture of food according to the intensity of mucositis. <i class=\"fa fa-angle-down\" aria-hidden=\"true\"><\/i><br \/>\n          <\/a><\/h3>\n<div class=\"collapse\" id=\"collapseExample-7\">\n<div class=\"card-body\">\n<div class=\"row\">\n<div class=\"col-md-12 descrip\">\n<ul>\n<li>When the mucositis is mild, eat soft textured or easy to chew foods (stews, soups, pur\u00e9es, caramel puddings, soft cheeses, ripe and sweet fruits, overcooked and brothy pasta and rice dishes, very tender fish, and meats). Cook foods until they are soft and garnish them with sauces, broths or juices, especially drier foods, to help swallowing. Cut ingredients into small pieces and chew slowly.<\/li>\n<\/ul><\/div>\n<div class=\"col-md-12 text-center\">\n<div class=\"row\">\n<div class=\"col-md-12 recetas-sug\">\n                      <b>Some suggested recipes:<\/b>\n                    <\/div>\n<\/p><\/div>\n<div class=\"row\">\n<div class=\"col-md-4 col-sm-6 text-center recetitas\">\n                      <a href=\"\/en\/recipes\/turkey-and-vegetable-pie\/\"><\/p>\n<div class=\"cuadro-receta-2 text-center\">\n                          <img decoding=\"async\" src=\"http:\/\/oncoalicia.com\/wp-content\/uploads\/2021\/10\/Pastel-de-pavo-y-verduras.jpg\" class=\"w-50\"><\/p>\n<div class=\"txt-mito\">Turkey and vegetable pie\n                          <\/div>\n<\/p><\/div>\n<p>                      <\/a>\n                    <\/div>\n<div class=\"col-md-4 col-sm-6 text-center recetitas\">\n                      <a href=\"\/en\/recipes\/risotto-of-vegetables-and-cod\/\"><\/p>\n<div class=\"cuadro-receta-2 text-center\">\n                          <img decoding=\"async\" src=\"http:\/\/oncoalicia.com\/wp-content\/uploads\/2022\/02\/Risotto-de-verdures-y-bacalao.jpg\" class=\"w-50\"><\/p>\n<div class=\"txt-mito\">&#8216;Risotto&#8217; of vegetables and cod\n                          <\/div>\n<\/p><\/div>\n<p>                      <\/a>\n                    <\/div>\n<div class=\"col-md-4 col-sm-6 text-center recetitas\">\n                      <a href=\"\/en\/recipes\/mini-chicken-sandwiches\/\"><\/p>\n<div class=\"cuadro-receta-2 text-center\">\n                          <img decoding=\"async\" src=\"http:\/\/oncoalicia.com\/wp-content\/uploads\/2021\/10\/47._Minisa204129ndwiches_de_pollo-scaled-1-1536x1024.jpeg\" class=\"w-50\"><\/p>\n<div class=\"txt-mito\">Mini chicken sandwiches\n                          <\/div>\n<\/p><\/div>\n<p>                      <\/a>\n                    <\/div>\n<\/p><\/div>\n<\/p><\/div>\n<div class=\"col-md-12 descrip\">\n<ul>\n<li>In severe cases, it may be necessary to blend food to obtain an easy-to-swallow texture.<\/li>\n<\/ul><\/div>\n<div class=\"col-md-12 text-center\">\n<div class=\"row\">\n<div class=\"col-md-12 recetas-sug\">\n                      <b>Some suggested recipes:<\/b>\n                    <\/div>\n<\/p><\/div>\n<div class=\"row\">\n<div class=\"col-md-4 col-sm-6 text-center recetitas\">\n                      <a href=\"\/en\/recipes\/rice-with-tofu-fricando-modified-texture\/\"><\/p>\n<div class=\"cuadro-receta-2 text-center\">\n                          <img decoding=\"async\" src=\"http:\/\/oncoalicia.com\/wp-content\/uploads\/2022\/02\/Arroz-con-fricanda-de-tofu-tm-II.jpg\" class=\"w-50\"><\/p>\n<div class=\"txt-mito\">Rice with tofu fricando (modified texture)\n                          <\/div>\n<\/p><\/div>\n<p>                      <\/a>\n                    <\/div>\n<div class=\"col-md-4 col-sm-6 text-center recetitas\">\n                      <a href=\"\/en\/recipes\/marinated-pork-with-pineapple-modified-texture\/\"><\/p>\n<div class=\"cuadro-receta-2 text-center\">\n                          <img decoding=\"async\" src=\"http:\/\/oncoalicia.com\/wp-content\/uploads\/2022\/02\/Cerdo-marinado-con-pi%E0%B8%84a-tex-mod.jpg\" class=\"w-50\"><\/p>\n<div class=\"txt-mito\">Marinated pork with pineapple (modified texture)\n                          <\/div>\n<\/p><\/div>\n<p>                      <\/a>\n                    <\/div>\n<div class=\"col-md-4 col-sm-6 text-center recetitas\">\n                      <a href=\"\/en\/recipes\/green-salad-with-tomato-modified-texture\/\"><\/p>\n<div class=\"cuadro-receta-2 text-center\">\n                          <img decoding=\"async\" src=\"http:\/\/oncoalicia.com\/wp-content\/uploads\/2022\/04\/100.-V-Ensalada-verde-con-tomate-textura-modificada.jpg\" class=\"w-50\"><\/p>\n<div class=\"txt-mito\">Green salad with tomato (modified texture)\n                          <\/div>\n<\/p><\/div>\n<p>                      <\/a>\n                    <\/div>\n<\/p><\/div>\n<\/p><\/div>\n<\/p><\/div>\n<\/p><\/div>\n<\/p><\/div>\n<\/p><\/div>\n<\/p><\/div>\n<\/p><\/div>\n<\/section>\n","protected":false},"excerpt":{"rendered":"<p>Mouth and\/or throat sores Mucositis is defined as the inflammation of the mucosa of the mouth and\/or throat and the appearance of sores, usually as a reaction to some cancer treatments. This symptom can appear at different stages of treatment and in different degrees, causing pain and discomfort when eating. It is generally recommended that&hellip; <a class=\"more-link\" href=\"https:\/\/oncoalicia.com\/en\/types-of-cancer\/breast\/sores-in-the-mouth-and-or-throat\/\">Continue reading <span class=\"screen-reader-text\">Dietary Recommendations for Mouth or Throat Sores in Breast Cancer<\/span><\/a><\/p>\n","protected":false},"author":2,"featured_media":0,"parent":3982,"menu_order":0,"comment_status":"closed","ping_status":"closed","template":"mama-llagas.php","meta":{"footnotes":""},"class_list":["post-3992","page","type-page","status-publish","hentry","entry"],"yoast_head":"<!-- This site is optimized with the Yoast SEO plugin v26.9 - https:\/\/yoast.com\/product\/yoast-seo-wordpress\/ -->\n<title>Nutrition for breast cancer patients experiencing mucositis - Oncoalicia<\/title>\n<meta name=\"description\" content=\"Find dietary recommendations for people with breast cancer who are experiencing mouth or throat sores due to treatment.\" \/>\n<meta name=\"robots\" content=\"index, follow, max-snippet:-1, max-image-preview:large, max-video-preview:-1\" \/>\n<link rel=\"canonical\" href=\"https:\/\/oncoalicia.com\/en\/types-of-cancer\/breast\/sores-in-the-mouth-and-or-throat\/\" \/>\n<meta property=\"og:locale\" content=\"en_US\" \/>\n<meta property=\"og:type\" content=\"article\" \/>\n<meta property=\"og:title\" content=\"Nutrition for breast cancer patients experiencing mucositis - Oncoalicia\" \/>\n<meta property=\"og:description\" content=\"Find dietary recommendations for people with breast cancer who are experiencing mouth or throat sores due to treatment.\" \/>\n<meta property=\"og:url\" content=\"https:\/\/oncoalicia.com\/en\/types-of-cancer\/breast\/sores-in-the-mouth-and-or-throat\/\" \/>\n<meta property=\"og:site_name\" content=\"Oncoalicia\" \/>\n<meta property=\"article:modified_time\" content=\"2025-07-04T08:33:20+00:00\" \/>\n<meta property=\"og:image\" content=\"http:\/\/oncoalicia.com\/wp-content\/uploads\/2022\/02\/Sopa-fra-de-aguacate-y-maz.jpg\" \/>\n<meta name=\"twitter:card\" content=\"summary_large_image\" \/>\n<meta name=\"twitter:label1\" content=\"Est. reading time\" \/>\n\t<meta name=\"twitter:data1\" content=\"4 minutes\" \/>\n<script type=\"application\/ld+json\" class=\"yoast-schema-graph\">{\"@context\":\"https:\/\/schema.org\",\"@graph\":[{\"@type\":\"WebPage\",\"@id\":\"https:\/\/oncoalicia.com\/en\/types-of-cancer\/breast\/sores-in-the-mouth-and-or-throat\/\",\"url\":\"https:\/\/oncoalicia.com\/en\/types-of-cancer\/breast\/sores-in-the-mouth-and-or-throat\/\",\"name\":\"Nutrition for breast cancer patients experiencing mucositis - Oncoalicia\",\"isPartOf\":{\"@id\":\"https:\/\/oncoalicia.com\/en\/#website\"},\"primaryImageOfPage\":{\"@id\":\"https:\/\/oncoalicia.com\/en\/types-of-cancer\/breast\/sores-in-the-mouth-and-or-throat\/#primaryimage\"},\"image\":{\"@id\":\"https:\/\/oncoalicia.com\/en\/types-of-cancer\/breast\/sores-in-the-mouth-and-or-throat\/#primaryimage\"},\"thumbnailUrl\":\"http:\/\/oncoalicia.com\/wp-content\/uploads\/2022\/02\/Sopa-fra-de-aguacate-y-maz.jpg\",\"datePublished\":\"2022-06-04T05:39:01+00:00\",\"dateModified\":\"2025-07-04T08:33:20+00:00\",\"description\":\"Find dietary recommendations for people with breast cancer who are experiencing mouth or throat sores due to treatment.\",\"breadcrumb\":{\"@id\":\"https:\/\/oncoalicia.com\/en\/types-of-cancer\/breast\/sores-in-the-mouth-and-or-throat\/#breadcrumb\"},\"inLanguage\":\"en-US\",\"potentialAction\":[{\"@type\":\"ReadAction\",\"target\":[\"https:\/\/oncoalicia.com\/en\/types-of-cancer\/breast\/sores-in-the-mouth-and-or-throat\/\"]}]},{\"@type\":\"ImageObject\",\"inLanguage\":\"en-US\",\"@id\":\"https:\/\/oncoalicia.com\/en\/types-of-cancer\/breast\/sores-in-the-mouth-and-or-throat\/#primaryimage\",\"url\":\"http:\/\/oncoalicia.com\/wp-content\/uploads\/2022\/02\/Sopa-fra-de-aguacate-y-maz.jpg\",\"contentUrl\":\"http:\/\/oncoalicia.com\/wp-content\/uploads\/2022\/02\/Sopa-fra-de-aguacate-y-maz.jpg\"},{\"@type\":\"BreadcrumbList\",\"@id\":\"https:\/\/oncoalicia.com\/en\/types-of-cancer\/breast\/sores-in-the-mouth-and-or-throat\/#breadcrumb\",\"itemListElement\":[{\"@type\":\"ListItem\",\"position\":1,\"name\":\"Portada\",\"item\":\"https:\/\/oncoalicia.com\/en\/\"},{\"@type\":\"ListItem\",\"position\":2,\"name\":\"Types of Cancer\",\"item\":\"https:\/\/oncoalicia.com\/en\/types-of-cancer\/\"},{\"@type\":\"ListItem\",\"position\":3,\"name\":\"Nutrition During Breast Cancer Treatment\",\"item\":\"https:\/\/oncoalicia.com\/en\/types-of-cancer\/breast\/\"},{\"@type\":\"ListItem\",\"position\":4,\"name\":\"Dietary Recommendations for Mouth or Throat Sores in Breast Cancer\"}]},{\"@type\":\"WebSite\",\"@id\":\"https:\/\/oncoalicia.com\/en\/#website\",\"url\":\"https:\/\/oncoalicia.com\/en\/\",\"name\":\"Oncoal\u00edcia\",\"description\":\"Comer durante el Tratamiento del C\u00e1ncer\",\"publisher\":{\"@id\":\"https:\/\/oncoalicia.com\/en\/#organization\"},\"alternateName\":\"Oncoal\u00edcia | Comer durante el Tratamiento del C\u00e1ncer\",\"potentialAction\":[{\"@type\":\"SearchAction\",\"target\":{\"@type\":\"EntryPoint\",\"urlTemplate\":\"https:\/\/oncoalicia.com\/en\/?s={search_term_string}\"},\"query-input\":{\"@type\":\"PropertyValueSpecification\",\"valueRequired\":true,\"valueName\":\"search_term_string\"}}],\"inLanguage\":\"en-US\"},{\"@type\":\"Organization\",\"@id\":\"https:\/\/oncoalicia.com\/en\/#organization\",\"name\":\"Oncoal\u00edcia\",\"alternateName\":\"Oncoal\u00edcia | Comer durante el Tratamiento del C\u00e1ncer\",\"url\":\"https:\/\/oncoalicia.com\/en\/\",\"logo\":{\"@type\":\"ImageObject\",\"inLanguage\":\"en-US\",\"@id\":\"https:\/\/oncoalicia.com\/en\/#\/schema\/logo\/image\/\",\"url\":\"https:\/\/oncoalicia.com\/wp-content\/uploads\/2022\/11\/logo_rrss.png\",\"contentUrl\":\"https:\/\/oncoalicia.com\/wp-content\/uploads\/2022\/11\/logo_rrss.png\",\"width\":300,\"height\":300,\"caption\":\"Oncoal\u00edcia\"},\"image\":{\"@id\":\"https:\/\/oncoalicia.com\/en\/#\/schema\/logo\/image\/\"}}]}<\/script>\n<!-- \/ Yoast SEO plugin. -->","yoast_head_json":{"title":"Nutrition for breast cancer patients experiencing mucositis - Oncoalicia","description":"Find dietary recommendations for people with breast cancer who are experiencing mouth or throat sores due to treatment.","robots":{"index":"index","follow":"follow","max-snippet":"max-snippet:-1","max-image-preview":"max-image-preview:large","max-video-preview":"max-video-preview:-1"},"canonical":"https:\/\/oncoalicia.com\/en\/types-of-cancer\/breast\/sores-in-the-mouth-and-or-throat\/","og_locale":"en_US","og_type":"article","og_title":"Nutrition for breast cancer patients experiencing mucositis - Oncoalicia","og_description":"Find dietary recommendations for people with breast cancer who are experiencing mouth or throat sores due to treatment.","og_url":"https:\/\/oncoalicia.com\/en\/types-of-cancer\/breast\/sores-in-the-mouth-and-or-throat\/","og_site_name":"Oncoalicia","article_modified_time":"2025-07-04T08:33:20+00:00","og_image":[{"url":"http:\/\/oncoalicia.com\/wp-content\/uploads\/2022\/02\/Sopa-fra-de-aguacate-y-maz.jpg","type":"","width":"","height":""}],"twitter_card":"summary_large_image","twitter_misc":{"Est. reading time":"4 minutes"},"schema":{"@context":"https:\/\/schema.org","@graph":[{"@type":"WebPage","@id":"https:\/\/oncoalicia.com\/en\/types-of-cancer\/breast\/sores-in-the-mouth-and-or-throat\/","url":"https:\/\/oncoalicia.com\/en\/types-of-cancer\/breast\/sores-in-the-mouth-and-or-throat\/","name":"Nutrition for breast cancer patients experiencing mucositis - Oncoalicia","isPartOf":{"@id":"https:\/\/oncoalicia.com\/en\/#website"},"primaryImageOfPage":{"@id":"https:\/\/oncoalicia.com\/en\/types-of-cancer\/breast\/sores-in-the-mouth-and-or-throat\/#primaryimage"},"image":{"@id":"https:\/\/oncoalicia.com\/en\/types-of-cancer\/breast\/sores-in-the-mouth-and-or-throat\/#primaryimage"},"thumbnailUrl":"http:\/\/oncoalicia.com\/wp-content\/uploads\/2022\/02\/Sopa-fra-de-aguacate-y-maz.jpg","datePublished":"2022-06-04T05:39:01+00:00","dateModified":"2025-07-04T08:33:20+00:00","description":"Find dietary recommendations for people with breast cancer who are experiencing mouth or throat sores due to treatment.","breadcrumb":{"@id":"https:\/\/oncoalicia.com\/en\/types-of-cancer\/breast\/sores-in-the-mouth-and-or-throat\/#breadcrumb"},"inLanguage":"en-US","potentialAction":[{"@type":"ReadAction","target":["https:\/\/oncoalicia.com\/en\/types-of-cancer\/breast\/sores-in-the-mouth-and-or-throat\/"]}]},{"@type":"ImageObject","inLanguage":"en-US","@id":"https:\/\/oncoalicia.com\/en\/types-of-cancer\/breast\/sores-in-the-mouth-and-or-throat\/#primaryimage","url":"http:\/\/oncoalicia.com\/wp-content\/uploads\/2022\/02\/Sopa-fra-de-aguacate-y-maz.jpg","contentUrl":"http:\/\/oncoalicia.com\/wp-content\/uploads\/2022\/02\/Sopa-fra-de-aguacate-y-maz.jpg"},{"@type":"BreadcrumbList","@id":"https:\/\/oncoalicia.com\/en\/types-of-cancer\/breast\/sores-in-the-mouth-and-or-throat\/#breadcrumb","itemListElement":[{"@type":"ListItem","position":1,"name":"Portada","item":"https:\/\/oncoalicia.com\/en\/"},{"@type":"ListItem","position":2,"name":"Types of Cancer","item":"https:\/\/oncoalicia.com\/en\/types-of-cancer\/"},{"@type":"ListItem","position":3,"name":"Nutrition During Breast Cancer Treatment","item":"https:\/\/oncoalicia.com\/en\/types-of-cancer\/breast\/"},{"@type":"ListItem","position":4,"name":"Dietary Recommendations for Mouth or Throat Sores in Breast Cancer"}]},{"@type":"WebSite","@id":"https:\/\/oncoalicia.com\/en\/#website","url":"https:\/\/oncoalicia.com\/en\/","name":"Oncoal\u00edcia","description":"Comer durante el Tratamiento del C\u00e1ncer","publisher":{"@id":"https:\/\/oncoalicia.com\/en\/#organization"},"alternateName":"Oncoal\u00edcia | Comer durante el Tratamiento del C\u00e1ncer","potentialAction":[{"@type":"SearchAction","target":{"@type":"EntryPoint","urlTemplate":"https:\/\/oncoalicia.com\/en\/?s={search_term_string}"},"query-input":{"@type":"PropertyValueSpecification","valueRequired":true,"valueName":"search_term_string"}}],"inLanguage":"en-US"},{"@type":"Organization","@id":"https:\/\/oncoalicia.com\/en\/#organization","name":"Oncoal\u00edcia","alternateName":"Oncoal\u00edcia | Comer durante el Tratamiento del C\u00e1ncer","url":"https:\/\/oncoalicia.com\/en\/","logo":{"@type":"ImageObject","inLanguage":"en-US","@id":"https:\/\/oncoalicia.com\/en\/#\/schema\/logo\/image\/","url":"https:\/\/oncoalicia.com\/wp-content\/uploads\/2022\/11\/logo_rrss.png","contentUrl":"https:\/\/oncoalicia.com\/wp-content\/uploads\/2022\/11\/logo_rrss.png","width":300,"height":300,"caption":"Oncoal\u00edcia"},"image":{"@id":"https:\/\/oncoalicia.com\/en\/#\/schema\/logo\/image\/"}}]}},"_links":{"self":[{"href":"https:\/\/oncoalicia.com\/en\/wp-json\/wp\/v2\/pages\/3992","targetHints":{"allow":["GET"]}}],"collection":[{"href":"https:\/\/oncoalicia.com\/en\/wp-json\/wp\/v2\/pages"}],"about":[{"href":"https:\/\/oncoalicia.com\/en\/wp-json\/wp\/v2\/types\/page"}],"author":[{"embeddable":true,"href":"https:\/\/oncoalicia.com\/en\/wp-json\/wp\/v2\/users\/2"}],"replies":[{"embeddable":true,"href":"https:\/\/oncoalicia.com\/en\/wp-json\/wp\/v2\/comments?post=3992"}],"version-history":[{"count":0,"href":"https:\/\/oncoalicia.com\/en\/wp-json\/wp\/v2\/pages\/3992\/revisions"}],"up":[{"embeddable":true,"href":"https:\/\/oncoalicia.com\/en\/wp-json\/wp\/v2\/pages\/3982"}],"wp:attachment":[{"href":"https:\/\/oncoalicia.com\/en\/wp-json\/wp\/v2\/media?parent=3992"}],"curies":[{"name":"wp","href":"https:\/\/api.w.org\/{rel}","templated":true}]}}