{"id":3996,"date":"2021-12-29T23:43:03","date_gmt":"2021-12-29T23:43:03","guid":{"rendered":"https:\/\/www.oncoalicia.com\/type-of-cancer\/nutrition-during-prostate-cancer-treatment\/"},"modified":"2025-07-04T08:56:00","modified_gmt":"2025-07-04T08:56:00","slug":"prostate","status":"publish","type":"page","link":"https:\/\/oncoalicia.com\/en\/types-of-cancer\/prostate\/","title":{"rendered":"Food and Nutrition During Prostate Cancer Treatment"},"content":{"rendered":"<p>&nbsp;<\/p>\n<table>\n<tbody>\n<tr>\n<td class=\"full-width\">\n<p>Prostate cancer is caused by the abnormal transformation and proliferation of prostate cells. The prostate is a gland located below the bladder and in front of the rectum and is part of the male urogenital system. The main function of the prostate is to contribute to the production of seminal fluid.<\/p>\n<p>Treatment for prostate cancer may vary depending on the individual characteristics of the affected person such as age, the type and extent of the tumour, and any other chronic diseases they may have. The different treatments include monitoring, surgery, radiotherapy or chemotherapy treatments, targeted focal cryotherapy treatment (destruction of cancer cells with very cold temperatures), hormonal treatment and other specific treatments. Most treatments can cause side effects that can affect nutrition to varying degrees and intensities.<\/p>\n<\/td>\n<td class=\"full-width espaciado\" style=\"text-align:center;\"><img decoding=\"async\" class=\"alignnone wp-image-1655\" src=\"http:\/\/oncoalicia.com\/wp-content\/uploads\/2023\/02\/prostata_en.jpg\" alt=\"\" width=\"300\" height=\"auto\"><\/td>\n<\/tr>\n<\/tbody>\n<\/table>\n<p>The dietary priority during prostate cancer treatment is to ensure an adequate nutritional status that helps to reduce side effects and complications. To this end, patients should follow the <a href=\"\/en\/general-recommendations\/\">\u201cGeneral recommendations on nutrition during cancer treatment\u201d<\/a> and adapt the guidelines according to the side effects and symptoms that they may have, based on the dietary-culinary recommendations.<\/p>\n<p><b>When treatment is hormonal<\/b>, metabolic imbalances may appear, so patients may have to adjust the general recommendations to possible changes such as weight gain, diabetes, change in lipid profile, bone decalcification (osteoporosis), or loss of muscle mass. Therefore, patients should:\n<\/div>\n<\/p><\/div>\n<div class=\"row\">\n<div class=\"col-md-12 orange-box\">\n<ul>\n<li><b>Try to maintain a stable weight,<\/b> following the guidelines of a balanced diet and adjusting the recommendations when or if there is <a href=\"\/en\/types-of-cancer\/prostate\/weight-gain\/\">weight gain<\/a><\/li>\n<li><b>Control blood pressure rising.<\/b> High blood pressure (hypertension) may appear in this type of patient. To control and treat high blood pressure, patients should limit sodium and salt (sodium chloride) consumption as much as possible, and at the same time follow a heart-healthy diet.<\/li>\n<li><b>Follow a cardioprotective diet. Hyperlipidaemia<\/b> is the presence of high levels of lipids in the blood that can increase the risk of cardiovascular diseases. It is therefore important to follow a diet based on unrefined plant-based foods (vegetables and fruit, legumes, whole grains, tubers, and mushrooms), heart-healthy fats (oily fish, nuts and seeds, and extra virgin olive oil) and limit saturated fats, sugars, and alcohol.<\/li>\n<li><b>Control blood glucose levels,<\/b> to ensure that they are as stable as possible and avoid hyperglycaemia (a rise in blood glucose levels). It is important to follow a varied and balanced diet, controlling the amount of carbohydrates consumed. In addition, fibre intake should be ensured by the consumption of wholegrain cereals, pulses, fruit with skin and vegetables, while patients should avoid foods or products high in simple sugars (sugar, honey, biscuits, baked goods, etc.).<\/li>\n<li><b> Ensure a daily intake of calcium and vitamin D. Osteoporosis<\/b> is a common disease in hormone-treated patients, so patients\u2019 diets should include food rich in calcium and vitamin D, in addition to an adequate protein intake.<\/li>\n<li><b>Physical activity and exercise.<\/b> Regular exercise helps to reduce the loss of muscle mass and maintain bone mineralisation, two factors that can be altered during hormone treatment. <a href=\"http:\/\/oncoalicia.com\/wp-content\/uploads\/2023\/02\/02.-TAbla-de-ejercicios-_Eng.pdf\" target=\"_blank\" rel=\"noopener\">Follow the recommendations for appropriate exercise during prostate cancer treatment.<\/a><\/li>\n<li><b>Check for food-drug interactions.<\/b> For this type of cancer, there is currently no interaction described, although some components of nutritional supplements, herbs or medicinal plants could interact with treatment. The only recommendation is to take abiraterone outside of meals. It is also important not to take dietary supplements during radiotherapy treatment or during the weeks after, without first consulting the oncologist.<\/li>\n<\/ul><\/div>\n<\/p><\/div>\n<\/p><\/div>\n<\/section>\n<section class=\"mt-30\">\n<div class=\"container\">\n<div class=\"row\">\n<div class=\"col-md-12 txt-2 text-center\">\n Side effects and most frequent symptoms\n            <\/div>\n<div class=\"col-md-12\">\n<div class=\"row space-efect\">\n<div class=\"col-md-3\">\n                        <a style=\"text-decoration: none;\" href=\"\/en\/types-of-cancer\/prostate\/loss-of-appetite\/\"><\/p>\n<div class=\"cuadro-efecto text-center\">\n<div class=\"txt-efect\">Loss of appetite\n                                <\/div>\n<div class=\"flecha\">\n                                    <i class=\"fa fa-chevron-right\" aria-hidden=\"true\"><\/i>\n                                <\/div>\n<\/p><\/div>\n<p>                        <\/a>\n                    <\/div>\n<div class=\"col-md-3\">\n                        <a style=\"text-decoration: none;\" href=\"http:\/\/oncoalicia.com\/en\/types-of-cancer\/prostate\/nausea-and-vomiting\/\"><\/p>\n<div class=\"cuadro-efecto text-center\">\n<div class=\"txt-efect\">Nausea and vomiting\n                                <\/div>\n<div class=\"flecha\">\n                                    <i class=\"fa fa-chevron-right\" aria-hidden=\"true\"><\/i>\n                                <\/div>\n<\/p><\/div>\n<p>                        <\/a>\n                    <\/div>\n<div class=\"col-md-3\">\n                        <a style=\"text-decoration: none;\" href=\"\/en\/types-of-cancer\/prostate\/flatulence\/\"><\/p>\n<div class=\"cuadro-efecto text-center\">\n<div class=\"txt-efect\">Flatulence\n                                <\/div>\n<div class=\"flecha\">\n                                    <i class=\"fa fa-chevron-right\" aria-hidden=\"true\"><\/i>\n                                <\/div>\n<\/p><\/div>\n<p>                        <\/a>\n                    <\/div>\n<div class=\"col-md-3\">\n                        <a style=\"text-decoration: none;\" href=\"http:\/\/oncoalicia.com\/en\/types-of-cancer\/prostate\/diarrhea\/\"><\/p>\n<div class=\"cuadro-efecto text-center\">\n<div class=\"txt-efect\">Diarrhea\n                                <\/div>\n<div class=\"flecha\">\n                                    <i class=\"fa fa-chevron-right\" aria-hidden=\"true\"><\/i>\n                                <\/div>\n<\/p><\/div>\n<p>                        <\/a>\n                    <\/div>\n<\/p><\/div>\n<\/p><\/div>\n<\/p><\/div>\n<div class=\"row mt-30\">\n<div class=\"col-md-12 txt-2 text-center\">\n Possible effects in case of hormonal treatment\n            <\/div>\n<div class=\"col-md-12\">\n<div class=\"row space-efect\">\n<div class=\"col-md-3\">\n                        <a href=\"\/en\/types-of-cancer\/prostate\/hyperglycaemia\/\"><\/p>\n<div class=\"cuadro-efecto text-center\">\n<div class=\"txt-efect\">Hyperglycaemia\n                                <\/div>\n<div class=\"flecha\">\n                                    <i class=\"fa fa-chevron-right\" aria-hidden=\"true\"><\/i>\n                                <\/div>\n<\/p><\/div>\n<p>                        <\/a>\n                    <\/div>\n<div class=\"col-md-3\">\n                        <a style=\"text-decoration: none;\" href=\"\/en\/types-of-cancer\/prostate\/hyperlipidaemia\/\"><\/p>\n<div class=\"cuadro-efecto text-center\">\n<div class=\"txt-efect\">Hyperlipidaemia\n                                <\/div>\n<div class=\"flecha\">\n                                    <i class=\"fa fa-chevron-right\" aria-hidden=\"true\"><\/i>\n                                <\/div>\n<\/p><\/div>\n<p>                        <\/a>\n                    <\/div>\n<div class=\"col-md-3\">\n                        <a style=\"text-decoration: none;\" href=\"\/en\/types-of-cancer\/prostate\/hypertension\/\"><\/p>\n<div class=\"cuadro-efecto text-center\">\n<div class=\"txt-efect\">Hypertension\n                                <\/div>\n<div class=\"flecha\">\n                                    <i class=\"fa fa-chevron-right\" aria-hidden=\"true\"><\/i>\n                                <\/div>\n<\/p><\/div>\n<p>                        <\/a>\n                    <\/div>\n<div class=\"col-md-3\">\n                        <a style=\"text-decoration: none;\" href=\"\/en\/types-of-cancer\/prostate\/weight-gain\/\"><\/p>\n<div class=\"cuadro-efecto text-center\">\n<div class=\"txt-efect\">Weight gain\n                                <\/div>\n<div class=\"flecha\">\n                                    <i class=\"fa fa-chevron-right\" aria-hidden=\"true\"><\/i>\n                                <\/div>\n<\/p><\/div>\n<p>                        <\/a>\n                    <\/div>\n<\/p><\/div>\n<div class=\"row space-efect\">\n<div class=\"col-md-3\">\n                        <a style=\"text-decoration: none;\" href=\"\/en\/types-of-cancer\/prostate\/loss-of-muscle-mass\/\"><\/p>\n<div class=\"cuadro-efecto text-center\">\n<div class=\"txt-efect\">Loss of muscle mass\n                                <\/div>\n<div class=\"flecha\">\n                                    <i class=\"fa fa-chevron-right\" aria-hidden=\"true\"><\/i>\n                                <\/div>\n<\/p><\/div>\n<p>                        <\/a>\n                    <\/div>\n<div class=\"col-md-3\">\n                        <a style=\"text-decoration: none;\" href=\"http:\/\/oncoalicia.com\/en\/types-of-cancer\/prostate\/osteoporosis\/\"><\/p>\n<div class=\"cuadro-efecto text-center\">\n<div class=\"txt-efect\">Osteoporosis\n                                <\/div>\n<div class=\"flecha\">\n                                    <i class=\"fa fa-chevron-right\" aria-hidden=\"true\"><\/i>\n                                <\/div>\n<\/p><\/div>\n<p>                        <\/a>\n                    <\/div>\n<div class=\"col-md-3\">\n                        <a style=\"text-decoration: none;\" href=\"http:\/\/oncoalicia.com\/en\/types-of-cancer\/prostate\/anemia\/\"><\/p>\n<div class=\"cuadro-efecto text-center\">\n<div class=\"txt-efect\">Anaemia\n                                <\/div>\n<div class=\"flecha\">\n                                    <i class=\"fa fa-chevron-right\" aria-hidden=\"true\"><\/i>\n                                <\/div>\n<\/p><\/div>\n<p>                        <\/a>\n                    <\/div>\n<div class=\"col-md-3\">\n                    <\/div>\n<\/p><\/div>\n<\/p><\/div>\n<\/p><\/div>\n<\/p><\/div>\n<\/section>\n<section class=\"descarga\">\n<div class=\"container\">\n<div class=\"row\">\n<div class=\"col-md-12 text-center\">\n            <img decoding=\"async\" class=\"img-fluid\" src=\"http:\/\/oncoalicia.com\/wp-content\/uploads\/2023\/01\/Guies_alicia_7.jpg\" width=\"200\" height=\"auto\">\n        <\/div>\n<div class=\"col-md-12 text-center\">\n            <a class=\"guia-dw\" target=\"_blank\" href=\"http:\/\/oncoalicia.com\/wp-content\/uploads\/2022\/05\/7.Guies_alicia_7_CAT.pdf\" rel=\"noopener\">Download the full guide <i class=\"fa fa-arrow-down\" aria-hidden=\"true\"><\/i><br \/>\n            <\/a>\n        <\/div>\n<\/p><\/div>\n<\/p><\/div>\n<\/section>\n","protected":false},"excerpt":{"rendered":"<p>&nbsp; Prostate cancer is caused by the abnormal transformation and proliferation of prostate cells. The prostate is a gland located below the bladder and in front of the rectum and is part of the male urogenital system. The main function of the prostate is to contribute to the production of seminal fluid. Treatment for prostate&hellip; <a class=\"more-link\" href=\"https:\/\/oncoalicia.com\/en\/types-of-cancer\/prostate\/\">Continue reading <span class=\"screen-reader-text\">Food and Nutrition During Prostate Cancer Treatment<\/span><\/a><\/p>\n","protected":false},"author":2,"featured_media":0,"parent":3919,"menu_order":0,"comment_status":"closed","ping_status":"closed","template":"prostata.php","meta":{"footnotes":""},"class_list":["post-3996","page","type-page","status-publish","hentry","entry"],"yoast_head":"<!-- This site is optimized with the Yoast SEO plugin v26.9 - https:\/\/yoast.com\/product\/yoast-seo-wordpress\/ -->\n<title>Nutrition for prostate cancer patients - Oncoalicia<\/title>\n<meta name=\"description\" content=\"Here are several dietary recommendations for people undergoing prostate cancer treatment.\" \/>\n<meta name=\"robots\" content=\"index, follow, max-snippet:-1, max-image-preview:large, max-video-preview:-1\" \/>\n<link rel=\"canonical\" href=\"https:\/\/oncoalicia.com\/en\/types-of-cancer\/prostate\/\" \/>\n<meta property=\"og:locale\" content=\"en_US\" \/>\n<meta property=\"og:type\" content=\"article\" \/>\n<meta property=\"og:title\" content=\"Nutrition for prostate cancer patients - Oncoalicia\" \/>\n<meta property=\"og:description\" content=\"Here are several dietary recommendations for people undergoing prostate cancer treatment.\" \/>\n<meta property=\"og:url\" content=\"https:\/\/oncoalicia.com\/en\/types-of-cancer\/prostate\/\" \/>\n<meta property=\"og:site_name\" content=\"Oncoalicia\" \/>\n<meta property=\"article:modified_time\" content=\"2025-07-04T08:56:00+00:00\" \/>\n<meta property=\"og:image\" content=\"https:\/\/oncoalicia.com\/wp-content\/uploads\/2022\/06\/prostata-300x262-1.jpg\" \/>\n\t<meta property=\"og:image:width\" content=\"300\" \/>\n\t<meta property=\"og:image:height\" content=\"262\" \/>\n\t<meta property=\"og:image:type\" content=\"image\/jpeg\" \/>\n<meta name=\"twitter:card\" content=\"summary_large_image\" \/>\n<meta name=\"twitter:label1\" content=\"Est. reading time\" \/>\n\t<meta name=\"twitter:data1\" content=\"4 minutes\" \/>\n<script type=\"application\/ld+json\" class=\"yoast-schema-graph\">{\"@context\":\"https:\/\/schema.org\",\"@graph\":[{\"@type\":\"WebPage\",\"@id\":\"https:\/\/oncoalicia.com\/en\/types-of-cancer\/prostate\/\",\"url\":\"https:\/\/oncoalicia.com\/en\/types-of-cancer\/prostate\/\",\"name\":\"Nutrition for prostate cancer patients - Oncoalicia\",\"isPartOf\":{\"@id\":\"https:\/\/oncoalicia.com\/en\/#website\"},\"primaryImageOfPage\":{\"@id\":\"https:\/\/oncoalicia.com\/en\/types-of-cancer\/prostate\/#primaryimage\"},\"image\":{\"@id\":\"https:\/\/oncoalicia.com\/en\/types-of-cancer\/prostate\/#primaryimage\"},\"thumbnailUrl\":\"http:\/\/oncoalicia.com\/wp-content\/uploads\/2023\/02\/prostata_en.jpg\",\"datePublished\":\"2021-12-29T23:43:03+00:00\",\"dateModified\":\"2025-07-04T08:56:00+00:00\",\"description\":\"Here are several dietary recommendations for people undergoing prostate cancer treatment.\",\"breadcrumb\":{\"@id\":\"https:\/\/oncoalicia.com\/en\/types-of-cancer\/prostate\/#breadcrumb\"},\"inLanguage\":\"en-US\",\"potentialAction\":[{\"@type\":\"ReadAction\",\"target\":[\"https:\/\/oncoalicia.com\/en\/types-of-cancer\/prostate\/\"]}]},{\"@type\":\"ImageObject\",\"inLanguage\":\"en-US\",\"@id\":\"https:\/\/oncoalicia.com\/en\/types-of-cancer\/prostate\/#primaryimage\",\"url\":\"http:\/\/oncoalicia.com\/wp-content\/uploads\/2023\/02\/prostata_en.jpg\",\"contentUrl\":\"http:\/\/oncoalicia.com\/wp-content\/uploads\/2023\/02\/prostata_en.jpg\"},{\"@type\":\"BreadcrumbList\",\"@id\":\"https:\/\/oncoalicia.com\/en\/types-of-cancer\/prostate\/#breadcrumb\",\"itemListElement\":[{\"@type\":\"ListItem\",\"position\":1,\"name\":\"Portada\",\"item\":\"https:\/\/oncoalicia.com\/en\/\"},{\"@type\":\"ListItem\",\"position\":2,\"name\":\"Types of Cancer\",\"item\":\"https:\/\/oncoalicia.com\/en\/types-of-cancer\/\"},{\"@type\":\"ListItem\",\"position\":3,\"name\":\"Food and Nutrition During Prostate Cancer Treatment\"}]},{\"@type\":\"WebSite\",\"@id\":\"https:\/\/oncoalicia.com\/en\/#website\",\"url\":\"https:\/\/oncoalicia.com\/en\/\",\"name\":\"Oncoal\u00edcia\",\"description\":\"Comer durante el Tratamiento del C\u00e1ncer\",\"publisher\":{\"@id\":\"https:\/\/oncoalicia.com\/en\/#organization\"},\"alternateName\":\"Oncoal\u00edcia | Comer durante el Tratamiento del C\u00e1ncer\",\"potentialAction\":[{\"@type\":\"SearchAction\",\"target\":{\"@type\":\"EntryPoint\",\"urlTemplate\":\"https:\/\/oncoalicia.com\/en\/?s={search_term_string}\"},\"query-input\":{\"@type\":\"PropertyValueSpecification\",\"valueRequired\":true,\"valueName\":\"search_term_string\"}}],\"inLanguage\":\"en-US\"},{\"@type\":\"Organization\",\"@id\":\"https:\/\/oncoalicia.com\/en\/#organization\",\"name\":\"Oncoal\u00edcia\",\"alternateName\":\"Oncoal\u00edcia | Comer durante el Tratamiento del C\u00e1ncer\",\"url\":\"https:\/\/oncoalicia.com\/en\/\",\"logo\":{\"@type\":\"ImageObject\",\"inLanguage\":\"en-US\",\"@id\":\"https:\/\/oncoalicia.com\/en\/#\/schema\/logo\/image\/\",\"url\":\"https:\/\/oncoalicia.com\/wp-content\/uploads\/2022\/11\/logo_rrss.png\",\"contentUrl\":\"https:\/\/oncoalicia.com\/wp-content\/uploads\/2022\/11\/logo_rrss.png\",\"width\":300,\"height\":300,\"caption\":\"Oncoal\u00edcia\"},\"image\":{\"@id\":\"https:\/\/oncoalicia.com\/en\/#\/schema\/logo\/image\/\"}}]}<\/script>\n<!-- \/ Yoast SEO plugin. -->","yoast_head_json":{"title":"Nutrition for prostate cancer patients - Oncoalicia","description":"Here are several dietary recommendations for people undergoing prostate cancer treatment.","robots":{"index":"index","follow":"follow","max-snippet":"max-snippet:-1","max-image-preview":"max-image-preview:large","max-video-preview":"max-video-preview:-1"},"canonical":"https:\/\/oncoalicia.com\/en\/types-of-cancer\/prostate\/","og_locale":"en_US","og_type":"article","og_title":"Nutrition for prostate cancer patients - Oncoalicia","og_description":"Here are several dietary recommendations for people undergoing prostate cancer treatment.","og_url":"https:\/\/oncoalicia.com\/en\/types-of-cancer\/prostate\/","og_site_name":"Oncoalicia","article_modified_time":"2025-07-04T08:56:00+00:00","og_image":[{"width":300,"height":262,"url":"https:\/\/oncoalicia.com\/wp-content\/uploads\/2022\/06\/prostata-300x262-1.jpg","type":"image\/jpeg"}],"twitter_card":"summary_large_image","twitter_misc":{"Est. reading time":"4 minutes"},"schema":{"@context":"https:\/\/schema.org","@graph":[{"@type":"WebPage","@id":"https:\/\/oncoalicia.com\/en\/types-of-cancer\/prostate\/","url":"https:\/\/oncoalicia.com\/en\/types-of-cancer\/prostate\/","name":"Nutrition for prostate cancer patients - Oncoalicia","isPartOf":{"@id":"https:\/\/oncoalicia.com\/en\/#website"},"primaryImageOfPage":{"@id":"https:\/\/oncoalicia.com\/en\/types-of-cancer\/prostate\/#primaryimage"},"image":{"@id":"https:\/\/oncoalicia.com\/en\/types-of-cancer\/prostate\/#primaryimage"},"thumbnailUrl":"http:\/\/oncoalicia.com\/wp-content\/uploads\/2023\/02\/prostata_en.jpg","datePublished":"2021-12-29T23:43:03+00:00","dateModified":"2025-07-04T08:56:00+00:00","description":"Here are several dietary recommendations for people undergoing prostate cancer treatment.","breadcrumb":{"@id":"https:\/\/oncoalicia.com\/en\/types-of-cancer\/prostate\/#breadcrumb"},"inLanguage":"en-US","potentialAction":[{"@type":"ReadAction","target":["https:\/\/oncoalicia.com\/en\/types-of-cancer\/prostate\/"]}]},{"@type":"ImageObject","inLanguage":"en-US","@id":"https:\/\/oncoalicia.com\/en\/types-of-cancer\/prostate\/#primaryimage","url":"http:\/\/oncoalicia.com\/wp-content\/uploads\/2023\/02\/prostata_en.jpg","contentUrl":"http:\/\/oncoalicia.com\/wp-content\/uploads\/2023\/02\/prostata_en.jpg"},{"@type":"BreadcrumbList","@id":"https:\/\/oncoalicia.com\/en\/types-of-cancer\/prostate\/#breadcrumb","itemListElement":[{"@type":"ListItem","position":1,"name":"Portada","item":"https:\/\/oncoalicia.com\/en\/"},{"@type":"ListItem","position":2,"name":"Types of Cancer","item":"https:\/\/oncoalicia.com\/en\/types-of-cancer\/"},{"@type":"ListItem","position":3,"name":"Food and Nutrition During Prostate Cancer Treatment"}]},{"@type":"WebSite","@id":"https:\/\/oncoalicia.com\/en\/#website","url":"https:\/\/oncoalicia.com\/en\/","name":"Oncoal\u00edcia","description":"Comer durante el Tratamiento del C\u00e1ncer","publisher":{"@id":"https:\/\/oncoalicia.com\/en\/#organization"},"alternateName":"Oncoal\u00edcia | Comer durante el Tratamiento del C\u00e1ncer","potentialAction":[{"@type":"SearchAction","target":{"@type":"EntryPoint","urlTemplate":"https:\/\/oncoalicia.com\/en\/?s={search_term_string}"},"query-input":{"@type":"PropertyValueSpecification","valueRequired":true,"valueName":"search_term_string"}}],"inLanguage":"en-US"},{"@type":"Organization","@id":"https:\/\/oncoalicia.com\/en\/#organization","name":"Oncoal\u00edcia","alternateName":"Oncoal\u00edcia | Comer durante el Tratamiento del C\u00e1ncer","url":"https:\/\/oncoalicia.com\/en\/","logo":{"@type":"ImageObject","inLanguage":"en-US","@id":"https:\/\/oncoalicia.com\/en\/#\/schema\/logo\/image\/","url":"https:\/\/oncoalicia.com\/wp-content\/uploads\/2022\/11\/logo_rrss.png","contentUrl":"https:\/\/oncoalicia.com\/wp-content\/uploads\/2022\/11\/logo_rrss.png","width":300,"height":300,"caption":"Oncoal\u00edcia"},"image":{"@id":"https:\/\/oncoalicia.com\/en\/#\/schema\/logo\/image\/"}}]}},"_links":{"self":[{"href":"https:\/\/oncoalicia.com\/en\/wp-json\/wp\/v2\/pages\/3996","targetHints":{"allow":["GET"]}}],"collection":[{"href":"https:\/\/oncoalicia.com\/en\/wp-json\/wp\/v2\/pages"}],"about":[{"href":"https:\/\/oncoalicia.com\/en\/wp-json\/wp\/v2\/types\/page"}],"author":[{"embeddable":true,"href":"https:\/\/oncoalicia.com\/en\/wp-json\/wp\/v2\/users\/2"}],"replies":[{"embeddable":true,"href":"https:\/\/oncoalicia.com\/en\/wp-json\/wp\/v2\/comments?post=3996"}],"version-history":[{"count":0,"href":"https:\/\/oncoalicia.com\/en\/wp-json\/wp\/v2\/pages\/3996\/revisions"}],"up":[{"embeddable":true,"href":"https:\/\/oncoalicia.com\/en\/wp-json\/wp\/v2\/pages\/3919"}],"wp:attachment":[{"href":"https:\/\/oncoalicia.com\/en\/wp-json\/wp\/v2\/media?parent=3996"}],"curies":[{"name":"wp","href":"https:\/\/api.w.org\/{rel}","templated":true}]}}