{"id":4001,"date":"2022-05-14T03:13:50","date_gmt":"2022-05-14T03:13:50","guid":{"rendered":"https:\/\/www.oncoalicia.com\/type-of-cancer\/nutrition-during-prostate-cancer-treatment\/diarrhea\/"},"modified":"2025-07-04T08:59:53","modified_gmt":"2025-07-04T08:59:53","slug":"diarrhea","status":"publish","type":"page","link":"https:\/\/oncoalicia.com\/en\/types-of-cancer\/prostate\/diarrhea\/","title":{"rendered":"Dietary Recommendations for Diarrhea in Prostate Cancer"},"content":{"rendered":"<div class=\"row\">\n<div class=\"col-md-12 subtitle-mitos\">\n<p>Diarrhoea is defined as an increase in stool frequency accompanied by a decrease in consistency. In prostate cancer, it may result from the toxicity of chemotherapy or radiotherapy treatment. It can also occur when other drugs or antibiotics are administered and depending on the case, it may be mild or severe. If prolonged, consult your medical team.<\/p>\n<\/p><\/div>\n<\/p><\/div>\n<div class=\"row p-40 w-60\">\n<div class=\"col-md-12 text-center\">\n<h2 class=\"h3 recomanem-efectes-cancer\">WHAT DO WE RECOMMEND?<\/h2>\n<\/p><\/div>\n<div class=\"col-md-12 p-10 text-center\">\n<h3><a class=\"btn-orange recomanacions-tipus-cancer\" data-toggle=\"collapse\" href=\"#collapseExample-1\" role=\"button\" aria-expanded=\"false\" aria-controls=\"collapseExample\">Keep well hydrated. <i class=\"fa fa-angle-down\" aria-hidden=\"true\"><\/i><br \/>\n            <\/a><\/h3>\n<div class=\"collapse\" id=\"collapseExample-1\">\n<div class=\"card-body\">\n<div class=\"row\">\n<div class=\"col-md-12 descrip\">\n<p>Because diarrhoea can lead to dehydration, drink plenty of fluids (water, herbal teas, weak broths, low-sugar isotonic drinks) in small sips throughout the day.<\/p>\n<p><\/p>\n<hr>\n<p>                            <b>Homemade isotonic drink:<\/b> <\/p>\n<p>Mix the juice of two lemons, a tablespoon of honey, a dessert spoon of sea salt and a dessert spoon of bicarbonate of soda in a litre of water. When these ingredients dissolve, leave in the fridge until cool.<\/p>\n<\/p><\/div>\n<\/p><\/div>\n<\/p><\/div>\n<\/p><\/div>\n<\/p><\/div>\n<div class=\"col-md-12 p-10 text-center\">\n<h3 class=\"btn-orange recomanacions-tipus-cancer\" style=\"font-weight: bold;\">Have small servings of food frequently throughout the day.<\/h3>\n<\/p><\/div>\n<div class=\"col-md-12 p-10 text-center\">\n<h3><a class=\"btn-orange recomanacions-tipus-cancer\" data-toggle=\"collapse\" href=\"#collapseExample-2\" role=\"button\" aria-expanded=\"false\" aria-controls=\"collapseExample\">Progress with your diet as stool passing improves. <i class=\"fa fa-angle-down\" aria-hidden=\"true\"><\/i><br \/>\n            <\/a><\/h3>\n<div class=\"collapse\" id=\"collapseExample-2\">\n<div class=\"card-body\">\n<div class=\"row\">\n<div class=\"col-md-12 descrip\">\n<p>Start with a liquid diet, e.g., rice water, and gradually incorporate easily digestible foods such as mashed potatoes and carrots, boiled rice, white fish, boiled chicken and baked or grated apples.<\/p>\n<\/p><\/div>\n<\/p><\/div>\n<\/p><\/div>\n<\/p><\/div>\n<\/p><\/div>\n<div class=\"col-md-12 p-10 text-center\">\n<h3><a class=\"btn-orange recomanacions-tipus-cancer\" data-toggle=\"collapse\" href=\"#collapseExample-3\" role=\"button\" aria-expanded=\"false\" aria-controls=\"collapseExample\">Incorporate more foods into your diet according to stools and tolerance. <i class=\"fa fa-angle-down\" aria-hidden=\"true\"><\/i><br \/>\n            <\/a><\/h3>\n<div class=\"collapse\" id=\"collapseExample-3\">\n<div class=\"card-body\">\n<div class=\"row\">\n<div class=\"col-md-12 descrip\">\n<p>Toasted bread, breadsticks and dextrinated cereals (powdered breakfast cereals for adults), meat, fish, eggs (French omelette, grilled chicken, fish en papillote), pasta, rice and rice soups, potato, wheat and tapioca, plain biscuits, crackers, etc.<\/p>\n<\/p><\/div>\n<div class=\"col-md-12 text-center\">\n<div class=\"row\">\n<div class=\"col-md-12 recetas-sug\">\n                            <b>Some suggested recipes:<\/b>\n                          <\/div>\n<\/p><\/div>\n<div class=\"row\">\n<div class=\"col-md-4 col-sm-6 text-center recetitas\">\n                                <a href=\"\/en\/recipes\/chicken-and-apple\/\"><\/p>\n<div class=\"cuadro-receta-2 text-center\">\n                                        <img decoding=\"async\" src=\"http:\/\/oncoalicia.com\/wp-content\/uploads\/2021\/10\/broquetes-pollastre-i-poma.jpg\" class=\"w-50\"><\/p>\n<div class=\"txt-mito\">Chicken skewers with apple\n                                        <\/div>\n<\/p><\/div>\n<p>                                <\/a>\n                            <\/div>\n<div class=\"col-md-4 col-sm-6 text-center recetitas\">\n                                <a href=\"\/en\/recipes\/fish-cake\/\"><\/p>\n<div class=\"cuadro-receta-2 text-center\">\n                                        <img decoding=\"async\" src=\"http:\/\/oncoalicia.com\/wp-content\/uploads\/2022\/02\/Pastel-de-pescado.jpg\" class=\"w-50\"><\/p>\n<div class=\"txt-mito\">Fish cake\n                                        <\/div>\n<\/p><\/div>\n<p>                                <\/a>\n                            <\/div>\n<div class=\"col-md-4 col-sm-6 text-center recetitas\">\n                                <a href=\"\/en\/recipes\/marinera-rice-noodles\/\"><\/p>\n<div class=\"cuadro-receta-2 text-center\">\n                                        <img decoding=\"async\" src=\"http:\/\/oncoalicia.com\/wp-content\/uploads\/2022\/02\/Fideos-de-arroz-a-la-marinera.jpg\" class=\"w-50\"><\/p>\n<div class=\"txt-mito\">Marinera rice noodles\n                                        <\/div>\n<\/p><\/div>\n<p>                                <\/a>\n                            <\/div>\n<\/p><\/div>\n<\/p><\/div>\n<\/p><\/div>\n<\/p><\/div>\n<\/p><\/div>\n<div class=\"col-md-12 p-10 text-center\">\n<h3><a class=\"btn-orange recomanacions-tipus-cancer\" data-toggle=\"collapse\" href=\"#collapseExample-4\" role=\"button\" aria-expanded=\"false\" aria-controls=\"collapseExample\">Use simple cooking methods. <i class=\"fa fa-angle-down\" aria-hidden=\"true\"><\/i><br \/>\n            <\/a><\/h3>\n<div class=\"collapse\" id=\"collapseExample-4\">\n<div class=\"card-body\">\n<div class=\"row\">\n<div class=\"col-md-12 descrip\">\n<p>Boiling, grilling, steaming, and baking in the oven are easier-to-digest cooking methods.<\/p>\n<\/p><\/div>\n<\/p><\/div>\n<\/p><\/div>\n<\/p><\/div>\n<\/p><\/div>\n<div class=\"col-md-12 p-10 text-center\">\n<h3><a class=\"btn-orange recomanacions-tipus-cancer\" data-toggle=\"collapse\" href=\"#collapseExample-5\" role=\"button\" aria-expanded=\"false\" aria-controls=\"collapseExample\">Avoid high-fibre foods. <i class=\"fa fa-angle-down\" aria-hidden=\"true\"><\/i><br \/>\n            <\/a><\/h3>\n<div class=\"collapse\" id=\"collapseExample-5\">\n<div class=\"card-body\">\n<div class=\"row\">\n<div class=\"col-md-12 descrip\">\n<ul>\n<li>Wholegrain cereals and derivatives, raw fruits, vegetables, pulses, and nuts are not recommended.<\/li>\n<li>Choose fruit without skin, cooked, baked, baked, microwaved or stewed, in juice, syrup or strained juices. Fruit in syrup (apple, pear, and peach), quince or banana and well-ripened pear.<\/li>\n<li>Vegetables low in fibre (courgette, pumpkin, carrot) can be consumed in small quantities (test tolerance) always without skin and seeds and very well cooked, also in the form of strained creams or broths.<\/li>\n<\/ul><\/div>\n<div class=\"col-md-12 text-center\">\n<div class=\"row\">\n<div class=\"col-md-12 recetas-sug\">\n                              <b>Some suggested recipes:<\/b>\n                            <\/div>\n<\/p><\/div>\n<div class=\"row\">\n<div class=\"col-md-2 col-sm-6 text-center recetitas\">\n                            <\/div>\n<div class=\"col-md-4 col-sm-6 text-center recetitas\">\n                                <a href=\"\/en\/recipes\/apple-in-the-microwave-with-cinnamon\/\"><\/p>\n<div class=\"cuadro-receta-2 text-center\">\n                                        <img decoding=\"async\" src=\"http:\/\/oncoalicia.com\/wp-content\/uploads\/2021\/10\/Poma-al-microones.jpg\" class=\"w-50\"><\/p>\n<div class=\"txt-mito\">Apple in the microwave with cinnamon\n                                        <\/div>\n<\/p><\/div>\n<p>                                <\/a>\n                            <\/div>\n<div class=\"col-md-4 col-sm-6 text-center recetitas\">\n                                <a href=\"\/en\/recipes\/quince-mochi\/\"><\/p>\n<div class=\"cuadro-receta-2 text-center\">\n                                        <img decoding=\"async\" src=\"http:\/\/oncoalicia.com\/wp-content\/uploads\/2022\/04\/115.-V-Mochi-de-membrillo.jpg\" class=\"w-50\"><\/p>\n<div class=\"txt-mito\">Quince &#8216;mochi&#8217;\n                                        <\/div>\n<\/p><\/div>\n<p>                                <\/a>\n                            <\/div>\n<div class=\"col-md-2 col-sm-6 text-center recetitas\">\n                            <\/div>\n<\/p><\/div>\n<\/p><\/div>\n<\/p><\/div>\n<\/p><\/div>\n<\/p><\/div>\n<\/p><\/div>\n<div class=\"col-md-12 p-10 text-center\">\n<h3><a class=\"btn-orange recomanacions-tipus-cancer\" data-toggle=\"collapse\" href=\"#collapseExample-6\" role=\"button\" aria-expanded=\"false\" aria-controls=\"collapseExample\">Limit fatty foods. <i class=\"fa fa-angle-down\" aria-hidden=\"true\"><\/i><br \/>\n            <\/a><\/h3>\n<div class=\"collapse\" id=\"collapseExample-6\">\n<div class=\"card-body\">\n<div class=\"row\">\n<div class=\"col-md-12 descrip\">\n<p>It is not recommended to consume butter, margarine, lard, mayonnaise, cream, heavy cream, and baked goods, amongst others.<\/p>\n<\/p><\/div>\n<\/p><\/div>\n<\/p><\/div>\n<\/p><\/div>\n<\/p><\/div>\n<div class=\"col-md-12 p-10 text-center\">\n<h3><a class=\"btn-orange recomanacions-tipus-cancer\" data-toggle=\"collapse\" href=\"#collapseExample-7\" role=\"button\" aria-expanded=\"false\" aria-controls=\"collapseExample\">Avoid milk or products containing lactose. <i class=\"fa fa-angle-down\" aria-hidden=\"true\"><\/i><br \/>\n            <\/a><\/h3>\n<div class=\"collapse\" id=\"collapseExample-7\">\n<div class=\"card-body\">\n<div class=\"row\">\n<div class=\"col-md-12 descrip\">\n<p>Depending on tolerance, they can be gradually incorporated.<\/p>\n<\/p><\/div>\n<\/p><\/div>\n<\/p><\/div>\n<\/p><\/div>\n<\/p><\/div>\n<div class=\"col-md-12 p-10 text-center\">\n<h3 class=\"btn-orange recomanacions-tipus-cancer\" style=\"font-weight: bold;\">Avoid coffee, chocolate, black tea, alcohol, and spicy condiments, such as pepper.<\/h3>\n<\/p><\/div>\n<div class=\"col-md-12 p-10 text-center\">\n<h3><a class=\"btn-orange recomanacions-tipus-cancer\" data-toggle=\"collapse\" href=\"#collapseExample-8\" role=\"button\" aria-expanded=\"false\" aria-controls=\"collapseExample\">Avoid foods rich in simple sugars or sweeteners. <i class=\"fa fa-angle-down\" aria-hidden=\"true\"><\/i><br \/>\n            <\/a><\/h3>\n<div class=\"collapse\" id=\"collapseExample-8\">\n<div class=\"card-body\">\n<div class=\"row\">\n<div class=\"col-md-12 descrip\">\n<p>Sweets, fruit syrups, sugar, honey, chocolate, sweetened drinks, xylitol, sorbitol, etc., are not recommended.<\/p>\n<\/p><\/div>\n<\/p><\/div>\n<\/p><\/div>\n<\/p><\/div>\n<\/p><\/div>\n<\/p><\/div>\n","protected":false},"excerpt":{"rendered":"<p>Diarrhoea is defined as an increase in stool frequency accompanied by a decrease in consistency. In prostate cancer, it may result from the toxicity of chemotherapy or radiotherapy treatment. It can also occur when other drugs or antibiotics are administered and depending on the case, it may be mild or severe. If prolonged, consult your&hellip; <a class=\"more-link\" href=\"https:\/\/oncoalicia.com\/en\/types-of-cancer\/prostate\/diarrhea\/\">Continue reading <span class=\"screen-reader-text\">Dietary Recommendations for Diarrhea in Prostate Cancer<\/span><\/a><\/p>\n","protected":false},"author":2,"featured_media":0,"parent":3996,"menu_order":0,"comment_status":"closed","ping_status":"closed","template":"prostata-diarrea.php","meta":{"footnotes":""},"class_list":["post-4001","page","type-page","status-publish","hentry","entry"],"yoast_head":"<!-- This site is optimized with the Yoast SEO plugin v26.9 - https:\/\/yoast.com\/product\/yoast-seo-wordpress\/ -->\n<title>Nutrition for prostate cancer patients experiencing diarrhea - Oncoalicia<\/title>\n<meta name=\"description\" content=\"Find dietary recommendations for people with prostate cancer who are experiencing diarrhea due to treatment.\" \/>\n<meta name=\"robots\" content=\"index, follow, max-snippet:-1, max-image-preview:large, max-video-preview:-1\" \/>\n<link rel=\"canonical\" href=\"https:\/\/oncoalicia.com\/en\/types-of-cancer\/prostate\/diarrhea\/\" \/>\n<meta property=\"og:locale\" content=\"en_US\" \/>\n<meta property=\"og:type\" content=\"article\" \/>\n<meta property=\"og:title\" content=\"Nutrition for prostate cancer patients experiencing diarrhea - Oncoalicia\" \/>\n<meta property=\"og:description\" content=\"Find dietary recommendations for people with prostate cancer who are experiencing diarrhea due to treatment.\" \/>\n<meta property=\"og:url\" content=\"https:\/\/oncoalicia.com\/en\/types-of-cancer\/prostate\/diarrhea\/\" \/>\n<meta property=\"og:site_name\" content=\"Oncoalicia\" \/>\n<meta property=\"article:modified_time\" content=\"2025-07-04T08:59:53+00:00\" \/>\n<meta property=\"og:image\" content=\"http:\/\/oncoalicia.com\/wp-content\/uploads\/2021\/10\/broquetes-pollastre-i-poma.jpg\" \/>\n<meta name=\"twitter:card\" content=\"summary_large_image\" \/>\n<meta name=\"twitter:label1\" content=\"Est. reading time\" \/>\n\t<meta name=\"twitter:data1\" content=\"3 minutes\" \/>\n<script type=\"application\/ld+json\" class=\"yoast-schema-graph\">{\"@context\":\"https:\/\/schema.org\",\"@graph\":[{\"@type\":\"WebPage\",\"@id\":\"https:\/\/oncoalicia.com\/en\/types-of-cancer\/prostate\/diarrhea\/\",\"url\":\"https:\/\/oncoalicia.com\/en\/types-of-cancer\/prostate\/diarrhea\/\",\"name\":\"Nutrition for prostate cancer patients experiencing diarrhea - Oncoalicia\",\"isPartOf\":{\"@id\":\"https:\/\/oncoalicia.com\/en\/#website\"},\"primaryImageOfPage\":{\"@id\":\"https:\/\/oncoalicia.com\/en\/types-of-cancer\/prostate\/diarrhea\/#primaryimage\"},\"image\":{\"@id\":\"https:\/\/oncoalicia.com\/en\/types-of-cancer\/prostate\/diarrhea\/#primaryimage\"},\"thumbnailUrl\":\"http:\/\/oncoalicia.com\/wp-content\/uploads\/2021\/10\/broquetes-pollastre-i-poma.jpg\",\"datePublished\":\"2022-05-14T03:13:50+00:00\",\"dateModified\":\"2025-07-04T08:59:53+00:00\",\"description\":\"Find dietary recommendations for people with prostate cancer who are experiencing diarrhea due to treatment.\",\"breadcrumb\":{\"@id\":\"https:\/\/oncoalicia.com\/en\/types-of-cancer\/prostate\/diarrhea\/#breadcrumb\"},\"inLanguage\":\"en-US\",\"potentialAction\":[{\"@type\":\"ReadAction\",\"target\":[\"https:\/\/oncoalicia.com\/en\/types-of-cancer\/prostate\/diarrhea\/\"]}]},{\"@type\":\"ImageObject\",\"inLanguage\":\"en-US\",\"@id\":\"https:\/\/oncoalicia.com\/en\/types-of-cancer\/prostate\/diarrhea\/#primaryimage\",\"url\":\"http:\/\/oncoalicia.com\/wp-content\/uploads\/2021\/10\/broquetes-pollastre-i-poma.jpg\",\"contentUrl\":\"http:\/\/oncoalicia.com\/wp-content\/uploads\/2021\/10\/broquetes-pollastre-i-poma.jpg\"},{\"@type\":\"BreadcrumbList\",\"@id\":\"https:\/\/oncoalicia.com\/en\/types-of-cancer\/prostate\/diarrhea\/#breadcrumb\",\"itemListElement\":[{\"@type\":\"ListItem\",\"position\":1,\"name\":\"Portada\",\"item\":\"https:\/\/oncoalicia.com\/en\/\"},{\"@type\":\"ListItem\",\"position\":2,\"name\":\"Types of Cancer\",\"item\":\"https:\/\/oncoalicia.com\/en\/types-of-cancer\/\"},{\"@type\":\"ListItem\",\"position\":3,\"name\":\"Food and Nutrition During Prostate Cancer Treatment\",\"item\":\"https:\/\/oncoalicia.com\/en\/types-of-cancer\/prostate\/\"},{\"@type\":\"ListItem\",\"position\":4,\"name\":\"Dietary Recommendations for Diarrhea in Prostate Cancer\"}]},{\"@type\":\"WebSite\",\"@id\":\"https:\/\/oncoalicia.com\/en\/#website\",\"url\":\"https:\/\/oncoalicia.com\/en\/\",\"name\":\"Oncoal\u00edcia\",\"description\":\"Comer durante el Tratamiento del C\u00e1ncer\",\"publisher\":{\"@id\":\"https:\/\/oncoalicia.com\/en\/#organization\"},\"alternateName\":\"Oncoal\u00edcia | Comer durante el Tratamiento del C\u00e1ncer\",\"potentialAction\":[{\"@type\":\"SearchAction\",\"target\":{\"@type\":\"EntryPoint\",\"urlTemplate\":\"https:\/\/oncoalicia.com\/en\/?s={search_term_string}\"},\"query-input\":{\"@type\":\"PropertyValueSpecification\",\"valueRequired\":true,\"valueName\":\"search_term_string\"}}],\"inLanguage\":\"en-US\"},{\"@type\":\"Organization\",\"@id\":\"https:\/\/oncoalicia.com\/en\/#organization\",\"name\":\"Oncoal\u00edcia\",\"alternateName\":\"Oncoal\u00edcia | Comer durante el Tratamiento del C\u00e1ncer\",\"url\":\"https:\/\/oncoalicia.com\/en\/\",\"logo\":{\"@type\":\"ImageObject\",\"inLanguage\":\"en-US\",\"@id\":\"https:\/\/oncoalicia.com\/en\/#\/schema\/logo\/image\/\",\"url\":\"https:\/\/oncoalicia.com\/wp-content\/uploads\/2022\/11\/logo_rrss.png\",\"contentUrl\":\"https:\/\/oncoalicia.com\/wp-content\/uploads\/2022\/11\/logo_rrss.png\",\"width\":300,\"height\":300,\"caption\":\"Oncoal\u00edcia\"},\"image\":{\"@id\":\"https:\/\/oncoalicia.com\/en\/#\/schema\/logo\/image\/\"}}]}<\/script>\n<!-- \/ Yoast SEO plugin. -->","yoast_head_json":{"title":"Nutrition for prostate cancer patients experiencing diarrhea - Oncoalicia","description":"Find dietary recommendations for people with prostate cancer who are experiencing diarrhea due to treatment.","robots":{"index":"index","follow":"follow","max-snippet":"max-snippet:-1","max-image-preview":"max-image-preview:large","max-video-preview":"max-video-preview:-1"},"canonical":"https:\/\/oncoalicia.com\/en\/types-of-cancer\/prostate\/diarrhea\/","og_locale":"en_US","og_type":"article","og_title":"Nutrition for prostate cancer patients experiencing diarrhea - Oncoalicia","og_description":"Find dietary recommendations for people with prostate cancer who are experiencing diarrhea due to treatment.","og_url":"https:\/\/oncoalicia.com\/en\/types-of-cancer\/prostate\/diarrhea\/","og_site_name":"Oncoalicia","article_modified_time":"2025-07-04T08:59:53+00:00","og_image":[{"url":"http:\/\/oncoalicia.com\/wp-content\/uploads\/2021\/10\/broquetes-pollastre-i-poma.jpg","type":"","width":"","height":""}],"twitter_card":"summary_large_image","twitter_misc":{"Est. reading time":"3 minutes"},"schema":{"@context":"https:\/\/schema.org","@graph":[{"@type":"WebPage","@id":"https:\/\/oncoalicia.com\/en\/types-of-cancer\/prostate\/diarrhea\/","url":"https:\/\/oncoalicia.com\/en\/types-of-cancer\/prostate\/diarrhea\/","name":"Nutrition for prostate cancer patients experiencing diarrhea - Oncoalicia","isPartOf":{"@id":"https:\/\/oncoalicia.com\/en\/#website"},"primaryImageOfPage":{"@id":"https:\/\/oncoalicia.com\/en\/types-of-cancer\/prostate\/diarrhea\/#primaryimage"},"image":{"@id":"https:\/\/oncoalicia.com\/en\/types-of-cancer\/prostate\/diarrhea\/#primaryimage"},"thumbnailUrl":"http:\/\/oncoalicia.com\/wp-content\/uploads\/2021\/10\/broquetes-pollastre-i-poma.jpg","datePublished":"2022-05-14T03:13:50+00:00","dateModified":"2025-07-04T08:59:53+00:00","description":"Find dietary recommendations for people with prostate cancer who are experiencing diarrhea due to treatment.","breadcrumb":{"@id":"https:\/\/oncoalicia.com\/en\/types-of-cancer\/prostate\/diarrhea\/#breadcrumb"},"inLanguage":"en-US","potentialAction":[{"@type":"ReadAction","target":["https:\/\/oncoalicia.com\/en\/types-of-cancer\/prostate\/diarrhea\/"]}]},{"@type":"ImageObject","inLanguage":"en-US","@id":"https:\/\/oncoalicia.com\/en\/types-of-cancer\/prostate\/diarrhea\/#primaryimage","url":"http:\/\/oncoalicia.com\/wp-content\/uploads\/2021\/10\/broquetes-pollastre-i-poma.jpg","contentUrl":"http:\/\/oncoalicia.com\/wp-content\/uploads\/2021\/10\/broquetes-pollastre-i-poma.jpg"},{"@type":"BreadcrumbList","@id":"https:\/\/oncoalicia.com\/en\/types-of-cancer\/prostate\/diarrhea\/#breadcrumb","itemListElement":[{"@type":"ListItem","position":1,"name":"Portada","item":"https:\/\/oncoalicia.com\/en\/"},{"@type":"ListItem","position":2,"name":"Types of Cancer","item":"https:\/\/oncoalicia.com\/en\/types-of-cancer\/"},{"@type":"ListItem","position":3,"name":"Food and Nutrition During Prostate Cancer Treatment","item":"https:\/\/oncoalicia.com\/en\/types-of-cancer\/prostate\/"},{"@type":"ListItem","position":4,"name":"Dietary Recommendations for Diarrhea in Prostate Cancer"}]},{"@type":"WebSite","@id":"https:\/\/oncoalicia.com\/en\/#website","url":"https:\/\/oncoalicia.com\/en\/","name":"Oncoal\u00edcia","description":"Comer durante el Tratamiento del C\u00e1ncer","publisher":{"@id":"https:\/\/oncoalicia.com\/en\/#organization"},"alternateName":"Oncoal\u00edcia | Comer durante el Tratamiento del C\u00e1ncer","potentialAction":[{"@type":"SearchAction","target":{"@type":"EntryPoint","urlTemplate":"https:\/\/oncoalicia.com\/en\/?s={search_term_string}"},"query-input":{"@type":"PropertyValueSpecification","valueRequired":true,"valueName":"search_term_string"}}],"inLanguage":"en-US"},{"@type":"Organization","@id":"https:\/\/oncoalicia.com\/en\/#organization","name":"Oncoal\u00edcia","alternateName":"Oncoal\u00edcia | Comer durante el Tratamiento del C\u00e1ncer","url":"https:\/\/oncoalicia.com\/en\/","logo":{"@type":"ImageObject","inLanguage":"en-US","@id":"https:\/\/oncoalicia.com\/en\/#\/schema\/logo\/image\/","url":"https:\/\/oncoalicia.com\/wp-content\/uploads\/2022\/11\/logo_rrss.png","contentUrl":"https:\/\/oncoalicia.com\/wp-content\/uploads\/2022\/11\/logo_rrss.png","width":300,"height":300,"caption":"Oncoal\u00edcia"},"image":{"@id":"https:\/\/oncoalicia.com\/en\/#\/schema\/logo\/image\/"}}]}},"_links":{"self":[{"href":"https:\/\/oncoalicia.com\/en\/wp-json\/wp\/v2\/pages\/4001","targetHints":{"allow":["GET"]}}],"collection":[{"href":"https:\/\/oncoalicia.com\/en\/wp-json\/wp\/v2\/pages"}],"about":[{"href":"https:\/\/oncoalicia.com\/en\/wp-json\/wp\/v2\/types\/page"}],"author":[{"embeddable":true,"href":"https:\/\/oncoalicia.com\/en\/wp-json\/wp\/v2\/users\/2"}],"replies":[{"embeddable":true,"href":"https:\/\/oncoalicia.com\/en\/wp-json\/wp\/v2\/comments?post=4001"}],"version-history":[{"count":0,"href":"https:\/\/oncoalicia.com\/en\/wp-json\/wp\/v2\/pages\/4001\/revisions"}],"up":[{"embeddable":true,"href":"https:\/\/oncoalicia.com\/en\/wp-json\/wp\/v2\/pages\/3996"}],"wp:attachment":[{"href":"https:\/\/oncoalicia.com\/en\/wp-json\/wp\/v2\/media?parent=4001"}],"curies":[{"name":"wp","href":"https:\/\/api.w.org\/{rel}","templated":true}]}}