{"id":4007,"date":"2022-05-14T06:53:18","date_gmt":"2022-05-14T06:53:18","guid":{"rendered":"https:\/\/www.oncoalicia.com\/type-of-cancer\/nutrition-during-prostate-cancer-treatment\/hyperlipidemia\/"},"modified":"2025-07-04T09:00:26","modified_gmt":"2025-07-04T09:00:26","slug":"hyperlipidaemia","status":"publish","type":"page","link":"https:\/\/oncoalicia.com\/en\/types-of-cancer\/prostate\/hyperlipidaemia\/","title":{"rendered":"Dietary Recommendations for Hyperlipidaemia in Prostate Cancer"},"content":{"rendered":"<div class=\"row\">\n<div class=\"col-md-12 subtitle-mitos text-left\">\n<p>Hyperlipidaemia refers to the elevated level of lipids in the blood and can be caused by hormonal treatments for prostate cancer. These types of lipids include cholesterol and triglycerides, which are molecules involved in many processes in the body and are part of the natural composition of our cells. When there is an excess of these molecules, they accumulate in the arteries, increasing the risk of suffering from cardiovascular diseases.<\/p>\n<\/p><\/div>\n<\/p><\/div>\n<div class=\"row p-40 w-60\">\n<div class=\"col-md-12 text-center\">\n<h2 class=\"h3 recomaqnem-efectes-cancer\">WHAT DO WE RECOMMEND?<\/h2>\n<\/p><\/div>\n<div class=\"col-md-12 p-10 text-center\">\n<h3><a class=\"btn-orange recomanacions-tipus-cancer\" data-toggle=\"collapse\" href=\"#collapseExample-1\" role=\"button\" aria-expanded=\"false\" aria-controls=\"collapseExample\">Follow a healthy and balanced diet. <i class=\"fa fa-angle-down\" aria-hidden=\"true\"><\/i><br \/>\n              <\/a><\/h3>\n<div class=\"collapse\" id=\"collapseExample-1\">\n<div class=\"card-body\">\n<div class=\"row\">\n<div class=\"col-md-12 descrip\">\n<p>Based on fresh and minimally processed foods, prioritising plant-based foods, adjusting foods of animal origin, and limiting saturated fats and sugars:<\/p>\n<p>\n                          <\/div>\n<\/p><\/div>\n<div class=\"row\">\n<div class=\"col-md-12\">\n<table>\n<tr>\n<td colspan=\"2\" class=\"table-title\">Recommended foods for hyperlipidaemia<\/td>\n<\/tr>\n<tr>\n<td>\n                                <b>Unrefined plant-based foods<\/b>\n                              <\/td>\n<td align=\"left\">\nVegetables and seasonal fruit on a daily basis.<br \/>\nLegumes (soya, lentils, beans, peas, chickpeas), (3-4 times a week).<br \/>\nStarchy foods (rice, pasta, bread) and whole grains: oats, barley or rye (in flakes, flour, bran or grain).<br \/>\nTubers.<br \/>\nMushrooms.\n                              <\/td>\n<\/tr>\n<tr>\n<td>\n                                <b>Foods rich in heart-healthy fats (unsaturated)<\/b>\n                              <\/td>\n<td align=\"left\">\nOily fish (2-3 servings a week).<br \/>\nNatural nuts and seeds, neither fried nor salted (a handful a day).<br \/>\nVirgin or extra virgin olive oil.\n                              <\/td>\n<\/tr>\n<tr>\n<td>\n                                <b>Foods of animal origin low in fat (saturated)<\/b>\n                              <\/td>\n<td align=\"left\">\nSkimmed or semi-skimmed dairy products with no added sugars (2 servings a day).<br \/>\nLean meat (chicken, turkey, rabbit&#8230;), (3-4 times a week).<br \/>\nEggs (3-4 times a week).<br \/>\nWhite fish and some seafood (prawns, cuttlefish, squid, shrimps, mussels&#8230;) (2-3 times a week).\n                              <\/td>\n<\/tr>\n<\/table><\/div>\n<div class=\"col-md-12 text-center\">\n<div class=\"row\">\n<div class=\"col-md-12 recetas-sug\">\n                              <b>Some suggested recipes:<\/b>\n                            <\/div>\n<\/p><\/div>\n<div class=\"row\">\n<div class=\"col-md-4 col-sm-6 text-center recetitas\">\n                                <a href=\"\/en\/recipes\/canned-sardine-burger\/\"><\/p>\n<div class=\"cuadro-receta-2 text-center\">\n                                        <img decoding=\"async\" src=\"http:\/\/oncoalicia.com\/wp-content\/uploads\/2022\/03\/Hamburguesa-de-sardinas-en-conserva-1463x2048.jpg\" class=\"w-50\"><\/p>\n<div class=\"txt-mito\">Canned sardine burger\n                                        <\/div>\n<\/p><\/div>\n<p>                                <\/a>\n                            <\/div>\n<div class=\"col-md-4 col-sm-6 text-center recetitas\">\n                                <a href=\"\/en\/recipes\/green-salad-with-beans-and-olives\/\"><\/p>\n<div class=\"cuadro-receta-2 text-center\">\n                                        <img decoding=\"async\" src=\"http:\/\/oncoalicia.com\/wp-content\/uploads\/2022\/02\/Ensalada-verde-con-alubias-y-ali%E0%B8%84o.jpg\" class=\"w-50\"><\/p>\n<div class=\"txt-mito\">Green salad with beans and olives\n                                        <\/div>\n<\/p><\/div>\n<p>                                <\/a>\n                            <\/div>\n<div class=\"col-md-4 col-sm-6 text-center recetitas\">\n                                <a href=\"\/en\/recipes\/champizzas\/\"><\/p>\n<div class=\"cuadro-receta-2 text-center\">\n                                        <img decoding=\"async\" src=\"http:\/\/oncoalicia.com\/wp-content\/uploads\/2022\/02\/Champizzas-1463x2048.jpg\" class=\"w-50\"><\/p>\n<div class=\"txt-mito\">&#8216;Champizzes&#8217;\n                                        <\/div>\n<\/p><\/div>\n<p>                                <\/a>\n                            <\/div>\n<\/p><\/div>\n<\/p><\/div>\n<\/p><\/div>\n<\/p><\/div>\n<\/p><\/div>\n<\/p><\/div>\n<div class=\"col-md-12 p-10 text-center\">\n<h3><a class=\"btn-orange recomanacions-tipus-cancer\" data-toggle=\"collapse\" href=\"#collapseExample-2\" role=\"button\" aria-expanded=\"false\" aria-controls=\"collapseExample\">Avoid foods with saturated fatty acids, trans fatty acids, sugars or alcohol. <i class=\"fa fa-angle-down\" aria-hidden=\"true\"><\/i><br \/>\n              <\/a><\/h3>\n<div class=\"collapse\" id=\"collapseExample-2\">\n<div class=\"card-body\">\n<div class=\"row\">\n<div class=\"col-md-12\">\n<table>\n<tr>\n<td colspan=\"2\" class=\"table-title\">Foods to avoid in hyperlipidaemia<\/td>\n<\/tr>\n<tr>\n<td>\n                                <b>Foods rich in saturated fatty acids<\/b>\n                              <\/td>\n<td align=\"left\">\nWhole dairy products, cheese, cream, creamy cheeses, matured cheeses.<br \/>\nFatty meats and offal.<br \/>\nProcessed meats and cold meats (bacon, black pudding, fuet, chorizo&#8230;).<br \/>\nButter and lard. bi<br \/>\nProcessed pastries and baked goods.<br \/>\nFried snacks.<br \/>\nUltra-processed, pre-cooked foods (croquettes, pizzas, nuggets&#8230;).\n                              <\/td>\n<\/tr>\n<tr>\n<td>\n                                <b>Foods high in trans- fatty acids (trans-unsaturated fatty acids)<\/b>\n                              <\/td>\n<td align=\"left\">\nProducts containing hydrogenated vegetable oil on their labels, such as some margarine, and prepared foods (biscuits, crisps, cakes, pre-packaged or processed mixes).\n                              <\/td>\n<\/tr>\n<tr>\n<td>\n                                <b>Foods high in simple sugars<\/b>\n                              <\/td>\n<td align=\"left\">\nSugar, honey, jam.<br \/>\nInstant cocoa powder.<br \/>\nChocolates.<br \/>\nChocolate with less than 60% cocoa.<br \/>\nConfectionery.<br \/>\nSoft drinks.<br \/>\nBiscuits, breakfast cereals, cakes, pastries.<br \/>\nPre-cooked sauces.\n                              <\/td>\n<\/tr>\n<tr>\n<td>\n                                <b>Alcohol<\/b>\n                              <\/td>\n<td align=\"left\">\nWine, beer, and distilled spirits.\n                              <\/td>\n<\/tr>\n<\/table><\/div>\n<\/p><\/div>\n<\/p><\/div>\n<\/p><\/div>\n<\/p><\/div>\n<div class=\"col-md-12 p-10 text-center\">\n<h3><a class=\"btn-orange recomanacions-tipus-cancer\" data-toggle=\"collapse\" href=\"#collapseExample-3\" role=\"button\" aria-expanded=\"false\" aria-controls=\"collapseExample\">Read the food labels if you cannot choose fresh, unprocessed foods. <i class=\"fa fa-angle-down\" aria-hidden=\"true\"><\/i><br \/>\n              <\/a><\/h3>\n<div class=\"collapse\" id=\"collapseExample-3\">\n<div class=\"card-body\">\n<div class=\"row\">\n<div class=\"col-md-12 descrip\">\n<p>When consuming packaged products (processed products, biscuits, pastries, sauces, snacks, etc.), prioritise those with a lower fat content, especially saturated fats.<\/p>\n<\/p><\/div>\n<\/p><\/div>\n<\/p><\/div>\n<\/p><\/div>\n<\/p><\/div>\n<div class=\"col-md-12 p-10 text-center\">\n<h3><a class=\"btn-orange recomanacions-tipus-cancer\" data-toggle=\"collapse\" href=\"#collapseExample-4\" role=\"button\" aria-expanded=\"false\" aria-controls=\"collapseExample\">Adjust rations. <i class=\"fa fa-angle-down\" aria-hidden=\"true\"><\/i><br \/>\n              <\/a><\/h3>\n<div class=\"collapse\" id=\"collapseExample-4\">\n<div class=\"card-body\">\n<div class=\"row\">\n<div class=\"col-md-12 descrip\">\n<p>Avoid large portions and intake in a single meal so that the liver does not convert excess calories into triglycerides, increasing the risk of cardiovascular disease and fatty liver.<\/p>\n<\/p><\/div>\n<\/p><\/div>\n<\/p><\/div>\n<\/p><\/div>\n<\/p><\/div>\n<div class=\"col-md-12 p-10 text-center\">\n<h3><a class=\"btn-orange recomanacions-tipus-cancer\" data-toggle=\"collapse\" href=\"#collapseExample-5\" role=\"button\" aria-expanded=\"false\" aria-controls=\"collapseExample\">Reduce and\/or avoid fried and battered foods. <i class=\"fa fa-angle-down\" aria-hidden=\"true\"><\/i><br \/>\n              <\/a><\/h3>\n<div class=\"collapse\" id=\"collapseExample-5\">\n<div class=\"card-body\">\n<div class=\"row\">\n<div class=\"col-md-12 descrip\">\n<p>Favour baking, steaming, grilling, en papillote and microwaving.<\/p>\n<\/p><\/div>\n<\/p><\/div>\n<\/p><\/div>\n<\/p><\/div>\n<\/p><\/div>\n<div class=\"col-md-12 p-10 text-center\">\n<h3><a class=\"btn-orange recomanacions-tipus-cancer\" data-toggle=\"collapse\" href=\"#collapseExample-6\" role=\"button\" aria-expanded=\"false\" aria-controls=\"collapseExample\">Take other related symptoms into account. <i class=\"fa fa-angle-down\" aria-hidden=\"true\"><\/i><br \/>\n              <\/a><\/h3>\n<div class=\"collapse\" id=\"collapseExample-6\">\n<div class=\"card-body\">\n<div class=\"row\">\n<div class=\"col-md-12 descrip\">\n<p>Hyperlipaemia is a symptom that often occurs together with hypertension and hyperglycaemia. This phenomenon is called metabolic syndrome and different aspects should be considered together to ensure adequate nutrition.<\/p>\n<\/p><\/div>\n<\/p><\/div>\n<\/p><\/div>\n<\/p><\/div>\n<\/p><\/div>\n<\/p><\/div>\n","protected":false},"excerpt":{"rendered":"<p>Hyperlipidaemia refers to the elevated level of lipids in the blood and can be caused by hormonal treatments for prostate cancer. These types of lipids include cholesterol and triglycerides, which are molecules involved in many processes in the body and are part of the natural composition of our cells. When there is an excess of&hellip; <a class=\"more-link\" href=\"https:\/\/oncoalicia.com\/en\/types-of-cancer\/prostate\/hyperlipidaemia\/\">Continue reading <span class=\"screen-reader-text\">Dietary Recommendations for Hyperlipidaemia in Prostate Cancer<\/span><\/a><\/p>\n","protected":false},"author":2,"featured_media":0,"parent":3996,"menu_order":0,"comment_status":"closed","ping_status":"closed","template":"prostata-hiperlipemia.php","meta":{"footnotes":""},"class_list":["post-4007","page","type-page","status-publish","hentry","entry"],"yoast_head":"<!-- This site is optimized with the Yoast SEO plugin v26.9 - https:\/\/yoast.com\/product\/yoast-seo-wordpress\/ -->\n<title>Nutrition for prostate cancer patients experiencing hyperlipidaemia - Oncoalicia<\/title>\n<meta name=\"description\" content=\"Find dietary recommendations for people with prostate cancer who are experiencing hyperlipidaemia due to treatment.\" \/>\n<meta name=\"robots\" content=\"index, follow, max-snippet:-1, max-image-preview:large, max-video-preview:-1\" \/>\n<link rel=\"canonical\" href=\"https:\/\/oncoalicia.com\/en\/types-of-cancer\/prostate\/hyperlipidaemia\/\" \/>\n<meta property=\"og:locale\" content=\"en_US\" \/>\n<meta property=\"og:type\" content=\"article\" \/>\n<meta property=\"og:title\" content=\"Nutrition for prostate cancer patients experiencing hyperlipidaemia - Oncoalicia\" \/>\n<meta property=\"og:description\" content=\"Find dietary recommendations for people with prostate cancer who are experiencing hyperlipidaemia due to treatment.\" \/>\n<meta property=\"og:url\" content=\"https:\/\/oncoalicia.com\/en\/types-of-cancer\/prostate\/hyperlipidaemia\/\" \/>\n<meta property=\"og:site_name\" content=\"Oncoalicia\" \/>\n<meta property=\"article:modified_time\" content=\"2025-07-04T09:00:26+00:00\" \/>\n<meta property=\"og:image\" content=\"http:\/\/oncoalicia.com\/wp-content\/uploads\/2022\/03\/Hamburguesa-de-sardinas-en-conserva-1463x2048.jpg\" \/>\n<meta name=\"twitter:card\" content=\"summary_large_image\" \/>\n<meta name=\"twitter:label1\" content=\"Est. reading time\" \/>\n\t<meta name=\"twitter:data1\" content=\"3 minutes\" \/>\n<script type=\"application\/ld+json\" class=\"yoast-schema-graph\">{\"@context\":\"https:\/\/schema.org\",\"@graph\":[{\"@type\":\"WebPage\",\"@id\":\"https:\/\/oncoalicia.com\/en\/types-of-cancer\/prostate\/hyperlipidaemia\/\",\"url\":\"https:\/\/oncoalicia.com\/en\/types-of-cancer\/prostate\/hyperlipidaemia\/\",\"name\":\"Nutrition for prostate cancer patients experiencing hyperlipidaemia - Oncoalicia\",\"isPartOf\":{\"@id\":\"https:\/\/oncoalicia.com\/en\/#website\"},\"primaryImageOfPage\":{\"@id\":\"https:\/\/oncoalicia.com\/en\/types-of-cancer\/prostate\/hyperlipidaemia\/#primaryimage\"},\"image\":{\"@id\":\"https:\/\/oncoalicia.com\/en\/types-of-cancer\/prostate\/hyperlipidaemia\/#primaryimage\"},\"thumbnailUrl\":\"http:\/\/oncoalicia.com\/wp-content\/uploads\/2022\/03\/Hamburguesa-de-sardinas-en-conserva-1463x2048.jpg\",\"datePublished\":\"2022-05-14T06:53:18+00:00\",\"dateModified\":\"2025-07-04T09:00:26+00:00\",\"description\":\"Find dietary recommendations for people with prostate cancer who are experiencing hyperlipidaemia due to treatment.\",\"breadcrumb\":{\"@id\":\"https:\/\/oncoalicia.com\/en\/types-of-cancer\/prostate\/hyperlipidaemia\/#breadcrumb\"},\"inLanguage\":\"en-US\",\"potentialAction\":[{\"@type\":\"ReadAction\",\"target\":[\"https:\/\/oncoalicia.com\/en\/types-of-cancer\/prostate\/hyperlipidaemia\/\"]}]},{\"@type\":\"ImageObject\",\"inLanguage\":\"en-US\",\"@id\":\"https:\/\/oncoalicia.com\/en\/types-of-cancer\/prostate\/hyperlipidaemia\/#primaryimage\",\"url\":\"http:\/\/oncoalicia.com\/wp-content\/uploads\/2022\/03\/Hamburguesa-de-sardinas-en-conserva-1463x2048.jpg\",\"contentUrl\":\"http:\/\/oncoalicia.com\/wp-content\/uploads\/2022\/03\/Hamburguesa-de-sardinas-en-conserva-1463x2048.jpg\"},{\"@type\":\"BreadcrumbList\",\"@id\":\"https:\/\/oncoalicia.com\/en\/types-of-cancer\/prostate\/hyperlipidaemia\/#breadcrumb\",\"itemListElement\":[{\"@type\":\"ListItem\",\"position\":1,\"name\":\"Portada\",\"item\":\"https:\/\/oncoalicia.com\/en\/\"},{\"@type\":\"ListItem\",\"position\":2,\"name\":\"Types of Cancer\",\"item\":\"https:\/\/oncoalicia.com\/en\/types-of-cancer\/\"},{\"@type\":\"ListItem\",\"position\":3,\"name\":\"Food and Nutrition During Prostate Cancer Treatment\",\"item\":\"https:\/\/oncoalicia.com\/en\/types-of-cancer\/prostate\/\"},{\"@type\":\"ListItem\",\"position\":4,\"name\":\"Dietary Recommendations for Hyperlipidaemia in Prostate Cancer\"}]},{\"@type\":\"WebSite\",\"@id\":\"https:\/\/oncoalicia.com\/en\/#website\",\"url\":\"https:\/\/oncoalicia.com\/en\/\",\"name\":\"Oncoal\u00edcia\",\"description\":\"Comer durante el Tratamiento del C\u00e1ncer\",\"publisher\":{\"@id\":\"https:\/\/oncoalicia.com\/en\/#organization\"},\"alternateName\":\"Oncoal\u00edcia | Comer durante el Tratamiento del C\u00e1ncer\",\"potentialAction\":[{\"@type\":\"SearchAction\",\"target\":{\"@type\":\"EntryPoint\",\"urlTemplate\":\"https:\/\/oncoalicia.com\/en\/?s={search_term_string}\"},\"query-input\":{\"@type\":\"PropertyValueSpecification\",\"valueRequired\":true,\"valueName\":\"search_term_string\"}}],\"inLanguage\":\"en-US\"},{\"@type\":\"Organization\",\"@id\":\"https:\/\/oncoalicia.com\/en\/#organization\",\"name\":\"Oncoal\u00edcia\",\"alternateName\":\"Oncoal\u00edcia | Comer durante el Tratamiento del C\u00e1ncer\",\"url\":\"https:\/\/oncoalicia.com\/en\/\",\"logo\":{\"@type\":\"ImageObject\",\"inLanguage\":\"en-US\",\"@id\":\"https:\/\/oncoalicia.com\/en\/#\/schema\/logo\/image\/\",\"url\":\"https:\/\/oncoalicia.com\/wp-content\/uploads\/2022\/11\/logo_rrss.png\",\"contentUrl\":\"https:\/\/oncoalicia.com\/wp-content\/uploads\/2022\/11\/logo_rrss.png\",\"width\":300,\"height\":300,\"caption\":\"Oncoal\u00edcia\"},\"image\":{\"@id\":\"https:\/\/oncoalicia.com\/en\/#\/schema\/logo\/image\/\"}}]}<\/script>\n<!-- \/ Yoast SEO plugin. -->","yoast_head_json":{"title":"Nutrition for prostate cancer patients experiencing hyperlipidaemia - Oncoalicia","description":"Find dietary recommendations for people with prostate cancer who are experiencing hyperlipidaemia due to treatment.","robots":{"index":"index","follow":"follow","max-snippet":"max-snippet:-1","max-image-preview":"max-image-preview:large","max-video-preview":"max-video-preview:-1"},"canonical":"https:\/\/oncoalicia.com\/en\/types-of-cancer\/prostate\/hyperlipidaemia\/","og_locale":"en_US","og_type":"article","og_title":"Nutrition for prostate cancer patients experiencing hyperlipidaemia - Oncoalicia","og_description":"Find dietary recommendations for people with prostate cancer who are experiencing hyperlipidaemia due to treatment.","og_url":"https:\/\/oncoalicia.com\/en\/types-of-cancer\/prostate\/hyperlipidaemia\/","og_site_name":"Oncoalicia","article_modified_time":"2025-07-04T09:00:26+00:00","og_image":[{"url":"http:\/\/oncoalicia.com\/wp-content\/uploads\/2022\/03\/Hamburguesa-de-sardinas-en-conserva-1463x2048.jpg","type":"","width":"","height":""}],"twitter_card":"summary_large_image","twitter_misc":{"Est. reading time":"3 minutes"},"schema":{"@context":"https:\/\/schema.org","@graph":[{"@type":"WebPage","@id":"https:\/\/oncoalicia.com\/en\/types-of-cancer\/prostate\/hyperlipidaemia\/","url":"https:\/\/oncoalicia.com\/en\/types-of-cancer\/prostate\/hyperlipidaemia\/","name":"Nutrition for prostate cancer patients experiencing hyperlipidaemia - Oncoalicia","isPartOf":{"@id":"https:\/\/oncoalicia.com\/en\/#website"},"primaryImageOfPage":{"@id":"https:\/\/oncoalicia.com\/en\/types-of-cancer\/prostate\/hyperlipidaemia\/#primaryimage"},"image":{"@id":"https:\/\/oncoalicia.com\/en\/types-of-cancer\/prostate\/hyperlipidaemia\/#primaryimage"},"thumbnailUrl":"http:\/\/oncoalicia.com\/wp-content\/uploads\/2022\/03\/Hamburguesa-de-sardinas-en-conserva-1463x2048.jpg","datePublished":"2022-05-14T06:53:18+00:00","dateModified":"2025-07-04T09:00:26+00:00","description":"Find dietary recommendations for people with prostate cancer who are experiencing hyperlipidaemia due to treatment.","breadcrumb":{"@id":"https:\/\/oncoalicia.com\/en\/types-of-cancer\/prostate\/hyperlipidaemia\/#breadcrumb"},"inLanguage":"en-US","potentialAction":[{"@type":"ReadAction","target":["https:\/\/oncoalicia.com\/en\/types-of-cancer\/prostate\/hyperlipidaemia\/"]}]},{"@type":"ImageObject","inLanguage":"en-US","@id":"https:\/\/oncoalicia.com\/en\/types-of-cancer\/prostate\/hyperlipidaemia\/#primaryimage","url":"http:\/\/oncoalicia.com\/wp-content\/uploads\/2022\/03\/Hamburguesa-de-sardinas-en-conserva-1463x2048.jpg","contentUrl":"http:\/\/oncoalicia.com\/wp-content\/uploads\/2022\/03\/Hamburguesa-de-sardinas-en-conserva-1463x2048.jpg"},{"@type":"BreadcrumbList","@id":"https:\/\/oncoalicia.com\/en\/types-of-cancer\/prostate\/hyperlipidaemia\/#breadcrumb","itemListElement":[{"@type":"ListItem","position":1,"name":"Portada","item":"https:\/\/oncoalicia.com\/en\/"},{"@type":"ListItem","position":2,"name":"Types of Cancer","item":"https:\/\/oncoalicia.com\/en\/types-of-cancer\/"},{"@type":"ListItem","position":3,"name":"Food and Nutrition During Prostate Cancer Treatment","item":"https:\/\/oncoalicia.com\/en\/types-of-cancer\/prostate\/"},{"@type":"ListItem","position":4,"name":"Dietary Recommendations for Hyperlipidaemia in Prostate Cancer"}]},{"@type":"WebSite","@id":"https:\/\/oncoalicia.com\/en\/#website","url":"https:\/\/oncoalicia.com\/en\/","name":"Oncoal\u00edcia","description":"Comer durante el Tratamiento del C\u00e1ncer","publisher":{"@id":"https:\/\/oncoalicia.com\/en\/#organization"},"alternateName":"Oncoal\u00edcia | Comer durante el Tratamiento del C\u00e1ncer","potentialAction":[{"@type":"SearchAction","target":{"@type":"EntryPoint","urlTemplate":"https:\/\/oncoalicia.com\/en\/?s={search_term_string}"},"query-input":{"@type":"PropertyValueSpecification","valueRequired":true,"valueName":"search_term_string"}}],"inLanguage":"en-US"},{"@type":"Organization","@id":"https:\/\/oncoalicia.com\/en\/#organization","name":"Oncoal\u00edcia","alternateName":"Oncoal\u00edcia | Comer durante el Tratamiento del C\u00e1ncer","url":"https:\/\/oncoalicia.com\/en\/","logo":{"@type":"ImageObject","inLanguage":"en-US","@id":"https:\/\/oncoalicia.com\/en\/#\/schema\/logo\/image\/","url":"https:\/\/oncoalicia.com\/wp-content\/uploads\/2022\/11\/logo_rrss.png","contentUrl":"https:\/\/oncoalicia.com\/wp-content\/uploads\/2022\/11\/logo_rrss.png","width":300,"height":300,"caption":"Oncoal\u00edcia"},"image":{"@id":"https:\/\/oncoalicia.com\/en\/#\/schema\/logo\/image\/"}}]}},"_links":{"self":[{"href":"https:\/\/oncoalicia.com\/en\/wp-json\/wp\/v2\/pages\/4007","targetHints":{"allow":["GET"]}}],"collection":[{"href":"https:\/\/oncoalicia.com\/en\/wp-json\/wp\/v2\/pages"}],"about":[{"href":"https:\/\/oncoalicia.com\/en\/wp-json\/wp\/v2\/types\/page"}],"author":[{"embeddable":true,"href":"https:\/\/oncoalicia.com\/en\/wp-json\/wp\/v2\/users\/2"}],"replies":[{"embeddable":true,"href":"https:\/\/oncoalicia.com\/en\/wp-json\/wp\/v2\/comments?post=4007"}],"version-history":[{"count":0,"href":"https:\/\/oncoalicia.com\/en\/wp-json\/wp\/v2\/pages\/4007\/revisions"}],"up":[{"embeddable":true,"href":"https:\/\/oncoalicia.com\/en\/wp-json\/wp\/v2\/pages\/3996"}],"wp:attachment":[{"href":"https:\/\/oncoalicia.com\/en\/wp-json\/wp\/v2\/media?parent=4007"}],"curies":[{"name":"wp","href":"https:\/\/api.w.org\/{rel}","templated":true}]}}