{"id":4012,"date":"2022-05-14T07:45:43","date_gmt":"2022-05-14T07:45:43","guid":{"rendered":"https:\/\/www.oncoalicia.com\/type-of-cancer\/nutrition-during-prostate-cancer-treatment\/osteoporosis\/"},"modified":"2025-07-04T09:01:23","modified_gmt":"2025-07-04T09:01:23","slug":"osteoporosis","status":"publish","type":"page","link":"https:\/\/oncoalicia.com\/en\/types-of-cancer\/prostate\/osteoporosis\/","title":{"rendered":"Dietary Recommendations for Osteoporosis in Prostate Cancer"},"content":{"rendered":"<div class=\"row\">\n<div class=\"col-md-12 subtitle-mitos text-left\">\n<p>Osteoporosis is a disease characterised by a decrease in the density and quality of the bone and, as a consequence, an increase in the risk of suffering fractures. It is one of the most aggressive side effects of hormonal treatment for prostate cancer. In addition to the prescribed medical treatment, diet and physical exercise are essential for its prevention and treatment.<\/p>\n<\/p><\/div>\n<\/p><\/div>\n<div class=\"row p-40 w-60\">\n<div class=\"col-md-12 text-center\">\n<h2 class=\"h3 recomanem-efectes-cancer\">WHAT DO WE RECOMMEND?<\/h2>\n<\/p><\/div>\n<div class=\"col-md-12 p-10 text-center\">\n<h3 class=\"btn-orange recomanacions-tipus-cancer\" style=\"font-weight: bold;\">Follow a balanced and varied diet.<\/h3>\n<\/p><\/div>\n<div class=\"col-md-12 p-10 text-center\">\n<h3 class=\"btn-orange recomanacions-tipus-cancer\" style=\"font-weight: bold;\">Avoid alcohol, tobacco and coffee, and moderate salt intake.<\/h3>\n<\/p><\/div>\n<div class=\"col-md-12 p-10 text-center\">\n<h3><a class=\"btn-orange recomanacions-tipus-cancer\" data-toggle=\"collapse\" href=\"#collapseExample-1\" role=\"button\" aria-expanded=\"false\" aria-controls=\"collapseExample\">Ensure an adequate daily intake of protein and magnesium. <i class=\"fa fa-angle-down\" aria-hidden=\"true\"><\/i><br \/>\n          <\/a><\/h3>\n<div class=\"collapse\" id=\"collapseExample-1\">\n<div class=\"card-body\">\n<div class=\"row\">\n<div class=\"col-md-12 descrip\">\n<p>These nutrients, together with calcium and vitamin D, play an important role in preventing muscle and bone loss.<\/p>\n<\/p><\/div>\n<div class=\"col-md-12 descrip\">\n<table class=\"table\">\n<tr>\n<td colspan=\"2\" class=\"table-title\">Foods rich in protein<\/td>\n<\/tr>\n<tr>\n<td>\nFoods of animal origin\n                            <\/td>\n<td align=\"left\">\n<ul>\n<li><b>White fish:<\/b> monkfish, pike, cod.<\/li>\n<li><b>Blue fish:<\/b> sardine, mackerel, salmon.<\/li>\n<li><b>Seafood:<\/b> squid, octopus, mussels, cuttlefish, shrimp, crayfish.<\/li>\n<li><b>Naturally preserved fish:<\/b> tuna, sardines, scallops.<\/li>\n<li><b>White meat:<\/b> chicken, rabbit, turkey.<\/li>\n<li><b>Eggs<\/b> (especially the egg white).<\/li>\n<li><b>Dairy:<\/b> protein-rich skim yogurt, fresh cheese, cottage cheese.<\/li>\n<\/ul>\n<\/td>\n<\/tr>\n<tr>\n<td>\nFoods of vegetable origin\n                            <\/td>\n<td align=\"left\">\n<ul>\n<li><b>Dried or cooked legumes:<\/b> lentils, chickpeas, beans (red, black, white&#8230;), soy.<\/li>\n<li><b>Derivatives of soy:<\/b> textured soy, soy flour, tofu, tempeh.<\/li>\n<li><b>Unsalted raw nuts and seeds:<\/b> almonds, walnuts, hazelnuts, sunflower seeds, pumpkin seeds.<\/li>\n<li><b>Seitan:<\/b> wheat gluten or other grains.<\/li>\n<\/ul>\n<\/td>\n<\/tr>\n<\/table><\/div>\n<div class=\"col-md-12 descrip\">\n<p>The main sources of magnesium are nuts and seeds (almonds, hazelnuts, peanuts, cashews, pumpkin seeds, etc.); legumes, especially soya and its derivatives; whole grains (brown rice, oats, etc.); meat and fish; dark chocolate; sultanas; bananas; and dairy products.<\/p>\n<\/p><\/div>\n<div class=\"col-md-12 text-center\">\n<div class=\"row\">\n<div class=\"col-md-12 recetas-sug\">\n                            <b>Some suggested recipes:<\/b>\n                          <\/div>\n<\/p><\/div>\n<div class=\"row\">\n<div class=\"col-md-4 col-sm-6 text-center recetitas\">\n                              <a href=\"\/en\/recipes\/oat-porridge-with-fruit\/\"><\/p>\n<div class=\"cuadro-receta-2 text-center\">\n                                      <img decoding=\"async\" src=\"https:\/\/oncoalicia.com\/wp-content\/uploads\/2022\/03\/Porridge-de-avena-con-fruta-1463x2048.jpg\" class=\"w-50\"><\/p>\n<div class=\"txt-mito\">Oat porridge with fruit\n                                      <\/div>\n<\/p><\/div>\n<p>                              <\/a>\n                          <\/div>\n<div class=\"col-md-4 col-sm-6 text-center recetitas\">\n                              <a href=\"\/en\/recipes\/sugar-free-candied-hazelnuts\/\"><\/p>\n<div class=\"cuadro-receta-2 text-center\">\n                                      <img decoding=\"async\" src=\"https:\/\/oncoalicia.com\/wp-content\/uploads\/2021\/10\/Avellanes-garrapinyades.jpg\" class=\"w-50\"><\/p>\n<div class=\"txt-mito\">Sugar-free roasted hazelnuts\n                                      <\/div>\n<\/p><\/div>\n<p>                              <\/a>\n                          <\/div>\n<div class=\"col-md-4 col-sm-6 text-center recetitas\">\n                              <a href=\"\/en\/recipes\/almond-rocks-with-ginger\/\"><\/p>\n<div class=\"cuadro-receta-2 text-center\">\n                                      <img decoding=\"async\" src=\"https:\/\/oncoalicia.com\/wp-content\/uploads\/2022\/03\/Rocas-almendra-1463x2048.jpg\" class=\"w-50\"><\/p>\n<div class=\"txt-mito\">Almond rocks with ginger\n                                      <\/div>\n<\/p><\/div>\n<p>                              <\/a>\n                          <\/div>\n<\/p><\/div>\n<\/p><\/div>\n<\/p><\/div>\n<\/p><\/div>\n<\/p><\/div>\n<\/p><\/div>\n<div class=\"col-md-12 p-10 text-center\">\n<h3><a class=\"btn-orange recomanacions-tipus-cancer\" data-toggle=\"collapse\" href=\"#collapseExample-2\" role=\"button\" aria-expanded=\"false\" aria-controls=\"collapseExample\">Ensure adequate calcium intake. <i class=\"fa fa-angle-down\" aria-hidden=\"true\"><\/i><br \/>\n          <\/a><\/h3>\n<div class=\"collapse\" id=\"collapseExample-2\">\n<div class=\"card-body\">\n<div class=\"row\">\n<div class=\"col-md-12 descrip\">\n<p>Calcium can be found in foods of both animal and plant origin:<\/p>\n<\/p><\/div>\n<\/p><\/div>\n<div class=\"row\">\n<div class=\"col-md-12\">\n<table>\n<tr>\n<td>\n                            <b>Animal origin<\/b>\n                          <\/td>\n<td align=\"left\">\n<ul>\n<li>Dairy (milk, yoghurt, cheese&#8230;).<\/li>\n<li>Fish with soft edible bones (such as sardines and anchovies, fresh and\/or canned).<\/li>\n<\/ul>\n<\/td>\n<\/tr>\n<tr>\n<td>\n                            <b>Plant-based<\/b>\n                          <\/td>\n<td align=\"left\">\n<ul>\n<li>Nuts (walnuts, hazelnuts, almonds).<\/li>\n<li>Legumes (chickpeas, soya, lentils, beans) and derivatives such as tofu.<\/li>\n<li>Green leafy vegetables (spinach, chard, cabbage, broccoli, etc.).<\/li>\n<li>Foods enriched with calcium, for example, some types of breakfast cereals, biscuits, or plant milk. These are valid options as long as they do not contain too much sugar.<\/li>\n<\/ul>\n<\/td>\n<\/tr>\n<\/table><\/div>\n<div class=\"col-md-12 text-center\">\n<div class=\"row\">\n<div class=\"col-md-12 recetas-sug\">\n                          <b>Some suggested recipes:<\/b>\n                        <\/div>\n<\/p><\/div>\n<\/p><\/div>\n<div class=\"row\">\n<div class=\"col-md-4 col-sm-6 text-center recetitas\">\n                        <a href=\"\/en\/recipes\/canned-sardine-burger\/\"><\/p>\n<div class=\"cuadro-receta-2 text-center\">\n                                <img decoding=\"async\" src=\"https:\/\/oncoalicia.com\/wp-content\/uploads\/2022\/03\/Hamburguesa-de-sardinas-en-conserva-1463x2048.jpg\" class=\"w-50\"><\/p>\n<div class=\"txt-mito\">Canned sardine burger\n                                <\/div>\n<\/p><\/div>\n<p>                        <\/a>\n                    <\/div>\n<div class=\"col-md-4 col-sm-6 text-center recetitas\">\n                        <a href=\"\/en\/recipes\/quick-chickpea-puree-with-egg\/\"><\/p>\n<div class=\"cuadro-receta-2 text-center\">\n                                <img decoding=\"async\" src=\"https:\/\/oncoalicia.com\/wp-content\/uploads\/2022\/02\/Pur%E2%80%9A-r-pido-de-garbanzos-con-huevo.jpg\" class=\"w-50\"><\/p>\n<div class=\"txt-mito\">Quick chickpea puree with egg\n                                <\/div>\n<\/p><\/div>\n<p>                        <\/a>\n                    <\/div>\n<div class=\"col-md-4 col-sm-6 text-center recetitas\">\n                        <a href=\"\/en\/recipes\/seafood-soybean-paella\/\"><\/p>\n<div class=\"cuadro-receta-2 text-center\">\n                                <img decoding=\"async\" src=\"https:\/\/oncoalicia.com\/wp-content\/uploads\/2022\/02\/Soja-a-la-marinera-1463x2048.jpg\" class=\"w-50\"><\/p>\n<div class=\"txt-mito\">Marinara soybeans\n                                <\/div>\n<\/p><\/div>\n<p>                        <\/a>\n                    <\/div>\n<\/p><\/div>\n<\/p><\/div>\n<\/p><\/div>\n<\/p><\/div>\n<\/p><\/div>\n<div class=\"col-md-12 p-10 text-center\">\n<h3><a class=\"btn-orange recomanacions-tipus-cancer\" data-toggle=\"collapse\" href=\"#collapseExample-3\" role=\"button\" aria-expanded=\"false\" aria-controls=\"collapseExample\">Ensure an adequate intake of vitamin D. <i class=\"fa fa-angle-down\" aria-hidden=\"true\"><\/i><br \/>\n          <\/a><\/h3>\n<div class=\"collapse\" id=\"collapseExample-3\">\n<div class=\"card-body\">\n<div class=\"row\">\n<div class=\"col-md-12 descrip\">\n<p>\nThe best sources come from:\n                      <\/p>\n<ul>\n<li>Oily fish (sardines, anchovies, mackerel, salmon, tuna&#8230;).<\/li>\n<li>Dairy products.<\/li>\n<li>Egg yolk.<\/li>\n<li>Mushrooms<\/li>\n<li>Foods enriched with vitamin D, for example, some types of breakfast cereals, biscuits, or plant milk. These are valid options as long as they do not contain too much sugar.<\/li>\n<\/ul>\n<p>To ensure the synthesis and activation of vitamin D, sit out in the sun for 10-15 minutes in summer and 20-30 minutes in winter, preferably in the morning, about three times a week, and with sun protection.<\/p>\n<\/p><\/div>\n<div class=\"col-md-12 text-center\">\n<div class=\"row\">\n<div class=\"col-md-12 recetas-sug\">\n                          <b>Some suggested recipes:<\/b>\n                        <\/div>\n<\/p><\/div>\n<div class=\"row\">\n<div class=\"col-md-4 col-sm-6 text-center recetitas\">\n                              <a href=\"\/en\/recipes\/warm-salmon-and-apple-salad\/\"><\/p>\n<div class=\"cuadro-receta-2 text-center\">\n                                      <img decoding=\"async\" src=\"https:\/\/oncoalicia.com\/wp-content\/uploads\/2022\/03\/Ensalada-t%E0%B8%81bia-de-salm%E0%B8%82n-y-manzana-1463x2048.jpg\" class=\"w-50\"><\/p>\n<div class=\"txt-mito\">Warm salmon and apple salad\n                                      <\/div>\n<\/p><\/div>\n<p>                              <\/a>\n                          <\/div>\n<div class=\"col-md-4 col-sm-6 text-center recetitas\">\n                              <a href=\"\/en\/recipes\/sweet-and-sour-tomatoes-with-sardines\/\"><\/p>\n<div class=\"cuadro-receta-2 text-center\">\n                                      <img decoding=\"async\" src=\"https:\/\/oncoalicia.com\/wp-content\/uploads\/2022\/03\/Tomates-agridulces-con-sardinas-1463x2048.jpg\" class=\"w-50\"><\/p>\n<div class=\"txt-mito\">Sweet and sour tomatoes with sardines\n                                      <\/div>\n<\/p><\/div>\n<p>                              <\/a>\n                          <\/div>\n<div class=\"col-md-4 col-sm-6 text-center recetitas\">\n                              <a href=\"\/en\/recipes\/champizzas\/\"><\/p>\n<div class=\"cuadro-receta-2 text-center\">\n                                      <img decoding=\"async\" src=\"https:\/\/oncoalicia.com\/wp-content\/uploads\/2022\/02\/Champizzas-1463x2048.jpg\" class=\"w-50\"><\/p>\n<div class=\"txt-mito\">&#8216;Champizzes&#8217;\n                                      <\/div>\n<\/p><\/div>\n<p>                              <\/a>\n                          <\/div>\n<\/p><\/div>\n<\/p><\/div>\n<\/p><\/div>\n<\/p><\/div>\n<\/p><\/div>\n<div class=\"col-md-12 p-10 text-center\">\n<h3><a class=\"btn-orange recomanacions-tipus-cancer\" data-toggle=\"collapse\" href=\"#collapseExample-4\" role=\"button\" aria-expanded=\"false\" aria-controls=\"collapseExample\">Engage in regular physical activity. <i class=\"fa fa-angle-down\" aria-hidden=\"true\"><\/i><br \/>\n          <\/a><\/h3>\n<div class=\"collapse\" id=\"collapseExample-4\">\n<div class=\"card-body\">\n<div class=\"row\">\n<div class=\"col-md-12 descrip\">\n<p>Walk at least 30 minutes a day.<\/p>\n<\/p><\/div>\n<\/p><\/div>\n<\/p><\/div>\n<\/p><\/div>\n<\/p><\/div>\n<\/p><\/div>\n","protected":false},"excerpt":{"rendered":"<p>Osteoporosis is a disease characterised by a decrease in the density and quality of the bone and, as a consequence, an increase in the risk of suffering fractures. It is one of the most aggressive side effects of hormonal treatment for prostate cancer. In addition to the prescribed medical treatment, diet and physical exercise are&hellip; <a class=\"more-link\" href=\"https:\/\/oncoalicia.com\/en\/types-of-cancer\/prostate\/osteoporosis\/\">Continue reading <span class=\"screen-reader-text\">Dietary Recommendations for Osteoporosis in Prostate Cancer<\/span><\/a><\/p>\n","protected":false},"author":2,"featured_media":0,"parent":3996,"menu_order":0,"comment_status":"closed","ping_status":"closed","template":"prostata-osteoporosis.php","meta":{"footnotes":""},"class_list":["post-4012","page","type-page","status-publish","hentry","entry"],"yoast_head":"<!-- This site is optimized with the Yoast SEO plugin v26.9 - https:\/\/yoast.com\/product\/yoast-seo-wordpress\/ -->\n<title>Nutrition for prostate cancer patients experiencing osteoporosis - Oncoalicia<\/title>\n<meta name=\"description\" content=\"Find dietary recommendations for people with prostate cancer who are experiencing osteoporosis due to treatment.\" \/>\n<meta name=\"robots\" content=\"index, follow, max-snippet:-1, max-image-preview:large, max-video-preview:-1\" \/>\n<link rel=\"canonical\" href=\"https:\/\/oncoalicia.com\/en\/types-of-cancer\/prostate\/osteoporosis\/\" \/>\n<meta property=\"og:locale\" content=\"en_US\" \/>\n<meta property=\"og:type\" content=\"article\" \/>\n<meta property=\"og:title\" content=\"Nutrition for prostate cancer patients experiencing osteoporosis - Oncoalicia\" \/>\n<meta property=\"og:description\" content=\"Find dietary recommendations for people with prostate cancer who are experiencing osteoporosis due to treatment.\" \/>\n<meta property=\"og:url\" content=\"https:\/\/oncoalicia.com\/en\/types-of-cancer\/prostate\/osteoporosis\/\" \/>\n<meta property=\"og:site_name\" content=\"Oncoalicia\" \/>\n<meta property=\"article:modified_time\" content=\"2025-07-04T09:01:23+00:00\" \/>\n<meta property=\"og:image\" content=\"https:\/\/oncoalicia.com\/wp-content\/uploads\/2022\/03\/Porridge-de-avena-con-fruta-1463x2048.jpg\" \/>\n<meta name=\"twitter:card\" content=\"summary_large_image\" \/>\n<meta name=\"twitter:label1\" content=\"Est. reading time\" \/>\n\t<meta name=\"twitter:data1\" content=\"4 minutes\" \/>\n<script type=\"application\/ld+json\" class=\"yoast-schema-graph\">{\"@context\":\"https:\/\/schema.org\",\"@graph\":[{\"@type\":\"WebPage\",\"@id\":\"https:\/\/oncoalicia.com\/en\/types-of-cancer\/prostate\/osteoporosis\/\",\"url\":\"https:\/\/oncoalicia.com\/en\/types-of-cancer\/prostate\/osteoporosis\/\",\"name\":\"Nutrition for prostate cancer patients experiencing osteoporosis - Oncoalicia\",\"isPartOf\":{\"@id\":\"https:\/\/oncoalicia.com\/en\/#website\"},\"primaryImageOfPage\":{\"@id\":\"https:\/\/oncoalicia.com\/en\/types-of-cancer\/prostate\/osteoporosis\/#primaryimage\"},\"image\":{\"@id\":\"https:\/\/oncoalicia.com\/en\/types-of-cancer\/prostate\/osteoporosis\/#primaryimage\"},\"thumbnailUrl\":\"https:\/\/oncoalicia.com\/wp-content\/uploads\/2022\/03\/Porridge-de-avena-con-fruta-1463x2048.jpg\",\"datePublished\":\"2022-05-14T07:45:43+00:00\",\"dateModified\":\"2025-07-04T09:01:23+00:00\",\"description\":\"Find dietary recommendations for people with prostate cancer who are experiencing osteoporosis due to treatment.\",\"breadcrumb\":{\"@id\":\"https:\/\/oncoalicia.com\/en\/types-of-cancer\/prostate\/osteoporosis\/#breadcrumb\"},\"inLanguage\":\"en-US\",\"potentialAction\":[{\"@type\":\"ReadAction\",\"target\":[\"https:\/\/oncoalicia.com\/en\/types-of-cancer\/prostate\/osteoporosis\/\"]}]},{\"@type\":\"ImageObject\",\"inLanguage\":\"en-US\",\"@id\":\"https:\/\/oncoalicia.com\/en\/types-of-cancer\/prostate\/osteoporosis\/#primaryimage\",\"url\":\"https:\/\/oncoalicia.com\/wp-content\/uploads\/2022\/03\/Porridge-de-avena-con-fruta-1463x2048.jpg\",\"contentUrl\":\"https:\/\/oncoalicia.com\/wp-content\/uploads\/2022\/03\/Porridge-de-avena-con-fruta-1463x2048.jpg\"},{\"@type\":\"BreadcrumbList\",\"@id\":\"https:\/\/oncoalicia.com\/en\/types-of-cancer\/prostate\/osteoporosis\/#breadcrumb\",\"itemListElement\":[{\"@type\":\"ListItem\",\"position\":1,\"name\":\"Portada\",\"item\":\"https:\/\/oncoalicia.com\/en\/\"},{\"@type\":\"ListItem\",\"position\":2,\"name\":\"Types of Cancer\",\"item\":\"https:\/\/oncoalicia.com\/en\/types-of-cancer\/\"},{\"@type\":\"ListItem\",\"position\":3,\"name\":\"Food and Nutrition During Prostate Cancer Treatment\",\"item\":\"https:\/\/oncoalicia.com\/en\/types-of-cancer\/prostate\/\"},{\"@type\":\"ListItem\",\"position\":4,\"name\":\"Dietary Recommendations for Osteoporosis in Prostate Cancer\"}]},{\"@type\":\"WebSite\",\"@id\":\"https:\/\/oncoalicia.com\/en\/#website\",\"url\":\"https:\/\/oncoalicia.com\/en\/\",\"name\":\"Oncoal\u00edcia\",\"description\":\"Comer durante el Tratamiento del C\u00e1ncer\",\"publisher\":{\"@id\":\"https:\/\/oncoalicia.com\/en\/#organization\"},\"alternateName\":\"Oncoal\u00edcia | Comer durante el Tratamiento del C\u00e1ncer\",\"potentialAction\":[{\"@type\":\"SearchAction\",\"target\":{\"@type\":\"EntryPoint\",\"urlTemplate\":\"https:\/\/oncoalicia.com\/en\/?s={search_term_string}\"},\"query-input\":{\"@type\":\"PropertyValueSpecification\",\"valueRequired\":true,\"valueName\":\"search_term_string\"}}],\"inLanguage\":\"en-US\"},{\"@type\":\"Organization\",\"@id\":\"https:\/\/oncoalicia.com\/en\/#organization\",\"name\":\"Oncoal\u00edcia\",\"alternateName\":\"Oncoal\u00edcia | Comer durante el Tratamiento del C\u00e1ncer\",\"url\":\"https:\/\/oncoalicia.com\/en\/\",\"logo\":{\"@type\":\"ImageObject\",\"inLanguage\":\"en-US\",\"@id\":\"https:\/\/oncoalicia.com\/en\/#\/schema\/logo\/image\/\",\"url\":\"https:\/\/oncoalicia.com\/wp-content\/uploads\/2022\/11\/logo_rrss.png\",\"contentUrl\":\"https:\/\/oncoalicia.com\/wp-content\/uploads\/2022\/11\/logo_rrss.png\",\"width\":300,\"height\":300,\"caption\":\"Oncoal\u00edcia\"},\"image\":{\"@id\":\"https:\/\/oncoalicia.com\/en\/#\/schema\/logo\/image\/\"}}]}<\/script>\n<!-- \/ Yoast SEO plugin. -->","yoast_head_json":{"title":"Nutrition for prostate cancer patients experiencing osteoporosis - Oncoalicia","description":"Find dietary recommendations for people with prostate cancer who are experiencing osteoporosis due to treatment.","robots":{"index":"index","follow":"follow","max-snippet":"max-snippet:-1","max-image-preview":"max-image-preview:large","max-video-preview":"max-video-preview:-1"},"canonical":"https:\/\/oncoalicia.com\/en\/types-of-cancer\/prostate\/osteoporosis\/","og_locale":"en_US","og_type":"article","og_title":"Nutrition for prostate cancer patients experiencing osteoporosis - Oncoalicia","og_description":"Find dietary recommendations for people with prostate cancer who are experiencing osteoporosis due to treatment.","og_url":"https:\/\/oncoalicia.com\/en\/types-of-cancer\/prostate\/osteoporosis\/","og_site_name":"Oncoalicia","article_modified_time":"2025-07-04T09:01:23+00:00","og_image":[{"url":"https:\/\/oncoalicia.com\/wp-content\/uploads\/2022\/03\/Porridge-de-avena-con-fruta-1463x2048.jpg","type":"","width":"","height":""}],"twitter_card":"summary_large_image","twitter_misc":{"Est. reading time":"4 minutes"},"schema":{"@context":"https:\/\/schema.org","@graph":[{"@type":"WebPage","@id":"https:\/\/oncoalicia.com\/en\/types-of-cancer\/prostate\/osteoporosis\/","url":"https:\/\/oncoalicia.com\/en\/types-of-cancer\/prostate\/osteoporosis\/","name":"Nutrition for prostate cancer patients experiencing osteoporosis - Oncoalicia","isPartOf":{"@id":"https:\/\/oncoalicia.com\/en\/#website"},"primaryImageOfPage":{"@id":"https:\/\/oncoalicia.com\/en\/types-of-cancer\/prostate\/osteoporosis\/#primaryimage"},"image":{"@id":"https:\/\/oncoalicia.com\/en\/types-of-cancer\/prostate\/osteoporosis\/#primaryimage"},"thumbnailUrl":"https:\/\/oncoalicia.com\/wp-content\/uploads\/2022\/03\/Porridge-de-avena-con-fruta-1463x2048.jpg","datePublished":"2022-05-14T07:45:43+00:00","dateModified":"2025-07-04T09:01:23+00:00","description":"Find dietary recommendations for people with prostate cancer who are experiencing osteoporosis due to treatment.","breadcrumb":{"@id":"https:\/\/oncoalicia.com\/en\/types-of-cancer\/prostate\/osteoporosis\/#breadcrumb"},"inLanguage":"en-US","potentialAction":[{"@type":"ReadAction","target":["https:\/\/oncoalicia.com\/en\/types-of-cancer\/prostate\/osteoporosis\/"]}]},{"@type":"ImageObject","inLanguage":"en-US","@id":"https:\/\/oncoalicia.com\/en\/types-of-cancer\/prostate\/osteoporosis\/#primaryimage","url":"https:\/\/oncoalicia.com\/wp-content\/uploads\/2022\/03\/Porridge-de-avena-con-fruta-1463x2048.jpg","contentUrl":"https:\/\/oncoalicia.com\/wp-content\/uploads\/2022\/03\/Porridge-de-avena-con-fruta-1463x2048.jpg"},{"@type":"BreadcrumbList","@id":"https:\/\/oncoalicia.com\/en\/types-of-cancer\/prostate\/osteoporosis\/#breadcrumb","itemListElement":[{"@type":"ListItem","position":1,"name":"Portada","item":"https:\/\/oncoalicia.com\/en\/"},{"@type":"ListItem","position":2,"name":"Types of Cancer","item":"https:\/\/oncoalicia.com\/en\/types-of-cancer\/"},{"@type":"ListItem","position":3,"name":"Food and Nutrition During Prostate Cancer Treatment","item":"https:\/\/oncoalicia.com\/en\/types-of-cancer\/prostate\/"},{"@type":"ListItem","position":4,"name":"Dietary Recommendations for Osteoporosis in Prostate Cancer"}]},{"@type":"WebSite","@id":"https:\/\/oncoalicia.com\/en\/#website","url":"https:\/\/oncoalicia.com\/en\/","name":"Oncoal\u00edcia","description":"Comer durante el Tratamiento del C\u00e1ncer","publisher":{"@id":"https:\/\/oncoalicia.com\/en\/#organization"},"alternateName":"Oncoal\u00edcia | Comer durante el Tratamiento del C\u00e1ncer","potentialAction":[{"@type":"SearchAction","target":{"@type":"EntryPoint","urlTemplate":"https:\/\/oncoalicia.com\/en\/?s={search_term_string}"},"query-input":{"@type":"PropertyValueSpecification","valueRequired":true,"valueName":"search_term_string"}}],"inLanguage":"en-US"},{"@type":"Organization","@id":"https:\/\/oncoalicia.com\/en\/#organization","name":"Oncoal\u00edcia","alternateName":"Oncoal\u00edcia | Comer durante el Tratamiento del C\u00e1ncer","url":"https:\/\/oncoalicia.com\/en\/","logo":{"@type":"ImageObject","inLanguage":"en-US","@id":"https:\/\/oncoalicia.com\/en\/#\/schema\/logo\/image\/","url":"https:\/\/oncoalicia.com\/wp-content\/uploads\/2022\/11\/logo_rrss.png","contentUrl":"https:\/\/oncoalicia.com\/wp-content\/uploads\/2022\/11\/logo_rrss.png","width":300,"height":300,"caption":"Oncoal\u00edcia"},"image":{"@id":"https:\/\/oncoalicia.com\/en\/#\/schema\/logo\/image\/"}}]}},"_links":{"self":[{"href":"https:\/\/oncoalicia.com\/en\/wp-json\/wp\/v2\/pages\/4012","targetHints":{"allow":["GET"]}}],"collection":[{"href":"https:\/\/oncoalicia.com\/en\/wp-json\/wp\/v2\/pages"}],"about":[{"href":"https:\/\/oncoalicia.com\/en\/wp-json\/wp\/v2\/types\/page"}],"author":[{"embeddable":true,"href":"https:\/\/oncoalicia.com\/en\/wp-json\/wp\/v2\/users\/2"}],"replies":[{"embeddable":true,"href":"https:\/\/oncoalicia.com\/en\/wp-json\/wp\/v2\/comments?post=4012"}],"version-history":[{"count":0,"href":"https:\/\/oncoalicia.com\/en\/wp-json\/wp\/v2\/pages\/4012\/revisions"}],"up":[{"embeddable":true,"href":"https:\/\/oncoalicia.com\/en\/wp-json\/wp\/v2\/pages\/3996"}],"wp:attachment":[{"href":"https:\/\/oncoalicia.com\/en\/wp-json\/wp\/v2\/media?parent=4012"}],"curies":[{"name":"wp","href":"https:\/\/api.w.org\/{rel}","templated":true}]}}