{"id":4014,"date":"2022-05-14T03:06:10","date_gmt":"2022-05-14T03:06:10","guid":{"rendered":"https:\/\/www.oncoalicia.com\/type-of-cancer\/nutrition-during-prostate-cancer-treatment\/loss-of-appetite\/"},"modified":"2025-07-04T09:00:49","modified_gmt":"2025-07-04T09:00:49","slug":"loss-of-appetite","status":"publish","type":"page","link":"https:\/\/oncoalicia.com\/en\/types-of-cancer\/prostate\/loss-of-appetite\/","title":{"rendered":"Dietary Recommendations for Loss of Appetite in Prostate Cancer"},"content":{"rendered":"<div class=\"row\">\n<div class=\"col-md-12 subtitle-mitos\">\n<p>Loss of appetite, also called anorexia, is one of the most common symptoms during cancer treatment. It can appear at any time during treatment or the disease. It is important to pay special attention if it is prolonged over time because it can affect the patient&#8217;s nutritional status.<\/p>\n<\/p><\/div>\n<\/p><\/div>\n<div class=\"row p-40 w-60\">\n<div class=\"col-md-12 text-center\">\n<h2 class=\"h3 recomanem-efectes-cancer\">WHAT DO WE RECOMMEND?<\/h2>\n<\/p><\/div>\n<div class=\"col-md-12 p-10 text-center\">\n<h3><a class=\"btn-orange recomanacions-tipus-cancer\" data-toggle=\"collapse\" href=\"#collapseExample-1\" role=\"button\" aria-expanded=\"false\" aria-controls=\"collapseExample\">Eat at the times when you feel most like it. <i class=\"fa fa-angle-down\" aria-hidden=\"true\"><\/i><br \/>\n          <\/a><\/h3>\n<div class=\"collapse\" id=\"collapseExample-1\">\n<div class=\"card-body\">\n<div class=\"row\">\n<div class=\"col-md-12 descrip\">\n<p>Take advantage of the time of day when appetite is at its highest to include the most energetic and nutritious foods.<\/p>\n<\/p><\/div>\n<\/p><\/div>\n<\/p><\/div>\n<\/p><\/div>\n<\/p><\/div>\n<div class=\"col-md-12 p-10 text-center\">\n<h3><a class=\"btn-orange recomanacions-tipus-cancer\" data-toggle=\"collapse\" href=\"#collapseExample-2\" role=\"button\" aria-expanded=\"false\" aria-controls=\"collapseExample\">Set small goals throughout the day. <i class=\"fa fa-angle-down\" aria-hidden=\"true\"><\/i><br \/>\n          <\/a><\/h3>\n<div class=\"collapse\" id=\"collapseExample-2\">\n<div class=\"card-body\">\n<div class=\"row\">\n<div class=\"col-md-12 descrip\">\n<p>Even if you have no appetite, it is important to think about the importance of eating. It is not so important how much you eat in one meal, but what you manage to accumulate at the end of the day, and so it is important to set small goals that you can achieve throughout the day.<\/p>\n<\/p><\/div>\n<\/p><\/div>\n<\/p><\/div>\n<\/p><\/div>\n<\/p><\/div>\n<div class=\"col-md-12 p-10 text-center\">\n<h3><a class=\"btn-orange recomanacions-tipus-cancer\" data-toggle=\"collapse\" href=\"#collapseExample-3\" role=\"button\" aria-expanded=\"false\" aria-controls=\"collapseExample\">Ensure that the main meals of the day are complete. <i class=\"fa fa-angle-down\" aria-hidden=\"true\"><\/i><br \/>\n          <\/a><\/h3>\n<div class=\"collapse\" id=\"collapseExample-3\">\n<div class=\"card-body\">\n<div class=\"row\">\n<div class=\"col-md-12 descrip\">\n<p>Always ensure the presence in both lunch and dinners of vegetables (raw or cooked), starchy foods (tubers, cereals, pulses) and protein foods (meat, fish and eggs or other protein-rich foods such as soy), as indicated in the plate method even if that is in small quantities using a small dessert plate.<\/p>\n<\/p><\/div>\n<div class=\"col-md-12 text-center\">\n<div class=\"row\">\n<div class=\"col-md-12 recetas-sug\">\n                          <b>Some suggested recipes:<\/b>\n                        <\/div>\n<\/p><\/div>\n<div class=\"row\">\n<div class=\"col-md-4 col-sm-6 text-center recetitas\">\n                              <a href=\"\/en\/recipes\/turkey-and-vegetable-pie-enriched\/\"><\/p>\n<div class=\"cuadro-receta-2 text-center\">\n                                      <img decoding=\"async\" src=\"https:\/\/oncoalicia.com\/wp-content\/uploads\/2021\/10\/18.1-Pastel-de-pavo-y-verduras-scaled-1.jpg\" class=\"w-50\"><\/p>\n<div class=\"txt-mito\">Turkey and Vegetable Pie (Enriched)\n                                      <\/div>\n<\/p><\/div>\n<p>                              <\/a>\n                          <\/div>\n<div class=\"col-md-4 col-sm-6 text-center recetitas\">\n                              <a href=\"\/en\/recipes\/cabbage-bundles-with-soy-and-rabbit\/\"><\/p>\n<div class=\"cuadro-receta-2 text-center\">\n                                      <img decoding=\"async\" src=\"https:\/\/oncoalicia.com\/wp-content\/uploads\/2022\/02\/Hatillos-de-col-con-soja-y-conejo-1568x2195.jpg\" class=\"w-50\"><\/p>\n<div class=\"txt-mito\">Cabbage bundles with soy and rabbit\n                                      <\/div>\n<\/p><\/div>\n<p>                              <\/a>\n                          <\/div>\n<div class=\"col-md-4 col-sm-6 text-center recetitas\">\n                              <a href=\"\/en\/recipes\/pasta-with-squid-and-pistachios\/\"><\/p>\n<div class=\"cuadro-receta-2 text-center\">\n                                      <img decoding=\"async\" src=\"https:\/\/oncoalicia.com\/wp-content\/uploads\/2022\/04\/105.-V-Pasta-con-calamar-y-pistachos.jpg\" class=\"w-50\"><\/p>\n<div class=\"txt-mito\">Pasta with squid and pistachios\n                                      <\/div>\n<\/p><\/div>\n<p>                              <\/a>\n                          <\/div>\n<\/p><\/div>\n<\/p><\/div>\n<\/p><\/div>\n<\/p><\/div>\n<\/p><\/div>\n<\/p><\/div>\n<div class=\"col-md-12 p-10 text-center\">\n<h3><a class=\"btn-orange recomanacions-tipus-cancer\" data-toggle=\"collapse\" href=\"#collapseExample-4\" role=\"button\" aria-expanded=\"false\" aria-controls=\"collapseExample\">Prepare nutritionally dense meals. <i class=\"fa fa-angle-down\" aria-hidden=\"true\"><\/i><br \/>\n          <\/a><\/h3>\n<div class=\"collapse\" id=\"collapseExample-4\">\n<div class=\"card-body\">\n<div class=\"row\">\n<div class=\"col-md-12 descrip\">\n<p>Nutritionally dense meals are those that include a large amount of energy and nutrients in a very small volume.<\/p>\n<\/p><\/div>\n<div class=\"col-md-12 descrip\">\n<ul>\n<li>You can prepare chicken or cod croquettes; empanadas (meat, tuna, egg, cheese, etc.), which can be frozen and fried or warmed up; nutritious p\u00e2t\u00e9s to spread on toast or sandwiches; energy pur\u00e9es and soups, which can be kept in the fridge and consumed directly (hot or cold), and finally, sweet dishes such as a dessert or to snack on in between meals, such as caramel puddings, Greek-type yoghurts, protein-rich yoghurts, and many others.<\/li>\n<\/ul><\/div>\n<div class=\"col-md-12 text-center\">\n<div class=\"row\">\n<div class=\"col-md-12 recetas-sug\">\n                          <b>Some suggested recipes:<\/b>\n                        <\/div>\n<\/p><\/div>\n<div class=\"row\">\n<div class=\"col-md-4 col-sm-6 text-center recetitas\">\n                              <a href=\"\/en\/recipes\/potato-and-meat-croquettes\/\"><\/p>\n<div class=\"cuadro-receta-2 text-center\">\n                                      <img decoding=\"async\" src=\"https:\/\/oncoalicia.com\/wp-content\/uploads\/2021\/10\/Croquetas-de-patata-y-carne-1.jpg\" class=\"w-50\"><\/p>\n<div class=\"txt-mito\">Potato and meat croquettes\n                                      <\/div>\n<\/p><\/div>\n<p>                              <\/a>\n                          <\/div>\n<div class=\"col-md-4 col-sm-6 text-center recetitas\">\n                              <a href=\"\/en\/recipes\/gyoza-japanese-ridges\/\"><\/p>\n<div class=\"cuadro-receta-2 text-center\">\n                                      <img decoding=\"async\" src=\"https:\/\/oncoalicia.com\/wp-content\/uploads\/2022\/02\/Gyozas-empanadillas-japonesas.jpg\" class=\"w-50\"><\/p>\n<div class=\"txt-mito\">&#8216;Gyoza&#8217; (Japanese ridges)\n                                      <\/div>\n<\/p><\/div>\n<p>                              <\/a>\n                          <\/div>\n<div class=\"col-md-4 col-sm-6 text-center recetitas\">\n                              <a href=\"\/en\/recipes\/mini-chicken-sandwiches\/\"><\/p>\n<div class=\"cuadro-receta-2 text-center\">\n                                      <img decoding=\"async\" src=\"https:\/\/oncoalicia.com\/wp-content\/uploads\/2021\/10\/Mini-sandvitxos-4.jpg\" class=\"w-50\"><\/p>\n<div class=\"txt-mito\">Mini chicken sandwiches\n                                      <\/div>\n<\/p><\/div>\n<p>                              <\/a>\n                          <\/div>\n<\/p><\/div>\n<\/p><\/div>\n<div class=\"col-md-12 descrip\">\n<ul>\n<li>Dishes can also be enriched to increase their nutritional density with high-energy and\/or high-protein foods:\n<ul>\n<li>Soups and pur\u00e9es: add grated cheese, powdered milk, hard-boiled egg, diced Serrano ham, chicken, or fish.<\/li>\n<li>Salads, pasta, rice, vegetables, and other dishes: enrich them with cheese, mayonnaise, tuna, egg whites, fresh fruit, diced Serrano ham, etc.<\/li>\n<li>Milk: powdered milk, cocoa, honey.<\/li>\n<li>Yoghurt: add fresh fruit, syrup or fruit compote, dried fruit, honey, breakfast cereals, and jam.<\/li>\n<\/ul>\n<\/li>\n<\/ul><\/div>\n<div class=\"col-md-6 descrip\">\n                          <img decoding=\"async\" src=\"https:\/\/oncoalicia.com\/wp-content\/uploads\/2021\/12\/Enriquiments-energ%E9%96%A3ics.jpg\" width=\"100%\">\n                      <\/div>\n<div class=\"col-md-6 descrip\">\n                          <img decoding=\"async\" src=\"https:\/\/oncoalicia.com\/wp-content\/uploads\/2021\/12\/Enriquiments-protecis.jpg\" width=\"100%\">\n                      <\/div>\n<\/p><\/div>\n<\/p><\/div>\n<\/p><\/div>\n<\/p><\/div>\n<div class=\"col-md-12 p-10 text-center\">\n<h3><a class=\"btn-orange recomanacions-tipus-cancer\" data-toggle=\"collapse\" href=\"#collapseExample-6\" role=\"button\" aria-expanded=\"false\" aria-controls=\"collapseExample\">Keep well hydrated. <i class=\"fa fa-angle-down\" aria-hidden=\"true\"><\/i><br \/>\n          <\/a><\/h3>\n<div class=\"collapse\" id=\"collapseExample-6\">\n<div class=\"card-body\">\n<div class=\"row\">\n<div class=\"col-md-12 descrip\">\n<p>Always drink in between meals and drink more nutritious liquids, such as fruit juices or fruit and vegetable smoothies.<\/p>\n<\/p><\/div>\n<\/p><\/div>\n<\/p><\/div>\n<\/p><\/div>\n<\/p><\/div>\n<div class=\"col-md-12 p-10 text-center\">\n<h3><a class=\"btn-orange recomanacions-tipus-cancer\" data-toggle=\"collapse\" href=\"#collapseExample-7\" role=\"button\" aria-expanded=\"false\" aria-controls=\"collapseExample\">Use large plates and make sure the appearance and presentation of the dish is attractive. <i class=\"fa fa-angle-down\" aria-hidden=\"true\"><\/i><br \/>\n          <\/a><\/h3>\n<div class=\"collapse\" id=\"collapseExample-7\">\n<div class=\"card-body\">\n<div class=\"row\">\n<div class=\"col-md-12 descrip\">\n<p>Serving food on a large plate can give the feeling that there is less food, which can help make it easier to eat.<br \/>\nThe appearance and presentation of meals, including a variety of colours, textures and smells will also help to improve acceptance.<\/p>\n<\/p><\/div>\n<\/p><\/div>\n<\/p><\/div>\n<\/p><\/div>\n<\/p><\/div>\n<div class=\"col-md-12 p-10 text-center\">\n<h3 class=\"btn-orange recomanacions-tipus-cancer\" style=\"font-weight: bold;\">Ensure that food does not give off strong odours or flavours.<\/h3>\n<\/p><\/div>\n<div class=\"col-md-12 p-10 text-center\">\n<h3><a class=\"btn-orange recomanacions-tipus-cancer\" data-toggle=\"collapse\" href=\"#collapseExample-8\" role=\"button\" aria-expanded=\"false\" aria-controls=\"collapseExample\">Try to stay out of the kitchen area and ask family or friends for help when cooking. <i class=\"fa fa-angle-down\" aria-hidden=\"true\"><\/i><br \/>\n          <\/a><\/h3>\n<div class=\"collapse\" id=\"collapseExample-8\">\n<div class=\"card-body\">\n<div class=\"row\">\n<div class=\"col-md-12 descrip\">\n<p>Have meals ready to avoid cooking every day.<\/p>\n<\/p><\/div>\n<\/p><\/div>\n<\/p><\/div>\n<\/p><\/div>\n<\/p><\/div>\n<div class=\"col-md-12 p-10 text-center\">\n<h3><a class=\"btn-orange recomanacions-tipus-cancer\" data-toggle=\"collapse\" href=\"#collapseExample-9\" role=\"button\" aria-expanded=\"false\" aria-controls=\"collapseExample\">Exercise or walk throughout the day. <i class=\"fa fa-angle-down\" aria-hidden=\"true\"><\/i><br \/>\n          <\/a><\/h3>\n<div class=\"collapse\" id=\"collapseExample-9\">\n<div class=\"card-body\">\n<div class=\"row\">\n<div class=\"col-md-12 descrip\">\n<p>Keeping active can help stimulate appetite.<\/p>\n<\/p><\/div>\n<\/p><\/div>\n<\/p><\/div>\n<\/p><\/div>\n<\/p><\/div>\n<div class=\"col-md-12 p-10 text-center\">\n<h3><a class=\"btn-orange recomanacions-tipus-cancer\" data-toggle=\"collapse\" href=\"#collapseExample-10\" role=\"button\" aria-expanded=\"false\" aria-controls=\"collapseExample\">Maintain good oral hygiene. <i class=\"fa fa-angle-down\" aria-hidden=\"true\"><\/i><br \/>\n          <\/a><\/h3>\n<div class=\"collapse\" id=\"collapseExample-10\">\n<div class=\"card-body\">\n<div class=\"row\">\n<div class=\"col-md-12 descrip\">\n<p>Maintaining good oral hygiene to avoid undesirable flavours that may later be associated with certain foods.<\/p>\n<\/p><\/div>\n<\/p><\/div>\n<\/p><\/div>\n<\/p><\/div>\n<\/p><\/div>\n<\/p><\/div>\n","protected":false},"excerpt":{"rendered":"<p>Loss of appetite, also called anorexia, is one of the most common symptoms during cancer treatment. It can appear at any time during treatment or the disease. It is important to pay special attention if it is prolonged over time because it can affect the patient&#8217;s nutritional status. WHAT DO WE RECOMMEND? Eat at the&hellip; <a class=\"more-link\" href=\"https:\/\/oncoalicia.com\/en\/types-of-cancer\/prostate\/loss-of-appetite\/\">Continue reading <span class=\"screen-reader-text\">Dietary Recommendations for Loss of Appetite in Prostate Cancer<\/span><\/a><\/p>\n","protected":false},"author":2,"featured_media":0,"parent":3996,"menu_order":0,"comment_status":"closed","ping_status":"closed","template":"prostata-perdida-apetito.php","meta":{"footnotes":""},"class_list":["post-4014","page","type-page","status-publish","hentry","entry"],"yoast_head":"<!-- This site is optimized with the Yoast SEO plugin v26.9 - https:\/\/yoast.com\/product\/yoast-seo-wordpress\/ -->\n<title>Nutrition for prostate cancer patients experiencing loss of appetite - Oncoalicia<\/title>\n<meta name=\"description\" content=\"Find dietary recommendations for people with prostate cancer who are experiencing loss of appetite due to treatment.\" \/>\n<meta name=\"robots\" content=\"index, follow, max-snippet:-1, max-image-preview:large, max-video-preview:-1\" \/>\n<link rel=\"canonical\" href=\"https:\/\/oncoalicia.com\/en\/types-of-cancer\/prostate\/loss-of-appetite\/\" \/>\n<meta property=\"og:locale\" content=\"en_US\" \/>\n<meta property=\"og:type\" content=\"article\" \/>\n<meta property=\"og:title\" content=\"Nutrition for prostate cancer patients experiencing loss of appetite - Oncoalicia\" \/>\n<meta property=\"og:description\" content=\"Find dietary recommendations for people with prostate cancer who are experiencing loss of appetite due to treatment.\" \/>\n<meta property=\"og:url\" content=\"https:\/\/oncoalicia.com\/en\/types-of-cancer\/prostate\/loss-of-appetite\/\" \/>\n<meta property=\"og:site_name\" content=\"Oncoalicia\" \/>\n<meta property=\"article:modified_time\" content=\"2025-07-04T09:00:49+00:00\" \/>\n<meta property=\"og:image\" content=\"https:\/\/oncoalicia.com\/wp-content\/uploads\/2021\/10\/18.1-Pastel-de-pavo-y-verduras-scaled-1.jpg\" \/>\n<meta name=\"twitter:card\" content=\"summary_large_image\" \/>\n<meta name=\"twitter:label1\" content=\"Est. reading time\" \/>\n\t<meta name=\"twitter:data1\" content=\"5 minutes\" \/>\n<script type=\"application\/ld+json\" class=\"yoast-schema-graph\">{\"@context\":\"https:\/\/schema.org\",\"@graph\":[{\"@type\":\"WebPage\",\"@id\":\"https:\/\/oncoalicia.com\/en\/types-of-cancer\/prostate\/loss-of-appetite\/\",\"url\":\"https:\/\/oncoalicia.com\/en\/types-of-cancer\/prostate\/loss-of-appetite\/\",\"name\":\"Nutrition for prostate cancer patients experiencing loss of appetite - Oncoalicia\",\"isPartOf\":{\"@id\":\"https:\/\/oncoalicia.com\/en\/#website\"},\"primaryImageOfPage\":{\"@id\":\"https:\/\/oncoalicia.com\/en\/types-of-cancer\/prostate\/loss-of-appetite\/#primaryimage\"},\"image\":{\"@id\":\"https:\/\/oncoalicia.com\/en\/types-of-cancer\/prostate\/loss-of-appetite\/#primaryimage\"},\"thumbnailUrl\":\"https:\/\/oncoalicia.com\/wp-content\/uploads\/2021\/10\/18.1-Pastel-de-pavo-y-verduras-scaled-1.jpg\",\"datePublished\":\"2022-05-14T03:06:10+00:00\",\"dateModified\":\"2025-07-04T09:00:49+00:00\",\"description\":\"Find dietary recommendations for people with prostate cancer who are experiencing loss of appetite due to treatment.\",\"breadcrumb\":{\"@id\":\"https:\/\/oncoalicia.com\/en\/types-of-cancer\/prostate\/loss-of-appetite\/#breadcrumb\"},\"inLanguage\":\"en-US\",\"potentialAction\":[{\"@type\":\"ReadAction\",\"target\":[\"https:\/\/oncoalicia.com\/en\/types-of-cancer\/prostate\/loss-of-appetite\/\"]}]},{\"@type\":\"ImageObject\",\"inLanguage\":\"en-US\",\"@id\":\"https:\/\/oncoalicia.com\/en\/types-of-cancer\/prostate\/loss-of-appetite\/#primaryimage\",\"url\":\"https:\/\/oncoalicia.com\/wp-content\/uploads\/2021\/10\/18.1-Pastel-de-pavo-y-verduras-scaled-1.jpg\",\"contentUrl\":\"https:\/\/oncoalicia.com\/wp-content\/uploads\/2021\/10\/18.1-Pastel-de-pavo-y-verduras-scaled-1.jpg\"},{\"@type\":\"BreadcrumbList\",\"@id\":\"https:\/\/oncoalicia.com\/en\/types-of-cancer\/prostate\/loss-of-appetite\/#breadcrumb\",\"itemListElement\":[{\"@type\":\"ListItem\",\"position\":1,\"name\":\"Portada\",\"item\":\"https:\/\/oncoalicia.com\/en\/\"},{\"@type\":\"ListItem\",\"position\":2,\"name\":\"Types of Cancer\",\"item\":\"https:\/\/oncoalicia.com\/en\/types-of-cancer\/\"},{\"@type\":\"ListItem\",\"position\":3,\"name\":\"Food and Nutrition During Prostate Cancer Treatment\",\"item\":\"https:\/\/oncoalicia.com\/en\/types-of-cancer\/prostate\/\"},{\"@type\":\"ListItem\",\"position\":4,\"name\":\"Dietary Recommendations for Loss of Appetite in Prostate Cancer\"}]},{\"@type\":\"WebSite\",\"@id\":\"https:\/\/oncoalicia.com\/en\/#website\",\"url\":\"https:\/\/oncoalicia.com\/en\/\",\"name\":\"Oncoal\u00edcia\",\"description\":\"Comer durante el Tratamiento del C\u00e1ncer\",\"publisher\":{\"@id\":\"https:\/\/oncoalicia.com\/en\/#organization\"},\"alternateName\":\"Oncoal\u00edcia | Comer durante el Tratamiento del C\u00e1ncer\",\"potentialAction\":[{\"@type\":\"SearchAction\",\"target\":{\"@type\":\"EntryPoint\",\"urlTemplate\":\"https:\/\/oncoalicia.com\/en\/?s={search_term_string}\"},\"query-input\":{\"@type\":\"PropertyValueSpecification\",\"valueRequired\":true,\"valueName\":\"search_term_string\"}}],\"inLanguage\":\"en-US\"},{\"@type\":\"Organization\",\"@id\":\"https:\/\/oncoalicia.com\/en\/#organization\",\"name\":\"Oncoal\u00edcia\",\"alternateName\":\"Oncoal\u00edcia | Comer durante el Tratamiento del C\u00e1ncer\",\"url\":\"https:\/\/oncoalicia.com\/en\/\",\"logo\":{\"@type\":\"ImageObject\",\"inLanguage\":\"en-US\",\"@id\":\"https:\/\/oncoalicia.com\/en\/#\/schema\/logo\/image\/\",\"url\":\"https:\/\/oncoalicia.com\/wp-content\/uploads\/2022\/11\/logo_rrss.png\",\"contentUrl\":\"https:\/\/oncoalicia.com\/wp-content\/uploads\/2022\/11\/logo_rrss.png\",\"width\":300,\"height\":300,\"caption\":\"Oncoal\u00edcia\"},\"image\":{\"@id\":\"https:\/\/oncoalicia.com\/en\/#\/schema\/logo\/image\/\"}}]}<\/script>\n<!-- \/ Yoast SEO plugin. -->","yoast_head_json":{"title":"Nutrition for prostate cancer patients experiencing loss of appetite - Oncoalicia","description":"Find dietary recommendations for people with prostate cancer who are experiencing loss of appetite due to treatment.","robots":{"index":"index","follow":"follow","max-snippet":"max-snippet:-1","max-image-preview":"max-image-preview:large","max-video-preview":"max-video-preview:-1"},"canonical":"https:\/\/oncoalicia.com\/en\/types-of-cancer\/prostate\/loss-of-appetite\/","og_locale":"en_US","og_type":"article","og_title":"Nutrition for prostate cancer patients experiencing loss of appetite - Oncoalicia","og_description":"Find dietary recommendations for people with prostate cancer who are experiencing loss of appetite due to treatment.","og_url":"https:\/\/oncoalicia.com\/en\/types-of-cancer\/prostate\/loss-of-appetite\/","og_site_name":"Oncoalicia","article_modified_time":"2025-07-04T09:00:49+00:00","og_image":[{"url":"https:\/\/oncoalicia.com\/wp-content\/uploads\/2021\/10\/18.1-Pastel-de-pavo-y-verduras-scaled-1.jpg","type":"","width":"","height":""}],"twitter_card":"summary_large_image","twitter_misc":{"Est. reading time":"5 minutes"},"schema":{"@context":"https:\/\/schema.org","@graph":[{"@type":"WebPage","@id":"https:\/\/oncoalicia.com\/en\/types-of-cancer\/prostate\/loss-of-appetite\/","url":"https:\/\/oncoalicia.com\/en\/types-of-cancer\/prostate\/loss-of-appetite\/","name":"Nutrition for prostate cancer patients experiencing loss of appetite - Oncoalicia","isPartOf":{"@id":"https:\/\/oncoalicia.com\/en\/#website"},"primaryImageOfPage":{"@id":"https:\/\/oncoalicia.com\/en\/types-of-cancer\/prostate\/loss-of-appetite\/#primaryimage"},"image":{"@id":"https:\/\/oncoalicia.com\/en\/types-of-cancer\/prostate\/loss-of-appetite\/#primaryimage"},"thumbnailUrl":"https:\/\/oncoalicia.com\/wp-content\/uploads\/2021\/10\/18.1-Pastel-de-pavo-y-verduras-scaled-1.jpg","datePublished":"2022-05-14T03:06:10+00:00","dateModified":"2025-07-04T09:00:49+00:00","description":"Find dietary recommendations for people with prostate cancer who are experiencing loss of appetite due to treatment.","breadcrumb":{"@id":"https:\/\/oncoalicia.com\/en\/types-of-cancer\/prostate\/loss-of-appetite\/#breadcrumb"},"inLanguage":"en-US","potentialAction":[{"@type":"ReadAction","target":["https:\/\/oncoalicia.com\/en\/types-of-cancer\/prostate\/loss-of-appetite\/"]}]},{"@type":"ImageObject","inLanguage":"en-US","@id":"https:\/\/oncoalicia.com\/en\/types-of-cancer\/prostate\/loss-of-appetite\/#primaryimage","url":"https:\/\/oncoalicia.com\/wp-content\/uploads\/2021\/10\/18.1-Pastel-de-pavo-y-verduras-scaled-1.jpg","contentUrl":"https:\/\/oncoalicia.com\/wp-content\/uploads\/2021\/10\/18.1-Pastel-de-pavo-y-verduras-scaled-1.jpg"},{"@type":"BreadcrumbList","@id":"https:\/\/oncoalicia.com\/en\/types-of-cancer\/prostate\/loss-of-appetite\/#breadcrumb","itemListElement":[{"@type":"ListItem","position":1,"name":"Portada","item":"https:\/\/oncoalicia.com\/en\/"},{"@type":"ListItem","position":2,"name":"Types of Cancer","item":"https:\/\/oncoalicia.com\/en\/types-of-cancer\/"},{"@type":"ListItem","position":3,"name":"Food and Nutrition During Prostate Cancer Treatment","item":"https:\/\/oncoalicia.com\/en\/types-of-cancer\/prostate\/"},{"@type":"ListItem","position":4,"name":"Dietary Recommendations for Loss of Appetite in Prostate Cancer"}]},{"@type":"WebSite","@id":"https:\/\/oncoalicia.com\/en\/#website","url":"https:\/\/oncoalicia.com\/en\/","name":"Oncoal\u00edcia","description":"Comer durante el Tratamiento del C\u00e1ncer","publisher":{"@id":"https:\/\/oncoalicia.com\/en\/#organization"},"alternateName":"Oncoal\u00edcia | Comer durante el Tratamiento del C\u00e1ncer","potentialAction":[{"@type":"SearchAction","target":{"@type":"EntryPoint","urlTemplate":"https:\/\/oncoalicia.com\/en\/?s={search_term_string}"},"query-input":{"@type":"PropertyValueSpecification","valueRequired":true,"valueName":"search_term_string"}}],"inLanguage":"en-US"},{"@type":"Organization","@id":"https:\/\/oncoalicia.com\/en\/#organization","name":"Oncoal\u00edcia","alternateName":"Oncoal\u00edcia | Comer durante el Tratamiento del C\u00e1ncer","url":"https:\/\/oncoalicia.com\/en\/","logo":{"@type":"ImageObject","inLanguage":"en-US","@id":"https:\/\/oncoalicia.com\/en\/#\/schema\/logo\/image\/","url":"https:\/\/oncoalicia.com\/wp-content\/uploads\/2022\/11\/logo_rrss.png","contentUrl":"https:\/\/oncoalicia.com\/wp-content\/uploads\/2022\/11\/logo_rrss.png","width":300,"height":300,"caption":"Oncoal\u00edcia"},"image":{"@id":"https:\/\/oncoalicia.com\/en\/#\/schema\/logo\/image\/"}}]}},"_links":{"self":[{"href":"https:\/\/oncoalicia.com\/en\/wp-json\/wp\/v2\/pages\/4014","targetHints":{"allow":["GET"]}}],"collection":[{"href":"https:\/\/oncoalicia.com\/en\/wp-json\/wp\/v2\/pages"}],"about":[{"href":"https:\/\/oncoalicia.com\/en\/wp-json\/wp\/v2\/types\/page"}],"author":[{"embeddable":true,"href":"https:\/\/oncoalicia.com\/en\/wp-json\/wp\/v2\/users\/2"}],"replies":[{"embeddable":true,"href":"https:\/\/oncoalicia.com\/en\/wp-json\/wp\/v2\/comments?post=4014"}],"version-history":[{"count":0,"href":"https:\/\/oncoalicia.com\/en\/wp-json\/wp\/v2\/pages\/4014\/revisions"}],"up":[{"embeddable":true,"href":"https:\/\/oncoalicia.com\/en\/wp-json\/wp\/v2\/pages\/3996"}],"wp:attachment":[{"href":"https:\/\/oncoalicia.com\/en\/wp-json\/wp\/v2\/media?parent=4014"}],"curies":[{"name":"wp","href":"https:\/\/api.w.org\/{rel}","templated":true}]}}