{"id":4017,"date":"2022-05-14T05:14:09","date_gmt":"2022-05-14T05:14:09","guid":{"rendered":"https:\/\/www.oncoalicia.com\/type-of-cancer\/nutrition-during-prostate-cancer-treatment\/loss-of-muscle-mass\/"},"modified":"2025-07-04T09:01:01","modified_gmt":"2025-07-04T09:01:01","slug":"loss-of-muscle-mass","status":"publish","type":"page","link":"https:\/\/oncoalicia.com\/en\/types-of-cancer\/prostate\/loss-of-muscle-mass\/","title":{"rendered":"Dietary Recommendations for Loss of Muscle Mass in Prostate Cancer"},"content":{"rendered":"<div class=\"row\">\n<div class=\"col-md-12 subtitle-mitos text-left\">\n<p>The loss of muscle mass, scientifically known as sarcopenia, is due to a physiological phenomenon associated with ageing that affects the functioning and strength of the body. However, the decrease in muscle can also occur as a consequence of cancer and some types of antineoplastic treatments.<br \/>\nIn prostate cancer, the decrease in testosterone production can promote muscle loss, intensifying the feeling of fatigue and tiredness.<br \/>\nTo prevent or improve the symptoms of sarcopenia, it is essential to follow a balanced diet that ensures an adequate energy and protein intake and to exercise regularly, always according to the situation of each patient.<\/p>\n<\/p><\/div>\n<\/p><\/div>\n<div class=\"row p-40 w-60\">\n<div class=\"col-md-12 text-center\">\n<h2 class=\"h3 recomanem-efectes-cancer\">WHAT DO WE RECOMMEND?<\/h2>\n<\/p><\/div>\n<div class=\"col-md-12 p-10 text-center\">\n<h3><a class=\"btn-orange recomanacions-tipus-cancer\" data-toggle=\"collapse\" href=\"#collapseExample-1\" role=\"button\" aria-expanded=\"false\" aria-controls=\"collapseExample\">Eat full meals. <i class=\"fa fa-angle-down\" aria-hidden=\"true\"><\/i><br \/>\n          <\/a><\/h3>\n<div class=\"collapse\" id=\"collapseExample-1\">\n<div class=\"card-body\">\n<div class=\"row\">\n<div class=\"col-md-12 descrip\">\n<p>To ensure that the body receives both the necessary energy and protein (to maintain or increase muscle mass), it is important to follow a sufficient and balanced diet that includes vegetables (raw and cooked), starchy foods (tubers, cereals, pulses) and protein foods (meat, fish, eggs, pulses). Following the plate method is a good way to ensure this.<\/p>\n<\/p><\/div>\n<div class=\"col-md-12 text-center\">\n<div class=\"row\">\n<div class=\"col-md-12 recetas-sug\">\n                          <b>Some suggested recipes:<\/b>\n                        <\/div>\n<\/p><\/div>\n<div class=\"row\">\n<div class=\"col-md-4 col-sm-6 text-center recetitas\">\n                              <a href=\"\/en\/recipes\/combi-of-fish-potato-and-vegetables-in-the-microwave\/\"><\/p>\n<div class=\"cuadro-receta-2 text-center\">\n                                      <img decoding=\"async\" src=\"https:\/\/oncoalicia.com\/wp-content\/uploads\/2022\/04\/101.-V-Combi-de-pescado-patata-y-verduras-al-micro.jpg\" class=\"w-50\"><\/p>\n<div class=\"txt-mito\">&#8216;Combi&#8217; of fish, potato and vegetables in the microwave\n                                      <\/div>\n<\/p><\/div>\n<p>                              <\/a>\n                          <\/div>\n<div class=\"col-md-4 col-sm-6 text-center recetitas\">\n                              <a href=\"\/en\/recipes\/complete-plate-in-tapas-format\/\"><\/p>\n<div class=\"cuadro-receta-2 text-center\">\n                                      <img decoding=\"async\" src=\"https:\/\/oncoalicia.com\/wp-content\/uploads\/2022\/03\/Plato-completo-en-formato-tapas-I.jpg\" class=\"w-50\"><\/p>\n<div class=\"txt-mito\">Complete plate in tapas format\n                                      <\/div>\n<\/p><\/div>\n<p>                              <\/a>\n                          <\/div>\n<div class=\"col-md-4 col-sm-6 text-center recetitas\">\n                              <a href=\"\/en\/recipes\/pasta-with-squid-and-pistachios\/\"><\/p>\n<div class=\"cuadro-receta-2 text-center\">\n                                      <img decoding=\"async\" src=\"https:\/\/oncoalicia.com\/wp-content\/uploads\/2022\/04\/105.-V-Pasta-con-calamar-y-pistachos.jpg\" class=\"w-50\"><\/p>\n<div class=\"txt-mito\">Pasta with squid and pistachios\n                                      <\/div>\n<\/p><\/div>\n<p>                              <\/a>\n                          <\/div>\n<\/p><\/div>\n<\/p><\/div>\n<\/p><\/div>\n<\/p><\/div>\n<\/p><\/div>\n<div class=\"col-md-12 p-10 text-center\">\n<h3><a class=\"btn-orange recomanacions-tipus-cancer\" data-toggle=\"collapse\" href=\"#collapseExample-2\" role=\"button\" aria-expanded=\"false\" aria-controls=\"collapseExample\">Ensure a daily intake of high-quality protein-rich foods. <i class=\"fa fa-angle-down\" aria-hidden=\"true\"><\/i><br \/>\n          <\/a><\/h3>\n<div class=\"collapse\" id=\"collapseExample-2\">\n<div class=\"card-body\">\n<div class=\"row\">\n<div class=\"col-md-12 descrip\">\n<p>The highest quality proteins are from fish, seafood, white meat, eggs, dairy products, and legumes such as soybean.<\/p>\n<\/p><\/div>\n<div class=\"col-md-12 text-center\">\n<div class=\"row\">\n<div class=\"col-md-12 recetas-sug\">\n                                  <b>Some suggested recipes:<\/b>\n                              <\/div>\n<\/p><\/div>\n<div class=\"row\">\n<div class=\"col-md-4 col-sm-6 text-center recetitas\">\n                                  <a href=\"\/en\/recipes\/veal-involtini\/\"><\/p>\n<div class=\"cuadro-receta-2 text-center\">\n                                          <img decoding=\"async\" src=\"https:\/\/oncoalicia.com\/wp-content\/uploads\/2022\/03\/Envoltinis-de-ternera.jpg\" class=\"w-50\"><\/p>\n<div class=\"txt-mito\">Veal &#8216;involtini&#8217;\n                                          <\/div>\n<\/p><\/div>\n<p>                                  <\/a>\n                              <\/div>\n<div class=\"col-md-4 col-sm-6 text-center recetitas\">\n                                  <a href=\"\/en\/recipes\/egg-whites-stuffed-with-beans-and-cheese\/\"><\/p>\n<div class=\"cuadro-receta-2 text-center\">\n                                          <img decoding=\"async\" src=\"https:\/\/oncoalicia.com\/wp-content\/uploads\/2022\/04\/102.-V-Claras-rellenas-de-alubias-y-queso.jpg\" class=\"w-50\"><\/p>\n<div class=\"txt-mito\">Egg whites stuffed with beans and cheese\n                                          <\/div>\n<\/p><\/div>\n<p>                                  <\/a>\n                              <\/div>\n<div class=\"col-md-4 col-sm-6 text-center recetitas\">\n                                  <a href=\"\/en\/recipes\/fish-cake\/\"><\/p>\n<div class=\"cuadro-receta-2 text-center\">\n                                          <img decoding=\"async\" src=\"https:\/\/oncoalicia.com\/wp-content\/uploads\/2022\/02\/Pastel-de-pescado.jpg\" class=\"w-50\"><\/p>\n<div class=\"txt-mito\">Fish cake\n                                          <\/div>\n<\/p><\/div>\n<p>                                  <\/a>\n                              <\/div>\n<\/p><\/div>\n<\/p><\/div>\n<div class=\"col-md-12 descrip\">\n<p>High-quality protein can also be obtained through cereals, pulses, nuts, and seeds throughout the day. To ensure this, prepare dishes that combine these foods.<\/p>\n<\/p><\/div>\n<div class=\"col-md-12 text-center\">\n<div class=\"row\">\n<div class=\"col-md-12 recetas-sug\">\n                          <b>Some suggested recipes:<\/b>\n                        <\/div>\n<\/p><\/div>\n<div class=\"row\">\n<div class=\"col-md-4 col-sm-6 text-center recetitas\">\n                                  <a href=\"\/en\/recipes\/endives-stuffed-with-quinoa-and-dried-fruit\/\"><\/p>\n<div class=\"cuadro-receta-2 text-center\">\n                                          <img decoding=\"async\" src=\"https:\/\/oncoalicia.com\/wp-content\/uploads\/2022\/02\/Endibias-rellenas-de-quinua-y-frutos-secos.jpg\" class=\"w-50\"><\/p>\n<div class=\"txt-mito\">Quinoa and nuts stuffed chicory leaves\n                                          <\/div>\n<\/p><\/div>\n<p>                                  <\/a>\n                              <\/div>\n<div class=\"col-md-4 col-sm-6 text-center recetitas\">\n                                  <a href=\"\/en\/recipes\/rice-with-tofu-fricando\/\"><\/p>\n<div class=\"cuadro-receta-2 text-center\">\n                                          <img decoding=\"async\" src=\"https:\/\/oncoalicia.com\/wp-content\/uploads\/2022\/02\/73.-Arros-amb-fricando-de-tofu.jpg\" class=\"w-50\"><\/p>\n<div class=\"txt-mito\">Rice with tofu fricando\n                                          <\/div>\n<\/p><\/div>\n<p>                                  <\/a>\n                              <\/div>\n<div class=\"col-md-4 col-sm-6 text-center recetitas\">\n                                  <a href=\"\/en\/recipes\/legumes-and-brown-rice-burger\/\"><\/p>\n<div class=\"cuadro-receta-2 text-center\">\n                                          <img decoding=\"async\" src=\"https:\/\/oncoalicia.com\/wp-content\/uploads\/2022\/04\/107.-V-Hamburguesa-de-legumbres-y-arroz-integral.jpg\" class=\"w-50\"><\/p>\n<div class=\"txt-mito\">Legumes and brown rice burger\n                                          <\/div>\n<\/p><\/div>\n<p>                                  <\/a>\n                              <\/div>\n<\/p><\/div>\n<\/p><\/div>\n<div class=\"col-md-12 descrip\">\n<table class=\"table\">\n<tr>\n<td colspan=\"2\" class=\"table-title\">Protein-rich foods<\/td>\n<\/tr>\n<tr>\n<td>\nFoods of animal origin\n                                  <\/td>\n<td align=\"left\">\n<ul>\n<li><b>White fish:<\/b> monkfish, pike, cod.<\/li>\n<li><b>Blue fish:<\/b> sardine, mackerel, salmon.<\/li>\n<li><b>Seafood:<\/b> squid, octopus, mussels, cuttlefish, shrimp, crayfish.<\/li>\n<li><b>Canned fish:<\/b> tuna, sardines, cockles.*<\/li>\n<li><b>White meat:<\/b> chicken, rabbit, turkey.<\/li>\n<li><b>Eggs (especially the egg white).<\/b><\/li>\n<li><b>Dairy:<\/b> protein-rich natural yogurt, fresh cheese, cottage cheese.<\/li>\n<\/ul>\n<\/td>\n<\/tr>\n<tr>\n<td>\nFoods of vegetable origin\n                                  <\/td>\n<td align=\"left\">\n<ul>\n<li><b>Dry and roasted pulses without salt for chopping:<\/b> chickpeas, fava beans.<\/li>\n<li><b>Dried or cooked legumes:<\/b> lentils, chickpeas, beans (red, black, white&#8230;), soy.<\/li>\n<li><b>Derivatives of soy:<\/b> textured soy, soy flour, tofu, tempeh.<\/li>\n<li><b>Unsalted raw nuts and seeds:<\/b> almonds, walnuts, hazelnuts, sunflower seeds, pumpkin seeds.<\/li>\n<li><b>Seitan:<\/b> wheat gluten or other grains.<\/li>\n<\/ul>\n<\/td>\n<\/tr>\n<tr>\n<td colspan=\"2\">\n* Limit intake in the case of hypertension.<br \/>\n** Choose skimmed versions in case of hyperlipidaemia.\n                                  <\/td>\n<\/tr>\n<\/table><\/div>\n<\/p><\/div>\n<\/p><\/div>\n<\/p><\/div>\n<\/p><\/div>\n<div class=\"col-md-12 p-10 text-center\">\n<h3><a class=\"btn-orange recomanacions-tipus-cancer\" data-toggle=\"collapse\" href=\"#collapseExample-3\" role=\"button\" aria-expanded=\"false\" aria-controls=\"collapseExample\">Enhance protein content in dishes and recipes. <i class=\"fa fa-angle-down\" aria-hidden=\"true\"><\/i><br \/>\n          <\/a><\/h3>\n<div class=\"collapse\" id=\"collapseExample-3\">\n<div class=\"card-body\">\n<div class=\"row\">\n<div class=\"col-md-12 descrip\">\n<p>Protein enhancement consists of increasing the protein content in meals without increasing the volume of the dish or culinary preparation, by incorporating small amounts of protein-rich foods (egg whites, meat, fish, cheese, protein-rich yoghurt, pulses, nuts, etc.).<\/p>\n<\/p><\/div>\n<div class=\"col-md-12 descrip\">\n<table class=\"table\">\n<tr>\n<td colspan=\"2\" class=\"table-title\">Ingredients and suggestions for increasing the protein value in dishes and recipes.<\/td>\n<\/tr>\n<tr>\n<td>\nEgg white\n                                  <\/td>\n<td align=\"left\">\nVery versatile due to its neutral taste. It can be cooked and can be prepared in the following ways:<\/p>\n<ul>\n<li>Crushed into a puree or cream.<\/li>\n<li>Grated on a soup, puree, cream or pasta dishes, rice, vegetables&#8230;<\/li>\n<li>Incorporated in slices in a salad or vegetable dish.<\/li>\n<li>Melted in sauces to accompany pastas, meats&#8230;<\/li>\n<\/ul>\n<\/td>\n<\/tr>\n<tr>\n<td>\nCheeses (fresh cheeses, matured or aged&#8230;)\n                                  <\/td>\n<td align=\"left\">\nVery versatile and suitable for many cooking methods.<\/p>\n<ul>\n<li>Blended into a soup or pur\u00e9e.<\/li>\n<li>Grated on top of a soup, pur\u00e9e, pasta dish, rice, salad, vegetables\u2026<\/li>\n<li>Incorporated in small cubes in a salad or vegetable dish.<\/li>\n<li>Melted in sauces to accompany pasta, meat&#8230;<\/li>\n<\/ul>\n<p>Skimmed and low-salt versions should be chosen in case of hyperlipidaemia or hypertension.\n                                  <\/td>\n<\/tr>\n<tr>\n<td>\nSkimmed and powdered milk\n                                  <\/td>\n<td align=\"left\">\nVery easy to add.<\/p>\n<ul>\n<li>Mixed into a pur\u00e9e or soup (two tablespoons).<\/li>\n<li>Added to yoghurt, fruit smoothie, or cream-based sauce (one tablespoon).<\/li>\n<\/ul>\n<\/td>\n<\/tr>\n<tr>\n<td>\nNuts\n                                  <\/td>\n<td align=\"left\">\nCan be incorporated whole, chopped, or ground:<\/p>\n<ul>\n<li>In a pur\u00e9e or soup.<\/li>\n<li>On top of any pasta or vegetable dish.<\/li>\n<li>In any stew, meat, fish, or legume preparation.<\/li>\n<li>In yoghurt.<\/li>\n<li>In a fruit smoothie.<\/li>\n<li>In desserts (fruit salads, puddings, custards&#8230;).<\/li>\n<\/ul>\n<\/td>\n<\/tr>\n<tr>\n<td>\nChicken or turkey breast\n                                  <\/td>\n<td align=\"left\">\nVery well cooked and cut into cubes, it can be added to broths, soups, pur\u00e9es, creams, salads, pasta dishes, etc, (about a couple of tablespoons).\n<\/td>\n<\/tr>\n<tr>\n<td>\nfish\n                                  <\/td>\n<td align=\"left\">\nCooked and shredded, it can be added to broths, soups, pur\u00e9es, salads, pasta dishes, etc., (about a couple of tablespoons).<br \/>\nCanned (tuna\/sardines in olive oil, drain the oil very well)<br \/>\nOn top of salads or dishes with cooked vegetables.<\/td>\n<\/tr>\n<tr>\n<td>\nLegume flour\n                                  <\/td>\n<td align=\"left\">\nAdd a tablespoon to vegetable pur\u00e9es or soups remembering to stir well when hot.\n                                  <\/td>\n<\/tr>\n<\/table><\/div>\n<\/p><\/div>\n<\/p><\/div>\n<\/p><\/div>\n<\/p><\/div>\n<div class=\"col-md-12 p-10 text-center\">\n<h3><a class=\"btn-orange recomanacions-tipus-cancer\" data-toggle=\"collapse\" href=\"#collapseExample-4\" role=\"button\" aria-expanded=\"false\" aria-controls=\"collapseExample\">Regularly engage in some form of physical activity. <i class=\"fa fa-angle-down\" aria-hidden=\"true\"><\/i><br \/>\n          <\/a><\/h3>\n<div class=\"collapse\" id=\"collapseExample-4\">\n<div class=\"card-body\">\n<div class=\"row\">\n<div class=\"col-md-12 descrip\">\n<p>Exercising regularly can improve muscle strength, physical condition, and body composition, and can reduce fatigue as well as improve other side effects from treatment.<\/p>\n<\/p><\/div>\n<\/p><\/div>\n<\/p><\/div>\n<\/p><\/div>\n<\/p><\/div>\n<\/p><\/div>\n","protected":false},"excerpt":{"rendered":"<p>The loss of muscle mass, scientifically known as sarcopenia, is due to a physiological phenomenon associated with ageing that affects the functioning and strength of the body. However, the decrease in muscle can also occur as a consequence of cancer and some types of antineoplastic treatments. In prostate cancer, the decrease in testosterone production can&hellip; <a class=\"more-link\" href=\"https:\/\/oncoalicia.com\/en\/types-of-cancer\/prostate\/loss-of-muscle-mass\/\">Continue reading <span class=\"screen-reader-text\">Dietary Recommendations for Loss of Muscle Mass in Prostate Cancer<\/span><\/a><\/p>\n","protected":false},"author":2,"featured_media":0,"parent":3996,"menu_order":0,"comment_status":"closed","ping_status":"closed","template":"prostata-perdida-de-masa-muscular.php","meta":{"footnotes":""},"class_list":["post-4017","page","type-page","status-publish","hentry","entry"],"yoast_head":"<!-- This site is optimized with the Yoast SEO plugin v26.9 - https:\/\/yoast.com\/product\/yoast-seo-wordpress\/ -->\n<title>Nutrition for prostate cancer patients experiencing loss of muscle mass - Oncoalicia<\/title>\n<meta name=\"description\" content=\"Find dietary recommendations for people with prostate cancer who are experiencing loss of muscle mass due to treatment.\" \/>\n<meta name=\"robots\" content=\"index, follow, max-snippet:-1, max-image-preview:large, max-video-preview:-1\" \/>\n<link rel=\"canonical\" href=\"https:\/\/oncoalicia.com\/en\/types-of-cancer\/prostate\/loss-of-muscle-mass\/\" \/>\n<meta property=\"og:locale\" content=\"en_US\" \/>\n<meta property=\"og:type\" content=\"article\" \/>\n<meta property=\"og:title\" content=\"Nutrition for prostate cancer patients experiencing loss of muscle mass - Oncoalicia\" \/>\n<meta property=\"og:description\" content=\"Find dietary recommendations for people with prostate cancer who are experiencing loss of muscle mass due to treatment.\" \/>\n<meta property=\"og:url\" content=\"https:\/\/oncoalicia.com\/en\/types-of-cancer\/prostate\/loss-of-muscle-mass\/\" \/>\n<meta property=\"og:site_name\" content=\"Oncoalicia\" \/>\n<meta property=\"article:modified_time\" content=\"2025-07-04T09:01:01+00:00\" \/>\n<meta property=\"og:image\" content=\"https:\/\/oncoalicia.com\/wp-content\/uploads\/2022\/04\/101.-V-Combi-de-pescado-patata-y-verduras-al-micro.jpg\" \/>\n<meta name=\"twitter:card\" content=\"summary_large_image\" \/>\n<meta name=\"twitter:label1\" content=\"Est. reading time\" \/>\n\t<meta name=\"twitter:data1\" content=\"6 minutes\" \/>\n<script type=\"application\/ld+json\" class=\"yoast-schema-graph\">{\"@context\":\"https:\/\/schema.org\",\"@graph\":[{\"@type\":\"WebPage\",\"@id\":\"https:\/\/oncoalicia.com\/en\/types-of-cancer\/prostate\/loss-of-muscle-mass\/\",\"url\":\"https:\/\/oncoalicia.com\/en\/types-of-cancer\/prostate\/loss-of-muscle-mass\/\",\"name\":\"Nutrition for prostate cancer patients experiencing loss of muscle mass - Oncoalicia\",\"isPartOf\":{\"@id\":\"https:\/\/oncoalicia.com\/en\/#website\"},\"primaryImageOfPage\":{\"@id\":\"https:\/\/oncoalicia.com\/en\/types-of-cancer\/prostate\/loss-of-muscle-mass\/#primaryimage\"},\"image\":{\"@id\":\"https:\/\/oncoalicia.com\/en\/types-of-cancer\/prostate\/loss-of-muscle-mass\/#primaryimage\"},\"thumbnailUrl\":\"https:\/\/oncoalicia.com\/wp-content\/uploads\/2022\/04\/101.-V-Combi-de-pescado-patata-y-verduras-al-micro.jpg\",\"datePublished\":\"2022-05-14T05:14:09+00:00\",\"dateModified\":\"2025-07-04T09:01:01+00:00\",\"description\":\"Find dietary recommendations for people with prostate cancer who are experiencing loss of muscle mass due to treatment.\",\"breadcrumb\":{\"@id\":\"https:\/\/oncoalicia.com\/en\/types-of-cancer\/prostate\/loss-of-muscle-mass\/#breadcrumb\"},\"inLanguage\":\"en-US\",\"potentialAction\":[{\"@type\":\"ReadAction\",\"target\":[\"https:\/\/oncoalicia.com\/en\/types-of-cancer\/prostate\/loss-of-muscle-mass\/\"]}]},{\"@type\":\"ImageObject\",\"inLanguage\":\"en-US\",\"@id\":\"https:\/\/oncoalicia.com\/en\/types-of-cancer\/prostate\/loss-of-muscle-mass\/#primaryimage\",\"url\":\"https:\/\/oncoalicia.com\/wp-content\/uploads\/2022\/04\/101.-V-Combi-de-pescado-patata-y-verduras-al-micro.jpg\",\"contentUrl\":\"https:\/\/oncoalicia.com\/wp-content\/uploads\/2022\/04\/101.-V-Combi-de-pescado-patata-y-verduras-al-micro.jpg\"},{\"@type\":\"BreadcrumbList\",\"@id\":\"https:\/\/oncoalicia.com\/en\/types-of-cancer\/prostate\/loss-of-muscle-mass\/#breadcrumb\",\"itemListElement\":[{\"@type\":\"ListItem\",\"position\":1,\"name\":\"Portada\",\"item\":\"https:\/\/oncoalicia.com\/en\/\"},{\"@type\":\"ListItem\",\"position\":2,\"name\":\"Types of Cancer\",\"item\":\"https:\/\/oncoalicia.com\/en\/types-of-cancer\/\"},{\"@type\":\"ListItem\",\"position\":3,\"name\":\"Food and Nutrition During Prostate Cancer Treatment\",\"item\":\"https:\/\/oncoalicia.com\/en\/types-of-cancer\/prostate\/\"},{\"@type\":\"ListItem\",\"position\":4,\"name\":\"Dietary Recommendations for Loss of Muscle Mass in Prostate Cancer\"}]},{\"@type\":\"WebSite\",\"@id\":\"https:\/\/oncoalicia.com\/en\/#website\",\"url\":\"https:\/\/oncoalicia.com\/en\/\",\"name\":\"Oncoal\u00edcia\",\"description\":\"Comer durante el Tratamiento del C\u00e1ncer\",\"publisher\":{\"@id\":\"https:\/\/oncoalicia.com\/en\/#organization\"},\"alternateName\":\"Oncoal\u00edcia | Comer durante el Tratamiento del C\u00e1ncer\",\"potentialAction\":[{\"@type\":\"SearchAction\",\"target\":{\"@type\":\"EntryPoint\",\"urlTemplate\":\"https:\/\/oncoalicia.com\/en\/?s={search_term_string}\"},\"query-input\":{\"@type\":\"PropertyValueSpecification\",\"valueRequired\":true,\"valueName\":\"search_term_string\"}}],\"inLanguage\":\"en-US\"},{\"@type\":\"Organization\",\"@id\":\"https:\/\/oncoalicia.com\/en\/#organization\",\"name\":\"Oncoal\u00edcia\",\"alternateName\":\"Oncoal\u00edcia | Comer durante el Tratamiento del C\u00e1ncer\",\"url\":\"https:\/\/oncoalicia.com\/en\/\",\"logo\":{\"@type\":\"ImageObject\",\"inLanguage\":\"en-US\",\"@id\":\"https:\/\/oncoalicia.com\/en\/#\/schema\/logo\/image\/\",\"url\":\"https:\/\/oncoalicia.com\/wp-content\/uploads\/2022\/11\/logo_rrss.png\",\"contentUrl\":\"https:\/\/oncoalicia.com\/wp-content\/uploads\/2022\/11\/logo_rrss.png\",\"width\":300,\"height\":300,\"caption\":\"Oncoal\u00edcia\"},\"image\":{\"@id\":\"https:\/\/oncoalicia.com\/en\/#\/schema\/logo\/image\/\"}}]}<\/script>\n<!-- \/ Yoast SEO plugin. -->","yoast_head_json":{"title":"Nutrition for prostate cancer patients experiencing loss of muscle mass - Oncoalicia","description":"Find dietary recommendations for people with prostate cancer who are experiencing loss of muscle mass due to treatment.","robots":{"index":"index","follow":"follow","max-snippet":"max-snippet:-1","max-image-preview":"max-image-preview:large","max-video-preview":"max-video-preview:-1"},"canonical":"https:\/\/oncoalicia.com\/en\/types-of-cancer\/prostate\/loss-of-muscle-mass\/","og_locale":"en_US","og_type":"article","og_title":"Nutrition for prostate cancer patients experiencing loss of muscle mass - Oncoalicia","og_description":"Find dietary recommendations for people with prostate cancer who are experiencing loss of muscle mass due to treatment.","og_url":"https:\/\/oncoalicia.com\/en\/types-of-cancer\/prostate\/loss-of-muscle-mass\/","og_site_name":"Oncoalicia","article_modified_time":"2025-07-04T09:01:01+00:00","og_image":[{"url":"https:\/\/oncoalicia.com\/wp-content\/uploads\/2022\/04\/101.-V-Combi-de-pescado-patata-y-verduras-al-micro.jpg","type":"","width":"","height":""}],"twitter_card":"summary_large_image","twitter_misc":{"Est. reading time":"6 minutes"},"schema":{"@context":"https:\/\/schema.org","@graph":[{"@type":"WebPage","@id":"https:\/\/oncoalicia.com\/en\/types-of-cancer\/prostate\/loss-of-muscle-mass\/","url":"https:\/\/oncoalicia.com\/en\/types-of-cancer\/prostate\/loss-of-muscle-mass\/","name":"Nutrition for prostate cancer patients experiencing loss of muscle mass - Oncoalicia","isPartOf":{"@id":"https:\/\/oncoalicia.com\/en\/#website"},"primaryImageOfPage":{"@id":"https:\/\/oncoalicia.com\/en\/types-of-cancer\/prostate\/loss-of-muscle-mass\/#primaryimage"},"image":{"@id":"https:\/\/oncoalicia.com\/en\/types-of-cancer\/prostate\/loss-of-muscle-mass\/#primaryimage"},"thumbnailUrl":"https:\/\/oncoalicia.com\/wp-content\/uploads\/2022\/04\/101.-V-Combi-de-pescado-patata-y-verduras-al-micro.jpg","datePublished":"2022-05-14T05:14:09+00:00","dateModified":"2025-07-04T09:01:01+00:00","description":"Find dietary recommendations for people with prostate cancer who are experiencing loss of muscle mass due to treatment.","breadcrumb":{"@id":"https:\/\/oncoalicia.com\/en\/types-of-cancer\/prostate\/loss-of-muscle-mass\/#breadcrumb"},"inLanguage":"en-US","potentialAction":[{"@type":"ReadAction","target":["https:\/\/oncoalicia.com\/en\/types-of-cancer\/prostate\/loss-of-muscle-mass\/"]}]},{"@type":"ImageObject","inLanguage":"en-US","@id":"https:\/\/oncoalicia.com\/en\/types-of-cancer\/prostate\/loss-of-muscle-mass\/#primaryimage","url":"https:\/\/oncoalicia.com\/wp-content\/uploads\/2022\/04\/101.-V-Combi-de-pescado-patata-y-verduras-al-micro.jpg","contentUrl":"https:\/\/oncoalicia.com\/wp-content\/uploads\/2022\/04\/101.-V-Combi-de-pescado-patata-y-verduras-al-micro.jpg"},{"@type":"BreadcrumbList","@id":"https:\/\/oncoalicia.com\/en\/types-of-cancer\/prostate\/loss-of-muscle-mass\/#breadcrumb","itemListElement":[{"@type":"ListItem","position":1,"name":"Portada","item":"https:\/\/oncoalicia.com\/en\/"},{"@type":"ListItem","position":2,"name":"Types of Cancer","item":"https:\/\/oncoalicia.com\/en\/types-of-cancer\/"},{"@type":"ListItem","position":3,"name":"Food and Nutrition During Prostate Cancer Treatment","item":"https:\/\/oncoalicia.com\/en\/types-of-cancer\/prostate\/"},{"@type":"ListItem","position":4,"name":"Dietary Recommendations for Loss of Muscle Mass in Prostate Cancer"}]},{"@type":"WebSite","@id":"https:\/\/oncoalicia.com\/en\/#website","url":"https:\/\/oncoalicia.com\/en\/","name":"Oncoal\u00edcia","description":"Comer durante el Tratamiento del C\u00e1ncer","publisher":{"@id":"https:\/\/oncoalicia.com\/en\/#organization"},"alternateName":"Oncoal\u00edcia | Comer durante el Tratamiento del C\u00e1ncer","potentialAction":[{"@type":"SearchAction","target":{"@type":"EntryPoint","urlTemplate":"https:\/\/oncoalicia.com\/en\/?s={search_term_string}"},"query-input":{"@type":"PropertyValueSpecification","valueRequired":true,"valueName":"search_term_string"}}],"inLanguage":"en-US"},{"@type":"Organization","@id":"https:\/\/oncoalicia.com\/en\/#organization","name":"Oncoal\u00edcia","alternateName":"Oncoal\u00edcia | Comer durante el Tratamiento del C\u00e1ncer","url":"https:\/\/oncoalicia.com\/en\/","logo":{"@type":"ImageObject","inLanguage":"en-US","@id":"https:\/\/oncoalicia.com\/en\/#\/schema\/logo\/image\/","url":"https:\/\/oncoalicia.com\/wp-content\/uploads\/2022\/11\/logo_rrss.png","contentUrl":"https:\/\/oncoalicia.com\/wp-content\/uploads\/2022\/11\/logo_rrss.png","width":300,"height":300,"caption":"Oncoal\u00edcia"},"image":{"@id":"https:\/\/oncoalicia.com\/en\/#\/schema\/logo\/image\/"}}]}},"_links":{"self":[{"href":"https:\/\/oncoalicia.com\/en\/wp-json\/wp\/v2\/pages\/4017","targetHints":{"allow":["GET"]}}],"collection":[{"href":"https:\/\/oncoalicia.com\/en\/wp-json\/wp\/v2\/pages"}],"about":[{"href":"https:\/\/oncoalicia.com\/en\/wp-json\/wp\/v2\/types\/page"}],"author":[{"embeddable":true,"href":"https:\/\/oncoalicia.com\/en\/wp-json\/wp\/v2\/users\/2"}],"replies":[{"embeddable":true,"href":"https:\/\/oncoalicia.com\/en\/wp-json\/wp\/v2\/comments?post=4017"}],"version-history":[{"count":0,"href":"https:\/\/oncoalicia.com\/en\/wp-json\/wp\/v2\/pages\/4017\/revisions"}],"up":[{"embeddable":true,"href":"https:\/\/oncoalicia.com\/en\/wp-json\/wp\/v2\/pages\/3996"}],"wp:attachment":[{"href":"https:\/\/oncoalicia.com\/en\/wp-json\/wp\/v2\/media?parent=4017"}],"curies":[{"name":"wp","href":"https:\/\/api.w.org\/{rel}","templated":true}]}}