{"id":4033,"date":"2022-05-14T08:45:57","date_gmt":"2022-05-14T08:45:57","guid":{"rendered":"https:\/\/www.oncoalicia.com\/nutrition-during-lung-cancer-treatment\/difficulty-swallowing\/to-liquids\/"},"modified":"2025-07-04T08:52:57","modified_gmt":"2025-07-04T08:52:57","slug":"to-liquids","status":"publish","type":"page","link":"https:\/\/oncoalicia.com\/en\/types-of-cancer\/lung\/difficulty-swallowing\/to-liquids\/","title":{"rendered":"Dietary Recommendations for Difficultry Swallowing Liquids in Lung Cancer"},"content":{"rendered":"<div class=\"row\">\n      <!-- BAJADA --><\/p>\n<div class=\"col-md-12 subtitle-mitos\">\n<p>It is characterized by coughing or itching in the throat with a feeling of cloudiness after drinking water or other liquids. In lung cancer it is not common, but it can take place occasionally. Sometimes, in addition, there are changes in the voice after swallowing. It is recommended to modify and adapt the viscosity\/texture of liquids, even water, to prevent these liquids from going into the lung and causing potentially dangerous lung infections. <\/p>\n<\/p><\/div>\n<\/p><\/div>\n<div class=\"row p-40 w-60\">\n<div class=\"col-md-12 text-center\">\n<h2 class=\"h3 recomanem-efectes-cancer\">WHAT DO WE RECOMMEND?<\/h2>\n<\/p><\/div>\n<div class=\"col-md-12 p-10 text-center\">\n<h3><a class=\"btn-orange recomanacions-tipus-cancer\" data-toggle=\"collapse\" href=\"#collapseExample-3\" role=\"button\" aria-expanded=\"false\" aria-controls=\"collapseExample\">Adjust liquids to the viscosity\/texture that best suits specific needs. <i class=\"fa fa-angle-down\" aria-hidden=\"true\"><\/i><br \/>\n            <\/a><\/h3>\n<div class=\"collapse\" id=\"collapseExample-3\">\n<div class=\"card-body\">\n<div class=\"row\">\n<div class=\"col-md-12 descrip\">\n<p>Currently, three different types of viscosities can be indicated according to the degree of dysphagia: nectar, honey or pudding.<\/p>\n<\/p><\/div>\n<div class=\"col-md-12\">\n<table class=\"table\">\n<tr>\n<td class=\"table-title\">Viscosity classification for liquid dysphagia<\/td>\n<\/tr>\n<tr>\n<td class=\"table-txt\">\n<table>\n<tr>\n<td><strong>viscosity<\/strong><\/td>\n<td><strong>Examples of drinks and food<\/strong><\/td>\n<\/tr>\n<tr>\n<td>\n                                        <b>nectar<\/b><br \/>\n Texture similar to peach juice.<br \/>\n It can be drunk with a straw or a glass.<br \/>\n When decanted, it forms a fine filament.\n                                      <\/td>\n<td align=\"left\">\n Tomato juice, peach juice, commercial vegetable creams, gazpacho, liquid yogurts to drink\n                                      <\/td>\n<\/tr>\n<tr>\n<td>\n                                        <b>honey<\/b><br \/>\n Honey-like texture.<br \/>\n You can&#8217;t drink it with a cane, but you can drink it with a glass.<br \/>\n When decanted, it forms large shapeless drops.\n                                      <\/td>\n<td align=\"left\">\n Whipped yogurt, custard\n                                      <\/td>\n<\/tr>\n<tr>\n<td>\n                                        <b>pudding<\/b><br \/>\n Custard or pudding texture.<br \/>\n It is eaten only with a spoon.<br \/>\n When decanted, it falls as a shaped mass.\n                                      <\/td>\n<td align=\"left\">\n Flam, curd, curd\n                                      <\/td>\n<\/tr>\n<\/table>\n<\/td>\n<\/tr>\n<\/table><\/div>\n<\/p><\/div>\n<\/p><\/div>\n<\/p><\/div>\n<\/p><\/div>\n<div class=\"col-md-12 p-10 text-center\">\n<h3><a class=\"btn-orange recomanacions-tipus-cancer\" data-toggle=\"collapse\" href=\"#collapseExample-7\" role=\"button\" aria-expanded=\"false\" aria-controls=\"collapseExample\">Ensure correct hydration by adjusting all drinks to the required viscosity with the help of commercial thickeners. <i class=\"fa fa-angle-down\" aria-hidden=\"true\"><\/i><br \/>\n            <\/a><\/h3>\n<div class=\"collapse\" id=\"collapseExample-7\">\n<div class=\"card-body\">\n<div class=\"row\">\n<div class=\"col-md-12 descrip\">\n<p>Always follow the instructions for the thickener in all liquids that are ingested, as there are different types of commercial thickeners:<\/p>\n<\/p><\/div>\n<div class=\"col-md-12\">\n<table class=\"table\">\n<tr>\n<td class=\"table-title\">Aspects to consider when thickening drinks with commercial thickeners<\/td>\n<\/tr>\n<tr>\n<td align=\"left\" class=\"table-txt\">\n<ul>\n<li>The dosage indicated on the packaging corresponds to the amount needed to achieve the necessary viscosity with water. If we thicken another drink, the dosage for the same viscosity may vary.<\/li>\n<li>It is important to respect the time the thickener needs to do its job. This time can also vary depending on the liquid and the temperature, so it is recommended to thicken the drink at the consumption temperature, respecting the action time, but always consume it within the indicated period. Thus, we will avoid changes in viscosity due to a change in temperature.<\/li>\n<li>Whenever you want to add some ingredient to the drink that you want to dissolve or mix different drinks, you will have to do it before adding the thickener. A drink should never be thickened and another ingredient added later.<\/li>\n<\/ul>\n<\/td>\n<\/tr>\n<tr>\n<td>\n<table>\n<tr>\n<td>juices<\/td>\n<td align=\"left\">\n<ul>\n<li>The original viscosity of a juice is not always completely liquid, so we may need less dosage than indicated on the package to achieve the necessary viscosity.<\/li>\n<li>Depending on the fruit or fruits with which we make the juice, it may be necessary to strain it before thickening it.<\/li>\n<\/ul>\n<\/td>\n<\/tr>\n<tr>\n<td>Milk and milk drinks<\/td>\n<td align=\"left\">\n<ul>\n<li>Getting the thickener completely dissolved can be difficult. As a general rule, milk and milk drinks containing milk will need a longer action time.<\/li>\n<li>The thickener usually dissolves better if the drink is hot.<\/li>\n<\/ul>\n<\/td>\n<\/tr>\n<tr>\n<td>Vegetable drinks<\/td>\n<td align=\"left\">\n<ul>\n<li>Dissolution of the thickener in plant-based beverages is usually easier than in dairy beverages, although a longer action time may also be required.<\/li>\n<\/ul>\n<\/td>\n<\/tr>\n<tr>\n<td>Fizzy drinks<\/td>\n<td align=\"left\">\n<ul>\n<li>Degassing any drink that contains it will help the thickener to better incorporate. <\/li>\n<\/ul>\n<\/td>\n<\/tr>\n<tr>\n<td>Other drinks<\/td>\n<td align=\"left\">\n<ul>\n<li>In the case of beverages such as tea, coffee alone or other infusions, more thickener than indicated may be required to achieve the required viscosity.<\/li>\n<li>If you have a nutritional supplement prescribed from the reference center, you will need to adapt its viscosity considering these recommendations.<\/li>\n<\/ul>\n<\/td>\n<\/tr>\n<\/table>\n<\/td>\n<\/tr>\n<\/table><\/div>\n<\/p><\/div>\n<\/p><\/div>\n<\/p><\/div>\n<\/p><\/div>\n<div class=\"col-md-12 p-10 text-center\">\n<h3 class=\"btn-orange recomanacions-tipus-cancer\" style=\"font-weight: bold;\">Take the medication with food, drinks or gelled water that also has the indicated viscosity.<br \/>\n            <\/h3>\n<\/p><\/div>\n<div class=\"col-md-12 p-10 text-center\">\n<h3><a class=\"btn-orange recomanacions-tipus-cancer\" data-toggle=\"collapse\" href=\"#collapseExample\" role=\"button\" aria-expanded=\"false\" aria-controls=\"collapseExample\">Maintain good posture. <i class=\"fa fa-angle-down\" aria-hidden=\"true\"><\/i><br \/>\n            <\/a><\/h3>\n<div class=\"collapse\" id=\"collapseExample\">\n<div class=\"card-body\">\n<div class=\"row\">\n<div class=\"col-md-12 descrip\">\n<p>Sitting or the more incorporated the better, always avoiding hyperextension of the head.<\/p>\n<\/p><\/div>\n<\/p><\/div>\n<\/p><\/div>\n<\/p><\/div>\n<\/p><\/div>\n<div class=\"col-md-12 p-10 text-center\">\n<h3><a class=\"btn-orange recomanacions-tipus-cancer\" data-toggle=\"collapse\" href=\"#collapseExample-2\" role=\"button\" aria-expanded=\"false\" aria-controls=\"collapseExample\">Take the necessary time to eat and avoid accumulating food in your mouth. <i class=\"fa fa-angle-down\" aria-hidden=\"true\"><\/i><br \/>\n            <\/a><\/h3>\n<div class=\"collapse\" id=\"collapseExample-2\">\n<div class=\"card-body\">\n<div class=\"row\">\n<div class=\"col-md-12 descrip\">\n<p>Eat slowly and with enough time between each spoonful.<\/p>\n<\/p><\/div>\n<div class=\"col-md-12 text-center\">\n                          <img decoding=\"async\" src=\"https:\/\/oncoalicia.com\/wp-content\/uploads\/2023\/01\/ilustra-liqui.jpg\" width=\"40%\">\n                        <\/div>\n<\/p><\/div>\n<\/p><\/div>\n<\/p><\/div>\n<\/p><\/div>\n<div class=\"col-md-12 p-10 text-center\">\n<h3><a class=\"btn-orange recomanacions-tipus-cancer\" data-toggle=\"collapse\" href=\"#collapseExample-4\" role=\"button\" aria-expanded=\"false\" aria-controls=\"collapseExample\">Avoid preparations or foods with double textures. <i class=\"fa fa-angle-down\" aria-hidden=\"true\"><\/i><br \/>\n            <\/a><\/h3>\n<div class=\"collapse\" id=\"collapseExample-4\">\n<div class=\"card-body\">\n<div class=\"row\">\n<div class=\"col-md-12 descrip\">\n<p>They are those made up of liquid and solid parts: soup with pasta, rice with milk, yogurt with muesli, milk with muffins, and foods such as tangerines, oranges or fruits with lots of juice. Both textures in the mouth make it difficult to control the swallowing of liquids.<\/p>\n<\/p><\/div>\n<\/p><\/div>\n<\/p><\/div>\n<\/p><\/div>\n<\/p><\/div>\n<div class=\"col-md-12 p-10 text-center\">\n<h3><a class=\"btn-orange recomanacions-tipus-cancer\" data-toggle=\"collapse\" href=\"#collapseExample-5\" role=\"button\" aria-expanded=\"false\" aria-controls=\"collapseExample\">Avoid very fibrous foods. <i class=\"fa fa-angle-down\" aria-hidden=\"true\"><\/i><br \/>\n            <\/a><\/h3>\n<div class=\"collapse\" id=\"collapseExample-5\">\n<div class=\"card-body\">\n<div class=\"row\">\n<div class=\"col-md-12 descrip\">\n<p>Such as pineapple, artichokes, asparagus and fibrous meats, or those that crumble easily when chewed, such as crackers, chips, toast sticks or dried fruit. You should also avoid legumes in which the skin comes off easily.<\/p>\n<\/p><\/div>\n<\/p><\/div>\n<\/p><\/div>\n<\/p><\/div>\n<\/p><\/div>\n<div class=\"col-md-12 p-10 text-center\">\n<h3><a class=\"btn-orange recomanacions-tipus-cancer\" data-toggle=\"collapse\" href=\"#collapseExample-6\" role=\"button\" aria-expanded=\"false\" aria-controls=\"collapseExample\">Avoid ice creams, popsicles, slushies and commercial jellies. <i class=\"fa fa-angle-down\" aria-hidden=\"true\"><\/i><br \/>\n            <\/a><\/h3>\n<div class=\"collapse\" id=\"collapseExample-6\">\n<div class=\"card-body\">\n<div class=\"row\">\n<div class=\"col-md-12 descrip\">\n<p>When they come into contact with the heat of the mouth and saliva they become liquid. For this type of preparation, you can use agar-agar or special gelled waters, sold in pharmacies.<\/p>\n<\/p><\/div>\n<\/p><\/div>\n<\/p><\/div>\n<\/p><\/div>\n<\/p><\/div>\n<div class=\"col-md-12 p-10 text-center\">\n<h3><a class=\"btn-orange recomanacions-tipus-cancer\" data-toggle=\"collapse\" href=\"#collapseExample-8\" role=\"button\" aria-expanded=\"false\" aria-controls=\"collapseExample\">Include different types of drinks throughout the day to avoid monotony. <i class=\"fa fa-angle-down\" aria-hidden=\"true\"><\/i><br \/>\n            <\/a><\/h3>\n<div class=\"collapse\" id=\"collapseExample-8\">\n<div class=\"card-body\">\n<div class=\"row\">\n<div class=\"col-md-12 descrip\">\n<p>You can choose to thicken common drinks following the previous guidelines or, on occasion, prepare drinks with different or not so typical tastes. To do this they are prepared in the standard way, strained to avoid fibers or seeds and thickened until the required viscosity is achieved.<\/p>\n<\/p><\/div>\n<div class=\"col-md-12 descrip\">\n                          <b style=\"font-size: 1.4rem;\">Homemade pink lemonade<\/b><\/p>\n<p>                          <b>Ingredients (for two servings)<\/b><\/p>\n<ul>\n<li>100 g of strawberries <\/li>\n<li>50 g of blueberries <\/li>\n<li>70g chilled lemon juice (about two lemons)<\/li>\n<li>Fresh mint leaves<\/li>\n<li>200 ml of very cold water<\/li>\n<li>1 c\/p of sweetener (sugar, honey, syrup&#8230;), optional and according to preference<\/li>\n<\/ul>\n<p>                          <b>Elaboration<\/b><\/p>\n<ul>\n<li>Add the strawberries and blueberries (they must be very cold and therefore have been in the fridge for a couple of hours), clean and without leaves, into a mason jar or the bowl of an electric hand mixer ; lemon juice; mint leaves; water, and sugar or sweetener. <\/li>\n<li>Grind the whole thing. <\/li>\n<li>Pass the preparation through a fine sieve to remove any particles.<\/li>\n<li>Separate the drink into two glasses.<\/li>\n<li>Add the commercial thickener for each serving (200 ml and separately, if you want to thicken both servings), following the product directions and dosage to achieve the required viscosity.* <\/li>\n<li>Validate its viscosity before consuming. Serve it cold.<\/li>\n<\/ul>\n<p>* Please note that when making drinks that include non-liquid ingredients, the resulting viscosity may correspond to a nectar or honey viscosity, so you will need to adapt the dosage indicated on the product.<\/p>\n<\/p><\/div>\n<\/p><\/div>\n<\/p><\/div>\n<\/p><\/div>\n<\/p><\/div>\n<div class=\"col-md-12 p-10 text-center\">\n<h3 class=\"btn-orange recomanacions-tipus-cancer\" style=\"font-weight: bold;\">Try not to eat alone.<br \/>\n            <\/h3>\n<\/p><\/div>\n<\/p><\/div>\n","protected":false},"excerpt":{"rendered":"<p>It is characterized by coughing or itching in the throat with a feeling of cloudiness after drinking water or other liquids. In lung cancer it is not common, but it can take place occasionally. Sometimes, in addition, there are changes in the voice after swallowing. It is recommended to modify and adapt the viscosity\/texture of&hellip; <a class=\"more-link\" href=\"https:\/\/oncoalicia.com\/en\/types-of-cancer\/lung\/difficulty-swallowing\/to-liquids\/\">Continue reading <span class=\"screen-reader-text\">Dietary Recommendations for Difficultry Swallowing Liquids in Lung Cancer<\/span><\/a><\/p>\n","protected":false},"author":2,"featured_media":0,"parent":4031,"menu_order":0,"comment_status":"closed","ping_status":"closed","template":"pulmon-a-liquidos.php","meta":{"footnotes":""},"class_list":["post-4033","page","type-page","status-publish","hentry","entry"],"yoast_head":"<!-- This site is optimized with the Yoast SEO plugin v26.9 - https:\/\/yoast.com\/product\/yoast-seo-wordpress\/ -->\n<title>Nutrition for lung cancer patients experiencing difficulty swallowing liquids - Oncoalicia<\/title>\n<meta name=\"description\" content=\"Find dietary recommendations for people with lung cancer who are experiencing difficulty swallowing liquids due to treatment.\" \/>\n<meta name=\"robots\" content=\"index, follow, max-snippet:-1, max-image-preview:large, max-video-preview:-1\" \/>\n<link rel=\"canonical\" href=\"https:\/\/oncoalicia.com\/en\/types-of-cancer\/lung\/difficulty-swallowing\/to-liquids\/\" \/>\n<meta property=\"og:locale\" content=\"en_US\" \/>\n<meta property=\"og:type\" content=\"article\" \/>\n<meta property=\"og:title\" content=\"Nutrition for lung cancer patients experiencing difficulty swallowing liquids - Oncoalicia\" \/>\n<meta property=\"og:description\" content=\"Find dietary recommendations for people with lung cancer who are experiencing difficulty swallowing liquids due to treatment.\" \/>\n<meta property=\"og:url\" content=\"https:\/\/oncoalicia.com\/en\/types-of-cancer\/lung\/difficulty-swallowing\/to-liquids\/\" \/>\n<meta property=\"og:site_name\" content=\"Oncoalicia\" \/>\n<meta property=\"article:modified_time\" content=\"2025-07-04T08:52:57+00:00\" \/>\n<meta property=\"og:image\" content=\"https:\/\/oncoalicia.com\/wp-content\/uploads\/2023\/01\/ilustra-liqui.jpg\" \/>\n<meta name=\"twitter:card\" content=\"summary_large_image\" \/>\n<meta name=\"twitter:label1\" content=\"Est. reading time\" \/>\n\t<meta name=\"twitter:data1\" content=\"5 minutes\" \/>\n<script type=\"application\/ld+json\" class=\"yoast-schema-graph\">{\"@context\":\"https:\/\/schema.org\",\"@graph\":[{\"@type\":\"WebPage\",\"@id\":\"https:\/\/oncoalicia.com\/en\/types-of-cancer\/lung\/difficulty-swallowing\/to-liquids\/\",\"url\":\"https:\/\/oncoalicia.com\/en\/types-of-cancer\/lung\/difficulty-swallowing\/to-liquids\/\",\"name\":\"Nutrition for lung cancer patients experiencing difficulty swallowing liquids - Oncoalicia\",\"isPartOf\":{\"@id\":\"https:\/\/oncoalicia.com\/en\/#website\"},\"primaryImageOfPage\":{\"@id\":\"https:\/\/oncoalicia.com\/en\/types-of-cancer\/lung\/difficulty-swallowing\/to-liquids\/#primaryimage\"},\"image\":{\"@id\":\"https:\/\/oncoalicia.com\/en\/types-of-cancer\/lung\/difficulty-swallowing\/to-liquids\/#primaryimage\"},\"thumbnailUrl\":\"https:\/\/oncoalicia.com\/wp-content\/uploads\/2023\/01\/ilustra-liqui.jpg\",\"datePublished\":\"2022-05-14T08:45:57+00:00\",\"dateModified\":\"2025-07-04T08:52:57+00:00\",\"description\":\"Find dietary recommendations for people with lung cancer who are experiencing difficulty swallowing liquids due to treatment.\",\"breadcrumb\":{\"@id\":\"https:\/\/oncoalicia.com\/en\/types-of-cancer\/lung\/difficulty-swallowing\/to-liquids\/#breadcrumb\"},\"inLanguage\":\"en-US\",\"potentialAction\":[{\"@type\":\"ReadAction\",\"target\":[\"https:\/\/oncoalicia.com\/en\/types-of-cancer\/lung\/difficulty-swallowing\/to-liquids\/\"]}]},{\"@type\":\"ImageObject\",\"inLanguage\":\"en-US\",\"@id\":\"https:\/\/oncoalicia.com\/en\/types-of-cancer\/lung\/difficulty-swallowing\/to-liquids\/#primaryimage\",\"url\":\"https:\/\/oncoalicia.com\/wp-content\/uploads\/2023\/01\/ilustra-liqui.jpg\",\"contentUrl\":\"https:\/\/oncoalicia.com\/wp-content\/uploads\/2023\/01\/ilustra-liqui.jpg\"},{\"@type\":\"BreadcrumbList\",\"@id\":\"https:\/\/oncoalicia.com\/en\/types-of-cancer\/lung\/difficulty-swallowing\/to-liquids\/#breadcrumb\",\"itemListElement\":[{\"@type\":\"ListItem\",\"position\":1,\"name\":\"Portada\",\"item\":\"https:\/\/oncoalicia.com\/en\/\"},{\"@type\":\"ListItem\",\"position\":2,\"name\":\"Types of Cancer\",\"item\":\"https:\/\/oncoalicia.com\/en\/types-of-cancer\/\"},{\"@type\":\"ListItem\",\"position\":3,\"name\":\"Food and Nutrition During Lung Cancer Treatment\",\"item\":\"https:\/\/oncoalicia.com\/en\/types-of-cancer\/lung\/\"},{\"@type\":\"ListItem\",\"position\":4,\"name\":\"Dietary Recommendations for Dysphagia in Lung Cancer\",\"item\":\"https:\/\/oncoalicia.com\/en\/types-of-cancer\/lung\/difficulty-swallowing\/\"},{\"@type\":\"ListItem\",\"position\":5,\"name\":\"Dietary Recommendations for Difficultry Swallowing Liquids in Lung Cancer\"}]},{\"@type\":\"WebSite\",\"@id\":\"https:\/\/oncoalicia.com\/en\/#website\",\"url\":\"https:\/\/oncoalicia.com\/en\/\",\"name\":\"Oncoal\u00edcia\",\"description\":\"Comer durante el Tratamiento del C\u00e1ncer\",\"publisher\":{\"@id\":\"https:\/\/oncoalicia.com\/en\/#organization\"},\"alternateName\":\"Oncoal\u00edcia | Comer durante el Tratamiento del C\u00e1ncer\",\"potentialAction\":[{\"@type\":\"SearchAction\",\"target\":{\"@type\":\"EntryPoint\",\"urlTemplate\":\"https:\/\/oncoalicia.com\/en\/?s={search_term_string}\"},\"query-input\":{\"@type\":\"PropertyValueSpecification\",\"valueRequired\":true,\"valueName\":\"search_term_string\"}}],\"inLanguage\":\"en-US\"},{\"@type\":\"Organization\",\"@id\":\"https:\/\/oncoalicia.com\/en\/#organization\",\"name\":\"Oncoal\u00edcia\",\"alternateName\":\"Oncoal\u00edcia | Comer durante el Tratamiento del C\u00e1ncer\",\"url\":\"https:\/\/oncoalicia.com\/en\/\",\"logo\":{\"@type\":\"ImageObject\",\"inLanguage\":\"en-US\",\"@id\":\"https:\/\/oncoalicia.com\/en\/#\/schema\/logo\/image\/\",\"url\":\"https:\/\/oncoalicia.com\/wp-content\/uploads\/2022\/11\/logo_rrss.png\",\"contentUrl\":\"https:\/\/oncoalicia.com\/wp-content\/uploads\/2022\/11\/logo_rrss.png\",\"width\":300,\"height\":300,\"caption\":\"Oncoal\u00edcia\"},\"image\":{\"@id\":\"https:\/\/oncoalicia.com\/en\/#\/schema\/logo\/image\/\"}}]}<\/script>\n<!-- \/ Yoast SEO plugin. -->","yoast_head_json":{"title":"Nutrition for lung cancer patients experiencing difficulty swallowing liquids - Oncoalicia","description":"Find dietary recommendations for people with lung cancer who are experiencing difficulty swallowing liquids due to treatment.","robots":{"index":"index","follow":"follow","max-snippet":"max-snippet:-1","max-image-preview":"max-image-preview:large","max-video-preview":"max-video-preview:-1"},"canonical":"https:\/\/oncoalicia.com\/en\/types-of-cancer\/lung\/difficulty-swallowing\/to-liquids\/","og_locale":"en_US","og_type":"article","og_title":"Nutrition for lung cancer patients experiencing difficulty swallowing liquids - Oncoalicia","og_description":"Find dietary recommendations for people with lung cancer who are experiencing difficulty swallowing liquids due to treatment.","og_url":"https:\/\/oncoalicia.com\/en\/types-of-cancer\/lung\/difficulty-swallowing\/to-liquids\/","og_site_name":"Oncoalicia","article_modified_time":"2025-07-04T08:52:57+00:00","og_image":[{"url":"https:\/\/oncoalicia.com\/wp-content\/uploads\/2023\/01\/ilustra-liqui.jpg","type":"","width":"","height":""}],"twitter_card":"summary_large_image","twitter_misc":{"Est. reading time":"5 minutes"},"schema":{"@context":"https:\/\/schema.org","@graph":[{"@type":"WebPage","@id":"https:\/\/oncoalicia.com\/en\/types-of-cancer\/lung\/difficulty-swallowing\/to-liquids\/","url":"https:\/\/oncoalicia.com\/en\/types-of-cancer\/lung\/difficulty-swallowing\/to-liquids\/","name":"Nutrition for lung cancer patients experiencing difficulty swallowing liquids - Oncoalicia","isPartOf":{"@id":"https:\/\/oncoalicia.com\/en\/#website"},"primaryImageOfPage":{"@id":"https:\/\/oncoalicia.com\/en\/types-of-cancer\/lung\/difficulty-swallowing\/to-liquids\/#primaryimage"},"image":{"@id":"https:\/\/oncoalicia.com\/en\/types-of-cancer\/lung\/difficulty-swallowing\/to-liquids\/#primaryimage"},"thumbnailUrl":"https:\/\/oncoalicia.com\/wp-content\/uploads\/2023\/01\/ilustra-liqui.jpg","datePublished":"2022-05-14T08:45:57+00:00","dateModified":"2025-07-04T08:52:57+00:00","description":"Find dietary recommendations for people with lung cancer who are experiencing difficulty swallowing liquids due to treatment.","breadcrumb":{"@id":"https:\/\/oncoalicia.com\/en\/types-of-cancer\/lung\/difficulty-swallowing\/to-liquids\/#breadcrumb"},"inLanguage":"en-US","potentialAction":[{"@type":"ReadAction","target":["https:\/\/oncoalicia.com\/en\/types-of-cancer\/lung\/difficulty-swallowing\/to-liquids\/"]}]},{"@type":"ImageObject","inLanguage":"en-US","@id":"https:\/\/oncoalicia.com\/en\/types-of-cancer\/lung\/difficulty-swallowing\/to-liquids\/#primaryimage","url":"https:\/\/oncoalicia.com\/wp-content\/uploads\/2023\/01\/ilustra-liqui.jpg","contentUrl":"https:\/\/oncoalicia.com\/wp-content\/uploads\/2023\/01\/ilustra-liqui.jpg"},{"@type":"BreadcrumbList","@id":"https:\/\/oncoalicia.com\/en\/types-of-cancer\/lung\/difficulty-swallowing\/to-liquids\/#breadcrumb","itemListElement":[{"@type":"ListItem","position":1,"name":"Portada","item":"https:\/\/oncoalicia.com\/en\/"},{"@type":"ListItem","position":2,"name":"Types of Cancer","item":"https:\/\/oncoalicia.com\/en\/types-of-cancer\/"},{"@type":"ListItem","position":3,"name":"Food and Nutrition During Lung Cancer Treatment","item":"https:\/\/oncoalicia.com\/en\/types-of-cancer\/lung\/"},{"@type":"ListItem","position":4,"name":"Dietary Recommendations for Dysphagia in Lung Cancer","item":"https:\/\/oncoalicia.com\/en\/types-of-cancer\/lung\/difficulty-swallowing\/"},{"@type":"ListItem","position":5,"name":"Dietary Recommendations for Difficultry Swallowing Liquids in Lung Cancer"}]},{"@type":"WebSite","@id":"https:\/\/oncoalicia.com\/en\/#website","url":"https:\/\/oncoalicia.com\/en\/","name":"Oncoal\u00edcia","description":"Comer durante el Tratamiento del C\u00e1ncer","publisher":{"@id":"https:\/\/oncoalicia.com\/en\/#organization"},"alternateName":"Oncoal\u00edcia | Comer durante el Tratamiento del C\u00e1ncer","potentialAction":[{"@type":"SearchAction","target":{"@type":"EntryPoint","urlTemplate":"https:\/\/oncoalicia.com\/en\/?s={search_term_string}"},"query-input":{"@type":"PropertyValueSpecification","valueRequired":true,"valueName":"search_term_string"}}],"inLanguage":"en-US"},{"@type":"Organization","@id":"https:\/\/oncoalicia.com\/en\/#organization","name":"Oncoal\u00edcia","alternateName":"Oncoal\u00edcia | Comer durante el Tratamiento del C\u00e1ncer","url":"https:\/\/oncoalicia.com\/en\/","logo":{"@type":"ImageObject","inLanguage":"en-US","@id":"https:\/\/oncoalicia.com\/en\/#\/schema\/logo\/image\/","url":"https:\/\/oncoalicia.com\/wp-content\/uploads\/2022\/11\/logo_rrss.png","contentUrl":"https:\/\/oncoalicia.com\/wp-content\/uploads\/2022\/11\/logo_rrss.png","width":300,"height":300,"caption":"Oncoal\u00edcia"},"image":{"@id":"https:\/\/oncoalicia.com\/en\/#\/schema\/logo\/image\/"}}]}},"_links":{"self":[{"href":"https:\/\/oncoalicia.com\/en\/wp-json\/wp\/v2\/pages\/4033","targetHints":{"allow":["GET"]}}],"collection":[{"href":"https:\/\/oncoalicia.com\/en\/wp-json\/wp\/v2\/pages"}],"about":[{"href":"https:\/\/oncoalicia.com\/en\/wp-json\/wp\/v2\/types\/page"}],"author":[{"embeddable":true,"href":"https:\/\/oncoalicia.com\/en\/wp-json\/wp\/v2\/users\/2"}],"replies":[{"embeddable":true,"href":"https:\/\/oncoalicia.com\/en\/wp-json\/wp\/v2\/comments?post=4033"}],"version-history":[{"count":0,"href":"https:\/\/oncoalicia.com\/en\/wp-json\/wp\/v2\/pages\/4033\/revisions"}],"up":[{"embeddable":true,"href":"https:\/\/oncoalicia.com\/en\/wp-json\/wp\/v2\/pages\/4031"}],"wp:attachment":[{"href":"https:\/\/oncoalicia.com\/en\/wp-json\/wp\/v2\/media?parent=4033"}],"curies":[{"name":"wp","href":"https:\/\/api.w.org\/{rel}","templated":true}]}}