{"id":4045,"date":"2021-09-22T19:43:08","date_gmt":"2021-09-22T19:43:08","guid":{"rendered":"https:\/\/www.oncoalicia.com\/recipes\/"},"modified":"2023-02-22T02:08:13","modified_gmt":"2023-02-22T02:08:13","slug":"recipes","status":"publish","type":"page","link":"https:\/\/oncoalicia.com\/en\/recipes\/","title":{"rendered":"Recipes"},"content":{"rendered":"<p style=\"text-align: left;\">The recipes have been specially designed to help eat in the most nutritious way possible when different side effects of the treatment appear or different symptoms or situations occur.<\/p>\n<p><a role=\"button\" href=\"#collapseExample\" data-toggle=\"collapse\" aria-expanded=\"false\" aria-controls=\"collapseExample-9\">More information <i class=\"fa fa-arrow-down\" aria-hidden=\"true\"><\/i><\/a><\/p>\n<div id=\"collapseExample\" class=\"collapse\">\n<p style=\"text-align: left;\">They are not closed recipes, but their aim is to give ideas for each person to prepare personalized versions adapted to their preferences, seasonal products, availability of food for each, symptoms that have appeared, etc.<\/p>\n<p style=\"text-align: left;\">Most are described for one serving; so, if you want to cook just for yourself, the ingredients and preparation will follow as indicated. If you want to make more portions or prepare more quantity to freeze or preserve for the following days, you only need to multiply the ingredients by the number of portions you want to prepare.<\/p>\n<p style=\"text-align: left;\">To take into account when reading the recipes:<\/p>\n<p style=\"text-align: left;\">c\/c teaspoon of coffee<\/p>\n<p style=\"text-align: left;\">c\/p dessert spoon<\/p>\n<p style=\"text-align: left;\">c\/s tablespoon<\/p>\n<\/div>\n","protected":false},"excerpt":{"rendered":"<p>The recipes have been specially designed to help eat in the most nutritious way possible when different side effects of the treatment appear or different symptoms or situations occur. More information They are not closed recipes, but their aim is to give ideas for each person to prepare personalized versions adapted to their preferences, seasonal&hellip; <a class=\"more-link\" href=\"https:\/\/oncoalicia.com\/en\/recipes\/\">Continue reading <span class=\"screen-reader-text\">Recipes<\/span><\/a><\/p>\n","protected":false},"author":2,"featured_media":0,"parent":0,"menu_order":0,"comment_status":"closed","ping_status":"closed","template":"","meta":{"footnotes":""},"class_list":["post-4045","page","type-page","status-publish","hentry","entry"],"yoast_head":"<!-- This site is optimized with the Yoast SEO plugin v26.9 - https:\/\/yoast.com\/product\/yoast-seo-wordpress\/ -->\n<title>Recipes for eating during cancer treatment<\/title>\n<meta name=\"description\" content=\"The recipes have been designed to help people undergoing cancer treatment to eat in a nutritious, safe and enjoyable way.\" \/>\n<meta name=\"robots\" content=\"index, follow, max-snippet:-1, max-image-preview:large, max-video-preview:-1\" \/>\n<link rel=\"canonical\" href=\"https:\/\/oncoalicia.com\/en\/recipes\/\" \/>\n<meta property=\"og:locale\" content=\"en_US\" \/>\n<meta property=\"og:type\" content=\"article\" \/>\n<meta property=\"og:title\" content=\"Recipes for eating during cancer treatment\" \/>\n<meta property=\"og:description\" content=\"The recipes have been designed to help people undergoing cancer treatment to eat in a nutritious, safe and enjoyable way.\" \/>\n<meta property=\"og:url\" content=\"https:\/\/oncoalicia.com\/en\/recipes\/\" \/>\n<meta property=\"og:site_name\" content=\"Oncoalicia\" \/>\n<meta property=\"article:modified_time\" content=\"2023-02-22T02:08:13+00:00\" \/>\n<meta property=\"og:image\" content=\"https:\/\/oncoalicia.com\/wp-content\/uploads\/2021\/12\/Asset-3.png\" \/>\n\t<meta property=\"og:image:width\" content=\"300\" \/>\n\t<meta property=\"og:image:height\" content=\"300\" \/>\n\t<meta property=\"og:image:type\" content=\"image\/png\" \/>\n<meta name=\"twitter:card\" content=\"summary_large_image\" \/>\n<meta name=\"twitter:label1\" content=\"Est. reading time\" \/>\n\t<meta name=\"twitter:data1\" content=\"1 minute\" \/>\n<script type=\"application\/ld+json\" class=\"yoast-schema-graph\">{\"@context\":\"https:\/\/schema.org\",\"@graph\":[{\"@type\":\"WebPage\",\"@id\":\"https:\/\/oncoalicia.com\/en\/recipes\/\",\"url\":\"https:\/\/oncoalicia.com\/en\/recipes\/\",\"name\":\"Recipes for eating during cancer treatment\",\"isPartOf\":{\"@id\":\"https:\/\/oncoalicia.com\/en\/#website\"},\"datePublished\":\"2021-09-22T19:43:08+00:00\",\"dateModified\":\"2023-02-22T02:08:13+00:00\",\"description\":\"The recipes have been designed to help people undergoing cancer treatment to eat in a nutritious, safe and enjoyable way.\",\"breadcrumb\":{\"@id\":\"https:\/\/oncoalicia.com\/en\/recipes\/#breadcrumb\"},\"inLanguage\":\"en-US\",\"potentialAction\":[{\"@type\":\"ReadAction\",\"target\":[\"https:\/\/oncoalicia.com\/en\/recipes\/\"]}]},{\"@type\":\"BreadcrumbList\",\"@id\":\"https:\/\/oncoalicia.com\/en\/recipes\/#breadcrumb\",\"itemListElement\":[{\"@type\":\"ListItem\",\"position\":1,\"name\":\"Portada\",\"item\":\"https:\/\/oncoalicia.com\/en\/\"},{\"@type\":\"ListItem\",\"position\":2,\"name\":\"Recipes\"}]},{\"@type\":\"WebSite\",\"@id\":\"https:\/\/oncoalicia.com\/en\/#website\",\"url\":\"https:\/\/oncoalicia.com\/en\/\",\"name\":\"Oncoal\u00edcia\",\"description\":\"Comer durante el Tratamiento del C\u00e1ncer\",\"publisher\":{\"@id\":\"https:\/\/oncoalicia.com\/en\/#organization\"},\"alternateName\":\"Oncoal\u00edcia | Comer durante el Tratamiento del C\u00e1ncer\",\"potentialAction\":[{\"@type\":\"SearchAction\",\"target\":{\"@type\":\"EntryPoint\",\"urlTemplate\":\"https:\/\/oncoalicia.com\/en\/?s={search_term_string}\"},\"query-input\":{\"@type\":\"PropertyValueSpecification\",\"valueRequired\":true,\"valueName\":\"search_term_string\"}}],\"inLanguage\":\"en-US\"},{\"@type\":\"Organization\",\"@id\":\"https:\/\/oncoalicia.com\/en\/#organization\",\"name\":\"Oncoal\u00edcia\",\"alternateName\":\"Oncoal\u00edcia | Comer durante el Tratamiento del C\u00e1ncer\",\"url\":\"https:\/\/oncoalicia.com\/en\/\",\"logo\":{\"@type\":\"ImageObject\",\"inLanguage\":\"en-US\",\"@id\":\"https:\/\/oncoalicia.com\/en\/#\/schema\/logo\/image\/\",\"url\":\"https:\/\/oncoalicia.com\/wp-content\/uploads\/2022\/11\/logo_rrss.png\",\"contentUrl\":\"https:\/\/oncoalicia.com\/wp-content\/uploads\/2022\/11\/logo_rrss.png\",\"width\":300,\"height\":300,\"caption\":\"Oncoal\u00edcia\"},\"image\":{\"@id\":\"https:\/\/oncoalicia.com\/en\/#\/schema\/logo\/image\/\"}}]}<\/script>\n<!-- \/ Yoast SEO plugin. -->","yoast_head_json":{"title":"Recipes for eating during cancer treatment","description":"The recipes have been designed to help people undergoing cancer treatment to eat in a nutritious, safe and enjoyable way.","robots":{"index":"index","follow":"follow","max-snippet":"max-snippet:-1","max-image-preview":"max-image-preview:large","max-video-preview":"max-video-preview:-1"},"canonical":"https:\/\/oncoalicia.com\/en\/recipes\/","og_locale":"en_US","og_type":"article","og_title":"Recipes for eating during cancer treatment","og_description":"The recipes have been designed to help people undergoing cancer treatment to eat in a nutritious, safe and enjoyable way.","og_url":"https:\/\/oncoalicia.com\/en\/recipes\/","og_site_name":"Oncoalicia","article_modified_time":"2023-02-22T02:08:13+00:00","og_image":[{"width":300,"height":300,"url":"https:\/\/oncoalicia.com\/wp-content\/uploads\/2021\/12\/Asset-3.png","type":"image\/png"}],"twitter_card":"summary_large_image","twitter_misc":{"Est. reading time":"1 minute"},"schema":{"@context":"https:\/\/schema.org","@graph":[{"@type":"WebPage","@id":"https:\/\/oncoalicia.com\/en\/recipes\/","url":"https:\/\/oncoalicia.com\/en\/recipes\/","name":"Recipes for eating during cancer treatment","isPartOf":{"@id":"https:\/\/oncoalicia.com\/en\/#website"},"datePublished":"2021-09-22T19:43:08+00:00","dateModified":"2023-02-22T02:08:13+00:00","description":"The recipes have been designed to help people undergoing cancer treatment to eat in a nutritious, safe and enjoyable way.","breadcrumb":{"@id":"https:\/\/oncoalicia.com\/en\/recipes\/#breadcrumb"},"inLanguage":"en-US","potentialAction":[{"@type":"ReadAction","target":["https:\/\/oncoalicia.com\/en\/recipes\/"]}]},{"@type":"BreadcrumbList","@id":"https:\/\/oncoalicia.com\/en\/recipes\/#breadcrumb","itemListElement":[{"@type":"ListItem","position":1,"name":"Portada","item":"https:\/\/oncoalicia.com\/en\/"},{"@type":"ListItem","position":2,"name":"Recipes"}]},{"@type":"WebSite","@id":"https:\/\/oncoalicia.com\/en\/#website","url":"https:\/\/oncoalicia.com\/en\/","name":"Oncoal\u00edcia","description":"Comer durante el Tratamiento del C\u00e1ncer","publisher":{"@id":"https:\/\/oncoalicia.com\/en\/#organization"},"alternateName":"Oncoal\u00edcia | Comer durante el Tratamiento del C\u00e1ncer","potentialAction":[{"@type":"SearchAction","target":{"@type":"EntryPoint","urlTemplate":"https:\/\/oncoalicia.com\/en\/?s={search_term_string}"},"query-input":{"@type":"PropertyValueSpecification","valueRequired":true,"valueName":"search_term_string"}}],"inLanguage":"en-US"},{"@type":"Organization","@id":"https:\/\/oncoalicia.com\/en\/#organization","name":"Oncoal\u00edcia","alternateName":"Oncoal\u00edcia | Comer durante el Tratamiento del C\u00e1ncer","url":"https:\/\/oncoalicia.com\/en\/","logo":{"@type":"ImageObject","inLanguage":"en-US","@id":"https:\/\/oncoalicia.com\/en\/#\/schema\/logo\/image\/","url":"https:\/\/oncoalicia.com\/wp-content\/uploads\/2022\/11\/logo_rrss.png","contentUrl":"https:\/\/oncoalicia.com\/wp-content\/uploads\/2022\/11\/logo_rrss.png","width":300,"height":300,"caption":"Oncoal\u00edcia"},"image":{"@id":"https:\/\/oncoalicia.com\/en\/#\/schema\/logo\/image\/"}}]}},"_links":{"self":[{"href":"https:\/\/oncoalicia.com\/en\/wp-json\/wp\/v2\/pages\/4045","targetHints":{"allow":["GET"]}}],"collection":[{"href":"https:\/\/oncoalicia.com\/en\/wp-json\/wp\/v2\/pages"}],"about":[{"href":"https:\/\/oncoalicia.com\/en\/wp-json\/wp\/v2\/types\/page"}],"author":[{"embeddable":true,"href":"https:\/\/oncoalicia.com\/en\/wp-json\/wp\/v2\/users\/2"}],"replies":[{"embeddable":true,"href":"https:\/\/oncoalicia.com\/en\/wp-json\/wp\/v2\/comments?post=4045"}],"version-history":[{"count":0,"href":"https:\/\/oncoalicia.com\/en\/wp-json\/wp\/v2\/pages\/4045\/revisions"}],"wp:attachment":[{"href":"https:\/\/oncoalicia.com\/en\/wp-json\/wp\/v2\/media?parent=4045"}],"curies":[{"name":"wp","href":"https:\/\/api.w.org\/{rel}","templated":true}]}}