{"id":4050,"date":"2021-09-13T16:29:04","date_gmt":"2021-09-13T16:29:04","guid":{"rendered":"https:\/\/www.oncoalicia.com\/food-myths-and-beliefs-during-cancer\/"},"modified":"2025-07-04T08:02:41","modified_gmt":"2025-07-04T08:02:41","slug":"myths-and-beliefs","status":"publish","type":"page","link":"https:\/\/oncoalicia.com\/en\/myths-and-beliefs\/","title":{"rendered":"Myths and scientific evidence about food and nutrition during cancer treatment"},"content":{"rendered":"<p class=\"p1\" style=\"text-align: left;\">After a cancer diagnosis, it is common to search for information on what foods can help fight the disease. Products, cooking methods, utensils, diets\u2026 that could be harmful or that could have a miraculous effect on the body. All this information from websites, books, magazines and even advice from friends or relatives who have heard or read about the subject, can generate a feeling of information overload and with it a feeling of anxiety, not knowing what is true and what is not. In some cases, people end up eliminating from their diet foods that are essential for dealing with the disease or, on the contrary, adding foods, herbs or supplements that may be harmful or that simply increase the cost of the diet without any real evidence of their effectiveness.<\/p>\n<p><a role=\"button\" href=\"#collapseExample\" data-toggle=\"collapse\" aria-expanded=\"false\" aria-controls=\"collapseExample-9\">More information <i class=\"fa fa-arrow-down\" aria-hidden=\"true\"><\/i><\/a><\/p>\n<div id=\"collapseExample\" class=\"collapse\">\n<p class=\"p1\" style=\"text-align: left;\">This section collects and analyses some of the most common myths and legends related to food and cancer treatment, explaining whether they are well-founded or have no firm scientific basis to support them. For the elaboration of this section a bibliographic review of scientific studies published in recent years, the declarations of existing official food safety bodies, both national and international, such as the ACSA (Catalan Food Safety Agency), the AECOSAN (Spanish Agency for Consumer Affairs, Food Safety and Nutrition of the Spanish Ministry of Health); the EFSA (European Food Safety Agency); the FDA (United States Food and Drug Administration), and the WHO (World Health Organisation) have been taken into account. The recommendations of different institutes, societies and associations specialised in research and dissemination of information on cancer prevention and treatment have also been considered for this section.<br \/>\n<span class=\"Apple-converted-space\"> <\/span><\/p>\n<\/div>\n","protected":false},"excerpt":{"rendered":"<p>After a cancer diagnosis, it is common to search for information on what foods can help fight the disease. Products, cooking methods, utensils, diets\u2026 that could be harmful or that could have a miraculous effect on the body. All this information from websites, books, magazines and even advice from friends or relatives who have heard&hellip; <a class=\"more-link\" href=\"https:\/\/oncoalicia.com\/en\/myths-and-beliefs\/\">Continue reading <span class=\"screen-reader-text\">Myths and scientific evidence about food and nutrition during cancer treatment<\/span><\/a><\/p>\n","protected":false},"author":2,"featured_media":0,"parent":0,"menu_order":0,"comment_status":"closed","ping_status":"closed","template":"","meta":{"footnotes":""},"class_list":["post-4050","page","type-page","status-publish","hentry","entry"],"yoast_head":"<!-- This site is optimized with the Yoast SEO plugin v26.9 - https:\/\/yoast.com\/product\/yoast-seo-wordpress\/ -->\n<title>Cancer and Nutrition Myths - Oncoalicia<\/title>\n<meta name=\"description\" content=\"The new project analyzes with scientific rigour the myths and eating beliefs related to cancer treatment.\" \/>\n<meta name=\"robots\" content=\"index, follow, max-snippet:-1, max-image-preview:large, max-video-preview:-1\" \/>\n<link rel=\"canonical\" href=\"https:\/\/oncoalicia.com\/en\/myths-and-beliefs\/\" \/>\n<meta property=\"og:locale\" content=\"en_US\" \/>\n<meta property=\"og:type\" content=\"article\" \/>\n<meta property=\"og:title\" content=\"Cancer and Nutrition Myths - Oncoalicia\" \/>\n<meta property=\"og:description\" content=\"The new project analyzes with scientific rigour the myths and eating beliefs related to cancer treatment.\" \/>\n<meta property=\"og:url\" content=\"https:\/\/oncoalicia.com\/en\/myths-and-beliefs\/\" \/>\n<meta property=\"og:site_name\" content=\"Oncoalicia\" \/>\n<meta property=\"article:modified_time\" content=\"2025-07-04T08:02:41+00:00\" \/>\n<meta property=\"og:image\" content=\"https:\/\/oncoalicia.com\/wp-content\/uploads\/2021\/12\/Asset-3.png\" \/>\n\t<meta property=\"og:image:width\" content=\"300\" \/>\n\t<meta property=\"og:image:height\" content=\"300\" \/>\n\t<meta property=\"og:image:type\" content=\"image\/png\" \/>\n<meta name=\"twitter:card\" content=\"summary_large_image\" \/>\n<meta name=\"twitter:label1\" content=\"Est. reading time\" \/>\n\t<meta name=\"twitter:data1\" content=\"2 minutes\" \/>\n<script type=\"application\/ld+json\" class=\"yoast-schema-graph\">{\"@context\":\"https:\/\/schema.org\",\"@graph\":[{\"@type\":\"WebPage\",\"@id\":\"https:\/\/oncoalicia.com\/en\/myths-and-beliefs\/\",\"url\":\"https:\/\/oncoalicia.com\/en\/myths-and-beliefs\/\",\"name\":\"Cancer and Nutrition Myths - Oncoalicia\",\"isPartOf\":{\"@id\":\"https:\/\/oncoalicia.com\/en\/#website\"},\"datePublished\":\"2021-09-13T16:29:04+00:00\",\"dateModified\":\"2025-07-04T08:02:41+00:00\",\"description\":\"The new project analyzes with scientific rigour the myths and eating beliefs related to cancer treatment.\",\"breadcrumb\":{\"@id\":\"https:\/\/oncoalicia.com\/en\/myths-and-beliefs\/#breadcrumb\"},\"inLanguage\":\"en-US\",\"potentialAction\":[{\"@type\":\"ReadAction\",\"target\":[\"https:\/\/oncoalicia.com\/en\/myths-and-beliefs\/\"]}]},{\"@type\":\"BreadcrumbList\",\"@id\":\"https:\/\/oncoalicia.com\/en\/myths-and-beliefs\/#breadcrumb\",\"itemListElement\":[{\"@type\":\"ListItem\",\"position\":1,\"name\":\"Portada\",\"item\":\"https:\/\/oncoalicia.com\/en\/\"},{\"@type\":\"ListItem\",\"position\":2,\"name\":\"Myths and scientific evidence about food and nutrition during cancer treatment\"}]},{\"@type\":\"WebSite\",\"@id\":\"https:\/\/oncoalicia.com\/en\/#website\",\"url\":\"https:\/\/oncoalicia.com\/en\/\",\"name\":\"Oncoal\u00edcia\",\"description\":\"Comer durante el Tratamiento del C\u00e1ncer\",\"publisher\":{\"@id\":\"https:\/\/oncoalicia.com\/en\/#organization\"},\"alternateName\":\"Oncoal\u00edcia | Comer durante el Tratamiento del C\u00e1ncer\",\"potentialAction\":[{\"@type\":\"SearchAction\",\"target\":{\"@type\":\"EntryPoint\",\"urlTemplate\":\"https:\/\/oncoalicia.com\/en\/?s={search_term_string}\"},\"query-input\":{\"@type\":\"PropertyValueSpecification\",\"valueRequired\":true,\"valueName\":\"search_term_string\"}}],\"inLanguage\":\"en-US\"},{\"@type\":\"Organization\",\"@id\":\"https:\/\/oncoalicia.com\/en\/#organization\",\"name\":\"Oncoal\u00edcia\",\"alternateName\":\"Oncoal\u00edcia | Comer durante el Tratamiento del C\u00e1ncer\",\"url\":\"https:\/\/oncoalicia.com\/en\/\",\"logo\":{\"@type\":\"ImageObject\",\"inLanguage\":\"en-US\",\"@id\":\"https:\/\/oncoalicia.com\/en\/#\/schema\/logo\/image\/\",\"url\":\"https:\/\/oncoalicia.com\/wp-content\/uploads\/2022\/11\/logo_rrss.png\",\"contentUrl\":\"https:\/\/oncoalicia.com\/wp-content\/uploads\/2022\/11\/logo_rrss.png\",\"width\":300,\"height\":300,\"caption\":\"Oncoal\u00edcia\"},\"image\":{\"@id\":\"https:\/\/oncoalicia.com\/en\/#\/schema\/logo\/image\/\"}}]}<\/script>\n<!-- \/ Yoast SEO plugin. -->","yoast_head_json":{"title":"Cancer and Nutrition Myths - Oncoalicia","description":"The new project analyzes with scientific rigour the myths and eating beliefs related to cancer treatment.","robots":{"index":"index","follow":"follow","max-snippet":"max-snippet:-1","max-image-preview":"max-image-preview:large","max-video-preview":"max-video-preview:-1"},"canonical":"https:\/\/oncoalicia.com\/en\/myths-and-beliefs\/","og_locale":"en_US","og_type":"article","og_title":"Cancer and Nutrition Myths - Oncoalicia","og_description":"The new project analyzes with scientific rigour the myths and eating beliefs related to cancer treatment.","og_url":"https:\/\/oncoalicia.com\/en\/myths-and-beliefs\/","og_site_name":"Oncoalicia","article_modified_time":"2025-07-04T08:02:41+00:00","og_image":[{"width":300,"height":300,"url":"https:\/\/oncoalicia.com\/wp-content\/uploads\/2021\/12\/Asset-3.png","type":"image\/png"}],"twitter_card":"summary_large_image","twitter_misc":{"Est. reading time":"2 minutes"},"schema":{"@context":"https:\/\/schema.org","@graph":[{"@type":"WebPage","@id":"https:\/\/oncoalicia.com\/en\/myths-and-beliefs\/","url":"https:\/\/oncoalicia.com\/en\/myths-and-beliefs\/","name":"Cancer and Nutrition Myths - Oncoalicia","isPartOf":{"@id":"https:\/\/oncoalicia.com\/en\/#website"},"datePublished":"2021-09-13T16:29:04+00:00","dateModified":"2025-07-04T08:02:41+00:00","description":"The new project analyzes with scientific rigour the myths and eating beliefs related to cancer treatment.","breadcrumb":{"@id":"https:\/\/oncoalicia.com\/en\/myths-and-beliefs\/#breadcrumb"},"inLanguage":"en-US","potentialAction":[{"@type":"ReadAction","target":["https:\/\/oncoalicia.com\/en\/myths-and-beliefs\/"]}]},{"@type":"BreadcrumbList","@id":"https:\/\/oncoalicia.com\/en\/myths-and-beliefs\/#breadcrumb","itemListElement":[{"@type":"ListItem","position":1,"name":"Portada","item":"https:\/\/oncoalicia.com\/en\/"},{"@type":"ListItem","position":2,"name":"Myths and scientific evidence about food and nutrition during cancer treatment"}]},{"@type":"WebSite","@id":"https:\/\/oncoalicia.com\/en\/#website","url":"https:\/\/oncoalicia.com\/en\/","name":"Oncoal\u00edcia","description":"Comer durante el Tratamiento del C\u00e1ncer","publisher":{"@id":"https:\/\/oncoalicia.com\/en\/#organization"},"alternateName":"Oncoal\u00edcia | Comer durante el Tratamiento del C\u00e1ncer","potentialAction":[{"@type":"SearchAction","target":{"@type":"EntryPoint","urlTemplate":"https:\/\/oncoalicia.com\/en\/?s={search_term_string}"},"query-input":{"@type":"PropertyValueSpecification","valueRequired":true,"valueName":"search_term_string"}}],"inLanguage":"en-US"},{"@type":"Organization","@id":"https:\/\/oncoalicia.com\/en\/#organization","name":"Oncoal\u00edcia","alternateName":"Oncoal\u00edcia | Comer durante el Tratamiento del C\u00e1ncer","url":"https:\/\/oncoalicia.com\/en\/","logo":{"@type":"ImageObject","inLanguage":"en-US","@id":"https:\/\/oncoalicia.com\/en\/#\/schema\/logo\/image\/","url":"https:\/\/oncoalicia.com\/wp-content\/uploads\/2022\/11\/logo_rrss.png","contentUrl":"https:\/\/oncoalicia.com\/wp-content\/uploads\/2022\/11\/logo_rrss.png","width":300,"height":300,"caption":"Oncoal\u00edcia"},"image":{"@id":"https:\/\/oncoalicia.com\/en\/#\/schema\/logo\/image\/"}}]}},"_links":{"self":[{"href":"https:\/\/oncoalicia.com\/en\/wp-json\/wp\/v2\/pages\/4050","targetHints":{"allow":["GET"]}}],"collection":[{"href":"https:\/\/oncoalicia.com\/en\/wp-json\/wp\/v2\/pages"}],"about":[{"href":"https:\/\/oncoalicia.com\/en\/wp-json\/wp\/v2\/types\/page"}],"author":[{"embeddable":true,"href":"https:\/\/oncoalicia.com\/en\/wp-json\/wp\/v2\/users\/2"}],"replies":[{"embeddable":true,"href":"https:\/\/oncoalicia.com\/en\/wp-json\/wp\/v2\/comments?post=4050"}],"version-history":[{"count":0,"href":"https:\/\/oncoalicia.com\/en\/wp-json\/wp\/v2\/pages\/4050\/revisions"}],"wp:attachment":[{"href":"https:\/\/oncoalicia.com\/en\/wp-json\/wp\/v2\/media?parent=4050"}],"curies":[{"name":"wp","href":"https:\/\/api.w.org\/{rel}","templated":true}]}}