{"id":4088,"date":"2021-11-29T02:15:35","date_gmt":"2021-11-29T02:15:35","guid":{"rendered":"https:\/\/www.oncoalicia.com\/man\/"},"modified":"2025-07-04T07:48:44","modified_gmt":"2025-07-04T07:48:44","slug":"man","status":"publish","type":"page","link":"https:\/\/oncoalicia.com\/en\/","title":{"rendered":"man"},"content":{"rendered":"<section>\n<div class=\"container\">\n<div class=\"row box-home-1\">\n<div class=\"col-md-6 text-left\">\n<h2>What should I eat during cancer treatment?<\/h2>\n<p>            <span>Search for recipes adapted to many situations.<\/span><br \/>\n            <a href=\"\/en\/recipes\/\">See recipes <i class=\"fa fa-arrow-right\" aria-hidden=\"true\"><\/i><\/a>\n          <\/div>\n<div class=\"col-md-6 text-center\">\n            <img decoding=\"async\" src=\"https:\/\/oncoalicia.com\/wp-content\/uploads\/2025\/06\/imghome-1.jpg\" width=\"100%\" class=\"img-fluid\">\n          <\/div>\n<\/p><\/div>\n<div class=\"row box-home-2\">\n<div class=\"col-md-4 desktop text-center\">\n            <img decoding=\"async\" src=\"https:\/\/oncoalicia.com\/wp-content\/uploads\/2025\/06\/imghome-2.jpg\" width=\"100%\" class=\"img-fluid\">\n          <\/div>\n<div class=\"col-md-8 text-left\" style=\"padding-top: 50px; padding-left: 0px;\">\n<h1>OncoAl\u00edcia: Food and Eating During Cancer Treatment<\/h1>\n<p>            <span>A Fundaci\u00f3 Catalunya La Pedrera project, developed by the Al\u00edcia together with other leading organisations.<\/span><br \/>\n            <a href=\"\/en\/project\/\">About the project <i class=\"fa fa-arrow-right\" aria-hidden=\"true\"><\/i><\/a>\n          <\/div>\n<div class=\"col-md-4 mobile text-center\">\n            <img decoding=\"async\" src=\"https:\/\/oncoalicia.com\/wp-content\/uploads\/2025\/06\/imghome-2.jpg\" width=\"100%\" class=\"img-fluid\">\n          <\/div>\n<div class=\"row box-home-3\">\n<div style=\"margin-top: 80px;\" class=\"col-md-8 text-left\">\n<h2>Webinar &#8220;Eating during gastric cancer treatment&#8221;<\/h2>\n<p>            <span>Consult the session for health professionals in the following<\/span><br \/>\n            <a href=\"https:\/\/youtu.be\/mFSKYCilSpA\" target=\"_blank\" rel=\"noopener\">link <i class=\"fa fa-arrow-right\" aria-hidden=\"true\"><\/i><\/a>\n          <\/div>\n<div class=\"col-md-4 text-center\">\n            <img decoding=\"async\" src=\"https:\/\/oncoalicia.com\/wp-content\/uploads\/2025\/06\/Calabaza-matoI_-y-pesto2.jpg\" width=\"100%\" class=\"img-fluid\">\n          <\/div>\n<\/p><\/div>\n<\/p><\/div>\n<\/p><\/div>\n<div class=\"container\">\n<div class=\"row\">\n<div class=\"col-md-3 col-sm-6\">\n            <a href=\"http:\/\/oncoalicia.com\/en\/general-recommendations\/\"><\/p>\n<div class=\"acceso\">\n                <img decoding=\"async\" class=\"icono\" src=\"http:\/\/oncoalicia.com\/wp-content\/uploads\/2023\/01\/01.png\" width=\"100\"><br \/>\n<span>General Recommendations<\/span><br \/>\n<img decoding=\"async\" src=\"http:\/\/oncoalicia.com\/wp-content\/uploads\/2023\/01\/arrow.png\" width=\"10\">\n              <\/div>\n<p>            <\/a>\n          <\/div>\n<div class=\"col-md-3 col-sm-6\">\n            <a href=\"http:\/\/oncoalicia.com\/en\/myths-and-beliefs\/\"><\/p>\n<div class=\"acceso\">\n                <img decoding=\"async\" class=\"icono\" src=\"http:\/\/oncoalicia.com\/wp-content\/uploads\/2023\/01\/02.png\" width=\"100\"><br \/>\n<span>Myths and beliefs<\/span><br \/>\n<img decoding=\"async\" src=\"http:\/\/oncoalicia.com\/wp-content\/uploads\/2023\/01\/arrow.png\" width=\"10\">\n              <\/div>\n<p>            <\/a>\n          <\/div>\n<div class=\"col-md-3 col-sm-6\">\n            <a href=\"http:\/\/oncoalicia.com\/en\/types-of-cancer\/\"><\/p>\n<div class=\"acceso\">\n                <img decoding=\"async\" class=\"icono\" src=\"http:\/\/oncoalicia.com\/wp-content\/uploads\/2023\/01\/03.png\" width=\"100\"><br \/>\n<span>Types of cancer<\/span><br \/>\n<img decoding=\"async\" src=\"http:\/\/oncoalicia.com\/wp-content\/uploads\/2023\/01\/arrow.png\" width=\"10\">\n              <\/div>\n<p>            <\/a>\n          <\/div>\n<div class=\"col-md-3 col-sm-6\">\n            <a href=\"http:\/\/oncoalicia.com\/en\/side-effects-of-treatment\/\"><\/p>\n<div class=\"acceso\">\n                <img decoding=\"async\" class=\"icono\" src=\"http:\/\/oncoalicia.com\/wp-content\/uploads\/2023\/01\/04.png\" width=\"100\"><br \/>\n<span>Secondary effects<\/span><br \/>\n<img decoding=\"async\" src=\"http:\/\/oncoalicia.com\/wp-content\/uploads\/2023\/01\/arrow.png\" width=\"10\">\n              <\/div>\n<p>            <\/a>\n          <\/div>\n<\/p><\/div>\n<\/p><\/div>\n<div class=\"container\">\n<div class=\"row\">\n<div class=\"col-12 text-center\" style=\"margin:40px 0px 0px;\">\n<h3 style=\"font-size: 20px; color: #FF6600; font-weight:bold;\">Learn how the website works\u2193<\/h3>\n<\/p><\/div>\n<div class=\"col-12\" style=\"margin:40px 0px;\">\n                <div style=\"width: 100px;\" class=\"wp-video\"><video class=\"wp-video-shortcode\" id=\"video-4088-1\" width=\"100\" height=\"500\" preload=\"metadata\" controls=\"controls\"><source type=\"video\/mp4\" src=\"http:\/\/oncoalicia.com\/wp-content\/uploads\/2023\/01\/Angles-Def.mp4?_=1\" \/><a href=\"http:\/\/oncoalicia.com\/wp-content\/uploads\/2023\/01\/Angles-Def.mp4\">http:\/\/oncoalicia.com\/wp-content\/uploads\/2023\/01\/Angles-Def.mp4<\/a><\/video><\/div>\n          <\/div>\n<\/p><\/div>\n<\/p><\/div>\n<div class=\"container-fluid p-0\">\n        <img decoding=\"async\" src=\"http:\/\/oncoalicia.com\/wp-content\/uploads\/2022\/12\/fondo.png\" width=\"100%\">\n      <\/div>\n<div class=\"container-fluid fnd-orange\">\n<div class=\"container\">\n<div class=\"row\">\n<div class=\"col-md-12 text-center download\">\n            <a href=\"http:\/\/oncoalicia.com\/en\/project\/#guias\"><strong>Download the guides<\/strong><\/a><br \/>\n            <i class=\"fa fa-arrow-down\" aria-hidden=\"true\"><\/i>\n          <\/div>\n<div class=\"col-md-12 text-center\">\n<div id=\"carouselExampleIndicators\" class=\"carousel slide desktop\" data-ride=\"carousel\">\n<div class=\"carousel-inner\">\n<div class=\"carousel-item active\">\n<div class=\"row w-60\">\n<div class=\"col-md-4 sin-padding text-center\">\n                      <a href=\"http:\/\/oncoalicia.com\/wp-content\/uploads\/2022\/05\/1.Guies_alicia_1_CAT.pdf\" target=\"_blank\" rel=\"noopener\"><br \/>\n                        <img decoding=\"async\" class=\"d-block img-slide\" src=\"https:\/\/oncoalicia.com\/wp-content\/uploads\/2025\/06\/01.png\" width=\"180\"><br \/>\n                      <\/a>\n                    <\/div>\n<div class=\"col-md-4 sin-padding text-center\">\n                      <a href=\"http:\/\/oncoalicia.com\/wp-content\/uploads\/2022\/05\/2.Guies_alicia_2_CAT.pdf\" target=\"_blank\" rel=\"noopener\"><br \/>\n                        <img decoding=\"async\" class=\"d-block img-slide\" src=\"https:\/\/oncoalicia.com\/wp-content\/uploads\/2025\/06\/02.png\" width=\"180\"><br \/>\n                      <\/a>\n                    <\/div>\n<div class=\"col-md-4 sin-padding text-center\">\n                      <a href=\"http:\/\/oncoalicia.com\/wp-content\/uploads\/2022\/05\/3.Guies_alicia_3_CAT.pdf\" target=\"_blank\" rel=\"noopener\"><br \/>\n                        <img decoding=\"async\" class=\"d-block img-slide\" src=\"https:\/\/oncoalicia.com\/wp-content\/uploads\/2025\/06\/03.png\" width=\"180\"><br \/>\n                      <\/a>\n                    <\/div>\n<\/p><\/div>\n<\/p><\/div>\n<div class=\"carousel-item\">\n<div class=\"row w-60\">\n<div class=\"col-md-3 sin-padding text-center\">\n                      <a href=\"http:\/\/oncoalicia.com\/wp-content\/uploads\/2022\/05\/4.Guies_alicia_4_CAT.pdf\" target=\"_blank\" rel=\"noopener\"><br \/>\n                        <img decoding=\"async\" class=\"d-block img-slide\" src=\"https:\/\/oncoalicia.com\/wp-content\/uploads\/2025\/06\/04.png\" width=\"180\"><br \/>\n                      <\/a>\n                    <\/div>\n<div class=\"col-md-3 sin-padding text-center\">\n                      <a href=\"http:\/\/oncoalicia.com\/wp-content\/uploads\/2022\/05\/5.Guies_alicia_5_CAT.pdf\" target=\"_blank\" rel=\"noopener\"><br \/>\n                        <img decoding=\"async\" class=\"d-block img-slide\" src=\"https:\/\/oncoalicia.com\/wp-content\/uploads\/2025\/06\/05.png\" width=\"180\"><br \/>\n                      <\/a>\n                    <\/div>\n<div class=\"col-md-3 sin-padding text-center\">\n                      <a href=\"http:\/\/oncoalicia.com\/wp-content\/uploads\/2022\/05\/6.Guies_alicia_6_CAT.pdf\" target=\"_blank\" rel=\"noopener\"><br \/>\n                        <img decoding=\"async\" class=\"d-block img-slide\" src=\"https:\/\/oncoalicia.com\/wp-content\/uploads\/2025\/06\/06.png\" width=\"180\"><br \/>\n                      <\/a>\n                    <\/div>\n<div class=\"col-md-3 sin-padding text-center\">\n                      <a href=\"http:\/\/oncoalicia.com\/wp-content\/uploads\/2022\/05\/7.Guies_alicia_7_CAT.pdf\" target=\"_blank\" rel=\"noopener\"><br \/>\n                        <img decoding=\"async\" class=\"d-block img-slide\" src=\"https:\/\/oncoalicia.com\/wp-content\/uploads\/2025\/06\/07.png\" width=\"180\"><br \/>\n                      <\/a>\n                    <\/div>\n<\/p><\/div>\n<\/p><\/div>\n<\/p><\/div>\n<p>              <a class=\"carousel-control-prev\" href=\"#carouselExampleIndicators\" role=\"button\" data-slide=\"prev\"><br \/>\n                <span class=\"carousel-control-prev-icon\" aria-hidden=\"true\"><\/span><br \/>\n                <span class=\"sr-only\">Previous<\/span><br \/>\n              <\/a><br \/>\n              <a class=\"carousel-control-next\" href=\"#carouselExampleIndicators\" role=\"button\" data-slide=\"next\"><br \/>\n                <span class=\"carousel-control-next-icon\" aria-hidden=\"true\"><\/span><br \/>\n                <span class=\"sr-only\">Next<\/span><br \/>\n              <\/a>\n            <\/div>\n<\/p><\/div>\n<div class=\"col-md-12 text-center\">\n<div id=\"carouselExampleIndicators-2\" class=\"carousel slide mobile\" data-ride=\"carousel\">\n<div class=\"carousel-inner\">\n<div class=\"carousel-item active\">\n<div class=\"row\">\n<div class=\"col-md-4 sin-padding text-center\">\n<a href=\"http:\/\/oncoalicia.com\/wp-content\/uploads\/2022\/05\/4.Guies_alicia_4_CAT.pdf\" target=\"_blank\" rel=\"noopener\"><br \/>\n                        <img decoding=\"async\" class=\"img-slide\" src=\"https:\/\/oncoalicia.com\/wp-content\/uploads\/2025\/06\/04.png\" width=\"180\"><br \/>\n                        <\/a>\n                    <\/div>\n<\/p><\/div>\n<\/p><\/div>\n<div class=\"carousel-item\">\n<div class=\"row\">\n<div class=\"col-md-4 sin-padding text-center\">\n                        <a href=\"http:\/\/oncoalicia.com\/wp-content\/uploads\/2022\/05\/2.Guies_alicia_2_CAT.pdf\" target=\"_blank\" rel=\"noopener\"><br \/>\n                        <img decoding=\"async\" class=\"img-slide\" src=\"https:\/\/oncoalicia.com\/wp-content\/uploads\/2025\/06\/02.png\" width=\"180\"><br \/>\n                        <\/a>\n                    <\/div>\n<\/p><\/div>\n<\/p><\/div>\n<div class=\"carousel-item\">\n<div class=\"row\">\n<div class=\"col-md-4 sin-padding text-center\">\n                        <a href=\"http:\/\/oncoalicia.com\/wp-content\/uploads\/2022\/05\/3.Guies_alicia_3_CAT.pdf\" target=\"_blank\" rel=\"noopener\"><br \/>\n                        <img decoding=\"async\" class=\"img-slide\" src=\"https:\/\/oncoalicia.com\/wp-content\/uploads\/2025\/06\/03.png\" width=\"180\"><br \/>\n                        <\/a>\n                    <\/div>\n<\/p><\/div>\n<\/p><\/div>\n<div class=\"carousel-item\">\n<div class=\"row\">\n<div class=\"col-md-3 sin-padding text-center\">\n                        <a href=\"http:\/\/oncoalicia.com\/wp-content\/uploads\/2022\/05\/4.Guies_alicia_4_CAT.pdf\" target=\"_blank\" rel=\"noopener\"><br \/>\n                        <img decoding=\"async\" class=\"img-slide\" src=\"https:\/\/oncoalicia.com\/wp-content\/uploads\/2025\/06\/04.png\" width=\"180\"><br \/>\n                        <\/a>\n                    <\/div>\n<\/p><\/div>\n<\/p><\/div>\n<div class=\"carousel-item\">\n<div class=\"row\">\n<div class=\"col-md-3 sin-padding text-center\">\n                        <a href=\"http:\/\/oncoalicia.com\/wp-content\/uploads\/2022\/05\/5.Guies_alicia_5_CAT.pdf\" target=\"_blank\" rel=\"noopener\"><br \/>\n                        <img decoding=\"async\" class=\"img-slide\" src=\"https:\/\/oncoalicia.com\/wp-content\/uploads\/2025\/06\/05.png\" width=\"180\"><br \/>\n                        <\/a>\n                    <\/div>\n<\/p><\/div>\n<\/p><\/div>\n<div class=\"carousel-item\">\n<div class=\"row\">\n<div class=\"col-md-3 sin-padding text-center\">\n                        <a href=\"http:\/\/oncoalicia.com\/wp-content\/uploads\/2022\/05\/6.Guies_alicia_6_CAT.pdf\" target=\"_blank\" rel=\"noopener\"><br \/>\n                        <img decoding=\"async\" class=\"img-slide\" src=\"https:\/\/oncoalicia.com\/wp-content\/uploads\/2025\/06\/06.png\" width=\"180\"><br \/>\n                        <\/a>\n                    <\/div>\n<\/p><\/div>\n<\/p><\/div>\n<div class=\"carousel-item\">\n<div class=\"row\">\n<div class=\"col-md-3 sin-padding text-center\">\n                        <a href=\"http:\/\/oncoalicia.com\/wp-content\/uploads\/2022\/05\/7.Guies_alicia_7_CAT.pdf\" target=\"_blank\" rel=\"noopener\"><br \/>\n                        <img decoding=\"async\" class=\"img-slide\" src=\"https:\/\/oncoalicia.com\/wp-content\/uploads\/2025\/06\/07.png\" width=\"180\"><br \/>\n                        <\/a>\n                    <\/div>\n<\/p><\/div>\n<\/p><\/div>\n<\/p><\/div>\n<p>              <a class=\"carousel-control-prev\" href=\"#carouselExampleIndicators-2\" role=\"button\" data-slide=\"prev\"><br \/>\n                <span class=\"carousel-control-prev-icon\" aria-hidden=\"true\"><\/span><br \/>\n                <span class=\"sr-only\">Previous<\/span><br \/>\n              <\/a><br \/>\n              <a class=\"carousel-control-next\" href=\"#carouselExampleIndicators-2\" role=\"button\" data-slide=\"next\"><br \/>\n                <span class=\"carousel-control-next-icon\" aria-hidden=\"true\"><\/span><br \/>\n                <span class=\"sr-only\">Next<\/span><br \/>\n              <\/a>\n            <\/div>\n<\/p><\/div>\n<\/p><\/div>\n<\/p><\/div>\n<\/p><\/div>\n<\/section>\n","protected":false},"excerpt":{"rendered":"<p>What should I eat during cancer treatment? Search for recipes adapted to many situations. See recipes OncoAl\u00edcia: Food and Eating During Cancer Treatment A Fundaci\u00f3 Catalunya La Pedrera project, developed by the Al\u00edcia together with other leading organisations. About the project Webinar &#8220;Eating during gastric cancer treatment&#8221; Consult the session for health professionals in the&hellip; <a class=\"more-link\" href=\"https:\/\/oncoalicia.com\/en\/\">Continue reading <span class=\"screen-reader-text\">man<\/span><\/a><\/p>\n","protected":false},"author":2,"featured_media":0,"parent":0,"menu_order":0,"comment_status":"closed","ping_status":"closed","template":"portada.php","meta":{"footnotes":""},"class_list":["post-4088","page","type-page","status-publish","hentry","entry"],"yoast_head":"<!-- This site is optimized with the Yoast SEO plugin v26.9 - https:\/\/yoast.com\/product\/yoast-seo-wordpress\/ -->\n<title>OncoAl\u00edcia | Eating During Cancer Treatment<\/title>\n<meta name=\"description\" content=\"OncoAl\u00edcia is a social and scientific project by Fundaci\u00f3 Catalunya La Pedrera and Al\u00edcia, aimed at adapting nutrition during cancer treatment.\" \/>\n<meta name=\"robots\" content=\"index, follow, max-snippet:-1, max-image-preview:large, max-video-preview:-1\" \/>\n<link rel=\"canonical\" href=\"https:\/\/oncoalicia.com\/en\/\" \/>\n<meta property=\"og:locale\" content=\"en_US\" \/>\n<meta property=\"og:type\" content=\"article\" \/>\n<meta property=\"og:title\" content=\"OncoAl\u00edcia | Eating During Cancer Treatment\" \/>\n<meta property=\"og:description\" content=\"OncoAl\u00edcia is a social and scientific project by Fundaci\u00f3 Catalunya La Pedrera and Al\u00edcia, aimed at adapting nutrition during cancer treatment.\" \/>\n<meta property=\"og:url\" content=\"https:\/\/oncoalicia.com\/en\/\" \/>\n<meta property=\"og:site_name\" content=\"Oncoalicia\" \/>\n<meta property=\"article:modified_time\" content=\"2025-07-04T07:48:44+00:00\" \/>\n<meta property=\"og:image\" content=\"https:\/\/oncoalicia.com\/wp-content\/uploads\/2025\/06\/imghome-1.jpg\" \/>\n<meta name=\"twitter:card\" content=\"summary_large_image\" \/>\n<meta name=\"twitter:label1\" content=\"Est. reading time\" \/>\n\t<meta name=\"twitter:data1\" content=\"6 minutes\" \/>\n<script type=\"application\/ld+json\" class=\"yoast-schema-graph\">{\"@context\":\"https:\/\/schema.org\",\"@graph\":[{\"@type\":\"WebPage\",\"@id\":\"https:\/\/oncoalicia.com\/en\/\",\"url\":\"https:\/\/oncoalicia.com\/en\/\",\"name\":\"OncoAl\u00edcia | Eating During Cancer Treatment\",\"isPartOf\":{\"@id\":\"https:\/\/oncoalicia.com\/en\/#website\"},\"primaryImageOfPage\":{\"@id\":\"https:\/\/oncoalicia.com\/en\/#primaryimage\"},\"image\":{\"@id\":\"https:\/\/oncoalicia.com\/en\/#primaryimage\"},\"thumbnailUrl\":\"https:\/\/oncoalicia.com\/wp-content\/uploads\/2025\/06\/imghome-1.jpg\",\"datePublished\":\"2021-11-29T02:15:35+00:00\",\"dateModified\":\"2025-07-04T07:48:44+00:00\",\"description\":\"OncoAl\u00edcia is a social and scientific project by Fundaci\u00f3 Catalunya La Pedrera and Al\u00edcia, aimed at adapting nutrition during cancer treatment.\",\"breadcrumb\":{\"@id\":\"https:\/\/oncoalicia.com\/en\/#breadcrumb\"},\"inLanguage\":\"en-US\",\"potentialAction\":[{\"@type\":\"ReadAction\",\"target\":[\"https:\/\/oncoalicia.com\/en\/\"]}]},{\"@type\":\"ImageObject\",\"inLanguage\":\"en-US\",\"@id\":\"https:\/\/oncoalicia.com\/en\/#primaryimage\",\"url\":\"https:\/\/oncoalicia.com\/wp-content\/uploads\/2025\/06\/imghome-1.jpg\",\"contentUrl\":\"https:\/\/oncoalicia.com\/wp-content\/uploads\/2025\/06\/imghome-1.jpg\"},{\"@type\":\"BreadcrumbList\",\"@id\":\"https:\/\/oncoalicia.com\/en\/#breadcrumb\",\"itemListElement\":[{\"@type\":\"ListItem\",\"position\":1,\"name\":\"Portada\",\"item\":\"https:\/\/oncoalicia.com\/en\/\"},{\"@type\":\"ListItem\",\"position\":2,\"name\":\"man\"}]},{\"@type\":\"WebSite\",\"@id\":\"https:\/\/oncoalicia.com\/en\/#website\",\"url\":\"https:\/\/oncoalicia.com\/en\/\",\"name\":\"Oncoal\u00edcia\",\"description\":\"Comer durante el Tratamiento del C\u00e1ncer\",\"publisher\":{\"@id\":\"https:\/\/oncoalicia.com\/en\/#organization\"},\"alternateName\":\"Oncoal\u00edcia | Comer durante el Tratamiento del C\u00e1ncer\",\"potentialAction\":[{\"@type\":\"SearchAction\",\"target\":{\"@type\":\"EntryPoint\",\"urlTemplate\":\"https:\/\/oncoalicia.com\/en\/?s={search_term_string}\"},\"query-input\":{\"@type\":\"PropertyValueSpecification\",\"valueRequired\":true,\"valueName\":\"search_term_string\"}}],\"inLanguage\":\"en-US\"},{\"@type\":\"Organization\",\"@id\":\"https:\/\/oncoalicia.com\/en\/#organization\",\"name\":\"Oncoal\u00edcia\",\"alternateName\":\"Oncoal\u00edcia | Comer durante el Tratamiento del C\u00e1ncer\",\"url\":\"https:\/\/oncoalicia.com\/en\/\",\"logo\":{\"@type\":\"ImageObject\",\"inLanguage\":\"en-US\",\"@id\":\"https:\/\/oncoalicia.com\/en\/#\/schema\/logo\/image\/\",\"url\":\"https:\/\/oncoalicia.com\/wp-content\/uploads\/2022\/11\/logo_rrss.png\",\"contentUrl\":\"https:\/\/oncoalicia.com\/wp-content\/uploads\/2022\/11\/logo_rrss.png\",\"width\":300,\"height\":300,\"caption\":\"Oncoal\u00edcia\"},\"image\":{\"@id\":\"https:\/\/oncoalicia.com\/en\/#\/schema\/logo\/image\/\"}}]}<\/script>\n<!-- \/ Yoast SEO plugin. -->","yoast_head_json":{"title":"OncoAl\u00edcia | Eating During Cancer Treatment","description":"OncoAl\u00edcia is a social and scientific project by Fundaci\u00f3 Catalunya La Pedrera and Al\u00edcia, aimed at adapting nutrition during cancer treatment.","robots":{"index":"index","follow":"follow","max-snippet":"max-snippet:-1","max-image-preview":"max-image-preview:large","max-video-preview":"max-video-preview:-1"},"canonical":"https:\/\/oncoalicia.com\/en\/","og_locale":"en_US","og_type":"article","og_title":"OncoAl\u00edcia | Eating During Cancer Treatment","og_description":"OncoAl\u00edcia is a social and scientific project by Fundaci\u00f3 Catalunya La Pedrera and Al\u00edcia, aimed at adapting nutrition during cancer treatment.","og_url":"https:\/\/oncoalicia.com\/en\/","og_site_name":"Oncoalicia","article_modified_time":"2025-07-04T07:48:44+00:00","og_image":[{"url":"https:\/\/oncoalicia.com\/wp-content\/uploads\/2025\/06\/imghome-1.jpg","type":"","width":"","height":""}],"twitter_card":"summary_large_image","twitter_misc":{"Est. reading time":"6 minutes"},"schema":{"@context":"https:\/\/schema.org","@graph":[{"@type":"WebPage","@id":"https:\/\/oncoalicia.com\/en\/","url":"https:\/\/oncoalicia.com\/en\/","name":"OncoAl\u00edcia | Eating During Cancer Treatment","isPartOf":{"@id":"https:\/\/oncoalicia.com\/en\/#website"},"primaryImageOfPage":{"@id":"https:\/\/oncoalicia.com\/en\/#primaryimage"},"image":{"@id":"https:\/\/oncoalicia.com\/en\/#primaryimage"},"thumbnailUrl":"https:\/\/oncoalicia.com\/wp-content\/uploads\/2025\/06\/imghome-1.jpg","datePublished":"2021-11-29T02:15:35+00:00","dateModified":"2025-07-04T07:48:44+00:00","description":"OncoAl\u00edcia is a social and scientific project by Fundaci\u00f3 Catalunya La Pedrera and Al\u00edcia, aimed at adapting nutrition during cancer treatment.","breadcrumb":{"@id":"https:\/\/oncoalicia.com\/en\/#breadcrumb"},"inLanguage":"en-US","potentialAction":[{"@type":"ReadAction","target":["https:\/\/oncoalicia.com\/en\/"]}]},{"@type":"ImageObject","inLanguage":"en-US","@id":"https:\/\/oncoalicia.com\/en\/#primaryimage","url":"https:\/\/oncoalicia.com\/wp-content\/uploads\/2025\/06\/imghome-1.jpg","contentUrl":"https:\/\/oncoalicia.com\/wp-content\/uploads\/2025\/06\/imghome-1.jpg"},{"@type":"BreadcrumbList","@id":"https:\/\/oncoalicia.com\/en\/#breadcrumb","itemListElement":[{"@type":"ListItem","position":1,"name":"Portada","item":"https:\/\/oncoalicia.com\/en\/"},{"@type":"ListItem","position":2,"name":"man"}]},{"@type":"WebSite","@id":"https:\/\/oncoalicia.com\/en\/#website","url":"https:\/\/oncoalicia.com\/en\/","name":"Oncoal\u00edcia","description":"Comer durante el Tratamiento del C\u00e1ncer","publisher":{"@id":"https:\/\/oncoalicia.com\/en\/#organization"},"alternateName":"Oncoal\u00edcia | Comer durante el Tratamiento del C\u00e1ncer","potentialAction":[{"@type":"SearchAction","target":{"@type":"EntryPoint","urlTemplate":"https:\/\/oncoalicia.com\/en\/?s={search_term_string}"},"query-input":{"@type":"PropertyValueSpecification","valueRequired":true,"valueName":"search_term_string"}}],"inLanguage":"en-US"},{"@type":"Organization","@id":"https:\/\/oncoalicia.com\/en\/#organization","name":"Oncoal\u00edcia","alternateName":"Oncoal\u00edcia | Comer durante el Tratamiento del C\u00e1ncer","url":"https:\/\/oncoalicia.com\/en\/","logo":{"@type":"ImageObject","inLanguage":"en-US","@id":"https:\/\/oncoalicia.com\/en\/#\/schema\/logo\/image\/","url":"https:\/\/oncoalicia.com\/wp-content\/uploads\/2022\/11\/logo_rrss.png","contentUrl":"https:\/\/oncoalicia.com\/wp-content\/uploads\/2022\/11\/logo_rrss.png","width":300,"height":300,"caption":"Oncoal\u00edcia"},"image":{"@id":"https:\/\/oncoalicia.com\/en\/#\/schema\/logo\/image\/"}}]}},"_links":{"self":[{"href":"https:\/\/oncoalicia.com\/en\/wp-json\/wp\/v2\/pages\/4088","targetHints":{"allow":["GET"]}}],"collection":[{"href":"https:\/\/oncoalicia.com\/en\/wp-json\/wp\/v2\/pages"}],"about":[{"href":"https:\/\/oncoalicia.com\/en\/wp-json\/wp\/v2\/types\/page"}],"author":[{"embeddable":true,"href":"https:\/\/oncoalicia.com\/en\/wp-json\/wp\/v2\/users\/2"}],"replies":[{"embeddable":true,"href":"https:\/\/oncoalicia.com\/en\/wp-json\/wp\/v2\/comments?post=4088"}],"version-history":[{"count":0,"href":"https:\/\/oncoalicia.com\/en\/wp-json\/wp\/v2\/pages\/4088\/revisions"}],"wp:attachment":[{"href":"https:\/\/oncoalicia.com\/en\/wp-json\/wp\/v2\/media?parent=4088"}],"curies":[{"name":"wp","href":"https:\/\/api.w.org\/{rel}","templated":true}]}}