{"id":5512,"date":"2023-03-14T18:46:57","date_gmt":"2023-03-14T18:46:57","guid":{"rendered":"https:\/\/www.oncoalicia.com\/?page_id=5512"},"modified":"2025-06-17T10:22:38","modified_gmt":"2025-06-17T10:22:38","slug":"website-privacy-policy","status":"publish","type":"page","link":"https:\/\/oncoalicia.com\/en\/website-privacy-policy\/","title":{"rendered":"Privacy Policy"},"content":{"rendered":"<p><strong>Data controller<\/strong><br \/>\nThe responsible for processing your data according to this Privacy Policy is:<\/p>\n<p class=\"p1\">FUNDACI\u00d3 AL\u00cdCIA, ALIMENTACI\u00d3 I CI\u00c8NCIA, F.P.<br \/>\nCIF: ESG63360531<br \/>\nAddress: Cam\u00ed Sant Benet, s\/n &#8211; 08272 Sant Fruit\u00f3s de Bages (Barcelona)<br \/>\nE-mail address: lopd@alicia.cat<br \/>\nWebsite: www.oncoalicia.com<br \/>\nTelephone no.: 938759402<br \/>\nRegistered in the Foundations\u2019 Register of the Generalitat de Catalunya with n\u00famber 2059, el 28th december 2004.<\/p>\n<p class=\"p1\">At FUNDACI\u00d3 AL\u00cdCIA, ALIMENTACI\u00d3 I CI\u00c8NCIA, F.P., we recognise the importance of protecting your personal information and we are committed to processing it responsibly and in compliance with the data protection laws.<\/p>\n<p class=\"p1\">The purpose of this privacy policy is to regulate all the aspects relating to the processing of data of the different users browsing the website or providing their personal details on the different forms to be found on it.<\/p>\n<p><strong>Personal data personal<\/strong><br \/>\nData is the information that identifies you or may identify you. Through the website, in the boxes that are stablished for that purpose, it is collected the personal data that the User provides us: Name, surname, email, telephone number, postal code, city, etc. In addition, it is collected all the personal data that the User voluntarily provides us through any of the social networks, of which the User is registered. In this case, the privacy settings will depend on both the configuration that the User established as well as the terms and conditions of the social network itself.<\/p>\n<p class=\"p1\">When a user visits the website, this does not mean that he\/she has to provide any information about his\/her personal data. However, if such information is provided, the data will be processed lawfully and subject at all times to the principles and rights contained in the GDPR 2016\/679 of 27 April 2016 and the LOPDGDD 3\/2018 of 5 December.<\/p>\n<p><strong>Purpose, duration and legitimation of the processing:<\/strong><br \/>\nWe will process the data provided to us by the user for the following purposes:<\/p>\n<ul>\n<li>To facilitate the <strong>training and information<\/strong> of the users registered on the Website and carry out, where relevant, the procedures necessary to allow them to register and attend or follow the courses, conferences, events and any other training, social, information and\/or educational activity in which the user is interested and which is offered on the website. We will keep these data for as long as the training activity lasts and for the time established by law, with a minimum duration of 3 years. The legitimation for this purpose of personal data processing is the performance of the contract to which the user is a party, i.e. for the maintenance, execution, development, monitoring and performance of the contractual relationship between you and FUNDACI\u00d3 AL\u00cdCIA ALIMENTACI\u00d3 I CI\u00c8NCIA, F.P.<\/li>\n<li><span style=\"font-family: var(--list--font-family); background-color: var(--global--color-background); color: var(--global--color-primary); font-size: var(--global--font-size-base);\">To improve the user experience when browsing the website. We will keep these data for as long as the user does not revoke his\/her consent to them being processed by deleting the cookies, for the time established by law and for a minimum duration of 3 years.<\/span><span style=\"font-family: var(--list--font-family); background-color: var(--global--color-background); color: var(--global--color-primary); font-size: var(--global--font-size-base);\">The legitimate basis for improving website browsing is the consent given by the user when accepting the cookies. The user has the right to revoke his\/her consent at any time, without this affecting the lawfulness of the processing based on the consent given prior to it being withdrawn.<\/span><\/li>\n<li>To manage our <strong>social networks<\/strong> and send users information about our activities and products. We will keep these data for as long as the user does not revoke his\/her consent to them being processed, for the time established by law and for a minimum duration of 3 years. The legitimate basis for managing our social networks and sending users our activities and new features is the consent we are given to do so. The user has the right to revoke his\/her consent at any time, without this affecting the lawfulness of the processing based on the consent given prior to it being withdrawn.<\/li>\n<li><span style=\"font-family: var(--list--font-family); background-color: var(--global--color-background); color: var(--global--color-primary); font-size: var(--global--font-size-base);\">Managing communications submitted through the\u00a0<\/span><b style=\"font-family: var(--list--font-family); background-color: var(--global--color-background); color: var(--global--color-primary); font-size: var(--global--font-size-base);\">ethics and complaints channel<\/b><span style=\"font-family: var(--list--font-family); background-color: var(--global--color-background); color: var(--global--color-primary); font-size: var(--global--font-size-base);\"> implemented by the\u00a0Controller. We will handle personal data (if the communication is not anonymous) and information provided by\u00a0the concerned individual to manage and resolve the complaint made through the channel, accessible via the\u00a0website.\u00a0The legal basis for processing lies in the public interest and fulfilling legal obligations. The data shall be kept only\u00a0for the time necessary to decide whether or not to initiate an investigation into the facts reported. In any case,\u00a0three months after the data have been entered, if the complaint has been unsuccessful, they may be kept only\u00a0for the purposes of leaving evidence in the system, in an anonymised form. In the event that the complaint is\u00a0successful, the data shall be deleted and blocked from the internal complaints system, and shall be kept for a\u00a0period not exceeding ten years. The data may continue to be processed by the competent authority and body in\u00a0the event of investigation of the reported facts.\u00a0Data shall only be communicated to third parties when it is necessary for the adoption of disciplinary measures\u00a0or for the processing of any legal proceedings that may be necessary, without prejudice to the notification to\u00a0the competent authority of facts constituting a criminal or administrative offence.<\/span><\/li>\n<\/ul>\n<p><strong>Assignment or communication of personal data and international transfers:<\/strong><br \/>\nYour data will not be communicated or transferred to third parties unless there is a legal obligation, or to those service providers associated with the Controller which act as data processors.<br \/>\nData will not be transferred internationally; if, at any time, this might be required, the user will be informed so that his\/her consent can be obtained.<\/p>\n<p><strong>Updating of data<\/strong><br \/>\nIn order for us to keep the personal data up to date, the user must always inform us of any change in said data; if this is not done, we cannot be liable for the veracity of the data.<br \/>\nThe user guarantees that the personal data provided are true, and guarantees that all the information provided corresponds to reality, is up to date and is accurate. He\/she is obliged to communicate any modification thereto.<\/p>\n<p><strong>Third party data<\/strong><br \/>\nIf the user provides third party data for any purpose to FUNDACI\u00d3 AL\u00cdCIA ALIMENTACI\u00d3 I CI\u00c8NCIA, F.P., he\/she guarantees that he\/she has obtained these data lawfully, has informed the affected parties in advance, has obtained his\/her consent to communicate them, and that the information provided is accurate and true.<\/p>\n<p><strong>Compulsory nature of the information requested<\/strong><br \/>\nAll our forms have an asterisk (*) to indicate which details are compulsory. If the user does not complete these fields, or does not check the privacy policy box, the information will not be sent.<\/p>\n<p><strong>Rights of data subjects<\/strong><br \/>\nYou have the right to access your data and obtain confirmation regarding the processing thereof, as well as a copy of the personal data being processed. You have the right to update them and request that any inaccurate data be corrected, or request removal of the data when they are not necessary for the purposes for which they were collected. You may request a restriction in the processing of your data and object to them being processed by revoking your consent, and also exercise your right to data portability. Similarly, you have the right not to be the subject of decisions based solely on the automated processing of your personal data. You may exercise your rights by contacting us Cam\u00ed Sant Benet, s\/n &#8211; 08272 Sant Fruit\u00f3s de Bages (Barcelona). Email: lopd@alicia.cat<br \/>\nContact details of the DPO: dpo@fcatalunyalapedrera.com If you consider that your rights have not been duly respected, you have the right to lodge a complaint with the Spanish Data Protection Agency www.aepd.es<\/p>\n<p><strong>Processing of the data of minors<\/strong><br \/>\nAnyone providing data through the forms on this website and accepting the processing of such states that he\/she is at least 14 years old. Access to, and use of the website is prohibited for anyone younger than 14. If, at any time, the Data Controller detects that a person younger than 14 years of age has provided personal data, we will cancel said data. In addition, parents or tutors may in any event write to FUNDACI\u00d3 AL\u00cdCIA, ALIMENTACI\u00d3 I CI\u00c8NCIA, F.P. to block any access account created by minors in their charge who have registered by falsifying their identity.<\/p>\n<p><strong>Social networks<\/strong><br \/>\nThe object of social tools such as Facebook, Twitter, Instagram, etc. or other social networks is to give visibility and dissemination of the activities that take place in our organization. These social tools store personal data in the servers of the corresponding services and are governed by their own privacy policy. It is recommended to review and read the conditions of use and the privacy policy of the social network at the time of registration, taking into account the different configuration\u00b4s possibilities regarding the privacy of the user\u2019s profile in the social network. In addition, the Controller reserves the right to erase from its social networks any published information by third-parties that trespasses the legality, encourages to infringe it or contains messages that infringe upon human dignity or institutions. Likewise, the Controller reserves the right to block or report the author\u00b4s profile of such content.<\/p>\n<p><strong>Cookies<\/strong><br \/>\nA cookie is a small file that is downloaded and stored on the user\u2019s computer when he\/she access a website. Cookies allow the website, amongst other things, to store and recover information on the browsing habits of the user or of his\/her computer and, depending on the information they contain and the way in which you use your computer, they may be used for user recognition. The user has the option to prevent the generation of cookies, by selecting the corresponding option in his\/her browser program. You can obtain more information by reading our <a href=\"http:\/\/oncoalicia.com\/politica-de-cookies\/\">Cookies Policy.<\/a><\/p>\n","protected":false},"excerpt":{"rendered":"<p>Data controller The responsible for processing your data according to this Privacy Policy is: FUNDACI\u00d3 AL\u00cdCIA, ALIMENTACI\u00d3 I CI\u00c8NCIA, F.P. CIF: ESG63360531 Address: Cam\u00ed Sant Benet, s\/n &#8211; 08272 Sant Fruit\u00f3s de Bages (Barcelona) E-mail address: lopd@alicia.cat Website: www.oncoalicia.com Telephone no.: 938759402 Registered in the Foundations\u2019 Register of the Generalitat de Catalunya with n\u00famber 2059,&hellip; <a class=\"more-link\" href=\"https:\/\/oncoalicia.com\/en\/website-privacy-policy\/\">Continue reading <span class=\"screen-reader-text\">Privacy Policy<\/span><\/a><\/p>\n","protected":false},"author":2,"featured_media":0,"parent":0,"menu_order":0,"comment_status":"closed","ping_status":"closed","template":"otros.php","meta":{"footnotes":""},"class_list":["post-5512","page","type-page","status-publish","hentry","entry"],"yoast_head":"<!-- This site is optimized with the Yoast SEO plugin v26.9 - https:\/\/yoast.com\/product\/yoast-seo-wordpress\/ -->\n<title>Privacy Policy - Oncoalicia<\/title>\n<meta name=\"description\" content=\"Privacy policy page of Oncoalicia&#039;s website.\" \/>\n<meta name=\"robots\" content=\"index, follow, max-snippet:-1, max-image-preview:large, max-video-preview:-1\" \/>\n<link rel=\"canonical\" href=\"https:\/\/oncoalicia.com\/en\/website-privacy-policy\/\" \/>\n<meta property=\"og:locale\" content=\"en_US\" \/>\n<meta property=\"og:type\" content=\"article\" \/>\n<meta property=\"og:title\" content=\"Privacy Policy - Oncoalicia\" \/>\n<meta property=\"og:description\" content=\"Privacy policy page of Oncoalicia&#039;s website.\" \/>\n<meta property=\"og:url\" content=\"https:\/\/oncoalicia.com\/en\/website-privacy-policy\/\" \/>\n<meta property=\"og:site_name\" content=\"Oncoalicia\" \/>\n<meta property=\"article:modified_time\" content=\"2025-06-17T10:22:38+00:00\" \/>\n<meta property=\"og:image\" content=\"https:\/\/oncoalicia.com\/wp-content\/uploads\/2021\/12\/Asset-3.png\" \/>\n\t<meta property=\"og:image:width\" content=\"300\" \/>\n\t<meta property=\"og:image:height\" content=\"300\" \/>\n\t<meta property=\"og:image:type\" content=\"image\/png\" \/>\n<meta name=\"twitter:card\" content=\"summary_large_image\" \/>\n<meta name=\"twitter:label1\" content=\"Est. reading time\" \/>\n\t<meta name=\"twitter:data1\" content=\"8 minutes\" \/>\n<script type=\"application\/ld+json\" class=\"yoast-schema-graph\">{\"@context\":\"https:\/\/schema.org\",\"@graph\":[{\"@type\":\"WebPage\",\"@id\":\"https:\/\/oncoalicia.com\/en\/website-privacy-policy\/\",\"url\":\"https:\/\/oncoalicia.com\/en\/website-privacy-policy\/\",\"name\":\"Privacy Policy - Oncoalicia\",\"isPartOf\":{\"@id\":\"https:\/\/oncoalicia.com\/en\/#website\"},\"datePublished\":\"2023-03-14T18:46:57+00:00\",\"dateModified\":\"2025-06-17T10:22:38+00:00\",\"description\":\"Privacy policy page of Oncoalicia's website.\",\"breadcrumb\":{\"@id\":\"https:\/\/oncoalicia.com\/en\/website-privacy-policy\/#breadcrumb\"},\"inLanguage\":\"en-US\",\"potentialAction\":[{\"@type\":\"ReadAction\",\"target\":[\"https:\/\/oncoalicia.com\/en\/website-privacy-policy\/\"]}]},{\"@type\":\"BreadcrumbList\",\"@id\":\"https:\/\/oncoalicia.com\/en\/website-privacy-policy\/#breadcrumb\",\"itemListElement\":[{\"@type\":\"ListItem\",\"position\":1,\"name\":\"Portada\",\"item\":\"https:\/\/oncoalicia.com\/en\/\"},{\"@type\":\"ListItem\",\"position\":2,\"name\":\"Privacy Policy\"}]},{\"@type\":\"WebSite\",\"@id\":\"https:\/\/oncoalicia.com\/en\/#website\",\"url\":\"https:\/\/oncoalicia.com\/en\/\",\"name\":\"Oncoal\u00edcia\",\"description\":\"Comer durante el Tratamiento del C\u00e1ncer\",\"publisher\":{\"@id\":\"https:\/\/oncoalicia.com\/en\/#organization\"},\"alternateName\":\"Oncoal\u00edcia | Comer durante el Tratamiento del C\u00e1ncer\",\"potentialAction\":[{\"@type\":\"SearchAction\",\"target\":{\"@type\":\"EntryPoint\",\"urlTemplate\":\"https:\/\/oncoalicia.com\/en\/?s={search_term_string}\"},\"query-input\":{\"@type\":\"PropertyValueSpecification\",\"valueRequired\":true,\"valueName\":\"search_term_string\"}}],\"inLanguage\":\"en-US\"},{\"@type\":\"Organization\",\"@id\":\"https:\/\/oncoalicia.com\/en\/#organization\",\"name\":\"Oncoal\u00edcia\",\"alternateName\":\"Oncoal\u00edcia | Comer durante el Tratamiento del C\u00e1ncer\",\"url\":\"https:\/\/oncoalicia.com\/en\/\",\"logo\":{\"@type\":\"ImageObject\",\"inLanguage\":\"en-US\",\"@id\":\"https:\/\/oncoalicia.com\/en\/#\/schema\/logo\/image\/\",\"url\":\"https:\/\/oncoalicia.com\/wp-content\/uploads\/2022\/11\/logo_rrss.png\",\"contentUrl\":\"https:\/\/oncoalicia.com\/wp-content\/uploads\/2022\/11\/logo_rrss.png\",\"width\":300,\"height\":300,\"caption\":\"Oncoal\u00edcia\"},\"image\":{\"@id\":\"https:\/\/oncoalicia.com\/en\/#\/schema\/logo\/image\/\"}}]}<\/script>\n<!-- \/ Yoast SEO plugin. -->","yoast_head_json":{"title":"Privacy Policy - Oncoalicia","description":"Privacy policy page of Oncoalicia's website.","robots":{"index":"index","follow":"follow","max-snippet":"max-snippet:-1","max-image-preview":"max-image-preview:large","max-video-preview":"max-video-preview:-1"},"canonical":"https:\/\/oncoalicia.com\/en\/website-privacy-policy\/","og_locale":"en_US","og_type":"article","og_title":"Privacy Policy - Oncoalicia","og_description":"Privacy policy page of Oncoalicia's website.","og_url":"https:\/\/oncoalicia.com\/en\/website-privacy-policy\/","og_site_name":"Oncoalicia","article_modified_time":"2025-06-17T10:22:38+00:00","og_image":[{"width":300,"height":300,"url":"https:\/\/oncoalicia.com\/wp-content\/uploads\/2021\/12\/Asset-3.png","type":"image\/png"}],"twitter_card":"summary_large_image","twitter_misc":{"Est. reading time":"8 minutes"},"schema":{"@context":"https:\/\/schema.org","@graph":[{"@type":"WebPage","@id":"https:\/\/oncoalicia.com\/en\/website-privacy-policy\/","url":"https:\/\/oncoalicia.com\/en\/website-privacy-policy\/","name":"Privacy Policy - Oncoalicia","isPartOf":{"@id":"https:\/\/oncoalicia.com\/en\/#website"},"datePublished":"2023-03-14T18:46:57+00:00","dateModified":"2025-06-17T10:22:38+00:00","description":"Privacy policy page of Oncoalicia's website.","breadcrumb":{"@id":"https:\/\/oncoalicia.com\/en\/website-privacy-policy\/#breadcrumb"},"inLanguage":"en-US","potentialAction":[{"@type":"ReadAction","target":["https:\/\/oncoalicia.com\/en\/website-privacy-policy\/"]}]},{"@type":"BreadcrumbList","@id":"https:\/\/oncoalicia.com\/en\/website-privacy-policy\/#breadcrumb","itemListElement":[{"@type":"ListItem","position":1,"name":"Portada","item":"https:\/\/oncoalicia.com\/en\/"},{"@type":"ListItem","position":2,"name":"Privacy Policy"}]},{"@type":"WebSite","@id":"https:\/\/oncoalicia.com\/en\/#website","url":"https:\/\/oncoalicia.com\/en\/","name":"Oncoal\u00edcia","description":"Comer durante el Tratamiento del C\u00e1ncer","publisher":{"@id":"https:\/\/oncoalicia.com\/en\/#organization"},"alternateName":"Oncoal\u00edcia | Comer durante el Tratamiento del C\u00e1ncer","potentialAction":[{"@type":"SearchAction","target":{"@type":"EntryPoint","urlTemplate":"https:\/\/oncoalicia.com\/en\/?s={search_term_string}"},"query-input":{"@type":"PropertyValueSpecification","valueRequired":true,"valueName":"search_term_string"}}],"inLanguage":"en-US"},{"@type":"Organization","@id":"https:\/\/oncoalicia.com\/en\/#organization","name":"Oncoal\u00edcia","alternateName":"Oncoal\u00edcia | Comer durante el Tratamiento del C\u00e1ncer","url":"https:\/\/oncoalicia.com\/en\/","logo":{"@type":"ImageObject","inLanguage":"en-US","@id":"https:\/\/oncoalicia.com\/en\/#\/schema\/logo\/image\/","url":"https:\/\/oncoalicia.com\/wp-content\/uploads\/2022\/11\/logo_rrss.png","contentUrl":"https:\/\/oncoalicia.com\/wp-content\/uploads\/2022\/11\/logo_rrss.png","width":300,"height":300,"caption":"Oncoal\u00edcia"},"image":{"@id":"https:\/\/oncoalicia.com\/en\/#\/schema\/logo\/image\/"}}]}},"_links":{"self":[{"href":"https:\/\/oncoalicia.com\/en\/wp-json\/wp\/v2\/pages\/5512","targetHints":{"allow":["GET"]}}],"collection":[{"href":"https:\/\/oncoalicia.com\/en\/wp-json\/wp\/v2\/pages"}],"about":[{"href":"https:\/\/oncoalicia.com\/en\/wp-json\/wp\/v2\/types\/page"}],"author":[{"embeddable":true,"href":"https:\/\/oncoalicia.com\/en\/wp-json\/wp\/v2\/users\/2"}],"replies":[{"embeddable":true,"href":"https:\/\/oncoalicia.com\/en\/wp-json\/wp\/v2\/comments?post=5512"}],"version-history":[{"count":0,"href":"https:\/\/oncoalicia.com\/en\/wp-json\/wp\/v2\/pages\/5512\/revisions"}],"wp:attachment":[{"href":"https:\/\/oncoalicia.com\/en\/wp-json\/wp\/v2\/media?parent=5512"}],"curies":[{"name":"wp","href":"https:\/\/api.w.org\/{rel}","templated":true}]}}