{"id":8940,"date":"2024-05-13T22:28:22","date_gmt":"2024-05-13T22:28:22","guid":{"rendered":"https:\/\/oncoalicia.com\/?page_id=8940"},"modified":"2025-07-04T08:37:33","modified_gmt":"2025-07-04T08:37:33","slug":"gastric","status":"publish","type":"page","link":"https:\/\/oncoalicia.com\/en\/types-of-cancer\/gastric\/","title":{"rendered":"Nutrition During Gastric Cancer Treatment"},"content":{"rendered":"<div class=\"row\">\n<div class=\"col-md-12 subtitle-mitos text-left\">\n<table>\n<tbody>\n<tr>\n<td class=\"full-width\" style=\"color: black;\"><b>Stomach cancer<\/b> consists of uncontrolled, abnormal growth of some stomach cells and can occur in any part of the stomach. The stomach is the largest part of the digestive tract and is located in the upper abdomen, between the oesophagus and the small intestine, close to the diaphragm and other abdominal organs, such as the liver, pancreas and spleen.<\/p>\n<p>It is an essential organ in food digestion. When food is chewed and lubricated with saliva, it travels down the throat to the stomach through the oesophagus. In the stomach, food is mixed with gastric juices and begins to be digested. The digested food, together with the gastric juice, is emptied into the first section of the small intestine through the pylorus, thanks to the contraction and relaxation of the stomach muscles. <\/td>\n<td class=\"full-width espaciado\" style=\"text-align: center;\"><img decoding=\"async\" class=\"alignnone wp-image-1605 size-medium\" src=\"https:\/\/oncoalicia.com\/wp-content\/uploads\/2024\/10\/Principal-Gastrico-English.png\" alt=\"\" width=\"280\" height=\"auto\" \/><\/td>\n<\/tr>\n<\/tbody>\n<\/table>\n<p class=\"p1\">Both the diagnosis and the treatment decision are made in a multidisciplinary fashion. The main treatments are based on surgery, chemotherapy, immunotherapy and radiation therapy. The choice of treatment is based on different factors related to the patient (overall condition, clinical and nutritional status, associated diseases, patient\u2019s decision), the tumour (symptoms caused, type and stage of tumour) and the treatment (intention, tolerance and efficacy, previous treatments, etc.). <\/p>\n<p>Surgery is the treatment of choice in localised stomach cancer and may be accompanied by additional prior and\/or subsequent chemotherapy, and sometimes radiation therapy. The purpose of treatment prior to surgery is to shrink the tumour to allow the surgery to be more effective, while the purpose after surgery is to ensure the tumour cells are eliminated. In non-surgical stomach cancer, the treatment of choice is usually chemotherapy, sometimes also combined with immunotherapy and\/or radiation therapy.<\/p>\n<p>Gastric and oesophageal-gastric junction cancer is considered a high nutritional risk and can lead to malnutrition as early as the diagnosis of the disease, and especially in the more advanced stages. There are many causes that interact with each other: <\/p>\n<ul>\n<li>\n<p>Inadequate oral intake due to the symptoms and location of the disease and treatment-related side effects, such as difficulty swallowing, feelings of fullness, abdominal pain, nausea, vomiting, diarrhoea or lack of appetite, which may lead to reduced food intake and weight loss.<\/p>\n<\/li>\n<li>\n<p>A decrease in muscle mass due to low food intake, a decrease in mobility and\/or the effect of the tumour or treatment.<\/p>\n<\/li>\n<\/ul>\n<p>Deterioration of the nutritional state influences the efficacy and tolerance and response to treatment, as well as the patient\u2019s functional capacity and quality of life. For all these reasons, a proper nutritional state can favour recovery, palliate complications from treatment and lead to a shorter hospital stay and a better prognosis. <\/p>\n<p>The nutritional needs of the person undergoing treatment for stomach cancer can be classified according to the treatment and the stage. Therefore, patients can go directly to the different sections:<\/p>\n<\/div>\n<\/div>\n<div class=\"row\">\n<div class=\"col-md-12 txt-2 text-center\">\nDIETARY RECOMMENDATIONS\n<\/div>\n<\/div>\n<div class=\"row\">\n<div class=\"col-md-3 text-center\">\n    <a class=\"circulo\" href=\"\/en\/types-of-cancer\/gastric\/initial-treatment-with-chemotherapy-radiation-therapy-and-immunotherapy\/\"><span>When the initial treatment is chemotherapy, radiation therapy or immunotherapy<\/span><\/a>\n    <\/div>\n<div class=\"col-md-3 text-center\">\n    <a class=\"circulo\" href=\"\/en\/types-of-cancer\/gastric\/what-to-eat-in-the-weeks-before-surgery\/\"><span>Prior to surgery<\/span><\/a>\n    <\/div>\n<div class=\"col-md-3 text-center\">\n    <a class=\"circulo\" href=\"\/en\/types-of-cancer\/gastric\/post-surgery-what-to-eat-after-a-gastrectomy\/\"><span>After postoperative hospital discharge<\/span><\/a>\n    <\/div>\n<div class=\"col-md-3 text-center\">\n    <a class=\"circulo\" href=\"\/en\/types-of-cancer\/gastric\/adjuvant-post-surgical-treatment\/\"><span>During treatment with chemotherapy\/radiation therapy after surgery<\/span><\/a>\n    <\/div>\n<\/p><\/div>\n<div class=\"row\">\n<div class=\"col-md-12 subtitle-mitos text-left\">\n<\/p>\n<p class=\"p1\">Whatever the stage of treatment the patient is in, they should check with their medical team to find out if there are interactions between any food and the medication received. It is also important not to take any vitamin, mineral, antioxidant, herbal or other supplement without first checking with a specialist. <\/p>\n<p>In addition to a proper diet, it is important to perform physical activity that includes both movement (walking, strolling, cycling, stationary bike, swimming, etc.) and strength exercises, adapted to each situation, as they help to optimise the patient\u2019s muscle mass and functional capacity.\n<\/div>\n<\/div>\n<div class=\"row\">\n<div class=\"col-md-12 text-center\">In collaboration with<\/div>\n<div class=\"col-md-12 text-center\"><img decoding=\"async\" class=\"alignnone size-medium wp-image-8922\" src=\"https:\/\/oncoalicia.com\/wp-content\/uploads\/2024\/09\/3.jpeg\" alt=\"\" width=\"400\" height=\"auto\" \/><\/div>\n<\/div>\n<\/div>\n<\/section>\n","protected":false},"excerpt":{"rendered":"<p>Stomach cancer consists of uncontrolled, abnormal growth of some stomach cells and can occur in any part of the stomach. The stomach is the largest part of the digestive tract and is located in the upper abdomen, between the oesophagus and the small intestine, close to the diaphragm and other abdominal organs, such as the&hellip; <a class=\"more-link\" href=\"https:\/\/oncoalicia.com\/en\/types-of-cancer\/gastric\/\">Continue reading <span class=\"screen-reader-text\">Nutrition During Gastric Cancer Treatment<\/span><\/a><\/p>\n","protected":false},"author":2,"featured_media":0,"parent":3919,"menu_order":0,"comment_status":"closed","ping_status":"closed","template":"mama.php","meta":{"footnotes":""},"class_list":["post-8940","page","type-page","status-publish","hentry","entry"],"yoast_head":"<!-- This site is optimized with the Yoast SEO plugin v26.9 - https:\/\/yoast.com\/product\/yoast-seo-wordpress\/ -->\n<title>Diet recommendations for gastric cancer patients - Oncoalicia<\/title>\n<meta name=\"description\" content=\"Here are several dietary recommendations for people undergoing gastric cancer treatment.\" \/>\n<meta name=\"robots\" content=\"index, follow, max-snippet:-1, max-image-preview:large, max-video-preview:-1\" \/>\n<link rel=\"canonical\" href=\"https:\/\/oncoalicia.com\/en\/types-of-cancer\/gastric\/\" \/>\n<meta property=\"og:locale\" content=\"en_US\" \/>\n<meta property=\"og:type\" content=\"article\" \/>\n<meta property=\"og:title\" content=\"Diet recommendations for gastric cancer patients - Oncoalicia\" \/>\n<meta property=\"og:description\" content=\"Here are several dietary recommendations for people undergoing gastric cancer treatment.\" \/>\n<meta property=\"og:url\" content=\"https:\/\/oncoalicia.com\/en\/types-of-cancer\/gastric\/\" \/>\n<meta property=\"og:site_name\" content=\"Oncoalicia\" \/>\n<meta property=\"article:modified_time\" content=\"2025-07-04T08:37:33+00:00\" \/>\n<meta property=\"og:image\" content=\"https:\/\/oncoalicia.com\/wp-content\/uploads\/2022\/06\/mama.png\" \/>\n\t<meta property=\"og:image:width\" content=\"261\" \/>\n\t<meta property=\"og:image:height\" content=\"365\" \/>\n\t<meta property=\"og:image:type\" content=\"image\/png\" \/>\n<meta name=\"twitter:card\" content=\"summary_large_image\" \/>\n<meta name=\"twitter:label1\" content=\"Est. reading time\" \/>\n\t<meta name=\"twitter:data1\" content=\"3 minutes\" \/>\n<script type=\"application\/ld+json\" class=\"yoast-schema-graph\">{\"@context\":\"https:\/\/schema.org\",\"@graph\":[{\"@type\":\"WebPage\",\"@id\":\"https:\/\/oncoalicia.com\/en\/types-of-cancer\/gastric\/\",\"url\":\"https:\/\/oncoalicia.com\/en\/types-of-cancer\/gastric\/\",\"name\":\"Diet recommendations for gastric cancer patients - Oncoalicia\",\"isPartOf\":{\"@id\":\"https:\/\/oncoalicia.com\/en\/#website\"},\"primaryImageOfPage\":{\"@id\":\"https:\/\/oncoalicia.com\/en\/types-of-cancer\/gastric\/#primaryimage\"},\"image\":{\"@id\":\"https:\/\/oncoalicia.com\/en\/types-of-cancer\/gastric\/#primaryimage\"},\"thumbnailUrl\":\"https:\/\/oncoalicia.com\/wp-content\/uploads\/2024\/10\/Principal-Gastrico-English.png\",\"datePublished\":\"2024-05-13T22:28:22+00:00\",\"dateModified\":\"2025-07-04T08:37:33+00:00\",\"description\":\"Here are several dietary recommendations for people undergoing gastric cancer treatment.\",\"breadcrumb\":{\"@id\":\"https:\/\/oncoalicia.com\/en\/types-of-cancer\/gastric\/#breadcrumb\"},\"inLanguage\":\"en-US\",\"potentialAction\":[{\"@type\":\"ReadAction\",\"target\":[\"https:\/\/oncoalicia.com\/en\/types-of-cancer\/gastric\/\"]}]},{\"@type\":\"ImageObject\",\"inLanguage\":\"en-US\",\"@id\":\"https:\/\/oncoalicia.com\/en\/types-of-cancer\/gastric\/#primaryimage\",\"url\":\"https:\/\/oncoalicia.com\/wp-content\/uploads\/2024\/10\/Principal-Gastrico-English.png\",\"contentUrl\":\"https:\/\/oncoalicia.com\/wp-content\/uploads\/2024\/10\/Principal-Gastrico-English.png\"},{\"@type\":\"BreadcrumbList\",\"@id\":\"https:\/\/oncoalicia.com\/en\/types-of-cancer\/gastric\/#breadcrumb\",\"itemListElement\":[{\"@type\":\"ListItem\",\"position\":1,\"name\":\"Portada\",\"item\":\"https:\/\/oncoalicia.com\/en\/\"},{\"@type\":\"ListItem\",\"position\":2,\"name\":\"Types of Cancer\",\"item\":\"https:\/\/oncoalicia.com\/en\/types-of-cancer\/\"},{\"@type\":\"ListItem\",\"position\":3,\"name\":\"Nutrition During Gastric Cancer Treatment\"}]},{\"@type\":\"WebSite\",\"@id\":\"https:\/\/oncoalicia.com\/en\/#website\",\"url\":\"https:\/\/oncoalicia.com\/en\/\",\"name\":\"Oncoal\u00edcia\",\"description\":\"Comer durante el Tratamiento del C\u00e1ncer\",\"publisher\":{\"@id\":\"https:\/\/oncoalicia.com\/en\/#organization\"},\"alternateName\":\"Oncoal\u00edcia | Comer durante el Tratamiento del C\u00e1ncer\",\"potentialAction\":[{\"@type\":\"SearchAction\",\"target\":{\"@type\":\"EntryPoint\",\"urlTemplate\":\"https:\/\/oncoalicia.com\/en\/?s={search_term_string}\"},\"query-input\":{\"@type\":\"PropertyValueSpecification\",\"valueRequired\":true,\"valueName\":\"search_term_string\"}}],\"inLanguage\":\"en-US\"},{\"@type\":\"Organization\",\"@id\":\"https:\/\/oncoalicia.com\/en\/#organization\",\"name\":\"Oncoal\u00edcia\",\"alternateName\":\"Oncoal\u00edcia | Comer durante el Tratamiento del C\u00e1ncer\",\"url\":\"https:\/\/oncoalicia.com\/en\/\",\"logo\":{\"@type\":\"ImageObject\",\"inLanguage\":\"en-US\",\"@id\":\"https:\/\/oncoalicia.com\/en\/#\/schema\/logo\/image\/\",\"url\":\"https:\/\/oncoalicia.com\/wp-content\/uploads\/2022\/11\/logo_rrss.png\",\"contentUrl\":\"https:\/\/oncoalicia.com\/wp-content\/uploads\/2022\/11\/logo_rrss.png\",\"width\":300,\"height\":300,\"caption\":\"Oncoal\u00edcia\"},\"image\":{\"@id\":\"https:\/\/oncoalicia.com\/en\/#\/schema\/logo\/image\/\"}}]}<\/script>\n<!-- \/ Yoast SEO plugin. -->","yoast_head_json":{"title":"Diet recommendations for gastric cancer patients - Oncoalicia","description":"Here are several dietary recommendations for people undergoing gastric cancer treatment.","robots":{"index":"index","follow":"follow","max-snippet":"max-snippet:-1","max-image-preview":"max-image-preview:large","max-video-preview":"max-video-preview:-1"},"canonical":"https:\/\/oncoalicia.com\/en\/types-of-cancer\/gastric\/","og_locale":"en_US","og_type":"article","og_title":"Diet recommendations for gastric cancer patients - Oncoalicia","og_description":"Here are several dietary recommendations for people undergoing gastric cancer treatment.","og_url":"https:\/\/oncoalicia.com\/en\/types-of-cancer\/gastric\/","og_site_name":"Oncoalicia","article_modified_time":"2025-07-04T08:37:33+00:00","og_image":[{"width":261,"height":365,"url":"https:\/\/oncoalicia.com\/wp-content\/uploads\/2022\/06\/mama.png","type":"image\/png"}],"twitter_card":"summary_large_image","twitter_misc":{"Est. reading time":"3 minutes"},"schema":{"@context":"https:\/\/schema.org","@graph":[{"@type":"WebPage","@id":"https:\/\/oncoalicia.com\/en\/types-of-cancer\/gastric\/","url":"https:\/\/oncoalicia.com\/en\/types-of-cancer\/gastric\/","name":"Diet recommendations for gastric cancer patients - Oncoalicia","isPartOf":{"@id":"https:\/\/oncoalicia.com\/en\/#website"},"primaryImageOfPage":{"@id":"https:\/\/oncoalicia.com\/en\/types-of-cancer\/gastric\/#primaryimage"},"image":{"@id":"https:\/\/oncoalicia.com\/en\/types-of-cancer\/gastric\/#primaryimage"},"thumbnailUrl":"https:\/\/oncoalicia.com\/wp-content\/uploads\/2024\/10\/Principal-Gastrico-English.png","datePublished":"2024-05-13T22:28:22+00:00","dateModified":"2025-07-04T08:37:33+00:00","description":"Here are several dietary recommendations for people undergoing gastric cancer treatment.","breadcrumb":{"@id":"https:\/\/oncoalicia.com\/en\/types-of-cancer\/gastric\/#breadcrumb"},"inLanguage":"en-US","potentialAction":[{"@type":"ReadAction","target":["https:\/\/oncoalicia.com\/en\/types-of-cancer\/gastric\/"]}]},{"@type":"ImageObject","inLanguage":"en-US","@id":"https:\/\/oncoalicia.com\/en\/types-of-cancer\/gastric\/#primaryimage","url":"https:\/\/oncoalicia.com\/wp-content\/uploads\/2024\/10\/Principal-Gastrico-English.png","contentUrl":"https:\/\/oncoalicia.com\/wp-content\/uploads\/2024\/10\/Principal-Gastrico-English.png"},{"@type":"BreadcrumbList","@id":"https:\/\/oncoalicia.com\/en\/types-of-cancer\/gastric\/#breadcrumb","itemListElement":[{"@type":"ListItem","position":1,"name":"Portada","item":"https:\/\/oncoalicia.com\/en\/"},{"@type":"ListItem","position":2,"name":"Types of Cancer","item":"https:\/\/oncoalicia.com\/en\/types-of-cancer\/"},{"@type":"ListItem","position":3,"name":"Nutrition During Gastric Cancer Treatment"}]},{"@type":"WebSite","@id":"https:\/\/oncoalicia.com\/en\/#website","url":"https:\/\/oncoalicia.com\/en\/","name":"Oncoal\u00edcia","description":"Comer durante el Tratamiento del C\u00e1ncer","publisher":{"@id":"https:\/\/oncoalicia.com\/en\/#organization"},"alternateName":"Oncoal\u00edcia | Comer durante el Tratamiento del C\u00e1ncer","potentialAction":[{"@type":"SearchAction","target":{"@type":"EntryPoint","urlTemplate":"https:\/\/oncoalicia.com\/en\/?s={search_term_string}"},"query-input":{"@type":"PropertyValueSpecification","valueRequired":true,"valueName":"search_term_string"}}],"inLanguage":"en-US"},{"@type":"Organization","@id":"https:\/\/oncoalicia.com\/en\/#organization","name":"Oncoal\u00edcia","alternateName":"Oncoal\u00edcia | Comer durante el Tratamiento del C\u00e1ncer","url":"https:\/\/oncoalicia.com\/en\/","logo":{"@type":"ImageObject","inLanguage":"en-US","@id":"https:\/\/oncoalicia.com\/en\/#\/schema\/logo\/image\/","url":"https:\/\/oncoalicia.com\/wp-content\/uploads\/2022\/11\/logo_rrss.png","contentUrl":"https:\/\/oncoalicia.com\/wp-content\/uploads\/2022\/11\/logo_rrss.png","width":300,"height":300,"caption":"Oncoal\u00edcia"},"image":{"@id":"https:\/\/oncoalicia.com\/en\/#\/schema\/logo\/image\/"}}]}},"_links":{"self":[{"href":"https:\/\/oncoalicia.com\/en\/wp-json\/wp\/v2\/pages\/8940","targetHints":{"allow":["GET"]}}],"collection":[{"href":"https:\/\/oncoalicia.com\/en\/wp-json\/wp\/v2\/pages"}],"about":[{"href":"https:\/\/oncoalicia.com\/en\/wp-json\/wp\/v2\/types\/page"}],"author":[{"embeddable":true,"href":"https:\/\/oncoalicia.com\/en\/wp-json\/wp\/v2\/users\/2"}],"replies":[{"embeddable":true,"href":"https:\/\/oncoalicia.com\/en\/wp-json\/wp\/v2\/comments?post=8940"}],"version-history":[{"count":0,"href":"https:\/\/oncoalicia.com\/en\/wp-json\/wp\/v2\/pages\/8940\/revisions"}],"up":[{"embeddable":true,"href":"https:\/\/oncoalicia.com\/en\/wp-json\/wp\/v2\/pages\/3919"}],"wp:attachment":[{"href":"https:\/\/oncoalicia.com\/en\/wp-json\/wp\/v2\/media?parent=8940"}],"curies":[{"name":"wp","href":"https:\/\/api.w.org\/{rel}","templated":true}]}}