{"id":8955,"date":"2024-05-31T20:07:07","date_gmt":"2024-05-31T20:07:07","guid":{"rendered":"https:\/\/oncoalicia.com\/?page_id=8955"},"modified":"2025-07-04T08:39:02","modified_gmt":"2025-07-04T08:39:02","slug":"altered-sense-of-taste","status":"publish","type":"page","link":"https:\/\/oncoalicia.com\/en\/types-of-cancer\/gastric\/initial-treatment-with-chemotherapy-radiation-therapy-and-immunotherapy\/altered-sense-of-taste\/","title":{"rendered":"Alteration of Taste During Gastric Cancer Treatment"},"content":{"rendered":"<p>Changes in the tastes of certain foods are caused by the effects of certain medications or chemotherapy treatments on the taste buds. These alterations in the taste of food can make the act of eating unpleasant by hindering enjoyment of the food. This jeopardises adherence to a balanced, sufficient diet. Recovery of the usual sense of taste varies and may take up to several weeks after the end of treatment.<\/p>\n","protected":false},"excerpt":{"rendered":"<p>Changes in the tastes of certain foods are caused by the effects of certain medications or chemotherapy treatments on the taste buds. These alterations in the taste of food can make the act of eating unpleasant by hindering enjoyment of the food. This jeopardises adherence to a balanced, sufficient diet. Recovery of the usual sense&hellip; <a class=\"more-link\" href=\"https:\/\/oncoalicia.com\/en\/types-of-cancer\/gastric\/initial-treatment-with-chemotherapy-radiation-therapy-and-immunotherapy\/altered-sense-of-taste\/\">Continue reading <span class=\"screen-reader-text\">Alteration of Taste During Gastric Cancer Treatment<\/span><\/a><\/p>\n","protected":false},"author":2,"featured_media":0,"parent":8944,"menu_order":0,"comment_status":"closed","ping_status":"closed","template":"gastrico_alteracion.php","meta":{"footnotes":""},"class_list":["post-8955","page","type-page","status-publish","hentry","entry"],"yoast_head":"<!-- This site is optimized with the Yoast SEO plugin v26.9 - https:\/\/yoast.com\/product\/yoast-seo-wordpress\/ -->\n<title>How can stomach cancer treatment affect taste? - Oncoalicia<\/title>\n<meta name=\"description\" content=\"Discover how taste sensitivity changes can manifest in people undergoing stomach cancer treatment.\" \/>\n<meta name=\"robots\" content=\"index, follow, max-snippet:-1, max-image-preview:large, max-video-preview:-1\" \/>\n<link rel=\"canonical\" href=\"https:\/\/oncoalicia.com\/en\/types-of-cancer\/gastric\/initial-treatment-with-chemotherapy-radiation-therapy-and-immunotherapy\/altered-sense-of-taste\/\" \/>\n<meta property=\"og:locale\" content=\"en_US\" \/>\n<meta property=\"og:type\" content=\"article\" \/>\n<meta property=\"og:title\" content=\"How can stomach cancer treatment affect taste? - Oncoalicia\" \/>\n<meta property=\"og:description\" content=\"Discover how taste sensitivity changes can manifest in people undergoing stomach cancer treatment.\" \/>\n<meta property=\"og:url\" content=\"https:\/\/oncoalicia.com\/en\/types-of-cancer\/gastric\/initial-treatment-with-chemotherapy-radiation-therapy-and-immunotherapy\/altered-sense-of-taste\/\" \/>\n<meta property=\"og:site_name\" content=\"Oncoalicia\" \/>\n<meta property=\"article:modified_time\" content=\"2025-07-04T08:39:02+00:00\" \/>\n<meta property=\"og:image\" content=\"https:\/\/oncoalicia.com\/wp-content\/uploads\/2021\/12\/Asset-3.png\" \/>\n\t<meta property=\"og:image:width\" content=\"300\" \/>\n\t<meta property=\"og:image:height\" content=\"300\" \/>\n\t<meta property=\"og:image:type\" content=\"image\/png\" \/>\n<meta name=\"twitter:card\" content=\"summary_large_image\" \/>\n<meta name=\"twitter:label1\" content=\"Est. reading time\" \/>\n\t<meta name=\"twitter:data1\" content=\"1 minute\" \/>\n<script type=\"application\/ld+json\" class=\"yoast-schema-graph\">{\"@context\":\"https:\/\/schema.org\",\"@graph\":[{\"@type\":\"WebPage\",\"@id\":\"https:\/\/oncoalicia.com\/en\/types-of-cancer\/gastric\/initial-treatment-with-chemotherapy-radiation-therapy-and-immunotherapy\/altered-sense-of-taste\/\",\"url\":\"https:\/\/oncoalicia.com\/en\/types-of-cancer\/gastric\/initial-treatment-with-chemotherapy-radiation-therapy-and-immunotherapy\/altered-sense-of-taste\/\",\"name\":\"How can stomach cancer treatment affect taste? - Oncoalicia\",\"isPartOf\":{\"@id\":\"https:\/\/oncoalicia.com\/en\/#website\"},\"datePublished\":\"2024-05-31T20:07:07+00:00\",\"dateModified\":\"2025-07-04T08:39:02+00:00\",\"description\":\"Discover how taste sensitivity changes can manifest in people undergoing stomach cancer treatment.\",\"breadcrumb\":{\"@id\":\"https:\/\/oncoalicia.com\/en\/types-of-cancer\/gastric\/initial-treatment-with-chemotherapy-radiation-therapy-and-immunotherapy\/altered-sense-of-taste\/#breadcrumb\"},\"inLanguage\":\"en-US\",\"potentialAction\":[{\"@type\":\"ReadAction\",\"target\":[\"https:\/\/oncoalicia.com\/en\/types-of-cancer\/gastric\/initial-treatment-with-chemotherapy-radiation-therapy-and-immunotherapy\/altered-sense-of-taste\/\"]}]},{\"@type\":\"BreadcrumbList\",\"@id\":\"https:\/\/oncoalicia.com\/en\/types-of-cancer\/gastric\/initial-treatment-with-chemotherapy-radiation-therapy-and-immunotherapy\/altered-sense-of-taste\/#breadcrumb\",\"itemListElement\":[{\"@type\":\"ListItem\",\"position\":1,\"name\":\"Portada\",\"item\":\"https:\/\/oncoalicia.com\/en\/\"},{\"@type\":\"ListItem\",\"position\":2,\"name\":\"Types of Cancer\",\"item\":\"https:\/\/oncoalicia.com\/en\/types-of-cancer\/\"},{\"@type\":\"ListItem\",\"position\":3,\"name\":\"Nutrition During Gastric Cancer Treatment\",\"item\":\"https:\/\/oncoalicia.com\/en\/types-of-cancer\/gastric\/\"},{\"@type\":\"ListItem\",\"position\":4,\"name\":\"Dietary Recommendations in Initial Treatment during Chemothrapy, Radiation Therapy and Immunotherapy in Gastric Cancer\",\"item\":\"https:\/\/oncoalicia.com\/en\/types-of-cancer\/gastric\/initial-treatment-with-chemotherapy-radiation-therapy-and-immunotherapy\/\"},{\"@type\":\"ListItem\",\"position\":5,\"name\":\"Alteration of Taste During Gastric Cancer Treatment\"}]},{\"@type\":\"WebSite\",\"@id\":\"https:\/\/oncoalicia.com\/en\/#website\",\"url\":\"https:\/\/oncoalicia.com\/en\/\",\"name\":\"Oncoal\u00edcia\",\"description\":\"Comer durante el Tratamiento del C\u00e1ncer\",\"publisher\":{\"@id\":\"https:\/\/oncoalicia.com\/en\/#organization\"},\"alternateName\":\"Oncoal\u00edcia | Comer durante el Tratamiento del C\u00e1ncer\",\"potentialAction\":[{\"@type\":\"SearchAction\",\"target\":{\"@type\":\"EntryPoint\",\"urlTemplate\":\"https:\/\/oncoalicia.com\/en\/?s={search_term_string}\"},\"query-input\":{\"@type\":\"PropertyValueSpecification\",\"valueRequired\":true,\"valueName\":\"search_term_string\"}}],\"inLanguage\":\"en-US\"},{\"@type\":\"Organization\",\"@id\":\"https:\/\/oncoalicia.com\/en\/#organization\",\"name\":\"Oncoal\u00edcia\",\"alternateName\":\"Oncoal\u00edcia | Comer durante el Tratamiento del C\u00e1ncer\",\"url\":\"https:\/\/oncoalicia.com\/en\/\",\"logo\":{\"@type\":\"ImageObject\",\"inLanguage\":\"en-US\",\"@id\":\"https:\/\/oncoalicia.com\/en\/#\/schema\/logo\/image\/\",\"url\":\"https:\/\/oncoalicia.com\/wp-content\/uploads\/2022\/11\/logo_rrss.png\",\"contentUrl\":\"https:\/\/oncoalicia.com\/wp-content\/uploads\/2022\/11\/logo_rrss.png\",\"width\":300,\"height\":300,\"caption\":\"Oncoal\u00edcia\"},\"image\":{\"@id\":\"https:\/\/oncoalicia.com\/en\/#\/schema\/logo\/image\/\"}}]}<\/script>\n<!-- \/ Yoast SEO plugin. -->","yoast_head_json":{"title":"How can stomach cancer treatment affect taste? - Oncoalicia","description":"Discover how taste sensitivity changes can manifest in people undergoing stomach cancer treatment.","robots":{"index":"index","follow":"follow","max-snippet":"max-snippet:-1","max-image-preview":"max-image-preview:large","max-video-preview":"max-video-preview:-1"},"canonical":"https:\/\/oncoalicia.com\/en\/types-of-cancer\/gastric\/initial-treatment-with-chemotherapy-radiation-therapy-and-immunotherapy\/altered-sense-of-taste\/","og_locale":"en_US","og_type":"article","og_title":"How can stomach cancer treatment affect taste? - Oncoalicia","og_description":"Discover how taste sensitivity changes can manifest in people undergoing stomach cancer treatment.","og_url":"https:\/\/oncoalicia.com\/en\/types-of-cancer\/gastric\/initial-treatment-with-chemotherapy-radiation-therapy-and-immunotherapy\/altered-sense-of-taste\/","og_site_name":"Oncoalicia","article_modified_time":"2025-07-04T08:39:02+00:00","og_image":[{"width":300,"height":300,"url":"https:\/\/oncoalicia.com\/wp-content\/uploads\/2021\/12\/Asset-3.png","type":"image\/png"}],"twitter_card":"summary_large_image","twitter_misc":{"Est. reading time":"1 minute"},"schema":{"@context":"https:\/\/schema.org","@graph":[{"@type":"WebPage","@id":"https:\/\/oncoalicia.com\/en\/types-of-cancer\/gastric\/initial-treatment-with-chemotherapy-radiation-therapy-and-immunotherapy\/altered-sense-of-taste\/","url":"https:\/\/oncoalicia.com\/en\/types-of-cancer\/gastric\/initial-treatment-with-chemotherapy-radiation-therapy-and-immunotherapy\/altered-sense-of-taste\/","name":"How can stomach cancer treatment affect taste? - Oncoalicia","isPartOf":{"@id":"https:\/\/oncoalicia.com\/en\/#website"},"datePublished":"2024-05-31T20:07:07+00:00","dateModified":"2025-07-04T08:39:02+00:00","description":"Discover how taste sensitivity changes can manifest in people undergoing stomach cancer treatment.","breadcrumb":{"@id":"https:\/\/oncoalicia.com\/en\/types-of-cancer\/gastric\/initial-treatment-with-chemotherapy-radiation-therapy-and-immunotherapy\/altered-sense-of-taste\/#breadcrumb"},"inLanguage":"en-US","potentialAction":[{"@type":"ReadAction","target":["https:\/\/oncoalicia.com\/en\/types-of-cancer\/gastric\/initial-treatment-with-chemotherapy-radiation-therapy-and-immunotherapy\/altered-sense-of-taste\/"]}]},{"@type":"BreadcrumbList","@id":"https:\/\/oncoalicia.com\/en\/types-of-cancer\/gastric\/initial-treatment-with-chemotherapy-radiation-therapy-and-immunotherapy\/altered-sense-of-taste\/#breadcrumb","itemListElement":[{"@type":"ListItem","position":1,"name":"Portada","item":"https:\/\/oncoalicia.com\/en\/"},{"@type":"ListItem","position":2,"name":"Types of Cancer","item":"https:\/\/oncoalicia.com\/en\/types-of-cancer\/"},{"@type":"ListItem","position":3,"name":"Nutrition During Gastric Cancer Treatment","item":"https:\/\/oncoalicia.com\/en\/types-of-cancer\/gastric\/"},{"@type":"ListItem","position":4,"name":"Dietary Recommendations in Initial Treatment during Chemothrapy, Radiation Therapy and Immunotherapy in Gastric Cancer","item":"https:\/\/oncoalicia.com\/en\/types-of-cancer\/gastric\/initial-treatment-with-chemotherapy-radiation-therapy-and-immunotherapy\/"},{"@type":"ListItem","position":5,"name":"Alteration of Taste During Gastric Cancer Treatment"}]},{"@type":"WebSite","@id":"https:\/\/oncoalicia.com\/en\/#website","url":"https:\/\/oncoalicia.com\/en\/","name":"Oncoal\u00edcia","description":"Comer durante el Tratamiento del C\u00e1ncer","publisher":{"@id":"https:\/\/oncoalicia.com\/en\/#organization"},"alternateName":"Oncoal\u00edcia | Comer durante el Tratamiento del C\u00e1ncer","potentialAction":[{"@type":"SearchAction","target":{"@type":"EntryPoint","urlTemplate":"https:\/\/oncoalicia.com\/en\/?s={search_term_string}"},"query-input":{"@type":"PropertyValueSpecification","valueRequired":true,"valueName":"search_term_string"}}],"inLanguage":"en-US"},{"@type":"Organization","@id":"https:\/\/oncoalicia.com\/en\/#organization","name":"Oncoal\u00edcia","alternateName":"Oncoal\u00edcia | Comer durante el Tratamiento del C\u00e1ncer","url":"https:\/\/oncoalicia.com\/en\/","logo":{"@type":"ImageObject","inLanguage":"en-US","@id":"https:\/\/oncoalicia.com\/en\/#\/schema\/logo\/image\/","url":"https:\/\/oncoalicia.com\/wp-content\/uploads\/2022\/11\/logo_rrss.png","contentUrl":"https:\/\/oncoalicia.com\/wp-content\/uploads\/2022\/11\/logo_rrss.png","width":300,"height":300,"caption":"Oncoal\u00edcia"},"image":{"@id":"https:\/\/oncoalicia.com\/en\/#\/schema\/logo\/image\/"}}]}},"_links":{"self":[{"href":"https:\/\/oncoalicia.com\/en\/wp-json\/wp\/v2\/pages\/8955","targetHints":{"allow":["GET"]}}],"collection":[{"href":"https:\/\/oncoalicia.com\/en\/wp-json\/wp\/v2\/pages"}],"about":[{"href":"https:\/\/oncoalicia.com\/en\/wp-json\/wp\/v2\/types\/page"}],"author":[{"embeddable":true,"href":"https:\/\/oncoalicia.com\/en\/wp-json\/wp\/v2\/users\/2"}],"replies":[{"embeddable":true,"href":"https:\/\/oncoalicia.com\/en\/wp-json\/wp\/v2\/comments?post=8955"}],"version-history":[{"count":0,"href":"https:\/\/oncoalicia.com\/en\/wp-json\/wp\/v2\/pages\/8955\/revisions"}],"up":[{"embeddable":true,"href":"https:\/\/oncoalicia.com\/en\/wp-json\/wp\/v2\/pages\/8944"}],"wp:attachment":[{"href":"https:\/\/oncoalicia.com\/en\/wp-json\/wp\/v2\/media?parent=8955"}],"curies":[{"name":"wp","href":"https:\/\/api.w.org\/{rel}","templated":true}]}}