{"id":8957,"date":"2024-05-31T20:12:45","date_gmt":"2024-05-31T20:12:45","guid":{"rendered":"https:\/\/oncoalicia.com\/?page_id=8957"},"modified":"2025-07-04T08:39:18","modified_gmt":"2025-07-04T08:39:18","slug":"decrease-or-disappearance-of-taste-sensitivity","status":"publish","type":"page","link":"https:\/\/oncoalicia.com\/en\/types-of-cancer\/gastric\/initial-treatment-with-chemotherapy-radiation-therapy-and-immunotherapy\/altered-sense-of-taste\/decrease-or-disappearance-of-taste-sensitivity\/","title":{"rendered":"Dietary Recommendations for Loss of Taste in Gastric Cancer"},"content":{"rendered":"<div class=\"row\">\n<div class=\"col-md-12 subtitle-mitos\">\n<p>These are called hypogeusia and ageusia, respectively, and refer to the decrease and disappearance of the ability to detect the flavour of food.<\/p>\n<\/p><\/div>\n<\/div>\n<div class=\"row p-40 w-60\">\n<div class=\"col-md-12 text-center\">\n<h2 class=\"h3 recomanem-efectes-cancer\">\u00bfQU\u00c9 TE RECOMENDAMOS?<\/h2>\n<\/p><\/div>\n<div class=\"col-md-12 p-10 text-center\">\n<h3 class=\"btn-orange recomanacions-tipus-cancer\" style=\"font-weight: bold;\">Maintain proper oral hygiene.<\/h3>\n<\/p><\/div>\n<div class=\"col-md-12 p-10 text-center\">\n<h3><a class=\"btn-orange recomanacions-tipus-cancer\" role=\"button\" href=\"#collapseExample-1\" data-toggle=\"collapse\" aria-expanded=\"false\" aria-controls=\"collapseExample\">Increase food seasoning with spices and\/or herbs. <i class=\"fa fa-angle-down\" aria-hidden=\"true\"><\/i><\/a><\/h3>\n<div id=\"collapseExample-1\" class=\"collapse\">\n<div class=\"card-body\">\n<div class=\"row\">\n<div class=\"col-md-12 descrip\">\n<p>You can use mint, basil, oregano, thyme, bay leaf, fennel, garlic, citrus juices, salt (as long as it is not contraindicated) or flavour enhancers (bullion cubes). In case of painful swallowing or acid reflux, avoid dishes with garlic and acidic foods.<\/p>\n<\/p><\/div>\n<div class=\"col-md-12 text-center\">\n<div class=\"row\">\n<div class=\"col-md-12 recetas-sug\">\n                                <b>Some suggested recipes:<\/b>\n                            <\/div>\n<\/p><\/div>\n<div class=\"row\">\n<div class=\"col-md-4 col-sm-6 text-center recetitas\">\n                                <a href=\"\/en\/recipes\/tabbouleh\/\"><\/p>\n<div class=\"cuadro-receta-2 text-center\">\n                                        <img decoding=\"async\" src=\"https:\/\/oncoalicia.com\/wp-content\/uploads\/2021\/10\/Tabouleh.jpg\" class=\"w-50\"><\/p>\n<div class=\"txt-mito\">\n                                            Tabbouleh<\/p><\/div>\n<\/p><\/div>\n<p>                                <\/a>\n                            <\/div>\n<div class=\"col-md-4 col-sm-6 text-center recetitas\">\n                                <a href=\"\/en\/recipes\/red-lentil-dahl\/\"><\/p>\n<div class=\"cuadro-receta-2 text-center\">\n                                        <img decoding=\"async\" src=\"https:\/\/oncoalicia.com\/wp-content\/uploads\/2021\/10\/Dahl-Hindu.jpg\" class=\"w-50\"><\/p>\n<div class=\"txt-mito\">\n                                            Red Lentil Dahl<\/p><\/div>\n<\/p><\/div>\n<p>                                <\/a>\n                            <\/div>\n<div class=\"col-md-4 col-sm-6 text-center recetitas\">\n                                <a href=\"\/en\/recipes\/curry-chicken-with-rice-and-apple\/\"><\/p>\n<div class=\"cuadro-receta-2 text-center\">\n                                        <img decoding=\"async\" src=\"https:\/\/oncoalicia.com\/wp-content\/uploads\/2022\/02\/Pollo-al-curri-con-arroz-y-manzana.jpg\" class=\"w-50\"><\/p>\n<div class=\"txt-mito\">\n                                            Chicken and apple curry with rice<\/p><\/div>\n<\/p><\/div>\n<p>                                <\/a>\n                            <\/div>\n<\/p><\/div>\n<\/p><\/div>\n<\/p><\/div>\n<\/p><\/div>\n<\/p><\/div>\n<\/p><\/div>\n<div class=\"col-md-12 p-10 text-center\">\n<h3 class=\"btn-orange recomanacions-tipus-cancer\" style=\"font-weight: bold;\">Choose strong flavours, such as aged cheese with creamy soup or vegetables, to enhance the flavour of the food.<\/h3>\n<\/p><\/div>\n<div class=\"col-md-12 p-10 text-center\">\n<h3><a class=\"btn-orange recomanacions-tipus-cancer\" role=\"button\" href=\"#collapseExample-2\" data-toggle=\"collapse\" aria-expanded=\"false\" aria-controls=\"collapseExample\">Chew slowly. <i class=\"fa fa-angle-down\" aria-hidden=\"true\"><\/i><\/a><\/h3>\n<div id=\"collapseExample-2\" class=\"collapse\">\n<div class=\"card-body\">\n<div class=\"row\">\n<div class=\"col-md-12 descrip\">\n<p>This helps to release flavours and increases saliva production.<\/p>\n<\/p><\/div>\n<\/p><\/div>\n<\/p><\/div>\n<\/p><\/div>\n<\/p><\/div>\n<div class=\"col-md-12 p-10 text-center\">\n<h3 class=\"btn-orange recomanacions-tipus-cancer\" style=\"font-weight: bold;\">Choose liquid or juicy foods to help to dissolve the flavours so they enter the taste buds.<\/h3>\n<\/p><\/div>\n<div class=\"col-md-12 p-10 text-center\">\n<h3><a class=\"btn-orange recomanacions-tipus-cancer\" role=\"button\" href=\"#collapseExample-3\" data-toggle=\"collapse\" aria-expanded=\"false\" aria-controls=\"collapseExample\">Enhance dishes with different basic flavours. <i class=\"fa fa-angle-down\" aria-hidden=\"true\"><\/i><\/a><\/h3>\n<div id=\"collapseExample-3\" class=\"collapse\">\n<div class=\"card-body\">\n<div class=\"row\">\n<div class=\"col-md-12 descrip\">\n<p>The perception of one flavour may be more compromised than another one. Try to find out which flavours are altered or diminished (acid, bitter, sweet, salty, umami) to enhance meals with the flavours that are tasted more. The following recipe can be used as an example of adapting dishes to the different basic flavours.<\/p>\n<\/p><\/div>\n<\/p><\/div>\n<\/p><\/div>\n<\/p><\/div>\n<\/p><\/div>\n<div class=\"col-md-12 p-10 text-center\">\n<h3 class=\"btn-orange recomanacions-tipus-cancer\" style=\"font-weight: bold;\">Try to detect if there are any food or food groups that are impacted more.<\/h3>\n<\/p><\/div>\n<\/div>\n","protected":false},"excerpt":{"rendered":"<p>These are called hypogeusia and ageusia, respectively, and refer to the decrease and disappearance of the ability to detect the flavour of food. \u00bfQU\u00c9 TE RECOMENDAMOS? Maintain proper oral hygiene. Increase food seasoning with spices and\/or herbs. You can use mint, basil, oregano, thyme, bay leaf, fennel, garlic, citrus juices, salt (as long as it&hellip; <a class=\"more-link\" href=\"https:\/\/oncoalicia.com\/en\/types-of-cancer\/gastric\/initial-treatment-with-chemotherapy-radiation-therapy-and-immunotherapy\/altered-sense-of-taste\/decrease-or-disappearance-of-taste-sensitivity\/\">Continue reading <span class=\"screen-reader-text\">Dietary Recommendations for Loss of Taste in Gastric Cancer<\/span><\/a><\/p>\n","protected":false},"author":2,"featured_media":0,"parent":8955,"menu_order":0,"comment_status":"closed","ping_status":"closed","template":"","meta":{"footnotes":""},"class_list":["post-8957","page","type-page","status-publish","hentry","entry"],"yoast_head":"<!-- This site is optimized with the Yoast SEO plugin v26.9 - https:\/\/yoast.com\/product\/yoast-seo-wordpress\/ -->\n<title>Nutrition for stomach cancer patients experiencing decreased taste - Oncoalicia<\/title>\n<meta name=\"description\" content=\"Find dietary recommendations for people with stomach cancer who are experiencing decrease or disappearance of taste due to treatment.\" \/>\n<meta name=\"robots\" content=\"index, follow, max-snippet:-1, max-image-preview:large, max-video-preview:-1\" \/>\n<link rel=\"canonical\" href=\"https:\/\/oncoalicia.com\/en\/types-of-cancer\/gastric\/initial-treatment-with-chemotherapy-radiation-therapy-and-immunotherapy\/altered-sense-of-taste\/decrease-or-disappearance-of-taste-sensitivity\/\" \/>\n<meta property=\"og:locale\" content=\"en_US\" \/>\n<meta property=\"og:type\" content=\"article\" \/>\n<meta property=\"og:title\" content=\"Nutrition for stomach cancer patients experiencing decreased taste - Oncoalicia\" \/>\n<meta property=\"og:description\" content=\"Find dietary recommendations for people with stomach cancer who are experiencing decrease or disappearance of taste due to treatment.\" \/>\n<meta property=\"og:url\" content=\"https:\/\/oncoalicia.com\/en\/types-of-cancer\/gastric\/initial-treatment-with-chemotherapy-radiation-therapy-and-immunotherapy\/altered-sense-of-taste\/decrease-or-disappearance-of-taste-sensitivity\/\" \/>\n<meta property=\"og:site_name\" content=\"Oncoalicia\" \/>\n<meta property=\"article:modified_time\" content=\"2025-07-04T08:39:18+00:00\" \/>\n<meta property=\"og:image\" content=\"https:\/\/oncoalicia.com\/wp-content\/uploads\/2021\/10\/Tabouleh.jpg\" \/>\n<meta name=\"twitter:card\" content=\"summary_large_image\" \/>\n<meta name=\"twitter:label1\" content=\"Est. reading time\" \/>\n\t<meta name=\"twitter:data1\" content=\"2 minutes\" \/>\n<script type=\"application\/ld+json\" class=\"yoast-schema-graph\">{\"@context\":\"https:\/\/schema.org\",\"@graph\":[{\"@type\":\"WebPage\",\"@id\":\"https:\/\/oncoalicia.com\/en\/types-of-cancer\/gastric\/initial-treatment-with-chemotherapy-radiation-therapy-and-immunotherapy\/altered-sense-of-taste\/decrease-or-disappearance-of-taste-sensitivity\/\",\"url\":\"https:\/\/oncoalicia.com\/en\/types-of-cancer\/gastric\/initial-treatment-with-chemotherapy-radiation-therapy-and-immunotherapy\/altered-sense-of-taste\/decrease-or-disappearance-of-taste-sensitivity\/\",\"name\":\"Nutrition for stomach cancer patients experiencing decreased taste - Oncoalicia\",\"isPartOf\":{\"@id\":\"https:\/\/oncoalicia.com\/en\/#website\"},\"primaryImageOfPage\":{\"@id\":\"https:\/\/oncoalicia.com\/en\/types-of-cancer\/gastric\/initial-treatment-with-chemotherapy-radiation-therapy-and-immunotherapy\/altered-sense-of-taste\/decrease-or-disappearance-of-taste-sensitivity\/#primaryimage\"},\"image\":{\"@id\":\"https:\/\/oncoalicia.com\/en\/types-of-cancer\/gastric\/initial-treatment-with-chemotherapy-radiation-therapy-and-immunotherapy\/altered-sense-of-taste\/decrease-or-disappearance-of-taste-sensitivity\/#primaryimage\"},\"thumbnailUrl\":\"https:\/\/oncoalicia.com\/wp-content\/uploads\/2021\/10\/Tabouleh.jpg\",\"datePublished\":\"2024-05-31T20:12:45+00:00\",\"dateModified\":\"2025-07-04T08:39:18+00:00\",\"description\":\"Find dietary recommendations for people with stomach cancer who are experiencing decrease or disappearance of taste due to treatment.\",\"breadcrumb\":{\"@id\":\"https:\/\/oncoalicia.com\/en\/types-of-cancer\/gastric\/initial-treatment-with-chemotherapy-radiation-therapy-and-immunotherapy\/altered-sense-of-taste\/decrease-or-disappearance-of-taste-sensitivity\/#breadcrumb\"},\"inLanguage\":\"en-US\",\"potentialAction\":[{\"@type\":\"ReadAction\",\"target\":[\"https:\/\/oncoalicia.com\/en\/types-of-cancer\/gastric\/initial-treatment-with-chemotherapy-radiation-therapy-and-immunotherapy\/altered-sense-of-taste\/decrease-or-disappearance-of-taste-sensitivity\/\"]}]},{\"@type\":\"ImageObject\",\"inLanguage\":\"en-US\",\"@id\":\"https:\/\/oncoalicia.com\/en\/types-of-cancer\/gastric\/initial-treatment-with-chemotherapy-radiation-therapy-and-immunotherapy\/altered-sense-of-taste\/decrease-or-disappearance-of-taste-sensitivity\/#primaryimage\",\"url\":\"https:\/\/oncoalicia.com\/wp-content\/uploads\/2021\/10\/Tabouleh.jpg\",\"contentUrl\":\"https:\/\/oncoalicia.com\/wp-content\/uploads\/2021\/10\/Tabouleh.jpg\"},{\"@type\":\"BreadcrumbList\",\"@id\":\"https:\/\/oncoalicia.com\/en\/types-of-cancer\/gastric\/initial-treatment-with-chemotherapy-radiation-therapy-and-immunotherapy\/altered-sense-of-taste\/decrease-or-disappearance-of-taste-sensitivity\/#breadcrumb\",\"itemListElement\":[{\"@type\":\"ListItem\",\"position\":1,\"name\":\"Portada\",\"item\":\"https:\/\/oncoalicia.com\/en\/\"},{\"@type\":\"ListItem\",\"position\":2,\"name\":\"Types of Cancer\",\"item\":\"https:\/\/oncoalicia.com\/en\/types-of-cancer\/\"},{\"@type\":\"ListItem\",\"position\":3,\"name\":\"Nutrition During Gastric Cancer Treatment\",\"item\":\"https:\/\/oncoalicia.com\/en\/types-of-cancer\/gastric\/\"},{\"@type\":\"ListItem\",\"position\":4,\"name\":\"Dietary Recommendations in Initial Treatment during Chemothrapy, Radiation Therapy and Immunotherapy in Gastric Cancer\",\"item\":\"https:\/\/oncoalicia.com\/en\/types-of-cancer\/gastric\/initial-treatment-with-chemotherapy-radiation-therapy-and-immunotherapy\/\"},{\"@type\":\"ListItem\",\"position\":5,\"name\":\"Alteration of Taste During Gastric Cancer Treatment\",\"item\":\"https:\/\/oncoalicia.com\/en\/types-of-cancer\/gastric\/initial-treatment-with-chemotherapy-radiation-therapy-and-immunotherapy\/altered-sense-of-taste\/\"},{\"@type\":\"ListItem\",\"position\":6,\"name\":\"Dietary Recommendations for Loss of Taste in Gastric Cancer\"}]},{\"@type\":\"WebSite\",\"@id\":\"https:\/\/oncoalicia.com\/en\/#website\",\"url\":\"https:\/\/oncoalicia.com\/en\/\",\"name\":\"Oncoal\u00edcia\",\"description\":\"Comer durante el Tratamiento del C\u00e1ncer\",\"publisher\":{\"@id\":\"https:\/\/oncoalicia.com\/en\/#organization\"},\"alternateName\":\"Oncoal\u00edcia | Comer durante el Tratamiento del C\u00e1ncer\",\"potentialAction\":[{\"@type\":\"SearchAction\",\"target\":{\"@type\":\"EntryPoint\",\"urlTemplate\":\"https:\/\/oncoalicia.com\/en\/?s={search_term_string}\"},\"query-input\":{\"@type\":\"PropertyValueSpecification\",\"valueRequired\":true,\"valueName\":\"search_term_string\"}}],\"inLanguage\":\"en-US\"},{\"@type\":\"Organization\",\"@id\":\"https:\/\/oncoalicia.com\/en\/#organization\",\"name\":\"Oncoal\u00edcia\",\"alternateName\":\"Oncoal\u00edcia | Comer durante el Tratamiento del C\u00e1ncer\",\"url\":\"https:\/\/oncoalicia.com\/en\/\",\"logo\":{\"@type\":\"ImageObject\",\"inLanguage\":\"en-US\",\"@id\":\"https:\/\/oncoalicia.com\/en\/#\/schema\/logo\/image\/\",\"url\":\"https:\/\/oncoalicia.com\/wp-content\/uploads\/2022\/11\/logo_rrss.png\",\"contentUrl\":\"https:\/\/oncoalicia.com\/wp-content\/uploads\/2022\/11\/logo_rrss.png\",\"width\":300,\"height\":300,\"caption\":\"Oncoal\u00edcia\"},\"image\":{\"@id\":\"https:\/\/oncoalicia.com\/en\/#\/schema\/logo\/image\/\"}}]}<\/script>\n<!-- \/ Yoast SEO plugin. -->","yoast_head_json":{"title":"Nutrition for stomach cancer patients experiencing decreased taste - Oncoalicia","description":"Find dietary recommendations for people with stomach cancer who are experiencing decrease or disappearance of taste due to treatment.","robots":{"index":"index","follow":"follow","max-snippet":"max-snippet:-1","max-image-preview":"max-image-preview:large","max-video-preview":"max-video-preview:-1"},"canonical":"https:\/\/oncoalicia.com\/en\/types-of-cancer\/gastric\/initial-treatment-with-chemotherapy-radiation-therapy-and-immunotherapy\/altered-sense-of-taste\/decrease-or-disappearance-of-taste-sensitivity\/","og_locale":"en_US","og_type":"article","og_title":"Nutrition for stomach cancer patients experiencing decreased taste - Oncoalicia","og_description":"Find dietary recommendations for people with stomach cancer who are experiencing decrease or disappearance of taste due to treatment.","og_url":"https:\/\/oncoalicia.com\/en\/types-of-cancer\/gastric\/initial-treatment-with-chemotherapy-radiation-therapy-and-immunotherapy\/altered-sense-of-taste\/decrease-or-disappearance-of-taste-sensitivity\/","og_site_name":"Oncoalicia","article_modified_time":"2025-07-04T08:39:18+00:00","og_image":[{"url":"https:\/\/oncoalicia.com\/wp-content\/uploads\/2021\/10\/Tabouleh.jpg","type":"","width":"","height":""}],"twitter_card":"summary_large_image","twitter_misc":{"Est. reading time":"2 minutes"},"schema":{"@context":"https:\/\/schema.org","@graph":[{"@type":"WebPage","@id":"https:\/\/oncoalicia.com\/en\/types-of-cancer\/gastric\/initial-treatment-with-chemotherapy-radiation-therapy-and-immunotherapy\/altered-sense-of-taste\/decrease-or-disappearance-of-taste-sensitivity\/","url":"https:\/\/oncoalicia.com\/en\/types-of-cancer\/gastric\/initial-treatment-with-chemotherapy-radiation-therapy-and-immunotherapy\/altered-sense-of-taste\/decrease-or-disappearance-of-taste-sensitivity\/","name":"Nutrition for stomach cancer patients experiencing decreased taste - Oncoalicia","isPartOf":{"@id":"https:\/\/oncoalicia.com\/en\/#website"},"primaryImageOfPage":{"@id":"https:\/\/oncoalicia.com\/en\/types-of-cancer\/gastric\/initial-treatment-with-chemotherapy-radiation-therapy-and-immunotherapy\/altered-sense-of-taste\/decrease-or-disappearance-of-taste-sensitivity\/#primaryimage"},"image":{"@id":"https:\/\/oncoalicia.com\/en\/types-of-cancer\/gastric\/initial-treatment-with-chemotherapy-radiation-therapy-and-immunotherapy\/altered-sense-of-taste\/decrease-or-disappearance-of-taste-sensitivity\/#primaryimage"},"thumbnailUrl":"https:\/\/oncoalicia.com\/wp-content\/uploads\/2021\/10\/Tabouleh.jpg","datePublished":"2024-05-31T20:12:45+00:00","dateModified":"2025-07-04T08:39:18+00:00","description":"Find dietary recommendations for people with stomach cancer who are experiencing decrease or disappearance of taste due to treatment.","breadcrumb":{"@id":"https:\/\/oncoalicia.com\/en\/types-of-cancer\/gastric\/initial-treatment-with-chemotherapy-radiation-therapy-and-immunotherapy\/altered-sense-of-taste\/decrease-or-disappearance-of-taste-sensitivity\/#breadcrumb"},"inLanguage":"en-US","potentialAction":[{"@type":"ReadAction","target":["https:\/\/oncoalicia.com\/en\/types-of-cancer\/gastric\/initial-treatment-with-chemotherapy-radiation-therapy-and-immunotherapy\/altered-sense-of-taste\/decrease-or-disappearance-of-taste-sensitivity\/"]}]},{"@type":"ImageObject","inLanguage":"en-US","@id":"https:\/\/oncoalicia.com\/en\/types-of-cancer\/gastric\/initial-treatment-with-chemotherapy-radiation-therapy-and-immunotherapy\/altered-sense-of-taste\/decrease-or-disappearance-of-taste-sensitivity\/#primaryimage","url":"https:\/\/oncoalicia.com\/wp-content\/uploads\/2021\/10\/Tabouleh.jpg","contentUrl":"https:\/\/oncoalicia.com\/wp-content\/uploads\/2021\/10\/Tabouleh.jpg"},{"@type":"BreadcrumbList","@id":"https:\/\/oncoalicia.com\/en\/types-of-cancer\/gastric\/initial-treatment-with-chemotherapy-radiation-therapy-and-immunotherapy\/altered-sense-of-taste\/decrease-or-disappearance-of-taste-sensitivity\/#breadcrumb","itemListElement":[{"@type":"ListItem","position":1,"name":"Portada","item":"https:\/\/oncoalicia.com\/en\/"},{"@type":"ListItem","position":2,"name":"Types of Cancer","item":"https:\/\/oncoalicia.com\/en\/types-of-cancer\/"},{"@type":"ListItem","position":3,"name":"Nutrition During Gastric Cancer Treatment","item":"https:\/\/oncoalicia.com\/en\/types-of-cancer\/gastric\/"},{"@type":"ListItem","position":4,"name":"Dietary Recommendations in Initial Treatment during Chemothrapy, Radiation Therapy and Immunotherapy in Gastric Cancer","item":"https:\/\/oncoalicia.com\/en\/types-of-cancer\/gastric\/initial-treatment-with-chemotherapy-radiation-therapy-and-immunotherapy\/"},{"@type":"ListItem","position":5,"name":"Alteration of Taste During Gastric Cancer Treatment","item":"https:\/\/oncoalicia.com\/en\/types-of-cancer\/gastric\/initial-treatment-with-chemotherapy-radiation-therapy-and-immunotherapy\/altered-sense-of-taste\/"},{"@type":"ListItem","position":6,"name":"Dietary Recommendations for Loss of Taste in Gastric Cancer"}]},{"@type":"WebSite","@id":"https:\/\/oncoalicia.com\/en\/#website","url":"https:\/\/oncoalicia.com\/en\/","name":"Oncoal\u00edcia","description":"Comer durante el Tratamiento del C\u00e1ncer","publisher":{"@id":"https:\/\/oncoalicia.com\/en\/#organization"},"alternateName":"Oncoal\u00edcia | Comer durante el Tratamiento del C\u00e1ncer","potentialAction":[{"@type":"SearchAction","target":{"@type":"EntryPoint","urlTemplate":"https:\/\/oncoalicia.com\/en\/?s={search_term_string}"},"query-input":{"@type":"PropertyValueSpecification","valueRequired":true,"valueName":"search_term_string"}}],"inLanguage":"en-US"},{"@type":"Organization","@id":"https:\/\/oncoalicia.com\/en\/#organization","name":"Oncoal\u00edcia","alternateName":"Oncoal\u00edcia | Comer durante el Tratamiento del C\u00e1ncer","url":"https:\/\/oncoalicia.com\/en\/","logo":{"@type":"ImageObject","inLanguage":"en-US","@id":"https:\/\/oncoalicia.com\/en\/#\/schema\/logo\/image\/","url":"https:\/\/oncoalicia.com\/wp-content\/uploads\/2022\/11\/logo_rrss.png","contentUrl":"https:\/\/oncoalicia.com\/wp-content\/uploads\/2022\/11\/logo_rrss.png","width":300,"height":300,"caption":"Oncoal\u00edcia"},"image":{"@id":"https:\/\/oncoalicia.com\/en\/#\/schema\/logo\/image\/"}}]}},"_links":{"self":[{"href":"https:\/\/oncoalicia.com\/en\/wp-json\/wp\/v2\/pages\/8957","targetHints":{"allow":["GET"]}}],"collection":[{"href":"https:\/\/oncoalicia.com\/en\/wp-json\/wp\/v2\/pages"}],"about":[{"href":"https:\/\/oncoalicia.com\/en\/wp-json\/wp\/v2\/types\/page"}],"author":[{"embeddable":true,"href":"https:\/\/oncoalicia.com\/en\/wp-json\/wp\/v2\/users\/2"}],"replies":[{"embeddable":true,"href":"https:\/\/oncoalicia.com\/en\/wp-json\/wp\/v2\/comments?post=8957"}],"version-history":[{"count":0,"href":"https:\/\/oncoalicia.com\/en\/wp-json\/wp\/v2\/pages\/8957\/revisions"}],"up":[{"embeddable":true,"href":"https:\/\/oncoalicia.com\/en\/wp-json\/wp\/v2\/pages\/8955"}],"wp:attachment":[{"href":"https:\/\/oncoalicia.com\/en\/wp-json\/wp\/v2\/media?parent=8957"}],"curies":[{"name":"wp","href":"https:\/\/api.w.org\/{rel}","templated":true}]}}