{"id":3881,"date":"2021-12-12T14:31:53","date_gmt":"2021-12-12T14:31:53","guid":{"rendered":"https:\/\/www.oncoalicia.com\/alimentacion-y-efectos-secundarios-del-tratamiento\/"},"modified":"2025-07-04T06:35:00","modified_gmt":"2025-07-04T06:35:00","slug":"efectos-secundarios-del-tratamiento","status":"publish","type":"page","link":"https:\/\/oncoalicia.com\/es\/efectos-secundarios-del-tratamiento\/","title":{"rendered":"Alimentaci\u00f3n y efectos secundarios del tratamiento oncol\u00f3gico"},"content":{"rendered":"<p class=\"p1\" style=\"text-align: left;\">Los principales tratamientos utilizados en la lucha contra el c\u00e1ncer (cirug\u00eda, quimioterapia, radioterapia, terapia biol\u00f3gica o inmunoterapia, terapia hormonal y la combinaci\u00f3n de \u00e9stos) pueden comportar distintos efectos secundarios que comprometan la alimentaci\u00f3n, pudiendo aparecer en diferentes momentos y con mayor o menor intensidad o duraci\u00f3n.<\/p>\n<p class=\"p1\" style=\"text-align: left;\">Para asegurar una correcta alimentaci\u00f3n, adem\u00e1s de tener en cuenta las <a href=\"\/es\/recomendaciones-generales\/\">recomendaciones generales de una alimentaci\u00f3n equilibrada durante el tratamiento<\/a> , \u00e9sta deber\u00e1 adaptarse a los efectos secundarios que puedan aparecer.<\/p>\n<p class=\"p1\" style=\"text-align: left;\">Dado que cada tipo de c\u00e1ncer y sus tratamientos pueden suponer la aparici\u00f3n de efectos secundarios y s\u00edntomas concretos, recomendamos consultar de inicio, la secci\u00f3n espec\u00edfica para cada <a href=\"\/es\/tipos-de-cancer\/\">tipos de tumor.<\/a> En caso de que el tipo de tumor a consultar no disponga todav\u00eda, de su secci\u00f3n, en este apartado, encontrar\u00e1s informaci\u00f3n sobre los efectos secundarios m\u00e1s comunes y frecuentes durante el tratamiento de un c\u00e1ncer y las principales estrategias diet\u00e9tico-culinarias que ayudar\u00e1n a realizar frente.<\/p>\n","protected":false},"excerpt":{"rendered":"<p>Los principales tratamientos utilizados en la lucha contra el c\u00e1ncer (cirug\u00eda, quimioterapia, radioterapia, terapia biol\u00f3gica o inmunoterapia, terapia hormonal y la combinaci\u00f3n de \u00e9stos) pueden comportar distintos efectos secundarios que comprometan la alimentaci\u00f3n, pudiendo aparecer en diferentes momentos y con mayor o menor intensidad o duraci\u00f3n. Para asegurar una correcta alimentaci\u00f3n, adem\u00e1s de tener en&hellip; <a class=\"more-link\" href=\"https:\/\/oncoalicia.com\/es\/efectos-secundarios-del-tratamiento\/\">Seguir leyendo <span class=\"screen-reader-text\">Alimentaci\u00f3n y efectos secundarios del tratamiento oncol\u00f3gico<\/span><\/a><\/p>\n","protected":false},"author":2,"featured_media":0,"parent":0,"menu_order":0,"comment_status":"closed","ping_status":"closed","template":"efectos-secundarios.php","meta":{"footnotes":""},"class_list":["post-3881","page","type-page","status-publish","hentry","entry"],"yoast_head":"<!-- This site is optimized with the Yoast SEO plugin v26.9 - https:\/\/yoast.com\/product\/yoast-seo-wordpress\/ -->\n<title>Alimentaci\u00f3n y efectos secundarios durante el tratamiento del c\u00e1ncer - Oncoalicia<\/title>\n<meta name=\"description\" content=\"Te proponemos estrategias dieteticoculinarias para hacer frente a los efectos secundarios durante el tratamiento oncol\u00f3gico.\" \/>\n<meta name=\"robots\" content=\"index, follow, max-snippet:-1, max-image-preview:large, max-video-preview:-1\" \/>\n<link rel=\"canonical\" href=\"https:\/\/oncoalicia.com\/es\/efectos-secundarios-del-tratamiento\/\" \/>\n<meta property=\"og:locale\" content=\"es_ES\" \/>\n<meta property=\"og:type\" content=\"article\" \/>\n<meta property=\"og:title\" content=\"Alimentaci\u00f3n y efectos secundarios durante el tratamiento del c\u00e1ncer - Oncoalicia\" \/>\n<meta property=\"og:description\" content=\"Te proponemos estrategias dieteticoculinarias para hacer frente a los efectos secundarios durante el tratamiento oncol\u00f3gico.\" \/>\n<meta property=\"og:url\" content=\"https:\/\/oncoalicia.com\/es\/efectos-secundarios-del-tratamiento\/\" \/>\n<meta property=\"og:site_name\" content=\"Oncoalicia\" \/>\n<meta property=\"article:modified_time\" content=\"2025-07-04T06:35:00+00:00\" \/>\n<meta property=\"og:image\" content=\"https:\/\/oncoalicia.com\/wp-content\/uploads\/2021\/12\/Asset-3.png\" \/>\n\t<meta property=\"og:image:width\" content=\"300\" \/>\n\t<meta property=\"og:image:height\" content=\"300\" \/>\n\t<meta property=\"og:image:type\" content=\"image\/png\" \/>\n<meta name=\"twitter:card\" content=\"summary_large_image\" \/>\n<meta name=\"twitter:label1\" content=\"Tiempo de lectura\" \/>\n\t<meta name=\"twitter:data1\" content=\"1 minuto\" \/>\n<script type=\"application\/ld+json\" class=\"yoast-schema-graph\">{\"@context\":\"https:\/\/schema.org\",\"@graph\":[{\"@type\":\"WebPage\",\"@id\":\"https:\/\/oncoalicia.com\/es\/efectos-secundarios-del-tratamiento\/\",\"url\":\"https:\/\/oncoalicia.com\/es\/efectos-secundarios-del-tratamiento\/\",\"name\":\"Alimentaci\u00f3n y efectos secundarios durante el tratamiento del c\u00e1ncer - Oncoalicia\",\"isPartOf\":{\"@id\":\"https:\/\/oncoalicia.com\/es\/#website\"},\"datePublished\":\"2021-12-12T14:31:53+00:00\",\"dateModified\":\"2025-07-04T06:35:00+00:00\",\"description\":\"Te proponemos estrategias dieteticoculinarias para hacer frente a los efectos secundarios durante el tratamiento oncol\u00f3gico.\",\"breadcrumb\":{\"@id\":\"https:\/\/oncoalicia.com\/es\/efectos-secundarios-del-tratamiento\/#breadcrumb\"},\"inLanguage\":\"es\",\"potentialAction\":[{\"@type\":\"ReadAction\",\"target\":[\"https:\/\/oncoalicia.com\/es\/efectos-secundarios-del-tratamiento\/\"]}]},{\"@type\":\"BreadcrumbList\",\"@id\":\"https:\/\/oncoalicia.com\/es\/efectos-secundarios-del-tratamiento\/#breadcrumb\",\"itemListElement\":[{\"@type\":\"ListItem\",\"position\":1,\"name\":\"Portada\",\"item\":\"https:\/\/oncoalicia.com\/es\/\"},{\"@type\":\"ListItem\",\"position\":2,\"name\":\"Alimentaci\u00f3n y efectos secundarios del tratamiento oncol\u00f3gico\"}]},{\"@type\":\"WebSite\",\"@id\":\"https:\/\/oncoalicia.com\/es\/#website\",\"url\":\"https:\/\/oncoalicia.com\/es\/\",\"name\":\"Oncoal\u00edcia\",\"description\":\"Comer durante el Tratamiento del C\u00e1ncer\",\"publisher\":{\"@id\":\"https:\/\/oncoalicia.com\/es\/#organization\"},\"alternateName\":\"Oncoal\u00edcia | Comer durante el Tratamiento del C\u00e1ncer\",\"potentialAction\":[{\"@type\":\"SearchAction\",\"target\":{\"@type\":\"EntryPoint\",\"urlTemplate\":\"https:\/\/oncoalicia.com\/es\/?s={search_term_string}\"},\"query-input\":{\"@type\":\"PropertyValueSpecification\",\"valueRequired\":true,\"valueName\":\"search_term_string\"}}],\"inLanguage\":\"es\"},{\"@type\":\"Organization\",\"@id\":\"https:\/\/oncoalicia.com\/es\/#organization\",\"name\":\"Oncoal\u00edcia\",\"alternateName\":\"Oncoal\u00edcia | Comer durante el Tratamiento del C\u00e1ncer\",\"url\":\"https:\/\/oncoalicia.com\/es\/\",\"logo\":{\"@type\":\"ImageObject\",\"inLanguage\":\"es\",\"@id\":\"https:\/\/oncoalicia.com\/es\/#\/schema\/logo\/image\/\",\"url\":\"https:\/\/oncoalicia.com\/wp-content\/uploads\/2022\/11\/logo_rrss.png\",\"contentUrl\":\"https:\/\/oncoalicia.com\/wp-content\/uploads\/2022\/11\/logo_rrss.png\",\"width\":300,\"height\":300,\"caption\":\"Oncoal\u00edcia\"},\"image\":{\"@id\":\"https:\/\/oncoalicia.com\/es\/#\/schema\/logo\/image\/\"}}]}<\/script>\n<!-- \/ Yoast SEO plugin. -->","yoast_head_json":{"title":"Alimentaci\u00f3n y efectos secundarios durante el tratamiento del c\u00e1ncer - Oncoalicia","description":"Te proponemos estrategias dieteticoculinarias para hacer frente a los efectos secundarios durante el tratamiento oncol\u00f3gico.","robots":{"index":"index","follow":"follow","max-snippet":"max-snippet:-1","max-image-preview":"max-image-preview:large","max-video-preview":"max-video-preview:-1"},"canonical":"https:\/\/oncoalicia.com\/es\/efectos-secundarios-del-tratamiento\/","og_locale":"es_ES","og_type":"article","og_title":"Alimentaci\u00f3n y efectos secundarios durante el tratamiento del c\u00e1ncer - Oncoalicia","og_description":"Te proponemos estrategias dieteticoculinarias para hacer frente a los efectos secundarios durante el tratamiento oncol\u00f3gico.","og_url":"https:\/\/oncoalicia.com\/es\/efectos-secundarios-del-tratamiento\/","og_site_name":"Oncoalicia","article_modified_time":"2025-07-04T06:35:00+00:00","og_image":[{"width":300,"height":300,"url":"https:\/\/oncoalicia.com\/wp-content\/uploads\/2021\/12\/Asset-3.png","type":"image\/png"}],"twitter_card":"summary_large_image","twitter_misc":{"Tiempo de lectura":"1 minuto"},"schema":{"@context":"https:\/\/schema.org","@graph":[{"@type":"WebPage","@id":"https:\/\/oncoalicia.com\/es\/efectos-secundarios-del-tratamiento\/","url":"https:\/\/oncoalicia.com\/es\/efectos-secundarios-del-tratamiento\/","name":"Alimentaci\u00f3n y efectos secundarios durante el tratamiento del c\u00e1ncer - Oncoalicia","isPartOf":{"@id":"https:\/\/oncoalicia.com\/es\/#website"},"datePublished":"2021-12-12T14:31:53+00:00","dateModified":"2025-07-04T06:35:00+00:00","description":"Te proponemos estrategias dieteticoculinarias para hacer frente a los efectos secundarios durante el tratamiento oncol\u00f3gico.","breadcrumb":{"@id":"https:\/\/oncoalicia.com\/es\/efectos-secundarios-del-tratamiento\/#breadcrumb"},"inLanguage":"es","potentialAction":[{"@type":"ReadAction","target":["https:\/\/oncoalicia.com\/es\/efectos-secundarios-del-tratamiento\/"]}]},{"@type":"BreadcrumbList","@id":"https:\/\/oncoalicia.com\/es\/efectos-secundarios-del-tratamiento\/#breadcrumb","itemListElement":[{"@type":"ListItem","position":1,"name":"Portada","item":"https:\/\/oncoalicia.com\/es\/"},{"@type":"ListItem","position":2,"name":"Alimentaci\u00f3n y efectos secundarios del tratamiento oncol\u00f3gico"}]},{"@type":"WebSite","@id":"https:\/\/oncoalicia.com\/es\/#website","url":"https:\/\/oncoalicia.com\/es\/","name":"Oncoal\u00edcia","description":"Comer durante el Tratamiento del C\u00e1ncer","publisher":{"@id":"https:\/\/oncoalicia.com\/es\/#organization"},"alternateName":"Oncoal\u00edcia | Comer durante el Tratamiento del C\u00e1ncer","potentialAction":[{"@type":"SearchAction","target":{"@type":"EntryPoint","urlTemplate":"https:\/\/oncoalicia.com\/es\/?s={search_term_string}"},"query-input":{"@type":"PropertyValueSpecification","valueRequired":true,"valueName":"search_term_string"}}],"inLanguage":"es"},{"@type":"Organization","@id":"https:\/\/oncoalicia.com\/es\/#organization","name":"Oncoal\u00edcia","alternateName":"Oncoal\u00edcia | Comer durante el Tratamiento del C\u00e1ncer","url":"https:\/\/oncoalicia.com\/es\/","logo":{"@type":"ImageObject","inLanguage":"es","@id":"https:\/\/oncoalicia.com\/es\/#\/schema\/logo\/image\/","url":"https:\/\/oncoalicia.com\/wp-content\/uploads\/2022\/11\/logo_rrss.png","contentUrl":"https:\/\/oncoalicia.com\/wp-content\/uploads\/2022\/11\/logo_rrss.png","width":300,"height":300,"caption":"Oncoal\u00edcia"},"image":{"@id":"https:\/\/oncoalicia.com\/es\/#\/schema\/logo\/image\/"}}]}},"_links":{"self":[{"href":"https:\/\/oncoalicia.com\/es\/wp-json\/wp\/v2\/pages\/3881","targetHints":{"allow":["GET"]}}],"collection":[{"href":"https:\/\/oncoalicia.com\/es\/wp-json\/wp\/v2\/pages"}],"about":[{"href":"https:\/\/oncoalicia.com\/es\/wp-json\/wp\/v2\/types\/page"}],"author":[{"embeddable":true,"href":"https:\/\/oncoalicia.com\/es\/wp-json\/wp\/v2\/users\/2"}],"replies":[{"embeddable":true,"href":"https:\/\/oncoalicia.com\/es\/wp-json\/wp\/v2\/comments?post=3881"}],"version-history":[{"count":0,"href":"https:\/\/oncoalicia.com\/es\/wp-json\/wp\/v2\/pages\/3881\/revisions"}],"wp:attachment":[{"href":"https:\/\/oncoalicia.com\/es\/wp-json\/wp\/v2\/media?parent=3881"}],"curies":[{"name":"wp","href":"https:\/\/api.w.org\/{rel}","templated":true}]}}