{"id":3887,"date":"2021-12-29T01:26:57","date_gmt":"2021-12-29T01:26:57","guid":{"rendered":"https:\/\/www.oncoalicia.com\/alimentacion-durante-el-tratamiento-del-cancer-colorrectal\/"},"modified":"2025-07-04T07:11:48","modified_gmt":"2025-07-04T07:11:48","slug":"colorrectal","status":"publish","type":"page","link":"https:\/\/oncoalicia.com\/es\/tipos-de-cancer\/colorrectal\/","title":{"rendered":"Recomendaciones alimentarias durante el tratamiento del c\u00e1ncer colorrectal"},"content":{"rendered":"\n<div class=\"row\">\n<div class=\"col-md-12 subtitle-mitos text-left\">\n<table>\n<tbody>\n<tr>\n<td class=\"full-width\">\n<p>El colon es la parte del intestino grueso que comunica el intestino delgado con el recto y el ano. En conjunto, forman la parte final del aparato digestivo, encargada de absorber agua, sales minerales y nutrientes y dar forma a las heces. El <b>c\u00e1ncer colorrectal<\/b> engloba todos los tumores que pueden afectar desde la primera parte del intestino grueso hasta el recto y\/o el ano.<\/p>\n<p>                  Las prioridades alimentarias durante el tratamiento del c\u00e1ncer colorrectal ser\u00e1n garantizar un adecuado estado nutricional, mejorar s\u00edntomas y evitar complicaciones. Sin embargo, puede ser complicado establecer una dieta general para esta enfermedad, ya que depende de varios factores: d\u00f3nde se encuentra situado el tumor, qu\u00e9 tratamientos y opciones terap\u00e9uticas se van a realizar, cu\u00e1l es el estado nutricional del paciente y su entorno social, entre otros.\n                  <\/td>\n<td class=\"full-width espaciado\" style=\"text-align: center;\"><img decoding=\"async\" class=\"alignnone wp-image-1650\" src=\"http:\/\/oncoalicia.com\/wp-content\/uploads\/2023\/02\/colorrectal_es.jpg\" alt=\"\" width=\"350\" height=\"auto\" \/>\n                  <\/td>\n<\/tr>\n<\/tbody>\n<\/table>\n<p>As\u00ed, puede ser que el tratamiento no implique ninguna restricci\u00f3n diet\u00e9tica o bien que el tratamiento conlleve diferentes consecuencias que requieran alguna restricci\u00f3n a la hora de comer: puede existir un riesgo elevado de obstrucci\u00f3n del tr\u00e1nsito intestinal (oclusi\u00f3n) o ser necesaria la colocaci\u00f3n de una bolsa para recoger las deposiciones (ostom\u00eda). De manera general, para garantizar un adecuado estado nutricional, adem\u00e1s de seguir las <strong><a href=\"http:\/\/oncoalicia.com\/es\/recomendaciones-generales\/\">Recomendaciones generales sobre alimentaci\u00f3n durante el tratamiento del c\u00e1ncer<\/a><\/strong>, en el c\u00e1ncer colorrectal es necesario:<\/p>\n<\/p><\/div>\n<\/p><\/div>\n<div class=\"row\">\n<div class=\"col-md-12 orange-box\">\n<ul>\n<li><b>Prestar especial atenci\u00f3n a la fibra de los alimentos y ajustar su ingesta seg\u00fan la situaci\u00f3n individual.<\/b> La fibra es una parte de los alimentos de origen vegetal (frutas, verduras, legumbres, frutos secos, fruta desecada y cereales integrales) que no podemos digerir y que llega al intestino grueso para ser descompuesta por los microorganismos que all\u00ed residen. Su consumo deber\u00e1 ajustarse en el caso de situaciones como:\n<ul style=\"list-style: circle;\">\n<li>Cuando el tumor ocupe una parte importante del paso intestinal, por lo que un consumo elevado de fibra diet\u00e9tica puede hacer aparecer dolores abdominales o empeorarlos.<\/li>\n<li>Cuando exista riesgo de oclusi\u00f3n intestinal.<\/li>\n<li>Cuando como resultado de la cirug\u00eda se haya colocado una ostom\u00eda (ileostom\u00eda o colostom\u00eda). Consiste en abocar el intestino delgado o el colon a la piel del abdomen para que las deposiciones salgan al exterior. La abertura se llama ostom\u00eda y es donde se coloca una bolsa especial, pegada a la piel, para la recolecci\u00f3n de las heces. Esta colocaci\u00f3n puede ser temporal o permanente.<\/li>\n<li>Cuando aparezca diarrea.<\/li>\n<\/ul>\n<p>            En cualquiera de las situaciones siempre ser\u00e1 el especialista de referencia quien indicar\u00e1 el grado de restricci\u00f3n de fibra. En caso de presentar sensaci\u00f3n de estre\u00f1imiento persistente o dolor abdominal intenso, consultar al especialista referente.<\/li>\n<li><b><b>Mantener una microbiota diversa y equilibrada. <\/b><\/b>El colon es el lugar donde habita la mayor parte de microbiota. Es por esto, que, en personas con este tipo de tumor, es habitual un desequilibrio en esta, que puede dar lugar a s\u00edntomas determinados, sobre todo a nivel digestivo. As\u00ed pues, ser\u00e1 fundamental <b>cuidar de la alimentaci\u00f3n para mantener un buen estado de la microbiota<\/b> y en consecuencia, tener una mejor respuesta al tratamiento oncol\u00f3gico y evitar en la medida posible la aparici\u00f3n de efectos secundarios.Para mantener una microbiota equilibrada durante el tratamiento, es importante adaptar las recomendaciones a la sintomatolog\u00eda, por ejemplo adaptando la cantidad y tipo de fibra seg\u00fan la situaci\u00f3n digestiva. Su consumo deber\u00e1 ajustarse en el caso de situaciones como <b>diarrea<\/b> o <b>estre\u00f1imiento<\/b><b>.<\/b><\/li>\n<li><b>Conocer el comportamiento de los alimentos.<\/b> Adem\u00e1s de la fibra, durante el tratamiento del c\u00e1ncer de colon es importante estar atento al efecto que los diferentes grupos de alimentos tienen sobre la digesti\u00f3n, los movimientos del intestino y las heces. Para ello puede ser interesante utilizar un <a href=\"http:\/\/oncoalicia.com\/wp-content\/uploads\/2023\/02\/01.-Diario_Cast.pdf\" target=\"_blank\" rel=\"noopener\">diario de alimentos<\/a> durante las primeras semanas.<\/li>\n<li><b>Verificar si existe alguna interacci\u00f3n alimento-medicamento.<\/b> En este tipo de c\u00e1ncer se han descrito posibles interacciones con plantas y hierbas, como el hip\u00e9rico y el aloe; con alimentos como el pomelo y su zumo, y tambi\u00e9n con nutrientes de ciertos alimentos y suplementos, como el \u00e1cido f\u00f3lico. Estas interacciones podr\u00edan darse seg\u00fan el tratamiento prescrito, por lo que ser\u00e1 necesario consultar siempre al onc\u00f3logo de referencia cada caso concreto.<\/li>\n<li><b>Adaptar la alimentaci\u00f3n seg\u00fan los efectos secundarios y otros s\u00edntomas que puedan aparecer,<\/b> a partir de las siguientes recomendaciones diet\u00e9tico-culinarias para cada uno de ellos.<\/li>\n<\/ul><\/div>\n<\/p><\/div>\n<\/section>\n<section class=\"mt-30\">\n<div class=\"container\">\n<div class=\"row\">\n<div class=\"col-md-12 txt-2 text-center\">Efectos secundarios y s\u00edntomas m\u00e1s frecuentes<\/div>\n<\/p><\/div>\n<div class=\"col-md-12\">\n<div class=\"row space-efect\">\n<div class=\"col-md-3\">\n                    <a style=\"text-decoration: none;\" href=\"https:\/\/oncoalicia.com\/es\/tipos-de-cancer\/colorrectal\/perdida-del-apetito\/\"><\/p>\n<div class=\"cuadro-efecto text-center\">\n<div class=\"txt-efect\">P\u00e9rdida del apetito\n                            <\/div>\n<div class=\"flecha\">\n                                <i class=\"fa fa-chevron-right\" aria-hidden=\"true\"><\/i>\n                            <\/div>\n<\/p><\/div>\n<p>                    <\/a>\n                <\/div>\n<div class=\"col-md-3\">\n                    <a style=\"text-decoration: none;\" href=\"https:\/\/oncoalicia.com\/es\/tipos-de-cancer\/colorrectal\/nauseas-y-vomitos\/\"><\/p>\n<div class=\"cuadro-efecto text-center\">\n<div class=\"txt-efect\">N\u00e1useas y v\u00f3mitos\n                            <\/div>\n<div class=\"flecha\">\n                                <i class=\"fa fa-chevron-right\" aria-hidden=\"true\"><\/i>\n                            <\/div>\n<\/p><\/div>\n<p>                    <\/a>\n                <\/div>\n<div class=\"col-md-3\">\n                    <a style=\"text-decoration: none;\" href=\"https:\/\/oncoalicia.com\/es\/tipos-de-cancer\/colorrectal\/alteracion-del-gusto\/\"><\/p>\n<div class=\"cuadro-efecto text-center\">\n<div class=\"txt-efect\">Alteraci\u00f3n del gusto\n                            <\/div>\n<div class=\"flecha\">\n                                <i class=\"fa fa-chevron-right\" aria-hidden=\"true\"><\/i>\n                            <\/div>\n<\/p><\/div>\n<p>                    <\/a>\n                <\/div>\n<div class=\"col-md-3\">\n                    <a style=\"text-decoration: none;\" href=\"https:\/\/oncoalicia.com\/es\/tipos-de-cancer\/colorrectal\/diarrea\/\"><\/p>\n<div class=\"cuadro-efecto text-center\">\n<div class=\"txt-efect\">Diarrea\n                            <\/div>\n<div class=\"flecha\">\n                                <i class=\"fa fa-chevron-right\" aria-hidden=\"true\"><\/i>\n                            <\/div>\n<\/p><\/div>\n<p>                    <\/a>\n                <\/div>\n<\/p><\/div>\n<div class=\"row space-efect\">\n<div class=\"col-md-3\">\n                    <a style=\"text-decoration: none;\" href=\"https:\/\/oncoalicia.com\/es\/tipos-de-cancer\/colorrectal\/llagas-en-boca-y-o-garganta\/\"><\/p>\n<div class=\"cuadro-efecto text-center\">\n<div class=\"txt-efect\">Llagas en boca y\/o garganta\n                            <\/div>\n<div class=\"flecha\">\n                                <i class=\"fa fa-chevron-right\" aria-hidden=\"true\"><\/i>\n                            <\/div>\n<\/p><\/div>\n<p>                    <\/a>\n                <\/div>\n<div class=\"col-md-3\">\n                    <a style=\"text-decoration: none;\" href=\"https:\/\/oncoalicia.com\/es\/tipos-de-cancer\/colorrectal\/colostomia\/\"><\/p>\n<div class=\"cuadro-efecto text-center\">\n<div class=\"txt-efect\">Colostom\u00edas\n                            <\/div>\n<div class=\"flecha\">\n                                <i class=\"fa fa-chevron-right\" aria-hidden=\"true\"><\/i>\n                            <\/div>\n<\/p><\/div>\n<p>                    <\/a>\n                <\/div>\n<div class=\"col-md-3\">\n                    <a style=\"text-decoration: none;\" href=\"https:\/\/oncoalicia.com\/es\/tipos-de-cancer\/colorrectal\/ileostomia\/\"><\/p>\n<div class=\"cuadro-efecto text-center\">\n<div class=\"txt-efect\">Ileostom\u00edas\n                            <\/div>\n<div class=\"flecha\">\n                                <i class=\"fa fa-chevron-right\" aria-hidden=\"true\"><\/i>\n                            <\/div>\n<\/p><\/div>\n<p>                    <\/a>\n                <\/div>\n<div class=\"col-md-3\">\n                  <a style=\"text-decoration: none;\" href=\"https:\/\/oncoalicia.com\/es\/tipos-de-cancer\/colorrectal\/oclusion-intestinal\/\"><\/p>\n<div class=\"cuadro-efecto text-center\">\n<div class=\"txt-efect\">Oclusi\u00f3n intestinal\n                          <\/div>\n<div class=\"flecha\">\n                              <i class=\"fa fa-chevron-right\" aria-hidden=\"true\"><\/i>\n                          <\/div>\n<\/p><\/div>\n<p>                  <\/a>\n              <\/div>\n<\/p><\/div>\n<\/p><\/div>\n<\/p><\/div>\n<\/section>\n<section class=\"descarga\">\n<div class=\"container\">\n<div class=\"row\">\n<div class=\"col-md-12 text-center\"><img decoding=\"async\" class=\"img-fluid\" src=\"http:\/\/oncoalicia.com\/wp-content\/uploads\/2023\/01\/Guies_alicia_5.jpg\" width=\"200\" height=\"auto\" \/><\/div>\n<div class=\"col-md-12 text-center\"><a class=\"guia-dw\" href=\"http:\/\/oncoalicia.com\/wp-content\/uploads\/2023\/01\/5.-Guies_alicia_5CAST.pdf\" target=\"_blank\" rel=\"noopener\">Descarga la gu\u00eda completa <i class=\"fa fa-arrow-down\" aria-hidden=\"true\"><\/i><\/a><\/div>\n<\/p><\/div>\n<\/p><\/div>\n<\/section>\n","protected":false},"excerpt":{"rendered":"<p>El colon es la parte del intestino grueso que comunica el intestino delgado con el recto y el ano. En conjunto, forman la parte final del aparato digestivo, encargada de absorber agua, sales minerales y nutrientes y dar forma a las heces. El c\u00e1ncer colorrectal engloba todos los tumores que pueden afectar desde la primera&hellip; <a class=\"more-link\" href=\"https:\/\/oncoalicia.com\/es\/tipos-de-cancer\/colorrectal\/\">Seguir leyendo <span class=\"screen-reader-text\">Recomendaciones alimentarias durante el tratamiento del c\u00e1ncer colorrectal<\/span><\/a><\/p>\n","protected":false},"author":2,"featured_media":0,"parent":3920,"menu_order":0,"comment_status":"closed","ping_status":"closed","template":"colon.php","meta":{"footnotes":""},"class_list":["post-3887","page","type-page","status-publish","hentry","entry"],"yoast_head":"<!-- This site is optimized with the Yoast SEO plugin v26.9 - https:\/\/yoast.com\/product\/yoast-seo-wordpress\/ -->\n<title>Alimentaci\u00f3n para pacientes con c\u00e1ncer colorrectal - Oncoalicia<\/title>\n<meta name=\"description\" content=\"Distintas recomendaciones alimentarias para personas que est\u00e1n con tratamiento contra el c\u00e1ncer colorrectal.\" \/>\n<meta name=\"robots\" content=\"index, follow, max-snippet:-1, max-image-preview:large, max-video-preview:-1\" \/>\n<link rel=\"canonical\" href=\"https:\/\/oncoalicia.com\/es\/tipos-de-cancer\/colorrectal\/\" \/>\n<meta property=\"og:locale\" content=\"es_ES\" \/>\n<meta property=\"og:type\" content=\"article\" \/>\n<meta property=\"og:title\" content=\"Alimentaci\u00f3n para pacientes con c\u00e1ncer colorrectal - Oncoalicia\" \/>\n<meta property=\"og:description\" content=\"Distintas recomendaciones alimentarias para personas que est\u00e1n con tratamiento contra el c\u00e1ncer colorrectal.\" \/>\n<meta property=\"og:url\" content=\"https:\/\/oncoalicia.com\/es\/tipos-de-cancer\/colorrectal\/\" \/>\n<meta property=\"og:site_name\" content=\"Oncoalicia\" \/>\n<meta property=\"article:modified_time\" content=\"2025-07-04T07:11:48+00:00\" \/>\n<meta property=\"og:image\" content=\"https:\/\/oncoalicia.com\/wp-content\/uploads\/2022\/06\/colon-300x262-1.jpg\" \/>\n\t<meta property=\"og:image:width\" content=\"300\" \/>\n\t<meta property=\"og:image:height\" content=\"262\" \/>\n\t<meta property=\"og:image:type\" content=\"image\/jpeg\" \/>\n<meta name=\"twitter:card\" content=\"summary_large_image\" \/>\n<meta name=\"twitter:label1\" content=\"Tiempo de lectura\" \/>\n\t<meta name=\"twitter:data1\" content=\"4 minutos\" \/>\n<script type=\"application\/ld+json\" class=\"yoast-schema-graph\">{\"@context\":\"https:\/\/schema.org\",\"@graph\":[{\"@type\":\"WebPage\",\"@id\":\"https:\/\/oncoalicia.com\/es\/tipos-de-cancer\/colorrectal\/\",\"url\":\"https:\/\/oncoalicia.com\/es\/tipos-de-cancer\/colorrectal\/\",\"name\":\"Alimentaci\u00f3n para pacientes con c\u00e1ncer colorrectal - Oncoalicia\",\"isPartOf\":{\"@id\":\"https:\/\/oncoalicia.com\/es\/#website\"},\"primaryImageOfPage\":{\"@id\":\"https:\/\/oncoalicia.com\/es\/tipos-de-cancer\/colorrectal\/#primaryimage\"},\"image\":{\"@id\":\"https:\/\/oncoalicia.com\/es\/tipos-de-cancer\/colorrectal\/#primaryimage\"},\"thumbnailUrl\":\"http:\/\/oncoalicia.com\/wp-content\/uploads\/2023\/02\/colorrectal_es.jpg\",\"datePublished\":\"2021-12-29T01:26:57+00:00\",\"dateModified\":\"2025-07-04T07:11:48+00:00\",\"description\":\"Distintas recomendaciones alimentarias para personas que est\u00e1n con tratamiento contra el c\u00e1ncer colorrectal.\",\"breadcrumb\":{\"@id\":\"https:\/\/oncoalicia.com\/es\/tipos-de-cancer\/colorrectal\/#breadcrumb\"},\"inLanguage\":\"es\",\"potentialAction\":[{\"@type\":\"ReadAction\",\"target\":[\"https:\/\/oncoalicia.com\/es\/tipos-de-cancer\/colorrectal\/\"]}]},{\"@type\":\"ImageObject\",\"inLanguage\":\"es\",\"@id\":\"https:\/\/oncoalicia.com\/es\/tipos-de-cancer\/colorrectal\/#primaryimage\",\"url\":\"http:\/\/oncoalicia.com\/wp-content\/uploads\/2023\/02\/colorrectal_es.jpg\",\"contentUrl\":\"http:\/\/oncoalicia.com\/wp-content\/uploads\/2023\/02\/colorrectal_es.jpg\"},{\"@type\":\"BreadcrumbList\",\"@id\":\"https:\/\/oncoalicia.com\/es\/tipos-de-cancer\/colorrectal\/#breadcrumb\",\"itemListElement\":[{\"@type\":\"ListItem\",\"position\":1,\"name\":\"Portada\",\"item\":\"https:\/\/oncoalicia.com\/es\/\"},{\"@type\":\"ListItem\",\"position\":2,\"name\":\"Tipos de c\u00e1ncer\",\"item\":\"https:\/\/oncoalicia.com\/es\/tipos-de-cancer\/\"},{\"@type\":\"ListItem\",\"position\":3,\"name\":\"Recomendaciones alimentarias durante el tratamiento del c\u00e1ncer colorrectal\"}]},{\"@type\":\"WebSite\",\"@id\":\"https:\/\/oncoalicia.com\/es\/#website\",\"url\":\"https:\/\/oncoalicia.com\/es\/\",\"name\":\"Oncoal\u00edcia\",\"description\":\"Comer durante el Tratamiento del C\u00e1ncer\",\"publisher\":{\"@id\":\"https:\/\/oncoalicia.com\/es\/#organization\"},\"alternateName\":\"Oncoal\u00edcia | Comer durante el Tratamiento del C\u00e1ncer\",\"potentialAction\":[{\"@type\":\"SearchAction\",\"target\":{\"@type\":\"EntryPoint\",\"urlTemplate\":\"https:\/\/oncoalicia.com\/es\/?s={search_term_string}\"},\"query-input\":{\"@type\":\"PropertyValueSpecification\",\"valueRequired\":true,\"valueName\":\"search_term_string\"}}],\"inLanguage\":\"es\"},{\"@type\":\"Organization\",\"@id\":\"https:\/\/oncoalicia.com\/es\/#organization\",\"name\":\"Oncoal\u00edcia\",\"alternateName\":\"Oncoal\u00edcia | Comer durante el Tratamiento del C\u00e1ncer\",\"url\":\"https:\/\/oncoalicia.com\/es\/\",\"logo\":{\"@type\":\"ImageObject\",\"inLanguage\":\"es\",\"@id\":\"https:\/\/oncoalicia.com\/es\/#\/schema\/logo\/image\/\",\"url\":\"https:\/\/oncoalicia.com\/wp-content\/uploads\/2022\/11\/logo_rrss.png\",\"contentUrl\":\"https:\/\/oncoalicia.com\/wp-content\/uploads\/2022\/11\/logo_rrss.png\",\"width\":300,\"height\":300,\"caption\":\"Oncoal\u00edcia\"},\"image\":{\"@id\":\"https:\/\/oncoalicia.com\/es\/#\/schema\/logo\/image\/\"}}]}<\/script>\n<!-- \/ Yoast SEO plugin. -->","yoast_head_json":{"title":"Alimentaci\u00f3n para pacientes con c\u00e1ncer colorrectal - Oncoalicia","description":"Distintas recomendaciones alimentarias para personas que est\u00e1n con tratamiento contra el c\u00e1ncer colorrectal.","robots":{"index":"index","follow":"follow","max-snippet":"max-snippet:-1","max-image-preview":"max-image-preview:large","max-video-preview":"max-video-preview:-1"},"canonical":"https:\/\/oncoalicia.com\/es\/tipos-de-cancer\/colorrectal\/","og_locale":"es_ES","og_type":"article","og_title":"Alimentaci\u00f3n para pacientes con c\u00e1ncer colorrectal - Oncoalicia","og_description":"Distintas recomendaciones alimentarias para personas que est\u00e1n con tratamiento contra el c\u00e1ncer colorrectal.","og_url":"https:\/\/oncoalicia.com\/es\/tipos-de-cancer\/colorrectal\/","og_site_name":"Oncoalicia","article_modified_time":"2025-07-04T07:11:48+00:00","og_image":[{"width":300,"height":262,"url":"https:\/\/oncoalicia.com\/wp-content\/uploads\/2022\/06\/colon-300x262-1.jpg","type":"image\/jpeg"}],"twitter_card":"summary_large_image","twitter_misc":{"Tiempo de lectura":"4 minutos"},"schema":{"@context":"https:\/\/schema.org","@graph":[{"@type":"WebPage","@id":"https:\/\/oncoalicia.com\/es\/tipos-de-cancer\/colorrectal\/","url":"https:\/\/oncoalicia.com\/es\/tipos-de-cancer\/colorrectal\/","name":"Alimentaci\u00f3n para pacientes con c\u00e1ncer colorrectal - Oncoalicia","isPartOf":{"@id":"https:\/\/oncoalicia.com\/es\/#website"},"primaryImageOfPage":{"@id":"https:\/\/oncoalicia.com\/es\/tipos-de-cancer\/colorrectal\/#primaryimage"},"image":{"@id":"https:\/\/oncoalicia.com\/es\/tipos-de-cancer\/colorrectal\/#primaryimage"},"thumbnailUrl":"http:\/\/oncoalicia.com\/wp-content\/uploads\/2023\/02\/colorrectal_es.jpg","datePublished":"2021-12-29T01:26:57+00:00","dateModified":"2025-07-04T07:11:48+00:00","description":"Distintas recomendaciones alimentarias para personas que est\u00e1n con tratamiento contra el c\u00e1ncer colorrectal.","breadcrumb":{"@id":"https:\/\/oncoalicia.com\/es\/tipos-de-cancer\/colorrectal\/#breadcrumb"},"inLanguage":"es","potentialAction":[{"@type":"ReadAction","target":["https:\/\/oncoalicia.com\/es\/tipos-de-cancer\/colorrectal\/"]}]},{"@type":"ImageObject","inLanguage":"es","@id":"https:\/\/oncoalicia.com\/es\/tipos-de-cancer\/colorrectal\/#primaryimage","url":"http:\/\/oncoalicia.com\/wp-content\/uploads\/2023\/02\/colorrectal_es.jpg","contentUrl":"http:\/\/oncoalicia.com\/wp-content\/uploads\/2023\/02\/colorrectal_es.jpg"},{"@type":"BreadcrumbList","@id":"https:\/\/oncoalicia.com\/es\/tipos-de-cancer\/colorrectal\/#breadcrumb","itemListElement":[{"@type":"ListItem","position":1,"name":"Portada","item":"https:\/\/oncoalicia.com\/es\/"},{"@type":"ListItem","position":2,"name":"Tipos de c\u00e1ncer","item":"https:\/\/oncoalicia.com\/es\/tipos-de-cancer\/"},{"@type":"ListItem","position":3,"name":"Recomendaciones alimentarias durante el tratamiento del c\u00e1ncer colorrectal"}]},{"@type":"WebSite","@id":"https:\/\/oncoalicia.com\/es\/#website","url":"https:\/\/oncoalicia.com\/es\/","name":"Oncoal\u00edcia","description":"Comer durante el Tratamiento del C\u00e1ncer","publisher":{"@id":"https:\/\/oncoalicia.com\/es\/#organization"},"alternateName":"Oncoal\u00edcia | Comer durante el Tratamiento del C\u00e1ncer","potentialAction":[{"@type":"SearchAction","target":{"@type":"EntryPoint","urlTemplate":"https:\/\/oncoalicia.com\/es\/?s={search_term_string}"},"query-input":{"@type":"PropertyValueSpecification","valueRequired":true,"valueName":"search_term_string"}}],"inLanguage":"es"},{"@type":"Organization","@id":"https:\/\/oncoalicia.com\/es\/#organization","name":"Oncoal\u00edcia","alternateName":"Oncoal\u00edcia | Comer durante el Tratamiento del C\u00e1ncer","url":"https:\/\/oncoalicia.com\/es\/","logo":{"@type":"ImageObject","inLanguage":"es","@id":"https:\/\/oncoalicia.com\/es\/#\/schema\/logo\/image\/","url":"https:\/\/oncoalicia.com\/wp-content\/uploads\/2022\/11\/logo_rrss.png","contentUrl":"https:\/\/oncoalicia.com\/wp-content\/uploads\/2022\/11\/logo_rrss.png","width":300,"height":300,"caption":"Oncoal\u00edcia"},"image":{"@id":"https:\/\/oncoalicia.com\/es\/#\/schema\/logo\/image\/"}}]}},"_links":{"self":[{"href":"https:\/\/oncoalicia.com\/es\/wp-json\/wp\/v2\/pages\/3887","targetHints":{"allow":["GET"]}}],"collection":[{"href":"https:\/\/oncoalicia.com\/es\/wp-json\/wp\/v2\/pages"}],"about":[{"href":"https:\/\/oncoalicia.com\/es\/wp-json\/wp\/v2\/types\/page"}],"author":[{"embeddable":true,"href":"https:\/\/oncoalicia.com\/es\/wp-json\/wp\/v2\/users\/2"}],"replies":[{"embeddable":true,"href":"https:\/\/oncoalicia.com\/es\/wp-json\/wp\/v2\/comments?post=3887"}],"version-history":[{"count":0,"href":"https:\/\/oncoalicia.com\/es\/wp-json\/wp\/v2\/pages\/3887\/revisions"}],"up":[{"embeddable":true,"href":"https:\/\/oncoalicia.com\/es\/wp-json\/wp\/v2\/pages\/3920"}],"wp:attachment":[{"href":"https:\/\/oncoalicia.com\/es\/wp-json\/wp\/v2\/media?parent=3887"}],"curies":[{"name":"wp","href":"https:\/\/api.w.org\/{rel}","templated":true}]}}