{"id":3892,"date":"2021-12-30T00:46:20","date_gmt":"2021-12-30T00:46:20","guid":{"rendered":"https:\/\/www.oncoalicia.com\/alimentacion-durante-el-tratamiento-del-cancer-de-pulmon\/"},"modified":"2025-07-04T07:42:43","modified_gmt":"2025-07-04T07:42:43","slug":"pulmon","status":"publish","type":"page","link":"https:\/\/oncoalicia.com\/es\/tipos-de-cancer\/pulmon\/","title":{"rendered":"Recomendaciones alimentarias durante el tratamiento del c\u00e1ncer de pulm\u00f3n"},"content":{"rendered":"<div class=\"row\">\n<div class=\"col-md-12 subtitle-mitos text-left\">\n<table>\n<tbody>\n<tr style=\"border: none!important;\">\n<td class=\"full-width\">\n<p>El <b>c\u00e1ncer de pulm\u00f3n<\/b> engloba todos aquellos tumores que afectan a las c\u00e9lulas que recubren las v\u00edas respiratorias y los tejidos pulmonares. Existen varios tipos de c\u00e1ncer de pulm\u00f3n, que se clasifican en funci\u00f3n de la localizaci\u00f3n y el tipo de c\u00e9lula de tejido pulmonar al que afecte.<br \/>\nEl tratamiento para este tipo de c\u00e1ncer depender\u00e1 de muchos factores, como el tama\u00f1o y la localizaci\u00f3n exacta del tumor, la diseminaci\u00f3n o el estado general del paciente. Por lo tanto, los efectos secundarios de los tratamientos pueden variar y afectar en diferentes grados e intensidad. El propio tumor o la cirug\u00eda pueden provocar una limitaci\u00f3n en la capacidad respiratoria del pulm\u00f3n y, como consecuencia, cansancio a la hora de comer. Adem\u00e1s, el pulm\u00f3n se encuentra cercano al es\u00f3fago (\u00f3rgano implicado en el transporte de alimentos), el cual tambi\u00e9n puede resultar perjudicado. Por todo ello, puede existir dificultad para alimentarse desde el inicio del tratamiento o durante el mismo y, a su vez, comprometer el estado nutricional del paciente.<\/p>\n<\/td>\n<td class=\"full-width espaciado\" style=\"text-align:center;\" valign=\"top\"><img decoding=\"async\" class=\"alignnone wp-image-1653\" style=\"margin-top: 15px;\" src=\"http:\/\/oncoalicia.com\/wp-content\/uploads\/2023\/02\/pulmon_es.jpg\" alt=\"\" width=\"300\" height=\"auto\"><\/td>\n<\/tr>\n<\/tbody>\n<\/table>\n<p>Las prioridades alimentarias durante el tratamiento del c\u00e1ncer de pulm\u00f3n ser\u00e1n garantizar un adecuado estado nutricional que ayude a disminuir los efectos secundarios y las complicaciones. Para ello, adem\u00e1s de seguir las <strong><a href=\"https:\/\/oncoalicia.com\/es\/recomendaciones-generales\/\">\u201cRecomendaciones generales sobre alimentaci\u00f3n durante el tratamiento del c\u00e1ncer\u201d<\/a><\/strong>, en el c\u00e1ncer de pulm\u00f3n hay que reforzar y considerar:<\/p>\n<\/div><\/div>\n<div class=\"row\">\n<div class=\"col-md-12 orange-box\">\n<ul>\n<li><b>Repartir la alimentaci\u00f3n en distintas ingestas a lo largo del d\u00eda.<\/b> Realizar cinco comidas completas e incorporar todos los grupos de alimentos. Si aparece cansancio a la hora de comer, se recomienda, adem\u00e1s, incrementar el n\u00famero de comidas hasta siete u ocho, incluso repartiendo el contenido de la comida o la cena en dos tomas. Se pueden distribuir los alimentos de un d\u00eda completo en varias tomas m\u00e1s peque\u00f1as, de alta densidad nutricional.<\/li>\n<li><b>Adaptar la textura de alimentos y la viscosidad de los l\u00edquidos.<\/b> Cuando aparezcan molestias, dolor o dificultad al deglutir se deber\u00e1 contemplar la modificaci\u00f3n de la textura de alimentos y\/o l\u00edquidos para evitar la disminuci\u00f3n de la ingesta y hacer segura la degluci\u00f3n. La textura de los alimentos deber\u00e1 adaptarse seg\u00fan las necesidades, pudiendo ser suficiente con simples modificaciones o hasta incluso llegando a triturar las elaboraciones.<\/li>\n<li><b>Verificar si hay alguna interacci\u00f3n alimento-medicamente.<\/b> En este tipo de c\u00e1ncer se han descrito posibles interacciones con plantas y hierbas, como el hip\u00e9rico; con alimentos como el pomelo y su zumo, y tambi\u00e9n con nutrientes de ciertos alimentos y suplementos, como el \u00e1cido f\u00f3lico y la vitamina B12. Estas interacciones podr\u00edan darse o no seg\u00fan el tratamiento prescrito, por lo que ser\u00e1 necesario consultar siempre al especialista cada caso concreto.<\/li>\n<li><b>Adaptar la alimentaci\u00f3n seg\u00fan los efectos secundarios y s\u00edntomas que puedan aparecer<\/b> a partir de las siguientes recomendaciones diet\u00e9tico-culinarias para cada uno de ellos.<\/li>\n<\/ul><\/div>\n<\/p><\/div>\n<\/p><\/div>\n<\/section>\n<section class=\"mt-30\">\n<div class=\"container\">\n<div class=\"row\">\n<div class=\"col-md-12 txt-2 text-center\">\n Efectos secundarios y s\u00edntomas m\u00e1s frecuentes\n            <\/div>\n<\/p><\/div>\n<div class=\"col-md-12\">\n<div class=\"row space-efect\">\n<div class=\"col-md-3\">\n                    <a style=\"text-decoration: none;\" href=\"http:\/\/oncoalicia.com\/es\/tipos-de-cancer\/pulmon\/perdida-del-apetito\/\"><\/p>\n<div class=\"cuadro-efecto text-center\">\n<div class=\"txt-efect\">\n P\u00e9rdida del apetito\n                            <\/div>\n<div class=\"flecha\">\n                                <i class=\"fa fa-chevron-right\" aria-hidden=\"true\"><\/i>\n                            <\/div>\n<\/p><\/div>\n<p>                    <\/a>\n                <\/div>\n<div class=\"col-md-3\">\n                    <a style=\"text-decoration: none;\" href=\"http:\/\/oncoalicia.com\/es\/tipos-de-cancer\/pulmon\/nauseas-y-vomitos\/\"><\/p>\n<div class=\"cuadro-efecto text-center\">\n<div class=\"txt-efect\">\n N\u00e1useas y v\u00f3mitos\n                            <\/div>\n<div class=\"flecha\">\n                                <i class=\"fa fa-chevron-right\" aria-hidden=\"true\"><\/i>\n                            <\/div>\n<\/p><\/div>\n<p>                    <\/a>\n                <\/div>\n<div class=\"col-md-3\">\n                    <a style=\"text-decoration: none;\" href=\"http:\/\/oncoalicia.com\/es\/tipos-de-cancer\/pulmon\/dolor-en-la-deglucion\/\"><\/p>\n<div class=\"cuadro-efecto text-center\">\n<div class=\"txt-efect\">\n Dolor en la degluci\u00f3n\n                            <\/div>\n<div class=\"flecha\">\n                                <i class=\"fa fa-chevron-right\" aria-hidden=\"true\"><\/i>\n                            <\/div>\n<\/p><\/div>\n<p>                    <\/a>\n                <\/div>\n<div class=\"col-md-3\">\n                    <a style=\"text-decoration: none;\" href=\"http:\/\/oncoalicia.com\/es\/tipos-de-cancer\/pulmon\/alteracion-del-gusto\/\"><\/p>\n<div class=\"cuadro-efecto text-center\">\n<div class=\"txt-efect\">\n Alteraci\u00f3n del gusto\n                            <\/div>\n<div class=\"flecha\">\n                                <i class=\"fa fa-chevron-right\" aria-hidden=\"true\"><\/i>\n                            <\/div>\n<\/p><\/div>\n<p>                    <\/a>\n                <\/div>\n<\/p><\/div>\n<div class=\"row space-efect\">\n<div class=\"col-md-3\">\n                    <a style=\"text-decoration: none;\" href=\"http:\/\/oncoalicia.com\/es\/tipos-de-cancer\/pulmon\/dificultad-para-deglutir\/\"><\/p>\n<div class=\"cuadro-efecto text-center\">\n<div class=\"txt-efect\">\n Dificultad para deglutir\n                            <\/div>\n<div class=\"flecha\">\n                                <i class=\"fa fa-chevron-right\" aria-hidden=\"true\"><\/i>\n                            <\/div>\n<\/p><\/div>\n<p>                    <\/a>\n                <\/div>\n<div class=\"col-md-3\">\n                    <a style=\"text-decoration: none;\" href=\"http:\/\/oncoalicia.com\/es\/tipos-de-cancer\/pulmon\/ardor-de-estomago\/\"><\/p>\n<div class=\"cuadro-efecto text-center\">\n<div class=\"txt-efect\">\n Ardor de est\u00f3mago\n                            <\/div>\n<div class=\"flecha\">\n                                <i class=\"fa fa-chevron-right\" aria-hidden=\"true\"><\/i>\n                            <\/div>\n<\/p><\/div>\n<p>                    <\/a>\n                <\/div>\n<div class=\"col-md-3\">\n                    <a style=\"text-decoration: none;\" href=\"http:\/\/oncoalicia.com\/es\/tipos-de-cancer\/pulmon\/estrenimiento\/\"><\/p>\n<div class=\"cuadro-efecto text-center\">\n<div class=\"txt-efect\">\n Estre\u00f1imiento\n                            <\/div>\n<div class=\"flecha\">\n                                <i class=\"fa fa-chevron-right\" aria-hidden=\"true\"><\/i>\n                            <\/div>\n<\/p><\/div>\n<p>                    <\/a>\n                <\/div>\n<div class=\"col-md-3\">\n                <\/div>\n<\/p><\/div>\n<\/p><\/div>\n<\/p><\/div>\n<\/section>\n<section class=\"descarga\">\n<div class=\"container\">\n<div class=\"row\">\n<div class=\"col-md-12 text-center\">\n            <img decoding=\"async\" class=\"img-fluid\" src=\"http:\/\/oncoalicia.com\/wp-content\/uploads\/2023\/01\/Guies_alicia_6.jpg\" width=\"200\" height=\"auto\">\n        <\/div>\n<div class=\"col-md-12 text-center\">\n            <a class=\"guia-dw\" target=\"_blank\" href=\"http:\/\/oncoalicia.com\/wp-content\/uploads\/2023\/01\/6_PULMON_Alicia_ICO_CAST-min.pdf\" rel=\"noopener\"><br \/>\n            Descarga la gu\u00eda completa <i class=\"fa fa-arrow-down\" aria-hidden=\"true\"><\/i><br \/>\n            <\/a>\n        <\/div>\n<\/p><\/div>\n<\/p><\/div>\n<\/section>\n","protected":false},"excerpt":{"rendered":"<p>El c\u00e1ncer de pulm\u00f3n engloba todos aquellos tumores que afectan a las c\u00e9lulas que recubren las v\u00edas respiratorias y los tejidos pulmonares. Existen varios tipos de c\u00e1ncer de pulm\u00f3n, que se clasifican en funci\u00f3n de la localizaci\u00f3n y el tipo de c\u00e9lula de tejido pulmonar al que afecte. El tratamiento para este tipo de c\u00e1ncer&hellip; <a class=\"more-link\" href=\"https:\/\/oncoalicia.com\/es\/tipos-de-cancer\/pulmon\/\">Seguir leyendo <span class=\"screen-reader-text\">Recomendaciones alimentarias durante el tratamiento del c\u00e1ncer de pulm\u00f3n<\/span><\/a><\/p>\n","protected":false},"author":2,"featured_media":0,"parent":3920,"menu_order":0,"comment_status":"closed","ping_status":"closed","template":"pulmon.php","meta":{"footnotes":""},"class_list":["post-3892","page","type-page","status-publish","hentry","entry"],"yoast_head":"<!-- This site is optimized with the Yoast SEO plugin v26.9 - https:\/\/yoast.com\/product\/yoast-seo-wordpress\/ -->\n<title>Alimentaci\u00f3n para pacientes con c\u00e1ncer de pulm\u00f3n - Oncoalicia<\/title>\n<meta name=\"description\" content=\"Distintas recomendaciones alimentarias para personas que est\u00e1n con tratamiento contra el c\u00e1ncer de pulm\u00f3n.\" \/>\n<meta name=\"robots\" content=\"index, follow, max-snippet:-1, max-image-preview:large, max-video-preview:-1\" \/>\n<link rel=\"canonical\" href=\"https:\/\/oncoalicia.com\/es\/tipos-de-cancer\/pulmon\/\" \/>\n<meta property=\"og:locale\" content=\"es_ES\" \/>\n<meta property=\"og:type\" content=\"article\" \/>\n<meta property=\"og:title\" content=\"Alimentaci\u00f3n para pacientes con c\u00e1ncer de pulm\u00f3n - Oncoalicia\" \/>\n<meta property=\"og:description\" content=\"Distintas recomendaciones alimentarias para personas que est\u00e1n con tratamiento contra el c\u00e1ncer de pulm\u00f3n.\" \/>\n<meta property=\"og:url\" content=\"https:\/\/oncoalicia.com\/es\/tipos-de-cancer\/pulmon\/\" \/>\n<meta property=\"og:site_name\" content=\"Oncoalicia\" \/>\n<meta property=\"article:modified_time\" content=\"2025-07-04T07:42:43+00:00\" \/>\n<meta property=\"og:image\" content=\"https:\/\/oncoalicia.com\/wp-content\/uploads\/2022\/06\/pulmon-300x262-1.jpg\" \/>\n\t<meta property=\"og:image:width\" content=\"300\" \/>\n\t<meta property=\"og:image:height\" content=\"262\" \/>\n\t<meta property=\"og:image:type\" content=\"image\/jpeg\" \/>\n<meta name=\"twitter:card\" content=\"summary_large_image\" \/>\n<meta name=\"twitter:label1\" content=\"Tiempo de lectura\" \/>\n\t<meta name=\"twitter:data1\" content=\"3 minutos\" \/>\n<script type=\"application\/ld+json\" class=\"yoast-schema-graph\">{\"@context\":\"https:\/\/schema.org\",\"@graph\":[{\"@type\":\"WebPage\",\"@id\":\"https:\/\/oncoalicia.com\/es\/tipos-de-cancer\/pulmon\/\",\"url\":\"https:\/\/oncoalicia.com\/es\/tipos-de-cancer\/pulmon\/\",\"name\":\"Alimentaci\u00f3n para pacientes con c\u00e1ncer de pulm\u00f3n - Oncoalicia\",\"isPartOf\":{\"@id\":\"https:\/\/oncoalicia.com\/es\/#website\"},\"primaryImageOfPage\":{\"@id\":\"https:\/\/oncoalicia.com\/es\/tipos-de-cancer\/pulmon\/#primaryimage\"},\"image\":{\"@id\":\"https:\/\/oncoalicia.com\/es\/tipos-de-cancer\/pulmon\/#primaryimage\"},\"thumbnailUrl\":\"http:\/\/oncoalicia.com\/wp-content\/uploads\/2023\/02\/pulmon_es.jpg\",\"datePublished\":\"2021-12-30T00:46:20+00:00\",\"dateModified\":\"2025-07-04T07:42:43+00:00\",\"description\":\"Distintas recomendaciones alimentarias para personas que est\u00e1n con tratamiento contra el c\u00e1ncer de pulm\u00f3n.\",\"breadcrumb\":{\"@id\":\"https:\/\/oncoalicia.com\/es\/tipos-de-cancer\/pulmon\/#breadcrumb\"},\"inLanguage\":\"es\",\"potentialAction\":[{\"@type\":\"ReadAction\",\"target\":[\"https:\/\/oncoalicia.com\/es\/tipos-de-cancer\/pulmon\/\"]}]},{\"@type\":\"ImageObject\",\"inLanguage\":\"es\",\"@id\":\"https:\/\/oncoalicia.com\/es\/tipos-de-cancer\/pulmon\/#primaryimage\",\"url\":\"http:\/\/oncoalicia.com\/wp-content\/uploads\/2023\/02\/pulmon_es.jpg\",\"contentUrl\":\"http:\/\/oncoalicia.com\/wp-content\/uploads\/2023\/02\/pulmon_es.jpg\"},{\"@type\":\"BreadcrumbList\",\"@id\":\"https:\/\/oncoalicia.com\/es\/tipos-de-cancer\/pulmon\/#breadcrumb\",\"itemListElement\":[{\"@type\":\"ListItem\",\"position\":1,\"name\":\"Portada\",\"item\":\"https:\/\/oncoalicia.com\/es\/\"},{\"@type\":\"ListItem\",\"position\":2,\"name\":\"Tipos de c\u00e1ncer\",\"item\":\"https:\/\/oncoalicia.com\/es\/tipos-de-cancer\/\"},{\"@type\":\"ListItem\",\"position\":3,\"name\":\"Recomendaciones alimentarias durante el tratamiento del c\u00e1ncer de pulm\u00f3n\"}]},{\"@type\":\"WebSite\",\"@id\":\"https:\/\/oncoalicia.com\/es\/#website\",\"url\":\"https:\/\/oncoalicia.com\/es\/\",\"name\":\"Oncoal\u00edcia\",\"description\":\"Comer durante el Tratamiento del C\u00e1ncer\",\"publisher\":{\"@id\":\"https:\/\/oncoalicia.com\/es\/#organization\"},\"alternateName\":\"Oncoal\u00edcia | Comer durante el Tratamiento del C\u00e1ncer\",\"potentialAction\":[{\"@type\":\"SearchAction\",\"target\":{\"@type\":\"EntryPoint\",\"urlTemplate\":\"https:\/\/oncoalicia.com\/es\/?s={search_term_string}\"},\"query-input\":{\"@type\":\"PropertyValueSpecification\",\"valueRequired\":true,\"valueName\":\"search_term_string\"}}],\"inLanguage\":\"es\"},{\"@type\":\"Organization\",\"@id\":\"https:\/\/oncoalicia.com\/es\/#organization\",\"name\":\"Oncoal\u00edcia\",\"alternateName\":\"Oncoal\u00edcia | Comer durante el Tratamiento del C\u00e1ncer\",\"url\":\"https:\/\/oncoalicia.com\/es\/\",\"logo\":{\"@type\":\"ImageObject\",\"inLanguage\":\"es\",\"@id\":\"https:\/\/oncoalicia.com\/es\/#\/schema\/logo\/image\/\",\"url\":\"https:\/\/oncoalicia.com\/wp-content\/uploads\/2022\/11\/logo_rrss.png\",\"contentUrl\":\"https:\/\/oncoalicia.com\/wp-content\/uploads\/2022\/11\/logo_rrss.png\",\"width\":300,\"height\":300,\"caption\":\"Oncoal\u00edcia\"},\"image\":{\"@id\":\"https:\/\/oncoalicia.com\/es\/#\/schema\/logo\/image\/\"}}]}<\/script>\n<!-- \/ Yoast SEO plugin. -->","yoast_head_json":{"title":"Alimentaci\u00f3n para pacientes con c\u00e1ncer de pulm\u00f3n - Oncoalicia","description":"Distintas recomendaciones alimentarias para personas que est\u00e1n con tratamiento contra el c\u00e1ncer de pulm\u00f3n.","robots":{"index":"index","follow":"follow","max-snippet":"max-snippet:-1","max-image-preview":"max-image-preview:large","max-video-preview":"max-video-preview:-1"},"canonical":"https:\/\/oncoalicia.com\/es\/tipos-de-cancer\/pulmon\/","og_locale":"es_ES","og_type":"article","og_title":"Alimentaci\u00f3n para pacientes con c\u00e1ncer de pulm\u00f3n - Oncoalicia","og_description":"Distintas recomendaciones alimentarias para personas que est\u00e1n con tratamiento contra el c\u00e1ncer de pulm\u00f3n.","og_url":"https:\/\/oncoalicia.com\/es\/tipos-de-cancer\/pulmon\/","og_site_name":"Oncoalicia","article_modified_time":"2025-07-04T07:42:43+00:00","og_image":[{"width":300,"height":262,"url":"https:\/\/oncoalicia.com\/wp-content\/uploads\/2022\/06\/pulmon-300x262-1.jpg","type":"image\/jpeg"}],"twitter_card":"summary_large_image","twitter_misc":{"Tiempo de lectura":"3 minutos"},"schema":{"@context":"https:\/\/schema.org","@graph":[{"@type":"WebPage","@id":"https:\/\/oncoalicia.com\/es\/tipos-de-cancer\/pulmon\/","url":"https:\/\/oncoalicia.com\/es\/tipos-de-cancer\/pulmon\/","name":"Alimentaci\u00f3n para pacientes con c\u00e1ncer de pulm\u00f3n - Oncoalicia","isPartOf":{"@id":"https:\/\/oncoalicia.com\/es\/#website"},"primaryImageOfPage":{"@id":"https:\/\/oncoalicia.com\/es\/tipos-de-cancer\/pulmon\/#primaryimage"},"image":{"@id":"https:\/\/oncoalicia.com\/es\/tipos-de-cancer\/pulmon\/#primaryimage"},"thumbnailUrl":"http:\/\/oncoalicia.com\/wp-content\/uploads\/2023\/02\/pulmon_es.jpg","datePublished":"2021-12-30T00:46:20+00:00","dateModified":"2025-07-04T07:42:43+00:00","description":"Distintas recomendaciones alimentarias para personas que est\u00e1n con tratamiento contra el c\u00e1ncer de pulm\u00f3n.","breadcrumb":{"@id":"https:\/\/oncoalicia.com\/es\/tipos-de-cancer\/pulmon\/#breadcrumb"},"inLanguage":"es","potentialAction":[{"@type":"ReadAction","target":["https:\/\/oncoalicia.com\/es\/tipos-de-cancer\/pulmon\/"]}]},{"@type":"ImageObject","inLanguage":"es","@id":"https:\/\/oncoalicia.com\/es\/tipos-de-cancer\/pulmon\/#primaryimage","url":"http:\/\/oncoalicia.com\/wp-content\/uploads\/2023\/02\/pulmon_es.jpg","contentUrl":"http:\/\/oncoalicia.com\/wp-content\/uploads\/2023\/02\/pulmon_es.jpg"},{"@type":"BreadcrumbList","@id":"https:\/\/oncoalicia.com\/es\/tipos-de-cancer\/pulmon\/#breadcrumb","itemListElement":[{"@type":"ListItem","position":1,"name":"Portada","item":"https:\/\/oncoalicia.com\/es\/"},{"@type":"ListItem","position":2,"name":"Tipos de c\u00e1ncer","item":"https:\/\/oncoalicia.com\/es\/tipos-de-cancer\/"},{"@type":"ListItem","position":3,"name":"Recomendaciones alimentarias durante el tratamiento del c\u00e1ncer de pulm\u00f3n"}]},{"@type":"WebSite","@id":"https:\/\/oncoalicia.com\/es\/#website","url":"https:\/\/oncoalicia.com\/es\/","name":"Oncoal\u00edcia","description":"Comer durante el Tratamiento del C\u00e1ncer","publisher":{"@id":"https:\/\/oncoalicia.com\/es\/#organization"},"alternateName":"Oncoal\u00edcia | Comer durante el Tratamiento del C\u00e1ncer","potentialAction":[{"@type":"SearchAction","target":{"@type":"EntryPoint","urlTemplate":"https:\/\/oncoalicia.com\/es\/?s={search_term_string}"},"query-input":{"@type":"PropertyValueSpecification","valueRequired":true,"valueName":"search_term_string"}}],"inLanguage":"es"},{"@type":"Organization","@id":"https:\/\/oncoalicia.com\/es\/#organization","name":"Oncoal\u00edcia","alternateName":"Oncoal\u00edcia | Comer durante el Tratamiento del C\u00e1ncer","url":"https:\/\/oncoalicia.com\/es\/","logo":{"@type":"ImageObject","inLanguage":"es","@id":"https:\/\/oncoalicia.com\/es\/#\/schema\/logo\/image\/","url":"https:\/\/oncoalicia.com\/wp-content\/uploads\/2022\/11\/logo_rrss.png","contentUrl":"https:\/\/oncoalicia.com\/wp-content\/uploads\/2022\/11\/logo_rrss.png","width":300,"height":300,"caption":"Oncoal\u00edcia"},"image":{"@id":"https:\/\/oncoalicia.com\/es\/#\/schema\/logo\/image\/"}}]}},"_links":{"self":[{"href":"https:\/\/oncoalicia.com\/es\/wp-json\/wp\/v2\/pages\/3892","targetHints":{"allow":["GET"]}}],"collection":[{"href":"https:\/\/oncoalicia.com\/es\/wp-json\/wp\/v2\/pages"}],"about":[{"href":"https:\/\/oncoalicia.com\/es\/wp-json\/wp\/v2\/types\/page"}],"author":[{"embeddable":true,"href":"https:\/\/oncoalicia.com\/es\/wp-json\/wp\/v2\/users\/2"}],"replies":[{"embeddable":true,"href":"https:\/\/oncoalicia.com\/es\/wp-json\/wp\/v2\/comments?post=3892"}],"version-history":[{"count":0,"href":"https:\/\/oncoalicia.com\/es\/wp-json\/wp\/v2\/pages\/3892\/revisions"}],"up":[{"embeddable":true,"href":"https:\/\/oncoalicia.com\/es\/wp-json\/wp\/v2\/pages\/3920"}],"wp:attachment":[{"href":"https:\/\/oncoalicia.com\/es\/wp-json\/wp\/v2\/media?parent=3892"}],"curies":[{"name":"wp","href":"https:\/\/api.w.org\/{rel}","templated":true}]}}