{"id":3894,"date":"2022-01-10T23:31:47","date_gmt":"2022-01-10T23:31:47","guid":{"rendered":"https:\/\/www.oncoalicia.com\/otros-tipos-de-cancer\/"},"modified":"2025-07-04T07:36:28","modified_gmt":"2025-07-04T07:36:28","slug":"otros-tipos-de-cancer","status":"publish","type":"page","link":"https:\/\/oncoalicia.com\/es\/tipos-de-cancer\/otros-tipos-de-cancer\/","title":{"rendered":"Recomendaciones alimentarias para otros tipos de c\u00e1ncer"},"content":{"rendered":"<p>Este proyecto est\u00e1 en constante actualizaci\u00f3n y ampliaci\u00f3n para aportar soluciones lo m\u00e1s personalizadas y adaptadas como sea posible a cada situaci\u00f3n. Actualmente se est\u00e1 trabajando la alimentaci\u00f3n durante el tratamiento del c\u00e1ncer g\u00e1strico. Este contenido formar\u00e1 parte de la 8\u00aa gu\u00eda de la colecci\u00f3n \u201cComida durante el Tratamiento del C\u00e1ncer\u201d que se publicar\u00e1 en 2023.<\/p>\n<p>Para garantizar un estado nutricional adecuado independientemente del tipo o localizaci\u00f3n de la enfermedad, se recomienda seguir las pautas de una <a href=\"\/es\/recomendaciones-generales\/\">alimentaci\u00f3n equilibrada durante el tratamiento.<\/a> Sin embargo, puede que haya recomendaciones espec\u00edficas para su situaci\u00f3n concreta. Consulte siempre a su m\u00e9dico especialista de referencia para poder tenerlas en cuenta.<\/p>\n","protected":false},"excerpt":{"rendered":"<p>Este proyecto est\u00e1 en constante actualizaci\u00f3n y ampliaci\u00f3n para aportar soluciones lo m\u00e1s personalizadas y adaptadas como sea posible a cada situaci\u00f3n. Actualmente se est\u00e1 trabajando la alimentaci\u00f3n durante el tratamiento del c\u00e1ncer g\u00e1strico. Este contenido formar\u00e1 parte de la 8\u00aa gu\u00eda de la colecci\u00f3n \u201cComida durante el Tratamiento del C\u00e1ncer\u201d que se publicar\u00e1 en&hellip; <a class=\"more-link\" href=\"https:\/\/oncoalicia.com\/es\/tipos-de-cancer\/otros-tipos-de-cancer\/\">Seguir leyendo <span class=\"screen-reader-text\">Recomendaciones alimentarias para otros tipos de c\u00e1ncer<\/span><\/a><\/p>\n","protected":false},"author":2,"featured_media":0,"parent":3920,"menu_order":0,"comment_status":"closed","ping_status":"closed","template":"otros.php","meta":{"footnotes":""},"class_list":["post-3894","page","type-page","status-publish","hentry","entry"],"yoast_head":"<!-- This site is optimized with the Yoast SEO plugin v26.9 - https:\/\/yoast.com\/product\/yoast-seo-wordpress\/ -->\n<title>Alimentaci\u00f3n para pacientes con otros tipos de c\u00e1ncer - Oncoalicia<\/title>\n<meta name=\"description\" content=\"Distintas recomendaciones alimentarias para personas que est\u00e9n con tratamiento de otros tipos de c\u00e1ncer.\" \/>\n<meta name=\"robots\" content=\"index, follow, max-snippet:-1, max-image-preview:large, max-video-preview:-1\" \/>\n<link rel=\"canonical\" href=\"https:\/\/oncoalicia.com\/es\/tipos-de-cancer\/otros-tipos-de-cancer\/\" \/>\n<meta property=\"og:locale\" content=\"es_ES\" \/>\n<meta property=\"og:type\" content=\"article\" \/>\n<meta property=\"og:title\" content=\"Alimentaci\u00f3n para pacientes con otros tipos de c\u00e1ncer - Oncoalicia\" \/>\n<meta property=\"og:description\" content=\"Distintas recomendaciones alimentarias para personas que est\u00e9n con tratamiento de otros tipos de c\u00e1ncer.\" \/>\n<meta property=\"og:url\" content=\"https:\/\/oncoalicia.com\/es\/tipos-de-cancer\/otros-tipos-de-cancer\/\" \/>\n<meta property=\"og:site_name\" content=\"Oncoalicia\" \/>\n<meta property=\"article:modified_time\" content=\"2025-07-04T07:36:28+00:00\" \/>\n<meta property=\"og:image\" content=\"https:\/\/oncoalicia.com\/wp-content\/uploads\/2021\/12\/Asset-3.png\" \/>\n\t<meta property=\"og:image:width\" content=\"300\" \/>\n\t<meta property=\"og:image:height\" content=\"300\" \/>\n\t<meta property=\"og:image:type\" content=\"image\/png\" \/>\n<meta name=\"twitter:card\" content=\"summary_large_image\" \/>\n<meta name=\"twitter:label1\" content=\"Tiempo de lectura\" \/>\n\t<meta name=\"twitter:data1\" content=\"1 minuto\" \/>\n<script type=\"application\/ld+json\" class=\"yoast-schema-graph\">{\"@context\":\"https:\/\/schema.org\",\"@graph\":[{\"@type\":\"WebPage\",\"@id\":\"https:\/\/oncoalicia.com\/es\/tipos-de-cancer\/otros-tipos-de-cancer\/\",\"url\":\"https:\/\/oncoalicia.com\/es\/tipos-de-cancer\/otros-tipos-de-cancer\/\",\"name\":\"Alimentaci\u00f3n para pacientes con otros tipos de c\u00e1ncer - Oncoalicia\",\"isPartOf\":{\"@id\":\"https:\/\/oncoalicia.com\/es\/#website\"},\"datePublished\":\"2022-01-10T23:31:47+00:00\",\"dateModified\":\"2025-07-04T07:36:28+00:00\",\"description\":\"Distintas recomendaciones alimentarias para personas que est\u00e9n con tratamiento de otros tipos de c\u00e1ncer.\",\"breadcrumb\":{\"@id\":\"https:\/\/oncoalicia.com\/es\/tipos-de-cancer\/otros-tipos-de-cancer\/#breadcrumb\"},\"inLanguage\":\"es\",\"potentialAction\":[{\"@type\":\"ReadAction\",\"target\":[\"https:\/\/oncoalicia.com\/es\/tipos-de-cancer\/otros-tipos-de-cancer\/\"]}]},{\"@type\":\"BreadcrumbList\",\"@id\":\"https:\/\/oncoalicia.com\/es\/tipos-de-cancer\/otros-tipos-de-cancer\/#breadcrumb\",\"itemListElement\":[{\"@type\":\"ListItem\",\"position\":1,\"name\":\"Portada\",\"item\":\"https:\/\/oncoalicia.com\/es\/\"},{\"@type\":\"ListItem\",\"position\":2,\"name\":\"Tipos de c\u00e1ncer\",\"item\":\"https:\/\/oncoalicia.com\/es\/tipos-de-cancer\/\"},{\"@type\":\"ListItem\",\"position\":3,\"name\":\"Recomendaciones alimentarias para otros tipos de c\u00e1ncer\"}]},{\"@type\":\"WebSite\",\"@id\":\"https:\/\/oncoalicia.com\/es\/#website\",\"url\":\"https:\/\/oncoalicia.com\/es\/\",\"name\":\"Oncoal\u00edcia\",\"description\":\"Comer durante el Tratamiento del C\u00e1ncer\",\"publisher\":{\"@id\":\"https:\/\/oncoalicia.com\/es\/#organization\"},\"alternateName\":\"Oncoal\u00edcia | Comer durante el Tratamiento del C\u00e1ncer\",\"potentialAction\":[{\"@type\":\"SearchAction\",\"target\":{\"@type\":\"EntryPoint\",\"urlTemplate\":\"https:\/\/oncoalicia.com\/es\/?s={search_term_string}\"},\"query-input\":{\"@type\":\"PropertyValueSpecification\",\"valueRequired\":true,\"valueName\":\"search_term_string\"}}],\"inLanguage\":\"es\"},{\"@type\":\"Organization\",\"@id\":\"https:\/\/oncoalicia.com\/es\/#organization\",\"name\":\"Oncoal\u00edcia\",\"alternateName\":\"Oncoal\u00edcia | Comer durante el Tratamiento del C\u00e1ncer\",\"url\":\"https:\/\/oncoalicia.com\/es\/\",\"logo\":{\"@type\":\"ImageObject\",\"inLanguage\":\"es\",\"@id\":\"https:\/\/oncoalicia.com\/es\/#\/schema\/logo\/image\/\",\"url\":\"https:\/\/oncoalicia.com\/wp-content\/uploads\/2022\/11\/logo_rrss.png\",\"contentUrl\":\"https:\/\/oncoalicia.com\/wp-content\/uploads\/2022\/11\/logo_rrss.png\",\"width\":300,\"height\":300,\"caption\":\"Oncoal\u00edcia\"},\"image\":{\"@id\":\"https:\/\/oncoalicia.com\/es\/#\/schema\/logo\/image\/\"}}]}<\/script>\n<!-- \/ Yoast SEO plugin. -->","yoast_head_json":{"title":"Alimentaci\u00f3n para pacientes con otros tipos de c\u00e1ncer - Oncoalicia","description":"Distintas recomendaciones alimentarias para personas que est\u00e9n con tratamiento de otros tipos de c\u00e1ncer.","robots":{"index":"index","follow":"follow","max-snippet":"max-snippet:-1","max-image-preview":"max-image-preview:large","max-video-preview":"max-video-preview:-1"},"canonical":"https:\/\/oncoalicia.com\/es\/tipos-de-cancer\/otros-tipos-de-cancer\/","og_locale":"es_ES","og_type":"article","og_title":"Alimentaci\u00f3n para pacientes con otros tipos de c\u00e1ncer - Oncoalicia","og_description":"Distintas recomendaciones alimentarias para personas que est\u00e9n con tratamiento de otros tipos de c\u00e1ncer.","og_url":"https:\/\/oncoalicia.com\/es\/tipos-de-cancer\/otros-tipos-de-cancer\/","og_site_name":"Oncoalicia","article_modified_time":"2025-07-04T07:36:28+00:00","og_image":[{"width":300,"height":300,"url":"https:\/\/oncoalicia.com\/wp-content\/uploads\/2021\/12\/Asset-3.png","type":"image\/png"}],"twitter_card":"summary_large_image","twitter_misc":{"Tiempo de lectura":"1 minuto"},"schema":{"@context":"https:\/\/schema.org","@graph":[{"@type":"WebPage","@id":"https:\/\/oncoalicia.com\/es\/tipos-de-cancer\/otros-tipos-de-cancer\/","url":"https:\/\/oncoalicia.com\/es\/tipos-de-cancer\/otros-tipos-de-cancer\/","name":"Alimentaci\u00f3n para pacientes con otros tipos de c\u00e1ncer - Oncoalicia","isPartOf":{"@id":"https:\/\/oncoalicia.com\/es\/#website"},"datePublished":"2022-01-10T23:31:47+00:00","dateModified":"2025-07-04T07:36:28+00:00","description":"Distintas recomendaciones alimentarias para personas que est\u00e9n con tratamiento de otros tipos de c\u00e1ncer.","breadcrumb":{"@id":"https:\/\/oncoalicia.com\/es\/tipos-de-cancer\/otros-tipos-de-cancer\/#breadcrumb"},"inLanguage":"es","potentialAction":[{"@type":"ReadAction","target":["https:\/\/oncoalicia.com\/es\/tipos-de-cancer\/otros-tipos-de-cancer\/"]}]},{"@type":"BreadcrumbList","@id":"https:\/\/oncoalicia.com\/es\/tipos-de-cancer\/otros-tipos-de-cancer\/#breadcrumb","itemListElement":[{"@type":"ListItem","position":1,"name":"Portada","item":"https:\/\/oncoalicia.com\/es\/"},{"@type":"ListItem","position":2,"name":"Tipos de c\u00e1ncer","item":"https:\/\/oncoalicia.com\/es\/tipos-de-cancer\/"},{"@type":"ListItem","position":3,"name":"Recomendaciones alimentarias para otros tipos de c\u00e1ncer"}]},{"@type":"WebSite","@id":"https:\/\/oncoalicia.com\/es\/#website","url":"https:\/\/oncoalicia.com\/es\/","name":"Oncoal\u00edcia","description":"Comer durante el Tratamiento del C\u00e1ncer","publisher":{"@id":"https:\/\/oncoalicia.com\/es\/#organization"},"alternateName":"Oncoal\u00edcia | Comer durante el Tratamiento del C\u00e1ncer","potentialAction":[{"@type":"SearchAction","target":{"@type":"EntryPoint","urlTemplate":"https:\/\/oncoalicia.com\/es\/?s={search_term_string}"},"query-input":{"@type":"PropertyValueSpecification","valueRequired":true,"valueName":"search_term_string"}}],"inLanguage":"es"},{"@type":"Organization","@id":"https:\/\/oncoalicia.com\/es\/#organization","name":"Oncoal\u00edcia","alternateName":"Oncoal\u00edcia | Comer durante el Tratamiento del C\u00e1ncer","url":"https:\/\/oncoalicia.com\/es\/","logo":{"@type":"ImageObject","inLanguage":"es","@id":"https:\/\/oncoalicia.com\/es\/#\/schema\/logo\/image\/","url":"https:\/\/oncoalicia.com\/wp-content\/uploads\/2022\/11\/logo_rrss.png","contentUrl":"https:\/\/oncoalicia.com\/wp-content\/uploads\/2022\/11\/logo_rrss.png","width":300,"height":300,"caption":"Oncoal\u00edcia"},"image":{"@id":"https:\/\/oncoalicia.com\/es\/#\/schema\/logo\/image\/"}}]}},"_links":{"self":[{"href":"https:\/\/oncoalicia.com\/es\/wp-json\/wp\/v2\/pages\/3894","targetHints":{"allow":["GET"]}}],"collection":[{"href":"https:\/\/oncoalicia.com\/es\/wp-json\/wp\/v2\/pages"}],"about":[{"href":"https:\/\/oncoalicia.com\/es\/wp-json\/wp\/v2\/types\/page"}],"author":[{"embeddable":true,"href":"https:\/\/oncoalicia.com\/es\/wp-json\/wp\/v2\/users\/2"}],"replies":[{"embeddable":true,"href":"https:\/\/oncoalicia.com\/es\/wp-json\/wp\/v2\/comments?post=3894"}],"version-history":[{"count":0,"href":"https:\/\/oncoalicia.com\/es\/wp-json\/wp\/v2\/pages\/3894\/revisions"}],"up":[{"embeddable":true,"href":"https:\/\/oncoalicia.com\/es\/wp-json\/wp\/v2\/pages\/3920"}],"wp:attachment":[{"href":"https:\/\/oncoalicia.com\/es\/wp-json\/wp\/v2\/media?parent=3894"}],"curies":[{"name":"wp","href":"https:\/\/api.w.org\/{rel}","templated":true}]}}