{"id":3896,"date":"2022-05-14T04:32:23","date_gmt":"2022-05-14T04:32:23","guid":{"rendered":"https:\/\/www.oncoalicia.com\/anemia\/"},"modified":"2025-07-04T07:37:24","modified_gmt":"2025-07-04T07:37:24","slug":"anemia","status":"publish","type":"page","link":"https:\/\/oncoalicia.com\/es\/tipos-de-cancer\/prostata\/anemia\/","title":{"rendered":"Recomendaciones diet\u00e9tico-culinarias para la anemia en el c\u00e1ncer de pr\u00f3stata"},"content":{"rendered":"<div class=\"row\">\n<div class=\"col-md-12 subtitle-mitos text-left\">\n<p>La anemia es una disminuci\u00f3n de las cifras de hemoglobina, una prote\u00edna que se encuentra en los gl\u00f3bulos rojos, lo que altera sus funciones. La anemia en el c\u00e1ncer de pr\u00f3stata puede ser producida por muchas causas. El tratamiento hormonal puede favorecerla, ya que en el hombre la testosterona es una de las responsables de la s\u00edntesis de los gl\u00f3bulos rojos o hemat\u00edes. Principalmente se manifiesta como cansancio y debilidad. En algunos casos puede haber falta de hierro, denominada anemia ferrop\u00e9nica, por lo que se recomienda seguir una alimentaci\u00f3n variada y equilibrada, asegurando el aporte de hierro y favoreciendo su absorci\u00f3n.<\/p>\n<\/div>\n<\/div>\n<div class=\"row p-40 w-60\">\n<div class=\"col-md-12 text-center\">\n<h2 class=\"h3 recomanem-efectes-cancer\">\u00bfQU\u00c9 TE RECOMENDAMOS?<\/h2>\n<\/div>\n<div class=\"col-md-12 p-10 text-center\">\n<h3><a class=\"btn-orange recomanacions-tipus-cancer\" role=\"button\" href=\"#collapseExample-1\" data-toggle=\"collapse\" aria-expanded=\"false\" aria-controls=\"collapseExample\">Reforzar el aporte de alimentos ricos en hierro. <i class=\"fa fa-angle-down\" aria-hidden=\"true\"><\/i><br \/>\n<\/a><\/h3>\n<div id=\"collapseExample-1\" class=\"collapse\">\n<div class=\"card-body\">\n<div class=\"row\">\n<div class=\"col-md-12 descrip\">\n<p>&nbsp;<\/p>\n<\/div>\n<div class=\"col-md-12 descrip\">\n<table class=\"table\">\n<tbody>\n<tr>\n<td class=\"table-title\">Alimentos de origen animal ricos en hierro:<\/td>\n<\/tr>\n<tr>\n<td>\n<ul>\n<li>Carne blanca (magra): conejo, pavo, pollo.<\/li>\n<li>Pescado blanco y azul: sardina, lubina, boquer\u00f3n\u2026<\/li>\n<li>Marisco: mejillones, almejas y berberechos naturales.<\/li>\n<li>Huevos: de gallina, de codorniz.<\/li>\n<\/ul>\n<\/td>\n<\/tr>\n<tr>\n<td>Hay que consumir con moderaci\u00f3n las partes magras de carne roja (ternera, caballo, buey, cordero\u2026), m\u00e1ximo una raci\u00f3n (125 g) por semana.<\/td>\n<\/tr>\n<\/tbody>\n<\/table>\n<\/div>\n<div class=\"col-md-12 descrip\">\n<table class=\"table\">\n<tbody>\n<tr>\n<td class=\"table-title\">Alimentos de origen vegetal ricos en hierro:<\/td>\n<\/tr>\n<tr>\n<td>\n<ul>\n<li>Cereales como el germen y el salvado de trigo.<\/li>\n<li>Legumbres, como las lentejas, los garbanzos y las jud\u00edas.<\/li>\n<li>Frutos secos y semillas, como el s\u00e9samo, las pipas de girasol, los pistachos y las almendras.<\/li>\n<li>Verduras de hoja verde, como las espinacas y las acelgas.<\/li>\n<li>Cereales de desayuno enriquecidos.<\/li>\n<\/ul>\n<\/td>\n<\/tr>\n<\/tbody>\n<\/table>\n<\/div>\n<\/div>\n<\/div>\n<\/div>\n<\/div>\n<div class=\"col-md-12 p-10 text-center\">\n<h3><a class=\"btn-orange recomanacions-tipus-cancer\" role=\"button\" href=\"#collapseExample-2\" data-toggle=\"collapse\" aria-expanded=\"false\" aria-controls=\"collapseExample\">Evitar comer alimentos ricos en fitatos, taninos, calcio y oxalatos. <i class=\"fa fa-angle-down\" aria-hidden=\"true\"><\/i><br \/>\n<\/a><\/h3>\n<div id=\"collapseExample-2\" class=\"collapse\">\n<div class=\"card-body\">\n<div class=\"row\">\n<div class=\"col-md-12 descrip\">\n<p>Para garantizar la correcta absorci\u00f3n del hierro, en el momento en que se tomen alimentos ricos en hierro, o en el caso de tomar suplementos de hierro oral, se deber\u00e1n limitar:<\/p>\n<\/div>\n<div class=\"col-md-12 descrip\">\n<ul>\n<li>Los alimentos integrales. En el caso de consumirlos, dejarlos en remojo una hora antes de cocinar, desechando el agua de remojo.<\/li>\n<li>Los l\u00e1cteos: como leche, yogures o queso.<\/li>\n<li>El chocolate negro, el cacao, el t\u00e9 y el caf\u00e9.<\/li>\n<li>El vino.<\/li>\n<\/ul>\n<\/div>\n<\/div>\n<\/div>\n<\/div>\n<\/div>\n<div class=\"col-md-12 p-10 text-center\">\n<h3><a class=\"btn-orange recomanacions-tipus-cancer\" role=\"button\" href=\"#collapseExample-3\" data-toggle=\"collapse\" aria-expanded=\"false\" aria-controls=\"collapseExample\">Combinar los alimentos ricos en hierro con alimentos ricos en vitamina C o vitamina A. <i class=\"fa fa-angle-down\" aria-hidden=\"true\"><\/i><br \/>\n<\/a><\/h3>\n<div id=\"collapseExample-3\" class=\"collapse\">\n<div class=\"card-body\">\n<div class=\"row\">\n<div class=\"col-md-12 descrip\">\n<p>Intentar que las comidas principales contengan, ya sea como entrante, en el plato principal o en la guarnici\u00f3n, alimentos con vitamina A o C, ya que facilitan la absorci\u00f3n de hierro:<\/p>\n<\/div>\n<div class=\"col-md-12 descrip\">\n<ul>\n<li>Alimentos fuente de vitamina A: coles, tomates, zanahorias, pimientos, calabaza\u2026<\/li>\n<li>Alimentos fuente de vitamina C: frutas c\u00edtricas (naranja, mandarina, lim\u00f3n), fresas, kiwi, pimiento rojo\u2026 Por ejemplo, ali\u00f1ar las legumbres con lim\u00f3n.<\/li>\n<\/ul>\n<\/div>\n<div class=\"col-md-12 text-center\">\n<div class=\"row\">\n<div class=\"col-md-12 recetas-sug\"><b>Algunas recetas sugeridas:<\/b><\/div>\n<\/div>\n<div class=\"row\">\n<div class=\"col-md-4 col-sm-6 text-center recetitas\">\n<div class=\"cuadro-receta-2 text-center\"><img decoding=\"async\" class=\"w-50\" src=\"http:\/\/oncoalicia.com\/wp-content\/uploads\/2022\/02\/Mejillones-arom-ticos-expr%E2%80%9As.jpg\" \/><\/p>\n<div class=\"txt-mito\">Mejillones arom\u00e1ticos expreso<\/div>\n<\/div>\n<p>&nbsp;<\/p>\n<\/div>\n<div class=\"col-md-4 col-sm-6 text-center recetitas\">\n<div class=\"cuadro-receta-2 text-center\"><img decoding=\"async\" class=\"w-50\" src=\"http:\/\/oncoalicia.com\/wp-content\/uploads\/2022\/03\/Berberechos-en-salsa-verde-1568x2029.jpg\" \/><\/p>\n<div class=\"txt-mito\">Berberechos con salsa verde<\/div>\n<\/div>\n<p>&nbsp;<\/p>\n<\/div>\n<div class=\"col-md-4 col-sm-6 text-center recetitas\">\n<div class=\"cuadro-receta-2 text-center\"><img decoding=\"async\" class=\"w-50\" src=\"http:\/\/oncoalicia.com\/wp-content\/uploads\/2022\/03\/Ensalada-t%E0%B8%81bia-de-salm%E0%B8%82n-y-manzana-1463x2048.jpg\" \/><\/p>\n<div class=\"txt-mito\">Ensalada tibia de salm\u00f3n y manzana<\/div>\n<\/div>\n<p>&nbsp;<\/p>\n<\/div>\n<\/div>\n<\/div>\n<\/div>\n<\/div>\n<\/div>\n<div class=\"col-md-12 p-10 text-center\">\n<h3 class=\"btn-orange recomanacions-tipus-cancer\" style=\"font-weight: bold;\">En el caso de seguir una alimentaci\u00f3n vegetariana estricta o vegana, es imprescindible asesorarse con un dietista-nutricionista para asegurar la ingesta suficiente de hierro.<\/h3>\n<\/div>\n<\/div>\n<\/div>\n","protected":false},"excerpt":{"rendered":"<p>La anemia es una disminuci\u00f3n de las cifras de hemoglobina, una prote\u00edna que se encuentra en los gl\u00f3bulos rojos, lo que altera sus funciones. La anemia en el c\u00e1ncer de pr\u00f3stata puede ser producida por muchas causas. El tratamiento hormonal puede favorecerla, ya que en el hombre la testosterona es una de las responsables de&hellip; <a class=\"more-link\" href=\"https:\/\/oncoalicia.com\/es\/tipos-de-cancer\/prostata\/anemia\/\">Seguir leyendo <span class=\"screen-reader-text\">Recomendaciones diet\u00e9tico-culinarias para la anemia en el c\u00e1ncer de pr\u00f3stata<\/span><\/a><\/p>\n","protected":false},"author":2,"featured_media":0,"parent":3997,"menu_order":0,"comment_status":"closed","ping_status":"closed","template":"prostata-anemia.php","meta":{"footnotes":""},"class_list":["post-3896","page","type-page","status-publish","hentry","entry"],"yoast_head":"<!-- This site is optimized with the Yoast SEO plugin v26.9 - https:\/\/yoast.com\/product\/yoast-seo-wordpress\/ -->\n<title>Alimentaci\u00f3n para pacientes de c\u00e1ncer de pr\u00f3stata con anemia - Oncoalicia<\/title>\n<meta name=\"description\" content=\"Consulta las recomendaciones alimentarias para personas con c\u00e1ncer de pr\u00f3stata que est\u00e9n sufriendo anemia derivada del tratamiento.\" \/>\n<meta name=\"robots\" content=\"index, follow, max-snippet:-1, max-image-preview:large, max-video-preview:-1\" \/>\n<link rel=\"canonical\" href=\"https:\/\/oncoalicia.com\/es\/tipos-de-cancer\/prostata\/anemia\/\" \/>\n<meta property=\"og:locale\" content=\"es_ES\" \/>\n<meta property=\"og:type\" content=\"article\" \/>\n<meta property=\"og:title\" content=\"Alimentaci\u00f3n para pacientes de c\u00e1ncer de pr\u00f3stata con anemia - Oncoalicia\" \/>\n<meta property=\"og:description\" content=\"Consulta las recomendaciones alimentarias para personas con c\u00e1ncer de pr\u00f3stata que est\u00e9n sufriendo anemia derivada del tratamiento.\" \/>\n<meta property=\"og:url\" content=\"https:\/\/oncoalicia.com\/es\/tipos-de-cancer\/prostata\/anemia\/\" \/>\n<meta property=\"og:site_name\" content=\"Oncoalicia\" \/>\n<meta property=\"article:modified_time\" content=\"2025-07-04T07:37:24+00:00\" \/>\n<meta property=\"og:image\" content=\"http:\/\/oncoalicia.com\/wp-content\/uploads\/2022\/02\/Mejillones-arom-ticos-expr%E2%80%9As.jpg\" \/>\n<meta name=\"twitter:card\" content=\"summary_large_image\" \/>\n<meta name=\"twitter:label1\" content=\"Tiempo de lectura\" \/>\n\t<meta name=\"twitter:data1\" content=\"3 minutos\" \/>\n<script type=\"application\/ld+json\" class=\"yoast-schema-graph\">{\"@context\":\"https:\/\/schema.org\",\"@graph\":[{\"@type\":\"WebPage\",\"@id\":\"https:\/\/oncoalicia.com\/es\/tipos-de-cancer\/prostata\/anemia\/\",\"url\":\"https:\/\/oncoalicia.com\/es\/tipos-de-cancer\/prostata\/anemia\/\",\"name\":\"Alimentaci\u00f3n para pacientes de c\u00e1ncer de pr\u00f3stata con anemia - Oncoalicia\",\"isPartOf\":{\"@id\":\"https:\/\/oncoalicia.com\/es\/#website\"},\"primaryImageOfPage\":{\"@id\":\"https:\/\/oncoalicia.com\/es\/tipos-de-cancer\/prostata\/anemia\/#primaryimage\"},\"image\":{\"@id\":\"https:\/\/oncoalicia.com\/es\/tipos-de-cancer\/prostata\/anemia\/#primaryimage\"},\"thumbnailUrl\":\"http:\/\/oncoalicia.com\/wp-content\/uploads\/2022\/02\/Mejillones-arom-ticos-expr%E2%80%9As.jpg\",\"datePublished\":\"2022-05-14T04:32:23+00:00\",\"dateModified\":\"2025-07-04T07:37:24+00:00\",\"description\":\"Consulta las recomendaciones alimentarias para personas con c\u00e1ncer de pr\u00f3stata que est\u00e9n sufriendo anemia derivada del tratamiento.\",\"breadcrumb\":{\"@id\":\"https:\/\/oncoalicia.com\/es\/tipos-de-cancer\/prostata\/anemia\/#breadcrumb\"},\"inLanguage\":\"es\",\"potentialAction\":[{\"@type\":\"ReadAction\",\"target\":[\"https:\/\/oncoalicia.com\/es\/tipos-de-cancer\/prostata\/anemia\/\"]}]},{\"@type\":\"ImageObject\",\"inLanguage\":\"es\",\"@id\":\"https:\/\/oncoalicia.com\/es\/tipos-de-cancer\/prostata\/anemia\/#primaryimage\",\"url\":\"http:\/\/oncoalicia.com\/wp-content\/uploads\/2022\/02\/Mejillones-arom-ticos-expr%E2%80%9As.jpg\",\"contentUrl\":\"http:\/\/oncoalicia.com\/wp-content\/uploads\/2022\/02\/Mejillones-arom-ticos-expr%E2%80%9As.jpg\"},{\"@type\":\"BreadcrumbList\",\"@id\":\"https:\/\/oncoalicia.com\/es\/tipos-de-cancer\/prostata\/anemia\/#breadcrumb\",\"itemListElement\":[{\"@type\":\"ListItem\",\"position\":1,\"name\":\"Portada\",\"item\":\"https:\/\/oncoalicia.com\/es\/\"},{\"@type\":\"ListItem\",\"position\":2,\"name\":\"Tipos de c\u00e1ncer\",\"item\":\"https:\/\/oncoalicia.com\/es\/tipos-de-cancer\/\"},{\"@type\":\"ListItem\",\"position\":3,\"name\":\"Recomendaciones alimentarias en el c\u00e1ncer de pr\u00f3stata\",\"item\":\"https:\/\/oncoalicia.com\/es\/tipos-de-cancer\/prostata\/\"},{\"@type\":\"ListItem\",\"position\":4,\"name\":\"Recomendaciones diet\u00e9tico-culinarias para la anemia en el c\u00e1ncer de pr\u00f3stata\"}]},{\"@type\":\"WebSite\",\"@id\":\"https:\/\/oncoalicia.com\/es\/#website\",\"url\":\"https:\/\/oncoalicia.com\/es\/\",\"name\":\"Oncoal\u00edcia\",\"description\":\"Comer durante el Tratamiento del C\u00e1ncer\",\"publisher\":{\"@id\":\"https:\/\/oncoalicia.com\/es\/#organization\"},\"alternateName\":\"Oncoal\u00edcia | Comer durante el Tratamiento del C\u00e1ncer\",\"potentialAction\":[{\"@type\":\"SearchAction\",\"target\":{\"@type\":\"EntryPoint\",\"urlTemplate\":\"https:\/\/oncoalicia.com\/es\/?s={search_term_string}\"},\"query-input\":{\"@type\":\"PropertyValueSpecification\",\"valueRequired\":true,\"valueName\":\"search_term_string\"}}],\"inLanguage\":\"es\"},{\"@type\":\"Organization\",\"@id\":\"https:\/\/oncoalicia.com\/es\/#organization\",\"name\":\"Oncoal\u00edcia\",\"alternateName\":\"Oncoal\u00edcia | Comer durante el Tratamiento del C\u00e1ncer\",\"url\":\"https:\/\/oncoalicia.com\/es\/\",\"logo\":{\"@type\":\"ImageObject\",\"inLanguage\":\"es\",\"@id\":\"https:\/\/oncoalicia.com\/es\/#\/schema\/logo\/image\/\",\"url\":\"https:\/\/oncoalicia.com\/wp-content\/uploads\/2022\/11\/logo_rrss.png\",\"contentUrl\":\"https:\/\/oncoalicia.com\/wp-content\/uploads\/2022\/11\/logo_rrss.png\",\"width\":300,\"height\":300,\"caption\":\"Oncoal\u00edcia\"},\"image\":{\"@id\":\"https:\/\/oncoalicia.com\/es\/#\/schema\/logo\/image\/\"}}]}<\/script>\n<!-- \/ Yoast SEO plugin. -->","yoast_head_json":{"title":"Alimentaci\u00f3n para pacientes de c\u00e1ncer de pr\u00f3stata con anemia - Oncoalicia","description":"Consulta las recomendaciones alimentarias para personas con c\u00e1ncer de pr\u00f3stata que est\u00e9n sufriendo anemia derivada del tratamiento.","robots":{"index":"index","follow":"follow","max-snippet":"max-snippet:-1","max-image-preview":"max-image-preview:large","max-video-preview":"max-video-preview:-1"},"canonical":"https:\/\/oncoalicia.com\/es\/tipos-de-cancer\/prostata\/anemia\/","og_locale":"es_ES","og_type":"article","og_title":"Alimentaci\u00f3n para pacientes de c\u00e1ncer de pr\u00f3stata con anemia - Oncoalicia","og_description":"Consulta las recomendaciones alimentarias para personas con c\u00e1ncer de pr\u00f3stata que est\u00e9n sufriendo anemia derivada del tratamiento.","og_url":"https:\/\/oncoalicia.com\/es\/tipos-de-cancer\/prostata\/anemia\/","og_site_name":"Oncoalicia","article_modified_time":"2025-07-04T07:37:24+00:00","og_image":[{"url":"http:\/\/oncoalicia.com\/wp-content\/uploads\/2022\/02\/Mejillones-arom-ticos-expr%E2%80%9As.jpg","type":"","width":"","height":""}],"twitter_card":"summary_large_image","twitter_misc":{"Tiempo de lectura":"3 minutos"},"schema":{"@context":"https:\/\/schema.org","@graph":[{"@type":"WebPage","@id":"https:\/\/oncoalicia.com\/es\/tipos-de-cancer\/prostata\/anemia\/","url":"https:\/\/oncoalicia.com\/es\/tipos-de-cancer\/prostata\/anemia\/","name":"Alimentaci\u00f3n para pacientes de c\u00e1ncer de pr\u00f3stata con anemia - Oncoalicia","isPartOf":{"@id":"https:\/\/oncoalicia.com\/es\/#website"},"primaryImageOfPage":{"@id":"https:\/\/oncoalicia.com\/es\/tipos-de-cancer\/prostata\/anemia\/#primaryimage"},"image":{"@id":"https:\/\/oncoalicia.com\/es\/tipos-de-cancer\/prostata\/anemia\/#primaryimage"},"thumbnailUrl":"http:\/\/oncoalicia.com\/wp-content\/uploads\/2022\/02\/Mejillones-arom-ticos-expr%E2%80%9As.jpg","datePublished":"2022-05-14T04:32:23+00:00","dateModified":"2025-07-04T07:37:24+00:00","description":"Consulta las recomendaciones alimentarias para personas con c\u00e1ncer de pr\u00f3stata que est\u00e9n sufriendo anemia derivada del tratamiento.","breadcrumb":{"@id":"https:\/\/oncoalicia.com\/es\/tipos-de-cancer\/prostata\/anemia\/#breadcrumb"},"inLanguage":"es","potentialAction":[{"@type":"ReadAction","target":["https:\/\/oncoalicia.com\/es\/tipos-de-cancer\/prostata\/anemia\/"]}]},{"@type":"ImageObject","inLanguage":"es","@id":"https:\/\/oncoalicia.com\/es\/tipos-de-cancer\/prostata\/anemia\/#primaryimage","url":"http:\/\/oncoalicia.com\/wp-content\/uploads\/2022\/02\/Mejillones-arom-ticos-expr%E2%80%9As.jpg","contentUrl":"http:\/\/oncoalicia.com\/wp-content\/uploads\/2022\/02\/Mejillones-arom-ticos-expr%E2%80%9As.jpg"},{"@type":"BreadcrumbList","@id":"https:\/\/oncoalicia.com\/es\/tipos-de-cancer\/prostata\/anemia\/#breadcrumb","itemListElement":[{"@type":"ListItem","position":1,"name":"Portada","item":"https:\/\/oncoalicia.com\/es\/"},{"@type":"ListItem","position":2,"name":"Tipos de c\u00e1ncer","item":"https:\/\/oncoalicia.com\/es\/tipos-de-cancer\/"},{"@type":"ListItem","position":3,"name":"Recomendaciones alimentarias en el c\u00e1ncer de pr\u00f3stata","item":"https:\/\/oncoalicia.com\/es\/tipos-de-cancer\/prostata\/"},{"@type":"ListItem","position":4,"name":"Recomendaciones diet\u00e9tico-culinarias para la anemia en el c\u00e1ncer de pr\u00f3stata"}]},{"@type":"WebSite","@id":"https:\/\/oncoalicia.com\/es\/#website","url":"https:\/\/oncoalicia.com\/es\/","name":"Oncoal\u00edcia","description":"Comer durante el Tratamiento del C\u00e1ncer","publisher":{"@id":"https:\/\/oncoalicia.com\/es\/#organization"},"alternateName":"Oncoal\u00edcia | Comer durante el Tratamiento del C\u00e1ncer","potentialAction":[{"@type":"SearchAction","target":{"@type":"EntryPoint","urlTemplate":"https:\/\/oncoalicia.com\/es\/?s={search_term_string}"},"query-input":{"@type":"PropertyValueSpecification","valueRequired":true,"valueName":"search_term_string"}}],"inLanguage":"es"},{"@type":"Organization","@id":"https:\/\/oncoalicia.com\/es\/#organization","name":"Oncoal\u00edcia","alternateName":"Oncoal\u00edcia | Comer durante el Tratamiento del C\u00e1ncer","url":"https:\/\/oncoalicia.com\/es\/","logo":{"@type":"ImageObject","inLanguage":"es","@id":"https:\/\/oncoalicia.com\/es\/#\/schema\/logo\/image\/","url":"https:\/\/oncoalicia.com\/wp-content\/uploads\/2022\/11\/logo_rrss.png","contentUrl":"https:\/\/oncoalicia.com\/wp-content\/uploads\/2022\/11\/logo_rrss.png","width":300,"height":300,"caption":"Oncoal\u00edcia"},"image":{"@id":"https:\/\/oncoalicia.com\/es\/#\/schema\/logo\/image\/"}}]}},"_links":{"self":[{"href":"https:\/\/oncoalicia.com\/es\/wp-json\/wp\/v2\/pages\/3896","targetHints":{"allow":["GET"]}}],"collection":[{"href":"https:\/\/oncoalicia.com\/es\/wp-json\/wp\/v2\/pages"}],"about":[{"href":"https:\/\/oncoalicia.com\/es\/wp-json\/wp\/v2\/types\/page"}],"author":[{"embeddable":true,"href":"https:\/\/oncoalicia.com\/es\/wp-json\/wp\/v2\/users\/2"}],"replies":[{"embeddable":true,"href":"https:\/\/oncoalicia.com\/es\/wp-json\/wp\/v2\/comments?post=3896"}],"version-history":[{"count":0,"href":"https:\/\/oncoalicia.com\/es\/wp-json\/wp\/v2\/pages\/3896\/revisions"}],"up":[{"embeddable":true,"href":"https:\/\/oncoalicia.com\/es\/wp-json\/wp\/v2\/pages\/3997"}],"wp:attachment":[{"href":"https:\/\/oncoalicia.com\/es\/wp-json\/wp\/v2\/media?parent=3896"}],"curies":[{"name":"wp","href":"https:\/\/api.w.org\/{rel}","templated":true}]}}