{"id":3920,"date":"2021-12-18T04:52:58","date_gmt":"2021-12-18T04:52:58","guid":{"rendered":"https:\/\/www.oncoalicia.com\/tipo-de-cancer\/"},"modified":"2025-06-16T12:13:36","modified_gmt":"2025-06-16T12:13:36","slug":"tipos-de-cancer","status":"publish","type":"page","link":"https:\/\/oncoalicia.com\/es\/tipos-de-cancer\/","title":{"rendered":"Tipos de c\u00e1ncer"},"content":{"rendered":"<div class=\"row\">\n<div class=\"col-md-12 subtitle-mitos text-left\">\n<p>La evidencia cient\u00edfica indica que la alimentaci\u00f3n de las personas con c\u00e1ncer debe ser una alimentaci\u00f3n sana y equilibrada, que contenga alimentos de todos los grupos en la cantidad y frecuencia adecuadas, cuyas pautas se encuentran en la secci\u00f3n <a href=\"\/es\/recomendaciones-generales\/\">\u201cRecomendaciones generales sobre alimentaci\u00f3n durante el tratamiento del c\u00e1ncer\u201d.<\/a><\/p>\n<p>Pero, aunque las recomendaciones de base puedan ser similares, cada tipo de tumor puede afectar de manera diferente y comprometer la alimentaci\u00f3n en mayor o menor grado. De ello depender\u00e1 la localizaci\u00f3n del tumor, los s\u00edntomas y molestias que este provoca, y los efectos secundarios y consecuencias de los tratamientos recibidos. Aqu\u00ed se encuentra informaci\u00f3n adicional para algunos tipos de tumores. Seguimos desarrollando informaci\u00f3n para incorporar nuevos tumores e ir ampliando as\u00ed esta secci\u00f3n. En el caso que tu tumor no se encuentre entre los siguientes, puedes visitar el apartado efectos secundarios para conocer como adaptar las recomendaciones generales sobre alimentaci\u00f3n a los efectos secundarios m\u00e1s comunes y frecuentes del tratamiento del c\u00e1ncer.\n<\/p><\/div>\n<\/p><\/div>\n<div class=\"row cancer-space\">\n<div class=\"col-md-12 text-center\">\n<div class=\"selector-cancer\" style=\"border-right:1px solid #FF6600\">\n                    <a href=\"http:\/\/oncoalicia.com\/es\/tipos-de-cancer\/mama\/\"><br \/>\n                        <img decoding=\"async\" class=\"img-fluid\" src=\"http:\/\/oncoalicia.com\/wp-content\/uploads\/2023\/01\/mama.png\" width=\"200\"><br \/>\n                        <span>Mama <i class=\"fa fa-angle-right\" aria-hidden=\"true\"><\/i><\/span><br \/>\n                    <\/a>\n                <\/div>\n<div class=\"selector-cancer\" style=\"border-right:1px solid #FF6600\">\n                    <a href=\"http:\/\/oncoalicia.com\/es\/tipos-de-cancer\/cabeza-y-cuello\/\"><br \/>\n                        <img decoding=\"async\" class=\"img-fluid\" src=\"http:\/\/oncoalicia.com\/wp-content\/uploads\/2023\/01\/cabeza.png\" width=\"200\"><br \/>\n                        <span>Cabeza y cuello <i class=\"fa fa-angle-right\" aria-hidden=\"true\"><\/i><\/span><br \/>\n                    <\/a>\n                <\/div>\n<div class=\"selector-cancer\">\n                    <a href=\"http:\/\/oncoalicia.com\/es\/tipos-de-cancer\/colorrectal\/\"><br \/>\n                        <img decoding=\"async\" class=\"img-fluid\" src=\"http:\/\/oncoalicia.com\/wp-content\/uploads\/2023\/01\/colon.png\" width=\"200\"><br \/>\n                        <span>Colon <i class=\"fa fa-angle-right\" aria-hidden=\"true\"><\/i><\/span><br \/>\n                    <\/a>\n                <\/div>\n<\/p><\/div>\n<div class=\"col-md-12 text-center\" style=\"margin-top:10px;\">\n<div class=\"selector-cancer\" style=\"border-right:1px solid #FF6600\">\n                    <a href=\"http:\/\/oncoalicia.com\/es\/tipos-de-cancer\/pulmon\/\"><br \/>\n                        <img decoding=\"async\" class=\"img-fluid\" src=\"http:\/\/oncoalicia.com\/wp-content\/uploads\/2023\/01\/pulmon.png\" width=\"200\"><br \/>\n                        <span>Pulm\u00f3n <i class=\"fa fa-angle-right\" aria-hidden=\"true\"><\/i><\/span><br \/>\n                    <\/a>\n                <\/div>\n<div class=\"selector-cancer\" style=\"border-right:1px solid #FF6600\">\n                    <a href=\"http:\/\/oncoalicia.com\/es\/tipos-de-cancer\/prostata\/\"><br \/>\n                        <img decoding=\"async\" class=\"img-fluid\" src=\"http:\/\/oncoalicia.com\/wp-content\/uploads\/2023\/01\/prostata.png\" width=\"200\"><br \/>\n                        <span>Pr\u00f3stata <i class=\"fa fa-angle-right\" aria-hidden=\"true\"><\/i><\/span><br \/>\n                    <\/a>\n                <\/div>\n<div class=\"selector-cancer\">\n                    <a href=\"http:\/\/oncoalicia.com\/es\/tipos-de-cancer\/gastrico\/\"><br \/>\n                        <img decoding=\"async\" class=\"img-fluid\" src=\"https:\/\/oncoalicia.com\/wp-content\/uploads\/2024\/06\/Gastrico-02.png\" width=\"200\"><br \/>\n                        <span>G\u00e1strico <i class=\"fa fa-angle-right\" aria-hidden=\"true\"><\/i><\/span><br \/>\n                    <\/a>\n                <\/div>\n<\/div>\n<div class=\"col-md-12 text-center\" style=\"margin-top:10px;\">\n<div class=\"selector-cancer\">\n                    <a href=\"http:\/\/oncoalicia.com\/es\/tipos-de-cancer\/otros-tipos-de-cancer\/\"><br \/>\n                        <img decoding=\"async\" class=\"img-fluid\" src=\"http:\/\/oncoalicia.com\/wp-content\/uploads\/2023\/01\/othercancer.png\" width=\"120\" style=\"padding-bottom: 30px;\"><br \/>\n                        <span style=\"color: #FF6600;\">OTROS TIPOS DE C\u00c1NCER <i class=\"fa fa-angle-right\" aria-hidden=\"true\"><\/i><\/span><br \/>\n                    <\/a>\n                <\/div>\n<\/p><\/div>\n<\/p><\/div>\n","protected":false},"excerpt":{"rendered":"<p>La evidencia cient\u00edfica indica que la alimentaci\u00f3n de las personas con c\u00e1ncer debe ser una alimentaci\u00f3n sana y equilibrada, que contenga alimentos de todos los grupos en la cantidad y frecuencia adecuadas, cuyas pautas se encuentran en la secci\u00f3n \u201cRecomendaciones generales sobre alimentaci\u00f3n durante el tratamiento del c\u00e1ncer\u201d. Pero, aunque las recomendaciones de base puedan&hellip; <a class=\"more-link\" href=\"https:\/\/oncoalicia.com\/es\/tipos-de-cancer\/\">Seguir leyendo <span class=\"screen-reader-text\">Tipos de c\u00e1ncer<\/span><\/a><\/p>\n","protected":false},"author":2,"featured_media":0,"parent":0,"menu_order":0,"comment_status":"closed","ping_status":"closed","template":"Tiposdecancer.php","meta":{"footnotes":""},"class_list":["post-3920","page","type-page","status-publish","hentry","entry"],"yoast_head":"<!-- This site is optimized with the Yoast SEO plugin v26.9 - https:\/\/yoast.com\/product\/yoast-seo-wordpress\/ -->\n<title>Consejos y recomendaciones seg\u00fan el tipo de tumor - Oncoalicia<\/title>\n<meta name=\"description\" content=\"Te damos consejos y recomendaciones nutricionales y culinarias seg\u00fan los distintos tipos de tumores y sus efectos secundarios.\" \/>\n<meta name=\"robots\" content=\"index, follow, max-snippet:-1, max-image-preview:large, max-video-preview:-1\" \/>\n<link rel=\"canonical\" href=\"https:\/\/oncoalicia.com\/es\/tipos-de-cancer\/\" \/>\n<meta property=\"og:locale\" content=\"es_ES\" \/>\n<meta property=\"og:type\" content=\"article\" \/>\n<meta property=\"og:title\" content=\"Consejos y recomendaciones seg\u00fan el tipo de tumor - Oncoalicia\" \/>\n<meta property=\"og:description\" content=\"Te damos consejos y recomendaciones nutricionales y culinarias seg\u00fan los distintos tipos de tumores y sus efectos secundarios.\" \/>\n<meta property=\"og:url\" content=\"https:\/\/oncoalicia.com\/es\/tipos-de-cancer\/\" \/>\n<meta property=\"og:site_name\" content=\"Oncoalicia\" \/>\n<meta property=\"article:modified_time\" content=\"2025-06-16T12:13:36+00:00\" \/>\n<meta property=\"og:image\" content=\"http:\/\/oncoalicia.com\/wp-content\/uploads\/2023\/01\/mama.png\" \/>\n<meta name=\"twitter:card\" content=\"summary_large_image\" \/>\n<meta name=\"twitter:label1\" content=\"Tiempo de lectura\" \/>\n\t<meta name=\"twitter:data1\" content=\"3 minutos\" \/>\n<script type=\"application\/ld+json\" class=\"yoast-schema-graph\">{\"@context\":\"https:\/\/schema.org\",\"@graph\":[{\"@type\":\"WebPage\",\"@id\":\"https:\/\/oncoalicia.com\/es\/tipos-de-cancer\/\",\"url\":\"https:\/\/oncoalicia.com\/es\/tipos-de-cancer\/\",\"name\":\"Consejos y recomendaciones seg\u00fan el tipo de tumor - Oncoalicia\",\"isPartOf\":{\"@id\":\"https:\/\/oncoalicia.com\/es\/#website\"},\"primaryImageOfPage\":{\"@id\":\"https:\/\/oncoalicia.com\/es\/tipos-de-cancer\/#primaryimage\"},\"image\":{\"@id\":\"https:\/\/oncoalicia.com\/es\/tipos-de-cancer\/#primaryimage\"},\"thumbnailUrl\":\"http:\/\/oncoalicia.com\/wp-content\/uploads\/2023\/01\/mama.png\",\"datePublished\":\"2021-12-18T04:52:58+00:00\",\"dateModified\":\"2025-06-16T12:13:36+00:00\",\"description\":\"Te damos consejos y recomendaciones nutricionales y culinarias seg\u00fan los distintos tipos de tumores y sus efectos secundarios.\",\"breadcrumb\":{\"@id\":\"https:\/\/oncoalicia.com\/es\/tipos-de-cancer\/#breadcrumb\"},\"inLanguage\":\"es\",\"potentialAction\":[{\"@type\":\"ReadAction\",\"target\":[\"https:\/\/oncoalicia.com\/es\/tipos-de-cancer\/\"]}]},{\"@type\":\"ImageObject\",\"inLanguage\":\"es\",\"@id\":\"https:\/\/oncoalicia.com\/es\/tipos-de-cancer\/#primaryimage\",\"url\":\"http:\/\/oncoalicia.com\/wp-content\/uploads\/2023\/01\/mama.png\",\"contentUrl\":\"http:\/\/oncoalicia.com\/wp-content\/uploads\/2023\/01\/mama.png\"},{\"@type\":\"BreadcrumbList\",\"@id\":\"https:\/\/oncoalicia.com\/es\/tipos-de-cancer\/#breadcrumb\",\"itemListElement\":[{\"@type\":\"ListItem\",\"position\":1,\"name\":\"Portada\",\"item\":\"https:\/\/oncoalicia.com\/es\/\"},{\"@type\":\"ListItem\",\"position\":2,\"name\":\"Tipos de c\u00e1ncer\"}]},{\"@type\":\"WebSite\",\"@id\":\"https:\/\/oncoalicia.com\/es\/#website\",\"url\":\"https:\/\/oncoalicia.com\/es\/\",\"name\":\"Oncoal\u00edcia\",\"description\":\"Comer durante el Tratamiento del C\u00e1ncer\",\"publisher\":{\"@id\":\"https:\/\/oncoalicia.com\/es\/#organization\"},\"alternateName\":\"Oncoal\u00edcia | Comer durante el Tratamiento del C\u00e1ncer\",\"potentialAction\":[{\"@type\":\"SearchAction\",\"target\":{\"@type\":\"EntryPoint\",\"urlTemplate\":\"https:\/\/oncoalicia.com\/es\/?s={search_term_string}\"},\"query-input\":{\"@type\":\"PropertyValueSpecification\",\"valueRequired\":true,\"valueName\":\"search_term_string\"}}],\"inLanguage\":\"es\"},{\"@type\":\"Organization\",\"@id\":\"https:\/\/oncoalicia.com\/es\/#organization\",\"name\":\"Oncoal\u00edcia\",\"alternateName\":\"Oncoal\u00edcia | Comer durante el Tratamiento del C\u00e1ncer\",\"url\":\"https:\/\/oncoalicia.com\/es\/\",\"logo\":{\"@type\":\"ImageObject\",\"inLanguage\":\"es\",\"@id\":\"https:\/\/oncoalicia.com\/es\/#\/schema\/logo\/image\/\",\"url\":\"https:\/\/oncoalicia.com\/wp-content\/uploads\/2022\/11\/logo_rrss.png\",\"contentUrl\":\"https:\/\/oncoalicia.com\/wp-content\/uploads\/2022\/11\/logo_rrss.png\",\"width\":300,\"height\":300,\"caption\":\"Oncoal\u00edcia\"},\"image\":{\"@id\":\"https:\/\/oncoalicia.com\/es\/#\/schema\/logo\/image\/\"}}]}<\/script>\n<!-- \/ Yoast SEO plugin. -->","yoast_head_json":{"title":"Consejos y recomendaciones seg\u00fan el tipo de tumor - Oncoalicia","description":"Te damos consejos y recomendaciones nutricionales y culinarias seg\u00fan los distintos tipos de tumores y sus efectos secundarios.","robots":{"index":"index","follow":"follow","max-snippet":"max-snippet:-1","max-image-preview":"max-image-preview:large","max-video-preview":"max-video-preview:-1"},"canonical":"https:\/\/oncoalicia.com\/es\/tipos-de-cancer\/","og_locale":"es_ES","og_type":"article","og_title":"Consejos y recomendaciones seg\u00fan el tipo de tumor - Oncoalicia","og_description":"Te damos consejos y recomendaciones nutricionales y culinarias seg\u00fan los distintos tipos de tumores y sus efectos secundarios.","og_url":"https:\/\/oncoalicia.com\/es\/tipos-de-cancer\/","og_site_name":"Oncoalicia","article_modified_time":"2025-06-16T12:13:36+00:00","og_image":[{"url":"http:\/\/oncoalicia.com\/wp-content\/uploads\/2023\/01\/mama.png","type":"","width":"","height":""}],"twitter_card":"summary_large_image","twitter_misc":{"Tiempo de lectura":"3 minutos"},"schema":{"@context":"https:\/\/schema.org","@graph":[{"@type":"WebPage","@id":"https:\/\/oncoalicia.com\/es\/tipos-de-cancer\/","url":"https:\/\/oncoalicia.com\/es\/tipos-de-cancer\/","name":"Consejos y recomendaciones seg\u00fan el tipo de tumor - Oncoalicia","isPartOf":{"@id":"https:\/\/oncoalicia.com\/es\/#website"},"primaryImageOfPage":{"@id":"https:\/\/oncoalicia.com\/es\/tipos-de-cancer\/#primaryimage"},"image":{"@id":"https:\/\/oncoalicia.com\/es\/tipos-de-cancer\/#primaryimage"},"thumbnailUrl":"http:\/\/oncoalicia.com\/wp-content\/uploads\/2023\/01\/mama.png","datePublished":"2021-12-18T04:52:58+00:00","dateModified":"2025-06-16T12:13:36+00:00","description":"Te damos consejos y recomendaciones nutricionales y culinarias seg\u00fan los distintos tipos de tumores y sus efectos secundarios.","breadcrumb":{"@id":"https:\/\/oncoalicia.com\/es\/tipos-de-cancer\/#breadcrumb"},"inLanguage":"es","potentialAction":[{"@type":"ReadAction","target":["https:\/\/oncoalicia.com\/es\/tipos-de-cancer\/"]}]},{"@type":"ImageObject","inLanguage":"es","@id":"https:\/\/oncoalicia.com\/es\/tipos-de-cancer\/#primaryimage","url":"http:\/\/oncoalicia.com\/wp-content\/uploads\/2023\/01\/mama.png","contentUrl":"http:\/\/oncoalicia.com\/wp-content\/uploads\/2023\/01\/mama.png"},{"@type":"BreadcrumbList","@id":"https:\/\/oncoalicia.com\/es\/tipos-de-cancer\/#breadcrumb","itemListElement":[{"@type":"ListItem","position":1,"name":"Portada","item":"https:\/\/oncoalicia.com\/es\/"},{"@type":"ListItem","position":2,"name":"Tipos de c\u00e1ncer"}]},{"@type":"WebSite","@id":"https:\/\/oncoalicia.com\/es\/#website","url":"https:\/\/oncoalicia.com\/es\/","name":"Oncoal\u00edcia","description":"Comer durante el Tratamiento del C\u00e1ncer","publisher":{"@id":"https:\/\/oncoalicia.com\/es\/#organization"},"alternateName":"Oncoal\u00edcia | Comer durante el Tratamiento del C\u00e1ncer","potentialAction":[{"@type":"SearchAction","target":{"@type":"EntryPoint","urlTemplate":"https:\/\/oncoalicia.com\/es\/?s={search_term_string}"},"query-input":{"@type":"PropertyValueSpecification","valueRequired":true,"valueName":"search_term_string"}}],"inLanguage":"es"},{"@type":"Organization","@id":"https:\/\/oncoalicia.com\/es\/#organization","name":"Oncoal\u00edcia","alternateName":"Oncoal\u00edcia | Comer durante el Tratamiento del C\u00e1ncer","url":"https:\/\/oncoalicia.com\/es\/","logo":{"@type":"ImageObject","inLanguage":"es","@id":"https:\/\/oncoalicia.com\/es\/#\/schema\/logo\/image\/","url":"https:\/\/oncoalicia.com\/wp-content\/uploads\/2022\/11\/logo_rrss.png","contentUrl":"https:\/\/oncoalicia.com\/wp-content\/uploads\/2022\/11\/logo_rrss.png","width":300,"height":300,"caption":"Oncoal\u00edcia"},"image":{"@id":"https:\/\/oncoalicia.com\/es\/#\/schema\/logo\/image\/"}}]}},"_links":{"self":[{"href":"https:\/\/oncoalicia.com\/es\/wp-json\/wp\/v2\/pages\/3920","targetHints":{"allow":["GET"]}}],"collection":[{"href":"https:\/\/oncoalicia.com\/es\/wp-json\/wp\/v2\/pages"}],"about":[{"href":"https:\/\/oncoalicia.com\/es\/wp-json\/wp\/v2\/types\/page"}],"author":[{"embeddable":true,"href":"https:\/\/oncoalicia.com\/es\/wp-json\/wp\/v2\/users\/2"}],"replies":[{"embeddable":true,"href":"https:\/\/oncoalicia.com\/es\/wp-json\/wp\/v2\/comments?post=3920"}],"version-history":[{"count":0,"href":"https:\/\/oncoalicia.com\/es\/wp-json\/wp\/v2\/pages\/3920\/revisions"}],"wp:attachment":[{"href":"https:\/\/oncoalicia.com\/es\/wp-json\/wp\/v2\/media?parent=3920"}],"curies":[{"name":"wp","href":"https:\/\/api.w.org\/{rel}","templated":true}]}}