{"id":3927,"date":"2022-05-13T03:26:30","date_gmt":"2022-05-13T03:26:30","guid":{"rendered":"https:\/\/www.oncoalicia.com\/alimentacion-durante-el-tratamiento-del-cancer-colorrectal\/alteracion-del-gusto\/distorsion-del-gusto\/"},"modified":"2025-07-04T07:12:38","modified_gmt":"2025-07-04T07:12:38","slug":"distorsion-del-gusto","status":"publish","type":"page","link":"https:\/\/oncoalicia.com\/es\/tipos-de-cancer\/colorrectal\/alteracion-del-gusto\/distorsion-del-gusto\/","title":{"rendered":"Recomendaciones diet\u00e9tico-culinarias para la distorsi\u00f3n del sabor en el c\u00e1ncer colorrectal"},"content":{"rendered":"<div class=\"row\">\n<div class=\"col-md-12 subtitle-mitos\">\n<p>Se denomina disgeusia y hace referencia a la percepci\u00f3n de sabores desagradables, met\u00e1licos o amargos en los alimentos y elaboraciones.<\/p>\n<\/div>\n<\/div>\n<div class=\"row p-40 w-60\">\n<div class=\"col-md-12 text-center\">\n<h2 class=\"h3 recomanem-efectes-cancer\">\u00bfQU\u00c9 TE RECOMENDAMOS?<\/h2>\n<\/div>\n<div class=\"col-md-12 p-10 text-center\">\n<h3 class=\"btn-orange recomanacions-tipus-cancer\" style=\"font-weight: bold;\">Lavarse la boca antes de comer con agua y tomillo o bicarbonato y mantener una higiene bucal correcta.<\/h3>\n<\/div>\n<div class=\"col-md-12 p-10 text-center\">\n<h3><a class=\"btn-orange recomanacions-tipus-cancer\" role=\"button\" href=\"#collapseExample-2\" data-toggle=\"collapse\" aria-expanded=\"false\" aria-controls=\"collapseExample\">Para eliminar sabores extra\u00f1os, enjuagarse la boca con t\u00e9 (con menta o lim\u00f3n), otras infusiones o zumos de fruta, peque\u00f1as porciones de gelatinas o polos caseros, antes de las comidas, durante y despu\u00e9s. <i class=\"fa fa-angle-down\" aria-hidden=\"true\"><\/i><br \/>\n<\/a><\/h3>\n<div id=\"collapseExample-2\" class=\"collapse\">\n<div class=\"card-body\">\n<div class=\"row\">\n<div class=\"col-md-12 text-center\">\n<div class=\"row\">\n<div class=\"col-md-12 recetas-sug\"><b>Algunas recetas sugeridas:<\/b><\/div>\n<\/div>\n<div class=\"row\">\n<div class=\"col-md-4 col-sm-6 text-center recetitas\">\n<a href=\"\/es\/recetas\/infusion-de-jengibre\/\"><\/p>\n<div class=\"cuadro-receta-2 text-center\">\n<img decoding=\"async\" class=\"w-50\" src=\"http:\/\/oncoalicia.com\/wp-content\/uploads\/2021\/09\/Infusio-gingebre-II.jpg\" \/><\/p>\n<div class=\"txt-mito\">Infusi\u00f3n de jengibre<\/div>\n<\/div>\n<p><\/a><\/p>\n<\/div>\n<div class=\"col-md-4 col-sm-6 text-center recetitas\">\n<a href=\"\/es\/recetas\/gelatina-de-jengibre-y-menta\/\"><\/p>\n<div class=\"cuadro-receta-2 text-center\">\n<img decoding=\"async\" class=\"w-50\" src=\"http:\/\/oncoalicia.com\/wp-content\/uploads\/2021\/10\/Gelatina-gingebre.jpg\" \/><\/p>\n<div class=\"txt-mito\">Gelatina de jengibre y menta<\/div>\n<\/div>\n<p><\/a><\/p>\n<\/div>\n<div class=\"col-md-4 col-sm-6 text-center recetitas\">\n<a href=\"\/es\/recetas\/polo-de-kiwi-y-manzana\/\"><\/p>\n<div class=\"cuadro-receta-2 text-center\">\n<img decoding=\"async\" class=\"w-50\" src=\"http:\/\/oncoalicia.com\/wp-content\/uploads\/2021\/10\/Polo-de-kiwi-y-manzana.jpg\" \/><\/p>\n<div class=\"txt-mito\">Polo de kiwi y manzana<\/div>\n<\/div>\n<p><\/a><\/p>\n<\/div>\n<\/div>\n<\/div>\n<\/div>\n<\/div>\n<\/div>\n<\/div>\n<div class=\"col-md-12 p-10 text-center\">\n<h3 class=\"btn-orange recomanacions-tipus-cancer\" style=\"font-weight: bold;\">Entre comidas, comer caramelos o chicles sin az\u00facar puede ayudar a evitar el mal sabor.<\/h3>\n<\/div>\n<div class=\"col-md-12 p-10 text-center\">\n<h3 class=\"btn-orange recomanacions-tipus-cancer\" style=\"font-weight: bold;\">Utilizar utensilios y cubiertos no met\u00e1licos para servir la comida y para comer (pl\u00e1stico, silicona, porcelana, bamb\u00fa\u2026).<\/h3>\n<\/div>\n<div class=\"col-md-12 p-10 text-center\">\n<h3 class=\"btn-orange recomanacions-tipus-cancer\" style=\"font-weight: bold;\">Comer fruta \u00e1cida (naranja, lim\u00f3n, fresas, kiwi, pi\u00f1a\u2026) para ayudar a hacer desaparecer el sabor met\u00e1lico.<\/h3>\n<\/div>\n<div class=\"col-md-12 p-10 text-center\">\n<h3><a class=\"btn-orange recomanacions-tipus-cancer\" role=\"button\" href=\"#collapseExample-5\" data-toggle=\"collapse\" aria-expanded=\"false\" aria-controls=\"collapseExample\">En caso de encontrar sabores desagradables en el agua, a\u00f1adirle unas gotas de zumo de lim\u00f3n, diluir el zumo de un lim\u00f3n en un litro de agua o poner cubitos c\u00edtricos dentro del agua. <i class=\"fa fa-angle-down\" aria-hidden=\"true\"><\/i><br \/>\n<\/a><\/h3>\n<div id=\"collapseExample-5\" class=\"collapse\">\n<div class=\"card-body\">\n<div class=\"row\">\n<div class=\"col-md-12 text-center\">\n<div class=\"row\">\n<div class=\"col-md-12 recetas-sug\"><b>Algunas recetas sugeridas:<\/b><\/div>\n<\/div>\n<div class=\"row\">\n<div class=\"col-md-4 col-sm-6 text-center recetitas\"><\/div>\n<div class=\"col-md-4 col-sm-6 text-center recetitas\">\n<a href=\"\/es\/recetas\/cubitos-de-citricos\/\"><\/p>\n<div class=\"cuadro-receta-2 text-center\">\n<img decoding=\"async\" class=\"w-50\" src=\"http:\/\/oncoalicia.com\/wp-content\/uploads\/2021\/10\/Glacons-de-citrics.jpg\" \/><\/p>\n<div class=\"txt-mito\">Cubitos de c\u00edtricos<\/div>\n<\/div>\n<p><\/a><\/p>\n<\/div>\n<div class=\"col-md-4 col-sm-6 text-center recetitas\"><\/div>\n<\/div>\n<\/div>\n<\/div>\n<\/div>\n<\/div>\n<\/div>\n<div class=\"col-md-12 p-10 text-center\">\n<h3><a class=\"btn-orange recomanacions-tipus-cancer\" role=\"button\" href=\"#collapseExample-3\" data-toggle=\"collapse\" aria-expanded=\"false\" aria-controls=\"collapseExample\">Comer tipo tapas (peque\u00f1as cantidades de diferentes platos y no mucha cantidad de un solo plato): mayoritariamente, el sabor met\u00e1lico aparece al rato de comer. <i class=\"fa fa-angle-down\" aria-hidden=\"true\"><\/i><br \/>\n<\/a><\/h3>\n<div id=\"collapseExample-3\" class=\"collapse\">\n<div class=\"card-body\">\n<div class=\"row\">\n<div class=\"col-md-12 descrip\">\n<p>Para asegurar que comiendo tipo tapas se incorporan los nutrientes necesarios, se recomienda partir de la proporci\u00f3n del <a href=\"\/es\/recomendaciones-generales\/#plato\">m\u00e9todo del plato.<\/a><\/p>\n<\/div>\n<div class=\"col-md-12 text-center\">\n<div class=\"row\">\n<div class=\"col-md-12 recetas-sug\"><b>Algunas recetas sugeridas:<\/b><\/div>\n<\/div>\n<div class=\"row\">\n<div class=\"col-md-4 col-sm-6 text-center recetitas\"><\/div>\n<div class=\"col-md-4 col-sm-6 text-center recetitas\">\n<a href=\"\/es\/recetas\/plato-completo-en-formato-tapas\/\"><\/p>\n<div class=\"cuadro-receta-2 text-center\">\n<img decoding=\"async\" class=\"w-50\" src=\"http:\/\/oncoalicia.com\/wp-content\/uploads\/2022\/03\/Plato-completo-en-formato-tapas-I.jpg\" \/><\/p>\n<div class=\"txt-mito\">Plato completo en formato tapas<\/div>\n<\/div>\n<p><\/a>\n<\/div>\n<div class=\"col-md-4 col-sm-6 text-center recetitas\"><\/div>\n<\/div>\n<\/div>\n<\/div>\n<\/div>\n<\/div>\n<\/div>\n<div class=\"col-md-12 p-10 text-center\">\n<h3><a class=\"btn-orange recomanacions-tipus-cancer\" role=\"button\" href=\"#collapseExample-6\" data-toggle=\"collapse\" aria-expanded=\"false\" aria-controls=\"collapseExample\">Los alimentos ricos en prote\u00ednas pueden provocar mayor aparici\u00f3n de sabores desagradables. Preparar la carne, el pescado, el marisco y los huevos de manera que se enmascarare el sabor desagradable que pueden provocar. <i class=\"fa fa-angle-down\" aria-hidden=\"true\"><\/i><br \/>\n<\/a><\/h3>\n<div id=\"collapseExample-6\" class=\"collapse\">\n<div class=\"card-body\">\n<div class=\"row\">\n<div class=\"col-md-12 descrip\">\n<ul>\n<li>Macerando la carne y el pescado en zumos c\u00edtricos, salsas agridulces o especias no picantes.<\/li>\n<\/ul>\n<\/div>\n<div class=\"col-md-12 text-center\">\n<div class=\"row\">\n<div class=\"col-md-12 recetas-sug\"><b>Algunas recetas sugeridas:<\/b><\/div>\n<\/div>\n<div class=\"row\">\n<div class=\"col-md-4 col-sm-6 text-center recetitas\">\n<a href=\"\/es\/recetas\/ceviche\/\"><\/p>\n<div class=\"cuadro-receta-2 text-center\">\n<img decoding=\"async\" class=\"w-50\" src=\"http:\/\/oncoalicia.com\/wp-content\/uploads\/2021\/10\/CEVICHE.jpg\" \/><\/p>\n<div class=\"txt-mito\">Ceviche<\/div>\n<\/div>\n<p><\/a><\/p>\n<\/div>\n<div class=\"col-md-4 col-sm-6 text-center recetitas\">\n<a href=\"\/es\/recetas\/brochetas-de-pavo-marinado\/\"><\/p>\n<div class=\"cuadro-receta-2 text-center\">\n<img decoding=\"async\" class=\"w-50\" src=\"http:\/\/oncoalicia.com\/wp-content\/uploads\/2022\/03\/Brochetas-de-pavo-marinado-1568x2195.jpg\" \/><\/p>\n<div class=\"txt-mito\">Brochetas de pavo marinado<\/div>\n<\/div>\n<p><\/a><\/p>\n<\/div>\n<div class=\"col-md-4 col-sm-6 text-center recetitas\">\n<a href=\"\/es\/recetas\/escabeche-de-caballa-con-naranja\/\"><\/p>\n<div class=\"cuadro-receta-2 text-center\">\n<img decoding=\"async\" class=\"w-50\" src=\"http:\/\/oncoalicia.com\/wp-content\/uploads\/2022\/03\/Escabeche-de-caballa-con-naranja-1568x2195.jpg\" \/><\/p>\n<div class=\"txt-mito\">Escabeche de caballa con naranja<\/div>\n<\/div>\n<p><\/a><\/p>\n<\/div>\n<\/div>\n<\/div>\n<div class=\"col-md-12 descrip\">\n<ul>\n<li>Comiendo la carne mezclada con alimentos o condimentos dulces o arom\u00e1ticos (fruta, frutos secos, compotas, mermeladas, miel, etc.).<\/li>\n<\/ul>\n<\/div>\n<div class=\"col-md-12 text-center\">\n<div class=\"row\">\n<div class=\"col-md-12 recetas-sug\"><b>Algunas recetas sugeridas:<\/b><\/div>\n<\/div>\n<div class=\"row\">\n<div class=\"col-md-2 col-sm-6 text-center recetitas\"><\/div>\n<div class=\"col-md-4 col-sm-6 text-center recetitas\">\n<a href=\"\/es\/recetas\/brochetas-de-pollo-con-manzana\/\"><\/p>\n<div class=\"cuadro-receta-2 text-center\">\n<img decoding=\"async\" class=\"w-50\" src=\"http:\/\/oncoalicia.com\/wp-content\/uploads\/2021\/10\/broquetes-pollastre-i-poma.jpg\" \/><\/p>\n<div class=\"txt-mito\">Brochetas de pollo con manzana<\/div>\n<\/div>\n<p><\/a><\/p>\n<\/div>\n<div class=\"col-md-4 col-sm-6 text-center recetitas\">\n<a href=\"\/es\/recetas\/asado-de-cerdo-con-frutos-secos-y-fruta-desecada\/\"><\/p>\n<div class=\"cuadro-receta-2 text-center\">\n<img decoding=\"async\" class=\"w-50\" src=\"http:\/\/oncoalicia.com\/wp-content\/uploads\/2021\/10\/Rostit-de-porc-amb-fruit-secs.jpg\" \/><\/p>\n<div class=\"txt-mito\">Asado de cerdo con frutos secos y fruta desecada<\/div>\n<\/div>\n<p><\/a><\/p>\n<\/div>\n<div class=\"col-md-2 col-sm-6 text-center recetitas\"><\/div>\n<\/div>\n<\/div>\n<div class=\"col-md-12 descrip\">\n<ul>\n<li>Utilizar preparaciones donde se mezclan bien con otros ingredientes como p\u00fadines, croquetas, bu\u00f1uelos, empanadas, canelones o rellenos de bocadillos.<\/li>\n<\/ul>\n<\/div>\n<div class=\"col-md-12 text-center\">\n<div class=\"row\">\n<div class=\"col-md-12 recetas-sug\"><b>Algunas recetas sugeridas:<\/b><\/div>\n<\/div>\n<div class=\"row\">\n<div class=\"col-md-4 col-sm-6 text-center recetitas\">\n<a href=\"\/es\/recetas\/pastel-de-pavo-y-verduras\/\"><\/p>\n<div class=\"cuadro-receta-2 text-center\">\n<img decoding=\"async\" class=\"w-50\" src=\"http:\/\/oncoalicia.com\/wp-content\/uploads\/2021\/10\/Pastel-de-pavo-y-verduras.jpg\" \/><\/p>\n<div class=\"txt-mito\">Pastel de pavo y verduras<\/div>\n<\/div>\n<p><\/a><\/p>\n<\/div>\n<div class=\"col-md-4 col-sm-6 text-center recetitas\">\n<a href=\"\/es\/recetas\/bocadillo-blando-de-pescado\/\"><\/p>\n<div class=\"cuadro-receta-2 text-center\">\n<img decoding=\"async\" class=\"w-50\" src=\"http:\/\/oncoalicia.com\/wp-content\/uploads\/2022\/04\/112.-V-Bocadillo-tierno-de-pescado.jpg\" \/><\/p>\n<div class=\"txt-mito\">Bocadillo blando de pescado<\/div>\n<\/div>\n<p>&nbsp;<\/p>\n<\/div>\n<div class=\"col-md-4 col-sm-6 text-center recetitas\">\n<a href=\"\/es\/recetas\/empanadas-calientes-de-carne\/\"><\/p>\n<div class=\"cuadro-receta-2 text-center\">\n<img decoding=\"async\" class=\"w-50\" src=\"http:\/\/oncoalicia.com\/wp-content\/uploads\/2021\/10\/Empanadas-variadas-I.jpg\" \/><\/p>\n<div class=\"txt-mito\">Empanadas calientes de carne<\/div>\n<\/div>\n<p><\/a><\/p>\n<\/div>\n<\/div>\n<\/div>\n<\/div>\n<\/div>\n<\/div>\n<\/div>\n<div class=\"col-md-12 p-10 text-center\">\n<h3><a class=\"btn-orange recomanacions-tipus-cancer\" role=\"button\" href=\"#collapseExample-9\" data-toggle=\"collapse\" aria-expanded=\"false\" aria-controls=\"collapseExample\">Preparar platos poco conocidos o diferentes. <i class=\"fa fa-angle-down\" aria-hidden=\"true\"><\/i><br \/>\n<\/a><\/h3>\n<div id=\"collapseExample-9\" class=\"collapse\">\n<div class=\"card-body\">\n<div class=\"row\">\n<div class=\"col-md-12 descrip\">\n<p>Muchas veces el mal sabor de los alimentos se acent\u00faa cuando no se cumple lo que se espera de un plato; si se preparan platos diferentes que no se han probado nunca, se minimiza el efecto de la expectativa y se pueden tolerar mejor los sabores extra\u00f1os. Es una oportunidad para conocer nuevas culturas alimentarias y elegir preparaciones especiadas, atractivas, pero al mismo tiempo f\u00e1ciles de preparar.<\/p>\n<\/div>\n<div class=\"col-md-12 text-center\">\n<div class=\"row\">\n<div class=\"col-md-12 recetas-sug\"><b>Algunas recetas sugeridas:<\/b><\/div>\n<\/div>\n<div class=\"row\">\n<div class=\"col-md-4 col-sm-6 text-center recetitas\">\n<a href=\"\/es\/recetas\/pollo-tandoori\/\"><\/p>\n<div class=\"cuadro-receta-2 text-center\">\n<img decoding=\"async\" class=\"w-50\" src=\"http:\/\/oncoalicia.com\/wp-content\/uploads\/2021\/10\/pollastre-tandori.jpg\" \/><\/p>\n<div class=\"txt-mito\">Pollo &#8216;tandoori&#8217;<\/div>\n<\/div>\n<p><\/a><\/p>\n<\/div>\n<div class=\"col-md-4 col-sm-6 text-center recetitas\">\n<a href=\"\/es\/recetas\/espaguetis-yakisoba\/\"><\/p>\n<div class=\"cuadro-receta-2 text-center\">\n<img decoding=\"async\" class=\"w-50\" src=\"http:\/\/oncoalicia.com\/wp-content\/uploads\/2021\/10\/Espaguetis-yakisoba.jpg\" \/><\/p>\n<div class=\"txt-mito\">Espaguetis yakisoba<\/div>\n<\/div>\n<p><\/a><\/p>\n<\/div>\n<div class=\"col-md-4 col-sm-6 text-center recetitas\">\n<a href=\"\/es\/recetas\/gyoza-empanadillas-japonesas\/\"><\/p>\n<div class=\"cuadro-receta-2 text-center\">\n<img decoding=\"async\" class=\"w-50\" src=\"http:\/\/oncoalicia.com\/wp-content\/uploads\/2022\/02\/Gyozas-empanadillas-japonesas.jpg\" \/><\/p>\n<div class=\"txt-mito\">&#8216;Gyoza&#8217; (crestas japonesas)<\/div>\n<\/div>\n<p><\/a><\/p>\n<\/div>\n<\/div>\n<\/div>\n<\/div>\n<\/div>\n<\/div>\n<\/div>\n<\/div>\n","protected":false},"excerpt":{"rendered":"<p>Se denomina disgeusia y hace referencia a la percepci\u00f3n de sabores desagradables, met\u00e1licos o amargos en los alimentos y elaboraciones. \u00bfQU\u00c9 TE RECOMENDAMOS? Lavarse la boca antes de comer con agua y tomillo o bicarbonato y mantener una higiene bucal correcta. Para eliminar sabores extra\u00f1os, enjuagarse la boca con t\u00e9 (con menta o lim\u00f3n), otras&hellip; <a class=\"more-link\" href=\"https:\/\/oncoalicia.com\/es\/tipos-de-cancer\/colorrectal\/alteracion-del-gusto\/distorsion-del-gusto\/\">Seguir leyendo <span class=\"screen-reader-text\">Recomendaciones diet\u00e9tico-culinarias para la distorsi\u00f3n del sabor en el c\u00e1ncer colorrectal<\/span><\/a><\/p>\n","protected":false},"author":2,"featured_media":0,"parent":3922,"menu_order":0,"comment_status":"closed","ping_status":"closed","template":"colon-distorsi\u00f3n-del-sabor.php","meta":{"footnotes":""},"class_list":["post-3927","page","type-page","status-publish","hentry","entry"],"yoast_head":"<!-- This site is optimized with the Yoast SEO plugin v26.9 - https:\/\/yoast.com\/product\/yoast-seo-wordpress\/ -->\n<title>Alimentaci\u00f3n para pacientes de c\u00e1ncer colorrectal con distorsi\u00f3n del sabor - Oncoalicia<\/title>\n<meta name=\"description\" content=\"Consulta las recomendaciones alimentarias para personas con c\u00e1ncer colorrectal que est\u00e9n sufriendo distorsi\u00f3n del sabor derivada del tratamiento.\" \/>\n<meta name=\"robots\" content=\"index, follow, max-snippet:-1, max-image-preview:large, max-video-preview:-1\" \/>\n<link rel=\"canonical\" href=\"https:\/\/oncoalicia.com\/es\/tipos-de-cancer\/colorrectal\/alteracion-del-gusto\/distorsion-del-gusto\/\" \/>\n<meta property=\"og:locale\" content=\"es_ES\" \/>\n<meta property=\"og:type\" content=\"article\" \/>\n<meta property=\"og:title\" content=\"Alimentaci\u00f3n para pacientes de c\u00e1ncer colorrectal con distorsi\u00f3n del sabor - Oncoalicia\" \/>\n<meta property=\"og:description\" content=\"Consulta las recomendaciones alimentarias para personas con c\u00e1ncer colorrectal que est\u00e9n sufriendo distorsi\u00f3n del sabor derivada del tratamiento.\" \/>\n<meta property=\"og:url\" content=\"https:\/\/oncoalicia.com\/es\/tipos-de-cancer\/colorrectal\/alteracion-del-gusto\/distorsion-del-gusto\/\" \/>\n<meta property=\"og:site_name\" content=\"Oncoalicia\" \/>\n<meta property=\"article:modified_time\" content=\"2025-07-04T07:12:38+00:00\" \/>\n<meta property=\"og:image\" content=\"http:\/\/oncoalicia.com\/wp-content\/uploads\/2021\/09\/Infusio-gingebre-II.jpg\" \/>\n<meta name=\"twitter:card\" content=\"summary_large_image\" \/>\n<meta name=\"twitter:label1\" content=\"Tiempo de lectura\" \/>\n\t<meta name=\"twitter:data1\" content=\"6 minutos\" \/>\n<script type=\"application\/ld+json\" class=\"yoast-schema-graph\">{\"@context\":\"https:\/\/schema.org\",\"@graph\":[{\"@type\":\"WebPage\",\"@id\":\"https:\/\/oncoalicia.com\/es\/tipos-de-cancer\/colorrectal\/alteracion-del-gusto\/distorsion-del-gusto\/\",\"url\":\"https:\/\/oncoalicia.com\/es\/tipos-de-cancer\/colorrectal\/alteracion-del-gusto\/distorsion-del-gusto\/\",\"name\":\"Alimentaci\u00f3n para pacientes de c\u00e1ncer colorrectal con distorsi\u00f3n del sabor - Oncoalicia\",\"isPartOf\":{\"@id\":\"https:\/\/oncoalicia.com\/es\/#website\"},\"primaryImageOfPage\":{\"@id\":\"https:\/\/oncoalicia.com\/es\/tipos-de-cancer\/colorrectal\/alteracion-del-gusto\/distorsion-del-gusto\/#primaryimage\"},\"image\":{\"@id\":\"https:\/\/oncoalicia.com\/es\/tipos-de-cancer\/colorrectal\/alteracion-del-gusto\/distorsion-del-gusto\/#primaryimage\"},\"thumbnailUrl\":\"http:\/\/oncoalicia.com\/wp-content\/uploads\/2021\/09\/Infusio-gingebre-II.jpg\",\"datePublished\":\"2022-05-13T03:26:30+00:00\",\"dateModified\":\"2025-07-04T07:12:38+00:00\",\"description\":\"Consulta las recomendaciones alimentarias para personas con c\u00e1ncer colorrectal que est\u00e9n sufriendo distorsi\u00f3n del sabor derivada del tratamiento.\",\"breadcrumb\":{\"@id\":\"https:\/\/oncoalicia.com\/es\/tipos-de-cancer\/colorrectal\/alteracion-del-gusto\/distorsion-del-gusto\/#breadcrumb\"},\"inLanguage\":\"es\",\"potentialAction\":[{\"@type\":\"ReadAction\",\"target\":[\"https:\/\/oncoalicia.com\/es\/tipos-de-cancer\/colorrectal\/alteracion-del-gusto\/distorsion-del-gusto\/\"]}]},{\"@type\":\"ImageObject\",\"inLanguage\":\"es\",\"@id\":\"https:\/\/oncoalicia.com\/es\/tipos-de-cancer\/colorrectal\/alteracion-del-gusto\/distorsion-del-gusto\/#primaryimage\",\"url\":\"http:\/\/oncoalicia.com\/wp-content\/uploads\/2021\/09\/Infusio-gingebre-II.jpg\",\"contentUrl\":\"http:\/\/oncoalicia.com\/wp-content\/uploads\/2021\/09\/Infusio-gingebre-II.jpg\"},{\"@type\":\"BreadcrumbList\",\"@id\":\"https:\/\/oncoalicia.com\/es\/tipos-de-cancer\/colorrectal\/alteracion-del-gusto\/distorsion-del-gusto\/#breadcrumb\",\"itemListElement\":[{\"@type\":\"ListItem\",\"position\":1,\"name\":\"Portada\",\"item\":\"https:\/\/oncoalicia.com\/es\/\"},{\"@type\":\"ListItem\",\"position\":2,\"name\":\"Tipos de c\u00e1ncer\",\"item\":\"https:\/\/oncoalicia.com\/es\/tipos-de-cancer\/\"},{\"@type\":\"ListItem\",\"position\":3,\"name\":\"Recomendaciones alimentarias durante el tratamiento del c\u00e1ncer colorrectal\",\"item\":\"https:\/\/oncoalicia.com\/es\/tipos-de-cancer\/colorrectal\/\"},{\"@type\":\"ListItem\",\"position\":4,\"name\":\"Recomendaciones diet\u00e9tico-culinarias para la alteraci\u00f3n del sabor en el c\u00e1ncer colorrectal\",\"item\":\"https:\/\/oncoalicia.com\/es\/tipos-de-cancer\/colorrectal\/alteracion-del-gusto\/\"},{\"@type\":\"ListItem\",\"position\":5,\"name\":\"Recomendaciones diet\u00e9tico-culinarias para la distorsi\u00f3n del sabor en el c\u00e1ncer colorrectal\"}]},{\"@type\":\"WebSite\",\"@id\":\"https:\/\/oncoalicia.com\/es\/#website\",\"url\":\"https:\/\/oncoalicia.com\/es\/\",\"name\":\"Oncoal\u00edcia\",\"description\":\"Comer durante el Tratamiento del C\u00e1ncer\",\"publisher\":{\"@id\":\"https:\/\/oncoalicia.com\/es\/#organization\"},\"alternateName\":\"Oncoal\u00edcia | Comer durante el Tratamiento del C\u00e1ncer\",\"potentialAction\":[{\"@type\":\"SearchAction\",\"target\":{\"@type\":\"EntryPoint\",\"urlTemplate\":\"https:\/\/oncoalicia.com\/es\/?s={search_term_string}\"},\"query-input\":{\"@type\":\"PropertyValueSpecification\",\"valueRequired\":true,\"valueName\":\"search_term_string\"}}],\"inLanguage\":\"es\"},{\"@type\":\"Organization\",\"@id\":\"https:\/\/oncoalicia.com\/es\/#organization\",\"name\":\"Oncoal\u00edcia\",\"alternateName\":\"Oncoal\u00edcia | Comer durante el Tratamiento del C\u00e1ncer\",\"url\":\"https:\/\/oncoalicia.com\/es\/\",\"logo\":{\"@type\":\"ImageObject\",\"inLanguage\":\"es\",\"@id\":\"https:\/\/oncoalicia.com\/es\/#\/schema\/logo\/image\/\",\"url\":\"https:\/\/oncoalicia.com\/wp-content\/uploads\/2022\/11\/logo_rrss.png\",\"contentUrl\":\"https:\/\/oncoalicia.com\/wp-content\/uploads\/2022\/11\/logo_rrss.png\",\"width\":300,\"height\":300,\"caption\":\"Oncoal\u00edcia\"},\"image\":{\"@id\":\"https:\/\/oncoalicia.com\/es\/#\/schema\/logo\/image\/\"}}]}<\/script>\n<!-- \/ Yoast SEO plugin. -->","yoast_head_json":{"title":"Alimentaci\u00f3n para pacientes de c\u00e1ncer colorrectal con distorsi\u00f3n del sabor - Oncoalicia","description":"Consulta las recomendaciones alimentarias para personas con c\u00e1ncer colorrectal que est\u00e9n sufriendo distorsi\u00f3n del sabor derivada del tratamiento.","robots":{"index":"index","follow":"follow","max-snippet":"max-snippet:-1","max-image-preview":"max-image-preview:large","max-video-preview":"max-video-preview:-1"},"canonical":"https:\/\/oncoalicia.com\/es\/tipos-de-cancer\/colorrectal\/alteracion-del-gusto\/distorsion-del-gusto\/","og_locale":"es_ES","og_type":"article","og_title":"Alimentaci\u00f3n para pacientes de c\u00e1ncer colorrectal con distorsi\u00f3n del sabor - Oncoalicia","og_description":"Consulta las recomendaciones alimentarias para personas con c\u00e1ncer colorrectal que est\u00e9n sufriendo distorsi\u00f3n del sabor derivada del tratamiento.","og_url":"https:\/\/oncoalicia.com\/es\/tipos-de-cancer\/colorrectal\/alteracion-del-gusto\/distorsion-del-gusto\/","og_site_name":"Oncoalicia","article_modified_time":"2025-07-04T07:12:38+00:00","og_image":[{"url":"http:\/\/oncoalicia.com\/wp-content\/uploads\/2021\/09\/Infusio-gingebre-II.jpg","type":"","width":"","height":""}],"twitter_card":"summary_large_image","twitter_misc":{"Tiempo de lectura":"6 minutos"},"schema":{"@context":"https:\/\/schema.org","@graph":[{"@type":"WebPage","@id":"https:\/\/oncoalicia.com\/es\/tipos-de-cancer\/colorrectal\/alteracion-del-gusto\/distorsion-del-gusto\/","url":"https:\/\/oncoalicia.com\/es\/tipos-de-cancer\/colorrectal\/alteracion-del-gusto\/distorsion-del-gusto\/","name":"Alimentaci\u00f3n para pacientes de c\u00e1ncer colorrectal con distorsi\u00f3n del sabor - Oncoalicia","isPartOf":{"@id":"https:\/\/oncoalicia.com\/es\/#website"},"primaryImageOfPage":{"@id":"https:\/\/oncoalicia.com\/es\/tipos-de-cancer\/colorrectal\/alteracion-del-gusto\/distorsion-del-gusto\/#primaryimage"},"image":{"@id":"https:\/\/oncoalicia.com\/es\/tipos-de-cancer\/colorrectal\/alteracion-del-gusto\/distorsion-del-gusto\/#primaryimage"},"thumbnailUrl":"http:\/\/oncoalicia.com\/wp-content\/uploads\/2021\/09\/Infusio-gingebre-II.jpg","datePublished":"2022-05-13T03:26:30+00:00","dateModified":"2025-07-04T07:12:38+00:00","description":"Consulta las recomendaciones alimentarias para personas con c\u00e1ncer colorrectal que est\u00e9n sufriendo distorsi\u00f3n del sabor derivada del tratamiento.","breadcrumb":{"@id":"https:\/\/oncoalicia.com\/es\/tipos-de-cancer\/colorrectal\/alteracion-del-gusto\/distorsion-del-gusto\/#breadcrumb"},"inLanguage":"es","potentialAction":[{"@type":"ReadAction","target":["https:\/\/oncoalicia.com\/es\/tipos-de-cancer\/colorrectal\/alteracion-del-gusto\/distorsion-del-gusto\/"]}]},{"@type":"ImageObject","inLanguage":"es","@id":"https:\/\/oncoalicia.com\/es\/tipos-de-cancer\/colorrectal\/alteracion-del-gusto\/distorsion-del-gusto\/#primaryimage","url":"http:\/\/oncoalicia.com\/wp-content\/uploads\/2021\/09\/Infusio-gingebre-II.jpg","contentUrl":"http:\/\/oncoalicia.com\/wp-content\/uploads\/2021\/09\/Infusio-gingebre-II.jpg"},{"@type":"BreadcrumbList","@id":"https:\/\/oncoalicia.com\/es\/tipos-de-cancer\/colorrectal\/alteracion-del-gusto\/distorsion-del-gusto\/#breadcrumb","itemListElement":[{"@type":"ListItem","position":1,"name":"Portada","item":"https:\/\/oncoalicia.com\/es\/"},{"@type":"ListItem","position":2,"name":"Tipos de c\u00e1ncer","item":"https:\/\/oncoalicia.com\/es\/tipos-de-cancer\/"},{"@type":"ListItem","position":3,"name":"Recomendaciones alimentarias durante el tratamiento del c\u00e1ncer colorrectal","item":"https:\/\/oncoalicia.com\/es\/tipos-de-cancer\/colorrectal\/"},{"@type":"ListItem","position":4,"name":"Recomendaciones diet\u00e9tico-culinarias para la alteraci\u00f3n del sabor en el c\u00e1ncer colorrectal","item":"https:\/\/oncoalicia.com\/es\/tipos-de-cancer\/colorrectal\/alteracion-del-gusto\/"},{"@type":"ListItem","position":5,"name":"Recomendaciones diet\u00e9tico-culinarias para la distorsi\u00f3n del sabor en el c\u00e1ncer colorrectal"}]},{"@type":"WebSite","@id":"https:\/\/oncoalicia.com\/es\/#website","url":"https:\/\/oncoalicia.com\/es\/","name":"Oncoal\u00edcia","description":"Comer durante el Tratamiento del C\u00e1ncer","publisher":{"@id":"https:\/\/oncoalicia.com\/es\/#organization"},"alternateName":"Oncoal\u00edcia | Comer durante el Tratamiento del C\u00e1ncer","potentialAction":[{"@type":"SearchAction","target":{"@type":"EntryPoint","urlTemplate":"https:\/\/oncoalicia.com\/es\/?s={search_term_string}"},"query-input":{"@type":"PropertyValueSpecification","valueRequired":true,"valueName":"search_term_string"}}],"inLanguage":"es"},{"@type":"Organization","@id":"https:\/\/oncoalicia.com\/es\/#organization","name":"Oncoal\u00edcia","alternateName":"Oncoal\u00edcia | Comer durante el Tratamiento del C\u00e1ncer","url":"https:\/\/oncoalicia.com\/es\/","logo":{"@type":"ImageObject","inLanguage":"es","@id":"https:\/\/oncoalicia.com\/es\/#\/schema\/logo\/image\/","url":"https:\/\/oncoalicia.com\/wp-content\/uploads\/2022\/11\/logo_rrss.png","contentUrl":"https:\/\/oncoalicia.com\/wp-content\/uploads\/2022\/11\/logo_rrss.png","width":300,"height":300,"caption":"Oncoal\u00edcia"},"image":{"@id":"https:\/\/oncoalicia.com\/es\/#\/schema\/logo\/image\/"}}]}},"_links":{"self":[{"href":"https:\/\/oncoalicia.com\/es\/wp-json\/wp\/v2\/pages\/3927","targetHints":{"allow":["GET"]}}],"collection":[{"href":"https:\/\/oncoalicia.com\/es\/wp-json\/wp\/v2\/pages"}],"about":[{"href":"https:\/\/oncoalicia.com\/es\/wp-json\/wp\/v2\/types\/page"}],"author":[{"embeddable":true,"href":"https:\/\/oncoalicia.com\/es\/wp-json\/wp\/v2\/users\/2"}],"replies":[{"embeddable":true,"href":"https:\/\/oncoalicia.com\/es\/wp-json\/wp\/v2\/comments?post=3927"}],"version-history":[{"count":0,"href":"https:\/\/oncoalicia.com\/es\/wp-json\/wp\/v2\/pages\/3927\/revisions"}],"up":[{"embeddable":true,"href":"https:\/\/oncoalicia.com\/es\/wp-json\/wp\/v2\/pages\/3922"}],"wp:attachment":[{"href":"https:\/\/oncoalicia.com\/es\/wp-json\/wp\/v2\/media?parent=3927"}],"curies":[{"name":"wp","href":"https:\/\/api.w.org\/{rel}","templated":true}]}}