{"id":3944,"date":"2022-05-14T02:29:21","date_gmt":"2022-05-14T02:29:21","guid":{"rendered":"https:\/\/www.oncoalicia.com\/alimentacion-durante-el-tratamiento-del-cancer-colorrectal\/oclusion-intestinal\/"},"modified":"2025-07-04T07:14:48","modified_gmt":"2025-07-04T07:14:48","slug":"oclusion-intestinal","status":"publish","type":"page","link":"https:\/\/oncoalicia.com\/es\/tipos-de-cancer\/colorrectal\/oclusion-intestinal\/","title":{"rendered":"Recomendaciones diet\u00e9tico-culinarias para la oclusi\u00f3n intestinal en el c\u00e1ncer colorrectal"},"content":{"rendered":"<div class=\"row\">\n<div class=\"col-md-12 subtitle-mitos text-left\">\n<p>Debido a la dificultad mec\u00e1nica del paso de las heces a trav\u00e9s del intestino, en ciertos casos existe riesgo de oclusi\u00f3n intestinal. El objetivo de las recomendaciones diet\u00e9ticas ser\u00e1 evitar un aumento del bolo fecal y as\u00ed disminuir el riesgo de presentar una suboclusi\u00f3n intestinal. Para ello se excluyen los alimentos ricos en fibra, tales como algunas verduras (crudas y cocidas), legumbres, algunas frutas, alimentos integrales, frutos secos y fruta desecada. El grado de exclusi\u00f3n de estos alimentos deber\u00e1 determinarla el equipo de referencia en funci\u00f3n del riesgo de oclusi\u00f3n en cada caso, pudiendo prescribir una dieta estricta baja en residuos o una dieta moderada baja en residuos, como se contempla a continuaci\u00f3n. En algunos casos esta dieta tambi\u00e9n puede ir acompa\u00f1ada de cierta restricci\u00f3n de grasas.<\/p>\n<\/p><\/div>\n<\/p><\/div>\n<div class=\"row p-40 w-60\">\n<div class=\"col-md-12 text-center\">\n<h2 class=\"h3 recomanem-efectes-cancer\">\u00bfQU\u00c9 TE RECOMENDAMOS?<\/h2>\n<\/p><\/div>\n<div class=\"col-md-12 p-10 text-center\">\n<h3 class=\"btn-orange recomanacions-tipus-cancer\" style=\"font-weight: bold;\">Mantener una buena hidrataci\u00f3n, tomando un m\u00ednimo de 1,5 litros de l\u00edquido al d\u00eda.<\/h3>\n<\/p><\/div>\n<div class=\"col-md-12 p-10 text-center\">\n<h3 class=\"btn-orange recomanacions-tipus-cancer\" style=\"font-weight: bold;\">Masticar muy bien los alimentos y comer de forma relajada.<\/h3>\n<\/p><\/div>\n<div class=\"col-md-12 p-10 text-center\">\n<h3><a class=\"btn-orange recomanacions-tipus-cancer\" data-toggle=\"collapse\" href=\"#collapseExample-1\" role=\"button\" aria-expanded=\"false\" aria-controls=\"collapseExample\">Realizar una alimentaci\u00f3n excluyendo los alimentos altos en fibra. <i class=\"fa fa-angle-down\" aria-hidden=\"true\"><\/i><br \/>\n            <\/a><\/h3>\n<div class=\"collapse\" id=\"collapseExample-1\">\n<div class=\"card-body\">\n<div class=\"row\">\n<div class=\"col-md-12 descrip\">\n<p>Algunas verduras (crudas y cocidas), legumbres, algunas frutas, alimentos integrales, frutos secos y fruta desecada, considerando algunas t\u00e9cnicas de cocci\u00f3n y preparaci\u00f3n.<\/p>\n<\/p><\/div>\n<\/p><\/div>\n<div class=\"row\">\n<div class=\"col-md-12 descrip\">\n<table class=\"table\">\n<tr>\n<td class=\"table-txt\">\n<table>\n<tr>\n<td>\n                                    <\/td>\n<td>\n                                      <b>Alimentos permitidos<\/b>\n                                    <\/td>\n<td>\n                                      <b>Ejemplo<\/b>\n                                    <\/td>\n<\/tr>\n<tr>\n<td>\n Desayuno\/media ma\u00f1ana\/merienda\n                                    <\/td>\n<td>\n                                      <b>L\u00c1CTEOS:<\/b> leche, yogur o queso sin trozos ni con aporte de fibra.<br \/>\n                                      <b>CEREALES no integrales:<\/b> pan, tostadas, biscotes, cereales de desayuno (ma\u00edz, trigo, arroz), galletas tipo mar\u00eda, boller\u00eda casera (bizcocho o magdalenas caseras con harina refinada).<br \/>\n                                      <b>FRUTA<\/b> <\/p>\n<ul>\n<li><b>Cruda, madura, pelada sin semillas:<\/b> pera, manzana, sand\u00eda, mel\u00f3n, uva y pl\u00e1tano.<\/li>\n<li><b>Licuada:<\/b> toda.<\/li>\n<li><b>Cocida:<\/b> manzana, pera y melocot\u00f3n en alm\u00edbar.<\/li>\n<\/ul>\n<p>                                      <b>COMPLEMENTOS<\/b> Jam\u00f3n dulce, pavo, at\u00fan, jam\u00f3n salado, anchoas\u2026<br \/>\n Aceite de oliva virgen, margarina, mantequilla.<br \/>\n Infusiones.<br \/>\n Caf\u00e9, soluble de cacao o cereales solubles tipo Eko\u00ae.<br \/>\n Az\u00facar o edulcorantes.<br \/>\n Bebidas vegetales sin fibra: arroz, soja, coco, avena\u2026\n                                    <\/td>\n<td>\n<table>\n<tr>\n<td><b>Desayuno<\/b><\/td>\n<\/tr>\n<tr>\n<td>\n Caf\u00e9 con leche.<br \/>\n Bocadillo de pan blanco con tomate (sin semillas) y aceite de oliva virgen con at\u00fan.<br \/>\n Un racimo de uva pelada y sin huesos (5-10 unidades).\n                                          <\/td>\n<\/tr>\n<tr>\n<td>\n                                            <b>Media ma\u00f1ana<\/b><\/p>\n<ul>\n<li><a href=\"\/es\/recetas\/licuado-de-pera-manzana-y-zanahoria\/\" target=\"_blank\" rel=\"noopener\">Licuado de pera, manzana y zanahoria.<\/a><\/li>\n<li>Biscota con aceite de oliva y pavo.<\/li>\n<\/ul>\n<\/td>\n<\/tr>\n<\/table>\n<\/td>\n<\/tr>\n<tr>\n<td>\n Comidas\/cenas\n                                    <\/td>\n<td>\n                                        <b>VERDURAS Y HORTALIZAS<\/b> <\/p>\n<ul>\n<li><b>Cocidas sin c\u00e1scara:<\/b> patata, zanahoria, calabac\u00edn, cebolla rallada, tomate tamizado.<\/li>\n<li><b>Crudas:<\/b> licuadas o trituradas y pasadas por el pasapur\u00e9s.<\/li>\n<li>Legumbres sin c\u00e1scara y pasados por el pasapur\u00e9s.<\/li>\n<\/ul>\n<p>                                      <b>CEREALES NO INTEGRALES Y MUY COCIDOS:<\/b> pasta, arroz, cusc\u00fas, fideos de arroz, s\u00e9mola, polenta, pan\u2026<br \/>\n                                      <b>ALIMENTOS PROTEICOS<\/b> <\/p>\n<ul>\n<li><b>Carne:<\/b> todas evitando las partes fuertes y los tendrums.<\/li>\n<li><b>Pescado:<\/b> todos<\/li>\n<li><b>Huevos:<\/b> todos.<\/li>\n<\/ul>\n<p>                                      <b>FRUTA:<\/b><\/p>\n<ul>\n<li><b>Cruda, madura, pelada y sin c\u00e1scara ni semillas:<\/b> pera, manzana, sand\u00eda, mel\u00f3n, uva y pl\u00e1tano. <\/li>\n<li><b>Licuada:<\/b> toda.<\/li>\n<li><b>Cocida:<\/b> manzana, pera, melocot\u00f3n en alm\u00edbar. <\/li>\n<\/ul>\n<p>                                      <b>OTROS<\/b><br \/>\n Postres l\u00e1cteos: cuajada, reques\u00f3n, natillas, flan, arroz con leche.<br \/>\n Especies.\n                                    <\/td>\n<td>\n<table>\n<tr>\n<td>\n                                            <b>Almuerzo<\/b><\/p>\n<ul>\n<li><a href=\"\/es\/recetas\/sopa-de-tomate-licuada\/\" target=\"_blank\" rel=\"noopener\">Sopa de tomate licuada.<\/a><\/li>\n<li>Espaguetis salteados con calabac\u00edn y camarones.<\/li>\n<li><a href=\"\/es\/recetas\/flan-de-platano\/\" target=\"_blank\" rel=\"noopener\">Flan de pl\u00e1tano.<\/a><\/li>\n<\/ul>\n<\/td>\n<\/tr>\n<tr>\n<td>\n                                            <b>Merienda<\/b><br \/>\n Yogur con trozos de mel\u00f3n.\n                                          <\/td>\n<\/tr>\n<tr>\n<td>\n                                            <b>Cena<\/b><\/p>\n<ul>\n<li>Pur\u00e9 de patata y calabaza.<\/li>\n<li><a href=\"\/es\/recetas\/dados-de-pescado-adobado-y-frito\/\" target=\"_blank\" rel=\"noopener\">Dados de pescado encurtido y frito.<\/a><\/li>\n<li>Cuajada con miel.<\/li>\n<\/ul>\n<\/td>\n<\/tr>\n<\/table>\n<\/td>\n<\/tr>\n<\/table>\n<\/td>\n<\/tr>\n<\/table><\/div>\n<\/p><\/div>\n<\/p><\/div>\n<\/p><\/div>\n<\/p><\/div>\n<div class=\"col-md-12 p-10 text-center\">\n<h3><a class=\"btn-orange recomanacions-tipus-cancer\" data-toggle=\"collapse\" href=\"#collapseExample-3\" role=\"button\" aria-expanded=\"false\" aria-controls=\"collapseExample\">No restringir la grasa de la alimentaci\u00f3n. <i class=\"fa fa-angle-down\" aria-hidden=\"true\"><\/i><br \/>\n            <\/a><\/h3>\n<div class=\"collapse\" id=\"collapseExample-3\">\n<div class=\"card-body\">\n<div class=\"row\">\n<div class=\"col-md-12 descrip\">\n<p>Es importante asegurar una ingesta adecuada de aceite de oliva virgen para ayudar a la eliminaci\u00f3n de las heces. As\u00ed pues, se recomienda a\u00f1adir un chorrito de aceite por encima de las diferentes preparaciones.<\/p>\n<\/p><\/div>\n<\/p><\/div>\n<\/p><\/div>\n<\/p><\/div>\n<\/p><\/div>\n<div class=\"col-md-12 p-10 text-center\">\n<h3><a class=\"btn-orange recomanacions-tipus-cancer\" data-toggle=\"collapse\" href=\"#collapseExample\" role=\"button\" aria-expanded=\"false\" aria-controls=\"collapseExample\">Triturar la alimentaci\u00f3n. <i class=\"fa fa-angle-down\" aria-hidden=\"true\"><\/i><br \/>\n            <\/a><\/h3>\n<div class=\"collapse\" id=\"collapseExample\">\n<div class=\"card-body\">\n<div class=\"row\">\n<div class=\"col-md-12 descrip\">\n<p>En algunos casos, puede mejorar el confort digestivo. Consultarlo con el dietista-nutricionista de referencia.<\/p>\n<\/p><\/div>\n<\/p><\/div>\n<\/p><\/div>\n<\/p><\/div>\n<\/p><\/div>\n<div class=\"col-md-12 p-10 text-center\">\n<h3 class=\"btn-orange recomanacions-tipus-cancer\" style=\"font-weight: bold;\">Fraccionar la alimentaci\u00f3n comiendo varias veces al d\u00eda y en vol\u00famenes moderados.<\/h3>\n<\/p><\/div>\n<div class=\"col-md-12 p-10 text-center\">\n<h3><a class=\"btn-orange recomanacions-tipus-cancer\" data-toggle=\"collapse\" href=\"#collapseExample-2\" role=\"button\" aria-expanded=\"false\" aria-controls=\"collapseExample\">Ampliar progresivamente la alimentaci\u00f3n cuando lo indique el onc\u00f3logo o dietista-nutricionista de referencia. <i class=\"fa fa-angle-down\" aria-hidden=\"true\"><\/i><br \/>\n            <\/a><\/h3>\n<div class=\"collapse\" id=\"collapseExample-2\">\n<div class=\"card-body\">\n<div class=\"row\">\n<div class=\"col-md-12 descrip\">\n<p>Esta alimentaci\u00f3n con restricci\u00f3n en fibra es pobre en vitaminas y minerales. Cuando se considere, se aconsejar\u00e1 al paciente una suplementaci\u00f3n multivitam\u00ednica para evitar deficiencias vitam\u00ednico-minerales a largo plazo.<\/p>\n<\/p><\/div>\n<\/p><\/div>\n<\/p><\/div>\n<\/p><\/div>\n<\/p><\/div>\n<\/p><\/div>\n","protected":false},"excerpt":{"rendered":"<p>Debido a la dificultad mec\u00e1nica del paso de las heces a trav\u00e9s del intestino, en ciertos casos existe riesgo de oclusi\u00f3n intestinal. El objetivo de las recomendaciones diet\u00e9ticas ser\u00e1 evitar un aumento del bolo fecal y as\u00ed disminuir el riesgo de presentar una suboclusi\u00f3n intestinal. Para ello se excluyen los alimentos ricos en fibra, tales&hellip; <a class=\"more-link\" href=\"https:\/\/oncoalicia.com\/es\/tipos-de-cancer\/colorrectal\/oclusion-intestinal\/\">Seguir leyendo <span class=\"screen-reader-text\">Recomendaciones diet\u00e9tico-culinarias para la oclusi\u00f3n intestinal en el c\u00e1ncer colorrectal<\/span><\/a><\/p>\n","protected":false},"author":2,"featured_media":0,"parent":3887,"menu_order":0,"comment_status":"closed","ping_status":"closed","template":"colon-oclusi\u00f3n-intestinal.php","meta":{"footnotes":""},"class_list":["post-3944","page","type-page","status-publish","hentry","entry"],"yoast_head":"<!-- This site is optimized with the Yoast SEO plugin v26.9 - https:\/\/yoast.com\/product\/yoast-seo-wordpress\/ -->\n<title>Alimentaci\u00f3n para pacientes de c\u00e1ncer colorrectal con oclusi\u00f3n intestinal - Oncoalicia<\/title>\n<meta name=\"description\" content=\"Consulta las recomendaciones alimentarias para personas con c\u00e1ncer colorrectal que est\u00e9n sufriendo oclusi\u00f3n intestinal derivada del tratamiento.\" \/>\n<meta name=\"robots\" content=\"index, follow, max-snippet:-1, max-image-preview:large, max-video-preview:-1\" \/>\n<link rel=\"canonical\" href=\"https:\/\/oncoalicia.com\/es\/tipos-de-cancer\/colorrectal\/oclusion-intestinal\/\" \/>\n<meta property=\"og:locale\" content=\"es_ES\" \/>\n<meta property=\"og:type\" content=\"article\" \/>\n<meta property=\"og:title\" content=\"Alimentaci\u00f3n para pacientes de c\u00e1ncer colorrectal con oclusi\u00f3n intestinal - Oncoalicia\" \/>\n<meta property=\"og:description\" content=\"Consulta las recomendaciones alimentarias para personas con c\u00e1ncer colorrectal que est\u00e9n sufriendo oclusi\u00f3n intestinal derivada del tratamiento.\" \/>\n<meta property=\"og:url\" content=\"https:\/\/oncoalicia.com\/es\/tipos-de-cancer\/colorrectal\/oclusion-intestinal\/\" \/>\n<meta property=\"og:site_name\" content=\"Oncoalicia\" \/>\n<meta property=\"article:modified_time\" content=\"2025-07-04T07:14:48+00:00\" \/>\n<meta property=\"og:image\" content=\"https:\/\/oncoalicia.com\/wp-content\/uploads\/2021\/12\/Asset-3.png\" \/>\n\t<meta property=\"og:image:width\" content=\"300\" \/>\n\t<meta property=\"og:image:height\" content=\"300\" \/>\n\t<meta property=\"og:image:type\" content=\"image\/png\" \/>\n<meta name=\"twitter:card\" content=\"summary_large_image\" \/>\n<meta name=\"twitter:label1\" content=\"Tiempo de lectura\" \/>\n\t<meta name=\"twitter:data1\" content=\"3 minutos\" \/>\n<script type=\"application\/ld+json\" class=\"yoast-schema-graph\">{\"@context\":\"https:\/\/schema.org\",\"@graph\":[{\"@type\":\"WebPage\",\"@id\":\"https:\/\/oncoalicia.com\/es\/tipos-de-cancer\/colorrectal\/oclusion-intestinal\/\",\"url\":\"https:\/\/oncoalicia.com\/es\/tipos-de-cancer\/colorrectal\/oclusion-intestinal\/\",\"name\":\"Alimentaci\u00f3n para pacientes de c\u00e1ncer colorrectal con oclusi\u00f3n intestinal - Oncoalicia\",\"isPartOf\":{\"@id\":\"https:\/\/oncoalicia.com\/es\/#website\"},\"datePublished\":\"2022-05-14T02:29:21+00:00\",\"dateModified\":\"2025-07-04T07:14:48+00:00\",\"description\":\"Consulta las recomendaciones alimentarias para personas con c\u00e1ncer colorrectal que est\u00e9n sufriendo oclusi\u00f3n intestinal derivada del tratamiento.\",\"breadcrumb\":{\"@id\":\"https:\/\/oncoalicia.com\/es\/tipos-de-cancer\/colorrectal\/oclusion-intestinal\/#breadcrumb\"},\"inLanguage\":\"es\",\"potentialAction\":[{\"@type\":\"ReadAction\",\"target\":[\"https:\/\/oncoalicia.com\/es\/tipos-de-cancer\/colorrectal\/oclusion-intestinal\/\"]}]},{\"@type\":\"BreadcrumbList\",\"@id\":\"https:\/\/oncoalicia.com\/es\/tipos-de-cancer\/colorrectal\/oclusion-intestinal\/#breadcrumb\",\"itemListElement\":[{\"@type\":\"ListItem\",\"position\":1,\"name\":\"Portada\",\"item\":\"https:\/\/oncoalicia.com\/es\/\"},{\"@type\":\"ListItem\",\"position\":2,\"name\":\"Tipos de c\u00e1ncer\",\"item\":\"https:\/\/oncoalicia.com\/es\/tipos-de-cancer\/\"},{\"@type\":\"ListItem\",\"position\":3,\"name\":\"Recomendaciones alimentarias durante el tratamiento del c\u00e1ncer colorrectal\",\"item\":\"https:\/\/oncoalicia.com\/es\/tipos-de-cancer\/colorrectal\/\"},{\"@type\":\"ListItem\",\"position\":4,\"name\":\"Recomendaciones diet\u00e9tico-culinarias para la oclusi\u00f3n intestinal en el c\u00e1ncer colorrectal\"}]},{\"@type\":\"WebSite\",\"@id\":\"https:\/\/oncoalicia.com\/es\/#website\",\"url\":\"https:\/\/oncoalicia.com\/es\/\",\"name\":\"Oncoal\u00edcia\",\"description\":\"Comer durante el Tratamiento del C\u00e1ncer\",\"publisher\":{\"@id\":\"https:\/\/oncoalicia.com\/es\/#organization\"},\"alternateName\":\"Oncoal\u00edcia | Comer durante el Tratamiento del C\u00e1ncer\",\"potentialAction\":[{\"@type\":\"SearchAction\",\"target\":{\"@type\":\"EntryPoint\",\"urlTemplate\":\"https:\/\/oncoalicia.com\/es\/?s={search_term_string}\"},\"query-input\":{\"@type\":\"PropertyValueSpecification\",\"valueRequired\":true,\"valueName\":\"search_term_string\"}}],\"inLanguage\":\"es\"},{\"@type\":\"Organization\",\"@id\":\"https:\/\/oncoalicia.com\/es\/#organization\",\"name\":\"Oncoal\u00edcia\",\"alternateName\":\"Oncoal\u00edcia | Comer durante el Tratamiento del C\u00e1ncer\",\"url\":\"https:\/\/oncoalicia.com\/es\/\",\"logo\":{\"@type\":\"ImageObject\",\"inLanguage\":\"es\",\"@id\":\"https:\/\/oncoalicia.com\/es\/#\/schema\/logo\/image\/\",\"url\":\"https:\/\/oncoalicia.com\/wp-content\/uploads\/2022\/11\/logo_rrss.png\",\"contentUrl\":\"https:\/\/oncoalicia.com\/wp-content\/uploads\/2022\/11\/logo_rrss.png\",\"width\":300,\"height\":300,\"caption\":\"Oncoal\u00edcia\"},\"image\":{\"@id\":\"https:\/\/oncoalicia.com\/es\/#\/schema\/logo\/image\/\"}}]}<\/script>\n<!-- \/ Yoast SEO plugin. -->","yoast_head_json":{"title":"Alimentaci\u00f3n para pacientes de c\u00e1ncer colorrectal con oclusi\u00f3n intestinal - Oncoalicia","description":"Consulta las recomendaciones alimentarias para personas con c\u00e1ncer colorrectal que est\u00e9n sufriendo oclusi\u00f3n intestinal derivada del tratamiento.","robots":{"index":"index","follow":"follow","max-snippet":"max-snippet:-1","max-image-preview":"max-image-preview:large","max-video-preview":"max-video-preview:-1"},"canonical":"https:\/\/oncoalicia.com\/es\/tipos-de-cancer\/colorrectal\/oclusion-intestinal\/","og_locale":"es_ES","og_type":"article","og_title":"Alimentaci\u00f3n para pacientes de c\u00e1ncer colorrectal con oclusi\u00f3n intestinal - Oncoalicia","og_description":"Consulta las recomendaciones alimentarias para personas con c\u00e1ncer colorrectal que est\u00e9n sufriendo oclusi\u00f3n intestinal derivada del tratamiento.","og_url":"https:\/\/oncoalicia.com\/es\/tipos-de-cancer\/colorrectal\/oclusion-intestinal\/","og_site_name":"Oncoalicia","article_modified_time":"2025-07-04T07:14:48+00:00","og_image":[{"width":300,"height":300,"url":"https:\/\/oncoalicia.com\/wp-content\/uploads\/2021\/12\/Asset-3.png","type":"image\/png"}],"twitter_card":"summary_large_image","twitter_misc":{"Tiempo de lectura":"3 minutos"},"schema":{"@context":"https:\/\/schema.org","@graph":[{"@type":"WebPage","@id":"https:\/\/oncoalicia.com\/es\/tipos-de-cancer\/colorrectal\/oclusion-intestinal\/","url":"https:\/\/oncoalicia.com\/es\/tipos-de-cancer\/colorrectal\/oclusion-intestinal\/","name":"Alimentaci\u00f3n para pacientes de c\u00e1ncer colorrectal con oclusi\u00f3n intestinal - Oncoalicia","isPartOf":{"@id":"https:\/\/oncoalicia.com\/es\/#website"},"datePublished":"2022-05-14T02:29:21+00:00","dateModified":"2025-07-04T07:14:48+00:00","description":"Consulta las recomendaciones alimentarias para personas con c\u00e1ncer colorrectal que est\u00e9n sufriendo oclusi\u00f3n intestinal derivada del tratamiento.","breadcrumb":{"@id":"https:\/\/oncoalicia.com\/es\/tipos-de-cancer\/colorrectal\/oclusion-intestinal\/#breadcrumb"},"inLanguage":"es","potentialAction":[{"@type":"ReadAction","target":["https:\/\/oncoalicia.com\/es\/tipos-de-cancer\/colorrectal\/oclusion-intestinal\/"]}]},{"@type":"BreadcrumbList","@id":"https:\/\/oncoalicia.com\/es\/tipos-de-cancer\/colorrectal\/oclusion-intestinal\/#breadcrumb","itemListElement":[{"@type":"ListItem","position":1,"name":"Portada","item":"https:\/\/oncoalicia.com\/es\/"},{"@type":"ListItem","position":2,"name":"Tipos de c\u00e1ncer","item":"https:\/\/oncoalicia.com\/es\/tipos-de-cancer\/"},{"@type":"ListItem","position":3,"name":"Recomendaciones alimentarias durante el tratamiento del c\u00e1ncer colorrectal","item":"https:\/\/oncoalicia.com\/es\/tipos-de-cancer\/colorrectal\/"},{"@type":"ListItem","position":4,"name":"Recomendaciones diet\u00e9tico-culinarias para la oclusi\u00f3n intestinal en el c\u00e1ncer colorrectal"}]},{"@type":"WebSite","@id":"https:\/\/oncoalicia.com\/es\/#website","url":"https:\/\/oncoalicia.com\/es\/","name":"Oncoal\u00edcia","description":"Comer durante el Tratamiento del C\u00e1ncer","publisher":{"@id":"https:\/\/oncoalicia.com\/es\/#organization"},"alternateName":"Oncoal\u00edcia | Comer durante el Tratamiento del C\u00e1ncer","potentialAction":[{"@type":"SearchAction","target":{"@type":"EntryPoint","urlTemplate":"https:\/\/oncoalicia.com\/es\/?s={search_term_string}"},"query-input":{"@type":"PropertyValueSpecification","valueRequired":true,"valueName":"search_term_string"}}],"inLanguage":"es"},{"@type":"Organization","@id":"https:\/\/oncoalicia.com\/es\/#organization","name":"Oncoal\u00edcia","alternateName":"Oncoal\u00edcia | Comer durante el Tratamiento del C\u00e1ncer","url":"https:\/\/oncoalicia.com\/es\/","logo":{"@type":"ImageObject","inLanguage":"es","@id":"https:\/\/oncoalicia.com\/es\/#\/schema\/logo\/image\/","url":"https:\/\/oncoalicia.com\/wp-content\/uploads\/2022\/11\/logo_rrss.png","contentUrl":"https:\/\/oncoalicia.com\/wp-content\/uploads\/2022\/11\/logo_rrss.png","width":300,"height":300,"caption":"Oncoal\u00edcia"},"image":{"@id":"https:\/\/oncoalicia.com\/es\/#\/schema\/logo\/image\/"}}]}},"_links":{"self":[{"href":"https:\/\/oncoalicia.com\/es\/wp-json\/wp\/v2\/pages\/3944","targetHints":{"allow":["GET"]}}],"collection":[{"href":"https:\/\/oncoalicia.com\/es\/wp-json\/wp\/v2\/pages"}],"about":[{"href":"https:\/\/oncoalicia.com\/es\/wp-json\/wp\/v2\/types\/page"}],"author":[{"embeddable":true,"href":"https:\/\/oncoalicia.com\/es\/wp-json\/wp\/v2\/users\/2"}],"replies":[{"embeddable":true,"href":"https:\/\/oncoalicia.com\/es\/wp-json\/wp\/v2\/comments?post=3944"}],"version-history":[{"count":0,"href":"https:\/\/oncoalicia.com\/es\/wp-json\/wp\/v2\/pages\/3944\/revisions"}],"up":[{"embeddable":true,"href":"https:\/\/oncoalicia.com\/es\/wp-json\/wp\/v2\/pages\/3887"}],"wp:attachment":[{"href":"https:\/\/oncoalicia.com\/es\/wp-json\/wp\/v2\/media?parent=3944"}],"curies":[{"name":"wp","href":"https:\/\/api.w.org\/{rel}","templated":true}]}}