{"id":3960,"date":"2022-09-05T02:58:00","date_gmt":"2022-09-05T02:58:00","guid":{"rendered":"https:\/\/www.oncoalicia.com\/alimentacion-durante-el-tratamiento-del-cancer-de-cabeza-y-cuello\/dificultad-para-deglutir\/dificultad-para-la-deglucion-en-solidos-y-liquidos\/"},"modified":"2025-07-04T07:08:50","modified_gmt":"2025-07-04T07:08:50","slug":"dificultad-para-la-deglucion-en-solidos-y-liquidos","status":"publish","type":"page","link":"https:\/\/oncoalicia.com\/es\/tipos-de-cancer\/cabeza-y-cuello\/dificultad-para-deglutir\/dificultad-para-la-deglucion-en-solidos-y-liquidos\/","title":{"rendered":"Recomendaciones diet\u00e9tico-culinarias para la dificultad para la degluci\u00f3n de l\u00edquidos y s\u00f3lidos en el c\u00e1ncer de cabeza y cuello"},"content":{"rendered":"<p>Se caracteriza por la dificultad de tragar tanto alimentos s\u00f3lidos como l\u00edquidos. En este caso ser\u00e1 necesario adaptar la textura de los s\u00f3lidos y modificar la viscosidad de los l\u00edquidos, considerando las recomendaciones incluidas en los apartados \u201cDisfagia a s\u00f3lidos\u201d y \u201cDisfagia a l\u00edquidos\u201d de esta misma secci\u00f3n. Se recomienda seguir las indicaciones del m\u00e9dico especialista o del equipo de nutrici\u00f3n referente.<\/p>\n","protected":false},"excerpt":{"rendered":"<p>Se caracteriza por la dificultad de tragar tanto alimentos s\u00f3lidos como l\u00edquidos. En este caso ser\u00e1 necesario adaptar la textura de los s\u00f3lidos y modificar la viscosidad de los l\u00edquidos, considerando las recomendaciones incluidas en los apartados \u201cDisfagia a s\u00f3lidos\u201d y \u201cDisfagia a l\u00edquidos\u201d de esta misma secci\u00f3n. Se recomienda seguir las indicaciones del m\u00e9dico&hellip; <a class=\"more-link\" href=\"https:\/\/oncoalicia.com\/es\/tipos-de-cancer\/cabeza-y-cuello\/dificultad-para-deglutir\/dificultad-para-la-deglucion-en-solidos-y-liquidos\/\">Seguir leyendo <span class=\"screen-reader-text\">Recomendaciones diet\u00e9tico-culinarias para la dificultad para la degluci\u00f3n de l\u00edquidos y s\u00f3lidos en el c\u00e1ncer de cabeza y cuello<\/span><\/a><\/p>\n","protected":false},"author":2,"featured_media":0,"parent":3958,"menu_order":0,"comment_status":"closed","ping_status":"closed","template":"cabeza-liquidos-solidos.php","meta":{"footnotes":""},"class_list":["post-3960","page","type-page","status-publish","hentry","entry"],"yoast_head":"<!-- This site is optimized with the Yoast SEO plugin v26.9 - https:\/\/yoast.com\/product\/yoast-seo-wordpress\/ -->\n<title>Alimentaci\u00f3n para pacientes de c\u00e1ncer de cabeza y cuello con dificultad para tragar s\u00f3lidos y l\u00edquidos - Oncoalicia<\/title>\n<meta name=\"description\" content=\"Consulta las recomendaciones alimentarias para personas con c\u00e1ncer de cabeza y cuello que est\u00e9n sufriendo dificultad para tragar s\u00f3lidos y l\u00edquidos derivada del tratamiento.\" \/>\n<meta name=\"robots\" content=\"index, follow, max-snippet:-1, max-image-preview:large, max-video-preview:-1\" \/>\n<link rel=\"canonical\" href=\"https:\/\/oncoalicia.com\/es\/tipos-de-cancer\/cabeza-y-cuello\/dificultad-para-deglutir\/dificultad-para-la-deglucion-en-solidos-y-liquidos\/\" \/>\n<meta property=\"og:locale\" content=\"es_ES\" \/>\n<meta property=\"og:type\" content=\"article\" \/>\n<meta property=\"og:title\" content=\"Alimentaci\u00f3n para pacientes de c\u00e1ncer de cabeza y cuello con dificultad para tragar s\u00f3lidos y l\u00edquidos - Oncoalicia\" \/>\n<meta property=\"og:description\" content=\"Consulta las recomendaciones alimentarias para personas con c\u00e1ncer de cabeza y cuello que est\u00e9n sufriendo dificultad para tragar s\u00f3lidos y l\u00edquidos derivada del tratamiento.\" \/>\n<meta property=\"og:url\" content=\"https:\/\/oncoalicia.com\/es\/tipos-de-cancer\/cabeza-y-cuello\/dificultad-para-deglutir\/dificultad-para-la-deglucion-en-solidos-y-liquidos\/\" \/>\n<meta property=\"og:site_name\" content=\"Oncoalicia\" \/>\n<meta property=\"article:modified_time\" content=\"2025-07-04T07:08:50+00:00\" \/>\n<meta property=\"og:image\" content=\"https:\/\/oncoalicia.com\/wp-content\/uploads\/2021\/12\/Asset-3.png\" \/>\n\t<meta property=\"og:image:width\" content=\"300\" \/>\n\t<meta property=\"og:image:height\" content=\"300\" \/>\n\t<meta property=\"og:image:type\" content=\"image\/png\" \/>\n<meta name=\"twitter:card\" content=\"summary_large_image\" \/>\n<meta name=\"twitter:label1\" content=\"Tiempo de lectura\" \/>\n\t<meta name=\"twitter:data1\" content=\"1 minuto\" \/>\n<script type=\"application\/ld+json\" class=\"yoast-schema-graph\">{\"@context\":\"https:\/\/schema.org\",\"@graph\":[{\"@type\":\"WebPage\",\"@id\":\"https:\/\/oncoalicia.com\/es\/tipos-de-cancer\/cabeza-y-cuello\/dificultad-para-deglutir\/dificultad-para-la-deglucion-en-solidos-y-liquidos\/\",\"url\":\"https:\/\/oncoalicia.com\/es\/tipos-de-cancer\/cabeza-y-cuello\/dificultad-para-deglutir\/dificultad-para-la-deglucion-en-solidos-y-liquidos\/\",\"name\":\"Alimentaci\u00f3n para pacientes de c\u00e1ncer de cabeza y cuello con dificultad para tragar s\u00f3lidos y l\u00edquidos - Oncoalicia\",\"isPartOf\":{\"@id\":\"https:\/\/oncoalicia.com\/es\/#website\"},\"datePublished\":\"2022-09-05T02:58:00+00:00\",\"dateModified\":\"2025-07-04T07:08:50+00:00\",\"description\":\"Consulta las recomendaciones alimentarias para personas con c\u00e1ncer de cabeza y cuello que est\u00e9n sufriendo dificultad para tragar s\u00f3lidos y l\u00edquidos derivada del tratamiento.\",\"breadcrumb\":{\"@id\":\"https:\/\/oncoalicia.com\/es\/tipos-de-cancer\/cabeza-y-cuello\/dificultad-para-deglutir\/dificultad-para-la-deglucion-en-solidos-y-liquidos\/#breadcrumb\"},\"inLanguage\":\"es\",\"potentialAction\":[{\"@type\":\"ReadAction\",\"target\":[\"https:\/\/oncoalicia.com\/es\/tipos-de-cancer\/cabeza-y-cuello\/dificultad-para-deglutir\/dificultad-para-la-deglucion-en-solidos-y-liquidos\/\"]}]},{\"@type\":\"BreadcrumbList\",\"@id\":\"https:\/\/oncoalicia.com\/es\/tipos-de-cancer\/cabeza-y-cuello\/dificultad-para-deglutir\/dificultad-para-la-deglucion-en-solidos-y-liquidos\/#breadcrumb\",\"itemListElement\":[{\"@type\":\"ListItem\",\"position\":1,\"name\":\"Portada\",\"item\":\"https:\/\/oncoalicia.com\/es\/\"},{\"@type\":\"ListItem\",\"position\":2,\"name\":\"Tipos de c\u00e1ncer\",\"item\":\"https:\/\/oncoalicia.com\/es\/tipos-de-cancer\/\"},{\"@type\":\"ListItem\",\"position\":3,\"name\":\"Recomendaciones alimentarias durante el tratamiento del c\u00e1ncer de cabeza y cuello\",\"item\":\"https:\/\/oncoalicia.com\/es\/tipos-de-cancer\/cabeza-y-cuello\/\"},{\"@type\":\"ListItem\",\"position\":4,\"name\":\"Recomendaciones diet\u00e9tico-culinarias para la dificultad de degluci\u00f3n en el c\u00e1ncer de cabeza y cuello\",\"item\":\"https:\/\/oncoalicia.com\/es\/tipos-de-cancer\/cabeza-y-cuello\/dificultad-para-deglutir\/\"},{\"@type\":\"ListItem\",\"position\":5,\"name\":\"Recomendaciones diet\u00e9tico-culinarias para la dificultad para la degluci\u00f3n de l\u00edquidos y s\u00f3lidos en el c\u00e1ncer de cabeza y cuello\"}]},{\"@type\":\"WebSite\",\"@id\":\"https:\/\/oncoalicia.com\/es\/#website\",\"url\":\"https:\/\/oncoalicia.com\/es\/\",\"name\":\"Oncoal\u00edcia\",\"description\":\"Comer durante el Tratamiento del C\u00e1ncer\",\"publisher\":{\"@id\":\"https:\/\/oncoalicia.com\/es\/#organization\"},\"alternateName\":\"Oncoal\u00edcia | Comer durante el Tratamiento del C\u00e1ncer\",\"potentialAction\":[{\"@type\":\"SearchAction\",\"target\":{\"@type\":\"EntryPoint\",\"urlTemplate\":\"https:\/\/oncoalicia.com\/es\/?s={search_term_string}\"},\"query-input\":{\"@type\":\"PropertyValueSpecification\",\"valueRequired\":true,\"valueName\":\"search_term_string\"}}],\"inLanguage\":\"es\"},{\"@type\":\"Organization\",\"@id\":\"https:\/\/oncoalicia.com\/es\/#organization\",\"name\":\"Oncoal\u00edcia\",\"alternateName\":\"Oncoal\u00edcia | Comer durante el Tratamiento del C\u00e1ncer\",\"url\":\"https:\/\/oncoalicia.com\/es\/\",\"logo\":{\"@type\":\"ImageObject\",\"inLanguage\":\"es\",\"@id\":\"https:\/\/oncoalicia.com\/es\/#\/schema\/logo\/image\/\",\"url\":\"https:\/\/oncoalicia.com\/wp-content\/uploads\/2022\/11\/logo_rrss.png\",\"contentUrl\":\"https:\/\/oncoalicia.com\/wp-content\/uploads\/2022\/11\/logo_rrss.png\",\"width\":300,\"height\":300,\"caption\":\"Oncoal\u00edcia\"},\"image\":{\"@id\":\"https:\/\/oncoalicia.com\/es\/#\/schema\/logo\/image\/\"}}]}<\/script>\n<!-- \/ Yoast SEO plugin. -->","yoast_head_json":{"title":"Alimentaci\u00f3n para pacientes de c\u00e1ncer de cabeza y cuello con dificultad para tragar s\u00f3lidos y l\u00edquidos - Oncoalicia","description":"Consulta las recomendaciones alimentarias para personas con c\u00e1ncer de cabeza y cuello que est\u00e9n sufriendo dificultad para tragar s\u00f3lidos y l\u00edquidos derivada del tratamiento.","robots":{"index":"index","follow":"follow","max-snippet":"max-snippet:-1","max-image-preview":"max-image-preview:large","max-video-preview":"max-video-preview:-1"},"canonical":"https:\/\/oncoalicia.com\/es\/tipos-de-cancer\/cabeza-y-cuello\/dificultad-para-deglutir\/dificultad-para-la-deglucion-en-solidos-y-liquidos\/","og_locale":"es_ES","og_type":"article","og_title":"Alimentaci\u00f3n para pacientes de c\u00e1ncer de cabeza y cuello con dificultad para tragar s\u00f3lidos y l\u00edquidos - Oncoalicia","og_description":"Consulta las recomendaciones alimentarias para personas con c\u00e1ncer de cabeza y cuello que est\u00e9n sufriendo dificultad para tragar s\u00f3lidos y l\u00edquidos derivada del tratamiento.","og_url":"https:\/\/oncoalicia.com\/es\/tipos-de-cancer\/cabeza-y-cuello\/dificultad-para-deglutir\/dificultad-para-la-deglucion-en-solidos-y-liquidos\/","og_site_name":"Oncoalicia","article_modified_time":"2025-07-04T07:08:50+00:00","og_image":[{"width":300,"height":300,"url":"https:\/\/oncoalicia.com\/wp-content\/uploads\/2021\/12\/Asset-3.png","type":"image\/png"}],"twitter_card":"summary_large_image","twitter_misc":{"Tiempo de lectura":"1 minuto"},"schema":{"@context":"https:\/\/schema.org","@graph":[{"@type":"WebPage","@id":"https:\/\/oncoalicia.com\/es\/tipos-de-cancer\/cabeza-y-cuello\/dificultad-para-deglutir\/dificultad-para-la-deglucion-en-solidos-y-liquidos\/","url":"https:\/\/oncoalicia.com\/es\/tipos-de-cancer\/cabeza-y-cuello\/dificultad-para-deglutir\/dificultad-para-la-deglucion-en-solidos-y-liquidos\/","name":"Alimentaci\u00f3n para pacientes de c\u00e1ncer de cabeza y cuello con dificultad para tragar s\u00f3lidos y l\u00edquidos - Oncoalicia","isPartOf":{"@id":"https:\/\/oncoalicia.com\/es\/#website"},"datePublished":"2022-09-05T02:58:00+00:00","dateModified":"2025-07-04T07:08:50+00:00","description":"Consulta las recomendaciones alimentarias para personas con c\u00e1ncer de cabeza y cuello que est\u00e9n sufriendo dificultad para tragar s\u00f3lidos y l\u00edquidos derivada del tratamiento.","breadcrumb":{"@id":"https:\/\/oncoalicia.com\/es\/tipos-de-cancer\/cabeza-y-cuello\/dificultad-para-deglutir\/dificultad-para-la-deglucion-en-solidos-y-liquidos\/#breadcrumb"},"inLanguage":"es","potentialAction":[{"@type":"ReadAction","target":["https:\/\/oncoalicia.com\/es\/tipos-de-cancer\/cabeza-y-cuello\/dificultad-para-deglutir\/dificultad-para-la-deglucion-en-solidos-y-liquidos\/"]}]},{"@type":"BreadcrumbList","@id":"https:\/\/oncoalicia.com\/es\/tipos-de-cancer\/cabeza-y-cuello\/dificultad-para-deglutir\/dificultad-para-la-deglucion-en-solidos-y-liquidos\/#breadcrumb","itemListElement":[{"@type":"ListItem","position":1,"name":"Portada","item":"https:\/\/oncoalicia.com\/es\/"},{"@type":"ListItem","position":2,"name":"Tipos de c\u00e1ncer","item":"https:\/\/oncoalicia.com\/es\/tipos-de-cancer\/"},{"@type":"ListItem","position":3,"name":"Recomendaciones alimentarias durante el tratamiento del c\u00e1ncer de cabeza y cuello","item":"https:\/\/oncoalicia.com\/es\/tipos-de-cancer\/cabeza-y-cuello\/"},{"@type":"ListItem","position":4,"name":"Recomendaciones diet\u00e9tico-culinarias para la dificultad de degluci\u00f3n en el c\u00e1ncer de cabeza y cuello","item":"https:\/\/oncoalicia.com\/es\/tipos-de-cancer\/cabeza-y-cuello\/dificultad-para-deglutir\/"},{"@type":"ListItem","position":5,"name":"Recomendaciones diet\u00e9tico-culinarias para la dificultad para la degluci\u00f3n de l\u00edquidos y s\u00f3lidos en el c\u00e1ncer de cabeza y cuello"}]},{"@type":"WebSite","@id":"https:\/\/oncoalicia.com\/es\/#website","url":"https:\/\/oncoalicia.com\/es\/","name":"Oncoal\u00edcia","description":"Comer durante el Tratamiento del C\u00e1ncer","publisher":{"@id":"https:\/\/oncoalicia.com\/es\/#organization"},"alternateName":"Oncoal\u00edcia | Comer durante el Tratamiento del C\u00e1ncer","potentialAction":[{"@type":"SearchAction","target":{"@type":"EntryPoint","urlTemplate":"https:\/\/oncoalicia.com\/es\/?s={search_term_string}"},"query-input":{"@type":"PropertyValueSpecification","valueRequired":true,"valueName":"search_term_string"}}],"inLanguage":"es"},{"@type":"Organization","@id":"https:\/\/oncoalicia.com\/es\/#organization","name":"Oncoal\u00edcia","alternateName":"Oncoal\u00edcia | Comer durante el Tratamiento del C\u00e1ncer","url":"https:\/\/oncoalicia.com\/es\/","logo":{"@type":"ImageObject","inLanguage":"es","@id":"https:\/\/oncoalicia.com\/es\/#\/schema\/logo\/image\/","url":"https:\/\/oncoalicia.com\/wp-content\/uploads\/2022\/11\/logo_rrss.png","contentUrl":"https:\/\/oncoalicia.com\/wp-content\/uploads\/2022\/11\/logo_rrss.png","width":300,"height":300,"caption":"Oncoal\u00edcia"},"image":{"@id":"https:\/\/oncoalicia.com\/es\/#\/schema\/logo\/image\/"}}]}},"_links":{"self":[{"href":"https:\/\/oncoalicia.com\/es\/wp-json\/wp\/v2\/pages\/3960","targetHints":{"allow":["GET"]}}],"collection":[{"href":"https:\/\/oncoalicia.com\/es\/wp-json\/wp\/v2\/pages"}],"about":[{"href":"https:\/\/oncoalicia.com\/es\/wp-json\/wp\/v2\/types\/page"}],"author":[{"embeddable":true,"href":"https:\/\/oncoalicia.com\/es\/wp-json\/wp\/v2\/users\/2"}],"replies":[{"embeddable":true,"href":"https:\/\/oncoalicia.com\/es\/wp-json\/wp\/v2\/comments?post=3960"}],"version-history":[{"count":0,"href":"https:\/\/oncoalicia.com\/es\/wp-json\/wp\/v2\/pages\/3960\/revisions"}],"up":[{"embeddable":true,"href":"https:\/\/oncoalicia.com\/es\/wp-json\/wp\/v2\/pages\/3958"}],"wp:attachment":[{"href":"https:\/\/oncoalicia.com\/es\/wp-json\/wp\/v2\/media?parent=3960"}],"curies":[{"name":"wp","href":"https:\/\/api.w.org\/{rel}","templated":true}]}}