{"id":3983,"date":"2021-12-21T02:09:11","date_gmt":"2021-12-21T02:09:11","guid":{"rendered":"https:\/\/www.oncoalicia.com\/tipo-de-cancer\/alimentacion-durante-el-tratamiento-del-cancer-de-mama\/"},"modified":"2025-07-04T07:31:56","modified_gmt":"2025-07-04T07:31:56","slug":"mama","status":"publish","type":"page","link":"https:\/\/oncoalicia.com\/es\/tipos-de-cancer\/mama\/","title":{"rendered":"Recomendaciones alimentarias en el c\u00e1ncer de mama"},"content":{"rendered":"<div class=\"row\">\n<div class=\"col-md-12 subtitle-mitos text-left\">\n<table>\n<tbody>\n<tr>\n<td class=\"full-width\" style=\"color: black;\">El <b>c\u00e1ncer de mama<\/b> engloba todos aquellos c\u00e1nceres que se originan en las diferentes partes de la mama. El tipo de c\u00e1ncer de mama depender\u00e1 de qu\u00e9 c\u00e9lulas de la mama se vuelvan cancerosas. Esto ocurre casi exclusivamente en mujeres, pero tambi\u00e9n puede aparecer en hombres.<br \/>\nA pesar de que cada caso es diferente y que la tolerancia al tratamiento depende de varios factores (caracter\u00edsticas individuales, dosis administrada, etc.), las personas afectadas pueden experimentar diferentes efectos secundarios. Entre otros, el tratamiento del c\u00e1ncer de mama puede suponer un aumento de peso, b\u00e1sicamente debido al desorden hormonal que provoca el tratamiento y a la retenci\u00f3n de l\u00edquidos.<\/td>\n<td class=\"full-width espaciado\" style=\"text-align:center;\"><img decoding=\"async\" class=\"alignnone wp-image-1605 size-medium\" src=\"http:\/\/oncoalicia.com\/wp-content\/uploads\/2023\/02\/Mamas-1.png\" alt=\"\" width=\"280\" height=\"auto\"><\/td>\n<\/tr>\n<\/tbody>\n<\/table>\n<p class=\"p1\">Las prioridades alimentarias durante el tratamiento del c\u00e1ncer de mama son mantener un peso adecuado y un buen estado nutricional para hacer frente a la enfermedad y recuperarse de la mejor forma.<span class=\"Apple-converted-space\"> <\/span><\/p>\n<p class=\"p1\">Adem\u00e1s de seguir las <a href=\"\/es\/recomendaciones-generales\/\"><b>\u201cRecomendaciones generales sobre alimentaci\u00f3n durante el tratamiento del c\u00e1ncer\u201d<\/b><\/a>, en el c\u00e1ncer de mama hay que reforzar y considerar:<\/p>\n<\/div>\n<\/div>\n<div class=\"row\">\n<div class=\"col-md-12 orange-box\">\n<ul>\n<li><b>Consultar la adecuaci\u00f3n del consumo de soja,<\/b> sus derivados y aquellos productos que la contienen como ingrediente principal, desde la soja como legumbre, la bebida vegetal de soja, el tofu, etc. La soja o los suplementos de isoflavonas, en algunos casos concretos, podr\u00edan competir con los f\u00e1rmacos que modulan los receptores estrog\u00e9nicos, por lo que ser\u00e1 necesario consultar siempre al onc\u00f3logo referente en cada caso concreto. Este consejo solo es aplicable a los alimentos a base de soja y no a aquellos productos que contienen trazas de soja o componentes que se utilizan como aditivos.<\/li>\n<li><b>Limitar los alimentos con un elevado contenido en grasa, sal y tambi\u00e9n az\u00facar.<\/b> En el c\u00e1ncer de mama es frecuente que se d\u00e9 un aumento del peso durante el tratamiento, aunque la ingesta de alimentos sea inferior a lo habitual. Se recomienda limitar el consumo de comidas precocinadas, boller\u00eda industrial, dulces, refrescos azucarados o snacks muy salados, ya que aportan menos nutrientes imprescindibles y a su vez m\u00e1s energ\u00eda, lo que podr\u00eda contribuir al aumento de peso.<\/li>\n<li><b>Verificar si existe alguna interacci\u00f3n alimento-medicamento.<\/b> En este tipo de c\u00e1ncer se han descrito posibles interacciones con plantas y hierbas, como la equin\u00e1cea, el hip\u00e9rico, el aceite de onagro, la valeriana o las semillas de uva, y tambi\u00e9n con alimentos como el pomelo y su zumo, y las bebidas alcoh\u00f3licas. Estas interacciones podr\u00edan darse seg\u00fan el tratamiento prescrito, por lo que ser\u00e1 necesario consultar siempre al especialista cada caso concreto.<\/li>\n<li><b>Adaptar la alimentaci\u00f3n a los posibles efectos secundarios o s\u00edntomas derivados del tratamiento<\/b> a partir de las siguientes recomendaciones diet\u00e9tico-culinarias para cada uno de ellos.<\/li>\n<\/ul>\n<\/div>\n<\/div>\n<\/div>\n<\/section>\n<section class=\"mt-30\">\n<div class=\"container\">\n<div class=\"row\">\n<h2 class=\"col-md-12 txt-2 text-center\">Efectos secundarios y s\u00edntomas m\u00e1s frecuentes<\/h2>\n<\/p><\/div>\n<div class=\"col-md-12\">\n<div class=\"row space-efect\">\n<div class=\"col-md-3\">\n                    <a style=\"text-decoration: none;\" href=\"\/es\/tipos-de-cancer\/mama\/aumento-de-peso\/\"><\/p>\n<div class=\"cuadro-efecto text-center\">\n<div class=\"txt-efect\">Aumento de peso\n                            <\/div>\n<div class=\"flecha\">\n                                <i class=\"fa fa-chevron-right\" aria-hidden=\"true\"><\/i>\n                            <\/div>\n<\/p><\/div>\n<p>                    <\/a>\n                <\/div>\n<div class=\"col-md-3\">\n                    <a style=\"text-decoration: none;\" href=\"http:\/\/oncoalicia.com\/es\/tipos-de-cancer\/mama\/retencion-de-liquidos\/\"><\/p>\n<div class=\"cuadro-efecto text-center\">\n<div class=\"txt-efect\">Retenci\u00f3n de l\u00edquidos\n                            <\/div>\n<div class=\"flecha\">\n                                <i class=\"fa fa-chevron-right\" aria-hidden=\"true\"><\/i>\n                            <\/div>\n<\/p><\/div>\n<p>                    <\/a>\n                <\/div>\n<div class=\"col-md-3\">\n                    <a style=\"text-decoration: none;\" href=\"http:\/\/oncoalicia.com\/es\/tipos-de-cancer\/mama\/alteracion-del-gusto\/\"><\/p>\n<div class=\"cuadro-efecto text-center\">\n<div class=\"txt-efect\">Alteraci\u00f3n del gusto\n                            <\/div>\n<div class=\"flecha\">\n                                <i class=\"fa fa-chevron-right\" aria-hidden=\"true\"><\/i>\n                            <\/div>\n<\/p><\/div>\n<p>                    <\/a>\n                <\/div>\n<div class=\"col-md-3\">\n                    <a style=\"text-decoration: none;\" href=\"http:\/\/oncoalicia.com\/es\/tipos-de-cancer\/mama\/estrenimiento\/\"><\/p>\n<div class=\"cuadro-efecto text-center\">\n<div class=\"txt-efect\">Estre\u00f1imiento\n                            <\/div>\n<div class=\"flecha\">\n                                <i class=\"fa fa-chevron-right\" aria-hidden=\"true\"><\/i>\n                            <\/div>\n<\/p><\/div>\n<p>                    <\/a>\n                <\/div>\n<\/p><\/div>\n<div class=\"row space-efect\">\n<div class=\"col-md-1\">\n                <\/div>\n<div class=\"col-md-3\">\n                    <a style=\"text-decoration: none;\" href=\"http:\/\/oncoalicia.com\/es\/tipos-de-cancer\/mama\/boca-seca\/\"><\/p>\n<div class=\"cuadro-efecto text-center\">\n<div class=\"txt-efect\">Boca seca\n                            <\/div>\n<div class=\"flecha\">\n                                <i class=\"fa fa-chevron-right\" aria-hidden=\"true\"><\/i>\n                            <\/div>\n<\/p><\/div>\n<p>                    <\/a>\n                <\/div>\n<div class=\"col-md-3\">\n                    <a style=\"text-decoration: none;\" href=\"https:\/\/oncoalicia.com\/es\/tipos-de-cancer\/mama\/nauseas-y-vomitos\/\"><\/p>\n<div class=\"cuadro-efecto text-center\">\n<div class=\"txt-efect\">N\u00e1useas y v\u00f3mitos\n                            <\/div>\n<div class=\"flecha\">\n                                <i class=\"fa fa-chevron-right\" aria-hidden=\"true\"><\/i>\n                            <\/div>\n<\/p><\/div>\n<p>                    <\/a>\n                <\/div>\n<div class=\"col-md-3\">\n                    <a style=\"text-decoration: none;\" href=\"http:\/\/oncoalicia.com\/es\/tipos-de-cancer\/mama\/lagas-en-la-boca-y-o-garganta\/\"><\/p>\n<div class=\"cuadro-efecto text-center\">\n<div class=\"txt-efect\">Llagas en boca y\/o garganta\n                            <\/div>\n<div class=\"flecha\">\n                                <i class=\"fa fa-chevron-right\" aria-hidden=\"true\"><\/i>\n                            <\/div>\n<\/p><\/div>\n<p>                    <\/a>\n                <\/div>\n<div class=\"col-md-1\">\n                <\/div>\n<\/p><\/div>\n<\/p><\/div>\n<\/p><\/div>\n<\/section>\n<section class=\"descarga\">\n<div class=\"container\">\n<div class=\"row\">\n<div class=\"col-md-12 text-center\">\n            <img decoding=\"async\" class=\"img-fluid\" src=\"http:\/\/oncoalicia.com\/wp-content\/uploads\/2023\/01\/Guies_alicia_3.jpg\" width=\"200\" height=\"auto\">\n        <\/div>\n<div class=\"col-md-12 text-center\">\n            <a class=\"guia-dw\" target=\"_blank\" href=\"http:\/\/oncoalicia.com\/wp-content\/uploads\/2023\/01\/3.-Guies_alicia_3-ESP.pdf\" rel=\"noopener\">Descarga la gu\u00eda completa <i class=\"fa fa-arrow-down\" aria-hidden=\"true\"><\/i><br \/>\n            <\/a>\n        <\/div>\n<\/p><\/div>\n<\/p><\/div>\n<\/section>\n","protected":false},"excerpt":{"rendered":"<p>El c\u00e1ncer de mama engloba todos aquellos c\u00e1nceres que se originan en las diferentes partes de la mama. El tipo de c\u00e1ncer de mama depender\u00e1 de qu\u00e9 c\u00e9lulas de la mama se vuelvan cancerosas. Esto ocurre casi exclusivamente en mujeres, pero tambi\u00e9n puede aparecer en hombres. A pesar de que cada caso es diferente y&hellip; <a class=\"more-link\" href=\"https:\/\/oncoalicia.com\/es\/tipos-de-cancer\/mama\/\">Seguir leyendo <span class=\"screen-reader-text\">Recomendaciones alimentarias en el c\u00e1ncer de mama<\/span><\/a><\/p>\n","protected":false},"author":2,"featured_media":0,"parent":3920,"menu_order":0,"comment_status":"closed","ping_status":"closed","template":"mama.php","meta":{"footnotes":""},"class_list":["post-3983","page","type-page","status-publish","hentry","entry"],"yoast_head":"<!-- This site is optimized with the Yoast SEO plugin v26.9 - https:\/\/yoast.com\/product\/yoast-seo-wordpress\/ -->\n<title>Alimentaci\u00f3n para pacientes con c\u00e1ncer de mama - Oncoalicia<\/title>\n<meta name=\"description\" content=\"Distintas recomendaciones alimentarias para personas que est\u00e1n con tratamiento contra el c\u00e1ncer de mama.\" \/>\n<meta name=\"robots\" content=\"index, follow, max-snippet:-1, max-image-preview:large, max-video-preview:-1\" \/>\n<link rel=\"canonical\" href=\"https:\/\/oncoalicia.com\/es\/tipos-de-cancer\/mama\/\" \/>\n<meta property=\"og:locale\" content=\"es_ES\" \/>\n<meta property=\"og:type\" content=\"article\" \/>\n<meta property=\"og:title\" content=\"Alimentaci\u00f3n para pacientes con c\u00e1ncer de mama - Oncoalicia\" \/>\n<meta property=\"og:description\" content=\"Distintas recomendaciones alimentarias para personas que est\u00e1n con tratamiento contra el c\u00e1ncer de mama.\" \/>\n<meta property=\"og:url\" content=\"https:\/\/oncoalicia.com\/es\/tipos-de-cancer\/mama\/\" \/>\n<meta property=\"og:site_name\" content=\"Oncoalicia\" \/>\n<meta property=\"article:modified_time\" content=\"2025-07-04T07:31:56+00:00\" \/>\n<meta property=\"og:image\" content=\"https:\/\/oncoalicia.com\/wp-content\/uploads\/2022\/06\/mama.png\" \/>\n\t<meta property=\"og:image:width\" content=\"261\" \/>\n\t<meta property=\"og:image:height\" content=\"365\" \/>\n\t<meta property=\"og:image:type\" content=\"image\/png\" \/>\n<meta name=\"twitter:card\" content=\"summary_large_image\" \/>\n<meta name=\"twitter:label1\" content=\"Tiempo de lectura\" \/>\n\t<meta name=\"twitter:data1\" content=\"3 minutos\" \/>\n<script type=\"application\/ld+json\" class=\"yoast-schema-graph\">{\"@context\":\"https:\/\/schema.org\",\"@graph\":[{\"@type\":\"WebPage\",\"@id\":\"https:\/\/oncoalicia.com\/es\/tipos-de-cancer\/mama\/\",\"url\":\"https:\/\/oncoalicia.com\/es\/tipos-de-cancer\/mama\/\",\"name\":\"Alimentaci\u00f3n para pacientes con c\u00e1ncer de mama - Oncoalicia\",\"isPartOf\":{\"@id\":\"https:\/\/oncoalicia.com\/es\/#website\"},\"primaryImageOfPage\":{\"@id\":\"https:\/\/oncoalicia.com\/es\/tipos-de-cancer\/mama\/#primaryimage\"},\"image\":{\"@id\":\"https:\/\/oncoalicia.com\/es\/tipos-de-cancer\/mama\/#primaryimage\"},\"thumbnailUrl\":\"http:\/\/oncoalicia.com\/wp-content\/uploads\/2023\/02\/Mamas-1.png\",\"datePublished\":\"2021-12-21T02:09:11+00:00\",\"dateModified\":\"2025-07-04T07:31:56+00:00\",\"description\":\"Distintas recomendaciones alimentarias para personas que est\u00e1n con tratamiento contra el c\u00e1ncer de mama.\",\"breadcrumb\":{\"@id\":\"https:\/\/oncoalicia.com\/es\/tipos-de-cancer\/mama\/#breadcrumb\"},\"inLanguage\":\"es\",\"potentialAction\":[{\"@type\":\"ReadAction\",\"target\":[\"https:\/\/oncoalicia.com\/es\/tipos-de-cancer\/mama\/\"]}]},{\"@type\":\"ImageObject\",\"inLanguage\":\"es\",\"@id\":\"https:\/\/oncoalicia.com\/es\/tipos-de-cancer\/mama\/#primaryimage\",\"url\":\"http:\/\/oncoalicia.com\/wp-content\/uploads\/2023\/02\/Mamas-1.png\",\"contentUrl\":\"http:\/\/oncoalicia.com\/wp-content\/uploads\/2023\/02\/Mamas-1.png\"},{\"@type\":\"BreadcrumbList\",\"@id\":\"https:\/\/oncoalicia.com\/es\/tipos-de-cancer\/mama\/#breadcrumb\",\"itemListElement\":[{\"@type\":\"ListItem\",\"position\":1,\"name\":\"Portada\",\"item\":\"https:\/\/oncoalicia.com\/es\/\"},{\"@type\":\"ListItem\",\"position\":2,\"name\":\"Tipos de c\u00e1ncer\",\"item\":\"https:\/\/oncoalicia.com\/es\/tipos-de-cancer\/\"},{\"@type\":\"ListItem\",\"position\":3,\"name\":\"Recomendaciones alimentarias en el c\u00e1ncer de mama\"}]},{\"@type\":\"WebSite\",\"@id\":\"https:\/\/oncoalicia.com\/es\/#website\",\"url\":\"https:\/\/oncoalicia.com\/es\/\",\"name\":\"Oncoal\u00edcia\",\"description\":\"Comer durante el Tratamiento del C\u00e1ncer\",\"publisher\":{\"@id\":\"https:\/\/oncoalicia.com\/es\/#organization\"},\"alternateName\":\"Oncoal\u00edcia | Comer durante el Tratamiento del C\u00e1ncer\",\"potentialAction\":[{\"@type\":\"SearchAction\",\"target\":{\"@type\":\"EntryPoint\",\"urlTemplate\":\"https:\/\/oncoalicia.com\/es\/?s={search_term_string}\"},\"query-input\":{\"@type\":\"PropertyValueSpecification\",\"valueRequired\":true,\"valueName\":\"search_term_string\"}}],\"inLanguage\":\"es\"},{\"@type\":\"Organization\",\"@id\":\"https:\/\/oncoalicia.com\/es\/#organization\",\"name\":\"Oncoal\u00edcia\",\"alternateName\":\"Oncoal\u00edcia | Comer durante el Tratamiento del C\u00e1ncer\",\"url\":\"https:\/\/oncoalicia.com\/es\/\",\"logo\":{\"@type\":\"ImageObject\",\"inLanguage\":\"es\",\"@id\":\"https:\/\/oncoalicia.com\/es\/#\/schema\/logo\/image\/\",\"url\":\"https:\/\/oncoalicia.com\/wp-content\/uploads\/2022\/11\/logo_rrss.png\",\"contentUrl\":\"https:\/\/oncoalicia.com\/wp-content\/uploads\/2022\/11\/logo_rrss.png\",\"width\":300,\"height\":300,\"caption\":\"Oncoal\u00edcia\"},\"image\":{\"@id\":\"https:\/\/oncoalicia.com\/es\/#\/schema\/logo\/image\/\"}}]}<\/script>\n<!-- \/ Yoast SEO plugin. -->","yoast_head_json":{"title":"Alimentaci\u00f3n para pacientes con c\u00e1ncer de mama - Oncoalicia","description":"Distintas recomendaciones alimentarias para personas que est\u00e1n con tratamiento contra el c\u00e1ncer de mama.","robots":{"index":"index","follow":"follow","max-snippet":"max-snippet:-1","max-image-preview":"max-image-preview:large","max-video-preview":"max-video-preview:-1"},"canonical":"https:\/\/oncoalicia.com\/es\/tipos-de-cancer\/mama\/","og_locale":"es_ES","og_type":"article","og_title":"Alimentaci\u00f3n para pacientes con c\u00e1ncer de mama - Oncoalicia","og_description":"Distintas recomendaciones alimentarias para personas que est\u00e1n con tratamiento contra el c\u00e1ncer de mama.","og_url":"https:\/\/oncoalicia.com\/es\/tipos-de-cancer\/mama\/","og_site_name":"Oncoalicia","article_modified_time":"2025-07-04T07:31:56+00:00","og_image":[{"width":261,"height":365,"url":"https:\/\/oncoalicia.com\/wp-content\/uploads\/2022\/06\/mama.png","type":"image\/png"}],"twitter_card":"summary_large_image","twitter_misc":{"Tiempo de lectura":"3 minutos"},"schema":{"@context":"https:\/\/schema.org","@graph":[{"@type":"WebPage","@id":"https:\/\/oncoalicia.com\/es\/tipos-de-cancer\/mama\/","url":"https:\/\/oncoalicia.com\/es\/tipos-de-cancer\/mama\/","name":"Alimentaci\u00f3n para pacientes con c\u00e1ncer de mama - Oncoalicia","isPartOf":{"@id":"https:\/\/oncoalicia.com\/es\/#website"},"primaryImageOfPage":{"@id":"https:\/\/oncoalicia.com\/es\/tipos-de-cancer\/mama\/#primaryimage"},"image":{"@id":"https:\/\/oncoalicia.com\/es\/tipos-de-cancer\/mama\/#primaryimage"},"thumbnailUrl":"http:\/\/oncoalicia.com\/wp-content\/uploads\/2023\/02\/Mamas-1.png","datePublished":"2021-12-21T02:09:11+00:00","dateModified":"2025-07-04T07:31:56+00:00","description":"Distintas recomendaciones alimentarias para personas que est\u00e1n con tratamiento contra el c\u00e1ncer de mama.","breadcrumb":{"@id":"https:\/\/oncoalicia.com\/es\/tipos-de-cancer\/mama\/#breadcrumb"},"inLanguage":"es","potentialAction":[{"@type":"ReadAction","target":["https:\/\/oncoalicia.com\/es\/tipos-de-cancer\/mama\/"]}]},{"@type":"ImageObject","inLanguage":"es","@id":"https:\/\/oncoalicia.com\/es\/tipos-de-cancer\/mama\/#primaryimage","url":"http:\/\/oncoalicia.com\/wp-content\/uploads\/2023\/02\/Mamas-1.png","contentUrl":"http:\/\/oncoalicia.com\/wp-content\/uploads\/2023\/02\/Mamas-1.png"},{"@type":"BreadcrumbList","@id":"https:\/\/oncoalicia.com\/es\/tipos-de-cancer\/mama\/#breadcrumb","itemListElement":[{"@type":"ListItem","position":1,"name":"Portada","item":"https:\/\/oncoalicia.com\/es\/"},{"@type":"ListItem","position":2,"name":"Tipos de c\u00e1ncer","item":"https:\/\/oncoalicia.com\/es\/tipos-de-cancer\/"},{"@type":"ListItem","position":3,"name":"Recomendaciones alimentarias en el c\u00e1ncer de mama"}]},{"@type":"WebSite","@id":"https:\/\/oncoalicia.com\/es\/#website","url":"https:\/\/oncoalicia.com\/es\/","name":"Oncoal\u00edcia","description":"Comer durante el Tratamiento del C\u00e1ncer","publisher":{"@id":"https:\/\/oncoalicia.com\/es\/#organization"},"alternateName":"Oncoal\u00edcia | Comer durante el Tratamiento del C\u00e1ncer","potentialAction":[{"@type":"SearchAction","target":{"@type":"EntryPoint","urlTemplate":"https:\/\/oncoalicia.com\/es\/?s={search_term_string}"},"query-input":{"@type":"PropertyValueSpecification","valueRequired":true,"valueName":"search_term_string"}}],"inLanguage":"es"},{"@type":"Organization","@id":"https:\/\/oncoalicia.com\/es\/#organization","name":"Oncoal\u00edcia","alternateName":"Oncoal\u00edcia | Comer durante el Tratamiento del C\u00e1ncer","url":"https:\/\/oncoalicia.com\/es\/","logo":{"@type":"ImageObject","inLanguage":"es","@id":"https:\/\/oncoalicia.com\/es\/#\/schema\/logo\/image\/","url":"https:\/\/oncoalicia.com\/wp-content\/uploads\/2022\/11\/logo_rrss.png","contentUrl":"https:\/\/oncoalicia.com\/wp-content\/uploads\/2022\/11\/logo_rrss.png","width":300,"height":300,"caption":"Oncoal\u00edcia"},"image":{"@id":"https:\/\/oncoalicia.com\/es\/#\/schema\/logo\/image\/"}}]}},"_links":{"self":[{"href":"https:\/\/oncoalicia.com\/es\/wp-json\/wp\/v2\/pages\/3983","targetHints":{"allow":["GET"]}}],"collection":[{"href":"https:\/\/oncoalicia.com\/es\/wp-json\/wp\/v2\/pages"}],"about":[{"href":"https:\/\/oncoalicia.com\/es\/wp-json\/wp\/v2\/types\/page"}],"author":[{"embeddable":true,"href":"https:\/\/oncoalicia.com\/es\/wp-json\/wp\/v2\/users\/2"}],"replies":[{"embeddable":true,"href":"https:\/\/oncoalicia.com\/es\/wp-json\/wp\/v2\/comments?post=3983"}],"version-history":[{"count":0,"href":"https:\/\/oncoalicia.com\/es\/wp-json\/wp\/v2\/pages\/3983\/revisions"}],"up":[{"embeddable":true,"href":"https:\/\/oncoalicia.com\/es\/wp-json\/wp\/v2\/pages\/3920"}],"wp:attachment":[{"href":"https:\/\/oncoalicia.com\/es\/wp-json\/wp\/v2\/media?parent=3983"}],"curies":[{"name":"wp","href":"https:\/\/api.w.org\/{rel}","templated":true}]}}