{"id":3985,"date":"2022-05-11T23:53:55","date_gmt":"2022-05-11T23:53:55","guid":{"rendered":"https:\/\/www.oncoalicia.com\/tipo-de-cancer\/alimentacion-durante-el-tratamiento-del-cancer-de-mama\/alteracion-del-gusto\/"},"modified":"2025-07-04T07:32:13","modified_gmt":"2025-07-04T07:32:13","slug":"alteracion-del-gusto","status":"publish","type":"page","link":"https:\/\/oncoalicia.com\/es\/tipos-de-cancer\/mama\/alteracion-del-gusto\/","title":{"rendered":"Recomendaciones diet\u00e9tico-culinarias para la alteraci\u00f3n del sabor el c\u00e1ncer de mama"},"content":{"rendered":"<p>La modificaci\u00f3n del sabor de determinados alimentos se produce por los efectos que tienen la quimioterapia y la radioterapia sobre las papilas gustativas, situadas en la cavidad oral. En funci\u00f3n del tratamiento, su recuperaci\u00f3n puede ser variable, aunque suelen desaparecer a las semanas de haberlo finalizado. Estas alteraciones pueden favorecer que la persona deje de disfrutar de la comida porque le resulta desagradable, limitando as\u00ed el seguimiento de una alimentaci\u00f3n equilibrada y suficiente.<\/p>\n","protected":false},"excerpt":{"rendered":"<p>La modificaci\u00f3n del sabor de determinados alimentos se produce por los efectos que tienen la quimioterapia y la radioterapia sobre las papilas gustativas, situadas en la cavidad oral. En funci\u00f3n del tratamiento, su recuperaci\u00f3n puede ser variable, aunque suelen desaparecer a las semanas de haberlo finalizado. Estas alteraciones pueden favorecer que la persona deje de&hellip; <a class=\"more-link\" href=\"https:\/\/oncoalicia.com\/es\/tipos-de-cancer\/mama\/alteracion-del-gusto\/\">Seguir leyendo <span class=\"screen-reader-text\">Recomendaciones diet\u00e9tico-culinarias para la alteraci\u00f3n del sabor el c\u00e1ncer de mama<\/span><\/a><\/p>\n","protected":false},"author":2,"featured_media":0,"parent":3983,"menu_order":0,"comment_status":"closed","ping_status":"closed","template":"mama-alteracion-del-gusto.php","meta":{"footnotes":""},"class_list":["post-3985","page","type-page","status-publish","hentry","entry"],"yoast_head":"<!-- This site is optimized with the Yoast SEO plugin v26.9 - https:\/\/yoast.com\/product\/yoast-seo-wordpress\/ -->\n<title>\u00bfC\u00f3mo altera el sabor el tratamiento de c\u00e1ncer de mama? - Oncoalicia<\/title>\n<meta name=\"description\" content=\"Descubre c\u00f3mo se manifiesta la alteraci\u00f3n del sabor en las personas que est\u00e1n con tratamiento contra el c\u00e1ncer de mama.\" \/>\n<meta name=\"robots\" content=\"index, follow, max-snippet:-1, max-image-preview:large, max-video-preview:-1\" \/>\n<link rel=\"canonical\" href=\"https:\/\/oncoalicia.com\/es\/tipos-de-cancer\/mama\/alteracion-del-gusto\/\" \/>\n<meta property=\"og:locale\" content=\"es_ES\" \/>\n<meta property=\"og:type\" content=\"article\" \/>\n<meta property=\"og:title\" content=\"\u00bfC\u00f3mo altera el sabor el tratamiento de c\u00e1ncer de mama? - Oncoalicia\" \/>\n<meta property=\"og:description\" content=\"Descubre c\u00f3mo se manifiesta la alteraci\u00f3n del sabor en las personas que est\u00e1n con tratamiento contra el c\u00e1ncer de mama.\" \/>\n<meta property=\"og:url\" content=\"https:\/\/oncoalicia.com\/es\/tipos-de-cancer\/mama\/alteracion-del-gusto\/\" \/>\n<meta property=\"og:site_name\" content=\"Oncoalicia\" \/>\n<meta property=\"article:modified_time\" content=\"2025-07-04T07:32:13+00:00\" \/>\n<meta property=\"og:image\" content=\"https:\/\/oncoalicia.com\/wp-content\/uploads\/2021\/12\/Asset-3.png\" \/>\n\t<meta property=\"og:image:width\" content=\"300\" \/>\n\t<meta property=\"og:image:height\" content=\"300\" \/>\n\t<meta property=\"og:image:type\" content=\"image\/png\" \/>\n<meta name=\"twitter:card\" content=\"summary_large_image\" \/>\n<meta name=\"twitter:label1\" content=\"Tiempo de lectura\" \/>\n\t<meta name=\"twitter:data1\" content=\"1 minuto\" \/>\n<script type=\"application\/ld+json\" class=\"yoast-schema-graph\">{\"@context\":\"https:\/\/schema.org\",\"@graph\":[{\"@type\":\"WebPage\",\"@id\":\"https:\/\/oncoalicia.com\/es\/tipos-de-cancer\/mama\/alteracion-del-gusto\/\",\"url\":\"https:\/\/oncoalicia.com\/es\/tipos-de-cancer\/mama\/alteracion-del-gusto\/\",\"name\":\"\u00bfC\u00f3mo altera el sabor el tratamiento de c\u00e1ncer de mama? - Oncoalicia\",\"isPartOf\":{\"@id\":\"https:\/\/oncoalicia.com\/es\/#website\"},\"datePublished\":\"2022-05-11T23:53:55+00:00\",\"dateModified\":\"2025-07-04T07:32:13+00:00\",\"description\":\"Descubre c\u00f3mo se manifiesta la alteraci\u00f3n del sabor en las personas que est\u00e1n con tratamiento contra el c\u00e1ncer de mama.\",\"breadcrumb\":{\"@id\":\"https:\/\/oncoalicia.com\/es\/tipos-de-cancer\/mama\/alteracion-del-gusto\/#breadcrumb\"},\"inLanguage\":\"es\",\"potentialAction\":[{\"@type\":\"ReadAction\",\"target\":[\"https:\/\/oncoalicia.com\/es\/tipos-de-cancer\/mama\/alteracion-del-gusto\/\"]}]},{\"@type\":\"BreadcrumbList\",\"@id\":\"https:\/\/oncoalicia.com\/es\/tipos-de-cancer\/mama\/alteracion-del-gusto\/#breadcrumb\",\"itemListElement\":[{\"@type\":\"ListItem\",\"position\":1,\"name\":\"Portada\",\"item\":\"https:\/\/oncoalicia.com\/es\/\"},{\"@type\":\"ListItem\",\"position\":2,\"name\":\"Tipos de c\u00e1ncer\",\"item\":\"https:\/\/oncoalicia.com\/es\/tipos-de-cancer\/\"},{\"@type\":\"ListItem\",\"position\":3,\"name\":\"Recomendaciones alimentarias en el c\u00e1ncer de mama\",\"item\":\"https:\/\/oncoalicia.com\/es\/tipos-de-cancer\/mama\/\"},{\"@type\":\"ListItem\",\"position\":4,\"name\":\"Recomendaciones diet\u00e9tico-culinarias para la alteraci\u00f3n del sabor el c\u00e1ncer de mama\"}]},{\"@type\":\"WebSite\",\"@id\":\"https:\/\/oncoalicia.com\/es\/#website\",\"url\":\"https:\/\/oncoalicia.com\/es\/\",\"name\":\"Oncoal\u00edcia\",\"description\":\"Comer durante el Tratamiento del C\u00e1ncer\",\"publisher\":{\"@id\":\"https:\/\/oncoalicia.com\/es\/#organization\"},\"alternateName\":\"Oncoal\u00edcia | Comer durante el Tratamiento del C\u00e1ncer\",\"potentialAction\":[{\"@type\":\"SearchAction\",\"target\":{\"@type\":\"EntryPoint\",\"urlTemplate\":\"https:\/\/oncoalicia.com\/es\/?s={search_term_string}\"},\"query-input\":{\"@type\":\"PropertyValueSpecification\",\"valueRequired\":true,\"valueName\":\"search_term_string\"}}],\"inLanguage\":\"es\"},{\"@type\":\"Organization\",\"@id\":\"https:\/\/oncoalicia.com\/es\/#organization\",\"name\":\"Oncoal\u00edcia\",\"alternateName\":\"Oncoal\u00edcia | Comer durante el Tratamiento del C\u00e1ncer\",\"url\":\"https:\/\/oncoalicia.com\/es\/\",\"logo\":{\"@type\":\"ImageObject\",\"inLanguage\":\"es\",\"@id\":\"https:\/\/oncoalicia.com\/es\/#\/schema\/logo\/image\/\",\"url\":\"https:\/\/oncoalicia.com\/wp-content\/uploads\/2022\/11\/logo_rrss.png\",\"contentUrl\":\"https:\/\/oncoalicia.com\/wp-content\/uploads\/2022\/11\/logo_rrss.png\",\"width\":300,\"height\":300,\"caption\":\"Oncoal\u00edcia\"},\"image\":{\"@id\":\"https:\/\/oncoalicia.com\/es\/#\/schema\/logo\/image\/\"}}]}<\/script>\n<!-- \/ Yoast SEO plugin. -->","yoast_head_json":{"title":"\u00bfC\u00f3mo altera el sabor el tratamiento de c\u00e1ncer de mama? - Oncoalicia","description":"Descubre c\u00f3mo se manifiesta la alteraci\u00f3n del sabor en las personas que est\u00e1n con tratamiento contra el c\u00e1ncer de mama.","robots":{"index":"index","follow":"follow","max-snippet":"max-snippet:-1","max-image-preview":"max-image-preview:large","max-video-preview":"max-video-preview:-1"},"canonical":"https:\/\/oncoalicia.com\/es\/tipos-de-cancer\/mama\/alteracion-del-gusto\/","og_locale":"es_ES","og_type":"article","og_title":"\u00bfC\u00f3mo altera el sabor el tratamiento de c\u00e1ncer de mama? - Oncoalicia","og_description":"Descubre c\u00f3mo se manifiesta la alteraci\u00f3n del sabor en las personas que est\u00e1n con tratamiento contra el c\u00e1ncer de mama.","og_url":"https:\/\/oncoalicia.com\/es\/tipos-de-cancer\/mama\/alteracion-del-gusto\/","og_site_name":"Oncoalicia","article_modified_time":"2025-07-04T07:32:13+00:00","og_image":[{"width":300,"height":300,"url":"https:\/\/oncoalicia.com\/wp-content\/uploads\/2021\/12\/Asset-3.png","type":"image\/png"}],"twitter_card":"summary_large_image","twitter_misc":{"Tiempo de lectura":"1 minuto"},"schema":{"@context":"https:\/\/schema.org","@graph":[{"@type":"WebPage","@id":"https:\/\/oncoalicia.com\/es\/tipos-de-cancer\/mama\/alteracion-del-gusto\/","url":"https:\/\/oncoalicia.com\/es\/tipos-de-cancer\/mama\/alteracion-del-gusto\/","name":"\u00bfC\u00f3mo altera el sabor el tratamiento de c\u00e1ncer de mama? - Oncoalicia","isPartOf":{"@id":"https:\/\/oncoalicia.com\/es\/#website"},"datePublished":"2022-05-11T23:53:55+00:00","dateModified":"2025-07-04T07:32:13+00:00","description":"Descubre c\u00f3mo se manifiesta la alteraci\u00f3n del sabor en las personas que est\u00e1n con tratamiento contra el c\u00e1ncer de mama.","breadcrumb":{"@id":"https:\/\/oncoalicia.com\/es\/tipos-de-cancer\/mama\/alteracion-del-gusto\/#breadcrumb"},"inLanguage":"es","potentialAction":[{"@type":"ReadAction","target":["https:\/\/oncoalicia.com\/es\/tipos-de-cancer\/mama\/alteracion-del-gusto\/"]}]},{"@type":"BreadcrumbList","@id":"https:\/\/oncoalicia.com\/es\/tipos-de-cancer\/mama\/alteracion-del-gusto\/#breadcrumb","itemListElement":[{"@type":"ListItem","position":1,"name":"Portada","item":"https:\/\/oncoalicia.com\/es\/"},{"@type":"ListItem","position":2,"name":"Tipos de c\u00e1ncer","item":"https:\/\/oncoalicia.com\/es\/tipos-de-cancer\/"},{"@type":"ListItem","position":3,"name":"Recomendaciones alimentarias en el c\u00e1ncer de mama","item":"https:\/\/oncoalicia.com\/es\/tipos-de-cancer\/mama\/"},{"@type":"ListItem","position":4,"name":"Recomendaciones diet\u00e9tico-culinarias para la alteraci\u00f3n del sabor el c\u00e1ncer de mama"}]},{"@type":"WebSite","@id":"https:\/\/oncoalicia.com\/es\/#website","url":"https:\/\/oncoalicia.com\/es\/","name":"Oncoal\u00edcia","description":"Comer durante el Tratamiento del C\u00e1ncer","publisher":{"@id":"https:\/\/oncoalicia.com\/es\/#organization"},"alternateName":"Oncoal\u00edcia | Comer durante el Tratamiento del C\u00e1ncer","potentialAction":[{"@type":"SearchAction","target":{"@type":"EntryPoint","urlTemplate":"https:\/\/oncoalicia.com\/es\/?s={search_term_string}"},"query-input":{"@type":"PropertyValueSpecification","valueRequired":true,"valueName":"search_term_string"}}],"inLanguage":"es"},{"@type":"Organization","@id":"https:\/\/oncoalicia.com\/es\/#organization","name":"Oncoal\u00edcia","alternateName":"Oncoal\u00edcia | Comer durante el Tratamiento del C\u00e1ncer","url":"https:\/\/oncoalicia.com\/es\/","logo":{"@type":"ImageObject","inLanguage":"es","@id":"https:\/\/oncoalicia.com\/es\/#\/schema\/logo\/image\/","url":"https:\/\/oncoalicia.com\/wp-content\/uploads\/2022\/11\/logo_rrss.png","contentUrl":"https:\/\/oncoalicia.com\/wp-content\/uploads\/2022\/11\/logo_rrss.png","width":300,"height":300,"caption":"Oncoal\u00edcia"},"image":{"@id":"https:\/\/oncoalicia.com\/es\/#\/schema\/logo\/image\/"}}]}},"_links":{"self":[{"href":"https:\/\/oncoalicia.com\/es\/wp-json\/wp\/v2\/pages\/3985","targetHints":{"allow":["GET"]}}],"collection":[{"href":"https:\/\/oncoalicia.com\/es\/wp-json\/wp\/v2\/pages"}],"about":[{"href":"https:\/\/oncoalicia.com\/es\/wp-json\/wp\/v2\/types\/page"}],"author":[{"embeddable":true,"href":"https:\/\/oncoalicia.com\/es\/wp-json\/wp\/v2\/users\/2"}],"replies":[{"embeddable":true,"href":"https:\/\/oncoalicia.com\/es\/wp-json\/wp\/v2\/comments?post=3985"}],"version-history":[{"count":0,"href":"https:\/\/oncoalicia.com\/es\/wp-json\/wp\/v2\/pages\/3985\/revisions"}],"up":[{"embeddable":true,"href":"https:\/\/oncoalicia.com\/es\/wp-json\/wp\/v2\/pages\/3983"}],"wp:attachment":[{"href":"https:\/\/oncoalicia.com\/es\/wp-json\/wp\/v2\/media?parent=3985"}],"curies":[{"name":"wp","href":"https:\/\/api.w.org\/{rel}","templated":true}]}}