{"id":3997,"date":"2021-12-29T23:43:03","date_gmt":"2021-12-29T23:43:03","guid":{"rendered":"https:\/\/www.oncoalicia.com\/tipo-de-cancer\/alimentacion-durante-el-tratamiento-del-cancer-de-prostata\/"},"modified":"2025-07-04T07:36:54","modified_gmt":"2025-07-04T07:36:54","slug":"prostata","status":"publish","type":"page","link":"https:\/\/oncoalicia.com\/es\/tipos-de-cancer\/prostata\/","title":{"rendered":"Recomendaciones alimentarias en el c\u00e1ncer de pr\u00f3stata"},"content":{"rendered":"<p>&nbsp;<\/p>\n<table>\n<tbody>\n<tr>\n<td class=\"full-width\">\n<p>El <b>c\u00e1ncer de pr\u00f3stata<\/b> se origina a partir de la transformaci\u00f3n y proliferaci\u00f3n an\u00f3mala de las c\u00e9lulas de la pr\u00f3stata. La pr\u00f3stata es una gl\u00e1ndula que pertenece al sistema urogenital masculino y que es exclusiva del var\u00f3n. Se sit\u00faa debajo de la vejiga y delante del recto, y su principal funci\u00f3n es contribuir a la producci\u00f3n del fluido seminal.<\/p>\n<p>Las modalidades de tratamiento pueden ser diferentes seg\u00fan las caracter\u00edsticas individuales de la persona afectada como la edad, el tipo y la extensi\u00f3n del tumor y otras enfermedades cr\u00f3nicas que pueda tener. Entre los diferentes tratamientos encontramos el seguimiento mediante observaci\u00f3n, la cirug\u00eda, los tratamientos con radioterapia o quimioterapia, el tratamiento focal con crioterapia (destrucci\u00f3n de c\u00e9lulas cancerosas con temperaturas muy fr\u00edas), el tratamiento hormonal y algunos tratamientos espec\u00edficos. La mayor\u00eda de los tratamientos pueden comportar efectos secundarios que pueden afectar en diferentes grados e intensidades y comprometer la alimentaci\u00f3n.<\/p>\n<\/td>\n<td class=\"full-width espaciado\" style=\"text-align:center;\"><img decoding=\"async\" class=\"alignnone wp-image-1655\" src=\"http:\/\/oncoalicia.com\/wp-content\/uploads\/2023\/02\/prostata_es-1.jpg\" alt=\"\" width=\"300\" height=\"auto\"><\/td>\n<\/tr>\n<\/tbody>\n<\/table>\n<p>Las prioridades alimentarias durante el tratamiento del c\u00e1ncer de pr\u00f3stata ser\u00e1n garantizar un adecuado estado nutricional que ayude a disminuir los efectos secundarios y las complicaciones. Para ello, se deber\u00e1n seguir las<strong> <a href=\"\/es\/recomendaciones-generales\/\">\u201cRecomendaciones generales sobre alimentaci\u00f3n durante el tratamiento del c\u00e1ncer\u201d<\/a> \u201d<\/strong> y adaptarlas seg\u00fan los efectos secundarios y s\u00edntomas que puedan aparecer, a partir de las recomendaciones diet\u00e9tico-culinarias para cada uno de ellos.<\/p>\n<p><b>Cuando el tratamiento es hormonal<\/b>, puede que aparezca un desequilibrio metab\u00f3lico, por lo que ser\u00e1 necesario ajustar las recomendaciones generales a las posibles alteraciones, entre las que encontramos el aumento de peso, la diabetes, la alteraci\u00f3n de los l\u00edpidos, la descalcificaci\u00f3n de los huesos o la p\u00e9rdida de masa muscular. Para ello ser\u00e1 necesario:\n<\/div>\n<\/p><\/div>\n<div class=\"row\">\n<div class=\"col-md-12 orange-box\">\n<ul>\n<li><b>Intentar mantener un peso estable,<\/b> siguiendo las pautas de una alimentaci\u00f3n equilibrada o ajustando estas cuando el <a href=\"http:\/\/oncoalicia.com\/es\/tipos-de-cancer\/prostata\/aumento-de-peso\/\">peso aumente.<\/a><\/li>\n<li><b>Controlar el aumento de la presi\u00f3n arterial.<\/b> La hipertensi\u00f3n arterial puede aparecer en este tipo de pacientes, para su control y tratamiento ser\u00e1 fundamental disminuir o incluso limitar al m\u00e1ximo el consumo de sodio y por lo tanto, de sal (cloruro s\u00f3dico) a la vez que llevar una alimentaci\u00f3n cardiosaludable.<\/li>\n<li><b>Potenciar una alimentaci\u00f3n cardioprotectora.<\/b> La hiperlipidemia es la presencia de un nivel elevado de l\u00edpidos en sangre que aumenta el riesgo de sufrir enfermedades cardiovasculares. Se deber\u00e1n potenciar alimentos de origen vegetal no refinados (verduras y frutas, legumbres, cereales integrales, tub\u00e9rculos y setas), grasas cardiosaludables (pescado azul, frutos secos y semillas, y aceite de oliva virgen extra) y limitar las grasas saturadas, los az\u00facares y el alcohol.<\/li>\n<li><b>Controlar los niveles de glucosa en sangre,<\/b> para garantizar que sean lo m\u00e1s estable posible y evitar las hiperglucemias (subida de los niveles de glucosa en sangre). Ser\u00e1 importante seguir una alimentaci\u00f3n variada y equilibrada, controlando la cantidad de hidratos de carbono consumidos. Adem\u00e1s, hay que asegurar la ingesta de fibra con el consumo de cereales integrales, legumbres, frutas con piel y verduras, y evitar los alimentos o productos ricos en az\u00facares simples (az\u00facar, miel, galletas, boller\u00eda\u2026).<\/li>\n<li><b>Asegurar una ingesta diaria de calcio y vitamina D.<\/b> La osteoporosis es una enfermedad frecuente en los pacientes con tratamiento hormonal; por eso se deber\u00e1n potenciar los alimentos ricos en calcio y vitamina D, adem\u00e1s de garantizar una ingesta adecuada de prote\u00edna.<\/li>\n<li><b>Realizar actividad f\u00edsica y ejercicio.<\/b> Contribuye a disminuir la p\u00e9rdida de masa muscular y mantener la mineralizaci\u00f3n del hueso, dos factores que pueden verse alterados durante el tratamiento hormonal. <a href=\"http:\/\/oncoalicia.com\/wp-content\/uploads\/2023\/02\/01.-TAbla-de-ejercicios-_cast.pdf\" target=\"_blank\" rel=\"noopener\">Existen recomendaciones para la realizaci\u00f3n de ejercicios adecuados durante el tratamiento del c\u00e1ncer de pr\u00f3stata.<\/a><\/li>\n<li><b>Verificar si existe alguna interacci\u00f3n alimento-medicamento.<\/b> En este tipo de c\u00e1ncer, actualmente no existe ninguna interacci\u00f3n descrita, aunque algunos componentes de suplementos nutricionales, hierbas o plantas medicinales podr\u00edan interaccionar. La \u00fanica recomendaci\u00f3n descrita es la de tomar la abiraterona fuera de las comidas. As\u00ed mismo, es importante no a\u00f1adir complementos diet\u00e9ticos durante el tratamiento con radioterapia y las semanas posteriores sin el conocimiento del onc\u00f3logo de referencia.<\/li>\n<\/ul><\/div>\n<\/p><\/div>\n<\/p><\/div>\n<\/section>\n<section class=\"mt-30\">\n<div class=\"container\">\n<div class=\"row\">\n<div class=\"col-md-12 txt-2 text-center\">\n Efectos secundarios y s\u00edntomas m\u00e1s frecuentes\n            <\/div>\n<div class=\"col-md-12\">\n<div class=\"row space-efect\">\n<div class=\"col-md-3\">\n                        <a style=\"text-decoration: none;\" href=\"http:\/\/oncoalicia.com\/es\/tipos-de-cancer\/prostata\/perdida-del-apetito\/\"><\/p>\n<div class=\"cuadro-efecto text-center\">\n<div class=\"txt-efect\">\n P\u00e9rdida del apetito\n                                <\/div>\n<div class=\"flecha\">\n                                    <i class=\"fa fa-chevron-right\" aria-hidden=\"true\"><\/i>\n                                <\/div>\n<\/p><\/div>\n<p>                        <\/a>\n                    <\/div>\n<div class=\"col-md-3\">\n                        <a style=\"text-decoration: none;\" href=\"http:\/\/oncoalicia.com\/es\/tipos-de-cancer\/prostata\/nauseas-y-vomitos\/\"><\/p>\n<div class=\"cuadro-efecto text-center\">\n<div class=\"txt-efect\">\n N\u00e1useas y v\u00f3mitos\n                                <\/div>\n<div class=\"flecha\">\n                                    <i class=\"fa fa-chevron-right\" aria-hidden=\"true\"><\/i>\n                                <\/div>\n<\/p><\/div>\n<p>                        <\/a>\n                    <\/div>\n<div class=\"col-md-3\">\n                        <a style=\"text-decoration: none;\" href=\"http:\/\/oncoalicia.com\/es\/tipos-de-cancer\/prostata\/flatulencias\/\"><\/p>\n<div class=\"cuadro-efecto text-center\">\n<div class=\"txt-efect\">\n Flatulencias\n                                <\/div>\n<div class=\"flecha\">\n                                    <i class=\"fa fa-chevron-right\" aria-hidden=\"true\"><\/i>\n                                <\/div>\n<\/p><\/div>\n<p>                        <\/a>\n                    <\/div>\n<div class=\"col-md-3\">\n                        <a style=\"text-decoration: none;\" href=\"http:\/\/oncoalicia.com\/es\/tipos-de-cancer\/prostata\/diarrea\/\"><\/p>\n<div class=\"cuadro-efecto text-center\">\n<div class=\"txt-efect\">\n Diarrea\n                                <\/div>\n<div class=\"flecha\">\n                                    <i class=\"fa fa-chevron-right\" aria-hidden=\"true\"><\/i>\n                                <\/div>\n<\/p><\/div>\n<p>                        <\/a>\n                    <\/div>\n<\/p><\/div>\n<\/p><\/div>\n<\/p><\/div>\n<div class=\"row mt-30\">\n<div class=\"col-md-12 txt-2 text-center\">\n Posibles efectos en caso de tratamiento hormonal\n            <\/div>\n<div class=\"col-md-12\">\n<div class=\"row space-efect\">\n<div class=\"col-md-3\">\n                        <a href=\"http:\/\/oncoalicia.com\/es\/tipos-de-cancer\/prostata\/hiperglucemias\/\"><\/p>\n<div class=\"cuadro-efecto text-center\">\n<div class=\"txt-efect\">\n Hiperglucemias\n                                <\/div>\n<div class=\"flecha\">\n                                    <i class=\"fa fa-chevron-right\" aria-hidden=\"true\"><\/i>\n                                <\/div>\n<\/p><\/div>\n<p>                        <\/a>\n                    <\/div>\n<div class=\"col-md-3\">\n                        <a style=\"text-decoration: none;\" href=\"http:\/\/oncoalicia.com\/es\/tipos-de-cancer\/prostata\/hiperlipemia\/\"><\/p>\n<div class=\"cuadro-efecto text-center\">\n<div class=\"txt-efect\">\n Hiperlipemia\n                                <\/div>\n<div class=\"flecha\">\n                                    <i class=\"fa fa-chevron-right\" aria-hidden=\"true\"><\/i>\n                                <\/div>\n<\/p><\/div>\n<p>                        <\/a>\n                    <\/div>\n<div class=\"col-md-3\">\n                        <a style=\"text-decoration: none;\" href=\"http:\/\/oncoalicia.com\/es\/tipos-de-cancer\/prostata\/hipertension\/\"><\/p>\n<div class=\"cuadro-efecto text-center\">\n<div class=\"txt-efect\">\n Hipertensi\u00f3n\n                                <\/div>\n<div class=\"flecha\">\n                                    <i class=\"fa fa-chevron-right\" aria-hidden=\"true\"><\/i>\n                                <\/div>\n<\/p><\/div>\n<p>                        <\/a>\n                    <\/div>\n<div class=\"col-md-3\">\n                        <a style=\"text-decoration: none;\" href=\"http:\/\/oncoalicia.com\/es\/tipos-de-cancer\/prostata\/aumento-de-peso\/\"><\/p>\n<div class=\"cuadro-efecto text-center\">\n<div class=\"txt-efect\">\n Aumento de peso\n                                <\/div>\n<div class=\"flecha\">\n                                    <i class=\"fa fa-chevron-right\" aria-hidden=\"true\"><\/i>\n                                <\/div>\n<\/p><\/div>\n<p>                        <\/a>\n                    <\/div>\n<\/p><\/div>\n<div class=\"row space-efect\">\n<div class=\"col-md-3\">\n                        <a style=\"text-decoration: none;\" href=\"http:\/\/oncoalicia.com\/es\/tipos-de-cancer\/prostata\/perdida-de-masa-muscular\/\"><\/p>\n<div class=\"cuadro-efecto text-center\">\n<div class=\"txt-efect\">\n P\u00e9rdida de masa muscular\n                                <\/div>\n<div class=\"flecha\">\n                                    <i class=\"fa fa-chevron-right\" aria-hidden=\"true\"><\/i>\n                                <\/div>\n<\/p><\/div>\n<p>                        <\/a>\n                    <\/div>\n<div class=\"col-md-3\">\n                        <a style=\"text-decoration: none;\" href=\"http:\/\/oncoalicia.com\/es\/tipos-de-cancer\/prostata\/osteoporosis\/\"><\/p>\n<div class=\"cuadro-efecto text-center\">\n<div class=\"txt-efect\">\n Osteoporosis\n                                <\/div>\n<div class=\"flecha\">\n                                    <i class=\"fa fa-chevron-right\" aria-hidden=\"true\"><\/i>\n                                <\/div>\n<\/p><\/div>\n<p>                        <\/a>\n                    <\/div>\n<div class=\"col-md-3\">\n                        <a style=\"text-decoration: none;\" href=\"http:\/\/oncoalicia.com\/es\/tipos-de-cancer\/prostata\/anemia\/\"><\/p>\n<div class=\"cuadro-efecto text-center\">\n<div class=\"txt-efect\">\n Anemia\n                                <\/div>\n<div class=\"flecha\">\n                                    <i class=\"fa fa-chevron-right\" aria-hidden=\"true\"><\/i>\n                                <\/div>\n<\/p><\/div>\n<p>                        <\/a>\n                    <\/div>\n<div class=\"col-md-3\">\n                    <\/div>\n<\/p><\/div>\n<\/p><\/div>\n<\/p><\/div>\n<\/p><\/div>\n<\/section>\n<section class=\"descarga\">\n<div class=\"container\">\n<div class=\"row\">\n<div class=\"col-md-12 text-center\">\n            <img decoding=\"async\" class=\"img-fluid\" src=\"http:\/\/oncoalicia.com\/wp-content\/uploads\/2023\/01\/Guies_alicia_7.jpg\" width=\"200\" height=\"auto\">\n        <\/div>\n<div class=\"col-md-12 text-center\">\n            <a class=\"guia-dw\" target=\"_blank\" href=\"http:\/\/oncoalicia.com\/wp-content\/uploads\/2023\/01\/7.-Guia_prostata_cast.pdf\" rel=\"noopener\">Descarga la gu\u00eda completa <i class=\"fa fa-arrow-down\" aria-hidden=\"true\"><\/i><\/a>\n        <\/div>\n<\/p><\/div>\n<\/p><\/div>\n<\/section>\n","protected":false},"excerpt":{"rendered":"<p>&nbsp; El c\u00e1ncer de pr\u00f3stata se origina a partir de la transformaci\u00f3n y proliferaci\u00f3n an\u00f3mala de las c\u00e9lulas de la pr\u00f3stata. La pr\u00f3stata es una gl\u00e1ndula que pertenece al sistema urogenital masculino y que es exclusiva del var\u00f3n. Se sit\u00faa debajo de la vejiga y delante del recto, y su principal funci\u00f3n es contribuir a&hellip; <a class=\"more-link\" href=\"https:\/\/oncoalicia.com\/es\/tipos-de-cancer\/prostata\/\">Seguir leyendo <span class=\"screen-reader-text\">Recomendaciones alimentarias en el c\u00e1ncer de pr\u00f3stata<\/span><\/a><\/p>\n","protected":false},"author":2,"featured_media":0,"parent":3920,"menu_order":0,"comment_status":"closed","ping_status":"closed","template":"prostata.php","meta":{"footnotes":""},"class_list":["post-3997","page","type-page","status-publish","hentry","entry"],"yoast_head":"<!-- This site is optimized with the Yoast SEO plugin v26.9 - https:\/\/yoast.com\/product\/yoast-seo-wordpress\/ -->\n<title>Alimentaci\u00f3n para pacientes con c\u00e1ncer de pr\u00f3stata - Oncoalicia<\/title>\n<meta name=\"description\" content=\"Distintas recomendaciones alimentarias para personas que est\u00e1n con tratamiento contra el c\u00e1ncer de pr\u00f3stata.\" \/>\n<meta name=\"robots\" content=\"index, follow, max-snippet:-1, max-image-preview:large, max-video-preview:-1\" \/>\n<link rel=\"canonical\" href=\"https:\/\/oncoalicia.com\/es\/tipos-de-cancer\/prostata\/\" \/>\n<meta property=\"og:locale\" content=\"es_ES\" \/>\n<meta property=\"og:type\" content=\"article\" \/>\n<meta property=\"og:title\" content=\"Alimentaci\u00f3n para pacientes con c\u00e1ncer de pr\u00f3stata - Oncoalicia\" \/>\n<meta property=\"og:description\" content=\"Distintas recomendaciones alimentarias para personas que est\u00e1n con tratamiento contra el c\u00e1ncer de pr\u00f3stata.\" \/>\n<meta property=\"og:url\" content=\"https:\/\/oncoalicia.com\/es\/tipos-de-cancer\/prostata\/\" \/>\n<meta property=\"og:site_name\" content=\"Oncoalicia\" \/>\n<meta property=\"article:modified_time\" content=\"2025-07-04T07:36:54+00:00\" \/>\n<meta property=\"og:image\" content=\"https:\/\/oncoalicia.com\/wp-content\/uploads\/2022\/06\/prostata-300x262-1.jpg\" \/>\n\t<meta property=\"og:image:width\" content=\"300\" \/>\n\t<meta property=\"og:image:height\" content=\"262\" \/>\n\t<meta property=\"og:image:type\" content=\"image\/jpeg\" \/>\n<meta name=\"twitter:card\" content=\"summary_large_image\" \/>\n<meta name=\"twitter:label1\" content=\"Tiempo de lectura\" \/>\n\t<meta name=\"twitter:data1\" content=\"4 minutos\" \/>\n<script type=\"application\/ld+json\" class=\"yoast-schema-graph\">{\"@context\":\"https:\/\/schema.org\",\"@graph\":[{\"@type\":\"WebPage\",\"@id\":\"https:\/\/oncoalicia.com\/es\/tipos-de-cancer\/prostata\/\",\"url\":\"https:\/\/oncoalicia.com\/es\/tipos-de-cancer\/prostata\/\",\"name\":\"Alimentaci\u00f3n para pacientes con c\u00e1ncer de pr\u00f3stata - Oncoalicia\",\"isPartOf\":{\"@id\":\"https:\/\/oncoalicia.com\/es\/#website\"},\"primaryImageOfPage\":{\"@id\":\"https:\/\/oncoalicia.com\/es\/tipos-de-cancer\/prostata\/#primaryimage\"},\"image\":{\"@id\":\"https:\/\/oncoalicia.com\/es\/tipos-de-cancer\/prostata\/#primaryimage\"},\"thumbnailUrl\":\"http:\/\/oncoalicia.com\/wp-content\/uploads\/2023\/02\/prostata_es-1.jpg\",\"datePublished\":\"2021-12-29T23:43:03+00:00\",\"dateModified\":\"2025-07-04T07:36:54+00:00\",\"description\":\"Distintas recomendaciones alimentarias para personas que est\u00e1n con tratamiento contra el c\u00e1ncer de pr\u00f3stata.\",\"breadcrumb\":{\"@id\":\"https:\/\/oncoalicia.com\/es\/tipos-de-cancer\/prostata\/#breadcrumb\"},\"inLanguage\":\"es\",\"potentialAction\":[{\"@type\":\"ReadAction\",\"target\":[\"https:\/\/oncoalicia.com\/es\/tipos-de-cancer\/prostata\/\"]}]},{\"@type\":\"ImageObject\",\"inLanguage\":\"es\",\"@id\":\"https:\/\/oncoalicia.com\/es\/tipos-de-cancer\/prostata\/#primaryimage\",\"url\":\"http:\/\/oncoalicia.com\/wp-content\/uploads\/2023\/02\/prostata_es-1.jpg\",\"contentUrl\":\"http:\/\/oncoalicia.com\/wp-content\/uploads\/2023\/02\/prostata_es-1.jpg\"},{\"@type\":\"BreadcrumbList\",\"@id\":\"https:\/\/oncoalicia.com\/es\/tipos-de-cancer\/prostata\/#breadcrumb\",\"itemListElement\":[{\"@type\":\"ListItem\",\"position\":1,\"name\":\"Portada\",\"item\":\"https:\/\/oncoalicia.com\/es\/\"},{\"@type\":\"ListItem\",\"position\":2,\"name\":\"Tipos de c\u00e1ncer\",\"item\":\"https:\/\/oncoalicia.com\/es\/tipos-de-cancer\/\"},{\"@type\":\"ListItem\",\"position\":3,\"name\":\"Recomendaciones alimentarias en el c\u00e1ncer de pr\u00f3stata\"}]},{\"@type\":\"WebSite\",\"@id\":\"https:\/\/oncoalicia.com\/es\/#website\",\"url\":\"https:\/\/oncoalicia.com\/es\/\",\"name\":\"Oncoal\u00edcia\",\"description\":\"Comer durante el Tratamiento del C\u00e1ncer\",\"publisher\":{\"@id\":\"https:\/\/oncoalicia.com\/es\/#organization\"},\"alternateName\":\"Oncoal\u00edcia | Comer durante el Tratamiento del C\u00e1ncer\",\"potentialAction\":[{\"@type\":\"SearchAction\",\"target\":{\"@type\":\"EntryPoint\",\"urlTemplate\":\"https:\/\/oncoalicia.com\/es\/?s={search_term_string}\"},\"query-input\":{\"@type\":\"PropertyValueSpecification\",\"valueRequired\":true,\"valueName\":\"search_term_string\"}}],\"inLanguage\":\"es\"},{\"@type\":\"Organization\",\"@id\":\"https:\/\/oncoalicia.com\/es\/#organization\",\"name\":\"Oncoal\u00edcia\",\"alternateName\":\"Oncoal\u00edcia | Comer durante el Tratamiento del C\u00e1ncer\",\"url\":\"https:\/\/oncoalicia.com\/es\/\",\"logo\":{\"@type\":\"ImageObject\",\"inLanguage\":\"es\",\"@id\":\"https:\/\/oncoalicia.com\/es\/#\/schema\/logo\/image\/\",\"url\":\"https:\/\/oncoalicia.com\/wp-content\/uploads\/2022\/11\/logo_rrss.png\",\"contentUrl\":\"https:\/\/oncoalicia.com\/wp-content\/uploads\/2022\/11\/logo_rrss.png\",\"width\":300,\"height\":300,\"caption\":\"Oncoal\u00edcia\"},\"image\":{\"@id\":\"https:\/\/oncoalicia.com\/es\/#\/schema\/logo\/image\/\"}}]}<\/script>\n<!-- \/ Yoast SEO plugin. -->","yoast_head_json":{"title":"Alimentaci\u00f3n para pacientes con c\u00e1ncer de pr\u00f3stata - Oncoalicia","description":"Distintas recomendaciones alimentarias para personas que est\u00e1n con tratamiento contra el c\u00e1ncer de pr\u00f3stata.","robots":{"index":"index","follow":"follow","max-snippet":"max-snippet:-1","max-image-preview":"max-image-preview:large","max-video-preview":"max-video-preview:-1"},"canonical":"https:\/\/oncoalicia.com\/es\/tipos-de-cancer\/prostata\/","og_locale":"es_ES","og_type":"article","og_title":"Alimentaci\u00f3n para pacientes con c\u00e1ncer de pr\u00f3stata - Oncoalicia","og_description":"Distintas recomendaciones alimentarias para personas que est\u00e1n con tratamiento contra el c\u00e1ncer de pr\u00f3stata.","og_url":"https:\/\/oncoalicia.com\/es\/tipos-de-cancer\/prostata\/","og_site_name":"Oncoalicia","article_modified_time":"2025-07-04T07:36:54+00:00","og_image":[{"width":300,"height":262,"url":"https:\/\/oncoalicia.com\/wp-content\/uploads\/2022\/06\/prostata-300x262-1.jpg","type":"image\/jpeg"}],"twitter_card":"summary_large_image","twitter_misc":{"Tiempo de lectura":"4 minutos"},"schema":{"@context":"https:\/\/schema.org","@graph":[{"@type":"WebPage","@id":"https:\/\/oncoalicia.com\/es\/tipos-de-cancer\/prostata\/","url":"https:\/\/oncoalicia.com\/es\/tipos-de-cancer\/prostata\/","name":"Alimentaci\u00f3n para pacientes con c\u00e1ncer de pr\u00f3stata - Oncoalicia","isPartOf":{"@id":"https:\/\/oncoalicia.com\/es\/#website"},"primaryImageOfPage":{"@id":"https:\/\/oncoalicia.com\/es\/tipos-de-cancer\/prostata\/#primaryimage"},"image":{"@id":"https:\/\/oncoalicia.com\/es\/tipos-de-cancer\/prostata\/#primaryimage"},"thumbnailUrl":"http:\/\/oncoalicia.com\/wp-content\/uploads\/2023\/02\/prostata_es-1.jpg","datePublished":"2021-12-29T23:43:03+00:00","dateModified":"2025-07-04T07:36:54+00:00","description":"Distintas recomendaciones alimentarias para personas que est\u00e1n con tratamiento contra el c\u00e1ncer de pr\u00f3stata.","breadcrumb":{"@id":"https:\/\/oncoalicia.com\/es\/tipos-de-cancer\/prostata\/#breadcrumb"},"inLanguage":"es","potentialAction":[{"@type":"ReadAction","target":["https:\/\/oncoalicia.com\/es\/tipos-de-cancer\/prostata\/"]}]},{"@type":"ImageObject","inLanguage":"es","@id":"https:\/\/oncoalicia.com\/es\/tipos-de-cancer\/prostata\/#primaryimage","url":"http:\/\/oncoalicia.com\/wp-content\/uploads\/2023\/02\/prostata_es-1.jpg","contentUrl":"http:\/\/oncoalicia.com\/wp-content\/uploads\/2023\/02\/prostata_es-1.jpg"},{"@type":"BreadcrumbList","@id":"https:\/\/oncoalicia.com\/es\/tipos-de-cancer\/prostata\/#breadcrumb","itemListElement":[{"@type":"ListItem","position":1,"name":"Portada","item":"https:\/\/oncoalicia.com\/es\/"},{"@type":"ListItem","position":2,"name":"Tipos de c\u00e1ncer","item":"https:\/\/oncoalicia.com\/es\/tipos-de-cancer\/"},{"@type":"ListItem","position":3,"name":"Recomendaciones alimentarias en el c\u00e1ncer de pr\u00f3stata"}]},{"@type":"WebSite","@id":"https:\/\/oncoalicia.com\/es\/#website","url":"https:\/\/oncoalicia.com\/es\/","name":"Oncoal\u00edcia","description":"Comer durante el Tratamiento del C\u00e1ncer","publisher":{"@id":"https:\/\/oncoalicia.com\/es\/#organization"},"alternateName":"Oncoal\u00edcia | Comer durante el Tratamiento del C\u00e1ncer","potentialAction":[{"@type":"SearchAction","target":{"@type":"EntryPoint","urlTemplate":"https:\/\/oncoalicia.com\/es\/?s={search_term_string}"},"query-input":{"@type":"PropertyValueSpecification","valueRequired":true,"valueName":"search_term_string"}}],"inLanguage":"es"},{"@type":"Organization","@id":"https:\/\/oncoalicia.com\/es\/#organization","name":"Oncoal\u00edcia","alternateName":"Oncoal\u00edcia | Comer durante el Tratamiento del C\u00e1ncer","url":"https:\/\/oncoalicia.com\/es\/","logo":{"@type":"ImageObject","inLanguage":"es","@id":"https:\/\/oncoalicia.com\/es\/#\/schema\/logo\/image\/","url":"https:\/\/oncoalicia.com\/wp-content\/uploads\/2022\/11\/logo_rrss.png","contentUrl":"https:\/\/oncoalicia.com\/wp-content\/uploads\/2022\/11\/logo_rrss.png","width":300,"height":300,"caption":"Oncoal\u00edcia"},"image":{"@id":"https:\/\/oncoalicia.com\/es\/#\/schema\/logo\/image\/"}}]}},"_links":{"self":[{"href":"https:\/\/oncoalicia.com\/es\/wp-json\/wp\/v2\/pages\/3997","targetHints":{"allow":["GET"]}}],"collection":[{"href":"https:\/\/oncoalicia.com\/es\/wp-json\/wp\/v2\/pages"}],"about":[{"href":"https:\/\/oncoalicia.com\/es\/wp-json\/wp\/v2\/types\/page"}],"author":[{"embeddable":true,"href":"https:\/\/oncoalicia.com\/es\/wp-json\/wp\/v2\/users\/2"}],"replies":[{"embeddable":true,"href":"https:\/\/oncoalicia.com\/es\/wp-json\/wp\/v2\/comments?post=3997"}],"version-history":[{"count":0,"href":"https:\/\/oncoalicia.com\/es\/wp-json\/wp\/v2\/pages\/3997\/revisions"}],"up":[{"embeddable":true,"href":"https:\/\/oncoalicia.com\/es\/wp-json\/wp\/v2\/pages\/3920"}],"wp:attachment":[{"href":"https:\/\/oncoalicia.com\/es\/wp-json\/wp\/v2\/media?parent=3997"}],"curies":[{"name":"wp","href":"https:\/\/api.w.org\/{rel}","templated":true}]}}