{"id":4003,"date":"2022-05-14T03:13:50","date_gmt":"2022-05-14T03:13:50","guid":{"rendered":"https:\/\/www.oncoalicia.com\/tipo-de-cancer\/alimentacion-durante-el-tratamiento-del-cancer-de-prostata\/diarrea\/"},"modified":"2025-07-04T07:39:05","modified_gmt":"2025-07-04T07:39:05","slug":"diarrea","status":"publish","type":"page","link":"https:\/\/oncoalicia.com\/es\/tipos-de-cancer\/prostata\/diarrea\/","title":{"rendered":"Recomendaciones diet\u00e9tico-culinarias para la diarrea en el c\u00e1ncer de pr\u00f3stata"},"content":{"rendered":"<div class=\"row\">\n<div class=\"col-md-12 subtitle-mitos\">\n<p>Se define como un aumento de la frecuencia de deposiciones acompa\u00f1ado de una disminuci\u00f3n de su consistencia. En el c\u00e1ncer de pr\u00f3stata puede ser consecuencia de la toxicidad del tratamiento con quimioterapia o radioterapia. Tambi\u00e9n puede darse cuando se administran antibi\u00f3ticos u otros f\u00e1rmacos. En funci\u00f3n de cada caso se puede presentar de forma leve o severa.<\/p>\n<\/div>\n<\/div>\n<div class=\"row p-40 w-60\">\n<div class=\"col-md-12 text-center\">\n<h2 class=\"h3 recomanem-efectes-cancer\">\u00bfQU\u00c9 TE RECOMENDAMOS?<\/h2>\n<\/div>\n<div class=\"col-md-12 p-10 text-center\">\n<h3><a class=\"btn-orange recomanacions-tipus-cancer\" role=\"button\" href=\"#collapseExample-1\" data-toggle=\"collapse\" aria-expanded=\"false\" aria-controls=\"collapseExample\">Mantener una correcta hidrataci\u00f3n. <i class=\"fa fa-angle-down\" aria-hidden=\"true\"><\/i><br \/>\n<\/a><\/h3>\n<div id=\"collapseExample-1\" class=\"collapse\">\n<div class=\"card-body\">\n<div class=\"row\">\n<div class=\"col-md-12 descrip\">\n<p>Debido a que la diarrea puede ocasionar deshidrataci\u00f3n, se recomienda beber mucho l\u00edquido (agua, infusiones, caldos suaves, bebidas isot\u00f3nicas), en forma de peque\u00f1os sorbos durante todo el d\u00eda.<\/p>\n<p>&nbsp;<\/p>\n<hr \/>\n<p><b>Bebida isot\u00f3nica casera:<\/b><\/p>\n<p>Mezclar en un litro de agua el zumo de dos limones, una cucharada sopera de miel, una cucharadita de postre de sal marina y una cucharadita de postre de bicarbonato s\u00f3dico. Cuando estos ingredientes est\u00e9n disueltos, dejarla en la nevera hasta que est\u00e9 fresca.<\/p>\n<\/div>\n<\/div>\n<\/div>\n<\/div>\n<\/div>\n<div class=\"col-md-12 p-10 text-center\">\n<h3 class=\"btn-orange recomanacions-tipus-cancer\" style=\"font-weight: bold;\">Realizar comidas frecuentes a lo largo del d\u00eda en peque\u00f1os vol\u00famenes.<\/h3>\n<\/div>\n<div class=\"col-md-12 p-10 text-center\">\n<h3><a class=\"btn-orange recomanacions-tipus-cancer\" role=\"button\" href=\"#collapseExample-2\" data-toggle=\"collapse\" aria-expanded=\"false\" aria-controls=\"collapseExample\">Progresar en la alimentaci\u00f3n a medida que las deposiciones mejoren. <i class=\"fa fa-angle-down\" aria-hidden=\"true\"><\/i><br \/>\n<\/a><\/h3>\n<div id=\"collapseExample-2\" class=\"collapse\">\n<div class=\"card-body\">\n<div class=\"row\">\n<div class=\"col-md-12 descrip\">\n<p>Se recomienda empezar por una dieta l\u00edquida, por ejemplo, de agua con arroz y cuando sea bien tolerada introducir alimentos de f\u00e1cil digesti\u00f3n, como el pur\u00e9 de patata y zanahoria, el arroz hervido, el pescado blanco o el pollo hervido y la manzana al horno o rallada.<\/p>\n<\/div>\n<\/div>\n<\/div>\n<\/div>\n<\/div>\n<div class=\"col-md-12 p-10 text-center\">\n<h3><a class=\"btn-orange recomanacions-tipus-cancer\" role=\"button\" href=\"#collapseExample-3\" data-toggle=\"collapse\" aria-expanded=\"false\" aria-controls=\"collapseExample\">Ir introduciendo otros alimentos en funci\u00f3n de las deposiciones y seg\u00fan tolerancia. <i class=\"fa fa-angle-down\" aria-hidden=\"true\"><\/i><br \/>\n<\/a><\/h3>\n<div id=\"collapseExample-3\" class=\"collapse\">\n<div class=\"card-body\">\n<div class=\"row\">\n<div class=\"col-md-12 descrip\">\n<p>Pan tostado tipo biscote, palitos y cereales dextrinados (cereales de desayuno en polvo para adultos), carne, pescado, huevos (tortilla a la francesa, pollo a la plancha, pescado al papillote), patata, pasta, arroz y s\u00e9molas de arroz, trigo y tapioca, galletas tipo mar\u00eda, etc.<\/p>\n<\/div>\n<div class=\"col-md-12 text-center\">\n<div class=\"row\">\n<div class=\"col-md-12 recetas-sug\"><b>Algunas recetas sugeridas:<\/b><\/div>\n<\/div>\n<div class=\"row\">\n<div class=\"col-md-4 col-sm-6 text-center recetitas\">\n<div class=\"cuadro-receta-2 text-center\"><img decoding=\"async\" class=\"w-50\" src=\"http:\/\/oncoalicia.com\/wp-content\/uploads\/2021\/10\/broquetes-pollastre-i-poma.jpg\" \/><\/p>\n<div class=\"txt-mito\">Brochetas de pollo con manzana<\/div>\n<\/div>\n<p>&nbsp;<\/p>\n<\/div>\n<div class=\"col-md-4 col-sm-6 text-center recetitas\">\n<div class=\"cuadro-receta-2 text-center\"><img decoding=\"async\" class=\"w-50\" src=\"http:\/\/oncoalicia.com\/wp-content\/uploads\/2022\/02\/Pastel-de-pescado.jpg\" \/><\/p>\n<div class=\"txt-mito\">Pastel de pescado<\/div>\n<\/div>\n<p>&nbsp;<\/p>\n<\/div>\n<div class=\"col-md-4 col-sm-6 text-center recetitas\">\n<div class=\"cuadro-receta-2 text-center\"><img decoding=\"async\" class=\"w-50\" src=\"http:\/\/oncoalicia.com\/wp-content\/uploads\/2022\/02\/Fideos-de-arroz-a-la-marinera.jpg\" \/><\/p>\n<div class=\"txt-mito\">Fideos de arroz a la marinera<\/div>\n<\/div>\n<p>&nbsp;<\/p>\n<\/div>\n<\/div>\n<\/div>\n<\/div>\n<\/div>\n<\/div>\n<div class=\"col-md-12 p-10 text-center\">\n<h3><a class=\"btn-orange recomanacions-tipus-cancer\" role=\"button\" href=\"#collapseExample-4\" data-toggle=\"collapse\" aria-expanded=\"false\" aria-controls=\"collapseExample\">Utilizar cocciones sencillas. <i class=\"fa fa-angle-down\" aria-hidden=\"true\"><\/i><br \/>\n<\/a><\/h3>\n<div id=\"collapseExample-4\" class=\"collapse\">\n<div class=\"card-body\">\n<div class=\"row\">\n<div class=\"col-md-12 descrip\">\n<p>El hervido, la plancha, el vapor y el horno son m\u00e9todos de cocci\u00f3n m\u00e1s f\u00e1ciles de digerir.<\/p>\n<\/div>\n<\/div>\n<\/div>\n<\/div>\n<\/div>\n<div class=\"col-md-12 p-10 text-center\">\n<h3><a class=\"btn-orange recomanacions-tipus-cancer\" role=\"button\" href=\"#collapseExample-5\" data-toggle=\"collapse\" aria-expanded=\"false\" aria-controls=\"collapseExample\">Evitar los alimentos ricos en fibra. <i class=\"fa fa-angle-down\" aria-hidden=\"true\"><\/i><br \/>\n<\/a><\/h3>\n<div id=\"collapseExample-5\" class=\"collapse\">\n<div class=\"card-body\">\n<div class=\"row\">\n<div class=\"col-md-12 descrip\">\n<ul>\n<li>No se recomiendan los cereales y derivados integrales, frutas crudas, verduras, legumbres y frutos secos.<\/li>\n<li>Escoger fruta sin piel, cocida, al horno, al microondas o en compota; en su jugo, en alm\u00edbar o en zumos colados. Fruta en alm\u00edbar (manzana, pera y melocot\u00f3n), membrillo o pl\u00e1tano y pera bien madura.<\/li>\n<li>Las verduras m\u00e1s bajas en fibra (calabac\u00edn, calabaza, zanahoria) pueden consumirse en peque\u00f1as cantidades (probar tolerancia) siempre sin piel ni semillas y muy cocidas, tambi\u00e9n en forma de cremas o caldos colados.<\/li>\n<li>Probar tambi\u00e9n la tolerancia a los licuados de fruta y verdura ya que en el proceso se elimina toda la fibra.<\/li>\n<\/ul>\n<\/div>\n<div class=\"col-md-12 text-center\">\n<div class=\"row\">\n<div class=\"col-md-12 recetas-sug\"><b>Algunas recetas sugeridas:<\/b><\/div>\n<\/div>\n<div class=\"row\">\n<div class=\"col-md-2 col-sm-6 text-center recetitas\"><\/div>\n<div class=\"col-md-4 col-sm-6 text-center recetitas\">\n<div class=\"cuadro-receta-2 text-center\"><img decoding=\"async\" class=\"w-50\" src=\"http:\/\/oncoalicia.com\/wp-content\/uploads\/2021\/10\/Poma-al-microones.jpg\" \/><\/p>\n<div class=\"txt-mito\">Manzana en el microondas con canela<\/div>\n<\/div>\n<p>&nbsp;<\/p>\n<\/div>\n<div class=\"col-md-4 col-sm-6 text-center recetitas\">\n<div class=\"cuadro-receta-2 text-center\"><img decoding=\"async\" class=\"w-50\" src=\"http:\/\/oncoalicia.com\/wp-content\/uploads\/2022\/04\/115.-V-Mochi-de-membrillo.jpg\" \/><\/p>\n<div class=\"txt-mito\">&#8216;Mochi&#8217; de membrillo<\/div>\n<\/div>\n<p>&nbsp;<\/p>\n<\/div>\n<div class=\"col-md-2 col-sm-6 text-center recetitas\"><\/div>\n<\/div>\n<\/div>\n<\/div>\n<\/div>\n<\/div>\n<\/div>\n<div class=\"col-md-12 p-10 text-center\">\n<h3><a class=\"btn-orange recomanacions-tipus-cancer\" role=\"button\" href=\"#collapseExample-9\" data-toggle=\"collapse\" aria-expanded=\"false\" aria-controls=\"collapseExample\">Consumir la patata, la pasta y el arroz cocidos y enfriados.<i class=\"fa fa-angle-down\" aria-hidden=\"true\"><\/i><br \/>\n<\/a><\/h3>\n<div id=\"collapseExample-9\" class=\"collapse\">\n<div class=\"card-body\">\n<div class=\"row\">\n<div class=\"col-md-12 descrip\">\n<p>Una vez cocinados, dejarlos en el frigor\u00edfico durante la noche los convertir\u00e1 en una fuente de <b>almid\u00f3n resistente<\/b>, una fibra interesante para las bacterias intestinales y bien tolerada en episodios de diarrea.<\/p>\n<\/div>\n<\/div>\n<\/div>\n<\/div>\n<\/div>\n<div class=\"col-md-12 p-10 text-center\">\n<h3><a class=\"btn-orange recomanacions-tipus-cancer\" role=\"button\" href=\"#collapseExample-6\" data-toggle=\"collapse\" aria-expanded=\"false\" aria-controls=\"collapseExample\">Limitar las fuentes de grasa de la dieta. <i class=\"fa fa-angle-down\" aria-hidden=\"true\"><\/i><br \/>\n<\/a><\/h3>\n<div id=\"collapseExample-6\" class=\"collapse\">\n<div class=\"card-body\">\n<div class=\"row\">\n<div class=\"col-md-12 descrip\">\n<p>No se recomienda el consumo de mantequillas, margarinas, manteca de cerdo, mayonesa, nata, crema de leche y productos de pasteler\u00eda, entre otros.<\/p>\n<\/div>\n<\/div>\n<\/div>\n<\/div>\n<\/div>\n<div class=\"col-md-12 p-10 text-center\">\n<h3><a class=\"btn-orange recomanacions-tipus-cancer\" role=\"button\" href=\"#collapseExample-7\" data-toggle=\"collapse\" aria-expanded=\"false\" aria-controls=\"collapseExample\">Evitar la leche o los productos que contengan lactosa. <i class=\"fa fa-angle-down\" aria-hidden=\"true\"><\/i><br \/>\n<\/a><\/h3>\n<div id=\"collapseExample-7\" class=\"collapse\">\n<div class=\"card-body\">\n<div class=\"row\">\n<div class=\"col-md-12 descrip\">\n<p>En funci\u00f3n de la tolerancia, se pueden introducir poco a poco.<\/p>\n<\/div>\n<\/div>\n<\/div>\n<\/div>\n<\/div>\n<div class=\"col-md-12 p-10 text-center\">\n<h3 class=\"btn-orange recomanacions-tipus-cancer\" style=\"font-weight: bold;\">Evitar el caf\u00e9, el chocolate, el t\u00e9 negro, el alcohol y los condimentos irritantes y picantes como la pimienta.<\/h3>\n<\/div>\n<div class=\"col-md-12 p-10 text-center\">\n<h3><a class=\"btn-orange recomanacions-tipus-cancer\" role=\"button\" href=\"#collapseExample-8\" data-toggle=\"collapse\" aria-expanded=\"false\" aria-controls=\"collapseExample\">Evitar alimentos ricos en az\u00facares simples o edulcorantes. <i class=\"fa fa-angle-down\" aria-hidden=\"true\"><\/i><br \/>\n<\/a><\/h3>\n<div id=\"collapseExample-8\" class=\"collapse\">\n<div class=\"card-body\">\n<div class=\"row\">\n<div class=\"col-md-12 descrip\">\n<p>No se recomienda el consumo de caramelos o golosinas, n\u00e9ctar de fruta, az\u00facar simple o miel, chocolate, bebidas azucaradas o edulcoradas, xilitol, sorbitol\u2026<\/p>\n<\/div>\n<\/div>\n<\/div>\n<\/div>\n<\/div>\n<\/div>\n<\/div>\n","protected":false},"excerpt":{"rendered":"<p>Se define como un aumento de la frecuencia de deposiciones acompa\u00f1ado de una disminuci\u00f3n de su consistencia. En el c\u00e1ncer de pr\u00f3stata puede ser consecuencia de la toxicidad del tratamiento con quimioterapia o radioterapia. Tambi\u00e9n puede darse cuando se administran antibi\u00f3ticos u otros f\u00e1rmacos. En funci\u00f3n de cada caso se puede presentar de forma leve&hellip; <a class=\"more-link\" href=\"https:\/\/oncoalicia.com\/es\/tipos-de-cancer\/prostata\/diarrea\/\">Seguir leyendo <span class=\"screen-reader-text\">Recomendaciones diet\u00e9tico-culinarias para la diarrea en el c\u00e1ncer de pr\u00f3stata<\/span><\/a><\/p>\n","protected":false},"author":2,"featured_media":0,"parent":3997,"menu_order":0,"comment_status":"closed","ping_status":"closed","template":"prostata-diarrea.php","meta":{"footnotes":""},"class_list":["post-4003","page","type-page","status-publish","hentry","entry"],"yoast_head":"<!-- This site is optimized with the Yoast SEO plugin v26.9 - https:\/\/yoast.com\/product\/yoast-seo-wordpress\/ -->\n<title>Alimentaci\u00f3n para pacientes de c\u00e1ncer de pr\u00f3stata con diarrea - Oncoalicia<\/title>\n<meta name=\"description\" content=\"Consulta las recomendaciones alimentarias para personas con c\u00e1ncer de pr\u00f3stata que est\u00e9n sufriendo diarrea derivada del tratamiento.\" \/>\n<meta name=\"robots\" content=\"index, follow, max-snippet:-1, max-image-preview:large, max-video-preview:-1\" \/>\n<link rel=\"canonical\" href=\"https:\/\/oncoalicia.com\/es\/tipos-de-cancer\/prostata\/diarrea\/\" \/>\n<meta property=\"og:locale\" content=\"es_ES\" \/>\n<meta property=\"og:type\" content=\"article\" \/>\n<meta property=\"og:title\" content=\"Alimentaci\u00f3n para pacientes de c\u00e1ncer de pr\u00f3stata con diarrea - Oncoalicia\" \/>\n<meta property=\"og:description\" content=\"Consulta las recomendaciones alimentarias para personas con c\u00e1ncer de pr\u00f3stata que est\u00e9n sufriendo diarrea derivada del tratamiento.\" \/>\n<meta property=\"og:url\" content=\"https:\/\/oncoalicia.com\/es\/tipos-de-cancer\/prostata\/diarrea\/\" \/>\n<meta property=\"og:site_name\" content=\"Oncoalicia\" \/>\n<meta property=\"article:modified_time\" content=\"2025-07-04T07:39:05+00:00\" \/>\n<meta property=\"og:image\" content=\"http:\/\/oncoalicia.com\/wp-content\/uploads\/2021\/10\/broquetes-pollastre-i-poma.jpg\" \/>\n<meta name=\"twitter:card\" content=\"summary_large_image\" \/>\n<meta name=\"twitter:label1\" content=\"Tiempo de lectura\" \/>\n\t<meta name=\"twitter:data1\" content=\"4 minutos\" \/>\n<script type=\"application\/ld+json\" class=\"yoast-schema-graph\">{\"@context\":\"https:\/\/schema.org\",\"@graph\":[{\"@type\":\"WebPage\",\"@id\":\"https:\/\/oncoalicia.com\/es\/tipos-de-cancer\/prostata\/diarrea\/\",\"url\":\"https:\/\/oncoalicia.com\/es\/tipos-de-cancer\/prostata\/diarrea\/\",\"name\":\"Alimentaci\u00f3n para pacientes de c\u00e1ncer de pr\u00f3stata con diarrea - Oncoalicia\",\"isPartOf\":{\"@id\":\"https:\/\/oncoalicia.com\/es\/#website\"},\"primaryImageOfPage\":{\"@id\":\"https:\/\/oncoalicia.com\/es\/tipos-de-cancer\/prostata\/diarrea\/#primaryimage\"},\"image\":{\"@id\":\"https:\/\/oncoalicia.com\/es\/tipos-de-cancer\/prostata\/diarrea\/#primaryimage\"},\"thumbnailUrl\":\"http:\/\/oncoalicia.com\/wp-content\/uploads\/2021\/10\/broquetes-pollastre-i-poma.jpg\",\"datePublished\":\"2022-05-14T03:13:50+00:00\",\"dateModified\":\"2025-07-04T07:39:05+00:00\",\"description\":\"Consulta las recomendaciones alimentarias para personas con c\u00e1ncer de pr\u00f3stata que est\u00e9n sufriendo diarrea derivada del tratamiento.\",\"breadcrumb\":{\"@id\":\"https:\/\/oncoalicia.com\/es\/tipos-de-cancer\/prostata\/diarrea\/#breadcrumb\"},\"inLanguage\":\"es\",\"potentialAction\":[{\"@type\":\"ReadAction\",\"target\":[\"https:\/\/oncoalicia.com\/es\/tipos-de-cancer\/prostata\/diarrea\/\"]}]},{\"@type\":\"ImageObject\",\"inLanguage\":\"es\",\"@id\":\"https:\/\/oncoalicia.com\/es\/tipos-de-cancer\/prostata\/diarrea\/#primaryimage\",\"url\":\"http:\/\/oncoalicia.com\/wp-content\/uploads\/2021\/10\/broquetes-pollastre-i-poma.jpg\",\"contentUrl\":\"http:\/\/oncoalicia.com\/wp-content\/uploads\/2021\/10\/broquetes-pollastre-i-poma.jpg\"},{\"@type\":\"BreadcrumbList\",\"@id\":\"https:\/\/oncoalicia.com\/es\/tipos-de-cancer\/prostata\/diarrea\/#breadcrumb\",\"itemListElement\":[{\"@type\":\"ListItem\",\"position\":1,\"name\":\"Portada\",\"item\":\"https:\/\/oncoalicia.com\/es\/\"},{\"@type\":\"ListItem\",\"position\":2,\"name\":\"Tipos de c\u00e1ncer\",\"item\":\"https:\/\/oncoalicia.com\/es\/tipos-de-cancer\/\"},{\"@type\":\"ListItem\",\"position\":3,\"name\":\"Recomendaciones alimentarias en el c\u00e1ncer de pr\u00f3stata\",\"item\":\"https:\/\/oncoalicia.com\/es\/tipos-de-cancer\/prostata\/\"},{\"@type\":\"ListItem\",\"position\":4,\"name\":\"Recomendaciones diet\u00e9tico-culinarias para la diarrea en el c\u00e1ncer de pr\u00f3stata\"}]},{\"@type\":\"WebSite\",\"@id\":\"https:\/\/oncoalicia.com\/es\/#website\",\"url\":\"https:\/\/oncoalicia.com\/es\/\",\"name\":\"Oncoal\u00edcia\",\"description\":\"Comer durante el Tratamiento del C\u00e1ncer\",\"publisher\":{\"@id\":\"https:\/\/oncoalicia.com\/es\/#organization\"},\"alternateName\":\"Oncoal\u00edcia | Comer durante el Tratamiento del C\u00e1ncer\",\"potentialAction\":[{\"@type\":\"SearchAction\",\"target\":{\"@type\":\"EntryPoint\",\"urlTemplate\":\"https:\/\/oncoalicia.com\/es\/?s={search_term_string}\"},\"query-input\":{\"@type\":\"PropertyValueSpecification\",\"valueRequired\":true,\"valueName\":\"search_term_string\"}}],\"inLanguage\":\"es\"},{\"@type\":\"Organization\",\"@id\":\"https:\/\/oncoalicia.com\/es\/#organization\",\"name\":\"Oncoal\u00edcia\",\"alternateName\":\"Oncoal\u00edcia | Comer durante el Tratamiento del C\u00e1ncer\",\"url\":\"https:\/\/oncoalicia.com\/es\/\",\"logo\":{\"@type\":\"ImageObject\",\"inLanguage\":\"es\",\"@id\":\"https:\/\/oncoalicia.com\/es\/#\/schema\/logo\/image\/\",\"url\":\"https:\/\/oncoalicia.com\/wp-content\/uploads\/2022\/11\/logo_rrss.png\",\"contentUrl\":\"https:\/\/oncoalicia.com\/wp-content\/uploads\/2022\/11\/logo_rrss.png\",\"width\":300,\"height\":300,\"caption\":\"Oncoal\u00edcia\"},\"image\":{\"@id\":\"https:\/\/oncoalicia.com\/es\/#\/schema\/logo\/image\/\"}}]}<\/script>\n<!-- \/ Yoast SEO plugin. -->","yoast_head_json":{"title":"Alimentaci\u00f3n para pacientes de c\u00e1ncer de pr\u00f3stata con diarrea - Oncoalicia","description":"Consulta las recomendaciones alimentarias para personas con c\u00e1ncer de pr\u00f3stata que est\u00e9n sufriendo diarrea derivada del tratamiento.","robots":{"index":"index","follow":"follow","max-snippet":"max-snippet:-1","max-image-preview":"max-image-preview:large","max-video-preview":"max-video-preview:-1"},"canonical":"https:\/\/oncoalicia.com\/es\/tipos-de-cancer\/prostata\/diarrea\/","og_locale":"es_ES","og_type":"article","og_title":"Alimentaci\u00f3n para pacientes de c\u00e1ncer de pr\u00f3stata con diarrea - Oncoalicia","og_description":"Consulta las recomendaciones alimentarias para personas con c\u00e1ncer de pr\u00f3stata que est\u00e9n sufriendo diarrea derivada del tratamiento.","og_url":"https:\/\/oncoalicia.com\/es\/tipos-de-cancer\/prostata\/diarrea\/","og_site_name":"Oncoalicia","article_modified_time":"2025-07-04T07:39:05+00:00","og_image":[{"url":"http:\/\/oncoalicia.com\/wp-content\/uploads\/2021\/10\/broquetes-pollastre-i-poma.jpg","type":"","width":"","height":""}],"twitter_card":"summary_large_image","twitter_misc":{"Tiempo de lectura":"4 minutos"},"schema":{"@context":"https:\/\/schema.org","@graph":[{"@type":"WebPage","@id":"https:\/\/oncoalicia.com\/es\/tipos-de-cancer\/prostata\/diarrea\/","url":"https:\/\/oncoalicia.com\/es\/tipos-de-cancer\/prostata\/diarrea\/","name":"Alimentaci\u00f3n para pacientes de c\u00e1ncer de pr\u00f3stata con diarrea - Oncoalicia","isPartOf":{"@id":"https:\/\/oncoalicia.com\/es\/#website"},"primaryImageOfPage":{"@id":"https:\/\/oncoalicia.com\/es\/tipos-de-cancer\/prostata\/diarrea\/#primaryimage"},"image":{"@id":"https:\/\/oncoalicia.com\/es\/tipos-de-cancer\/prostata\/diarrea\/#primaryimage"},"thumbnailUrl":"http:\/\/oncoalicia.com\/wp-content\/uploads\/2021\/10\/broquetes-pollastre-i-poma.jpg","datePublished":"2022-05-14T03:13:50+00:00","dateModified":"2025-07-04T07:39:05+00:00","description":"Consulta las recomendaciones alimentarias para personas con c\u00e1ncer de pr\u00f3stata que est\u00e9n sufriendo diarrea derivada del tratamiento.","breadcrumb":{"@id":"https:\/\/oncoalicia.com\/es\/tipos-de-cancer\/prostata\/diarrea\/#breadcrumb"},"inLanguage":"es","potentialAction":[{"@type":"ReadAction","target":["https:\/\/oncoalicia.com\/es\/tipos-de-cancer\/prostata\/diarrea\/"]}]},{"@type":"ImageObject","inLanguage":"es","@id":"https:\/\/oncoalicia.com\/es\/tipos-de-cancer\/prostata\/diarrea\/#primaryimage","url":"http:\/\/oncoalicia.com\/wp-content\/uploads\/2021\/10\/broquetes-pollastre-i-poma.jpg","contentUrl":"http:\/\/oncoalicia.com\/wp-content\/uploads\/2021\/10\/broquetes-pollastre-i-poma.jpg"},{"@type":"BreadcrumbList","@id":"https:\/\/oncoalicia.com\/es\/tipos-de-cancer\/prostata\/diarrea\/#breadcrumb","itemListElement":[{"@type":"ListItem","position":1,"name":"Portada","item":"https:\/\/oncoalicia.com\/es\/"},{"@type":"ListItem","position":2,"name":"Tipos de c\u00e1ncer","item":"https:\/\/oncoalicia.com\/es\/tipos-de-cancer\/"},{"@type":"ListItem","position":3,"name":"Recomendaciones alimentarias en el c\u00e1ncer de pr\u00f3stata","item":"https:\/\/oncoalicia.com\/es\/tipos-de-cancer\/prostata\/"},{"@type":"ListItem","position":4,"name":"Recomendaciones diet\u00e9tico-culinarias para la diarrea en el c\u00e1ncer de pr\u00f3stata"}]},{"@type":"WebSite","@id":"https:\/\/oncoalicia.com\/es\/#website","url":"https:\/\/oncoalicia.com\/es\/","name":"Oncoal\u00edcia","description":"Comer durante el Tratamiento del C\u00e1ncer","publisher":{"@id":"https:\/\/oncoalicia.com\/es\/#organization"},"alternateName":"Oncoal\u00edcia | Comer durante el Tratamiento del C\u00e1ncer","potentialAction":[{"@type":"SearchAction","target":{"@type":"EntryPoint","urlTemplate":"https:\/\/oncoalicia.com\/es\/?s={search_term_string}"},"query-input":{"@type":"PropertyValueSpecification","valueRequired":true,"valueName":"search_term_string"}}],"inLanguage":"es"},{"@type":"Organization","@id":"https:\/\/oncoalicia.com\/es\/#organization","name":"Oncoal\u00edcia","alternateName":"Oncoal\u00edcia | Comer durante el Tratamiento del C\u00e1ncer","url":"https:\/\/oncoalicia.com\/es\/","logo":{"@type":"ImageObject","inLanguage":"es","@id":"https:\/\/oncoalicia.com\/es\/#\/schema\/logo\/image\/","url":"https:\/\/oncoalicia.com\/wp-content\/uploads\/2022\/11\/logo_rrss.png","contentUrl":"https:\/\/oncoalicia.com\/wp-content\/uploads\/2022\/11\/logo_rrss.png","width":300,"height":300,"caption":"Oncoal\u00edcia"},"image":{"@id":"https:\/\/oncoalicia.com\/es\/#\/schema\/logo\/image\/"}}]}},"_links":{"self":[{"href":"https:\/\/oncoalicia.com\/es\/wp-json\/wp\/v2\/pages\/4003","targetHints":{"allow":["GET"]}}],"collection":[{"href":"https:\/\/oncoalicia.com\/es\/wp-json\/wp\/v2\/pages"}],"about":[{"href":"https:\/\/oncoalicia.com\/es\/wp-json\/wp\/v2\/types\/page"}],"author":[{"embeddable":true,"href":"https:\/\/oncoalicia.com\/es\/wp-json\/wp\/v2\/users\/2"}],"replies":[{"embeddable":true,"href":"https:\/\/oncoalicia.com\/es\/wp-json\/wp\/v2\/comments?post=4003"}],"version-history":[{"count":0,"href":"https:\/\/oncoalicia.com\/es\/wp-json\/wp\/v2\/pages\/4003\/revisions"}],"up":[{"embeddable":true,"href":"https:\/\/oncoalicia.com\/es\/wp-json\/wp\/v2\/pages\/3997"}],"wp:attachment":[{"href":"https:\/\/oncoalicia.com\/es\/wp-json\/wp\/v2\/media?parent=4003"}],"curies":[{"name":"wp","href":"https:\/\/api.w.org\/{rel}","templated":true}]}}