{"id":4008,"date":"2022-05-14T06:53:18","date_gmt":"2022-05-14T06:53:18","guid":{"rendered":"https:\/\/www.oncoalicia.com\/tipo-de-cancer\/alimentacion-durante-el-tratamiento-del-cancer-de-prostata\/hiperlipemia\/"},"modified":"2025-07-04T07:39:38","modified_gmt":"2025-07-04T07:39:38","slug":"hiperlipemia","status":"publish","type":"page","link":"https:\/\/oncoalicia.com\/es\/tipos-de-cancer\/prostata\/hiperlipemia\/","title":{"rendered":"Recomendaciones diet\u00e9tico-culinarias para la hiperlipemia en el c\u00e1ncer de pr\u00f3stata"},"content":{"rendered":"<div class=\"row\">\n<div class=\"col-md-12 subtitle-mitos text-left\">\n<p>Hace referencia a la presencia de un nivel elevado de l\u00edpidos en sangre y es una de las consecuencias que pueden derivarse de los tratamientos hormonales del c\u00e1ncer de pr\u00f3stata. Entre estos l\u00edpidos, destacan el colesterol y los triglic\u00e9ridos, que son mol\u00e9culas que intervienen en muchos procesos e incluso forman parte de manera natural de la composici\u00f3n de nuestras c\u00e9lulas. Cuando hay exceso de estas mol\u00e9culas, se acumulan en las arterias, aumentando el riesgo de enfermedades cardiovasculares.<\/p>\n<\/p><\/div>\n<\/p><\/div>\n<div class=\"row p-40 w-60\">\n<div class=\"col-md-12 text-center\">\n<h2 class=\"h3 recomanem-efectes-cancer\">\u00bfQU\u00c9 TE RECOMENDAMOS?<\/h2>\n<\/p><\/div>\n<div class=\"col-md-12 p-10 text-center\">\n<h3><a class=\"btn-orange recomanacions-tipus-cancer\" data-toggle=\"collapse\" href=\"#collapseExample-1\" role=\"button\" aria-expanded=\"false\" aria-controls=\"collapseExample\">Seguir una alimentaci\u00f3n saludable y equilibrada. <i class=\"fa fa-angle-down\" aria-hidden=\"true\"><\/i><br \/>\n              <\/a><\/h3>\n<div class=\"collapse\" id=\"collapseExample-1\">\n<div class=\"card-body\">\n<div class=\"row\">\n<div class=\"col-md-12 descrip\">\n<p>Basada en alimentos frescos y m\u00ednimamente procesados y priorizando los alimentos de origen vegetal, ajustada en alimentos de origen animal y limitada en grasas saturadas y az\u00facares:<\/p>\n<\/p><\/div>\n<\/p><\/div>\n<div class=\"row\">\n<div class=\"col-md-12\">\n<table>\n<tr>\n<td colspan=\"2\" class=\"table-title\">Alimentos aconsejados en la hiperlipemia<\/td>\n<\/tr>\n<tr>\n<td>\n                                <b>Alimentos de origen vegetal no refinados<\/b>\n                              <\/td>\n<td align=\"left\">\nVerduras y frutas de temporada a diario.<br \/>\nLegumbres (soja, lentejas, habas, guisantes, garbanzos), (3-4 veces por semana).<br \/>\nCereales integrales (arroz, pasta, pan) y enteros: avena, cebada o centeno (en copos, harina, salvado o grano).<br \/>\nTub\u00e9rculos.<br \/>\nSetas.\n                              <\/td>\n<\/tr>\n<tr>\n<td>\n                                <b>Alimentos ricos en grasas cardiosaludables (insaturadas)<\/b>\n                              <\/td>\n<td align=\"left\">\nPescado azul (2-3 raciones a la semana).<br \/>\nFrutos secos naturales y semillas, ni fritos ni salados (un pu\u00f1ado al d\u00eda).<br \/>\nAceite de oliva virgen o virgen extra.\n                              <\/td>\n<\/tr>\n<tr>\n<td>\n                                <b>Alimentos de origen animal bajos en grasas (saturadas)<\/b>\n                              <\/td>\n<td align=\"left\">\n L\u00e1cteos desnatados o semidesnatados y sin az\u00facares a\u00f1adidos (2 raciones al d\u00eda).<br \/>\n Carne magra (pollo, pavo, conejo\u2026), (3-4 veces a la semana).<br \/>\n Huevos (3-4 a la semana).<br \/>\n Pescado blanco y algunos mariscos (langostinos, sepia, calamar, gambas, mejillones\u2026) (2-3 veces a la semana).\n                              <\/td>\n<\/tr>\n<\/table><\/div>\n<div class=\"col-md-12 text-center\">\n<div class=\"row\">\n<div class=\"col-md-12 recetas-sug\">\n                              <b>Algunas recetas sugeridas:<\/b>\n                            <\/div>\n<\/p><\/div>\n<div class=\"row\">\n<div class=\"col-md-4 col-sm-6 text-center recetitas\">\n                                <a href=\"\/es\/recetas\/hamburguesa-de-sardinas-en-conserva\/\"><\/p>\n<div class=\"cuadro-receta-2 text-center\">\n                                        <img decoding=\"async\" src=\"http:\/\/oncoalicia.com\/wp-content\/uploads\/2022\/03\/Hamburguesa-de-sardinas-en-conserva-1463x2048.jpg\" class=\"w-50\"><\/p>\n<div class=\"txt-mito\">\n Hamburguesa de sardinas en conserva\n                                        <\/div>\n<\/p><\/div>\n<p>                                <\/a>\n                            <\/div>\n<div class=\"col-md-4 col-sm-6 text-center recetitas\">\n                                <a href=\"\/es\/recetas\/ensalada-verde-con-judias-y-olivada\/\"><\/p>\n<div class=\"cuadro-receta-2 text-center\">\n                                        <img decoding=\"async\" src=\"http:\/\/oncoalicia.com\/wp-content\/uploads\/2022\/02\/Ensalada-verde-con-alubias-y-ali%E0%B8%84o.jpg\" class=\"w-50\"><\/p>\n<div class=\"txt-mito\">\n Ensalada verde con jud\u00edas y olivada\n                                        <\/div>\n<\/p><\/div>\n<p>                                <\/a>\n                            <\/div>\n<div class=\"col-md-4 col-sm-6 text-center recetitas\">\n                                <a href=\"\/es\/recetas\/champizzes\/\"><\/p>\n<div class=\"cuadro-receta-2 text-center\">\n                                        <img decoding=\"async\" src=\"http:\/\/oncoalicia.com\/wp-content\/uploads\/2022\/02\/Champizzas-1463x2048.jpg\" class=\"w-50\"><\/p>\n<div class=\"txt-mito\">\n &#8216;Champizzes&#8217;\n                                        <\/div>\n<\/p><\/div>\n<p>                                <\/a>\n                            <\/div>\n<\/p><\/div>\n<\/p><\/div>\n<div class=\"col-md-12 text-center\">\n<div class=\"row\">\n<div class=\"col-md-4 col-sm-6 text-center recetitas\">\n                            <\/div>\n<div class=\"col-md-4 col-sm-6 text-center recetitas\">\n                                <a href=\"\/es\/recetas\/porridge-de-avena-con-fruta\/\"><\/p>\n<div class=\"cuadro-receta-2 text-center\">\n                                        <img decoding=\"async\" src=\"http:\/\/oncoalicia.com\/wp-content\/uploads\/2022\/03\/Porridge-de-avena-con-fruta-1463x2048.jpg\" class=\"w-50\"><\/p>\n<div class=\"txt-mito\">\n &#8216;Porridge&#8217; de avena con fruta\n                                        <\/div>\n<\/p><\/div>\n<p>                                <\/a>\n                            <\/div>\n<div class=\"col-md-4 col-sm-6 text-center recetitas\">\n                            <\/div>\n<\/p><\/div>\n<\/p><\/div>\n<\/p><\/div>\n<\/p><\/div>\n<\/p><\/div>\n<\/p><\/div>\n<div class=\"col-md-12 p-10 text-center\">\n<h3><a class=\"btn-orange recomanacions-tipus-cancer\" data-toggle=\"collapse\" href=\"#collapseExample-2\" role=\"button\" aria-expanded=\"false\" aria-controls=\"collapseExample\">Evitar alimentos con grasas saturadas, grasas trans, az\u00facares o alcohol. <i class=\"fa fa-angle-down\" aria-hidden=\"true\"><\/i><br \/>\n              <\/a><\/h3>\n<div class=\"collapse\" id=\"collapseExample-2\">\n<div class=\"card-body\">\n<div class=\"row\">\n<div class=\"col-md-12\">\n<table>\n<tr>\n<td colspan=\"2\" class=\"table-title\">Alimentos a evitar en la hiperlipidemia<\/td>\n<\/tr>\n<tr>\n<td>\n                                <b>Alimentos ricos en grasas saturadas<\/b>\n                              <\/td>\n<td align=\"left\">\n L\u00e1cteos enteros, nata, quesos cremosos, curados, quesos.<br \/>\n Carne grasa y v\u00edsceras.<br \/>\n Carne procesada y embutido (tocino viado, butifarra, l\u00e1tigo, chorizo\u2026).<br \/>\n Mantequilla y manteca de cerdo.<br \/>\n Boller\u00eda y pasteler\u00eda industrial.<br \/>\n Snacks fritos.<br \/>\n Alimentos ultraprocesados, precocinados (croquetas, pizzas, nuggets\u2026).\n                              <\/td>\n<\/tr>\n<tr>\n<td>\n                                <b>Alimentos ricos en grasas trans<\/b>\n                              <\/td>\n<td align=\"left\">\n Productos que contengan aceite vegetal hidrogenado en la etiqueta, como algunas margarinas y alimentos preparados (galletas, patatas fritas, pasteles, mezclas envasadas o procesados).\n                              <\/td>\n<\/tr>\n<tr>\n<td>\n                                <b>Alimentos ricos en az\u00facares simples<\/b>\n                              <\/td>\n<td align=\"left\">\n Az\u00facar, miel, mermelada.<br \/>\n Cacao en polvo instant\u00e1neo.<br \/>\n Bombones.<br \/>\n Chocolate con menos del 60% de cacao.<br \/>\n Golosinas.<br \/>\n Bebidas refrescantes.<br \/>\n Galletas, cereales de desayuno, pasteles, boller\u00eda.<br \/>\n Salsas comerciales.\n                              <\/td>\n<\/tr>\n<tr>\n<td>\n                                <b>Alcohol<\/b>\n                              <\/td>\n<td align=\"left\">\n Vino, cerveza y destilados.\n                              <\/td>\n<\/tr>\n<\/table><\/div>\n<\/p><\/div>\n<\/p><\/div>\n<\/p><\/div>\n<\/p><\/div>\n<div class=\"col-md-12 p-10 text-center\">\n<h3><a class=\"btn-orange recomanacions-tipus-cancer\" data-toggle=\"collapse\" href=\"#collapseExample-3\" role=\"button\" aria-expanded=\"false\" aria-controls=\"collapseExample\">Leer la etiqueta de los alimentos si no se pueden escoger alimentos frescos y poco procesados. <i class=\"fa fa-angle-down\" aria-hidden=\"true\"><\/i><br \/>\n              <\/a><\/h3>\n<div class=\"collapse\" id=\"collapseExample-3\">\n<div class=\"card-body\">\n<div class=\"row\">\n<div class=\"col-md-12 descrip\">\n<p>Especialmente cuando se consuman productos envasados (precocinados, galletas, boller\u00eda, salsas, snacks&#8230;) para priorizar aquellos con menor contenido en grasas, y especialmente en grasas saturadas.<\/p>\n<\/p><\/div>\n<\/p><\/div>\n<\/p><\/div>\n<\/p><\/div>\n<\/p><\/div>\n<div class=\"col-md-12 p-10 text-center\">\n<h3><a class=\"btn-orange recomanacions-tipus-cancer\" data-toggle=\"collapse\" href=\"#collapseExample-4\" role=\"button\" aria-expanded=\"false\" aria-controls=\"collapseExample\">Ajustar las raciones. <i class=\"fa fa-angle-down\" aria-hidden=\"true\"><\/i><br \/>\n              <\/a><\/h3>\n<div class=\"collapse\" id=\"collapseExample-4\">\n<div class=\"card-body\">\n<div class=\"row\">\n<div class=\"col-md-12 descrip\">\n<p>Evitar grandes ingestas en una misma comida para que el h\u00edgado no transforme el excedente cal\u00f3rico en triglic\u00e9ridos, aumentando el riesgo de padecer enfermedades cardiovasculares e h\u00edgado graso.<\/p>\n<\/p><\/div>\n<\/p><\/div>\n<\/p><\/div>\n<\/p><\/div>\n<\/p><\/div>\n<div class=\"col-md-12 p-10 text-center\">\n<h3><a class=\"btn-orange recomanacions-tipus-cancer\" data-toggle=\"collapse\" href=\"#collapseExample-5\" role=\"button\" aria-expanded=\"false\" aria-controls=\"collapseExample\">Reducir y\/o evitar los fritos y rebozados. <i class=\"fa fa-angle-down\" aria-hidden=\"true\"><\/i><br \/>\n              <\/a><\/h3>\n<div class=\"collapse\" id=\"collapseExample-5\">\n<div class=\"card-body\">\n<div class=\"row\">\n<div class=\"col-md-12 descrip\">\n<p>Favorecer las cocciones al horno, al vapor, a la plancha, al papillote y al microondas.<\/p>\n<\/p><\/div>\n<\/p><\/div>\n<\/p><\/div>\n<\/p><\/div>\n<\/p><\/div>\n<div class=\"col-md-12 p-10 text-center\">\n<h3><a class=\"btn-orange recomanacions-tipus-cancer\" data-toggle=\"collapse\" href=\"#collapseExample-6\" role=\"button\" aria-expanded=\"false\" aria-controls=\"collapseExample\">Tener en cuenta otros s\u00edntomas relacionados. <i class=\"fa fa-angle-down\" aria-hidden=\"true\"><\/i><br \/>\n              <\/a><\/h3>\n<div class=\"collapse\" id=\"collapseExample-6\">\n<div class=\"card-body\">\n<div class=\"row\">\n<div class=\"col-md-12 descrip\">\n<p>La hiperlipemia es un s\u00edntoma que suele aparecer junto con la hipertensi\u00f3n y las hiperglucemias. Este fen\u00f3meno se denomina s\u00edndrome metab\u00f3lico, y deber\u00e1n considerarse diferentes aspectos conjuntamente para asegurar una alimentaci\u00f3n adecuada.<\/p>\n<\/p><\/div>\n<\/p><\/div>\n<\/p><\/div>\n<\/p><\/div>\n<\/p><\/div>\n<\/p><\/div>\n","protected":false},"excerpt":{"rendered":"<p>Hace referencia a la presencia de un nivel elevado de l\u00edpidos en sangre y es una de las consecuencias que pueden derivarse de los tratamientos hormonales del c\u00e1ncer de pr\u00f3stata. Entre estos l\u00edpidos, destacan el colesterol y los triglic\u00e9ridos, que son mol\u00e9culas que intervienen en muchos procesos e incluso forman parte de manera natural de&hellip; <a class=\"more-link\" href=\"https:\/\/oncoalicia.com\/es\/tipos-de-cancer\/prostata\/hiperlipemia\/\">Seguir leyendo <span class=\"screen-reader-text\">Recomendaciones diet\u00e9tico-culinarias para la hiperlipemia en el c\u00e1ncer de pr\u00f3stata<\/span><\/a><\/p>\n","protected":false},"author":2,"featured_media":0,"parent":3997,"menu_order":0,"comment_status":"closed","ping_status":"closed","template":"prostata-hiperlipemia.php","meta":{"footnotes":""},"class_list":["post-4008","page","type-page","status-publish","hentry","entry"],"yoast_head":"<!-- This site is optimized with the Yoast SEO plugin v26.9 - https:\/\/yoast.com\/product\/yoast-seo-wordpress\/ -->\n<title>Alimentaci\u00f3n para pacientes de c\u00e1ncer de pr\u00f3stata con hiperlipemia - Oncoalicia<\/title>\n<meta name=\"description\" content=\"Consulta las recomendaciones alimentarias para personas con c\u00e1ncer de pr\u00f3stata que est\u00e9n sufriendo hiperlipemia derivada del tratamiento.\" \/>\n<meta name=\"robots\" content=\"index, follow, max-snippet:-1, max-image-preview:large, max-video-preview:-1\" \/>\n<link rel=\"canonical\" href=\"https:\/\/oncoalicia.com\/es\/tipos-de-cancer\/prostata\/hiperlipemia\/\" \/>\n<meta property=\"og:locale\" content=\"es_ES\" \/>\n<meta property=\"og:type\" content=\"article\" \/>\n<meta property=\"og:title\" content=\"Alimentaci\u00f3n para pacientes de c\u00e1ncer de pr\u00f3stata con hiperlipemia - Oncoalicia\" \/>\n<meta property=\"og:description\" content=\"Consulta las recomendaciones alimentarias para personas con c\u00e1ncer de pr\u00f3stata que est\u00e9n sufriendo hiperlipemia derivada del tratamiento.\" \/>\n<meta property=\"og:url\" content=\"https:\/\/oncoalicia.com\/es\/tipos-de-cancer\/prostata\/hiperlipemia\/\" \/>\n<meta property=\"og:site_name\" content=\"Oncoalicia\" \/>\n<meta property=\"article:modified_time\" content=\"2025-07-04T07:39:38+00:00\" \/>\n<meta property=\"og:image\" content=\"http:\/\/oncoalicia.com\/wp-content\/uploads\/2022\/03\/Hamburguesa-de-sardinas-en-conserva-1463x2048.jpg\" \/>\n<meta name=\"twitter:card\" content=\"summary_large_image\" \/>\n<meta name=\"twitter:label1\" content=\"Tiempo de lectura\" \/>\n\t<meta name=\"twitter:data1\" content=\"4 minutos\" \/>\n<script type=\"application\/ld+json\" class=\"yoast-schema-graph\">{\"@context\":\"https:\/\/schema.org\",\"@graph\":[{\"@type\":\"WebPage\",\"@id\":\"https:\/\/oncoalicia.com\/es\/tipos-de-cancer\/prostata\/hiperlipemia\/\",\"url\":\"https:\/\/oncoalicia.com\/es\/tipos-de-cancer\/prostata\/hiperlipemia\/\",\"name\":\"Alimentaci\u00f3n para pacientes de c\u00e1ncer de pr\u00f3stata con hiperlipemia - Oncoalicia\",\"isPartOf\":{\"@id\":\"https:\/\/oncoalicia.com\/es\/#website\"},\"primaryImageOfPage\":{\"@id\":\"https:\/\/oncoalicia.com\/es\/tipos-de-cancer\/prostata\/hiperlipemia\/#primaryimage\"},\"image\":{\"@id\":\"https:\/\/oncoalicia.com\/es\/tipos-de-cancer\/prostata\/hiperlipemia\/#primaryimage\"},\"thumbnailUrl\":\"http:\/\/oncoalicia.com\/wp-content\/uploads\/2022\/03\/Hamburguesa-de-sardinas-en-conserva-1463x2048.jpg\",\"datePublished\":\"2022-05-14T06:53:18+00:00\",\"dateModified\":\"2025-07-04T07:39:38+00:00\",\"description\":\"Consulta las recomendaciones alimentarias para personas con c\u00e1ncer de pr\u00f3stata que est\u00e9n sufriendo hiperlipemia derivada del tratamiento.\",\"breadcrumb\":{\"@id\":\"https:\/\/oncoalicia.com\/es\/tipos-de-cancer\/prostata\/hiperlipemia\/#breadcrumb\"},\"inLanguage\":\"es\",\"potentialAction\":[{\"@type\":\"ReadAction\",\"target\":[\"https:\/\/oncoalicia.com\/es\/tipos-de-cancer\/prostata\/hiperlipemia\/\"]}]},{\"@type\":\"ImageObject\",\"inLanguage\":\"es\",\"@id\":\"https:\/\/oncoalicia.com\/es\/tipos-de-cancer\/prostata\/hiperlipemia\/#primaryimage\",\"url\":\"http:\/\/oncoalicia.com\/wp-content\/uploads\/2022\/03\/Hamburguesa-de-sardinas-en-conserva-1463x2048.jpg\",\"contentUrl\":\"http:\/\/oncoalicia.com\/wp-content\/uploads\/2022\/03\/Hamburguesa-de-sardinas-en-conserva-1463x2048.jpg\"},{\"@type\":\"BreadcrumbList\",\"@id\":\"https:\/\/oncoalicia.com\/es\/tipos-de-cancer\/prostata\/hiperlipemia\/#breadcrumb\",\"itemListElement\":[{\"@type\":\"ListItem\",\"position\":1,\"name\":\"Portada\",\"item\":\"https:\/\/oncoalicia.com\/es\/\"},{\"@type\":\"ListItem\",\"position\":2,\"name\":\"Tipos de c\u00e1ncer\",\"item\":\"https:\/\/oncoalicia.com\/es\/tipos-de-cancer\/\"},{\"@type\":\"ListItem\",\"position\":3,\"name\":\"Recomendaciones alimentarias en el c\u00e1ncer de pr\u00f3stata\",\"item\":\"https:\/\/oncoalicia.com\/es\/tipos-de-cancer\/prostata\/\"},{\"@type\":\"ListItem\",\"position\":4,\"name\":\"Recomendaciones diet\u00e9tico-culinarias para la hiperlipemia en el c\u00e1ncer de pr\u00f3stata\"}]},{\"@type\":\"WebSite\",\"@id\":\"https:\/\/oncoalicia.com\/es\/#website\",\"url\":\"https:\/\/oncoalicia.com\/es\/\",\"name\":\"Oncoal\u00edcia\",\"description\":\"Comer durante el Tratamiento del C\u00e1ncer\",\"publisher\":{\"@id\":\"https:\/\/oncoalicia.com\/es\/#organization\"},\"alternateName\":\"Oncoal\u00edcia | Comer durante el Tratamiento del C\u00e1ncer\",\"potentialAction\":[{\"@type\":\"SearchAction\",\"target\":{\"@type\":\"EntryPoint\",\"urlTemplate\":\"https:\/\/oncoalicia.com\/es\/?s={search_term_string}\"},\"query-input\":{\"@type\":\"PropertyValueSpecification\",\"valueRequired\":true,\"valueName\":\"search_term_string\"}}],\"inLanguage\":\"es\"},{\"@type\":\"Organization\",\"@id\":\"https:\/\/oncoalicia.com\/es\/#organization\",\"name\":\"Oncoal\u00edcia\",\"alternateName\":\"Oncoal\u00edcia | Comer durante el Tratamiento del C\u00e1ncer\",\"url\":\"https:\/\/oncoalicia.com\/es\/\",\"logo\":{\"@type\":\"ImageObject\",\"inLanguage\":\"es\",\"@id\":\"https:\/\/oncoalicia.com\/es\/#\/schema\/logo\/image\/\",\"url\":\"https:\/\/oncoalicia.com\/wp-content\/uploads\/2022\/11\/logo_rrss.png\",\"contentUrl\":\"https:\/\/oncoalicia.com\/wp-content\/uploads\/2022\/11\/logo_rrss.png\",\"width\":300,\"height\":300,\"caption\":\"Oncoal\u00edcia\"},\"image\":{\"@id\":\"https:\/\/oncoalicia.com\/es\/#\/schema\/logo\/image\/\"}}]}<\/script>\n<!-- \/ Yoast SEO plugin. -->","yoast_head_json":{"title":"Alimentaci\u00f3n para pacientes de c\u00e1ncer de pr\u00f3stata con hiperlipemia - Oncoalicia","description":"Consulta las recomendaciones alimentarias para personas con c\u00e1ncer de pr\u00f3stata que est\u00e9n sufriendo hiperlipemia derivada del tratamiento.","robots":{"index":"index","follow":"follow","max-snippet":"max-snippet:-1","max-image-preview":"max-image-preview:large","max-video-preview":"max-video-preview:-1"},"canonical":"https:\/\/oncoalicia.com\/es\/tipos-de-cancer\/prostata\/hiperlipemia\/","og_locale":"es_ES","og_type":"article","og_title":"Alimentaci\u00f3n para pacientes de c\u00e1ncer de pr\u00f3stata con hiperlipemia - Oncoalicia","og_description":"Consulta las recomendaciones alimentarias para personas con c\u00e1ncer de pr\u00f3stata que est\u00e9n sufriendo hiperlipemia derivada del tratamiento.","og_url":"https:\/\/oncoalicia.com\/es\/tipos-de-cancer\/prostata\/hiperlipemia\/","og_site_name":"Oncoalicia","article_modified_time":"2025-07-04T07:39:38+00:00","og_image":[{"url":"http:\/\/oncoalicia.com\/wp-content\/uploads\/2022\/03\/Hamburguesa-de-sardinas-en-conserva-1463x2048.jpg","type":"","width":"","height":""}],"twitter_card":"summary_large_image","twitter_misc":{"Tiempo de lectura":"4 minutos"},"schema":{"@context":"https:\/\/schema.org","@graph":[{"@type":"WebPage","@id":"https:\/\/oncoalicia.com\/es\/tipos-de-cancer\/prostata\/hiperlipemia\/","url":"https:\/\/oncoalicia.com\/es\/tipos-de-cancer\/prostata\/hiperlipemia\/","name":"Alimentaci\u00f3n para pacientes de c\u00e1ncer de pr\u00f3stata con hiperlipemia - Oncoalicia","isPartOf":{"@id":"https:\/\/oncoalicia.com\/es\/#website"},"primaryImageOfPage":{"@id":"https:\/\/oncoalicia.com\/es\/tipos-de-cancer\/prostata\/hiperlipemia\/#primaryimage"},"image":{"@id":"https:\/\/oncoalicia.com\/es\/tipos-de-cancer\/prostata\/hiperlipemia\/#primaryimage"},"thumbnailUrl":"http:\/\/oncoalicia.com\/wp-content\/uploads\/2022\/03\/Hamburguesa-de-sardinas-en-conserva-1463x2048.jpg","datePublished":"2022-05-14T06:53:18+00:00","dateModified":"2025-07-04T07:39:38+00:00","description":"Consulta las recomendaciones alimentarias para personas con c\u00e1ncer de pr\u00f3stata que est\u00e9n sufriendo hiperlipemia derivada del tratamiento.","breadcrumb":{"@id":"https:\/\/oncoalicia.com\/es\/tipos-de-cancer\/prostata\/hiperlipemia\/#breadcrumb"},"inLanguage":"es","potentialAction":[{"@type":"ReadAction","target":["https:\/\/oncoalicia.com\/es\/tipos-de-cancer\/prostata\/hiperlipemia\/"]}]},{"@type":"ImageObject","inLanguage":"es","@id":"https:\/\/oncoalicia.com\/es\/tipos-de-cancer\/prostata\/hiperlipemia\/#primaryimage","url":"http:\/\/oncoalicia.com\/wp-content\/uploads\/2022\/03\/Hamburguesa-de-sardinas-en-conserva-1463x2048.jpg","contentUrl":"http:\/\/oncoalicia.com\/wp-content\/uploads\/2022\/03\/Hamburguesa-de-sardinas-en-conserva-1463x2048.jpg"},{"@type":"BreadcrumbList","@id":"https:\/\/oncoalicia.com\/es\/tipos-de-cancer\/prostata\/hiperlipemia\/#breadcrumb","itemListElement":[{"@type":"ListItem","position":1,"name":"Portada","item":"https:\/\/oncoalicia.com\/es\/"},{"@type":"ListItem","position":2,"name":"Tipos de c\u00e1ncer","item":"https:\/\/oncoalicia.com\/es\/tipos-de-cancer\/"},{"@type":"ListItem","position":3,"name":"Recomendaciones alimentarias en el c\u00e1ncer de pr\u00f3stata","item":"https:\/\/oncoalicia.com\/es\/tipos-de-cancer\/prostata\/"},{"@type":"ListItem","position":4,"name":"Recomendaciones diet\u00e9tico-culinarias para la hiperlipemia en el c\u00e1ncer de pr\u00f3stata"}]},{"@type":"WebSite","@id":"https:\/\/oncoalicia.com\/es\/#website","url":"https:\/\/oncoalicia.com\/es\/","name":"Oncoal\u00edcia","description":"Comer durante el Tratamiento del C\u00e1ncer","publisher":{"@id":"https:\/\/oncoalicia.com\/es\/#organization"},"alternateName":"Oncoal\u00edcia | Comer durante el Tratamiento del C\u00e1ncer","potentialAction":[{"@type":"SearchAction","target":{"@type":"EntryPoint","urlTemplate":"https:\/\/oncoalicia.com\/es\/?s={search_term_string}"},"query-input":{"@type":"PropertyValueSpecification","valueRequired":true,"valueName":"search_term_string"}}],"inLanguage":"es"},{"@type":"Organization","@id":"https:\/\/oncoalicia.com\/es\/#organization","name":"Oncoal\u00edcia","alternateName":"Oncoal\u00edcia | Comer durante el Tratamiento del C\u00e1ncer","url":"https:\/\/oncoalicia.com\/es\/","logo":{"@type":"ImageObject","inLanguage":"es","@id":"https:\/\/oncoalicia.com\/es\/#\/schema\/logo\/image\/","url":"https:\/\/oncoalicia.com\/wp-content\/uploads\/2022\/11\/logo_rrss.png","contentUrl":"https:\/\/oncoalicia.com\/wp-content\/uploads\/2022\/11\/logo_rrss.png","width":300,"height":300,"caption":"Oncoal\u00edcia"},"image":{"@id":"https:\/\/oncoalicia.com\/es\/#\/schema\/logo\/image\/"}}]}},"_links":{"self":[{"href":"https:\/\/oncoalicia.com\/es\/wp-json\/wp\/v2\/pages\/4008","targetHints":{"allow":["GET"]}}],"collection":[{"href":"https:\/\/oncoalicia.com\/es\/wp-json\/wp\/v2\/pages"}],"about":[{"href":"https:\/\/oncoalicia.com\/es\/wp-json\/wp\/v2\/types\/page"}],"author":[{"embeddable":true,"href":"https:\/\/oncoalicia.com\/es\/wp-json\/wp\/v2\/users\/2"}],"replies":[{"embeddable":true,"href":"https:\/\/oncoalicia.com\/es\/wp-json\/wp\/v2\/comments?post=4008"}],"version-history":[{"count":0,"href":"https:\/\/oncoalicia.com\/es\/wp-json\/wp\/v2\/pages\/4008\/revisions"}],"up":[{"embeddable":true,"href":"https:\/\/oncoalicia.com\/es\/wp-json\/wp\/v2\/pages\/3997"}],"wp:attachment":[{"href":"https:\/\/oncoalicia.com\/es\/wp-json\/wp\/v2\/media?parent=4008"}],"curies":[{"name":"wp","href":"https:\/\/api.w.org\/{rel}","templated":true}]}}