{"id":4030,"date":"2022-05-14T18:05:23","date_gmt":"2022-05-14T18:05:23","guid":{"rendered":"https:\/\/www.oncoalicia.com\/alimentacion-durante-el-tratamiento-del-cancer-de-pulmon\/ardor-de-estomago\/"},"modified":"2025-07-04T07:43:44","modified_gmt":"2025-07-04T07:43:44","slug":"ardor-de-estomago","status":"publish","type":"page","link":"https:\/\/oncoalicia.com\/es\/tipos-de-cancer\/pulmon\/ardor-de-estomago\/","title":{"rendered":"Recomendaciones diet\u00e9tico-culinarias para el ardor de est\u00f3mago en el c\u00e1ncer de pulm\u00f3n"},"content":{"rendered":"<div class=\"row\">\n<div class=\"col-md-12 subtitle-mitos\">\n<p>La sensaci\u00f3n de ardor en el est\u00f3mago o pirosis puede ser provocada por las n\u00e1useas y la regurgitaci\u00f3n del contenido g\u00e1strico. No todas las personas responden igual a los mismos alimentos, por ello se recomienda ir apuntado lo que se come para poder detectar cu\u00e1les son los responsables del empeoramiento del ardor de est\u00f3mago.<\/p>\n<\/p><\/div>\n<\/p><\/div>\n<div class=\"row p-40 w-60\">\n<div class=\"col-md-12 text-center\">\n<h2 class=\"h3 recomanem-efectes-cancer\">\u00bfQU\u00c9 TE RECOMENDAMOS?<\/h2>\n<\/p><\/div>\n<div class=\"col-md-12 p-10 text-center\">\n<h3><a class=\"btn-orange recomanacions-tipus-cancer\" data-toggle=\"collapse\" href=\"#collapseExample-1\" role=\"button\" aria-expanded=\"false\" aria-controls=\"collapseExample\">Evitar comidas copiosas y priorizar comida m\u00e1s veces al d\u00eda. <i class=\"fa fa-angle-down\" aria-hidden=\"true\"><\/i><br \/>\n            <\/a><\/h3>\n<div class=\"collapse\" id=\"collapseExample-1\">\n<div class=\"card-body\">\n<div class=\"row\">\n<div class=\"col-md-12 descrip\">\n<p>Repartir las ingestas en cinco o seis comidas de peque\u00f1as cantidades y evitar comer rara vez en cantidades mayores.<\/p>\n<\/p><\/div>\n<div class=\"col-md-12 text-center\">\n<div class=\"row\">\n<div class=\"col-md-12 recetas-sug\">\n                            <b>Algunas recetas sugeridas:<\/b>\n                          <\/div>\n<\/p><\/div>\n<div class=\"row\">\n<div class=\"col-md-4 col-sm-6 text-center recetitas\">\n                                <a href=\"\/es\/recetas\/empanadas-calientes-de-carne\/\"><\/p>\n<div class=\"cuadro-receta-2 text-center\">\n                                        <img decoding=\"async\" src=\"http:\/\/oncoalicia.com\/wp-content\/uploads\/2021\/10\/Empanadas-variadas-I.jpg\" class=\"w-50\"><\/p>\n<div class=\"txt-mito\">\n Empanadas calientes de carne\n                                        <\/div>\n<\/p><\/div>\n<p>                                <\/a>\n                            <\/div>\n<div class=\"col-md-4 col-sm-6 text-center recetitas\">\n                                <a href=\"\/es\/recetas\/minisandwiches-de-pollo\/\"><\/p>\n<div class=\"cuadro-receta-2 text-center\">\n                                        <img decoding=\"async\" src=\"http:\/\/oncoalicia.com\/wp-content\/uploads\/2021\/10\/Mini-sandvitxos-4.jpg\" class=\"w-50\"><\/p>\n<div class=\"txt-mito\">\n Minisandwiches de pollo\n                                        <\/div>\n<\/p><\/div>\n<p>                                <\/a>\n                            <\/div>\n<div class=\"col-md-4 col-sm-6 text-center recetitas\">\n                                <a href=\"\/es\/recetas\/pastel-de-pavo-y-verduras\/\"><\/p>\n<div class=\"cuadro-receta-2 text-center\">\n                                        <img decoding=\"async\" src=\"http:\/\/oncoalicia.com\/wp-content\/uploads\/2021\/10\/Pastel-de-pavo-y-verduras.jpg\" class=\"w-50\"><\/p>\n<div class=\"txt-mito\">\n Pastel de pavo y verduras\n                                        <\/div>\n<\/p><\/div>\n<p>                                <\/a>\n                            <\/div>\n<\/p><\/div>\n<\/p><\/div>\n<\/p><\/div>\n<\/p><\/div>\n<\/p><\/div>\n<div class=\"col-md-12 p-10 text-center\">\n<h3><a class=\"btn-orange recomanacions-tipus-cancer\" data-toggle=\"collapse\" href=\"#collapseExample-2\" role=\"button\" aria-expanded=\"false\" aria-controls=\"collapseExample\">Descansar despu\u00e9s de las comidas. <i class=\"fa fa-angle-down\" aria-hidden=\"true\"><\/i><br \/>\n            <\/a><\/h3>\n<div class=\"collapse\" id=\"collapseExample-2\">\n<div class=\"card-body\">\n<div class=\"row\">\n<div class=\"col-md-12 descrip\">\n<p>Un m\u00ednimo de 45 minutos en posici\u00f3n incorporada. No acostarse inmediatamente.<\/p>\n<\/p><\/div>\n<\/p><\/div>\n<\/p><\/div>\n<\/p><\/div>\n<\/p><\/div>\n<div class=\"col-md-12 p-10 text-center\">\n<h3><a class=\"btn-orange recomanacions-tipus-cancer\" data-toggle=\"collapse\" href=\"#collapseExample-3\" role=\"button\" aria-expanded=\"false\" aria-controls=\"collapseExample\">Priorizar cocciones suaves y sencillas. <i class=\"fa fa-angle-down\" aria-hidden=\"true\"><\/i><br \/>\n            <\/a><\/h3>\n<div class=\"collapse\" id=\"collapseExample-3\">\n<div class=\"card-body\">\n<div class=\"row\">\n<div class=\"col-md-12 text-center\">\n<div class=\"row\">\n<div class=\"col-md-12 recetas-sug\">\n                            <b>Algunas recetas sugeridas:<\/b>\n                          <\/div>\n<\/p><\/div>\n<div class=\"row\">\n<div class=\"col-md-4 col-sm-6 text-center recetitas\">\n                                <a href=\"\/es\/recetas\/rollitos-de-arroz-y-pescado\/\"><\/p>\n<div class=\"cuadro-receta-2 text-center\">\n                                        <img decoding=\"async\" src=\"http:\/\/oncoalicia.com\/wp-content\/uploads\/2022\/02\/Rollitos-de-arroz-y-pescado.jpg\" class=\"w-50\"><\/p>\n<div class=\"txt-mito\">\n Rollitos de arroz y pescado\n                                        <\/div>\n<\/p><\/div>\n<p>                                <\/a>\n                            <\/div>\n<div class=\"col-md-4 col-sm-6 text-center recetitas\">\n                                <a href=\"\/es\/recetas\/fideos-de-arroz-a-la-marinera\/\"><\/p>\n<div class=\"cuadro-receta-2 text-center\">\n                                        <img decoding=\"async\" src=\"http:\/\/oncoalicia.com\/wp-content\/uploads\/2022\/02\/Fideos-de-arroz-a-la-marinera.jpg\" class=\"w-50\"><\/p>\n<div class=\"txt-mito\">\n Fideos de arroz a la marinera\n                                        <\/div>\n<\/p><\/div>\n<p>                                <\/a>\n                            <\/div>\n<div class=\"col-md-4 col-sm-6 text-center recetitas\">\n                                <a href=\"\/es\/recetas\/papillote-de-pescado-blanco\/\"><\/p>\n<div class=\"cuadro-receta-2 text-center\">\n                                        <img decoding=\"async\" src=\"http:\/\/oncoalicia.com\/wp-content\/uploads\/2021\/10\/11.-Papillote.jpg\" class=\"w-50\"><\/p>\n<div class=\"txt-mito\">\n Papillota de pescado blanco\n                                        <\/div>\n<\/p><\/div>\n<p>                                <\/a>\n                            <\/div>\n<\/p><\/div>\n<\/p><\/div>\n<\/p><\/div>\n<\/p><\/div>\n<\/p><\/div>\n<div class=\"col-md-12 p-10 text-center\">\n<h3 class=\"btn-orange recomanacions-tipus-cancer\" style=\"font-weight: bold;\">Evitar alimentos grasos (mantequilla, embutidos grasos, reposter\u00eda\u2026) y frituras.<\/h3>\n<\/p><\/div>\n<div class=\"col-md-12 p-10 text-center\">\n<h3 class=\"btn-orange recomanacions-tipus-cancer\" style=\"font-weight: bold;\">Evitar alimentos c\u00edtricos o \u00e1cidos, como naranjas, limones, fresas, pi\u00f1a, kiwi, tomate, etc.<\/h3>\n<\/p><\/div>\n<div class=\"col-md-12 p-10 text-center\">\n<h3 class=\"btn-orange recomanacions-tipus-cancer\" style=\"font-weight: bold;\">Evitar el consumo de caf\u00e9, t\u00e9, bebidas carbonatadas y bebidas alcoh\u00f3licas.<\/h3>\n<\/p><\/div>\n<div class=\"col-md-12 p-10 text-center\">\n<h3 class=\"btn-orange recomanacions-tipus-cancer\" style=\"font-weight: bold;\">Evitar el chocolate.<\/h3>\n<\/p><\/div>\n<div class=\"col-md-12 p-10 text-center\">\n<h3 class=\"btn-orange recomanacions-tipus-cancer\" style=\"font-weight: bold;\">Evitar alimentos o preparaciones con condimentos fuertes como cebolla, ajo, chile, piment\u00f3n picante, curri, etc.<\/h3>\n<\/p><\/div>\n<div class=\"col-md-12 p-10 text-center\">\n<h3 class=\"btn-orange recomanacions-tipus-cancer\" style=\"font-weight: bold;\">Evitar beber muchos l\u00edquidos durante las comidas.<\/h3>\n<\/p><\/div>\n<div class=\"col-md-12 p-10 text-center\">\n<h3><a class=\"btn-orange recomanacions-tipus-cancer\" data-toggle=\"collapse\" href=\"#collapseExample-4\" role=\"button\" aria-expanded=\"false\" aria-controls=\"collapseExample\">Evitar ingerir los alimentos a temperatura muy fr\u00eda o caliente. <i class=\"fa fa-angle-down\" aria-hidden=\"true\"><\/i><br \/>\n            <\/a><\/h3>\n<div class=\"collapse\" id=\"collapseExample-4\">\n<div class=\"card-body\">\n<div class=\"row\">\n<div class=\"col-md-12 descrip\">\n<p>La mejor opci\u00f3n son los que est\u00e1n a temperatura ambiente o templados.<\/p>\n<\/p><\/div>\n<div class=\"col-md-12 text-center\">\n<div class=\"row\">\n<div class=\"col-md-12 recetas-sug\">\n                            <b>Algunas recetas sugeridas:<\/b>\n                          <\/div>\n<\/p><\/div>\n<div class=\"row\">\n<div class=\"col-md-4 col-sm-6 text-center recetitas\">\n                                    <a href=\"\/es\/recetas\/sopa-fria-de-aguacate-y-maiz\/\"><\/p>\n<div class=\"cuadro-receta-2 text-center\">\n                                            <img decoding=\"async\" src=\"http:\/\/oncoalicia.com\/wp-content\/uploads\/2022\/02\/Sopa-fra-de-aguacate-y-maz.jpg\" class=\"w-50\"><\/p>\n<div class=\"txt-mito\">\n Sopa fr\u00eda de aguacate y ma\u00edz\n                                            <\/div>\n<\/p><\/div>\n<p>                                    <\/a>\n                                <\/div>\n<div class=\"col-md-4 col-sm-6 text-center recetitas\">\n                                    <a href=\"\/es\/recetas\/minisandwiches-de-aguacate\/\"><\/p>\n<div class=\"cuadro-receta-2 text-center\">\n                                            <img decoding=\"async\" src=\"http:\/\/oncoalicia.com\/wp-content\/uploads\/2021\/10\/Mini-sandvitxos-4.jpg\" class=\"w-50\"><\/p>\n<div class=\"txt-mito\">\n Minisandwiches de aguacate\n                                            <\/div>\n<\/p><\/div>\n<p>                                    <\/a>\n                                <\/div>\n<div class=\"col-md-4 col-sm-6 text-center recetitas\">\n                                    <a href=\"\/es\/recetas\/pure-rapido-de-garbanzos-con-huevo\/\"><\/p>\n<div class=\"cuadro-receta-2 text-center\">\n                                            <img decoding=\"async\" src=\"http:\/\/oncoalicia.com\/wp-content\/uploads\/2022\/02\/Pur%E2%80%9A-r-pido-de-garbanzos-con-huevo.jpg\" class=\"w-50\"><\/p>\n<div class=\"txt-mito\">\n Pur\u00e9 r\u00e1pido de garbanzos con huevo\n                                            <\/div>\n<\/p><\/div>\n<p>                                    <\/a>\n                                <\/div>\n<\/p><\/div>\n<\/p><\/div>\n<\/p><\/div>\n<\/p><\/div>\n<\/p><\/div>\n<\/p><\/div>\n<div class=\"col-md-12 p-10 text-center\">\n<h3><a class=\"btn-orange recomanacions-tipus-cancer\" data-toggle=\"collapse\" href=\"#collapseExample-5\" role=\"button\" aria-expanded=\"false\" aria-controls=\"collapseExample\">Vigilar el uso de hierbas como la menta o el cilantro. <i class=\"fa fa-angle-down\" aria-hidden=\"true\"><\/i><br \/>\n            <\/a><\/h3>\n<div class=\"collapse\" id=\"collapseExample-5\">\n<div class=\"card-body\">\n<div class=\"row\">\n<div class=\"col-md-12 descrip\">\n<p>En algunas personas pueden empeorar el ardor.<\/p>\n<\/p><\/div>\n<\/p><\/div>\n<\/p><\/div>\n<\/p><\/div>\n<\/p><\/div>\n<\/p><\/div>\n","protected":false},"excerpt":{"rendered":"<p>La sensaci\u00f3n de ardor en el est\u00f3mago o pirosis puede ser provocada por las n\u00e1useas y la regurgitaci\u00f3n del contenido g\u00e1strico. No todas las personas responden igual a los mismos alimentos, por ello se recomienda ir apuntado lo que se come para poder detectar cu\u00e1les son los responsables del empeoramiento del ardor de est\u00f3mago. \u00bfQU\u00c9&hellip; <a class=\"more-link\" href=\"https:\/\/oncoalicia.com\/es\/tipos-de-cancer\/pulmon\/ardor-de-estomago\/\">Seguir leyendo <span class=\"screen-reader-text\">Recomendaciones diet\u00e9tico-culinarias para el ardor de est\u00f3mago en el c\u00e1ncer de pulm\u00f3n<\/span><\/a><\/p>\n","protected":false},"author":2,"featured_media":0,"parent":3892,"menu_order":0,"comment_status":"closed","ping_status":"closed","template":"pulmon-ardor-de-estomago.php","meta":{"footnotes":""},"class_list":["post-4030","page","type-page","status-publish","hentry","entry"],"yoast_head":"<!-- This site is optimized with the Yoast SEO plugin v26.9 - https:\/\/yoast.com\/product\/yoast-seo-wordpress\/ -->\n<title>Alimentaci\u00f3n para pacientes de c\u00e1ncer de pulm\u00f3n con ardor de est\u00f3mago - Oncoalicia<\/title>\n<meta name=\"description\" content=\"Consulta las recomendaciones alimentarias para personas con c\u00e1ncer de pulm\u00f3n que est\u00e9n sufriendo ardor de est\u00f3mago derivado del tratamiento.\" \/>\n<meta name=\"robots\" content=\"index, follow, max-snippet:-1, max-image-preview:large, max-video-preview:-1\" \/>\n<link rel=\"canonical\" href=\"https:\/\/oncoalicia.com\/es\/tipos-de-cancer\/pulmon\/ardor-de-estomago\/\" \/>\n<meta property=\"og:locale\" content=\"es_ES\" \/>\n<meta property=\"og:type\" content=\"article\" \/>\n<meta property=\"og:title\" content=\"Alimentaci\u00f3n para pacientes de c\u00e1ncer de pulm\u00f3n con ardor de est\u00f3mago - Oncoalicia\" \/>\n<meta property=\"og:description\" content=\"Consulta las recomendaciones alimentarias para personas con c\u00e1ncer de pulm\u00f3n que est\u00e9n sufriendo ardor de est\u00f3mago derivado del tratamiento.\" \/>\n<meta property=\"og:url\" content=\"https:\/\/oncoalicia.com\/es\/tipos-de-cancer\/pulmon\/ardor-de-estomago\/\" \/>\n<meta property=\"og:site_name\" content=\"Oncoalicia\" \/>\n<meta property=\"article:modified_time\" content=\"2025-07-04T07:43:44+00:00\" \/>\n<meta property=\"og:image\" content=\"http:\/\/oncoalicia.com\/wp-content\/uploads\/2021\/10\/Empanadas-variadas-I.jpg\" \/>\n<meta name=\"twitter:card\" content=\"summary_large_image\" \/>\n<meta name=\"twitter:label1\" content=\"Tiempo de lectura\" \/>\n\t<meta name=\"twitter:data1\" content=\"3 minutos\" \/>\n<script type=\"application\/ld+json\" class=\"yoast-schema-graph\">{\"@context\":\"https:\/\/schema.org\",\"@graph\":[{\"@type\":\"WebPage\",\"@id\":\"https:\/\/oncoalicia.com\/es\/tipos-de-cancer\/pulmon\/ardor-de-estomago\/\",\"url\":\"https:\/\/oncoalicia.com\/es\/tipos-de-cancer\/pulmon\/ardor-de-estomago\/\",\"name\":\"Alimentaci\u00f3n para pacientes de c\u00e1ncer de pulm\u00f3n con ardor de est\u00f3mago - Oncoalicia\",\"isPartOf\":{\"@id\":\"https:\/\/oncoalicia.com\/es\/#website\"},\"primaryImageOfPage\":{\"@id\":\"https:\/\/oncoalicia.com\/es\/tipos-de-cancer\/pulmon\/ardor-de-estomago\/#primaryimage\"},\"image\":{\"@id\":\"https:\/\/oncoalicia.com\/es\/tipos-de-cancer\/pulmon\/ardor-de-estomago\/#primaryimage\"},\"thumbnailUrl\":\"http:\/\/oncoalicia.com\/wp-content\/uploads\/2021\/10\/Empanadas-variadas-I.jpg\",\"datePublished\":\"2022-05-14T18:05:23+00:00\",\"dateModified\":\"2025-07-04T07:43:44+00:00\",\"description\":\"Consulta las recomendaciones alimentarias para personas con c\u00e1ncer de pulm\u00f3n que est\u00e9n sufriendo ardor de est\u00f3mago derivado del tratamiento.\",\"breadcrumb\":{\"@id\":\"https:\/\/oncoalicia.com\/es\/tipos-de-cancer\/pulmon\/ardor-de-estomago\/#breadcrumb\"},\"inLanguage\":\"es\",\"potentialAction\":[{\"@type\":\"ReadAction\",\"target\":[\"https:\/\/oncoalicia.com\/es\/tipos-de-cancer\/pulmon\/ardor-de-estomago\/\"]}]},{\"@type\":\"ImageObject\",\"inLanguage\":\"es\",\"@id\":\"https:\/\/oncoalicia.com\/es\/tipos-de-cancer\/pulmon\/ardor-de-estomago\/#primaryimage\",\"url\":\"http:\/\/oncoalicia.com\/wp-content\/uploads\/2021\/10\/Empanadas-variadas-I.jpg\",\"contentUrl\":\"http:\/\/oncoalicia.com\/wp-content\/uploads\/2021\/10\/Empanadas-variadas-I.jpg\"},{\"@type\":\"BreadcrumbList\",\"@id\":\"https:\/\/oncoalicia.com\/es\/tipos-de-cancer\/pulmon\/ardor-de-estomago\/#breadcrumb\",\"itemListElement\":[{\"@type\":\"ListItem\",\"position\":1,\"name\":\"Portada\",\"item\":\"https:\/\/oncoalicia.com\/es\/\"},{\"@type\":\"ListItem\",\"position\":2,\"name\":\"Tipos de c\u00e1ncer\",\"item\":\"https:\/\/oncoalicia.com\/es\/tipos-de-cancer\/\"},{\"@type\":\"ListItem\",\"position\":3,\"name\":\"Recomendaciones alimentarias durante el tratamiento del c\u00e1ncer de pulm\u00f3n\",\"item\":\"https:\/\/oncoalicia.com\/es\/tipos-de-cancer\/pulmon\/\"},{\"@type\":\"ListItem\",\"position\":4,\"name\":\"Recomendaciones diet\u00e9tico-culinarias para el ardor de est\u00f3mago en el c\u00e1ncer de pulm\u00f3n\"}]},{\"@type\":\"WebSite\",\"@id\":\"https:\/\/oncoalicia.com\/es\/#website\",\"url\":\"https:\/\/oncoalicia.com\/es\/\",\"name\":\"Oncoal\u00edcia\",\"description\":\"Comer durante el Tratamiento del C\u00e1ncer\",\"publisher\":{\"@id\":\"https:\/\/oncoalicia.com\/es\/#organization\"},\"alternateName\":\"Oncoal\u00edcia | Comer durante el Tratamiento del C\u00e1ncer\",\"potentialAction\":[{\"@type\":\"SearchAction\",\"target\":{\"@type\":\"EntryPoint\",\"urlTemplate\":\"https:\/\/oncoalicia.com\/es\/?s={search_term_string}\"},\"query-input\":{\"@type\":\"PropertyValueSpecification\",\"valueRequired\":true,\"valueName\":\"search_term_string\"}}],\"inLanguage\":\"es\"},{\"@type\":\"Organization\",\"@id\":\"https:\/\/oncoalicia.com\/es\/#organization\",\"name\":\"Oncoal\u00edcia\",\"alternateName\":\"Oncoal\u00edcia | Comer durante el Tratamiento del C\u00e1ncer\",\"url\":\"https:\/\/oncoalicia.com\/es\/\",\"logo\":{\"@type\":\"ImageObject\",\"inLanguage\":\"es\",\"@id\":\"https:\/\/oncoalicia.com\/es\/#\/schema\/logo\/image\/\",\"url\":\"https:\/\/oncoalicia.com\/wp-content\/uploads\/2022\/11\/logo_rrss.png\",\"contentUrl\":\"https:\/\/oncoalicia.com\/wp-content\/uploads\/2022\/11\/logo_rrss.png\",\"width\":300,\"height\":300,\"caption\":\"Oncoal\u00edcia\"},\"image\":{\"@id\":\"https:\/\/oncoalicia.com\/es\/#\/schema\/logo\/image\/\"}}]}<\/script>\n<!-- \/ Yoast SEO plugin. -->","yoast_head_json":{"title":"Alimentaci\u00f3n para pacientes de c\u00e1ncer de pulm\u00f3n con ardor de est\u00f3mago - Oncoalicia","description":"Consulta las recomendaciones alimentarias para personas con c\u00e1ncer de pulm\u00f3n que est\u00e9n sufriendo ardor de est\u00f3mago derivado del tratamiento.","robots":{"index":"index","follow":"follow","max-snippet":"max-snippet:-1","max-image-preview":"max-image-preview:large","max-video-preview":"max-video-preview:-1"},"canonical":"https:\/\/oncoalicia.com\/es\/tipos-de-cancer\/pulmon\/ardor-de-estomago\/","og_locale":"es_ES","og_type":"article","og_title":"Alimentaci\u00f3n para pacientes de c\u00e1ncer de pulm\u00f3n con ardor de est\u00f3mago - Oncoalicia","og_description":"Consulta las recomendaciones alimentarias para personas con c\u00e1ncer de pulm\u00f3n que est\u00e9n sufriendo ardor de est\u00f3mago derivado del tratamiento.","og_url":"https:\/\/oncoalicia.com\/es\/tipos-de-cancer\/pulmon\/ardor-de-estomago\/","og_site_name":"Oncoalicia","article_modified_time":"2025-07-04T07:43:44+00:00","og_image":[{"url":"http:\/\/oncoalicia.com\/wp-content\/uploads\/2021\/10\/Empanadas-variadas-I.jpg","type":"","width":"","height":""}],"twitter_card":"summary_large_image","twitter_misc":{"Tiempo de lectura":"3 minutos"},"schema":{"@context":"https:\/\/schema.org","@graph":[{"@type":"WebPage","@id":"https:\/\/oncoalicia.com\/es\/tipos-de-cancer\/pulmon\/ardor-de-estomago\/","url":"https:\/\/oncoalicia.com\/es\/tipos-de-cancer\/pulmon\/ardor-de-estomago\/","name":"Alimentaci\u00f3n para pacientes de c\u00e1ncer de pulm\u00f3n con ardor de est\u00f3mago - Oncoalicia","isPartOf":{"@id":"https:\/\/oncoalicia.com\/es\/#website"},"primaryImageOfPage":{"@id":"https:\/\/oncoalicia.com\/es\/tipos-de-cancer\/pulmon\/ardor-de-estomago\/#primaryimage"},"image":{"@id":"https:\/\/oncoalicia.com\/es\/tipos-de-cancer\/pulmon\/ardor-de-estomago\/#primaryimage"},"thumbnailUrl":"http:\/\/oncoalicia.com\/wp-content\/uploads\/2021\/10\/Empanadas-variadas-I.jpg","datePublished":"2022-05-14T18:05:23+00:00","dateModified":"2025-07-04T07:43:44+00:00","description":"Consulta las recomendaciones alimentarias para personas con c\u00e1ncer de pulm\u00f3n que est\u00e9n sufriendo ardor de est\u00f3mago derivado del tratamiento.","breadcrumb":{"@id":"https:\/\/oncoalicia.com\/es\/tipos-de-cancer\/pulmon\/ardor-de-estomago\/#breadcrumb"},"inLanguage":"es","potentialAction":[{"@type":"ReadAction","target":["https:\/\/oncoalicia.com\/es\/tipos-de-cancer\/pulmon\/ardor-de-estomago\/"]}]},{"@type":"ImageObject","inLanguage":"es","@id":"https:\/\/oncoalicia.com\/es\/tipos-de-cancer\/pulmon\/ardor-de-estomago\/#primaryimage","url":"http:\/\/oncoalicia.com\/wp-content\/uploads\/2021\/10\/Empanadas-variadas-I.jpg","contentUrl":"http:\/\/oncoalicia.com\/wp-content\/uploads\/2021\/10\/Empanadas-variadas-I.jpg"},{"@type":"BreadcrumbList","@id":"https:\/\/oncoalicia.com\/es\/tipos-de-cancer\/pulmon\/ardor-de-estomago\/#breadcrumb","itemListElement":[{"@type":"ListItem","position":1,"name":"Portada","item":"https:\/\/oncoalicia.com\/es\/"},{"@type":"ListItem","position":2,"name":"Tipos de c\u00e1ncer","item":"https:\/\/oncoalicia.com\/es\/tipos-de-cancer\/"},{"@type":"ListItem","position":3,"name":"Recomendaciones alimentarias durante el tratamiento del c\u00e1ncer de pulm\u00f3n","item":"https:\/\/oncoalicia.com\/es\/tipos-de-cancer\/pulmon\/"},{"@type":"ListItem","position":4,"name":"Recomendaciones diet\u00e9tico-culinarias para el ardor de est\u00f3mago en el c\u00e1ncer de pulm\u00f3n"}]},{"@type":"WebSite","@id":"https:\/\/oncoalicia.com\/es\/#website","url":"https:\/\/oncoalicia.com\/es\/","name":"Oncoal\u00edcia","description":"Comer durante el Tratamiento del C\u00e1ncer","publisher":{"@id":"https:\/\/oncoalicia.com\/es\/#organization"},"alternateName":"Oncoal\u00edcia | Comer durante el Tratamiento del C\u00e1ncer","potentialAction":[{"@type":"SearchAction","target":{"@type":"EntryPoint","urlTemplate":"https:\/\/oncoalicia.com\/es\/?s={search_term_string}"},"query-input":{"@type":"PropertyValueSpecification","valueRequired":true,"valueName":"search_term_string"}}],"inLanguage":"es"},{"@type":"Organization","@id":"https:\/\/oncoalicia.com\/es\/#organization","name":"Oncoal\u00edcia","alternateName":"Oncoal\u00edcia | Comer durante el Tratamiento del C\u00e1ncer","url":"https:\/\/oncoalicia.com\/es\/","logo":{"@type":"ImageObject","inLanguage":"es","@id":"https:\/\/oncoalicia.com\/es\/#\/schema\/logo\/image\/","url":"https:\/\/oncoalicia.com\/wp-content\/uploads\/2022\/11\/logo_rrss.png","contentUrl":"https:\/\/oncoalicia.com\/wp-content\/uploads\/2022\/11\/logo_rrss.png","width":300,"height":300,"caption":"Oncoal\u00edcia"},"image":{"@id":"https:\/\/oncoalicia.com\/es\/#\/schema\/logo\/image\/"}}]}},"_links":{"self":[{"href":"https:\/\/oncoalicia.com\/es\/wp-json\/wp\/v2\/pages\/4030","targetHints":{"allow":["GET"]}}],"collection":[{"href":"https:\/\/oncoalicia.com\/es\/wp-json\/wp\/v2\/pages"}],"about":[{"href":"https:\/\/oncoalicia.com\/es\/wp-json\/wp\/v2\/types\/page"}],"author":[{"embeddable":true,"href":"https:\/\/oncoalicia.com\/es\/wp-json\/wp\/v2\/users\/2"}],"replies":[{"embeddable":true,"href":"https:\/\/oncoalicia.com\/es\/wp-json\/wp\/v2\/comments?post=4030"}],"version-history":[{"count":0,"href":"https:\/\/oncoalicia.com\/es\/wp-json\/wp\/v2\/pages\/4030\/revisions"}],"up":[{"embeddable":true,"href":"https:\/\/oncoalicia.com\/es\/wp-json\/wp\/v2\/pages\/3892"}],"wp:attachment":[{"href":"https:\/\/oncoalicia.com\/es\/wp-json\/wp\/v2\/media?parent=4030"}],"curies":[{"name":"wp","href":"https:\/\/api.w.org\/{rel}","templated":true}]}}