{"id":4046,"date":"2021-09-22T19:43:08","date_gmt":"2021-09-22T19:43:08","guid":{"rendered":"https:\/\/www.oncoalicia.com\/recetas\/"},"modified":"2023-02-22T02:07:57","modified_gmt":"2023-02-22T02:07:57","slug":"recetas","status":"publish","type":"page","link":"https:\/\/oncoalicia.com\/es\/recetas\/","title":{"rendered":"Recetas"},"content":{"rendered":"<p style=\"text-align: left;\">Las recetas han sido dise\u00f1adas especialmente para ayudar a comer de la forma m\u00e1s nutritiva posible cuando aparecen diferentes efectos secundarios del tratamiento o se dan diferentes s\u00edntomas o situaciones.<\/p>\n<p><a role=\"button\" href=\"#collapseExample\" data-toggle=\"collapse\" aria-expanded=\"false\" aria-controls=\"collapseExample-9\">M\u00e1s informaci\u00f3n <i class=\"fa fa-arrow-down\" aria-hidden=\"true\"><\/i><\/a><\/p>\n<div id=\"collapseExample\" class=\"collapse\">\n<p style=\"text-align: left;\">No son recetas cerradas, sino que su objetivo, es dar ideas para que cada uno prepare versiones personalizadas y adaptadas a sus preferencias, productos de temporada, disponibilidad de alimentos en casa, s\u00edntomas que hayan aparecido, etc.<\/p>\n<p style=\"text-align: left;\">La mayor\u00eda est\u00e1n descritas para una raci\u00f3n; as\u00ed, si se quiere cocinar \u00fanicamente para uno mismo, se seguir\u00e1n los ingredientes y la preparaci\u00f3n seg\u00fan aparece. Si se quieren elaborar m\u00e1s raciones o preparar m\u00e1s cantidad para congelar o conservar para los d\u00edas siguientes, solo ser\u00e1 necesario multiplicar los ingredientes por el n\u00famero de raciones que se desee preparar.<\/p>\n<p style=\"text-align: left;\">A tener en cuenta a la hora de leer las recetas:<\/p>\n<p style=\"text-align: left;\">c\/c cucharadita de caf\u00e9<\/p>\n<p style=\"text-align: left;\">c\/p cucharadita de postre<\/p>\n<p style=\"text-align: left;\">c\/s cucharada sopera<\/p>\n<\/div>\n","protected":false},"excerpt":{"rendered":"<p>Las recetas han sido dise\u00f1adas especialmente para ayudar a comer de la forma m\u00e1s nutritiva posible cuando aparecen diferentes efectos secundarios del tratamiento o se dan diferentes s\u00edntomas o situaciones. M\u00e1s informaci\u00f3n No son recetas cerradas, sino que su objetivo, es dar ideas para que cada uno prepare versiones personalizadas y adaptadas a sus preferencias,&hellip; <a class=\"more-link\" href=\"https:\/\/oncoalicia.com\/es\/recetas\/\">Seguir leyendo <span class=\"screen-reader-text\">Recetas<\/span><\/a><\/p>\n","protected":false},"author":2,"featured_media":0,"parent":0,"menu_order":0,"comment_status":"closed","ping_status":"closed","template":"","meta":{"footnotes":""},"class_list":["post-4046","page","type-page","status-publish","hentry","entry"],"yoast_head":"<!-- This site is optimized with the Yoast SEO plugin v26.9 - https:\/\/yoast.com\/product\/yoast-seo-wordpress\/ -->\n<title>Recetas para comer durante el tratamiento del c\u00e1ncer<\/title>\n<meta name=\"description\" content=\"Las recetas han sido dise\u00f1adas para ayudar a las personas en tratamiento oncol\u00f3gico para comer de forma nutritiva, segura y placentera.\" \/>\n<meta name=\"robots\" content=\"index, follow, max-snippet:-1, max-image-preview:large, max-video-preview:-1\" \/>\n<link rel=\"canonical\" href=\"https:\/\/oncoalicia.com\/es\/recetas\/\" \/>\n<meta property=\"og:locale\" content=\"es_ES\" \/>\n<meta property=\"og:type\" content=\"article\" \/>\n<meta property=\"og:title\" content=\"Recetas para comer durante el tratamiento del c\u00e1ncer\" \/>\n<meta property=\"og:description\" content=\"Las recetas han sido dise\u00f1adas para ayudar a las personas en tratamiento oncol\u00f3gico para comer de forma nutritiva, segura y placentera.\" \/>\n<meta property=\"og:url\" content=\"https:\/\/oncoalicia.com\/es\/recetas\/\" \/>\n<meta property=\"og:site_name\" content=\"Oncoalicia\" \/>\n<meta property=\"article:modified_time\" content=\"2023-02-22T02:07:57+00:00\" \/>\n<meta property=\"og:image\" content=\"https:\/\/oncoalicia.com\/wp-content\/uploads\/2021\/12\/Asset-3.png\" \/>\n\t<meta property=\"og:image:width\" content=\"300\" \/>\n\t<meta property=\"og:image:height\" content=\"300\" \/>\n\t<meta property=\"og:image:type\" content=\"image\/png\" \/>\n<meta name=\"twitter:card\" content=\"summary_large_image\" \/>\n<meta name=\"twitter:label1\" content=\"Tiempo de lectura\" \/>\n\t<meta name=\"twitter:data1\" content=\"1 minuto\" \/>\n<script type=\"application\/ld+json\" class=\"yoast-schema-graph\">{\"@context\":\"https:\/\/schema.org\",\"@graph\":[{\"@type\":\"WebPage\",\"@id\":\"https:\/\/oncoalicia.com\/es\/recetas\/\",\"url\":\"https:\/\/oncoalicia.com\/es\/recetas\/\",\"name\":\"Recetas para comer durante el tratamiento del c\u00e1ncer\",\"isPartOf\":{\"@id\":\"https:\/\/oncoalicia.com\/es\/#website\"},\"datePublished\":\"2021-09-22T19:43:08+00:00\",\"dateModified\":\"2023-02-22T02:07:57+00:00\",\"description\":\"Las recetas han sido dise\u00f1adas para ayudar a las personas en tratamiento oncol\u00f3gico para comer de forma nutritiva, segura y placentera.\",\"breadcrumb\":{\"@id\":\"https:\/\/oncoalicia.com\/es\/recetas\/#breadcrumb\"},\"inLanguage\":\"es\",\"potentialAction\":[{\"@type\":\"ReadAction\",\"target\":[\"https:\/\/oncoalicia.com\/es\/recetas\/\"]}]},{\"@type\":\"BreadcrumbList\",\"@id\":\"https:\/\/oncoalicia.com\/es\/recetas\/#breadcrumb\",\"itemListElement\":[{\"@type\":\"ListItem\",\"position\":1,\"name\":\"Portada\",\"item\":\"https:\/\/oncoalicia.com\/es\/\"},{\"@type\":\"ListItem\",\"position\":2,\"name\":\"Recetas\"}]},{\"@type\":\"WebSite\",\"@id\":\"https:\/\/oncoalicia.com\/es\/#website\",\"url\":\"https:\/\/oncoalicia.com\/es\/\",\"name\":\"Oncoal\u00edcia\",\"description\":\"Comer durante el Tratamiento del C\u00e1ncer\",\"publisher\":{\"@id\":\"https:\/\/oncoalicia.com\/es\/#organization\"},\"alternateName\":\"Oncoal\u00edcia | Comer durante el Tratamiento del C\u00e1ncer\",\"potentialAction\":[{\"@type\":\"SearchAction\",\"target\":{\"@type\":\"EntryPoint\",\"urlTemplate\":\"https:\/\/oncoalicia.com\/es\/?s={search_term_string}\"},\"query-input\":{\"@type\":\"PropertyValueSpecification\",\"valueRequired\":true,\"valueName\":\"search_term_string\"}}],\"inLanguage\":\"es\"},{\"@type\":\"Organization\",\"@id\":\"https:\/\/oncoalicia.com\/es\/#organization\",\"name\":\"Oncoal\u00edcia\",\"alternateName\":\"Oncoal\u00edcia | Comer durante el Tratamiento del C\u00e1ncer\",\"url\":\"https:\/\/oncoalicia.com\/es\/\",\"logo\":{\"@type\":\"ImageObject\",\"inLanguage\":\"es\",\"@id\":\"https:\/\/oncoalicia.com\/es\/#\/schema\/logo\/image\/\",\"url\":\"https:\/\/oncoalicia.com\/wp-content\/uploads\/2022\/11\/logo_rrss.png\",\"contentUrl\":\"https:\/\/oncoalicia.com\/wp-content\/uploads\/2022\/11\/logo_rrss.png\",\"width\":300,\"height\":300,\"caption\":\"Oncoal\u00edcia\"},\"image\":{\"@id\":\"https:\/\/oncoalicia.com\/es\/#\/schema\/logo\/image\/\"}}]}<\/script>\n<!-- \/ Yoast SEO plugin. -->","yoast_head_json":{"title":"Recetas para comer durante el tratamiento del c\u00e1ncer","description":"Las recetas han sido dise\u00f1adas para ayudar a las personas en tratamiento oncol\u00f3gico para comer de forma nutritiva, segura y placentera.","robots":{"index":"index","follow":"follow","max-snippet":"max-snippet:-1","max-image-preview":"max-image-preview:large","max-video-preview":"max-video-preview:-1"},"canonical":"https:\/\/oncoalicia.com\/es\/recetas\/","og_locale":"es_ES","og_type":"article","og_title":"Recetas para comer durante el tratamiento del c\u00e1ncer","og_description":"Las recetas han sido dise\u00f1adas para ayudar a las personas en tratamiento oncol\u00f3gico para comer de forma nutritiva, segura y placentera.","og_url":"https:\/\/oncoalicia.com\/es\/recetas\/","og_site_name":"Oncoalicia","article_modified_time":"2023-02-22T02:07:57+00:00","og_image":[{"width":300,"height":300,"url":"https:\/\/oncoalicia.com\/wp-content\/uploads\/2021\/12\/Asset-3.png","type":"image\/png"}],"twitter_card":"summary_large_image","twitter_misc":{"Tiempo de lectura":"1 minuto"},"schema":{"@context":"https:\/\/schema.org","@graph":[{"@type":"WebPage","@id":"https:\/\/oncoalicia.com\/es\/recetas\/","url":"https:\/\/oncoalicia.com\/es\/recetas\/","name":"Recetas para comer durante el tratamiento del c\u00e1ncer","isPartOf":{"@id":"https:\/\/oncoalicia.com\/es\/#website"},"datePublished":"2021-09-22T19:43:08+00:00","dateModified":"2023-02-22T02:07:57+00:00","description":"Las recetas han sido dise\u00f1adas para ayudar a las personas en tratamiento oncol\u00f3gico para comer de forma nutritiva, segura y placentera.","breadcrumb":{"@id":"https:\/\/oncoalicia.com\/es\/recetas\/#breadcrumb"},"inLanguage":"es","potentialAction":[{"@type":"ReadAction","target":["https:\/\/oncoalicia.com\/es\/recetas\/"]}]},{"@type":"BreadcrumbList","@id":"https:\/\/oncoalicia.com\/es\/recetas\/#breadcrumb","itemListElement":[{"@type":"ListItem","position":1,"name":"Portada","item":"https:\/\/oncoalicia.com\/es\/"},{"@type":"ListItem","position":2,"name":"Recetas"}]},{"@type":"WebSite","@id":"https:\/\/oncoalicia.com\/es\/#website","url":"https:\/\/oncoalicia.com\/es\/","name":"Oncoal\u00edcia","description":"Comer durante el Tratamiento del C\u00e1ncer","publisher":{"@id":"https:\/\/oncoalicia.com\/es\/#organization"},"alternateName":"Oncoal\u00edcia | Comer durante el Tratamiento del C\u00e1ncer","potentialAction":[{"@type":"SearchAction","target":{"@type":"EntryPoint","urlTemplate":"https:\/\/oncoalicia.com\/es\/?s={search_term_string}"},"query-input":{"@type":"PropertyValueSpecification","valueRequired":true,"valueName":"search_term_string"}}],"inLanguage":"es"},{"@type":"Organization","@id":"https:\/\/oncoalicia.com\/es\/#organization","name":"Oncoal\u00edcia","alternateName":"Oncoal\u00edcia | Comer durante el Tratamiento del C\u00e1ncer","url":"https:\/\/oncoalicia.com\/es\/","logo":{"@type":"ImageObject","inLanguage":"es","@id":"https:\/\/oncoalicia.com\/es\/#\/schema\/logo\/image\/","url":"https:\/\/oncoalicia.com\/wp-content\/uploads\/2022\/11\/logo_rrss.png","contentUrl":"https:\/\/oncoalicia.com\/wp-content\/uploads\/2022\/11\/logo_rrss.png","width":300,"height":300,"caption":"Oncoal\u00edcia"},"image":{"@id":"https:\/\/oncoalicia.com\/es\/#\/schema\/logo\/image\/"}}]}},"_links":{"self":[{"href":"https:\/\/oncoalicia.com\/es\/wp-json\/wp\/v2\/pages\/4046","targetHints":{"allow":["GET"]}}],"collection":[{"href":"https:\/\/oncoalicia.com\/es\/wp-json\/wp\/v2\/pages"}],"about":[{"href":"https:\/\/oncoalicia.com\/es\/wp-json\/wp\/v2\/types\/page"}],"author":[{"embeddable":true,"href":"https:\/\/oncoalicia.com\/es\/wp-json\/wp\/v2\/users\/2"}],"replies":[{"embeddable":true,"href":"https:\/\/oncoalicia.com\/es\/wp-json\/wp\/v2\/comments?post=4046"}],"version-history":[{"count":0,"href":"https:\/\/oncoalicia.com\/es\/wp-json\/wp\/v2\/pages\/4046\/revisions"}],"wp:attachment":[{"href":"https:\/\/oncoalicia.com\/es\/wp-json\/wp\/v2\/media?parent=4046"}],"curies":[{"name":"wp","href":"https:\/\/api.w.org\/{rel}","templated":true}]}}