{"id":4049,"date":"2022-10-27T23:46:05","date_gmt":"2022-10-27T21:46:05","guid":{"rendered":"https:\/\/www.oncoalicia.com\/politica-de-cookies\/"},"modified":"2025-07-10T10:50:33","modified_gmt":"2025-07-10T08:50:33","slug":"politica-de-cookies","status":"publish","type":"page","link":"https:\/\/oncoalicia.com\/es\/politica-de-cookies\/","title":{"rendered":"Pol\u00edtica de cookies"},"content":{"rendered":"<p style=\"text-align: left;\">Esta pol\u00edtica de cookies tiene por finalidad informar de forma clara y precisa sobre las cookies que se utilizan en nuestra web.<\/p>\n<p style=\"text-align: left;\">Utilizamos cookies propias y de terceros para mejorar nuestros servicios, personalizar nuestro sitio web, facilitar la navegaci\u00f3n de nuestros usuarios, proporcionarle una mejor experiencia en el uso del sitio web, identificar problemas para mejorar el mismo, realizar mediciones y estad\u00edsticas de uso y mostrarle publicidad relacionada con sus preferencias mediante el an\u00e1lisis del uso del sitio web.<\/p>\n<p style=\"text-align: left;\">Le informamos que podemos utilizar cookies en su equipo a condici\u00f3n de que el\/la usuario\/a haya dado su consentimiento, salvo en los supuestos en los que las cookies sean necesarias para la navegaci\u00f3n por nuestro sitio web. En caso de que preste su consentimiento, podremos utilizar cookies que nos permitir\u00e1n tener m\u00e1s informaci\u00f3n sobre sus preferencias y personalizar nuestro sitio web de conformidad con sus intereses individuales.<\/p>\n<p>&nbsp;<\/p>\n<p style=\"text-align: left;\"><strong>\u00bfQU\u00c9 SON LAS COOKIES?<\/strong><\/p>\n<p style=\"text-align: left;\">Las cookies y otras tecnolog\u00edas similares como local shared objects, flash cookies o p\u00edxeles, son herramientas utilizadas por los servidores Web para almacenar y recuperar informaci\u00f3n sobre sus visitantes, as\u00ed como para ofrecer un correcto funcionamiento del sitio.<\/p>\n<p>&nbsp;<\/p>\n<p style=\"text-align: left;\"><strong>TIPO DE COOKIES<\/strong><\/p>\n<p style=\"text-align: left;\"><strong>Tipo de cookies en funci\u00f3n de la entidad que las gestione:<\/strong><\/p>\n<p style=\"text-align: left;\"><strong>\u2022 Cookies propias<\/strong> : son aquellas que se env\u00edan al equipo terminal del usuario desde un equipo o dominio gestionado por el titular de la p\u00e1gina web y desde la que se presta el servicio solicitado por el usuario.<\/p>\n<p style=\"text-align: left;\"><strong>\u2022 Cookies de terceros:<\/strong> son aquellas que se env\u00edan al equipo terminal del usuario desde un equipo o dominio que no es gestionado por el titular de la p\u00e1gina web desde la que se presta el servicio solicitado por el usuario, sino por otra entidad que trata los datos obtenidos a trav\u00e9s de las cookies. Asimismo, en caso de que las cookies sean instaladas desde un equipo o dominio gestionado por el propio titular del sitio web pero la informaci\u00f3n que se recoja mediante \u00e9stas sea gestionada por un tercero, tambi\u00e9n ser\u00e1n consideradas como cookies de terceros.<\/p>\n<p>&nbsp;<\/p>\n<p style=\"text-align: left;\"><strong>Tipo de cookies seg\u00fan la finalidad:<\/strong><\/p>\n<p style=\"text-align: left;\"><strong>\u2022 Cookies t\u00e9cnicas:<\/strong> son aquellas que permiten al usuario la navegaci\u00f3n a trav\u00e9s de una p\u00e1gina web, plataforma o aplicaci\u00f3n y la utilizaci\u00f3n de las diferentes opciones o servicios que en ella existan, incluyendo aquellas que el editor utiliza para permitir la gesti\u00f3n y operativa de la p\u00e1gina web y habilitar sus funciones y servicios, como, por ejemplo, controlar el tr\u00e1fico y la comunicaci\u00f3n de datos, identificar la sesi\u00f3n, acceder a partes de acceso restringido, recordar los elementos que integran un pedido, realizar el proceso de compra de un pedido, gestionar el pago, controlar el fraude vinculado a la seguridad del servicio, realizar la solicitud de inscripci\u00f3n o participaci\u00f3n en un evento, contar visitas a efectos de la facturaci\u00f3n de licencias del software con el que funciona el servicio (sitio web, plataforma o aplicaci\u00f3n), utilizar elementos de seguridad durante la navegaci\u00f3n, almacenar contenidos para la difusi\u00f3n de v\u00eddeos o sonido, habilitar contenidos din\u00e1micos (por ejemplo, animaci\u00f3n de carga de un t ext o imagen) o compartir contenidos a trav\u00e9s de redes sociales.<\/p>\n<p style=\"text-align: left;\">Tambi\u00e9n pertenecen a esta categor\u00eda, por su naturaleza t\u00e9cnica, aquellas cookies que permiten la gesti\u00f3n, de la forma m\u00e1s eficaz posible, de los espacios publicitarios que, como un elemento m\u00e1s de dise\u00f1o o \u201cmaquetaci\u00f3n\u201d del servicio ofrecido al usuario, editor haya incluido en una p\u00e1gina web, aplicaci\u00f3n o plataforma sobre la base de criterios como el contenido editado, sin que se recopile informaci\u00f3n de los usuarios con finalidades diferentes, como puede ser personalizar ese contenido publicitario u otros contenidos.<\/p>\n<p style=\"text-align: left;\"><strong>\u2022 Cookies de preferencias o personalizaci\u00f3n:<\/strong> son aquellas que permiten recordar informaci\u00f3n para que el usuario acceda al servicio con determinadas caracter\u00edsticas que pueden diferenciar su experiencia de la de otros usuarios, como, por ejemplo, el idioma, el n\u00famero de resultados a mostrar cuando el usuario realiza una b\u00fasqueda, aspecto o contenido del servicio en funci\u00f3n del tipo de navegador a trav\u00e9s del cual el usuario accede al servicio o de la regi\u00f3n desde la que accede al servicio, etc.<\/p>\n<p style=\"text-align: left;\"><strong>\u2022 Cookies de an\u00e1lisis o medici\u00f3n:<\/strong> son aquellas que permiten al responsable de las mismas el seguimiento y an\u00e1lisis del comportamiento de los usuarios de los sitios web a los que est\u00e1n vinculadas, incluida la cuantificaci\u00f3n de los impactos de los anuncios. La informaci\u00f3n recogida mediante este tipo de cookies se utiliza en la medici\u00f3n de la actividad de los sitios web, aplicaci\u00f3n o plataforma, con el fin de introducir mejoras en funci\u00f3n del an\u00e1lisis de los datos de uso que realizan los usuarios del servicio.<\/p>\n<p style=\"text-align: left;\"><strong>\u2022 Cookies de publicidad comportamental:<\/strong> son aquellas que permiten la gesti\u00f3n, de la forma m\u00e1s eficaz posible, de los espacios publicitarios existentes en la p\u00e1gina web. Estas cookies almacenan informaci\u00f3n del comportamiento de los usuarios obtenida a trav\u00e9s de la continua observaci\u00f3n de sus h\u00e1bitos de navegaci\u00f3n, lo que permite desarrollar un perfil espec\u00edfico para mostrar publicidad en funci\u00f3n del mismo.<\/p>\n<p style=\"text-align: left;\"><strong>\u2022 Cookies de geolocalizaci\u00f3n:<\/strong> se utilizan para saber en qu\u00e9 sitio se encuentra un usuario cuando solicita un servicio. Esta cookie es an\u00f3nima y se usa por ejemplo para ofrecerle la informaci\u00f3n adecuada dependiendo del pa\u00eds en el que se encuentre.<\/p>\n<p>&nbsp;<\/p>\n<p style=\"text-align: left;\"><strong>Tipo de Cookies seg\u00fan plazo de tiempo que permanecen activadas:<\/strong><\/p>\n<p style=\"text-align: left;\"><strong>\u2022 Cookies de sesi\u00f3n:<\/strong> son aquellas dise\u00f1adas para recabar y almacenar datos mientras el usuario accede a una p\u00e1gina web. Se suelen utilizar para almacenar informaci\u00f3n que s\u00f3lo interesa conservar para la prestaci\u00f3n del servicio solicitado por el usuario en una sola ocasi\u00f3n (por ejemplo, una lista de productos adquiridos) y desaparecen al finalizar la sesi\u00f3n.<\/p>\n<p style=\"text-align: left;\"><strong>\u2022 Cookies persistentes:<\/strong> son aquellas en las que los datos siguen almacenados en el terminal y pueden ser accedidos y tratados durante un per\u00edodo definido por el responsable de la cookie, y que puede ir de unos minutos a varios a\u00f1os.<\/p>\n<p>&nbsp;<\/p>\n<p style=\"text-align: left;\"><strong>COOKIES UTILIZADAS EN NUESTRA WEB<\/strong><\/p>\n<p style=\"text-align: left;\"><strong>\u2022 PHPSESSID:<\/strong> cookie t\u00e9cnica y estrictamente necesaria que contiene el identificador de la sesi\u00f3n. Se elimina al cerrar el navegador.<\/p>\n<p style=\"text-align: left;\"><strong>\u2022 acceptCookies:<\/strong> cookie t\u00e9cnica y estrictamente necesaria que contiene la opci\u00f3n marcada en la aceptaci\u00f3n o personalizaci\u00f3n del m\u00f3dulo de cookies.<\/p>\n<p style=\"text-align: left;\"><strong>\u2022 ac_cookies:<\/strong> cookie t\u00e9cnica y estrictamente necesaria que contiene el valor de si se ha aceptado la instalaci\u00f3n de cookies. Caduca en 1 a\u00f1o desde su \u00faltima actualizaci\u00f3n.<\/p>\n<p style=\"text-align: left;\"><strong>\u2022 _ga:<\/strong> cookie de Google Analytics Universal que habilita la funci\u00f3n de control de visitas \u00fanicas. La primera vez que un usuario entre en el sitio web a trav\u00e9s de un navegador se instalar\u00e1 esta cookie. Cuando este usuario vuelva a entrar en la web con el mismo navegador, la cookie considerar\u00e1 que es el mismo usuario. S\u00f3lo en caso de que el usuario cambie de navegador, se considerar\u00e1 otro usuario. Caduca a los 2 a\u00f1os desde su \u00faltima actualizaci\u00f3n. M\u00e1s informaci\u00f3n del tratamiento realizado por Google Analytics aqu\u00ed.<\/p>\n<p style=\"text-align: left;\"><strong>\u2022 _gat:<\/strong> Esta cookie se asocia con Google Analytics. Se utiliza para limitar la velocidad de petici\u00f3n &#8211; la limitaci\u00f3n de la recogida de datos en los sitios de alto tr\u00e1fico. Caduca a los 10 minutos.<\/p>\n<p style=\"text-align: left;\"><strong>\u2022 _gid:<\/strong> Esta cookie se asocia con Google Analytics. Se utiliza para distinguir a los usuarios. Caduca a las 24 horas.<\/p>\n<p>&nbsp;<\/p>\n<p style=\"text-align: left;\"><strong>\u00bfC\u00d3MO SE ELIMINAN LAS COOKIES EN LOS NAVEGADORES?<\/strong><\/p>\n<p style=\"text-align: left;\">El usuario puede, en cualquier momento, permitir, bloquear o eliminar las cookies instaladas en su equipo mediante la modificaci\u00f3n de los par\u00e1metros de configuraci\u00f3n del navegador instalado en su ordenador:<\/p>\n<p style=\"text-align: left;\">\u2022 Chrome Configuraci\u00f3n -&gt; Mostrar opciones avanzadas -&gt; Privacidad -&gt; Configuraci\u00f3n del contenido.<br \/>\nPara m\u00e1s informaci\u00f3n, puede consultar el soporte de Google o la Ayuda del navegador.<\/p>\n<p style=\"text-align: left;\">\u2022 Explorer Herramientas -&gt; Opciones de Internet -&gt; Privacidad -&gt; Configuraci\u00f3n.<br \/>\nPara m\u00e1s informaci\u00f3n, puede consultar el soporte de Microsoft o la Ayuda del navegador.<\/p>\n<p style=\"text-align: left;\">\u2022 Firefox Herramientas -&gt; Opciones -&gt; Privacidad -&gt; Historial -&gt; Configuraci\u00f3n Personalizada.<br \/>\nPara m\u00e1s informaci\u00f3n, puede consultar el soporte de Mozilla o la Ayuda del navegador.<\/p>\n<p style=\"text-align: left;\">\u2022 Safari Preferencias -&gt; Seguridad.<br \/>\nPara m\u00e1s informaci\u00f3n, puede consultar el soporte de Apple o la Ayuda del navegador<\/p>\n<p style=\"text-align: left;\">La desactivaci\u00f3n de las cookies no impide la navegaci\u00f3n por el sitio web, aunque el uso de algunos de sus servicios podr\u00e1 ser limitado y, por tanto, su experiencia de navegaci\u00f3n podr\u00e1 ser menos satisfactoria.<\/p>\n<p>&nbsp;<\/p>\n<p style=\"text-align: left;\"><strong>RETIRAR EL CONSENTIMIENTO<\/strong><\/p>\n<p style=\"text-align: left;\">El usuario podr\u00e1 retirar en cualquier momento su consentimiento relacionado con la Pol\u00edtica de Cookies, pudiendo eliminar las cookies almacenadas en su equipo a trav\u00e9s de los ajustes y configuraciones de su navegador de Internet, indicados anteriormente.<\/p>\n<p>&nbsp;<\/p>\n<p style=\"text-align: left;\">La presente Pol\u00edtica de Cookies podr\u00e1 modificarse cuando as\u00ed lo exija la legislaci\u00f3n vigente en cada momento o cuando hubiera alguna variaci\u00f3n en el tipo de cookies utilizadas en el sitio web. Por eso, le recomendamos revisar esta pol\u00edtica cada vez que acceda a nuestro sitio web con el objetivo de estar adecuadamente informado sobre c\u00f3mo y para qu\u00e9 usamos las cookies.<\/p>\n","protected":false},"excerpt":{"rendered":"<p>Esta pol\u00edtica de cookies tiene por finalidad informar de forma clara y precisa sobre las cookies que se utilizan en nuestra web. Utilizamos cookies propias y de terceros para mejorar nuestros servicios, personalizar nuestro sitio web, facilitar la navegaci\u00f3n de nuestros usuarios, proporcionarle una mejor experiencia en el uso del sitio web, identificar problemas para&hellip; <a class=\"more-link\" href=\"https:\/\/oncoalicia.com\/es\/politica-de-cookies\/\">Seguir leyendo <span class=\"screen-reader-text\">Pol\u00edtica de cookies<\/span><\/a><\/p>\n","protected":false},"author":2,"featured_media":0,"parent":0,"menu_order":0,"comment_status":"closed","ping_status":"closed","template":"","meta":{"footnotes":""},"class_list":["post-4049","page","type-page","status-publish","hentry","entry"],"yoast_head":"<!-- This site is optimized with the Yoast SEO plugin v26.9 - https:\/\/yoast.com\/product\/yoast-seo-wordpress\/ -->\n<title>P\u00e1gina de la pol\u00edtica de cookies - Oncoalicia<\/title>\n<meta name=\"description\" content=\"P\u00e1gina de la pol\u00edtica de cookies del sitio web de Oncoalicia.\" \/>\n<meta name=\"robots\" content=\"index, follow, max-snippet:-1, max-image-preview:large, max-video-preview:-1\" \/>\n<link rel=\"canonical\" href=\"https:\/\/oncoalicia.com\/es\/politica-de-cookies\/\" \/>\n<meta property=\"og:locale\" content=\"es_ES\" \/>\n<meta property=\"og:type\" content=\"article\" \/>\n<meta property=\"og:title\" content=\"P\u00e1gina de la pol\u00edtica de cookies - Oncoalicia\" \/>\n<meta property=\"og:description\" content=\"P\u00e1gina de la pol\u00edtica de cookies del sitio web de Oncoalicia.\" \/>\n<meta property=\"og:url\" content=\"https:\/\/oncoalicia.com\/es\/politica-de-cookies\/\" \/>\n<meta property=\"og:site_name\" content=\"Oncoalicia\" \/>\n<meta property=\"article:modified_time\" content=\"2025-07-10T08:50:33+00:00\" \/>\n<meta property=\"og:image\" content=\"https:\/\/oncoalicia.com\/wp-content\/uploads\/2021\/12\/Asset-3.png\" \/>\n\t<meta property=\"og:image:width\" content=\"300\" \/>\n\t<meta property=\"og:image:height\" content=\"300\" \/>\n\t<meta property=\"og:image:type\" content=\"image\/png\" \/>\n<meta name=\"twitter:card\" content=\"summary_large_image\" \/>\n<meta name=\"twitter:label1\" content=\"Tiempo de lectura\" \/>\n\t<meta name=\"twitter:data1\" content=\"7 minutos\" \/>\n<script type=\"application\/ld+json\" class=\"yoast-schema-graph\">{\"@context\":\"https:\/\/schema.org\",\"@graph\":[{\"@type\":\"WebPage\",\"@id\":\"https:\/\/oncoalicia.com\/es\/politica-de-cookies\/\",\"url\":\"https:\/\/oncoalicia.com\/es\/politica-de-cookies\/\",\"name\":\"P\u00e1gina de la pol\u00edtica de cookies - Oncoalicia\",\"isPartOf\":{\"@id\":\"https:\/\/oncoalicia.com\/es\/#website\"},\"datePublished\":\"2022-10-27T21:46:05+00:00\",\"dateModified\":\"2025-07-10T08:50:33+00:00\",\"description\":\"P\u00e1gina de la pol\u00edtica de cookies del sitio web de Oncoalicia.\",\"breadcrumb\":{\"@id\":\"https:\/\/oncoalicia.com\/es\/politica-de-cookies\/#breadcrumb\"},\"inLanguage\":\"es\",\"potentialAction\":[{\"@type\":\"ReadAction\",\"target\":[\"https:\/\/oncoalicia.com\/es\/politica-de-cookies\/\"]}]},{\"@type\":\"BreadcrumbList\",\"@id\":\"https:\/\/oncoalicia.com\/es\/politica-de-cookies\/#breadcrumb\",\"itemListElement\":[{\"@type\":\"ListItem\",\"position\":1,\"name\":\"Portada\",\"item\":\"https:\/\/oncoalicia.com\/es\/\"},{\"@type\":\"ListItem\",\"position\":2,\"name\":\"Pol\u00edtica de cookies\"}]},{\"@type\":\"WebSite\",\"@id\":\"https:\/\/oncoalicia.com\/es\/#website\",\"url\":\"https:\/\/oncoalicia.com\/es\/\",\"name\":\"Oncoal\u00edcia\",\"description\":\"Comer durante el Tratamiento del C\u00e1ncer\",\"publisher\":{\"@id\":\"https:\/\/oncoalicia.com\/es\/#organization\"},\"alternateName\":\"Oncoal\u00edcia | Comer durante el Tratamiento del C\u00e1ncer\",\"potentialAction\":[{\"@type\":\"SearchAction\",\"target\":{\"@type\":\"EntryPoint\",\"urlTemplate\":\"https:\/\/oncoalicia.com\/es\/?s={search_term_string}\"},\"query-input\":{\"@type\":\"PropertyValueSpecification\",\"valueRequired\":true,\"valueName\":\"search_term_string\"}}],\"inLanguage\":\"es\"},{\"@type\":\"Organization\",\"@id\":\"https:\/\/oncoalicia.com\/es\/#organization\",\"name\":\"Oncoal\u00edcia\",\"alternateName\":\"Oncoal\u00edcia | Comer durante el Tratamiento del C\u00e1ncer\",\"url\":\"https:\/\/oncoalicia.com\/es\/\",\"logo\":{\"@type\":\"ImageObject\",\"inLanguage\":\"es\",\"@id\":\"https:\/\/oncoalicia.com\/es\/#\/schema\/logo\/image\/\",\"url\":\"https:\/\/oncoalicia.com\/wp-content\/uploads\/2022\/11\/logo_rrss.png\",\"contentUrl\":\"https:\/\/oncoalicia.com\/wp-content\/uploads\/2022\/11\/logo_rrss.png\",\"width\":300,\"height\":300,\"caption\":\"Oncoal\u00edcia\"},\"image\":{\"@id\":\"https:\/\/oncoalicia.com\/es\/#\/schema\/logo\/image\/\"}}]}<\/script>\n<!-- \/ Yoast SEO plugin. -->","yoast_head_json":{"title":"P\u00e1gina de la pol\u00edtica de cookies - Oncoalicia","description":"P\u00e1gina de la pol\u00edtica de cookies del sitio web de Oncoalicia.","robots":{"index":"index","follow":"follow","max-snippet":"max-snippet:-1","max-image-preview":"max-image-preview:large","max-video-preview":"max-video-preview:-1"},"canonical":"https:\/\/oncoalicia.com\/es\/politica-de-cookies\/","og_locale":"es_ES","og_type":"article","og_title":"P\u00e1gina de la pol\u00edtica de cookies - Oncoalicia","og_description":"P\u00e1gina de la pol\u00edtica de cookies del sitio web de Oncoalicia.","og_url":"https:\/\/oncoalicia.com\/es\/politica-de-cookies\/","og_site_name":"Oncoalicia","article_modified_time":"2025-07-10T08:50:33+00:00","og_image":[{"width":300,"height":300,"url":"https:\/\/oncoalicia.com\/wp-content\/uploads\/2021\/12\/Asset-3.png","type":"image\/png"}],"twitter_card":"summary_large_image","twitter_misc":{"Tiempo de lectura":"7 minutos"},"schema":{"@context":"https:\/\/schema.org","@graph":[{"@type":"WebPage","@id":"https:\/\/oncoalicia.com\/es\/politica-de-cookies\/","url":"https:\/\/oncoalicia.com\/es\/politica-de-cookies\/","name":"P\u00e1gina de la pol\u00edtica de cookies - Oncoalicia","isPartOf":{"@id":"https:\/\/oncoalicia.com\/es\/#website"},"datePublished":"2022-10-27T21:46:05+00:00","dateModified":"2025-07-10T08:50:33+00:00","description":"P\u00e1gina de la pol\u00edtica de cookies del sitio web de Oncoalicia.","breadcrumb":{"@id":"https:\/\/oncoalicia.com\/es\/politica-de-cookies\/#breadcrumb"},"inLanguage":"es","potentialAction":[{"@type":"ReadAction","target":["https:\/\/oncoalicia.com\/es\/politica-de-cookies\/"]}]},{"@type":"BreadcrumbList","@id":"https:\/\/oncoalicia.com\/es\/politica-de-cookies\/#breadcrumb","itemListElement":[{"@type":"ListItem","position":1,"name":"Portada","item":"https:\/\/oncoalicia.com\/es\/"},{"@type":"ListItem","position":2,"name":"Pol\u00edtica de cookies"}]},{"@type":"WebSite","@id":"https:\/\/oncoalicia.com\/es\/#website","url":"https:\/\/oncoalicia.com\/es\/","name":"Oncoal\u00edcia","description":"Comer durante el Tratamiento del C\u00e1ncer","publisher":{"@id":"https:\/\/oncoalicia.com\/es\/#organization"},"alternateName":"Oncoal\u00edcia | Comer durante el Tratamiento del C\u00e1ncer","potentialAction":[{"@type":"SearchAction","target":{"@type":"EntryPoint","urlTemplate":"https:\/\/oncoalicia.com\/es\/?s={search_term_string}"},"query-input":{"@type":"PropertyValueSpecification","valueRequired":true,"valueName":"search_term_string"}}],"inLanguage":"es"},{"@type":"Organization","@id":"https:\/\/oncoalicia.com\/es\/#organization","name":"Oncoal\u00edcia","alternateName":"Oncoal\u00edcia | Comer durante el Tratamiento del C\u00e1ncer","url":"https:\/\/oncoalicia.com\/es\/","logo":{"@type":"ImageObject","inLanguage":"es","@id":"https:\/\/oncoalicia.com\/es\/#\/schema\/logo\/image\/","url":"https:\/\/oncoalicia.com\/wp-content\/uploads\/2022\/11\/logo_rrss.png","contentUrl":"https:\/\/oncoalicia.com\/wp-content\/uploads\/2022\/11\/logo_rrss.png","width":300,"height":300,"caption":"Oncoal\u00edcia"},"image":{"@id":"https:\/\/oncoalicia.com\/es\/#\/schema\/logo\/image\/"}}]}},"_links":{"self":[{"href":"https:\/\/oncoalicia.com\/es\/wp-json\/wp\/v2\/pages\/4049","targetHints":{"allow":["GET"]}}],"collection":[{"href":"https:\/\/oncoalicia.com\/es\/wp-json\/wp\/v2\/pages"}],"about":[{"href":"https:\/\/oncoalicia.com\/es\/wp-json\/wp\/v2\/types\/page"}],"author":[{"embeddable":true,"href":"https:\/\/oncoalicia.com\/es\/wp-json\/wp\/v2\/users\/2"}],"replies":[{"embeddable":true,"href":"https:\/\/oncoalicia.com\/es\/wp-json\/wp\/v2\/comments?post=4049"}],"version-history":[{"count":1,"href":"https:\/\/oncoalicia.com\/es\/wp-json\/wp\/v2\/pages\/4049\/revisions"}],"predecessor-version":[{"id":10931,"href":"https:\/\/oncoalicia.com\/es\/wp-json\/wp\/v2\/pages\/4049\/revisions\/10931"}],"wp:attachment":[{"href":"https:\/\/oncoalicia.com\/es\/wp-json\/wp\/v2\/media?parent=4049"}],"curies":[{"name":"wp","href":"https:\/\/api.w.org\/{rel}","templated":true}]}}