{"id":4051,"date":"2021-09-13T16:29:04","date_gmt":"2021-09-13T16:29:04","guid":{"rendered":"https:\/\/www.oncoalicia.com\/mitos-y-creencias-alimentarias-durante-el-cancer\/"},"modified":"2025-07-04T06:58:00","modified_gmt":"2025-07-04T06:58:00","slug":"mitos-y-creencias","status":"publish","type":"page","link":"https:\/\/oncoalicia.com\/es\/mitos-y-creencias\/","title":{"rendered":"Mitos y evidencias cient\u00edficas sobre alimentaci\u00f3n y c\u00e1ncer"},"content":{"rendered":"<p class=\"p1\" style=\"text-align: left;\">En este apartado se recogen y se analizan algunas de las creencias y mitos alimentarios m\u00e1s comunes relacionados con la alimentaci\u00f3n durante el tratamiento de c\u00e1ncer, explicando si est\u00e1n fundamentados o si, por lo contrario, no tienen ninguna base cient\u00edfica firme que los sostenga.<\/p>\n<p><a role=\"button\" href=\"#collapseExample\" data-toggle=\"collapse\" aria-expanded=\"false\" aria-controls=\"collapseExample-9\">M\u00e1s informaci\u00f3n <i class=\"fa fa-arrow-down\" aria-hidden=\"true\"><\/i><\/a><\/p>\n<div id=\"collapseExample\" class=\"collapse\">\n<p class=\"p1\" style=\"text-align: left;\">La b\u00fasqueda de informaci\u00f3n sobre los aspectos alimentarios que podr\u00edan modificarse para combatir la enfermedad es una pr\u00e1ctica com\u00fan tras el diagn\u00f3stico del c\u00e1ncer. Productos, cocciones, utensilios, dietas\u2026 que podr\u00edan ser perjudiciales o que podr\u00edan tener un efecto m\u00e1gico o milagroso en el organismo. Toda esta informaci\u00f3n de p\u00e1ginas web, libros, revistas hasta incluso de consejos de amigos o familiares que han o\u00eddo o le\u00eddo sobre el tema, puede generar una sobreinformaci\u00f3n y con ella sensaci\u00f3n de angustia, al no saber qu\u00e9 es lo realmente cierto y lo que no. En algunos casos, se termina por eliminar de la alimentaci\u00f3n alimentos imprescindibles para afrontar la enfermedad o, al contrario, por a\u00f1adir alimentos, hierbas o suplementos que pueden ser perjudiciales o que, simplemente, incrementan el coste de la alimentaci\u00f3n sin ninguna evidencia real de su eficacia.  <span class=\"Apple-converted-space\"> <\/span><\/p>\n<p class=\"p1\" style=\"text-align: left;\">Para la elaboraci\u00f3n de este apartado, se ha realizado una revisi\u00f3n bibliogr\u00e1fica de estudios cient\u00edficos publicados en los \u00faltimos a\u00f1os y se han considerado las declaraciones de los organismos oficiales de seguridad alimentaria existentes, estatales e internacionales, como la ACSA (Agencia Catalana de Seguridad Alimentaria), la AECOSAN (Agencia Espa\u00f1ola de Consumo, Seguridad Alimentaria y Nutrici\u00f3n del Ministerio de Sanidad espa\u00f1ol); la EFSA (Agencia Europea de Seguridad Alimentaria); la FDA (Agencia de Alimentos y Medicamentos de Estados Unidos), y la OMS (Organizaci\u00f3n Mundial de la Salud). Tambi\u00e9n se han seguido las recomendaciones de diferentes institutos, sociedades y asociaciones especializados en la investigaci\u00f3n y la difusi\u00f3n de informaci\u00f3n relativa a la prevenci\u00f3n y el tratamiento del c\u00e1ncer.<\/p>\n<\/div>\n","protected":false},"excerpt":{"rendered":"<p>En este apartado se recogen y se analizan algunas de las creencias y mitos alimentarios m\u00e1s comunes relacionados con la alimentaci\u00f3n durante el tratamiento de c\u00e1ncer, explicando si est\u00e1n fundamentados o si, por lo contrario, no tienen ninguna base cient\u00edfica firme que los sostenga. M\u00e1s informaci\u00f3n La b\u00fasqueda de informaci\u00f3n sobre los aspectos alimentarios que&hellip; <a class=\"more-link\" href=\"https:\/\/oncoalicia.com\/es\/mitos-y-creencias\/\">Seguir leyendo <span class=\"screen-reader-text\">Mitos y evidencias cient\u00edficas sobre alimentaci\u00f3n y c\u00e1ncer<\/span><\/a><\/p>\n","protected":false},"author":2,"featured_media":0,"parent":0,"menu_order":0,"comment_status":"closed","ping_status":"closed","template":"","meta":{"footnotes":""},"class_list":["post-4051","page","type-page","status-publish","hentry","entry"],"yoast_head":"<!-- This site is optimized with the Yoast SEO plugin v26.9 - https:\/\/yoast.com\/product\/yoast-seo-wordpress\/ -->\n<title>Mitos sobre la alimentaci\u00f3n y el c\u00e1ncer - Oncoalicia<\/title>\n<meta name=\"description\" content=\"El proyecto analiza desde el rigor cient\u00edfico las creencias y mitos alimentarios relacionados con el tratamiento del c\u00e1ncer.\" \/>\n<meta name=\"robots\" content=\"index, follow, max-snippet:-1, max-image-preview:large, max-video-preview:-1\" \/>\n<link rel=\"canonical\" href=\"https:\/\/oncoalicia.com\/es\/mitos-y-creencias\/\" \/>\n<meta property=\"og:locale\" content=\"es_ES\" \/>\n<meta property=\"og:type\" content=\"article\" \/>\n<meta property=\"og:title\" content=\"Mitos sobre la alimentaci\u00f3n y el c\u00e1ncer - Oncoalicia\" \/>\n<meta property=\"og:description\" content=\"El proyecto analiza desde el rigor cient\u00edfico las creencias y mitos alimentarios relacionados con el tratamiento del c\u00e1ncer.\" \/>\n<meta property=\"og:url\" content=\"https:\/\/oncoalicia.com\/es\/mitos-y-creencias\/\" \/>\n<meta property=\"og:site_name\" content=\"Oncoalicia\" \/>\n<meta property=\"article:modified_time\" content=\"2025-07-04T06:58:00+00:00\" \/>\n<meta property=\"og:image\" content=\"https:\/\/oncoalicia.com\/wp-content\/uploads\/2021\/12\/Asset-3.png\" \/>\n\t<meta property=\"og:image:width\" content=\"300\" \/>\n\t<meta property=\"og:image:height\" content=\"300\" \/>\n\t<meta property=\"og:image:type\" content=\"image\/png\" \/>\n<meta name=\"twitter:card\" content=\"summary_large_image\" \/>\n<meta name=\"twitter:label1\" content=\"Tiempo de lectura\" \/>\n\t<meta name=\"twitter:data1\" content=\"2 minutos\" \/>\n<script type=\"application\/ld+json\" class=\"yoast-schema-graph\">{\"@context\":\"https:\/\/schema.org\",\"@graph\":[{\"@type\":\"WebPage\",\"@id\":\"https:\/\/oncoalicia.com\/es\/mitos-y-creencias\/\",\"url\":\"https:\/\/oncoalicia.com\/es\/mitos-y-creencias\/\",\"name\":\"Mitos sobre la alimentaci\u00f3n y el c\u00e1ncer - Oncoalicia\",\"isPartOf\":{\"@id\":\"https:\/\/oncoalicia.com\/es\/#website\"},\"datePublished\":\"2021-09-13T16:29:04+00:00\",\"dateModified\":\"2025-07-04T06:58:00+00:00\",\"description\":\"El proyecto analiza desde el rigor cient\u00edfico las creencias y mitos alimentarios relacionados con el tratamiento del c\u00e1ncer.\",\"breadcrumb\":{\"@id\":\"https:\/\/oncoalicia.com\/es\/mitos-y-creencias\/#breadcrumb\"},\"inLanguage\":\"es\",\"potentialAction\":[{\"@type\":\"ReadAction\",\"target\":[\"https:\/\/oncoalicia.com\/es\/mitos-y-creencias\/\"]}]},{\"@type\":\"BreadcrumbList\",\"@id\":\"https:\/\/oncoalicia.com\/es\/mitos-y-creencias\/#breadcrumb\",\"itemListElement\":[{\"@type\":\"ListItem\",\"position\":1,\"name\":\"Portada\",\"item\":\"https:\/\/oncoalicia.com\/es\/\"},{\"@type\":\"ListItem\",\"position\":2,\"name\":\"Mitos y evidencias cient\u00edficas sobre alimentaci\u00f3n y c\u00e1ncer\"}]},{\"@type\":\"WebSite\",\"@id\":\"https:\/\/oncoalicia.com\/es\/#website\",\"url\":\"https:\/\/oncoalicia.com\/es\/\",\"name\":\"Oncoal\u00edcia\",\"description\":\"Comer durante el Tratamiento del C\u00e1ncer\",\"publisher\":{\"@id\":\"https:\/\/oncoalicia.com\/es\/#organization\"},\"alternateName\":\"Oncoal\u00edcia | Comer durante el Tratamiento del C\u00e1ncer\",\"potentialAction\":[{\"@type\":\"SearchAction\",\"target\":{\"@type\":\"EntryPoint\",\"urlTemplate\":\"https:\/\/oncoalicia.com\/es\/?s={search_term_string}\"},\"query-input\":{\"@type\":\"PropertyValueSpecification\",\"valueRequired\":true,\"valueName\":\"search_term_string\"}}],\"inLanguage\":\"es\"},{\"@type\":\"Organization\",\"@id\":\"https:\/\/oncoalicia.com\/es\/#organization\",\"name\":\"Oncoal\u00edcia\",\"alternateName\":\"Oncoal\u00edcia | Comer durante el Tratamiento del C\u00e1ncer\",\"url\":\"https:\/\/oncoalicia.com\/es\/\",\"logo\":{\"@type\":\"ImageObject\",\"inLanguage\":\"es\",\"@id\":\"https:\/\/oncoalicia.com\/es\/#\/schema\/logo\/image\/\",\"url\":\"https:\/\/oncoalicia.com\/wp-content\/uploads\/2022\/11\/logo_rrss.png\",\"contentUrl\":\"https:\/\/oncoalicia.com\/wp-content\/uploads\/2022\/11\/logo_rrss.png\",\"width\":300,\"height\":300,\"caption\":\"Oncoal\u00edcia\"},\"image\":{\"@id\":\"https:\/\/oncoalicia.com\/es\/#\/schema\/logo\/image\/\"}}]}<\/script>\n<!-- \/ Yoast SEO plugin. -->","yoast_head_json":{"title":"Mitos sobre la alimentaci\u00f3n y el c\u00e1ncer - Oncoalicia","description":"El proyecto analiza desde el rigor cient\u00edfico las creencias y mitos alimentarios relacionados con el tratamiento del c\u00e1ncer.","robots":{"index":"index","follow":"follow","max-snippet":"max-snippet:-1","max-image-preview":"max-image-preview:large","max-video-preview":"max-video-preview:-1"},"canonical":"https:\/\/oncoalicia.com\/es\/mitos-y-creencias\/","og_locale":"es_ES","og_type":"article","og_title":"Mitos sobre la alimentaci\u00f3n y el c\u00e1ncer - Oncoalicia","og_description":"El proyecto analiza desde el rigor cient\u00edfico las creencias y mitos alimentarios relacionados con el tratamiento del c\u00e1ncer.","og_url":"https:\/\/oncoalicia.com\/es\/mitos-y-creencias\/","og_site_name":"Oncoalicia","article_modified_time":"2025-07-04T06:58:00+00:00","og_image":[{"width":300,"height":300,"url":"https:\/\/oncoalicia.com\/wp-content\/uploads\/2021\/12\/Asset-3.png","type":"image\/png"}],"twitter_card":"summary_large_image","twitter_misc":{"Tiempo de lectura":"2 minutos"},"schema":{"@context":"https:\/\/schema.org","@graph":[{"@type":"WebPage","@id":"https:\/\/oncoalicia.com\/es\/mitos-y-creencias\/","url":"https:\/\/oncoalicia.com\/es\/mitos-y-creencias\/","name":"Mitos sobre la alimentaci\u00f3n y el c\u00e1ncer - Oncoalicia","isPartOf":{"@id":"https:\/\/oncoalicia.com\/es\/#website"},"datePublished":"2021-09-13T16:29:04+00:00","dateModified":"2025-07-04T06:58:00+00:00","description":"El proyecto analiza desde el rigor cient\u00edfico las creencias y mitos alimentarios relacionados con el tratamiento del c\u00e1ncer.","breadcrumb":{"@id":"https:\/\/oncoalicia.com\/es\/mitos-y-creencias\/#breadcrumb"},"inLanguage":"es","potentialAction":[{"@type":"ReadAction","target":["https:\/\/oncoalicia.com\/es\/mitos-y-creencias\/"]}]},{"@type":"BreadcrumbList","@id":"https:\/\/oncoalicia.com\/es\/mitos-y-creencias\/#breadcrumb","itemListElement":[{"@type":"ListItem","position":1,"name":"Portada","item":"https:\/\/oncoalicia.com\/es\/"},{"@type":"ListItem","position":2,"name":"Mitos y evidencias cient\u00edficas sobre alimentaci\u00f3n y c\u00e1ncer"}]},{"@type":"WebSite","@id":"https:\/\/oncoalicia.com\/es\/#website","url":"https:\/\/oncoalicia.com\/es\/","name":"Oncoal\u00edcia","description":"Comer durante el Tratamiento del C\u00e1ncer","publisher":{"@id":"https:\/\/oncoalicia.com\/es\/#organization"},"alternateName":"Oncoal\u00edcia | Comer durante el Tratamiento del C\u00e1ncer","potentialAction":[{"@type":"SearchAction","target":{"@type":"EntryPoint","urlTemplate":"https:\/\/oncoalicia.com\/es\/?s={search_term_string}"},"query-input":{"@type":"PropertyValueSpecification","valueRequired":true,"valueName":"search_term_string"}}],"inLanguage":"es"},{"@type":"Organization","@id":"https:\/\/oncoalicia.com\/es\/#organization","name":"Oncoal\u00edcia","alternateName":"Oncoal\u00edcia | Comer durante el Tratamiento del C\u00e1ncer","url":"https:\/\/oncoalicia.com\/es\/","logo":{"@type":"ImageObject","inLanguage":"es","@id":"https:\/\/oncoalicia.com\/es\/#\/schema\/logo\/image\/","url":"https:\/\/oncoalicia.com\/wp-content\/uploads\/2022\/11\/logo_rrss.png","contentUrl":"https:\/\/oncoalicia.com\/wp-content\/uploads\/2022\/11\/logo_rrss.png","width":300,"height":300,"caption":"Oncoal\u00edcia"},"image":{"@id":"https:\/\/oncoalicia.com\/es\/#\/schema\/logo\/image\/"}}]}},"_links":{"self":[{"href":"https:\/\/oncoalicia.com\/es\/wp-json\/wp\/v2\/pages\/4051","targetHints":{"allow":["GET"]}}],"collection":[{"href":"https:\/\/oncoalicia.com\/es\/wp-json\/wp\/v2\/pages"}],"about":[{"href":"https:\/\/oncoalicia.com\/es\/wp-json\/wp\/v2\/types\/page"}],"author":[{"embeddable":true,"href":"https:\/\/oncoalicia.com\/es\/wp-json\/wp\/v2\/users\/2"}],"replies":[{"embeddable":true,"href":"https:\/\/oncoalicia.com\/es\/wp-json\/wp\/v2\/comments?post=4051"}],"version-history":[{"count":0,"href":"https:\/\/oncoalicia.com\/es\/wp-json\/wp\/v2\/pages\/4051\/revisions"}],"wp:attachment":[{"href":"https:\/\/oncoalicia.com\/es\/wp-json\/wp\/v2\/media?parent=4051"}],"curies":[{"name":"wp","href":"https:\/\/api.w.org\/{rel}","templated":true}]}}