{"id":6124,"date":"2021-11-29T02:15:35","date_gmt":"2021-11-29T02:15:35","guid":{"rendered":"https:\/\/www.oncoalicia.com\/?page_id=6124"},"modified":"2025-07-04T06:33:52","modified_gmt":"2025-07-04T06:33:52","slug":"home","status":"publish","type":"page","link":"https:\/\/oncoalicia.com\/es\/","title":{"rendered":"Home"},"content":{"rendered":"<section>\n<div class=\"container\">\n<div class=\"row box-home-1\">\n<div class=\"col-md-6 text-left\">\n<h2>\u00bfQu\u00e9 comer durante el tratamiento del c\u00e1ncer?<\/h2>\n<p>Aqu\u00ed encontrar\u00e1s recetas adaptadas a muchas situaciones.<br \/>\n<a href=\"\/es\/recetas\/\">Recetas <i class=\"fa fa-arrow-right\" aria-hidden=\"true\"><\/i><\/a><\/p>\n<\/div>\n<div class=\"col-md-6 text-center\"><img decoding=\"async\" class=\"img-fluid\" src=\"https:\/\/oncoalicia.com\/wp-content\/uploads\/2025\/06\/imghome-1.jpg\" width=\"100%\" \/><\/div>\n<\/div>\n<div class=\"row box-home-2\">\n<div class=\"col-md-4 desktop text-center\"><img decoding=\"async\" class=\"img-fluid\" src=\"https:\/\/oncoalicia.com\/wp-content\/uploads\/2025\/06\/imghome-2.jpg\" width=\"100%\" \/><\/div>\n<div class=\"col-md-8 text-left\" style=\"padding-top: 50px; padding-left: 0px;\">\n<h1>OncoAl\u00edcia: Alimentaci\u00f3n durante el tratamiento del c\u00e1ncer<\/h1>\n<p>Impulsado por la Fundaci\u00f3n Catalunya La Pedrera y desarrollado por la Fundaci\u00f3n Al\u00edcia con la colaboraci\u00f3n de diferentes entidades de referencia.<br \/>\n<a href=\"\/es\/proyecto\/\">Conoce el proyecto <i class=\"fa fa-arrow-right\" aria-hidden=\"true\"><\/i><\/a><\/p>\n<\/div>\n<div class=\"col-md-4 mobile text-center\"><img decoding=\"async\" class=\"img-fluid\" src=\"https:\/\/oncoalicia.com\/wp-content\/uploads\/2025\/06\/imghome-2.jpg\" width=\"100%\" \/><\/div>\n<\/div>\n<div class=\"row box-home-3\">\n<div class=\"col-md-8 text-left\" style=\"margin-top: 80px;\">\n<h2>Seminario web \u201cAlimentaci\u00f3n durante el tratamiento del c\u00e1ncer g\u00e1strico\u201d<\/h2>\n<p>Recupera la sesi\u00f3n para profesionales sanitarios en el siguiente <a style=\"display: inline-block;\" href=\"https:\/\/youtu.be\/mFSKYCilSpA\" target=\"_blank\" rel=\"noopener\">enlace <i class=\"fa fa-arrow-right\" aria-hidden=\"true\"><\/i><\/a><\/p>\n<\/div>\n<div class=\"col-md-4 text-center\"><img decoding=\"async\" class=\"img-fluid\" src=\"https:\/\/oncoalicia.com\/wp-content\/uploads\/2025\/06\/Calabaza-matoI_-y-pesto2.jpg\" width=\"100%\" \/><\/div>\n<\/div>\n<\/div>\n<\/div>\n<div class=\"container\" style=\"margin-top: 40px;\">\n<div class=\"row\">\n<div class=\"col-md-3 col-sm-6\">\n<p><a href=\"\/es\/recomendaciones-generales\/\"><\/p>\n<div class=\"acceso\" data-wp-editing=\"1\"><img decoding=\"async\" class=\"icono\" src=\"http:\/\/oncoalicia.com\/wp-content\/uploads\/2023\/01\/01.png\" width=\"100\" \/>Recomendaciones generales<img decoding=\"async\" src=\"http:\/\/oncoalicia.com\/wp-content\/uploads\/2023\/01\/arrow.png\" width=\"10\" \/><\/div>\n<p><\/a><\/p>\n<\/div>\n<div class=\"col-md-3 col-sm-6\">\n<a href=\"\/es\/mitos-y-creencias\/\"><\/p>\n<div class=\"acceso\" data-wp-editing=\"1\"><img decoding=\"async\" class=\"icono\" src=\"http:\/\/oncoalicia.com\/wp-content\/uploads\/2023\/01\/02.png\" width=\"100\" \/>Mitos y creencias<img decoding=\"async\" src=\"http:\/\/oncoalicia.com\/wp-content\/uploads\/2023\/01\/arrow.png\" width=\"10\" \/><\/div>\n<p><\/a><\/p>\n<\/div>\n<div class=\"col-md-3 col-sm-6\">\n<a href=\"\/es\/tipos-de-cancer\/\"><\/p>\n<div class=\"acceso\" data-wp-editing=\"1\"><img decoding=\"async\" class=\"icono\" src=\"http:\/\/oncoalicia.com\/wp-content\/uploads\/2023\/01\/03.png\" width=\"100\" \/>Tipos de c\u00e1ncer<img decoding=\"async\" src=\"http:\/\/oncoalicia.com\/wp-content\/uploads\/2023\/01\/arrow.png\" width=\"10\" \/><\/div>\n<p><\/a><br \/>\n&nbsp;<\/p>\n<\/div>\n<div class=\"col-md-3 col-sm-6\">\n<a href=\"\/es\/efectos-secundarios-del-tratamiento\/\"><\/p>\n<div class=\"acceso\" data-wp-editing=\"1\"><img decoding=\"async\" class=\"icono\" src=\"http:\/\/oncoalicia.com\/wp-content\/uploads\/2023\/01\/04.png\" width=\"100\" \/>Efectos secundarios<img decoding=\"async\" src=\"http:\/\/oncoalicia.com\/wp-content\/uploads\/2023\/01\/arrow.png\" width=\"10\" \/><\/div>\n<p><\/a><br \/>\n&nbsp;<\/p>\n<\/div>\n<\/div>\n<\/div>\n<div class=\"container\">\n<div class=\"row\">\n<div class=\"col-12 text-center\" style=\"margin: 40px 0px 0px;\">\n<h3 style=\"font-size: 20px; color: #ff6600; font-weight: bold;\">Te ense\u00f1amos c\u00f3mo funciona la web \u2193<\/h3>\n<\/div>\n<div class=\"col-12\" style=\"margin: 40px 0px;\">\n<div style=\"width: 100px;\" class=\"wp-video\"><video class=\"wp-video-shortcode\" id=\"video-6124-1\" width=\"100\" height=\"500\" preload=\"metadata\" controls=\"controls\"><source type=\"video\/mp4\" src=\"http:\/\/oncoalicia.com\/wp-content\/uploads\/2023\/01\/Castella.mp4?_=1\" \/><a href=\"http:\/\/oncoalicia.com\/wp-content\/uploads\/2023\/01\/Castella.mp4\">http:\/\/oncoalicia.com\/wp-content\/uploads\/2023\/01\/Castella.mp4<\/a><\/video><\/div>\n<\/div>\n<\/div>\n<\/div>\n<div class=\"container-fluid p-0\"><img decoding=\"async\" src=\"http:\/\/oncoalicia.com\/wp-content\/uploads\/2022\/12\/fondo.png\" width=\"100%\" \/><\/div>\n<div class=\"container-fluid fnd-orange\">\n<div class=\"container\">\n<div class=\"row\">\n<div class=\"col-md-12 text-center download\">\n            <a href=\"http:\/\/oncoalicia.com\/en\/project\/#guias\"><strong>Descarrega les guies<\/strong><\/a><br \/>\n            <i class=\"fa fa-arrow-down\" aria-hidden=\"true\"><\/i>\n          <\/div>\n<div class=\"col-md-12 text-center\">\n<div id=\"carouselExampleIndicators\" class=\"carousel slide desktop\" data-ride=\"carousel\">\n<div class=\"carousel-inner\">\n<div class=\"carousel-item active\">\n<div class=\"row w-60\">\n<div class=\"col-md-4 sin-padding text-center\">\n                      <a href=\"http:\/\/oncoalicia.com\/wp-content\/uploads\/2023\/01\/1.-Guies_alicia_1-ESP.pdf\" target=\"_blank\" rel=\"noopener\"><br \/>\n                        <img decoding=\"async\" class=\"d-block img-slide\" src=\"https:\/\/oncoalicia.com\/wp-content\/uploads\/2025\/06\/01.png\" width=\"180\"><br \/>\n                      <\/a>\n                    <\/div>\n<div class=\"col-md-4 sin-padding text-center\">\n                      <a href=\"http:\/\/oncoalicia.com\/wp-content\/uploads\/2023\/01\/2.-Guies_alicia_2-ESP.pdf\" target=\"_blank\" rel=\"noopener\"><br \/>\n                        <img decoding=\"async\" class=\"d-block img-slide\" src=\"https:\/\/oncoalicia.com\/wp-content\/uploads\/2025\/06\/02.png\" width=\"180\"><br \/>\n                      <\/a>\n                    <\/div>\n<div class=\"col-md-4 sin-padding text-center\">\n                      <a href=\"http:\/\/oncoalicia.com\/wp-content\/uploads\/2023\/01\/3.-Guies_alicia_3-ESP.pdf\" target=\"_blank\" rel=\"noopener\"><br \/>\n                        <img decoding=\"async\" class=\"d-block img-slide\" src=\"https:\/\/oncoalicia.com\/wp-content\/uploads\/2025\/06\/03.png\" width=\"180\"><br \/>\n                      <\/a>\n                    <\/div>\n<\/p><\/div>\n<\/p><\/div>\n<div class=\"carousel-item\">\n<div class=\"row w-60\">\n<div class=\"col-md-3 sin-padding text-center\">\n                      <a href=\"http:\/\/oncoalicia.com\/wp-content\/uploads\/2023\/01\/4.-Guies_alicia_4-ESP.pdf\" target=\"_blank\" rel=\"noopener\"><br \/>\n                        <img decoding=\"async\" class=\"d-block img-slide\" src=\"https:\/\/oncoalicia.com\/wp-content\/uploads\/2025\/06\/04.png\" width=\"180\"><br \/>\n                      <\/a>\n                    <\/div>\n<div class=\"col-md-3 sin-padding text-center\">\n                      <a href=\"http:\/\/oncoalicia.com\/wp-content\/uploads\/2023\/01\/5.-Guies_alicia_5CAST.pdf\" target=\"_blank\" rel=\"noopener\"><br \/>\n                        <img decoding=\"async\" class=\"d-block img-slide\" src=\"https:\/\/oncoalicia.com\/wp-content\/uploads\/2025\/06\/05.png\" width=\"180\"><br \/>\n                      <\/a>\n                    <\/div>\n<div class=\"col-md-3 sin-padding text-center\">\n                      <a href=\"http:\/\/oncoalicia.com\/wp-content\/uploads\/2023\/01\/6_PULMON_Alicia_ICO_CAST-min.pdf\" target=\"_blank\" rel=\"noopener\"><br \/>\n                        <img decoding=\"async\" class=\"d-block img-slide\" src=\"https:\/\/oncoalicia.com\/wp-content\/uploads\/2025\/06\/06.png\" width=\"180\"><br \/>\n                      <\/a>\n                    <\/div>\n<div class=\"col-md-3 sin-padding text-center\">\n                      <a href=\"http:\/\/oncoalicia.com\/wp-content\/uploads\/2023\/01\/7.-Guia_prostata_cast.pdf\" target=\"_blank\" rel=\"noopener\"><br \/>\n                        <img decoding=\"async\" class=\"d-block img-slide\" src=\"https:\/\/oncoalicia.com\/wp-content\/uploads\/2025\/06\/07.png\" width=\"180\"><br \/>\n                      <\/a>\n                    <\/div>\n<\/p><\/div>\n<\/p><\/div>\n<\/p><\/div>\n<p>              <a class=\"carousel-control-prev\" href=\"#carouselExampleIndicators\" role=\"button\" data-slide=\"prev\"><br \/>\n                <span class=\"carousel-control-prev-icon\" aria-hidden=\"true\"><\/span><br \/>\n                <span class=\"sr-only\">Previous<\/span><br \/>\n              <\/a><br \/>\n              <a class=\"carousel-control-next\" href=\"#carouselExampleIndicators\" role=\"button\" data-slide=\"next\"><br \/>\n                <span class=\"carousel-control-next-icon\" aria-hidden=\"true\"><\/span><br \/>\n                <span class=\"sr-only\">Next<\/span><br \/>\n              <\/a>\n            <\/div>\n<\/p><\/div>\n<div class=\"col-md-12 text-center\">\n<div id=\"carouselExampleIndicators-2\" class=\"carousel slide mobile\" data-ride=\"carousel\">\n<div class=\"carousel-inner\">\n<div class=\"carousel-item active\">\n<div class=\"row\">\n<div class=\"col-md-4 sin-padding text-center\">\n<a href=\"http:\/\/oncoalicia.com\/wp-content\/uploads\/2023\/01\/1.-Guies_alicia_1-ESP.pdf\" target=\"_blank\" rel=\"noopener\"><br \/>\n                        <img decoding=\"async\" class=\"img-slide\" src=\"https:\/\/oncoalicia.com\/wp-content\/uploads\/2025\/06\/01.png\" width=\"180\"><br \/>\n                        <\/a>\n                    <\/div>\n<\/p><\/div>\n<\/p><\/div>\n<div class=\"carousel-item\">\n<div class=\"row\">\n<div class=\"col-md-4 sin-padding text-center\">\n                        <a href=\"http:\/\/oncoalicia.com\/wp-content\/uploads\/2023\/01\/2.-Guies_alicia_2-ESP.pdf\" target=\"_blank\" rel=\"noopener\"><br \/>\n                        <img decoding=\"async\" class=\"img-slide\" src=\"https:\/\/oncoalicia.com\/wp-content\/uploads\/2025\/06\/02.png\" width=\"180\"><br \/>\n                        <\/a>\n                    <\/div>\n<\/p><\/div>\n<\/p><\/div>\n<div class=\"carousel-item\">\n<div class=\"row\">\n<div class=\"col-md-4 sin-padding text-center\">\n                        <a href=\"http:\/\/oncoalicia.com\/wp-content\/uploads\/2023\/01\/3.-Guies_alicia_3-ESP.pdf\" target=\"_blank\" rel=\"noopener\"><br \/>\n                        <img decoding=\"async\" class=\"img-slide\" src=\"https:\/\/oncoalicia.com\/wp-content\/uploads\/2025\/06\/03.png\" width=\"180\"><br \/>\n                        <\/a>\n                    <\/div>\n<\/p><\/div>\n<\/p><\/div>\n<div class=\"carousel-item\">\n<div class=\"row\">\n<div class=\"col-md-3 sin-padding text-center\">\n                        <a href=\"http:\/\/oncoalicia.com\/wp-content\/uploads\/2023\/01\/4.-Guies_alicia_4-ESP.pdf\" target=\"_blank\" rel=\"noopener\"><br \/>\n                        <img decoding=\"async\" class=\"img-slide\" src=\"https:\/\/oncoalicia.com\/wp-content\/uploads\/2025\/06\/04.png\" width=\"180\"><br \/>\n                        <\/a>\n                    <\/div>\n<\/p><\/div>\n<\/p><\/div>\n<div class=\"carousel-item\">\n<div class=\"row\">\n<div class=\"col-md-3 sin-padding text-center\">\n                        <a href=\"http:\/\/oncoalicia.com\/wp-content\/uploads\/2023\/01\/5.-Guies_alicia_5CAST.pdf\" target=\"_blank\" rel=\"noopener\"><br \/>\n                        <img decoding=\"async\" class=\"img-slide\" src=\"https:\/\/oncoalicia.com\/wp-content\/uploads\/2025\/06\/05.png\" width=\"180\"><br \/>\n                        <\/a>\n                    <\/div>\n<\/p><\/div>\n<\/p><\/div>\n<div class=\"carousel-item\">\n<div class=\"row\">\n<div class=\"col-md-3 sin-padding text-center\">\n                        <a href=\"http:\/\/oncoalicia.com\/wp-content\/uploads\/2023\/01\/6_PULMON_Alicia_ICO_CAST-min.pdf\" target=\"_blank\" rel=\"noopener\"><br \/>\n                        <img decoding=\"async\" class=\"img-slide\" src=\"https:\/\/oncoalicia.com\/wp-content\/uploads\/2025\/06\/06.png\" width=\"180\"><br \/>\n                        <\/a>\n                    <\/div>\n<\/p><\/div>\n<\/p><\/div>\n<div class=\"carousel-item\">\n<div class=\"row\">\n<div class=\"col-md-3 sin-padding text-center\">\n                        <a href=\"http:\/\/oncoalicia.com\/wp-content\/uploads\/2023\/01\/7.-Guia_prostata_cast.pdf\" target=\"_blank\" rel=\"noopener\"><br \/>\n                        <img decoding=\"async\" class=\"img-slide\" src=\"https:\/\/oncoalicia.com\/wp-content\/uploads\/2025\/06\/07.png\" width=\"180\"><br \/>\n                        <\/a>\n                    <\/div>\n<\/p><\/div>\n<\/p><\/div>\n<\/p><\/div>\n<p>              <a class=\"carousel-control-prev\" href=\"#carouselExampleIndicators-2\" role=\"button\" data-slide=\"prev\"><br \/>\n                <span class=\"carousel-control-prev-icon\" aria-hidden=\"true\"><\/span><br \/>\n                <span class=\"sr-only\">Previous<\/span><br \/>\n              <\/a><br \/>\n              <a class=\"carousel-control-next\" href=\"#carouselExampleIndicators-2\" role=\"button\" data-slide=\"next\"><br \/>\n                <span class=\"carousel-control-next-icon\" aria-hidden=\"true\"><\/span><br \/>\n                <span class=\"sr-only\">Next<\/span><br \/>\n              <\/a>\n            <\/div>\n<\/p><\/div>\n<\/p><\/div>\n<\/p><\/div>\n<\/p><\/div>\n<\/section>\n","protected":false},"excerpt":{"rendered":"<p>\u00bfQu\u00e9 comer durante el tratamiento del c\u00e1ncer? Aqu\u00ed encontrar\u00e1s recetas adaptadas a muchas situaciones. Recetas OncoAl\u00edcia: Alimentaci\u00f3n durante el tratamiento del c\u00e1ncer Impulsado por la Fundaci\u00f3n Catalunya La Pedrera y desarrollado por la Fundaci\u00f3n Al\u00edcia con la colaboraci\u00f3n de diferentes entidades de referencia. Conoce el proyecto Seminario web \u201cAlimentaci\u00f3n durante el tratamiento del c\u00e1ncer g\u00e1strico\u201d&hellip; <a class=\"more-link\" href=\"https:\/\/oncoalicia.com\/es\/\">Seguir leyendo <span class=\"screen-reader-text\">Home<\/span><\/a><\/p>\n","protected":false},"author":2,"featured_media":0,"parent":0,"menu_order":0,"comment_status":"closed","ping_status":"closed","template":"portada.php","meta":{"footnotes":""},"class_list":["post-6124","page","type-page","status-publish","hentry","entry"],"yoast_head":"<!-- This site is optimized with the Yoast SEO plugin v26.9 - https:\/\/yoast.com\/product\/yoast-seo-wordpress\/ -->\n<title>OncoAl\u00edcia | Alimentaci\u00f3n durante el tratamiento del c\u00e1ncer<\/title>\n<meta name=\"description\" content=\"Oncoalicia es un proyecto social y cient\u00edfico para adaptar la alimentaci\u00f3n durante el tratamiento del c\u00e1ncer, de la Fundaci\u00f3 Catalunya la Pedrera y Al\u00edcia.\" \/>\n<meta name=\"robots\" content=\"index, follow, max-snippet:-1, max-image-preview:large, max-video-preview:-1\" \/>\n<link rel=\"canonical\" href=\"https:\/\/oncoalicia.com\/es\/\" \/>\n<meta property=\"og:locale\" content=\"es_ES\" \/>\n<meta property=\"og:type\" content=\"article\" \/>\n<meta property=\"og:title\" content=\"OncoAl\u00edcia | Alimentaci\u00f3n durante el tratamiento del c\u00e1ncer\" \/>\n<meta property=\"og:description\" content=\"Oncoalicia es un proyecto social y cient\u00edfico para adaptar la alimentaci\u00f3n durante el tratamiento del c\u00e1ncer, de la Fundaci\u00f3 Catalunya la Pedrera y Al\u00edcia.\" \/>\n<meta property=\"og:url\" content=\"https:\/\/oncoalicia.com\/es\/\" \/>\n<meta property=\"og:site_name\" content=\"Oncoalicia\" \/>\n<meta property=\"article:modified_time\" content=\"2025-07-04T06:33:52+00:00\" \/>\n<meta property=\"og:image\" content=\"https:\/\/oncoalicia.com\/wp-content\/uploads\/2025\/06\/imghome-1.jpg\" \/>\n<meta name=\"twitter:card\" content=\"summary_large_image\" \/>\n<meta name=\"twitter:label1\" content=\"Tiempo de lectura\" \/>\n\t<meta name=\"twitter:data1\" content=\"6 minutos\" \/>\n<script type=\"application\/ld+json\" class=\"yoast-schema-graph\">{\"@context\":\"https:\/\/schema.org\",\"@graph\":[{\"@type\":\"WebPage\",\"@id\":\"https:\/\/oncoalicia.com\/es\/\",\"url\":\"https:\/\/oncoalicia.com\/es\/\",\"name\":\"OncoAl\u00edcia | Alimentaci\u00f3n durante el tratamiento del c\u00e1ncer\",\"isPartOf\":{\"@id\":\"https:\/\/oncoalicia.com\/es\/#website\"},\"primaryImageOfPage\":{\"@id\":\"https:\/\/oncoalicia.com\/es\/#primaryimage\"},\"image\":{\"@id\":\"https:\/\/oncoalicia.com\/es\/#primaryimage\"},\"thumbnailUrl\":\"https:\/\/oncoalicia.com\/wp-content\/uploads\/2025\/06\/imghome-1.jpg\",\"datePublished\":\"2021-11-29T02:15:35+00:00\",\"dateModified\":\"2025-07-04T06:33:52+00:00\",\"description\":\"Oncoalicia es un proyecto social y cient\u00edfico para adaptar la alimentaci\u00f3n durante el tratamiento del c\u00e1ncer, de la Fundaci\u00f3 Catalunya la Pedrera y Al\u00edcia.\",\"breadcrumb\":{\"@id\":\"https:\/\/oncoalicia.com\/es\/#breadcrumb\"},\"inLanguage\":\"es\",\"potentialAction\":[{\"@type\":\"ReadAction\",\"target\":[\"https:\/\/oncoalicia.com\/es\/\"]}]},{\"@type\":\"ImageObject\",\"inLanguage\":\"es\",\"@id\":\"https:\/\/oncoalicia.com\/es\/#primaryimage\",\"url\":\"https:\/\/oncoalicia.com\/wp-content\/uploads\/2025\/06\/imghome-1.jpg\",\"contentUrl\":\"https:\/\/oncoalicia.com\/wp-content\/uploads\/2025\/06\/imghome-1.jpg\"},{\"@type\":\"BreadcrumbList\",\"@id\":\"https:\/\/oncoalicia.com\/es\/#breadcrumb\",\"itemListElement\":[{\"@type\":\"ListItem\",\"position\":1,\"name\":\"Portada\",\"item\":\"https:\/\/oncoalicia.com\/es\/\"},{\"@type\":\"ListItem\",\"position\":2,\"name\":\"Home\"}]},{\"@type\":\"WebSite\",\"@id\":\"https:\/\/oncoalicia.com\/es\/#website\",\"url\":\"https:\/\/oncoalicia.com\/es\/\",\"name\":\"Oncoal\u00edcia\",\"description\":\"Comer durante el Tratamiento del C\u00e1ncer\",\"publisher\":{\"@id\":\"https:\/\/oncoalicia.com\/es\/#organization\"},\"alternateName\":\"Oncoal\u00edcia | Comer durante el Tratamiento del C\u00e1ncer\",\"potentialAction\":[{\"@type\":\"SearchAction\",\"target\":{\"@type\":\"EntryPoint\",\"urlTemplate\":\"https:\/\/oncoalicia.com\/es\/?s={search_term_string}\"},\"query-input\":{\"@type\":\"PropertyValueSpecification\",\"valueRequired\":true,\"valueName\":\"search_term_string\"}}],\"inLanguage\":\"es\"},{\"@type\":\"Organization\",\"@id\":\"https:\/\/oncoalicia.com\/es\/#organization\",\"name\":\"Oncoal\u00edcia\",\"alternateName\":\"Oncoal\u00edcia | Comer durante el Tratamiento del C\u00e1ncer\",\"url\":\"https:\/\/oncoalicia.com\/es\/\",\"logo\":{\"@type\":\"ImageObject\",\"inLanguage\":\"es\",\"@id\":\"https:\/\/oncoalicia.com\/es\/#\/schema\/logo\/image\/\",\"url\":\"https:\/\/oncoalicia.com\/wp-content\/uploads\/2022\/11\/logo_rrss.png\",\"contentUrl\":\"https:\/\/oncoalicia.com\/wp-content\/uploads\/2022\/11\/logo_rrss.png\",\"width\":300,\"height\":300,\"caption\":\"Oncoal\u00edcia\"},\"image\":{\"@id\":\"https:\/\/oncoalicia.com\/es\/#\/schema\/logo\/image\/\"}}]}<\/script>\n<!-- \/ Yoast SEO plugin. -->","yoast_head_json":{"title":"OncoAl\u00edcia | Alimentaci\u00f3n durante el tratamiento del c\u00e1ncer","description":"Oncoalicia es un proyecto social y cient\u00edfico para adaptar la alimentaci\u00f3n durante el tratamiento del c\u00e1ncer, de la Fundaci\u00f3 Catalunya la Pedrera y Al\u00edcia.","robots":{"index":"index","follow":"follow","max-snippet":"max-snippet:-1","max-image-preview":"max-image-preview:large","max-video-preview":"max-video-preview:-1"},"canonical":"https:\/\/oncoalicia.com\/es\/","og_locale":"es_ES","og_type":"article","og_title":"OncoAl\u00edcia | Alimentaci\u00f3n durante el tratamiento del c\u00e1ncer","og_description":"Oncoalicia es un proyecto social y cient\u00edfico para adaptar la alimentaci\u00f3n durante el tratamiento del c\u00e1ncer, de la Fundaci\u00f3 Catalunya la Pedrera y Al\u00edcia.","og_url":"https:\/\/oncoalicia.com\/es\/","og_site_name":"Oncoalicia","article_modified_time":"2025-07-04T06:33:52+00:00","og_image":[{"url":"https:\/\/oncoalicia.com\/wp-content\/uploads\/2025\/06\/imghome-1.jpg","type":"","width":"","height":""}],"twitter_card":"summary_large_image","twitter_misc":{"Tiempo de lectura":"6 minutos"},"schema":{"@context":"https:\/\/schema.org","@graph":[{"@type":"WebPage","@id":"https:\/\/oncoalicia.com\/es\/","url":"https:\/\/oncoalicia.com\/es\/","name":"OncoAl\u00edcia | Alimentaci\u00f3n durante el tratamiento del c\u00e1ncer","isPartOf":{"@id":"https:\/\/oncoalicia.com\/es\/#website"},"primaryImageOfPage":{"@id":"https:\/\/oncoalicia.com\/es\/#primaryimage"},"image":{"@id":"https:\/\/oncoalicia.com\/es\/#primaryimage"},"thumbnailUrl":"https:\/\/oncoalicia.com\/wp-content\/uploads\/2025\/06\/imghome-1.jpg","datePublished":"2021-11-29T02:15:35+00:00","dateModified":"2025-07-04T06:33:52+00:00","description":"Oncoalicia es un proyecto social y cient\u00edfico para adaptar la alimentaci\u00f3n durante el tratamiento del c\u00e1ncer, de la Fundaci\u00f3 Catalunya la Pedrera y Al\u00edcia.","breadcrumb":{"@id":"https:\/\/oncoalicia.com\/es\/#breadcrumb"},"inLanguage":"es","potentialAction":[{"@type":"ReadAction","target":["https:\/\/oncoalicia.com\/es\/"]}]},{"@type":"ImageObject","inLanguage":"es","@id":"https:\/\/oncoalicia.com\/es\/#primaryimage","url":"https:\/\/oncoalicia.com\/wp-content\/uploads\/2025\/06\/imghome-1.jpg","contentUrl":"https:\/\/oncoalicia.com\/wp-content\/uploads\/2025\/06\/imghome-1.jpg"},{"@type":"BreadcrumbList","@id":"https:\/\/oncoalicia.com\/es\/#breadcrumb","itemListElement":[{"@type":"ListItem","position":1,"name":"Portada","item":"https:\/\/oncoalicia.com\/es\/"},{"@type":"ListItem","position":2,"name":"Home"}]},{"@type":"WebSite","@id":"https:\/\/oncoalicia.com\/es\/#website","url":"https:\/\/oncoalicia.com\/es\/","name":"Oncoal\u00edcia","description":"Comer durante el Tratamiento del C\u00e1ncer","publisher":{"@id":"https:\/\/oncoalicia.com\/es\/#organization"},"alternateName":"Oncoal\u00edcia | Comer durante el Tratamiento del C\u00e1ncer","potentialAction":[{"@type":"SearchAction","target":{"@type":"EntryPoint","urlTemplate":"https:\/\/oncoalicia.com\/es\/?s={search_term_string}"},"query-input":{"@type":"PropertyValueSpecification","valueRequired":true,"valueName":"search_term_string"}}],"inLanguage":"es"},{"@type":"Organization","@id":"https:\/\/oncoalicia.com\/es\/#organization","name":"Oncoal\u00edcia","alternateName":"Oncoal\u00edcia | Comer durante el Tratamiento del C\u00e1ncer","url":"https:\/\/oncoalicia.com\/es\/","logo":{"@type":"ImageObject","inLanguage":"es","@id":"https:\/\/oncoalicia.com\/es\/#\/schema\/logo\/image\/","url":"https:\/\/oncoalicia.com\/wp-content\/uploads\/2022\/11\/logo_rrss.png","contentUrl":"https:\/\/oncoalicia.com\/wp-content\/uploads\/2022\/11\/logo_rrss.png","width":300,"height":300,"caption":"Oncoal\u00edcia"},"image":{"@id":"https:\/\/oncoalicia.com\/es\/#\/schema\/logo\/image\/"}}]}},"_links":{"self":[{"href":"https:\/\/oncoalicia.com\/es\/wp-json\/wp\/v2\/pages\/6124","targetHints":{"allow":["GET"]}}],"collection":[{"href":"https:\/\/oncoalicia.com\/es\/wp-json\/wp\/v2\/pages"}],"about":[{"href":"https:\/\/oncoalicia.com\/es\/wp-json\/wp\/v2\/types\/page"}],"author":[{"embeddable":true,"href":"https:\/\/oncoalicia.com\/es\/wp-json\/wp\/v2\/users\/2"}],"replies":[{"embeddable":true,"href":"https:\/\/oncoalicia.com\/es\/wp-json\/wp\/v2\/comments?post=6124"}],"version-history":[{"count":0,"href":"https:\/\/oncoalicia.com\/es\/wp-json\/wp\/v2\/pages\/6124\/revisions"}],"wp:attachment":[{"href":"https:\/\/oncoalicia.com\/es\/wp-json\/wp\/v2\/media?parent=6124"}],"curies":[{"name":"wp","href":"https:\/\/api.w.org\/{rel}","templated":true}]}}