{"id":8474,"date":"2024-05-13T22:28:22","date_gmt":"2024-05-13T22:28:22","guid":{"rendered":"https:\/\/oncoalicia.com\/?page_id=8474"},"modified":"2025-07-04T07:16:00","modified_gmt":"2025-07-04T07:16:00","slug":"gastrico","status":"publish","type":"page","link":"https:\/\/oncoalicia.com\/es\/tipos-de-cancer\/gastrico\/","title":{"rendered":"Recomendaciones alimentarias durante el tratamiento del c\u00e1ncer g\u00e1strico"},"content":{"rendered":"<div class=\"row\">\n<div class=\"col-md-12 subtitle-mitos text-left\">\n<table>\n<tbody>\n<tr>\n<td class=\"full-width\" style=\"color: black;\">El <b>c\u00e1ncer de est\u00f3mago<\/b> consiste en un crecimiento descontrolado y anormal de alguna de las c\u00e9lulas del est\u00f3mago y puede darse en cualquier parte de \u00e9ste. El est\u00f3mago es la parte m\u00e1s dilatada del tubo digestivo y est\u00e1 situado en la parte superior del abdomen, ubicado entre el es\u00f3fago y el intestino delgado, y pr\u00f3ximo al diafragma y a otros \u00f3rganos abdominales, como el h\u00edgado, el p\u00e1ncreas y el bazo.<\/p>\n<p>Es un \u00f3rgano esencial en la digesti\u00f3n de los alimentos. Cuando los alimentos son masticados y lubricados con la saliva, descienden por la garganta hasta el est\u00f3mago a trav\u00e9s del es\u00f3fago. En el est\u00f3mago se mezclan con los jugos g\u00e1stricos, donde se empiezan a digerir. Los alimentos ya digeridos, junto con el jugo g\u00e1strico, se vac\u00edan en la primera secci\u00f3n del intestino delgado a trav\u00e9s del p\u00edloro, gracias a los movimientos de contracci\u00f3n y relajaci\u00f3n que realiza la musculatura del est\u00f3mago.<\/td>\n<td class=\"full-width espaciado\" style=\"text-align: center;\"><img decoding=\"async\" class=\"alignnone wp-image-1605 size-medium\" src=\"https:\/\/oncoalicia.com\/wp-content\/uploads\/2024\/06\/Principal-Gastrico-Castellano-1.png\" alt=\"\" width=\"280\" height=\"auto\" \/><\/td>\n<\/tr>\n<\/tbody>\n<\/table>\n<p class=\"p1\">Tanto el diagn\u00f3stico como la decisi\u00f3n del tratamiento a realizar tienen lugar de forma multidisciplinar. Los tratamientos principales se basan en la cirug\u00eda, la quimioterapia, la inmunoterapia y la radioterapia. La elecci\u00f3n del tratamiento se basa en diferentes factores relacionados con el paciente (estado general, situaci\u00f3n cl\u00ednica y nutricional, enfermedades asociadas, decisi\u00f3n del paciente), con el tumor (s\u00edntomas que produce, tipo y estadio del tumor) y con el tratamiento (intenci\u00f3n, tolerancia y eficacia, tratamientos previos\u2026).<\/p>\n<p>La cirug\u00eda es el tratamiento de elecci\u00f3n en el c\u00e1ncer g\u00e1strico localizado, y puede ir acompa\u00f1ada de un tratamiento complementario previo y\/o posterior con quimioterapia, y en ocasiones tambi\u00e9n con radioterapia. La finalidad del tratamiento previo a la cirug\u00eda es la de reducir el tumor para que permita una cirug\u00eda m\u00e1s eficaz, y la del tratamiento posterior es asegurar la eliminaci\u00f3n de c\u00e9lulas tumorales despu\u00e9s de la cirug\u00eda. En el c\u00e1ncer g\u00e1strico no quir\u00fargico el tratamiento de elecci\u00f3n suele ser la quimioterapia, en ocasiones tambi\u00e9n combinada con inmunoterapia y\/o radioterapia.<\/p>\n<p>El c\u00e1ncer g\u00e1strico y de la uni\u00f3n es\u00f3fago-g\u00e1strica se considera de alto riesgo nutricional, pudiendo provocar desnutrici\u00f3n ya en el diagn\u00f3stico de la enfermedad y sobre todo en los estadios m\u00e1s avanzados. Las causas son diversas e interact\u00faan entre s\u00ed:<\/p>\n<ul>\n<li>\n<p>Una ingesta oral inadecuada, debida a s\u00edntomas propios de la enfermedad, su localizaci\u00f3n y a los efectos secundarios relacionados con el tratamiento, como la dificultad para tragar, la sensaci\u00f3n de estar saciado, dolor abdominal, n\u00e1useas, v\u00f3mitos, diarreas o falta de apetito, pudiendo provocar una menor ingesta de alimentos y una p\u00e9rdida de peso.<\/p>\n<\/li>\n<li>\n<p> Una disminuci\u00f3n de la masa muscular, debida a una baja ingesta, una disminuci\u00f3n en la movilidad, y\/o por el propio efecto del tumor o tratamiento.<\/p>\n<\/li>\n<\/ul>\n<p>El deterioro del estado nutricional influye tanto en la eficacia, tolerancia y respuesta a los tratamientos como en la capacidad funcional y en la calidad de vida. Por todo ello, un correcto estado nutricional puede favorecer la recuperaci\u00f3n, disminuir las complicaciones derivadas del tratamiento, beneficiarse de una estancia hospitalaria m\u00e1s corta y un mejor pron\u00f3stico.<\/p>\n<p>Las necesidades de alimentaci\u00f3n de la persona en tratamiento de un c\u00e1ncer g\u00e1strico se pueden clasificar en funci\u00f3n del tratamiento que realice y de la fase en la que se encuentre. As\u00ed pues, el paciente puede consultar directamente los diferentes apartados:<\/p>\n<\/div>\n<\/div>\n<div class=\"row\">\n<div class=\"col-md-12 txt-2 text-center\">\nRECOMENDACIONES DIET\u00c9TICAS\n<\/div>\n<\/div>\n<div class=\"row\">\n<div class=\"col-md-3 text-center\">\n    <a class=\"circulo\" href=\"\/es\/tipos-de-cancer\/gastrico\/tratamiento-inicial-con-quimioterapia-radioterapia-e-inmunoterapia\/\"><span>Cuando el tratamiento inicial es la quimioterapia, radioterapia o inmunoterapia<\/span><\/a>\n    <\/div>\n<div class=\"col-md-3 text-center\">\n    <a class=\"circulo\" href=\"\/es\/tipos-de-cancer\/gastrico\/periodo-precirugia-que-comer-las-semanas-previas-a-la-cirugia\/\"><span>Para las semanas previas a la cirug\u00eda<\/span><\/a>\n    <\/div>\n<div class=\"col-md-3 text-center\">\n    <a class=\"circulo\" href=\"\/es\/tipos-de-cancer\/gastrico\/tras-el-alta-hospitalaria-postcirugia\/\"><span>Tras el alta hospitalaria postcirug\u00eda<\/span><\/a>\n    <\/div>\n<div class=\"col-md-3 text-center\">\n    <a class=\"circulo\" href=\"\/es\/tipos-de-cancer\/gastrico\/durante-el-tratamiento-con-quimioterapia-radioterapia-tras-la-cirugia\/\"><span>Durante el tratamiento con quimioterapia\/radioterapia, tras la cirug\u00eda <\/span><\/a>\n    <\/div>\n<\/p><\/div>\n<div class=\"row\">\n<div class=\"col-md-12 subtitle-mitos text-left\">\n<\/p>\n<p class=\"p1\">Sea cual sea el momento del tratamiento en el que se encuentre el paciente, deber\u00e1 verificar con su equipo m\u00e9dico si existe alguna interacci\u00f3n entre alg\u00fan alimento y la medicaci\u00f3n recibida. Tambi\u00e9n ser\u00e1 importante no tomar ning\u00fan suplemento de vitaminas, minerales, antioxidantes, hierbas u otros sin previamente consultar al especialista.<\/p>\n<p>Adem\u00e1s de una correcta alimentaci\u00f3n, es importante realizar una actividad f\u00edsica que incluya ejercicios tanto de movimiento (caminar, pasear, ir en bici, realizar bici est\u00e1tica, nadar\u2026) como de fuerza, adaptados a cada situaci\u00f3n, ya que favorecen una optimizaci\u00f3n de la masa muscular y la capacidad funcional del paciente.<br \/>\n\n<\/div>\n<\/div>\n<div class=\"row\">\n<div class=\"col-md-12 text-center\">Con la colaboraci\u00f3n de<\/div>\n<div class=\"col-md-12 text-center\"><img decoding=\"async\" class=\"alignnone size-medium wp-image-8922\" src=\"https:\/\/oncoalicia.com\/wp-content\/uploads\/2024\/09\/3.jpeg\" alt=\"\" width=\"400\" height=\"auto\" \/><\/div>\n<\/div>\n<\/div>\n<\/section>\n","protected":false},"excerpt":{"rendered":"<p>El c\u00e1ncer de est\u00f3mago consiste en un crecimiento descontrolado y anormal de alguna de las c\u00e9lulas del est\u00f3mago y puede darse en cualquier parte de \u00e9ste. El est\u00f3mago es la parte m\u00e1s dilatada del tubo digestivo y est\u00e1 situado en la parte superior del abdomen, ubicado entre el es\u00f3fago y el intestino delgado, y pr\u00f3ximo&hellip; <a class=\"more-link\" href=\"https:\/\/oncoalicia.com\/es\/tipos-de-cancer\/gastrico\/\">Seguir leyendo <span class=\"screen-reader-text\">Recomendaciones alimentarias durante el tratamiento del c\u00e1ncer g\u00e1strico<\/span><\/a><\/p>\n","protected":false},"author":2,"featured_media":0,"parent":3920,"menu_order":0,"comment_status":"closed","ping_status":"closed","template":"mama.php","meta":{"footnotes":""},"class_list":["post-8474","page","type-page","status-publish","hentry","entry"],"yoast_head":"<!-- This site is optimized with the Yoast SEO plugin v26.9 - https:\/\/yoast.com\/product\/yoast-seo-wordpress\/ -->\n<title>Alimentaci\u00f3n para pacientes con c\u00e1ncer g\u00e1strico - Oncoalicia<\/title>\n<meta name=\"description\" content=\"Distintas recomendaciones alimentarias para personas que est\u00e1n con tratamiento contra el c\u00e1ncer g\u00e1strico.\" \/>\n<meta name=\"robots\" content=\"index, follow, max-snippet:-1, max-image-preview:large, max-video-preview:-1\" \/>\n<link rel=\"canonical\" href=\"https:\/\/oncoalicia.com\/es\/tipos-de-cancer\/gastrico\/\" \/>\n<meta property=\"og:locale\" content=\"es_ES\" \/>\n<meta property=\"og:type\" content=\"article\" \/>\n<meta property=\"og:title\" content=\"Alimentaci\u00f3n para pacientes con c\u00e1ncer g\u00e1strico - Oncoalicia\" \/>\n<meta property=\"og:description\" content=\"Distintas recomendaciones alimentarias para personas que est\u00e1n con tratamiento contra el c\u00e1ncer g\u00e1strico.\" \/>\n<meta property=\"og:url\" content=\"https:\/\/oncoalicia.com\/es\/tipos-de-cancer\/gastrico\/\" \/>\n<meta property=\"og:site_name\" content=\"Oncoalicia\" \/>\n<meta property=\"article:modified_time\" content=\"2025-07-04T07:16:00+00:00\" \/>\n<meta property=\"og:image\" content=\"https:\/\/oncoalicia.com\/wp-content\/uploads\/2022\/06\/mama.png\" \/>\n\t<meta property=\"og:image:width\" content=\"261\" \/>\n\t<meta property=\"og:image:height\" content=\"365\" \/>\n\t<meta property=\"og:image:type\" content=\"image\/png\" \/>\n<meta name=\"twitter:card\" content=\"summary_large_image\" \/>\n<meta name=\"twitter:label1\" content=\"Tiempo de lectura\" \/>\n\t<meta name=\"twitter:data1\" content=\"4 minutos\" \/>\n<script type=\"application\/ld+json\" class=\"yoast-schema-graph\">{\"@context\":\"https:\/\/schema.org\",\"@graph\":[{\"@type\":\"WebPage\",\"@id\":\"https:\/\/oncoalicia.com\/es\/tipos-de-cancer\/gastrico\/\",\"url\":\"https:\/\/oncoalicia.com\/es\/tipos-de-cancer\/gastrico\/\",\"name\":\"Alimentaci\u00f3n para pacientes con c\u00e1ncer g\u00e1strico - Oncoalicia\",\"isPartOf\":{\"@id\":\"https:\/\/oncoalicia.com\/es\/#website\"},\"primaryImageOfPage\":{\"@id\":\"https:\/\/oncoalicia.com\/es\/tipos-de-cancer\/gastrico\/#primaryimage\"},\"image\":{\"@id\":\"https:\/\/oncoalicia.com\/es\/tipos-de-cancer\/gastrico\/#primaryimage\"},\"thumbnailUrl\":\"https:\/\/oncoalicia.com\/wp-content\/uploads\/2024\/06\/Principal-Gastrico-Castellano-1.png\",\"datePublished\":\"2024-05-13T22:28:22+00:00\",\"dateModified\":\"2025-07-04T07:16:00+00:00\",\"description\":\"Distintas recomendaciones alimentarias para personas que est\u00e1n con tratamiento contra el c\u00e1ncer g\u00e1strico.\",\"breadcrumb\":{\"@id\":\"https:\/\/oncoalicia.com\/es\/tipos-de-cancer\/gastrico\/#breadcrumb\"},\"inLanguage\":\"es\",\"potentialAction\":[{\"@type\":\"ReadAction\",\"target\":[\"https:\/\/oncoalicia.com\/es\/tipos-de-cancer\/gastrico\/\"]}]},{\"@type\":\"ImageObject\",\"inLanguage\":\"es\",\"@id\":\"https:\/\/oncoalicia.com\/es\/tipos-de-cancer\/gastrico\/#primaryimage\",\"url\":\"https:\/\/oncoalicia.com\/wp-content\/uploads\/2024\/06\/Principal-Gastrico-Castellano-1.png\",\"contentUrl\":\"https:\/\/oncoalicia.com\/wp-content\/uploads\/2024\/06\/Principal-Gastrico-Castellano-1.png\"},{\"@type\":\"BreadcrumbList\",\"@id\":\"https:\/\/oncoalicia.com\/es\/tipos-de-cancer\/gastrico\/#breadcrumb\",\"itemListElement\":[{\"@type\":\"ListItem\",\"position\":1,\"name\":\"Portada\",\"item\":\"https:\/\/oncoalicia.com\/es\/\"},{\"@type\":\"ListItem\",\"position\":2,\"name\":\"Tipos de c\u00e1ncer\",\"item\":\"https:\/\/oncoalicia.com\/es\/tipos-de-cancer\/\"},{\"@type\":\"ListItem\",\"position\":3,\"name\":\"Recomendaciones alimentarias durante el tratamiento del c\u00e1ncer g\u00e1strico\"}]},{\"@type\":\"WebSite\",\"@id\":\"https:\/\/oncoalicia.com\/es\/#website\",\"url\":\"https:\/\/oncoalicia.com\/es\/\",\"name\":\"Oncoal\u00edcia\",\"description\":\"Comer durante el Tratamiento del C\u00e1ncer\",\"publisher\":{\"@id\":\"https:\/\/oncoalicia.com\/es\/#organization\"},\"alternateName\":\"Oncoal\u00edcia | Comer durante el Tratamiento del C\u00e1ncer\",\"potentialAction\":[{\"@type\":\"SearchAction\",\"target\":{\"@type\":\"EntryPoint\",\"urlTemplate\":\"https:\/\/oncoalicia.com\/es\/?s={search_term_string}\"},\"query-input\":{\"@type\":\"PropertyValueSpecification\",\"valueRequired\":true,\"valueName\":\"search_term_string\"}}],\"inLanguage\":\"es\"},{\"@type\":\"Organization\",\"@id\":\"https:\/\/oncoalicia.com\/es\/#organization\",\"name\":\"Oncoal\u00edcia\",\"alternateName\":\"Oncoal\u00edcia | Comer durante el Tratamiento del C\u00e1ncer\",\"url\":\"https:\/\/oncoalicia.com\/es\/\",\"logo\":{\"@type\":\"ImageObject\",\"inLanguage\":\"es\",\"@id\":\"https:\/\/oncoalicia.com\/es\/#\/schema\/logo\/image\/\",\"url\":\"https:\/\/oncoalicia.com\/wp-content\/uploads\/2022\/11\/logo_rrss.png\",\"contentUrl\":\"https:\/\/oncoalicia.com\/wp-content\/uploads\/2022\/11\/logo_rrss.png\",\"width\":300,\"height\":300,\"caption\":\"Oncoal\u00edcia\"},\"image\":{\"@id\":\"https:\/\/oncoalicia.com\/es\/#\/schema\/logo\/image\/\"}}]}<\/script>\n<!-- \/ Yoast SEO plugin. -->","yoast_head_json":{"title":"Alimentaci\u00f3n para pacientes con c\u00e1ncer g\u00e1strico - Oncoalicia","description":"Distintas recomendaciones alimentarias para personas que est\u00e1n con tratamiento contra el c\u00e1ncer g\u00e1strico.","robots":{"index":"index","follow":"follow","max-snippet":"max-snippet:-1","max-image-preview":"max-image-preview:large","max-video-preview":"max-video-preview:-1"},"canonical":"https:\/\/oncoalicia.com\/es\/tipos-de-cancer\/gastrico\/","og_locale":"es_ES","og_type":"article","og_title":"Alimentaci\u00f3n para pacientes con c\u00e1ncer g\u00e1strico - Oncoalicia","og_description":"Distintas recomendaciones alimentarias para personas que est\u00e1n con tratamiento contra el c\u00e1ncer g\u00e1strico.","og_url":"https:\/\/oncoalicia.com\/es\/tipos-de-cancer\/gastrico\/","og_site_name":"Oncoalicia","article_modified_time":"2025-07-04T07:16:00+00:00","og_image":[{"width":261,"height":365,"url":"https:\/\/oncoalicia.com\/wp-content\/uploads\/2022\/06\/mama.png","type":"image\/png"}],"twitter_card":"summary_large_image","twitter_misc":{"Tiempo de lectura":"4 minutos"},"schema":{"@context":"https:\/\/schema.org","@graph":[{"@type":"WebPage","@id":"https:\/\/oncoalicia.com\/es\/tipos-de-cancer\/gastrico\/","url":"https:\/\/oncoalicia.com\/es\/tipos-de-cancer\/gastrico\/","name":"Alimentaci\u00f3n para pacientes con c\u00e1ncer g\u00e1strico - Oncoalicia","isPartOf":{"@id":"https:\/\/oncoalicia.com\/es\/#website"},"primaryImageOfPage":{"@id":"https:\/\/oncoalicia.com\/es\/tipos-de-cancer\/gastrico\/#primaryimage"},"image":{"@id":"https:\/\/oncoalicia.com\/es\/tipos-de-cancer\/gastrico\/#primaryimage"},"thumbnailUrl":"https:\/\/oncoalicia.com\/wp-content\/uploads\/2024\/06\/Principal-Gastrico-Castellano-1.png","datePublished":"2024-05-13T22:28:22+00:00","dateModified":"2025-07-04T07:16:00+00:00","description":"Distintas recomendaciones alimentarias para personas que est\u00e1n con tratamiento contra el c\u00e1ncer g\u00e1strico.","breadcrumb":{"@id":"https:\/\/oncoalicia.com\/es\/tipos-de-cancer\/gastrico\/#breadcrumb"},"inLanguage":"es","potentialAction":[{"@type":"ReadAction","target":["https:\/\/oncoalicia.com\/es\/tipos-de-cancer\/gastrico\/"]}]},{"@type":"ImageObject","inLanguage":"es","@id":"https:\/\/oncoalicia.com\/es\/tipos-de-cancer\/gastrico\/#primaryimage","url":"https:\/\/oncoalicia.com\/wp-content\/uploads\/2024\/06\/Principal-Gastrico-Castellano-1.png","contentUrl":"https:\/\/oncoalicia.com\/wp-content\/uploads\/2024\/06\/Principal-Gastrico-Castellano-1.png"},{"@type":"BreadcrumbList","@id":"https:\/\/oncoalicia.com\/es\/tipos-de-cancer\/gastrico\/#breadcrumb","itemListElement":[{"@type":"ListItem","position":1,"name":"Portada","item":"https:\/\/oncoalicia.com\/es\/"},{"@type":"ListItem","position":2,"name":"Tipos de c\u00e1ncer","item":"https:\/\/oncoalicia.com\/es\/tipos-de-cancer\/"},{"@type":"ListItem","position":3,"name":"Recomendaciones alimentarias durante el tratamiento del c\u00e1ncer g\u00e1strico"}]},{"@type":"WebSite","@id":"https:\/\/oncoalicia.com\/es\/#website","url":"https:\/\/oncoalicia.com\/es\/","name":"Oncoal\u00edcia","description":"Comer durante el Tratamiento del C\u00e1ncer","publisher":{"@id":"https:\/\/oncoalicia.com\/es\/#organization"},"alternateName":"Oncoal\u00edcia | Comer durante el Tratamiento del C\u00e1ncer","potentialAction":[{"@type":"SearchAction","target":{"@type":"EntryPoint","urlTemplate":"https:\/\/oncoalicia.com\/es\/?s={search_term_string}"},"query-input":{"@type":"PropertyValueSpecification","valueRequired":true,"valueName":"search_term_string"}}],"inLanguage":"es"},{"@type":"Organization","@id":"https:\/\/oncoalicia.com\/es\/#organization","name":"Oncoal\u00edcia","alternateName":"Oncoal\u00edcia | Comer durante el Tratamiento del C\u00e1ncer","url":"https:\/\/oncoalicia.com\/es\/","logo":{"@type":"ImageObject","inLanguage":"es","@id":"https:\/\/oncoalicia.com\/es\/#\/schema\/logo\/image\/","url":"https:\/\/oncoalicia.com\/wp-content\/uploads\/2022\/11\/logo_rrss.png","contentUrl":"https:\/\/oncoalicia.com\/wp-content\/uploads\/2022\/11\/logo_rrss.png","width":300,"height":300,"caption":"Oncoal\u00edcia"},"image":{"@id":"https:\/\/oncoalicia.com\/es\/#\/schema\/logo\/image\/"}}]}},"_links":{"self":[{"href":"https:\/\/oncoalicia.com\/es\/wp-json\/wp\/v2\/pages\/8474","targetHints":{"allow":["GET"]}}],"collection":[{"href":"https:\/\/oncoalicia.com\/es\/wp-json\/wp\/v2\/pages"}],"about":[{"href":"https:\/\/oncoalicia.com\/es\/wp-json\/wp\/v2\/types\/page"}],"author":[{"embeddable":true,"href":"https:\/\/oncoalicia.com\/es\/wp-json\/wp\/v2\/users\/2"}],"replies":[{"embeddable":true,"href":"https:\/\/oncoalicia.com\/es\/wp-json\/wp\/v2\/comments?post=8474"}],"version-history":[{"count":0,"href":"https:\/\/oncoalicia.com\/es\/wp-json\/wp\/v2\/pages\/8474\/revisions"}],"up":[{"embeddable":true,"href":"https:\/\/oncoalicia.com\/es\/wp-json\/wp\/v2\/pages\/3920"}],"wp:attachment":[{"href":"https:\/\/oncoalicia.com\/es\/wp-json\/wp\/v2\/media?parent=8474"}],"curies":[{"name":"wp","href":"https:\/\/api.w.org\/{rel}","templated":true}]}}