{"id":8711,"date":"2024-05-31T20:07:07","date_gmt":"2024-05-31T20:07:07","guid":{"rendered":"https:\/\/oncoalicia.com\/?page_id=8711"},"modified":"2025-07-04T07:21:42","modified_gmt":"2025-07-04T07:21:42","slug":"alteracion-de-la-sensibilidad-gustativa","status":"publish","type":"page","link":"https:\/\/oncoalicia.com\/es\/tipos-de-cancer\/gastrico\/tratamiento-inicial-con-quimioterapia-radioterapia-e-inmunoterapia\/alteracion-de-la-sensibilidad-gustativa\/","title":{"rendered":"Recomendaciones diet\u00e9tico-culinarias para la alteraci\u00f3n del sabor en el c\u00e1ncer g\u00e1strico"},"content":{"rendered":"<p>La modificaci\u00f3n del sabor de determinados alimentos se produce por los efectos que tienen ciertas medicaciones o tratamientos de quimioterapia sobre las papilas gustativas. Estas alteraciones del sabor de los alimentos pueden favorecer que el acto de comer resulte desagradable, debido a la dificultad para poder disfrutar de la comida. Este hecho limita el seguimiento de una alimentaci\u00f3n equilibrada y suficiente. La recuperaci\u00f3n del gusto habitual es variable y puede perdurar hasta varias semanas tras haber finalizado el tratamiento.<\/p>\n","protected":false},"excerpt":{"rendered":"<p>La modificaci\u00f3n del sabor de determinados alimentos se produce por los efectos que tienen ciertas medicaciones o tratamientos de quimioterapia sobre las papilas gustativas. Estas alteraciones del sabor de los alimentos pueden favorecer que el acto de comer resulte desagradable, debido a la dificultad para poder disfrutar de la comida. Este hecho limita el seguimiento&hellip; <a class=\"more-link\" href=\"https:\/\/oncoalicia.com\/es\/tipos-de-cancer\/gastrico\/tratamiento-inicial-con-quimioterapia-radioterapia-e-inmunoterapia\/alteracion-de-la-sensibilidad-gustativa\/\">Seguir leyendo <span class=\"screen-reader-text\">Recomendaciones diet\u00e9tico-culinarias para la alteraci\u00f3n del sabor en el c\u00e1ncer g\u00e1strico<\/span><\/a><\/p>\n","protected":false},"author":2,"featured_media":0,"parent":8942,"menu_order":0,"comment_status":"closed","ping_status":"closed","template":"gastrico_alteracion.php","meta":{"footnotes":""},"class_list":["post-8711","page","type-page","status-publish","hentry","entry"],"yoast_head":"<!-- This site is optimized with the Yoast SEO plugin v26.9 - https:\/\/yoast.com\/product\/yoast-seo-wordpress\/ -->\n<title>\u00bfC\u00f3mo altera el sabor el tratamiento de c\u00e1ncer g\u00e1strico? - Oncoalicia<\/title>\n<meta name=\"description\" content=\"Descubre c\u00f3mo se manifiesta la alteraci\u00f3n del sabor en las personas que est\u00e1n con tratamiento contra el c\u00e1ncer g\u00e1strico.\" \/>\n<meta name=\"robots\" content=\"index, follow, max-snippet:-1, max-image-preview:large, max-video-preview:-1\" \/>\n<link rel=\"canonical\" href=\"https:\/\/oncoalicia.com\/es\/tipos-de-cancer\/gastrico\/tratamiento-inicial-con-quimioterapia-radioterapia-e-inmunoterapia\/alteracion-de-la-sensibilidad-gustativa\/\" \/>\n<meta property=\"og:locale\" content=\"es_ES\" \/>\n<meta property=\"og:type\" content=\"article\" \/>\n<meta property=\"og:title\" content=\"\u00bfC\u00f3mo altera el sabor el tratamiento de c\u00e1ncer g\u00e1strico? - Oncoalicia\" \/>\n<meta property=\"og:description\" content=\"Descubre c\u00f3mo se manifiesta la alteraci\u00f3n del sabor en las personas que est\u00e1n con tratamiento contra el c\u00e1ncer g\u00e1strico.\" \/>\n<meta property=\"og:url\" content=\"https:\/\/oncoalicia.com\/es\/tipos-de-cancer\/gastrico\/tratamiento-inicial-con-quimioterapia-radioterapia-e-inmunoterapia\/alteracion-de-la-sensibilidad-gustativa\/\" \/>\n<meta property=\"og:site_name\" content=\"Oncoalicia\" \/>\n<meta property=\"article:modified_time\" content=\"2025-07-04T07:21:42+00:00\" \/>\n<meta property=\"og:image\" content=\"https:\/\/oncoalicia.com\/wp-content\/uploads\/2021\/12\/Asset-3.png\" \/>\n\t<meta property=\"og:image:width\" content=\"300\" \/>\n\t<meta property=\"og:image:height\" content=\"300\" \/>\n\t<meta property=\"og:image:type\" content=\"image\/png\" \/>\n<meta name=\"twitter:card\" content=\"summary_large_image\" \/>\n<meta name=\"twitter:label1\" content=\"Tiempo de lectura\" \/>\n\t<meta name=\"twitter:data1\" content=\"1 minuto\" \/>\n<script type=\"application\/ld+json\" class=\"yoast-schema-graph\">{\"@context\":\"https:\/\/schema.org\",\"@graph\":[{\"@type\":\"WebPage\",\"@id\":\"https:\/\/oncoalicia.com\/es\/tipos-de-cancer\/gastrico\/tratamiento-inicial-con-quimioterapia-radioterapia-e-inmunoterapia\/alteracion-de-la-sensibilidad-gustativa\/\",\"url\":\"https:\/\/oncoalicia.com\/es\/tipos-de-cancer\/gastrico\/tratamiento-inicial-con-quimioterapia-radioterapia-e-inmunoterapia\/alteracion-de-la-sensibilidad-gustativa\/\",\"name\":\"\u00bfC\u00f3mo altera el sabor el tratamiento de c\u00e1ncer g\u00e1strico? - Oncoalicia\",\"isPartOf\":{\"@id\":\"https:\/\/oncoalicia.com\/es\/#website\"},\"datePublished\":\"2024-05-31T20:07:07+00:00\",\"dateModified\":\"2025-07-04T07:21:42+00:00\",\"description\":\"Descubre c\u00f3mo se manifiesta la alteraci\u00f3n del sabor en las personas que est\u00e1n con tratamiento contra el c\u00e1ncer g\u00e1strico.\",\"breadcrumb\":{\"@id\":\"https:\/\/oncoalicia.com\/es\/tipos-de-cancer\/gastrico\/tratamiento-inicial-con-quimioterapia-radioterapia-e-inmunoterapia\/alteracion-de-la-sensibilidad-gustativa\/#breadcrumb\"},\"inLanguage\":\"es\",\"potentialAction\":[{\"@type\":\"ReadAction\",\"target\":[\"https:\/\/oncoalicia.com\/es\/tipos-de-cancer\/gastrico\/tratamiento-inicial-con-quimioterapia-radioterapia-e-inmunoterapia\/alteracion-de-la-sensibilidad-gustativa\/\"]}]},{\"@type\":\"BreadcrumbList\",\"@id\":\"https:\/\/oncoalicia.com\/es\/tipos-de-cancer\/gastrico\/tratamiento-inicial-con-quimioterapia-radioterapia-e-inmunoterapia\/alteracion-de-la-sensibilidad-gustativa\/#breadcrumb\",\"itemListElement\":[{\"@type\":\"ListItem\",\"position\":1,\"name\":\"Portada\",\"item\":\"https:\/\/oncoalicia.com\/es\/\"},{\"@type\":\"ListItem\",\"position\":2,\"name\":\"Tipos de c\u00e1ncer\",\"item\":\"https:\/\/oncoalicia.com\/es\/tipos-de-cancer\/\"},{\"@type\":\"ListItem\",\"position\":3,\"name\":\"Recomendaciones alimentarias durante el tratamiento del c\u00e1ncer g\u00e1strico\",\"item\":\"https:\/\/oncoalicia.com\/es\/tipos-de-cancer\/gastrico\/\"},{\"@type\":\"ListItem\",\"position\":4,\"name\":\"Recomendaciones diet\u00e9tico-culinarias durante el tratamiento inicial de quimioterapia, radioterapia o inmunoterapia en c\u00e1ncer g\u00e1strico\",\"item\":\"https:\/\/oncoalicia.com\/es\/tipos-de-cancer\/gastrico\/tratamiento-inicial-con-quimioterapia-radioterapia-e-inmunoterapia\/\"},{\"@type\":\"ListItem\",\"position\":5,\"name\":\"Recomendaciones diet\u00e9tico-culinarias para la alteraci\u00f3n del sabor en el c\u00e1ncer g\u00e1strico\"}]},{\"@type\":\"WebSite\",\"@id\":\"https:\/\/oncoalicia.com\/es\/#website\",\"url\":\"https:\/\/oncoalicia.com\/es\/\",\"name\":\"Oncoal\u00edcia\",\"description\":\"Comer durante el Tratamiento del C\u00e1ncer\",\"publisher\":{\"@id\":\"https:\/\/oncoalicia.com\/es\/#organization\"},\"alternateName\":\"Oncoal\u00edcia | Comer durante el Tratamiento del C\u00e1ncer\",\"potentialAction\":[{\"@type\":\"SearchAction\",\"target\":{\"@type\":\"EntryPoint\",\"urlTemplate\":\"https:\/\/oncoalicia.com\/es\/?s={search_term_string}\"},\"query-input\":{\"@type\":\"PropertyValueSpecification\",\"valueRequired\":true,\"valueName\":\"search_term_string\"}}],\"inLanguage\":\"es\"},{\"@type\":\"Organization\",\"@id\":\"https:\/\/oncoalicia.com\/es\/#organization\",\"name\":\"Oncoal\u00edcia\",\"alternateName\":\"Oncoal\u00edcia | Comer durante el Tratamiento del C\u00e1ncer\",\"url\":\"https:\/\/oncoalicia.com\/es\/\",\"logo\":{\"@type\":\"ImageObject\",\"inLanguage\":\"es\",\"@id\":\"https:\/\/oncoalicia.com\/es\/#\/schema\/logo\/image\/\",\"url\":\"https:\/\/oncoalicia.com\/wp-content\/uploads\/2022\/11\/logo_rrss.png\",\"contentUrl\":\"https:\/\/oncoalicia.com\/wp-content\/uploads\/2022\/11\/logo_rrss.png\",\"width\":300,\"height\":300,\"caption\":\"Oncoal\u00edcia\"},\"image\":{\"@id\":\"https:\/\/oncoalicia.com\/es\/#\/schema\/logo\/image\/\"}}]}<\/script>\n<!-- \/ Yoast SEO plugin. -->","yoast_head_json":{"title":"\u00bfC\u00f3mo altera el sabor el tratamiento de c\u00e1ncer g\u00e1strico? - Oncoalicia","description":"Descubre c\u00f3mo se manifiesta la alteraci\u00f3n del sabor en las personas que est\u00e1n con tratamiento contra el c\u00e1ncer g\u00e1strico.","robots":{"index":"index","follow":"follow","max-snippet":"max-snippet:-1","max-image-preview":"max-image-preview:large","max-video-preview":"max-video-preview:-1"},"canonical":"https:\/\/oncoalicia.com\/es\/tipos-de-cancer\/gastrico\/tratamiento-inicial-con-quimioterapia-radioterapia-e-inmunoterapia\/alteracion-de-la-sensibilidad-gustativa\/","og_locale":"es_ES","og_type":"article","og_title":"\u00bfC\u00f3mo altera el sabor el tratamiento de c\u00e1ncer g\u00e1strico? - Oncoalicia","og_description":"Descubre c\u00f3mo se manifiesta la alteraci\u00f3n del sabor en las personas que est\u00e1n con tratamiento contra el c\u00e1ncer g\u00e1strico.","og_url":"https:\/\/oncoalicia.com\/es\/tipos-de-cancer\/gastrico\/tratamiento-inicial-con-quimioterapia-radioterapia-e-inmunoterapia\/alteracion-de-la-sensibilidad-gustativa\/","og_site_name":"Oncoalicia","article_modified_time":"2025-07-04T07:21:42+00:00","og_image":[{"width":300,"height":300,"url":"https:\/\/oncoalicia.com\/wp-content\/uploads\/2021\/12\/Asset-3.png","type":"image\/png"}],"twitter_card":"summary_large_image","twitter_misc":{"Tiempo de lectura":"1 minuto"},"schema":{"@context":"https:\/\/schema.org","@graph":[{"@type":"WebPage","@id":"https:\/\/oncoalicia.com\/es\/tipos-de-cancer\/gastrico\/tratamiento-inicial-con-quimioterapia-radioterapia-e-inmunoterapia\/alteracion-de-la-sensibilidad-gustativa\/","url":"https:\/\/oncoalicia.com\/es\/tipos-de-cancer\/gastrico\/tratamiento-inicial-con-quimioterapia-radioterapia-e-inmunoterapia\/alteracion-de-la-sensibilidad-gustativa\/","name":"\u00bfC\u00f3mo altera el sabor el tratamiento de c\u00e1ncer g\u00e1strico? - Oncoalicia","isPartOf":{"@id":"https:\/\/oncoalicia.com\/es\/#website"},"datePublished":"2024-05-31T20:07:07+00:00","dateModified":"2025-07-04T07:21:42+00:00","description":"Descubre c\u00f3mo se manifiesta la alteraci\u00f3n del sabor en las personas que est\u00e1n con tratamiento contra el c\u00e1ncer g\u00e1strico.","breadcrumb":{"@id":"https:\/\/oncoalicia.com\/es\/tipos-de-cancer\/gastrico\/tratamiento-inicial-con-quimioterapia-radioterapia-e-inmunoterapia\/alteracion-de-la-sensibilidad-gustativa\/#breadcrumb"},"inLanguage":"es","potentialAction":[{"@type":"ReadAction","target":["https:\/\/oncoalicia.com\/es\/tipos-de-cancer\/gastrico\/tratamiento-inicial-con-quimioterapia-radioterapia-e-inmunoterapia\/alteracion-de-la-sensibilidad-gustativa\/"]}]},{"@type":"BreadcrumbList","@id":"https:\/\/oncoalicia.com\/es\/tipos-de-cancer\/gastrico\/tratamiento-inicial-con-quimioterapia-radioterapia-e-inmunoterapia\/alteracion-de-la-sensibilidad-gustativa\/#breadcrumb","itemListElement":[{"@type":"ListItem","position":1,"name":"Portada","item":"https:\/\/oncoalicia.com\/es\/"},{"@type":"ListItem","position":2,"name":"Tipos de c\u00e1ncer","item":"https:\/\/oncoalicia.com\/es\/tipos-de-cancer\/"},{"@type":"ListItem","position":3,"name":"Recomendaciones alimentarias durante el tratamiento del c\u00e1ncer g\u00e1strico","item":"https:\/\/oncoalicia.com\/es\/tipos-de-cancer\/gastrico\/"},{"@type":"ListItem","position":4,"name":"Recomendaciones diet\u00e9tico-culinarias durante el tratamiento inicial de quimioterapia, radioterapia o inmunoterapia en c\u00e1ncer g\u00e1strico","item":"https:\/\/oncoalicia.com\/es\/tipos-de-cancer\/gastrico\/tratamiento-inicial-con-quimioterapia-radioterapia-e-inmunoterapia\/"},{"@type":"ListItem","position":5,"name":"Recomendaciones diet\u00e9tico-culinarias para la alteraci\u00f3n del sabor en el c\u00e1ncer g\u00e1strico"}]},{"@type":"WebSite","@id":"https:\/\/oncoalicia.com\/es\/#website","url":"https:\/\/oncoalicia.com\/es\/","name":"Oncoal\u00edcia","description":"Comer durante el Tratamiento del C\u00e1ncer","publisher":{"@id":"https:\/\/oncoalicia.com\/es\/#organization"},"alternateName":"Oncoal\u00edcia | Comer durante el Tratamiento del C\u00e1ncer","potentialAction":[{"@type":"SearchAction","target":{"@type":"EntryPoint","urlTemplate":"https:\/\/oncoalicia.com\/es\/?s={search_term_string}"},"query-input":{"@type":"PropertyValueSpecification","valueRequired":true,"valueName":"search_term_string"}}],"inLanguage":"es"},{"@type":"Organization","@id":"https:\/\/oncoalicia.com\/es\/#organization","name":"Oncoal\u00edcia","alternateName":"Oncoal\u00edcia | Comer durante el Tratamiento del C\u00e1ncer","url":"https:\/\/oncoalicia.com\/es\/","logo":{"@type":"ImageObject","inLanguage":"es","@id":"https:\/\/oncoalicia.com\/es\/#\/schema\/logo\/image\/","url":"https:\/\/oncoalicia.com\/wp-content\/uploads\/2022\/11\/logo_rrss.png","contentUrl":"https:\/\/oncoalicia.com\/wp-content\/uploads\/2022\/11\/logo_rrss.png","width":300,"height":300,"caption":"Oncoal\u00edcia"},"image":{"@id":"https:\/\/oncoalicia.com\/es\/#\/schema\/logo\/image\/"}}]}},"_links":{"self":[{"href":"https:\/\/oncoalicia.com\/es\/wp-json\/wp\/v2\/pages\/8711","targetHints":{"allow":["GET"]}}],"collection":[{"href":"https:\/\/oncoalicia.com\/es\/wp-json\/wp\/v2\/pages"}],"about":[{"href":"https:\/\/oncoalicia.com\/es\/wp-json\/wp\/v2\/types\/page"}],"author":[{"embeddable":true,"href":"https:\/\/oncoalicia.com\/es\/wp-json\/wp\/v2\/users\/2"}],"replies":[{"embeddable":true,"href":"https:\/\/oncoalicia.com\/es\/wp-json\/wp\/v2\/comments?post=8711"}],"version-history":[{"count":0,"href":"https:\/\/oncoalicia.com\/es\/wp-json\/wp\/v2\/pages\/8711\/revisions"}],"up":[{"embeddable":true,"href":"https:\/\/oncoalicia.com\/es\/wp-json\/wp\/v2\/pages\/8942"}],"wp:attachment":[{"href":"https:\/\/oncoalicia.com\/es\/wp-json\/wp\/v2\/media?parent=8711"}],"curies":[{"name":"wp","href":"https:\/\/api.w.org\/{rel}","templated":true}]}}