{"id":8722,"date":"2024-06-01T23:02:59","date_gmt":"2024-06-01T23:02:59","guid":{"rendered":"https:\/\/oncoalicia.com\/?page_id=8722"},"modified":"2025-07-04T07:17:27","modified_gmt":"2025-07-04T07:17:27","slug":"periodo-precirugia-que-comer-las-semanas-previas-a-la-cirugia","status":"publish","type":"page","link":"https:\/\/oncoalicia.com\/es\/tipos-de-cancer\/gastrico\/periodo-precirugia-que-comer-las-semanas-previas-a-la-cirugia\/","title":{"rendered":"Recomendaciones diet\u00e9tico-culinarias previas a la gastrectom\u00eda"},"content":{"rendered":"<p class=\"p1 text-left\">\n    La alimentaci\u00f3n durante las semanas previas a la cirug\u00eda es crucial para llegar a este momento en el mejor estado nutricional posible, asegurando sobre todo la energ\u00eda y las prote\u00ednas que el cuerpo necesita. Si el tumor est\u00e1 muy localizado, se realiza una cirug\u00eda directa, pero en general la cirug\u00eda va precedida por un tratamiento previo Generalmente, entre el final del tratamiento y la cirug\u00eda suelen pasar unas seis semanas, por lo que hay tiempo para recuperarse y llegar en las mejores condiciones a la cirug\u00eda.<\/br><br \/>\n    La intervenci\u00f3n en el est\u00f3mago se denomina gastrectom\u00eda y esta, en funci\u00f3n de la localizaci\u00f3n del tumor y de su extensi\u00f3n, puede ser parcial (en la que extirpan el est\u00f3mago parcialmente) o total (en la que extirpan completamente el est\u00f3mago). <\/br><br \/>\n    Para afrontar alimentariamente el periodo anterior a la intervenci\u00f3n, se recomienda: <\/p>\n<ul>\n<li style=\"text-align: left;\">\n<p>Llevar una alimentaci\u00f3n lo m\u00e1s variada y equilibrada posible, con un aumento en el aporte proteico para asegurar una ingesta suficiente de prote\u00ednas; minerales como el hierro, el zinc y el selenio, y vitaminas, como la B12 y la vitamina D, que evitan d\u00e9ficits previos a la cirug\u00eda. <\/p>\n<\/li>\n<li style=\"text-align: left;\">\n<p>Adaptar la alimentaci\u00f3n a posibles situaciones, como: <\/p>\n<ul>\n<li style=\"text-align: left;\">\n<p>Malestar abdominal, con lo que se recomienda una alimentaci\u00f3n de f\u00e1cil digesti\u00f3n.<\/p>\n<\/li>\n<li style=\"text-align: left;\">\n<p>P\u00e9rdida de peso previa, con lo que se recomienda una dieta a nivel proteico y cal\u00f3rico.<\/p>\n<\/li>\n<\/ul>\n<\/li>\n<li style=\"text-align: left;\">\n<p>Realizar actividad f\u00edsica, acorde a las capacidades de cada uno, para intentar mantener o recuperar la masa muscular.<\/p>\n<\/li>\n<\/ul>\n<\/div>\n<\/div>\n<section class=\"mt-30\">\n<div class=\"container\">\n<div class=\"row\">\n<h2 class=\"col-md-12 txt-2 text-center\">\n                Recomendaciones<br \/>\n            <\/h2>\n<\/p><\/div>\n<div class=\"col-md-12\">\n<div class=\"row space-efect\">\n<div class=\"col-md-6\">\n                    <a style=\"text-decoration: none;\" href=\"\/es\/tipos-de-cancer\/gastrico\/periodo-precirugia-que-comer-las-semanas-previas-a-la-cirugia\/alimentacion-variada-y-equilibrada-rica-en-proteinas\/\"><\/p>\n<div class=\"cuadro-efecto text-center\">\n<div class=\"txt-efect\">\n                                Alimentaci\u00f3n variada y equilibrada rica en prote\u00ednas\n                            <\/div>\n<div class=\"flecha\">\n                                <i class=\"fa fa-chevron-right\" aria-hidden=\"true\"><\/i>\n                            <\/div>\n<\/p><\/div>\n<p>                    <\/a>\n                <\/div>\n<div class=\"col-md-6\">\n                    <a style=\"text-decoration: none;\" href=\"\/es\/tipos-de-cancer\/gastrico\/periodo-precirugia-que-comer-las-semanas-previas-a-la-cirugia\/como-enriquecer-la-alimentacion-para-recuperar-peso-o-ingesta-insuficiente\/\"><\/p>\n<div class=\"cuadro-efecto text-center\">\n<div class=\"txt-efect\">\n                                \u00bfC\u00f3mo enriquecer la alimentaci\u00f3n para recuperar peso o ingesta insuficiente?\n                            <\/div>\n<div class=\"flecha\">\n                                <i class=\"fa fa-chevron-right\" aria-hidden=\"true\"><\/i>\n                            <\/div>\n<\/p><\/div>\n<p>                    <\/a>\n                <\/div>\n<\/p><\/div>\n<\/p><\/div>\n<\/p><\/div>\n<\/section>\n<\/div>\n","protected":false},"excerpt":{"rendered":"<p>La alimentaci\u00f3n durante las semanas previas a la cirug\u00eda es crucial para llegar a este momento en el mejor estado nutricional posible, asegurando sobre todo la energ\u00eda y las prote\u00ednas que el cuerpo necesita. Si el tumor est\u00e1 muy localizado, se realiza una cirug\u00eda directa, pero en general la cirug\u00eda va precedida por un tratamiento&hellip; <a class=\"more-link\" href=\"https:\/\/oncoalicia.com\/es\/tipos-de-cancer\/gastrico\/periodo-precirugia-que-comer-las-semanas-previas-a-la-cirugia\/\">Seguir leyendo <span class=\"screen-reader-text\">Recomendaciones diet\u00e9tico-culinarias previas a la gastrectom\u00eda<\/span><\/a><\/p>\n","protected":false},"author":2,"featured_media":0,"parent":8474,"menu_order":0,"comment_status":"closed","ping_status":"closed","template":"","meta":{"footnotes":""},"class_list":["post-8722","page","type-page","status-publish","hentry","entry"],"yoast_head":"<!-- This site is optimized with the Yoast SEO plugin v26.9 - https:\/\/yoast.com\/product\/yoast-seo-wordpress\/ -->\n<title>\u00bfQu\u00e9 comer las semana previas a una gastrectom\u00eda? - Oncoalicia<\/title>\n<meta name=\"description\" content=\"La alimentaci\u00f3n durantes las semanas previas a una gastrectom\u00eda es crucial para llegar a la operaci\u00f3n en el mejor estado nutricional posible.\" \/>\n<meta name=\"robots\" content=\"index, follow, max-snippet:-1, max-image-preview:large, max-video-preview:-1\" \/>\n<link rel=\"canonical\" href=\"https:\/\/oncoalicia.com\/es\/tipos-de-cancer\/gastrico\/periodo-precirugia-que-comer-las-semanas-previas-a-la-cirugia\/\" \/>\n<meta property=\"og:locale\" content=\"es_ES\" \/>\n<meta property=\"og:type\" content=\"article\" \/>\n<meta property=\"og:title\" content=\"\u00bfQu\u00e9 comer las semana previas a una gastrectom\u00eda? - Oncoalicia\" \/>\n<meta property=\"og:description\" content=\"La alimentaci\u00f3n durantes las semanas previas a una gastrectom\u00eda es crucial para llegar a la operaci\u00f3n en el mejor estado nutricional posible.\" \/>\n<meta property=\"og:url\" content=\"https:\/\/oncoalicia.com\/es\/tipos-de-cancer\/gastrico\/periodo-precirugia-que-comer-las-semanas-previas-a-la-cirugia\/\" \/>\n<meta property=\"og:site_name\" content=\"Oncoalicia\" \/>\n<meta property=\"article:modified_time\" content=\"2025-07-04T07:17:27+00:00\" \/>\n<meta property=\"og:image\" content=\"https:\/\/oncoalicia.com\/wp-content\/uploads\/2021\/12\/Asset-3.png\" \/>\n\t<meta property=\"og:image:width\" content=\"300\" \/>\n\t<meta property=\"og:image:height\" content=\"300\" \/>\n\t<meta property=\"og:image:type\" content=\"image\/png\" \/>\n<meta name=\"twitter:card\" content=\"summary_large_image\" \/>\n<meta name=\"twitter:label1\" content=\"Tiempo de lectura\" \/>\n\t<meta name=\"twitter:data1\" content=\"2 minutos\" \/>\n<script type=\"application\/ld+json\" class=\"yoast-schema-graph\">{\"@context\":\"https:\/\/schema.org\",\"@graph\":[{\"@type\":\"WebPage\",\"@id\":\"https:\/\/oncoalicia.com\/es\/tipos-de-cancer\/gastrico\/periodo-precirugia-que-comer-las-semanas-previas-a-la-cirugia\/\",\"url\":\"https:\/\/oncoalicia.com\/es\/tipos-de-cancer\/gastrico\/periodo-precirugia-que-comer-las-semanas-previas-a-la-cirugia\/\",\"name\":\"\u00bfQu\u00e9 comer las semana previas a una gastrectom\u00eda? - Oncoalicia\",\"isPartOf\":{\"@id\":\"https:\/\/oncoalicia.com\/es\/#website\"},\"datePublished\":\"2024-06-01T23:02:59+00:00\",\"dateModified\":\"2025-07-04T07:17:27+00:00\",\"description\":\"La alimentaci\u00f3n durantes las semanas previas a una gastrectom\u00eda es crucial para llegar a la operaci\u00f3n en el mejor estado nutricional posible.\",\"breadcrumb\":{\"@id\":\"https:\/\/oncoalicia.com\/es\/tipos-de-cancer\/gastrico\/periodo-precirugia-que-comer-las-semanas-previas-a-la-cirugia\/#breadcrumb\"},\"inLanguage\":\"es\",\"potentialAction\":[{\"@type\":\"ReadAction\",\"target\":[\"https:\/\/oncoalicia.com\/es\/tipos-de-cancer\/gastrico\/periodo-precirugia-que-comer-las-semanas-previas-a-la-cirugia\/\"]}]},{\"@type\":\"BreadcrumbList\",\"@id\":\"https:\/\/oncoalicia.com\/es\/tipos-de-cancer\/gastrico\/periodo-precirugia-que-comer-las-semanas-previas-a-la-cirugia\/#breadcrumb\",\"itemListElement\":[{\"@type\":\"ListItem\",\"position\":1,\"name\":\"Portada\",\"item\":\"https:\/\/oncoalicia.com\/es\/\"},{\"@type\":\"ListItem\",\"position\":2,\"name\":\"Tipos de c\u00e1ncer\",\"item\":\"https:\/\/oncoalicia.com\/es\/tipos-de-cancer\/\"},{\"@type\":\"ListItem\",\"position\":3,\"name\":\"Recomendaciones alimentarias durante el tratamiento del c\u00e1ncer g\u00e1strico\",\"item\":\"https:\/\/oncoalicia.com\/es\/tipos-de-cancer\/gastrico\/\"},{\"@type\":\"ListItem\",\"position\":4,\"name\":\"Recomendaciones diet\u00e9tico-culinarias previas a la gastrectom\u00eda\"}]},{\"@type\":\"WebSite\",\"@id\":\"https:\/\/oncoalicia.com\/es\/#website\",\"url\":\"https:\/\/oncoalicia.com\/es\/\",\"name\":\"Oncoal\u00edcia\",\"description\":\"Comer durante el Tratamiento del C\u00e1ncer\",\"publisher\":{\"@id\":\"https:\/\/oncoalicia.com\/es\/#organization\"},\"alternateName\":\"Oncoal\u00edcia | Comer durante el Tratamiento del C\u00e1ncer\",\"potentialAction\":[{\"@type\":\"SearchAction\",\"target\":{\"@type\":\"EntryPoint\",\"urlTemplate\":\"https:\/\/oncoalicia.com\/es\/?s={search_term_string}\"},\"query-input\":{\"@type\":\"PropertyValueSpecification\",\"valueRequired\":true,\"valueName\":\"search_term_string\"}}],\"inLanguage\":\"es\"},{\"@type\":\"Organization\",\"@id\":\"https:\/\/oncoalicia.com\/es\/#organization\",\"name\":\"Oncoal\u00edcia\",\"alternateName\":\"Oncoal\u00edcia | Comer durante el Tratamiento del C\u00e1ncer\",\"url\":\"https:\/\/oncoalicia.com\/es\/\",\"logo\":{\"@type\":\"ImageObject\",\"inLanguage\":\"es\",\"@id\":\"https:\/\/oncoalicia.com\/es\/#\/schema\/logo\/image\/\",\"url\":\"https:\/\/oncoalicia.com\/wp-content\/uploads\/2022\/11\/logo_rrss.png\",\"contentUrl\":\"https:\/\/oncoalicia.com\/wp-content\/uploads\/2022\/11\/logo_rrss.png\",\"width\":300,\"height\":300,\"caption\":\"Oncoal\u00edcia\"},\"image\":{\"@id\":\"https:\/\/oncoalicia.com\/es\/#\/schema\/logo\/image\/\"}}]}<\/script>\n<!-- \/ Yoast SEO plugin. -->","yoast_head_json":{"title":"\u00bfQu\u00e9 comer las semana previas a una gastrectom\u00eda? - Oncoalicia","description":"La alimentaci\u00f3n durantes las semanas previas a una gastrectom\u00eda es crucial para llegar a la operaci\u00f3n en el mejor estado nutricional posible.","robots":{"index":"index","follow":"follow","max-snippet":"max-snippet:-1","max-image-preview":"max-image-preview:large","max-video-preview":"max-video-preview:-1"},"canonical":"https:\/\/oncoalicia.com\/es\/tipos-de-cancer\/gastrico\/periodo-precirugia-que-comer-las-semanas-previas-a-la-cirugia\/","og_locale":"es_ES","og_type":"article","og_title":"\u00bfQu\u00e9 comer las semana previas a una gastrectom\u00eda? - Oncoalicia","og_description":"La alimentaci\u00f3n durantes las semanas previas a una gastrectom\u00eda es crucial para llegar a la operaci\u00f3n en el mejor estado nutricional posible.","og_url":"https:\/\/oncoalicia.com\/es\/tipos-de-cancer\/gastrico\/periodo-precirugia-que-comer-las-semanas-previas-a-la-cirugia\/","og_site_name":"Oncoalicia","article_modified_time":"2025-07-04T07:17:27+00:00","og_image":[{"width":300,"height":300,"url":"https:\/\/oncoalicia.com\/wp-content\/uploads\/2021\/12\/Asset-3.png","type":"image\/png"}],"twitter_card":"summary_large_image","twitter_misc":{"Tiempo de lectura":"2 minutos"},"schema":{"@context":"https:\/\/schema.org","@graph":[{"@type":"WebPage","@id":"https:\/\/oncoalicia.com\/es\/tipos-de-cancer\/gastrico\/periodo-precirugia-que-comer-las-semanas-previas-a-la-cirugia\/","url":"https:\/\/oncoalicia.com\/es\/tipos-de-cancer\/gastrico\/periodo-precirugia-que-comer-las-semanas-previas-a-la-cirugia\/","name":"\u00bfQu\u00e9 comer las semana previas a una gastrectom\u00eda? - Oncoalicia","isPartOf":{"@id":"https:\/\/oncoalicia.com\/es\/#website"},"datePublished":"2024-06-01T23:02:59+00:00","dateModified":"2025-07-04T07:17:27+00:00","description":"La alimentaci\u00f3n durantes las semanas previas a una gastrectom\u00eda es crucial para llegar a la operaci\u00f3n en el mejor estado nutricional posible.","breadcrumb":{"@id":"https:\/\/oncoalicia.com\/es\/tipos-de-cancer\/gastrico\/periodo-precirugia-que-comer-las-semanas-previas-a-la-cirugia\/#breadcrumb"},"inLanguage":"es","potentialAction":[{"@type":"ReadAction","target":["https:\/\/oncoalicia.com\/es\/tipos-de-cancer\/gastrico\/periodo-precirugia-que-comer-las-semanas-previas-a-la-cirugia\/"]}]},{"@type":"BreadcrumbList","@id":"https:\/\/oncoalicia.com\/es\/tipos-de-cancer\/gastrico\/periodo-precirugia-que-comer-las-semanas-previas-a-la-cirugia\/#breadcrumb","itemListElement":[{"@type":"ListItem","position":1,"name":"Portada","item":"https:\/\/oncoalicia.com\/es\/"},{"@type":"ListItem","position":2,"name":"Tipos de c\u00e1ncer","item":"https:\/\/oncoalicia.com\/es\/tipos-de-cancer\/"},{"@type":"ListItem","position":3,"name":"Recomendaciones alimentarias durante el tratamiento del c\u00e1ncer g\u00e1strico","item":"https:\/\/oncoalicia.com\/es\/tipos-de-cancer\/gastrico\/"},{"@type":"ListItem","position":4,"name":"Recomendaciones diet\u00e9tico-culinarias previas a la gastrectom\u00eda"}]},{"@type":"WebSite","@id":"https:\/\/oncoalicia.com\/es\/#website","url":"https:\/\/oncoalicia.com\/es\/","name":"Oncoal\u00edcia","description":"Comer durante el Tratamiento del C\u00e1ncer","publisher":{"@id":"https:\/\/oncoalicia.com\/es\/#organization"},"alternateName":"Oncoal\u00edcia | Comer durante el Tratamiento del C\u00e1ncer","potentialAction":[{"@type":"SearchAction","target":{"@type":"EntryPoint","urlTemplate":"https:\/\/oncoalicia.com\/es\/?s={search_term_string}"},"query-input":{"@type":"PropertyValueSpecification","valueRequired":true,"valueName":"search_term_string"}}],"inLanguage":"es"},{"@type":"Organization","@id":"https:\/\/oncoalicia.com\/es\/#organization","name":"Oncoal\u00edcia","alternateName":"Oncoal\u00edcia | Comer durante el Tratamiento del C\u00e1ncer","url":"https:\/\/oncoalicia.com\/es\/","logo":{"@type":"ImageObject","inLanguage":"es","@id":"https:\/\/oncoalicia.com\/es\/#\/schema\/logo\/image\/","url":"https:\/\/oncoalicia.com\/wp-content\/uploads\/2022\/11\/logo_rrss.png","contentUrl":"https:\/\/oncoalicia.com\/wp-content\/uploads\/2022\/11\/logo_rrss.png","width":300,"height":300,"caption":"Oncoal\u00edcia"},"image":{"@id":"https:\/\/oncoalicia.com\/es\/#\/schema\/logo\/image\/"}}]}},"_links":{"self":[{"href":"https:\/\/oncoalicia.com\/es\/wp-json\/wp\/v2\/pages\/8722","targetHints":{"allow":["GET"]}}],"collection":[{"href":"https:\/\/oncoalicia.com\/es\/wp-json\/wp\/v2\/pages"}],"about":[{"href":"https:\/\/oncoalicia.com\/es\/wp-json\/wp\/v2\/types\/page"}],"author":[{"embeddable":true,"href":"https:\/\/oncoalicia.com\/es\/wp-json\/wp\/v2\/users\/2"}],"replies":[{"embeddable":true,"href":"https:\/\/oncoalicia.com\/es\/wp-json\/wp\/v2\/comments?post=8722"}],"version-history":[{"count":0,"href":"https:\/\/oncoalicia.com\/es\/wp-json\/wp\/v2\/pages\/8722\/revisions"}],"up":[{"embeddable":true,"href":"https:\/\/oncoalicia.com\/es\/wp-json\/wp\/v2\/pages\/8474"}],"wp:attachment":[{"href":"https:\/\/oncoalicia.com\/es\/wp-json\/wp\/v2\/media?parent=8722"}],"curies":[{"name":"wp","href":"https:\/\/api.w.org\/{rel}","templated":true}]}}