{"id":8733,"date":"2024-06-04T21:46:01","date_gmt":"2024-06-04T21:46:01","guid":{"rendered":"https:\/\/oncoalicia.com\/?page_id=8733"},"modified":"2025-07-04T07:18:21","modified_gmt":"2025-07-04T07:18:21","slug":"tras-el-alta-hospitalaria-postcirugia","status":"publish","type":"page","link":"https:\/\/oncoalicia.com\/es\/tipos-de-cancer\/gastrico\/tras-el-alta-hospitalaria-postcirugia\/","title":{"rendered":"Recomendaciones diet\u00e9tico-culinarias despu\u00e9s de una gastrectom\u00eda"},"content":{"rendered":"<p class=\"p1 text-left\">\n    La gastrectom\u00eda es el procedimiento quir\u00fargico en el que se extirpa de forma total o parcial el est\u00f3mago: <\/p>\n<ul>\n<li style=\"text-align: left;\">\n<p>Gastrectom\u00eda parcial o subtotal: se extirpa parte del est\u00f3mago. En algunos casos se pueden extirpar ganglios linf\u00e1ticos y otros \u00f3rganos o tejidos cercanos. <\/p>\n<\/li>\n<li style=\"text-align: left;\">\n<p>Gastrectom\u00eda total: se extirpa completamente el est\u00f3mago. Se pueden extirpar tambi\u00e9n ganglios linf\u00e1ticos y otros \u00f3rganos o tejidos cercanos. Este procedimiento requiere de la uni\u00f3n del es\u00f3fago con el intestino delgado para que el paciente pueda comer y deglutir. <\/p>\n<\/li>\n<\/ul>\n<p><img decoding=\"async\" src=\"https:\/\/oncoalicia.com\/wp-content\/uploads\/2024\/06\/Castellano-3.png\" width=\"100%\" style=\"display: block;\"><\/p>\n<p class=\"p1 text-left\">El est\u00f3mago desempe\u00f1a muchos roles importantes en el sistema digestivo. Su principal funci\u00f3n involucra la digesti\u00f3n, tanto mec\u00e1nica como qu\u00edmica, de la comida ingerida. Una vez los alimentos han sido masticados y lubricados con la saliva, descienden por la garganta, pasan por el es\u00f3fago y entran al est\u00f3mago, donde se mezclan con los jugos g\u00e1stricos, que ayudan a digerir y desintegrar los alimentos. Estos llegar\u00e1n al intestino delgado, donde se absorber\u00e1n los diferentes nutrientes. El est\u00f3mago tambi\u00e9n libera varias hormonas, encargadas de enviar se\u00f1ales de hambre y saciedad al cerebro.  <\/br>Una gastrectom\u00eda total o parcial implica que estas funciones se vean alteradas, dando lugar a:  <\/p>\n<ul>\n<li style=\"text-align: left;\">\n<p>Menor capacidad para contener la comida.<\/li>\n<li style=\"text-align: left;\">\n<p>Reducci\u00f3n o anulaci\u00f3n de la secreci\u00f3n de jugo g\u00e1strico, por lo que se dificulta la digesti\u00f3n de los alimentos. <\/li>\n<li style=\"text-align: left;\">\n<p>Alteraci\u00f3n de la motilidad (movimientos) del est\u00f3mago y la evacuaci\u00f3n de su contenido hacia al intestino. <\/li>\n<li style=\"text-align: left;\">\n<p>Disminuci\u00f3n de la capacidad de absorber algunos de los nutrientes de los alimentos de manera efectiva, pudiendo producirse una malabsorci\u00f3n de nutrientes, como las grasas; las vitaminas, como la B2 (riboflavina), la B3 (niacina), la B9 (\u00e1cido f\u00f3lico), la B12 (cianocobalamina), la D y la E, y minerales, como el hierro, el calcio y el zinc.  <\/li>\n<li style=\"text-align: left;\">\n<p>Alteraci\u00f3n de las se\u00f1ales del hambre. <\/li>\n<\/ul>\n<p class=\"p1 text-left\">Las consecuencias de estas funciones alteradas son:<\/p>\n<ul>\n<li style=\"text-align: left;\"><b>Saciedad precoz y falta de apetito:<\/b>\n<p>la p\u00e9rdida o reducci\u00f3n del est\u00f3mago puede producir mayor sensaci\u00f3n de saciedad m\u00e1s r\u00e1pido, a veces acompa\u00f1ada de dolor despu\u00e9s de las comidas.<\/p>\n<\/li>\n<li style=\"text-align: left;\"><b>S\u00edndrome de evacuaci\u00f3n r\u00e1pida (s\u00edndrome dumping):<\/b>\n<p>debido a la anulaci\u00f3n de la funci\u00f3n del p\u00edloro (esf\u00ednter que conecta el est\u00f3mago con el intestino delgado), el contenido del est\u00f3mago se vac\u00eda al intestino delgado m\u00e1s r\u00e1pidamente de lo que ser\u00eda normal, comportando un conjunto de s\u00edntomas molestos despu\u00e9s de comer. <\/p>\n<\/li>\n<li style=\"text-align: left;\"><b>Diarreas:<\/b>\n<p>pueden aparecer despu\u00e9s de cualquier gastrectom\u00eda, entre una o dos horas despu\u00e9s de las comidas. Suelen ser acuosas y en muchos casos especialmente malolientes, amarillentas y con aspecto graso. La diarrea tiende a disminuir poco a poco con el paso del tiempo, al cabo de seis meses o un a\u00f1o de la cirug\u00eda. <\/p>\n<\/li>\n<li style=\"text-align: left;\"><b>Anemia:<\/b>\n<p>la anemia es una de las secuelas importantes a largo plazo que se presenta despu\u00e9s de una gastrectom\u00eda, y se desarrolla gradualmente durante a\u00f1os. Se trata de una anemia por d\u00e9ficit de hierro y\/o por d\u00e9ficit de vitamina B12 o de \u00e1cido f\u00f3lico (B9), como consecuencia de una baja ingesta o por menor absorci\u00f3n de los nutrientes debido a la cirug\u00eda. El equipo m\u00e9dico de referencia valorar\u00e1 la necesidad de suplementaci\u00f3n. <\/p>\n<\/li>\n<li style=\"text-align: left;\"><b>Enfermedad \u00f3sea:<\/b>\n<p>la gastrectom\u00eda favorece el desarrollo de osteoporosis y\/u osteomalacia a largo plazo por la destrucci\u00f3n del tejido \u00f3seo, debido a una malabsorci\u00f3n de vitamina D y calcio, y tambi\u00e9n debido a una menor ingesta de alimentos ricos en calcio y vitamina D. <\/p>\n<\/li>\n<li style=\"text-align: left;\"><b>P\u00e9rdida de peso:<\/b>\n<p>la saciedad precoz y la malabsorci\u00f3n de nutrientes pueden contribuir a esta p\u00e9rdida de peso. Se caracteriza principalmente por una p\u00e9rdida de grasa m\u00e1s que de masa muscular y puede ser progresiva, entre los tres y seis meses poscirug\u00eda, hasta que se estabiliza. <\/p>\n<\/li>\n<\/ul>\n<p class=\"p1 text-left\">Una vez realizada la cirug\u00eda, en pocos d\u00edas el paciente podr\u00e1 empezar a comer de manera progresiva, seg\u00fan la tolerancia individual, comenzando con una dieta l\u00edquida, progresando a semil\u00edquida, triturada, semis\u00f3lida, de f\u00e1cil digesti\u00f3n, hasta una pauta lo m\u00e1s normal posible. Se recomienda utilizar un diario de alimentos que incluya lo que se come y se bebe y los s\u00edntomas que provocan, con el fin de identificar la tolerancia a los alimentos y progresar adecuadamente de forma personalizada.  <\/p>\n<\/div>\n<\/div>\n<section class=\"mt-30\">\n<div class=\"container\">\n<div class=\"row\">\n<div class=\"col-md-12\">\n<div class=\"row space-efect\">\n<div class=\"col-md-6\">\n                        <a style=\"text-decoration: none;\" href=\"\/es\/tipos-de-cancer\/gastrico\/tras-el-alta-hospitalaria-postcirugia\/recomendaciones-dietetico-culinarias-despues-de-la-gastrectomia-parcial\/\"><\/p>\n<div class=\"cuadro-efecto2 text-center\">\n<div class=\"txt-efect\">\n                                    Recomendaciones diet\u00e9tico-culinarias despu\u00e9s de la gastrectom\u00eda parcial\n                                <\/div>\n<div class=\"flecha\">\n                                    <i class=\"fa fa-chevron-right\" aria-hidden=\"true\"><\/i>\n                                <\/div>\n<\/p><\/div>\n<p>                        <\/a>\n                    <\/div>\n<div class=\"col-md-6\">\n                        <a style=\"text-decoration: none;\" href=\"\/es\/tipos-de-cancer\/gastrico\/tras-el-alta-hospitalaria-postcirugia\/recomendaciones-dietetico-culinarias-despues-de-la-gastrectomia-total\/\"><\/p>\n<div class=\"cuadro-efecto2 text-center\">\n<div class=\"txt-efect\">\n                                    Recomendaciones diet\u00e9tico-culinarias despu\u00e9s de la gastrectom\u00eda total\n                                <\/div>\n<div class=\"flecha\">\n                                    <i class=\"fa fa-chevron-right\" aria-hidden=\"true\"><\/i>\n                                <\/div>\n<\/p><\/div>\n<p>                        <\/a>\n                    <\/div>\n<\/p><\/div>\n<div class=\"row space-efect\">\n<div class=\"col-md-3\">\n                        <a style=\"text-decoration: none;\" href=\"\/es\/tipos-de-cancer\/gastrico\/tras-el-alta-hospitalaria-postcirugia\/asegurar-la-ingesta-de-calcio-y-vitamina-d\/\"><\/p>\n<div class=\"cuadro-efecto text-center\">\n<div class=\"txt-efect\">\n                                    Asegurar la ingesta de calcio y vitamina D\n                                <\/div>\n<div class=\"flecha\">\n                                    <i class=\"fa fa-chevron-right\" aria-hidden=\"true\"><\/i>\n                                <\/div>\n<\/p><\/div>\n<p>                        <\/a>\n                    <\/div>\n<div class=\"col-md-3\">\n                        <a style=\"text-decoration: none;\" href=\"https:\/\/oncoalicia.com\/es\/tipos-de-cancer\/gastrico\/tras-el-alta-hospitalaria-postcirugia\/anemia\/\"><\/p>\n<div class=\"cuadro-efecto text-center\">\n<div class=\"txt-efect\">\n                                    Anemia\n                                <\/div>\n<div class=\"flecha\">\n                                    <i class=\"fa fa-chevron-right\" aria-hidden=\"true\"><\/i>\n                                <\/div>\n<\/p><\/div>\n<p>                        <\/a>\n                    <\/div>\n<div class=\"col-md-3\">\n                        <a style=\"text-decoration: none;\" href=\"\/es\/tipos-de-cancer\/gastrico\/tras-el-alta-hospitalaria-postcirugia\/sindrome-dumping-sindrome-de-evacuacion-rapida\/\"><\/p>\n<div class=\"cuadro-efecto text-center\">\n<div class=\"txt-efect\">\n                                    S\u00edndrome dumping (s\u00edndrome de evacuaci\u00f3n r\u00e1pida)\n                                <\/div>\n<div class=\"flecha\">\n                                    <i class=\"fa fa-chevron-right\" aria-hidden=\"true\"><\/i>\n                                <\/div>\n<\/p><\/div>\n<p>                        <\/a>\n                    <\/div>\n<div class=\"col-md-3\">\n                        <a style=\"text-decoration: none;\" href=\"https:\/\/oncoalicia.com\/es\/tipos-de-cancer\/gastrico\/tras-el-alta-hospitalaria-postcirugia\/diarrea\/\"><\/p>\n<div class=\"cuadro-efecto text-center\">\n<div class=\"txt-efect\">\n                                    Diarrea\n                                <\/div>\n<div class=\"flecha\">\n                                    <i class=\"fa fa-chevron-right\" aria-hidden=\"true\"><\/i>\n                                <\/div>\n<\/p><\/div>\n<p>                        <\/a>\n                    <\/div>\n<\/p><\/div>\n<\/p><\/div>\n<\/p><\/div>\n<\/p><\/div>\n<\/section>\n<\/div>\n","protected":false},"excerpt":{"rendered":"<p>La gastrectom\u00eda es el procedimiento quir\u00fargico en el que se extirpa de forma total o parcial el est\u00f3mago: Gastrectom\u00eda parcial o subtotal: se extirpa parte del est\u00f3mago. En algunos casos se pueden extirpar ganglios linf\u00e1ticos y otros \u00f3rganos o tejidos cercanos. Gastrectom\u00eda total: se extirpa completamente el est\u00f3mago. Se pueden extirpar tambi\u00e9n ganglios linf\u00e1ticos y&hellip; <a class=\"more-link\" href=\"https:\/\/oncoalicia.com\/es\/tipos-de-cancer\/gastrico\/tras-el-alta-hospitalaria-postcirugia\/\">Seguir leyendo <span class=\"screen-reader-text\">Recomendaciones diet\u00e9tico-culinarias despu\u00e9s de una gastrectom\u00eda<\/span><\/a><\/p>\n","protected":false},"author":2,"featured_media":0,"parent":8474,"menu_order":0,"comment_status":"closed","ping_status":"closed","template":"","meta":{"footnotes":""},"class_list":["post-8733","page","type-page","status-publish","hentry","entry"],"yoast_head":"<!-- This site is optimized with the Yoast SEO plugin v26.9 - https:\/\/yoast.com\/product\/yoast-seo-wordpress\/ -->\n<title>Recomendaciones alimentarias postcirug\u00eda en pacientes de c\u00e1ncer g\u00e1strico - Oncoalicia<\/title>\n<meta name=\"description\" content=\"\u00bfCu\u00e1les son las consecuencias despu\u00e9s de la gastrectom\u00eda? Descubre las recomendaciones diet\u00e9ticas despu\u00e9s de esta operaci\u00f3n.\" \/>\n<meta name=\"robots\" content=\"index, follow, max-snippet:-1, max-image-preview:large, max-video-preview:-1\" \/>\n<link rel=\"canonical\" href=\"https:\/\/oncoalicia.com\/es\/tipos-de-cancer\/gastrico\/tras-el-alta-hospitalaria-postcirugia\/\" \/>\n<meta property=\"og:locale\" content=\"es_ES\" \/>\n<meta property=\"og:type\" content=\"article\" \/>\n<meta property=\"og:title\" content=\"Recomendaciones alimentarias postcirug\u00eda en pacientes de c\u00e1ncer g\u00e1strico - Oncoalicia\" \/>\n<meta property=\"og:description\" content=\"\u00bfCu\u00e1les son las consecuencias despu\u00e9s de la gastrectom\u00eda? Descubre las recomendaciones diet\u00e9ticas despu\u00e9s de esta operaci\u00f3n.\" \/>\n<meta property=\"og:url\" content=\"https:\/\/oncoalicia.com\/es\/tipos-de-cancer\/gastrico\/tras-el-alta-hospitalaria-postcirugia\/\" \/>\n<meta property=\"og:site_name\" content=\"Oncoalicia\" \/>\n<meta property=\"article:modified_time\" content=\"2025-07-04T07:18:21+00:00\" \/>\n<meta property=\"og:image\" content=\"https:\/\/oncoalicia.com\/wp-content\/uploads\/2024\/06\/Castellano-3.png\" \/>\n<meta name=\"twitter:card\" content=\"summary_large_image\" \/>\n<meta name=\"twitter:label1\" content=\"Tiempo de lectura\" \/>\n\t<meta name=\"twitter:data1\" content=\"4 minutos\" \/>\n<script type=\"application\/ld+json\" class=\"yoast-schema-graph\">{\"@context\":\"https:\/\/schema.org\",\"@graph\":[{\"@type\":\"WebPage\",\"@id\":\"https:\/\/oncoalicia.com\/es\/tipos-de-cancer\/gastrico\/tras-el-alta-hospitalaria-postcirugia\/\",\"url\":\"https:\/\/oncoalicia.com\/es\/tipos-de-cancer\/gastrico\/tras-el-alta-hospitalaria-postcirugia\/\",\"name\":\"Recomendaciones alimentarias postcirug\u00eda en pacientes de c\u00e1ncer g\u00e1strico - Oncoalicia\",\"isPartOf\":{\"@id\":\"https:\/\/oncoalicia.com\/es\/#website\"},\"primaryImageOfPage\":{\"@id\":\"https:\/\/oncoalicia.com\/es\/tipos-de-cancer\/gastrico\/tras-el-alta-hospitalaria-postcirugia\/#primaryimage\"},\"image\":{\"@id\":\"https:\/\/oncoalicia.com\/es\/tipos-de-cancer\/gastrico\/tras-el-alta-hospitalaria-postcirugia\/#primaryimage\"},\"thumbnailUrl\":\"https:\/\/oncoalicia.com\/wp-content\/uploads\/2024\/06\/Castellano-3.png\",\"datePublished\":\"2024-06-04T21:46:01+00:00\",\"dateModified\":\"2025-07-04T07:18:21+00:00\",\"description\":\"\u00bfCu\u00e1les son las consecuencias despu\u00e9s de la gastrectom\u00eda? Descubre las recomendaciones diet\u00e9ticas despu\u00e9s de esta operaci\u00f3n.\",\"breadcrumb\":{\"@id\":\"https:\/\/oncoalicia.com\/es\/tipos-de-cancer\/gastrico\/tras-el-alta-hospitalaria-postcirugia\/#breadcrumb\"},\"inLanguage\":\"es\",\"potentialAction\":[{\"@type\":\"ReadAction\",\"target\":[\"https:\/\/oncoalicia.com\/es\/tipos-de-cancer\/gastrico\/tras-el-alta-hospitalaria-postcirugia\/\"]}]},{\"@type\":\"ImageObject\",\"inLanguage\":\"es\",\"@id\":\"https:\/\/oncoalicia.com\/es\/tipos-de-cancer\/gastrico\/tras-el-alta-hospitalaria-postcirugia\/#primaryimage\",\"url\":\"https:\/\/oncoalicia.com\/wp-content\/uploads\/2024\/06\/Castellano-3.png\",\"contentUrl\":\"https:\/\/oncoalicia.com\/wp-content\/uploads\/2024\/06\/Castellano-3.png\"},{\"@type\":\"BreadcrumbList\",\"@id\":\"https:\/\/oncoalicia.com\/es\/tipos-de-cancer\/gastrico\/tras-el-alta-hospitalaria-postcirugia\/#breadcrumb\",\"itemListElement\":[{\"@type\":\"ListItem\",\"position\":1,\"name\":\"Portada\",\"item\":\"https:\/\/oncoalicia.com\/es\/\"},{\"@type\":\"ListItem\",\"position\":2,\"name\":\"Tipos de c\u00e1ncer\",\"item\":\"https:\/\/oncoalicia.com\/es\/tipos-de-cancer\/\"},{\"@type\":\"ListItem\",\"position\":3,\"name\":\"Recomendaciones alimentarias durante el tratamiento del c\u00e1ncer g\u00e1strico\",\"item\":\"https:\/\/oncoalicia.com\/es\/tipos-de-cancer\/gastrico\/\"},{\"@type\":\"ListItem\",\"position\":4,\"name\":\"Recomendaciones diet\u00e9tico-culinarias despu\u00e9s de una gastrectom\u00eda\"}]},{\"@type\":\"WebSite\",\"@id\":\"https:\/\/oncoalicia.com\/es\/#website\",\"url\":\"https:\/\/oncoalicia.com\/es\/\",\"name\":\"Oncoal\u00edcia\",\"description\":\"Comer durante el Tratamiento del C\u00e1ncer\",\"publisher\":{\"@id\":\"https:\/\/oncoalicia.com\/es\/#organization\"},\"alternateName\":\"Oncoal\u00edcia | Comer durante el Tratamiento del C\u00e1ncer\",\"potentialAction\":[{\"@type\":\"SearchAction\",\"target\":{\"@type\":\"EntryPoint\",\"urlTemplate\":\"https:\/\/oncoalicia.com\/es\/?s={search_term_string}\"},\"query-input\":{\"@type\":\"PropertyValueSpecification\",\"valueRequired\":true,\"valueName\":\"search_term_string\"}}],\"inLanguage\":\"es\"},{\"@type\":\"Organization\",\"@id\":\"https:\/\/oncoalicia.com\/es\/#organization\",\"name\":\"Oncoal\u00edcia\",\"alternateName\":\"Oncoal\u00edcia | Comer durante el Tratamiento del C\u00e1ncer\",\"url\":\"https:\/\/oncoalicia.com\/es\/\",\"logo\":{\"@type\":\"ImageObject\",\"inLanguage\":\"es\",\"@id\":\"https:\/\/oncoalicia.com\/es\/#\/schema\/logo\/image\/\",\"url\":\"https:\/\/oncoalicia.com\/wp-content\/uploads\/2022\/11\/logo_rrss.png\",\"contentUrl\":\"https:\/\/oncoalicia.com\/wp-content\/uploads\/2022\/11\/logo_rrss.png\",\"width\":300,\"height\":300,\"caption\":\"Oncoal\u00edcia\"},\"image\":{\"@id\":\"https:\/\/oncoalicia.com\/es\/#\/schema\/logo\/image\/\"}}]}<\/script>\n<!-- \/ Yoast SEO plugin. -->","yoast_head_json":{"title":"Recomendaciones alimentarias postcirug\u00eda en pacientes de c\u00e1ncer g\u00e1strico - Oncoalicia","description":"\u00bfCu\u00e1les son las consecuencias despu\u00e9s de la gastrectom\u00eda? Descubre las recomendaciones diet\u00e9ticas despu\u00e9s de esta operaci\u00f3n.","robots":{"index":"index","follow":"follow","max-snippet":"max-snippet:-1","max-image-preview":"max-image-preview:large","max-video-preview":"max-video-preview:-1"},"canonical":"https:\/\/oncoalicia.com\/es\/tipos-de-cancer\/gastrico\/tras-el-alta-hospitalaria-postcirugia\/","og_locale":"es_ES","og_type":"article","og_title":"Recomendaciones alimentarias postcirug\u00eda en pacientes de c\u00e1ncer g\u00e1strico - Oncoalicia","og_description":"\u00bfCu\u00e1les son las consecuencias despu\u00e9s de la gastrectom\u00eda? Descubre las recomendaciones diet\u00e9ticas despu\u00e9s de esta operaci\u00f3n.","og_url":"https:\/\/oncoalicia.com\/es\/tipos-de-cancer\/gastrico\/tras-el-alta-hospitalaria-postcirugia\/","og_site_name":"Oncoalicia","article_modified_time":"2025-07-04T07:18:21+00:00","og_image":[{"url":"https:\/\/oncoalicia.com\/wp-content\/uploads\/2024\/06\/Castellano-3.png","type":"","width":"","height":""}],"twitter_card":"summary_large_image","twitter_misc":{"Tiempo de lectura":"4 minutos"},"schema":{"@context":"https:\/\/schema.org","@graph":[{"@type":"WebPage","@id":"https:\/\/oncoalicia.com\/es\/tipos-de-cancer\/gastrico\/tras-el-alta-hospitalaria-postcirugia\/","url":"https:\/\/oncoalicia.com\/es\/tipos-de-cancer\/gastrico\/tras-el-alta-hospitalaria-postcirugia\/","name":"Recomendaciones alimentarias postcirug\u00eda en pacientes de c\u00e1ncer g\u00e1strico - Oncoalicia","isPartOf":{"@id":"https:\/\/oncoalicia.com\/es\/#website"},"primaryImageOfPage":{"@id":"https:\/\/oncoalicia.com\/es\/tipos-de-cancer\/gastrico\/tras-el-alta-hospitalaria-postcirugia\/#primaryimage"},"image":{"@id":"https:\/\/oncoalicia.com\/es\/tipos-de-cancer\/gastrico\/tras-el-alta-hospitalaria-postcirugia\/#primaryimage"},"thumbnailUrl":"https:\/\/oncoalicia.com\/wp-content\/uploads\/2024\/06\/Castellano-3.png","datePublished":"2024-06-04T21:46:01+00:00","dateModified":"2025-07-04T07:18:21+00:00","description":"\u00bfCu\u00e1les son las consecuencias despu\u00e9s de la gastrectom\u00eda? Descubre las recomendaciones diet\u00e9ticas despu\u00e9s de esta operaci\u00f3n.","breadcrumb":{"@id":"https:\/\/oncoalicia.com\/es\/tipos-de-cancer\/gastrico\/tras-el-alta-hospitalaria-postcirugia\/#breadcrumb"},"inLanguage":"es","potentialAction":[{"@type":"ReadAction","target":["https:\/\/oncoalicia.com\/es\/tipos-de-cancer\/gastrico\/tras-el-alta-hospitalaria-postcirugia\/"]}]},{"@type":"ImageObject","inLanguage":"es","@id":"https:\/\/oncoalicia.com\/es\/tipos-de-cancer\/gastrico\/tras-el-alta-hospitalaria-postcirugia\/#primaryimage","url":"https:\/\/oncoalicia.com\/wp-content\/uploads\/2024\/06\/Castellano-3.png","contentUrl":"https:\/\/oncoalicia.com\/wp-content\/uploads\/2024\/06\/Castellano-3.png"},{"@type":"BreadcrumbList","@id":"https:\/\/oncoalicia.com\/es\/tipos-de-cancer\/gastrico\/tras-el-alta-hospitalaria-postcirugia\/#breadcrumb","itemListElement":[{"@type":"ListItem","position":1,"name":"Portada","item":"https:\/\/oncoalicia.com\/es\/"},{"@type":"ListItem","position":2,"name":"Tipos de c\u00e1ncer","item":"https:\/\/oncoalicia.com\/es\/tipos-de-cancer\/"},{"@type":"ListItem","position":3,"name":"Recomendaciones alimentarias durante el tratamiento del c\u00e1ncer g\u00e1strico","item":"https:\/\/oncoalicia.com\/es\/tipos-de-cancer\/gastrico\/"},{"@type":"ListItem","position":4,"name":"Recomendaciones diet\u00e9tico-culinarias despu\u00e9s de una gastrectom\u00eda"}]},{"@type":"WebSite","@id":"https:\/\/oncoalicia.com\/es\/#website","url":"https:\/\/oncoalicia.com\/es\/","name":"Oncoal\u00edcia","description":"Comer durante el Tratamiento del C\u00e1ncer","publisher":{"@id":"https:\/\/oncoalicia.com\/es\/#organization"},"alternateName":"Oncoal\u00edcia | Comer durante el Tratamiento del C\u00e1ncer","potentialAction":[{"@type":"SearchAction","target":{"@type":"EntryPoint","urlTemplate":"https:\/\/oncoalicia.com\/es\/?s={search_term_string}"},"query-input":{"@type":"PropertyValueSpecification","valueRequired":true,"valueName":"search_term_string"}}],"inLanguage":"es"},{"@type":"Organization","@id":"https:\/\/oncoalicia.com\/es\/#organization","name":"Oncoal\u00edcia","alternateName":"Oncoal\u00edcia | Comer durante el Tratamiento del C\u00e1ncer","url":"https:\/\/oncoalicia.com\/es\/","logo":{"@type":"ImageObject","inLanguage":"es","@id":"https:\/\/oncoalicia.com\/es\/#\/schema\/logo\/image\/","url":"https:\/\/oncoalicia.com\/wp-content\/uploads\/2022\/11\/logo_rrss.png","contentUrl":"https:\/\/oncoalicia.com\/wp-content\/uploads\/2022\/11\/logo_rrss.png","width":300,"height":300,"caption":"Oncoal\u00edcia"},"image":{"@id":"https:\/\/oncoalicia.com\/es\/#\/schema\/logo\/image\/"}}]}},"_links":{"self":[{"href":"https:\/\/oncoalicia.com\/es\/wp-json\/wp\/v2\/pages\/8733","targetHints":{"allow":["GET"]}}],"collection":[{"href":"https:\/\/oncoalicia.com\/es\/wp-json\/wp\/v2\/pages"}],"about":[{"href":"https:\/\/oncoalicia.com\/es\/wp-json\/wp\/v2\/types\/page"}],"author":[{"embeddable":true,"href":"https:\/\/oncoalicia.com\/es\/wp-json\/wp\/v2\/users\/2"}],"replies":[{"embeddable":true,"href":"https:\/\/oncoalicia.com\/es\/wp-json\/wp\/v2\/comments?post=8733"}],"version-history":[{"count":0,"href":"https:\/\/oncoalicia.com\/es\/wp-json\/wp\/v2\/pages\/8733\/revisions"}],"up":[{"embeddable":true,"href":"https:\/\/oncoalicia.com\/es\/wp-json\/wp\/v2\/pages\/8474"}],"wp:attachment":[{"href":"https:\/\/oncoalicia.com\/es\/wp-json\/wp\/v2\/media?parent=8733"}],"curies":[{"name":"wp","href":"https:\/\/api.w.org\/{rel}","templated":true}]}}