{"id":8758,"date":"2024-06-12T23:45:42","date_gmt":"2024-06-12T23:45:42","guid":{"rendered":"https:\/\/oncoalicia.com\/?page_id=8758"},"modified":"2025-07-04T07:16:39","modified_gmt":"2025-07-04T07:16:39","slug":"durante-el-tratamiento-con-quimioterapia-radioterapia-tras-la-cirugia","status":"publish","type":"page","link":"https:\/\/oncoalicia.com\/es\/tipos-de-cancer\/gastrico\/durante-el-tratamiento-con-quimioterapia-radioterapia-tras-la-cirugia\/","title":{"rendered":"Tratamiento adyuvante despu\u00e9s de la gastrectom\u00eda"},"content":{"rendered":"\n<p class=\"p1 text-left\">\n            Una vez realizada la gastrectom\u00eda parcial o total, puede ser necesario un tratamiento adyuvante con quimioterapia, en ocasiones combinado con inmunoterapia. Este suele iniciarse pasado aproximadamente un mes de la cirug\u00eda. El objetivo de este tratamiento es destruir cualquier c\u00e9lula cancerosa que haya quedado y que no se pueda ver por ser demasiado peque\u00f1a.<br \/>\n        <\/br><br \/>\n            Los efectos secundarios m\u00e1s frecuentes de los tratamientos adyuvantes son las n\u00e1useas o v\u00f3mitos, la falta de apetito (anorexia) y la alteraci\u00f3n del sabor, junto con mucho cansancio. Su aparici\u00f3n puede limitar o dificultar a\u00fan m\u00e1s la ingesta, ya condicionada por la cirug\u00eda, pudiendo provocar m\u00e1s p\u00e9rdida de peso y un empeoramiento del estado nutricional. En algunos casos tambi\u00e9n puede provocar diarrea o mucositis. La recomendaci\u00f3n es seguir las indicaciones descritas para la gastrectom\u00eda parcial o la gastrectom\u00eda total en la fase de progresi\u00f3n de la alimentaci\u00f3n en la que se encuentre el paciente y adaptarlas a los posibles efectos secundarios o s\u00edntomas derivados del tratamiento.<br \/>\n        <\/br><br \/>\n            Generalmente se realizan los ciclos de quimioterapia cada 21 d\u00edas (3 semanas), y los efectos secundarios aparecen habitualmente a lo largo de la semana de haber recibido el tratamiento. Por ello se recomienda intentar compensar lo m\u00e1ximo posible la semana anterior y la semana posterior a la aparici\u00f3n de los efectos secundarios.<br \/>\n        <\/br><br \/>\n        Para las semanas sin efectos secundarios, s\u00edganse las indicaciones poscirug\u00eda, intentando incrementar un poco la ingesta y enriqueciendo al m\u00e1ximo las preparaciones. Y para la semana de aparici\u00f3n de los efectos secundarios, s\u00edganse las siguientes recomendaciones.\n        <\/p>\n<\/p><\/div>\n<\/div>\n<section class=\"mt-30\">\n<div class=\"container\">\n<div class=\"row\">\n<h2 class=\"col-md-12 txt-2 text-center\">\n                Recomendaciones<br \/>\n            <\/h2>\n<\/p><\/div>\n<div class=\"col-md-12\">\n<div class=\"row space-efect\">\n<div class=\"col-md-6\">\n                    <a style=\"text-decoration: none;\" href=\"https:\/\/oncoalicia.com\/es\/tipos-de-cancer\/gastrico\/durante-el-tratamiento-con-quimioterapia-radioterapia-tras-la-cirugia\/recomendaciones-para-la-perdida-de-apetito-nauseas-y-vomitos-alteracion-del-sabor-y-astenia-con-o-sin-mucositis\/\"><\/p>\n<div class=\"cuadro-efecto text-center\">\n<div class=\"txt-efect\">\n                                Para la p\u00e9rdida de apetito, n\u00e1useas, v\u00f3mitos, alteraci\u00f3n del sabor y astenia, con o sin mucositis\n                            <\/div>\n<div class=\"flecha\">\n                                <i class=\"fa fa-chevron-right\" aria-hidden=\"true\"><\/i>\n                            <\/div>\n<\/p><\/div>\n<p>                    <\/a>\n                <\/div>\n<div class=\"col-md-6\">\n                    <a style=\"text-decoration: none;\" href=\"https:\/\/oncoalicia.com\/es\/tipos-de-cancer\/gastrico\/durante-el-tratamiento-con-quimioterapia-radioterapia-tras-la-cirugia\/para-la-diarrea\/\"><\/p>\n<div class=\"cuadro-efecto text-center\">\n<div class=\"txt-efect\">\n                                Para la diarrea\n                            <\/div>\n<div class=\"flecha\">\n                                <i class=\"fa fa-chevron-right\" aria-hidden=\"true\"><\/i>\n                            <\/div>\n<\/p><\/div>\n<p>                    <\/a>\n                <\/div>\n<\/p><\/div>\n<div class=\"row\">\n<div class=\"col-md-12 subtitle-mitos\">\n<p class=\"p1 text-left\">En el caso de estre\u00f1imiento, es importante consultar con el equipo m\u00e9dico de referencia, para valorar la mejor estrategia para abordarlo. <\/p>\n<\/p><\/div>\n<\/p><\/div>\n<\/p><\/div>\n<\/p><\/div>\n<\/section>\n<\/div>\n","protected":false},"excerpt":{"rendered":"<p>Una vez realizada la gastrectom\u00eda parcial o total, puede ser necesario un tratamiento adyuvante con quimioterapia, en ocasiones combinado con inmunoterapia. Este suele iniciarse pasado aproximadamente un mes de la cirug\u00eda. El objetivo de este tratamiento es destruir cualquier c\u00e9lula cancerosa que haya quedado y que no se pueda ver por ser demasiado peque\u00f1a. Los&hellip; <a class=\"more-link\" href=\"https:\/\/oncoalicia.com\/es\/tipos-de-cancer\/gastrico\/durante-el-tratamiento-con-quimioterapia-radioterapia-tras-la-cirugia\/\">Seguir leyendo <span class=\"screen-reader-text\">Tratamiento adyuvante despu\u00e9s de la gastrectom\u00eda<\/span><\/a><\/p>\n","protected":false},"author":2,"featured_media":0,"parent":8474,"menu_order":0,"comment_status":"closed","ping_status":"closed","template":"","meta":{"footnotes":""},"class_list":["post-8758","page","type-page","status-publish","hentry","entry"],"yoast_head":"<!-- This site is optimized with the Yoast SEO plugin v26.9 - https:\/\/yoast.com\/product\/yoast-seo-wordpress\/ -->\n<title>Tratamiento adyuvante despu\u00e9s de la gastrectom\u00eda - Oncoalicia<\/title>\n<meta name=\"description\" content=\"Descubre c\u00f3mo hacer frente a los efectos secundarios del tratamiento adyuvamte despu\u00e9s de la gastrectom\u00eda.\" \/>\n<meta name=\"robots\" content=\"index, follow, max-snippet:-1, max-image-preview:large, max-video-preview:-1\" \/>\n<link rel=\"canonical\" href=\"https:\/\/oncoalicia.com\/es\/tipos-de-cancer\/gastrico\/durante-el-tratamiento-con-quimioterapia-radioterapia-tras-la-cirugia\/\" \/>\n<meta property=\"og:locale\" content=\"es_ES\" \/>\n<meta property=\"og:type\" content=\"article\" \/>\n<meta property=\"og:title\" content=\"Tratamiento adyuvante despu\u00e9s de la gastrectom\u00eda - Oncoalicia\" \/>\n<meta property=\"og:description\" content=\"Descubre c\u00f3mo hacer frente a los efectos secundarios del tratamiento adyuvamte despu\u00e9s de la gastrectom\u00eda.\" \/>\n<meta property=\"og:url\" content=\"https:\/\/oncoalicia.com\/es\/tipos-de-cancer\/gastrico\/durante-el-tratamiento-con-quimioterapia-radioterapia-tras-la-cirugia\/\" \/>\n<meta property=\"og:site_name\" content=\"Oncoalicia\" \/>\n<meta property=\"article:modified_time\" content=\"2025-07-04T07:16:39+00:00\" \/>\n<meta property=\"og:image\" content=\"https:\/\/oncoalicia.com\/wp-content\/uploads\/2021\/12\/Asset-3.png\" \/>\n\t<meta property=\"og:image:width\" content=\"300\" \/>\n\t<meta property=\"og:image:height\" content=\"300\" \/>\n\t<meta property=\"og:image:type\" content=\"image\/png\" \/>\n<meta name=\"twitter:card\" content=\"summary_large_image\" \/>\n<meta name=\"twitter:label1\" content=\"Tiempo de lectura\" \/>\n\t<meta name=\"twitter:data1\" content=\"2 minutos\" \/>\n<script type=\"application\/ld+json\" class=\"yoast-schema-graph\">{\"@context\":\"https:\/\/schema.org\",\"@graph\":[{\"@type\":\"WebPage\",\"@id\":\"https:\/\/oncoalicia.com\/es\/tipos-de-cancer\/gastrico\/durante-el-tratamiento-con-quimioterapia-radioterapia-tras-la-cirugia\/\",\"url\":\"https:\/\/oncoalicia.com\/es\/tipos-de-cancer\/gastrico\/durante-el-tratamiento-con-quimioterapia-radioterapia-tras-la-cirugia\/\",\"name\":\"Tratamiento adyuvante despu\u00e9s de la gastrectom\u00eda - Oncoalicia\",\"isPartOf\":{\"@id\":\"https:\/\/oncoalicia.com\/es\/#website\"},\"datePublished\":\"2024-06-12T23:45:42+00:00\",\"dateModified\":\"2025-07-04T07:16:39+00:00\",\"description\":\"Descubre c\u00f3mo hacer frente a los efectos secundarios del tratamiento adyuvamte despu\u00e9s de la gastrectom\u00eda.\",\"breadcrumb\":{\"@id\":\"https:\/\/oncoalicia.com\/es\/tipos-de-cancer\/gastrico\/durante-el-tratamiento-con-quimioterapia-radioterapia-tras-la-cirugia\/#breadcrumb\"},\"inLanguage\":\"es\",\"potentialAction\":[{\"@type\":\"ReadAction\",\"target\":[\"https:\/\/oncoalicia.com\/es\/tipos-de-cancer\/gastrico\/durante-el-tratamiento-con-quimioterapia-radioterapia-tras-la-cirugia\/\"]}]},{\"@type\":\"BreadcrumbList\",\"@id\":\"https:\/\/oncoalicia.com\/es\/tipos-de-cancer\/gastrico\/durante-el-tratamiento-con-quimioterapia-radioterapia-tras-la-cirugia\/#breadcrumb\",\"itemListElement\":[{\"@type\":\"ListItem\",\"position\":1,\"name\":\"Portada\",\"item\":\"https:\/\/oncoalicia.com\/es\/\"},{\"@type\":\"ListItem\",\"position\":2,\"name\":\"Tipos de c\u00e1ncer\",\"item\":\"https:\/\/oncoalicia.com\/es\/tipos-de-cancer\/\"},{\"@type\":\"ListItem\",\"position\":3,\"name\":\"Recomendaciones alimentarias durante el tratamiento del c\u00e1ncer g\u00e1strico\",\"item\":\"https:\/\/oncoalicia.com\/es\/tipos-de-cancer\/gastrico\/\"},{\"@type\":\"ListItem\",\"position\":4,\"name\":\"Tratamiento adyuvante despu\u00e9s de la gastrectom\u00eda\"}]},{\"@type\":\"WebSite\",\"@id\":\"https:\/\/oncoalicia.com\/es\/#website\",\"url\":\"https:\/\/oncoalicia.com\/es\/\",\"name\":\"Oncoal\u00edcia\",\"description\":\"Comer durante el Tratamiento del C\u00e1ncer\",\"publisher\":{\"@id\":\"https:\/\/oncoalicia.com\/es\/#organization\"},\"alternateName\":\"Oncoal\u00edcia | Comer durante el Tratamiento del C\u00e1ncer\",\"potentialAction\":[{\"@type\":\"SearchAction\",\"target\":{\"@type\":\"EntryPoint\",\"urlTemplate\":\"https:\/\/oncoalicia.com\/es\/?s={search_term_string}\"},\"query-input\":{\"@type\":\"PropertyValueSpecification\",\"valueRequired\":true,\"valueName\":\"search_term_string\"}}],\"inLanguage\":\"es\"},{\"@type\":\"Organization\",\"@id\":\"https:\/\/oncoalicia.com\/es\/#organization\",\"name\":\"Oncoal\u00edcia\",\"alternateName\":\"Oncoal\u00edcia | Comer durante el Tratamiento del C\u00e1ncer\",\"url\":\"https:\/\/oncoalicia.com\/es\/\",\"logo\":{\"@type\":\"ImageObject\",\"inLanguage\":\"es\",\"@id\":\"https:\/\/oncoalicia.com\/es\/#\/schema\/logo\/image\/\",\"url\":\"https:\/\/oncoalicia.com\/wp-content\/uploads\/2022\/11\/logo_rrss.png\",\"contentUrl\":\"https:\/\/oncoalicia.com\/wp-content\/uploads\/2022\/11\/logo_rrss.png\",\"width\":300,\"height\":300,\"caption\":\"Oncoal\u00edcia\"},\"image\":{\"@id\":\"https:\/\/oncoalicia.com\/es\/#\/schema\/logo\/image\/\"}}]}<\/script>\n<!-- \/ Yoast SEO plugin. -->","yoast_head_json":{"title":"Tratamiento adyuvante despu\u00e9s de la gastrectom\u00eda - Oncoalicia","description":"Descubre c\u00f3mo hacer frente a los efectos secundarios del tratamiento adyuvamte despu\u00e9s de la gastrectom\u00eda.","robots":{"index":"index","follow":"follow","max-snippet":"max-snippet:-1","max-image-preview":"max-image-preview:large","max-video-preview":"max-video-preview:-1"},"canonical":"https:\/\/oncoalicia.com\/es\/tipos-de-cancer\/gastrico\/durante-el-tratamiento-con-quimioterapia-radioterapia-tras-la-cirugia\/","og_locale":"es_ES","og_type":"article","og_title":"Tratamiento adyuvante despu\u00e9s de la gastrectom\u00eda - Oncoalicia","og_description":"Descubre c\u00f3mo hacer frente a los efectos secundarios del tratamiento adyuvamte despu\u00e9s de la gastrectom\u00eda.","og_url":"https:\/\/oncoalicia.com\/es\/tipos-de-cancer\/gastrico\/durante-el-tratamiento-con-quimioterapia-radioterapia-tras-la-cirugia\/","og_site_name":"Oncoalicia","article_modified_time":"2025-07-04T07:16:39+00:00","og_image":[{"width":300,"height":300,"url":"https:\/\/oncoalicia.com\/wp-content\/uploads\/2021\/12\/Asset-3.png","type":"image\/png"}],"twitter_card":"summary_large_image","twitter_misc":{"Tiempo de lectura":"2 minutos"},"schema":{"@context":"https:\/\/schema.org","@graph":[{"@type":"WebPage","@id":"https:\/\/oncoalicia.com\/es\/tipos-de-cancer\/gastrico\/durante-el-tratamiento-con-quimioterapia-radioterapia-tras-la-cirugia\/","url":"https:\/\/oncoalicia.com\/es\/tipos-de-cancer\/gastrico\/durante-el-tratamiento-con-quimioterapia-radioterapia-tras-la-cirugia\/","name":"Tratamiento adyuvante despu\u00e9s de la gastrectom\u00eda - Oncoalicia","isPartOf":{"@id":"https:\/\/oncoalicia.com\/es\/#website"},"datePublished":"2024-06-12T23:45:42+00:00","dateModified":"2025-07-04T07:16:39+00:00","description":"Descubre c\u00f3mo hacer frente a los efectos secundarios del tratamiento adyuvamte despu\u00e9s de la gastrectom\u00eda.","breadcrumb":{"@id":"https:\/\/oncoalicia.com\/es\/tipos-de-cancer\/gastrico\/durante-el-tratamiento-con-quimioterapia-radioterapia-tras-la-cirugia\/#breadcrumb"},"inLanguage":"es","potentialAction":[{"@type":"ReadAction","target":["https:\/\/oncoalicia.com\/es\/tipos-de-cancer\/gastrico\/durante-el-tratamiento-con-quimioterapia-radioterapia-tras-la-cirugia\/"]}]},{"@type":"BreadcrumbList","@id":"https:\/\/oncoalicia.com\/es\/tipos-de-cancer\/gastrico\/durante-el-tratamiento-con-quimioterapia-radioterapia-tras-la-cirugia\/#breadcrumb","itemListElement":[{"@type":"ListItem","position":1,"name":"Portada","item":"https:\/\/oncoalicia.com\/es\/"},{"@type":"ListItem","position":2,"name":"Tipos de c\u00e1ncer","item":"https:\/\/oncoalicia.com\/es\/tipos-de-cancer\/"},{"@type":"ListItem","position":3,"name":"Recomendaciones alimentarias durante el tratamiento del c\u00e1ncer g\u00e1strico","item":"https:\/\/oncoalicia.com\/es\/tipos-de-cancer\/gastrico\/"},{"@type":"ListItem","position":4,"name":"Tratamiento adyuvante despu\u00e9s de la gastrectom\u00eda"}]},{"@type":"WebSite","@id":"https:\/\/oncoalicia.com\/es\/#website","url":"https:\/\/oncoalicia.com\/es\/","name":"Oncoal\u00edcia","description":"Comer durante el Tratamiento del C\u00e1ncer","publisher":{"@id":"https:\/\/oncoalicia.com\/es\/#organization"},"alternateName":"Oncoal\u00edcia | Comer durante el Tratamiento del C\u00e1ncer","potentialAction":[{"@type":"SearchAction","target":{"@type":"EntryPoint","urlTemplate":"https:\/\/oncoalicia.com\/es\/?s={search_term_string}"},"query-input":{"@type":"PropertyValueSpecification","valueRequired":true,"valueName":"search_term_string"}}],"inLanguage":"es"},{"@type":"Organization","@id":"https:\/\/oncoalicia.com\/es\/#organization","name":"Oncoal\u00edcia","alternateName":"Oncoal\u00edcia | Comer durante el Tratamiento del C\u00e1ncer","url":"https:\/\/oncoalicia.com\/es\/","logo":{"@type":"ImageObject","inLanguage":"es","@id":"https:\/\/oncoalicia.com\/es\/#\/schema\/logo\/image\/","url":"https:\/\/oncoalicia.com\/wp-content\/uploads\/2022\/11\/logo_rrss.png","contentUrl":"https:\/\/oncoalicia.com\/wp-content\/uploads\/2022\/11\/logo_rrss.png","width":300,"height":300,"caption":"Oncoal\u00edcia"},"image":{"@id":"https:\/\/oncoalicia.com\/es\/#\/schema\/logo\/image\/"}}]}},"_links":{"self":[{"href":"https:\/\/oncoalicia.com\/es\/wp-json\/wp\/v2\/pages\/8758","targetHints":{"allow":["GET"]}}],"collection":[{"href":"https:\/\/oncoalicia.com\/es\/wp-json\/wp\/v2\/pages"}],"about":[{"href":"https:\/\/oncoalicia.com\/es\/wp-json\/wp\/v2\/types\/page"}],"author":[{"embeddable":true,"href":"https:\/\/oncoalicia.com\/es\/wp-json\/wp\/v2\/users\/2"}],"replies":[{"embeddable":true,"href":"https:\/\/oncoalicia.com\/es\/wp-json\/wp\/v2\/comments?post=8758"}],"version-history":[{"count":0,"href":"https:\/\/oncoalicia.com\/es\/wp-json\/wp\/v2\/pages\/8758\/revisions"}],"up":[{"embeddable":true,"href":"https:\/\/oncoalicia.com\/es\/wp-json\/wp\/v2\/pages\/8474"}],"wp:attachment":[{"href":"https:\/\/oncoalicia.com\/es\/wp-json\/wp\/v2\/media?parent=8758"}],"curies":[{"name":"wp","href":"https:\/\/api.w.org\/{rel}","templated":true}]}}