{"id":8942,"date":"2024-05-17T00:52:44","date_gmt":"2024-05-17T00:52:44","guid":{"rendered":"https:\/\/oncoalicia.com\/?page_id=8942"},"modified":"2025-07-04T07:20:35","modified_gmt":"2025-07-04T07:20:35","slug":"tratamiento-inicial-con-quimioterapia-radioterapia-e-inmunoterapia","status":"publish","type":"page","link":"https:\/\/oncoalicia.com\/es\/tipos-de-cancer\/gastrico\/tratamiento-inicial-con-quimioterapia-radioterapia-e-inmunoterapia\/","title":{"rendered":"Recomendaciones diet\u00e9tico-culinarias durante el tratamiento inicial de quimioterapia, radioterapia o inmunoterapia en c\u00e1ncer g\u00e1strico"},"content":{"rendered":"\n<p class=\"p1 text-left\">\n            El objetivo principal de la quimioterapia, la radioterapia y la inmunoterapia es reducir el tumor.<\/br>Una alimentaci\u00f3n saludable y equilibrada, con alimentos de todos los grupos en las cantidades y frecuencias adecuadas, es la que aporta todos los nutrientes necesarios para el buen mantenimiento del organismo y sus funciones, y al mismo tiempo asegura la energ\u00eda y las prote\u00ednas indispensables para mantener un buen estado nutricional. La primera recomendaci\u00f3n es asegurar una alimentaci\u00f3n suficiente y equilibrada, que deber\u00e1 irse adaptando seg\u00fan la aparici\u00f3n de los posibles efectos secundarios del tratamiento recibido y las complicaciones o situaciones concretas derivadas de la localizaci\u00f3n, el tama\u00f1o y el estadio del tumor.<\/br>El propio tumor puede provocar s\u00edntomas que conducen a una reducci\u00f3n de la ingesta: dolor abdominal y\/o reflujo, p\u00e9rdida de apetito, dificultad o dolor para tragar, n\u00e1useas y v\u00f3mitos, sensaci\u00f3n de saciedad precoz, etc. Una vez empieza el tratamiento, estos s\u00edntomas pueden empeorar y sum\u00e1rseles otros, como la diarrea, las llagas en la boca o la alteraci\u00f3n de la sensibilidad gustativa. Mantener una ingesta de alimentos suficiente y nutricionalmente adecuada puede hacerse complicado cuando aparecen estos s\u00edntomas, por lo que es importante ir adaptando la alimentaci\u00f3n a partir de las siguientes recomendaciones diet\u00e9tico-culinarias para cada uno de ellos.\n        <\/p>\n<\/p><\/div>\n<\/div>\n<section class=\"mt-30\">\n<div class=\"container\">\n<div class=\"row\">\n<h2 class=\"col-md-12 txt-2 text-center\">\n                Efectos secundarios y sintomas m\u00e1s frecuentes<br \/>\n            <\/h2>\n<\/p><\/div>\n<div class=\"col-md-12\">\n<div class=\"row space-efect\">\n<div class=\"col-md-3\">\n                    <a style=\"text-decoration: none;\" href=\"https:\/\/oncoalicia.com\/es\/tipos-de-cancer\/gastrico\/tratamiento-inicial-con-quimioterapia-radioterapia-e-inmunoterapia\/dolor-abdominal-y-o-reflujo-pirosis\/\"><\/p>\n<div class=\"cuadro-efecto text-center\">\n<div class=\"txt-efect\">\n                                Dolor abdominal y\/o reflujo (pirosis)\n                            <\/div>\n<div class=\"flecha\">\n                                <i class=\"fa fa-chevron-right\" aria-hidden=\"true\"><\/i>\n                            <\/div>\n<\/p><\/div>\n<p>                    <\/a>\n                <\/div>\n<div class=\"col-md-3\">\n                    <a style=\"text-decoration: none;\" href=\"\/es\/tipos-de-cancer\/gastrico\/tratamiento-inicial-con-quimioterapia-radioterapia-e-inmunoterapia\/perdida-del-apetito\/\"><\/p>\n<div class=\"cuadro-efecto text-center\">\n<div class=\"txt-efect\">\n                                P\u00e9rdida del apetito\n                            <\/div>\n<div class=\"flecha\">\n                                <i class=\"fa fa-chevron-right\" aria-hidden=\"true\"><\/i>\n                            <\/div>\n<\/p><\/div>\n<p>                    <\/a>\n                <\/div>\n<div class=\"col-md-3\">\n                    <a style=\"text-decoration: none;\" href=\"\/es\/tipos-de-cancer\/gastrico\/tratamiento-inicial-con-quimioterapia-radioterapia-e-inmunoterapia\/dificultad-o-dolor-al-deglutir\/\"><\/p>\n<div class=\"cuadro-efecto text-center\">\n<div class=\"txt-efect\">\n                                Dificultad o dolor al deglutir\n                            <\/div>\n<div class=\"flecha\">\n                                <i class=\"fa fa-chevron-right\" aria-hidden=\"true\"><\/i>\n                            <\/div>\n<\/p><\/div>\n<p>                    <\/a>\n                <\/div>\n<div class=\"col-md-3\">\n                    <a style=\"text-decoration: none;\" href=\"\/es\/tipos-de-cancer\/gastrico\/tratamiento-inicial-con-quimioterapia-radioterapia-e-inmunoterapia\/alteracion-de-la-sensibilidad-gustativa\/\"><\/p>\n<div class=\"cuadro-efecto text-center\">\n<div class=\"txt-efect\">\n                                Alteraci\u00f3n de la sensibilidad gustativa\n                            <\/div>\n<div class=\"flecha\">\n                                <i class=\"fa fa-chevron-right\" aria-hidden=\"true\"><\/i>\n                            <\/div>\n<\/p><\/div>\n<p>                    <\/a>\n                <\/div>\n<\/p><\/div>\n<div class=\"row space-efect\">\n<div class=\"col-md-3\">\n                    <a style=\"text-decoration: none;\" href=\"https:\/\/oncoalicia.com\/es\/tipos-de-cancer\/gastrico\/tratamiento-inicial-con-quimioterapia-radioterapia-e-inmunoterapia\/nauseas-y-vomitos\/\"><\/p>\n<div class=\"cuadro-efecto text-center\">\n<div class=\"txt-efect\">\n                                N\u00e1useas y v\u00f3mitos\n                            <\/div>\n<div class=\"flecha\">\n                                <i class=\"fa fa-chevron-right\" aria-hidden=\"true\"><\/i>\n                            <\/div>\n<\/p><\/div>\n<p>                    <\/a>\n                <\/div>\n<div class=\"col-md-3\">\n                    <a style=\"text-decoration: none;\" href=\"https:\/\/oncoalicia.com\/es\/tipos-de-cancer\/gastrico\/tratamiento-inicial-con-quimioterapia-radioterapia-e-inmunoterapia\/diarrea\/\"><\/p>\n<div class=\"cuadro-efecto text-center\">\n<div class=\"txt-efect\">\n                                Diarrea\n                            <\/div>\n<div class=\"flecha\">\n                                <i class=\"fa fa-chevron-right\" aria-hidden=\"true\"><\/i>\n                            <\/div>\n<\/p><\/div>\n<p>                    <\/a>\n                <\/div>\n<div class=\"col-md-3\">\n                <\/div>\n<div class=\"col-md-3\">\n                <\/div>\n<\/p><\/div>\n<\/p><\/div>\n<\/p><\/div>\n<\/section>\n<\/div>\n","protected":false},"excerpt":{"rendered":"<p>El objetivo principal de la quimioterapia, la radioterapia y la inmunoterapia es reducir el tumor.Una alimentaci\u00f3n saludable y equilibrada, con alimentos de todos los grupos en las cantidades y frecuencias adecuadas, es la que aporta todos los nutrientes necesarios para el buen mantenimiento del organismo y sus funciones, y al mismo tiempo asegura la energ\u00eda&hellip; <a class=\"more-link\" href=\"https:\/\/oncoalicia.com\/es\/tipos-de-cancer\/gastrico\/tratamiento-inicial-con-quimioterapia-radioterapia-e-inmunoterapia\/\">Seguir leyendo <span class=\"screen-reader-text\">Recomendaciones diet\u00e9tico-culinarias durante el tratamiento inicial de quimioterapia, radioterapia o inmunoterapia en c\u00e1ncer g\u00e1strico<\/span><\/a><\/p>\n","protected":false},"author":2,"featured_media":0,"parent":8474,"menu_order":0,"comment_status":"closed","ping_status":"closed","template":"","meta":{"footnotes":""},"class_list":["post-8942","page","type-page","status-publish","hentry","entry"],"yoast_head":"<!-- This site is optimized with the Yoast SEO plugin v26.9 - https:\/\/yoast.com\/product\/yoast-seo-wordpress\/ -->\n<title>Alimentaci\u00f3n para pacientes de c\u00e1ncer g\u00e1strico - Oncoalicia<\/title>\n<meta name=\"description\" content=\"Consulta recomendaciones alimentarias para personas durante el tratamiento de c\u00e1ncer g\u00e1strico.\" \/>\n<meta name=\"robots\" content=\"index, follow, max-snippet:-1, max-image-preview:large, max-video-preview:-1\" \/>\n<link rel=\"canonical\" href=\"https:\/\/oncoalicia.com\/es\/tipos-de-cancer\/gastrico\/tratamiento-inicial-con-quimioterapia-radioterapia-e-inmunoterapia\/\" \/>\n<meta property=\"og:locale\" content=\"es_ES\" \/>\n<meta property=\"og:type\" content=\"article\" \/>\n<meta property=\"og:title\" content=\"Alimentaci\u00f3n para pacientes de c\u00e1ncer g\u00e1strico - Oncoalicia\" \/>\n<meta property=\"og:description\" content=\"Consulta recomendaciones alimentarias para personas durante el tratamiento de c\u00e1ncer g\u00e1strico.\" \/>\n<meta property=\"og:url\" content=\"https:\/\/oncoalicia.com\/es\/tipos-de-cancer\/gastrico\/tratamiento-inicial-con-quimioterapia-radioterapia-e-inmunoterapia\/\" \/>\n<meta property=\"og:site_name\" content=\"Oncoalicia\" \/>\n<meta property=\"article:modified_time\" content=\"2025-07-04T07:20:35+00:00\" \/>\n<meta property=\"og:image\" content=\"https:\/\/oncoalicia.com\/wp-content\/uploads\/2021\/12\/Asset-3.png\" \/>\n\t<meta property=\"og:image:width\" content=\"300\" \/>\n\t<meta property=\"og:image:height\" content=\"300\" \/>\n\t<meta property=\"og:image:type\" content=\"image\/png\" \/>\n<meta name=\"twitter:card\" content=\"summary_large_image\" \/>\n<meta name=\"twitter:label1\" content=\"Tiempo de lectura\" \/>\n\t<meta name=\"twitter:data1\" content=\"2 minutos\" \/>\n<script type=\"application\/ld+json\" class=\"yoast-schema-graph\">{\"@context\":\"https:\/\/schema.org\",\"@graph\":[{\"@type\":\"WebPage\",\"@id\":\"https:\/\/oncoalicia.com\/es\/tipos-de-cancer\/gastrico\/tratamiento-inicial-con-quimioterapia-radioterapia-e-inmunoterapia\/\",\"url\":\"https:\/\/oncoalicia.com\/es\/tipos-de-cancer\/gastrico\/tratamiento-inicial-con-quimioterapia-radioterapia-e-inmunoterapia\/\",\"name\":\"Alimentaci\u00f3n para pacientes de c\u00e1ncer g\u00e1strico - Oncoalicia\",\"isPartOf\":{\"@id\":\"https:\/\/oncoalicia.com\/es\/#website\"},\"datePublished\":\"2024-05-17T00:52:44+00:00\",\"dateModified\":\"2025-07-04T07:20:35+00:00\",\"description\":\"Consulta recomendaciones alimentarias para personas durante el tratamiento de c\u00e1ncer g\u00e1strico.\",\"breadcrumb\":{\"@id\":\"https:\/\/oncoalicia.com\/es\/tipos-de-cancer\/gastrico\/tratamiento-inicial-con-quimioterapia-radioterapia-e-inmunoterapia\/#breadcrumb\"},\"inLanguage\":\"es\",\"potentialAction\":[{\"@type\":\"ReadAction\",\"target\":[\"https:\/\/oncoalicia.com\/es\/tipos-de-cancer\/gastrico\/tratamiento-inicial-con-quimioterapia-radioterapia-e-inmunoterapia\/\"]}]},{\"@type\":\"BreadcrumbList\",\"@id\":\"https:\/\/oncoalicia.com\/es\/tipos-de-cancer\/gastrico\/tratamiento-inicial-con-quimioterapia-radioterapia-e-inmunoterapia\/#breadcrumb\",\"itemListElement\":[{\"@type\":\"ListItem\",\"position\":1,\"name\":\"Portada\",\"item\":\"https:\/\/oncoalicia.com\/es\/\"},{\"@type\":\"ListItem\",\"position\":2,\"name\":\"Tipos de c\u00e1ncer\",\"item\":\"https:\/\/oncoalicia.com\/es\/tipos-de-cancer\/\"},{\"@type\":\"ListItem\",\"position\":3,\"name\":\"Recomendaciones alimentarias durante el tratamiento del c\u00e1ncer g\u00e1strico\",\"item\":\"https:\/\/oncoalicia.com\/es\/tipos-de-cancer\/gastrico\/\"},{\"@type\":\"ListItem\",\"position\":4,\"name\":\"Recomendaciones diet\u00e9tico-culinarias durante el tratamiento inicial de quimioterapia, radioterapia o inmunoterapia en c\u00e1ncer g\u00e1strico\"}]},{\"@type\":\"WebSite\",\"@id\":\"https:\/\/oncoalicia.com\/es\/#website\",\"url\":\"https:\/\/oncoalicia.com\/es\/\",\"name\":\"Oncoal\u00edcia\",\"description\":\"Comer durante el Tratamiento del C\u00e1ncer\",\"publisher\":{\"@id\":\"https:\/\/oncoalicia.com\/es\/#organization\"},\"alternateName\":\"Oncoal\u00edcia | Comer durante el Tratamiento del C\u00e1ncer\",\"potentialAction\":[{\"@type\":\"SearchAction\",\"target\":{\"@type\":\"EntryPoint\",\"urlTemplate\":\"https:\/\/oncoalicia.com\/es\/?s={search_term_string}\"},\"query-input\":{\"@type\":\"PropertyValueSpecification\",\"valueRequired\":true,\"valueName\":\"search_term_string\"}}],\"inLanguage\":\"es\"},{\"@type\":\"Organization\",\"@id\":\"https:\/\/oncoalicia.com\/es\/#organization\",\"name\":\"Oncoal\u00edcia\",\"alternateName\":\"Oncoal\u00edcia | Comer durante el Tratamiento del C\u00e1ncer\",\"url\":\"https:\/\/oncoalicia.com\/es\/\",\"logo\":{\"@type\":\"ImageObject\",\"inLanguage\":\"es\",\"@id\":\"https:\/\/oncoalicia.com\/es\/#\/schema\/logo\/image\/\",\"url\":\"https:\/\/oncoalicia.com\/wp-content\/uploads\/2022\/11\/logo_rrss.png\",\"contentUrl\":\"https:\/\/oncoalicia.com\/wp-content\/uploads\/2022\/11\/logo_rrss.png\",\"width\":300,\"height\":300,\"caption\":\"Oncoal\u00edcia\"},\"image\":{\"@id\":\"https:\/\/oncoalicia.com\/es\/#\/schema\/logo\/image\/\"}}]}<\/script>\n<!-- \/ Yoast SEO plugin. -->","yoast_head_json":{"title":"Alimentaci\u00f3n para pacientes de c\u00e1ncer g\u00e1strico - Oncoalicia","description":"Consulta recomendaciones alimentarias para personas durante el tratamiento de c\u00e1ncer g\u00e1strico.","robots":{"index":"index","follow":"follow","max-snippet":"max-snippet:-1","max-image-preview":"max-image-preview:large","max-video-preview":"max-video-preview:-1"},"canonical":"https:\/\/oncoalicia.com\/es\/tipos-de-cancer\/gastrico\/tratamiento-inicial-con-quimioterapia-radioterapia-e-inmunoterapia\/","og_locale":"es_ES","og_type":"article","og_title":"Alimentaci\u00f3n para pacientes de c\u00e1ncer g\u00e1strico - Oncoalicia","og_description":"Consulta recomendaciones alimentarias para personas durante el tratamiento de c\u00e1ncer g\u00e1strico.","og_url":"https:\/\/oncoalicia.com\/es\/tipos-de-cancer\/gastrico\/tratamiento-inicial-con-quimioterapia-radioterapia-e-inmunoterapia\/","og_site_name":"Oncoalicia","article_modified_time":"2025-07-04T07:20:35+00:00","og_image":[{"width":300,"height":300,"url":"https:\/\/oncoalicia.com\/wp-content\/uploads\/2021\/12\/Asset-3.png","type":"image\/png"}],"twitter_card":"summary_large_image","twitter_misc":{"Tiempo de lectura":"2 minutos"},"schema":{"@context":"https:\/\/schema.org","@graph":[{"@type":"WebPage","@id":"https:\/\/oncoalicia.com\/es\/tipos-de-cancer\/gastrico\/tratamiento-inicial-con-quimioterapia-radioterapia-e-inmunoterapia\/","url":"https:\/\/oncoalicia.com\/es\/tipos-de-cancer\/gastrico\/tratamiento-inicial-con-quimioterapia-radioterapia-e-inmunoterapia\/","name":"Alimentaci\u00f3n para pacientes de c\u00e1ncer g\u00e1strico - Oncoalicia","isPartOf":{"@id":"https:\/\/oncoalicia.com\/es\/#website"},"datePublished":"2024-05-17T00:52:44+00:00","dateModified":"2025-07-04T07:20:35+00:00","description":"Consulta recomendaciones alimentarias para personas durante el tratamiento de c\u00e1ncer g\u00e1strico.","breadcrumb":{"@id":"https:\/\/oncoalicia.com\/es\/tipos-de-cancer\/gastrico\/tratamiento-inicial-con-quimioterapia-radioterapia-e-inmunoterapia\/#breadcrumb"},"inLanguage":"es","potentialAction":[{"@type":"ReadAction","target":["https:\/\/oncoalicia.com\/es\/tipos-de-cancer\/gastrico\/tratamiento-inicial-con-quimioterapia-radioterapia-e-inmunoterapia\/"]}]},{"@type":"BreadcrumbList","@id":"https:\/\/oncoalicia.com\/es\/tipos-de-cancer\/gastrico\/tratamiento-inicial-con-quimioterapia-radioterapia-e-inmunoterapia\/#breadcrumb","itemListElement":[{"@type":"ListItem","position":1,"name":"Portada","item":"https:\/\/oncoalicia.com\/es\/"},{"@type":"ListItem","position":2,"name":"Tipos de c\u00e1ncer","item":"https:\/\/oncoalicia.com\/es\/tipos-de-cancer\/"},{"@type":"ListItem","position":3,"name":"Recomendaciones alimentarias durante el tratamiento del c\u00e1ncer g\u00e1strico","item":"https:\/\/oncoalicia.com\/es\/tipos-de-cancer\/gastrico\/"},{"@type":"ListItem","position":4,"name":"Recomendaciones diet\u00e9tico-culinarias durante el tratamiento inicial de quimioterapia, radioterapia o inmunoterapia en c\u00e1ncer g\u00e1strico"}]},{"@type":"WebSite","@id":"https:\/\/oncoalicia.com\/es\/#website","url":"https:\/\/oncoalicia.com\/es\/","name":"Oncoal\u00edcia","description":"Comer durante el Tratamiento del C\u00e1ncer","publisher":{"@id":"https:\/\/oncoalicia.com\/es\/#organization"},"alternateName":"Oncoal\u00edcia | Comer durante el Tratamiento del C\u00e1ncer","potentialAction":[{"@type":"SearchAction","target":{"@type":"EntryPoint","urlTemplate":"https:\/\/oncoalicia.com\/es\/?s={search_term_string}"},"query-input":{"@type":"PropertyValueSpecification","valueRequired":true,"valueName":"search_term_string"}}],"inLanguage":"es"},{"@type":"Organization","@id":"https:\/\/oncoalicia.com\/es\/#organization","name":"Oncoal\u00edcia","alternateName":"Oncoal\u00edcia | Comer durante el Tratamiento del C\u00e1ncer","url":"https:\/\/oncoalicia.com\/es\/","logo":{"@type":"ImageObject","inLanguage":"es","@id":"https:\/\/oncoalicia.com\/es\/#\/schema\/logo\/image\/","url":"https:\/\/oncoalicia.com\/wp-content\/uploads\/2022\/11\/logo_rrss.png","contentUrl":"https:\/\/oncoalicia.com\/wp-content\/uploads\/2022\/11\/logo_rrss.png","width":300,"height":300,"caption":"Oncoal\u00edcia"},"image":{"@id":"https:\/\/oncoalicia.com\/es\/#\/schema\/logo\/image\/"}}]}},"_links":{"self":[{"href":"https:\/\/oncoalicia.com\/es\/wp-json\/wp\/v2\/pages\/8942","targetHints":{"allow":["GET"]}}],"collection":[{"href":"https:\/\/oncoalicia.com\/es\/wp-json\/wp\/v2\/pages"}],"about":[{"href":"https:\/\/oncoalicia.com\/es\/wp-json\/wp\/v2\/types\/page"}],"author":[{"embeddable":true,"href":"https:\/\/oncoalicia.com\/es\/wp-json\/wp\/v2\/users\/2"}],"replies":[{"embeddable":true,"href":"https:\/\/oncoalicia.com\/es\/wp-json\/wp\/v2\/comments?post=8942"}],"version-history":[{"count":0,"href":"https:\/\/oncoalicia.com\/es\/wp-json\/wp\/v2\/pages\/8942\/revisions"}],"up":[{"embeddable":true,"href":"https:\/\/oncoalicia.com\/es\/wp-json\/wp\/v2\/pages\/8474"}],"wp:attachment":[{"href":"https:\/\/oncoalicia.com\/es\/wp-json\/wp\/v2\/media?parent=8942"}],"curies":[{"name":"wp","href":"https:\/\/api.w.org\/{rel}","templated":true}]}}