{"id":6129,"date":"2021-11-29T02:15:35","date_gmt":"2021-11-29T02:15:35","guid":{"rendered":"https:\/\/www.oncoalicia.com\/?page_id=6129"},"modified":"2025-06-30T07:44:46","modified_gmt":"2025-06-30T07:44:46","slug":"home","status":"publish","type":"page","link":"https:\/\/oncoalicia.com\/pt-br\/","title":{"rendered":"Home"},"content":{"rendered":"<section>\n<div class=\"container\">\n<div class=\"row box-home-1\">\n<div class=\"col-md-6 text-left\">\n<h2>O que comer durante o tratamento de c\u00e2ncer?<\/h2>\n<p>Aqui voc\u00ea vai encontrar receitas adaptadas a muitas situa\u00e7\u00f5es.<br \/>\n<a href=\"\/pt-br\/receitas\/\">Receitas <i class=\"fa fa-arrow-right\" aria-hidden=\"true\"><\/i><\/a><\/p>\n<\/div>\n<div class=\"col-md-6 text-center\"><img decoding=\"async\" class=\"img-fluid\" src=\"https:\/\/oncoalicia.com\/wp-content\/uploads\/2025\/06\/imghome-1.jpg\" width=\"100%\" \/><\/div>\n<\/div>\n<div class=\"row box-home-2\">\n<div class=\"col-md-4 desktop text-center\"><img decoding=\"async\" class=\"img-fluid\" src=\"https:\/\/oncoalicia.com\/wp-content\/uploads\/2025\/06\/imghome-2.jpg\" width=\"100%\" \/><\/div>\n<div class=\"col-md-8 text-left\" style=\"padding-top: 50px; padding-left: 0px;\">\n<h1>Um projeto social e cient\u00edfico para adaptar a alimenta\u00e7\u00e3o ao tratamento de c\u00e2ncer<\/h1>\n<p>Incentivado pela Funda\u00e7\u00e3o Catalunya La Pedrera e desenvolvido pela Funda\u00e7\u00e3o Al\u00edcia com a colabora\u00e7\u00e3o de diferentes entidades de refer\u00eancia na Europa.<br \/>\n<a href=\"\/pt-br\/o-projeto\/\">Conhe\u00e7a o projeto <i class=\"fa fa-arrow-right\" aria-hidden=\"true\"><\/i><\/a>\n<\/div>\n<div class=\"col-md-4 mobile text-center\">\n            <img decoding=\"async\" src=\"https:\/\/oncoalicia.com\/wp-content\/uploads\/2025\/06\/imghome-2.jpg\" width=\"100%\" class=\"img-fluid\">\n          <\/div>\n<div class=\"row box-home-3\">\n<div class=\"col-md-8 text-left\" style=\"margin-top: 80px;\">\n<h2>Webinar \u201cAlimenta\u00e7\u00e3o durante o tratamento do c\u00e2ncer g\u00e1strico\u201d<\/h2>\n<p>Recupere a sess\u00e3o para profissionais de sa\u00fade no seguinte <a style=\"display: inline-block;\" href=\"https:\/\/youtu.be\/mFSKYCilSpA\" target=\"_blank\" rel=\"noopener\">link <i class=\"fa fa-arrow-right\" aria-hidden=\"true\"><\/i><\/a><\/p>\n<\/div>\n<div class=\"col-md-4 text-center\"><img decoding=\"async\" class=\"img-fluid\" src=\"https:\/\/oncoalicia.com\/wp-content\/uploads\/2025\/06\/Calabaza-matoI_-y-pesto2.jpg\" width=\"100%\" \/><\/div>\n<\/div>\n<\/div>\n<\/div>\n<div class=\"container\" style=\"margin-top: 40px;\">\n<div class=\"row\">\n<div class=\"col-md-3 col-sm-6\">\n<a href=\"\/pt-br\/recomendacoes-gerais\/\"><\/p>\n<div class=\"acceso\">\n<img decoding=\"async\" class=\"icono\" src=\"http:\/\/oncoalicia.com\/\/wp-content\/uploads\/2023\/01\/01.png\" width=\"100\" \/><br \/>\nRecomenda\u00e7\u00f5es gerais<br \/>\n<img decoding=\"async\" src=\"http:\/\/oncoalicia.com\/wp-content\/uploads\/2023\/01\/arrow.png\" width=\"10\" \/><\/div>\n<p><\/a>\n<\/div>\n<div class=\"col-md-3 col-sm-6\">\n<a href=\"\/pt-br\/mitos-e-crencas-alimentares-relacionados-ao-cancer\/\"><\/p>\n<div class=\"acceso\">\n<img decoding=\"async\" class=\"icono\" src=\"http:\/\/oncoalicia.com\/\/wp-content\/uploads\/2023\/01\/02.png\" width=\"100\" \/><br \/>\nMitos e cren\u00e7as<br \/>\n<img decoding=\"async\" src=\"http:\/\/oncoalicia.com\/wp-content\/uploads\/2023\/01\/arrow.png\" width=\"10\" \/><\/div>\n<p><\/a>\n<\/div>\n<div class=\"col-md-3 col-sm-6\">\n<a href=\"\/pt-br\/tipos-de-cancer\/\"><\/p>\n<div class=\"acceso\"><img decoding=\"async\" class=\"icono\" src=\"http:\/\/oncoalicia.com\/wp-content\/uploads\/2023\/01\/03.png\" width=\"100\" \/><br \/>\nTipos de c\u00e2ncer<br \/>\n<img decoding=\"async\" src=\"http:\/\/oncoalicia.com\/wp-content\/uploads\/2023\/01\/arrow.png\" width=\"10\" \/><\/div>\n<p><\/a>\n<\/div>\n<div class=\"col-md-3 col-sm-6\">\n<a href=\"\/pt-br\/efeitos-secundarios\/\"><\/p>\n<div class=\"acceso\"><img decoding=\"async\" class=\"icono\" src=\"http:\/\/oncoalicia.com\/wp-content\/uploads\/2023\/01\/04.png\" width=\"100\" \/><br \/>\nEfeitos adversos<br \/>\n<img decoding=\"async\" src=\"http:\/\/oncoalicia.com\/wp-content\/uploads\/2023\/01\/arrow.png\" width=\"10\" \/><\/div>\n<p><\/a>\n<\/div>\n<\/div>\n<\/div>\n<div class=\"container\">\n<div class=\"row\">\n<div class=\"col-12 text-center\" style=\"margin: 40px 0px 0px;\">\n<h3 style=\"font-size: 20px; color: #ff6600; font-weight: bold;\">Ensinaremos a voc\u00ea como o site funciona \u2193<\/h3>\n<\/div>\n<div class=\"col-12\" style=\"margin: 40px 0px;\">\n<div style=\"width: 100px;\" class=\"wp-video\"><video class=\"wp-video-shortcode\" id=\"video-6129-1\" width=\"100\" height=\"500\" preload=\"metadata\" controls=\"controls\"><source type=\"video\/mp4\" src=\"http:\/\/oncoalicia.com\/wp-content\/uploads\/2023\/01\/Angles-Def.mp4?_=1\" \/><a href=\"http:\/\/oncoalicia.com\/wp-content\/uploads\/2023\/01\/Angles-Def.mp4\">http:\/\/oncoalicia.com\/wp-content\/uploads\/2023\/01\/Angles-Def.mp4<\/a><\/video><\/div>\n<\/div>\n<\/div>\n<\/div>\n<div class=\"container-fluid p-0\">\n        <img decoding=\"async\" src=\"http:\/\/oncoalicia.com\/wp-content\/uploads\/2022\/12\/fondo.png\" width=\"100%\">\n      <\/div>\n<div class=\"container-fluid fnd-orange\">\n<div class=\"container\">\n<div class=\"row\">\n<div class=\"col-md-12 text-center download\">\n            <a href=\"http:\/\/oncoalicia.com\/en\/project\/#guias\"><strong>Baixe os guias<\/strong><\/a><br \/>\n            <i class=\"fa fa-arrow-down\" aria-hidden=\"true\"><\/i>\n          <\/div>\n<div class=\"col-md-12 text-center\">\n<div id=\"carouselExampleIndicators\" class=\"carousel slide desktop\" data-ride=\"carousel\">\n<div class=\"carousel-inner\">\n<div class=\"carousel-item active\">\n<div class=\"row w-60\">\n<div class=\"col-md-4 sin-padding text-center\">\n                      <a href=\"http:\/\/oncoalicia.com\/wp-content\/uploads\/2022\/05\/1.Guies_alicia_1_CAT.pdf\" target=\"_blank\" rel=\"noopener\"><br \/>\n                        <img decoding=\"async\" class=\"d-block img-slide\" src=\"https:\/\/oncoalicia.com\/wp-content\/uploads\/2025\/06\/01.png\" width=\"180\"><br \/>\n                      <\/a>\n                    <\/div>\n<div class=\"col-md-4 sin-padding text-center\">\n                      <a href=\"http:\/\/oncoalicia.com\/wp-content\/uploads\/2022\/05\/2.Guies_alicia_2_CAT.pdf\" target=\"_blank\" rel=\"noopener\"><br \/>\n                        <img decoding=\"async\" class=\"d-block img-slide\" src=\"https:\/\/oncoalicia.com\/wp-content\/uploads\/2025\/06\/02.png\" width=\"180\"><br \/>\n                      <\/a>\n                    <\/div>\n<div class=\"col-md-4 sin-padding text-center\">\n                      <a href=\"http:\/\/oncoalicia.com\/wp-content\/uploads\/2022\/05\/3.Guies_alicia_3_CAT.pdf\" target=\"_blank\" rel=\"noopener\"><br \/>\n                        <img decoding=\"async\" class=\"d-block img-slide\" src=\"https:\/\/oncoalicia.com\/wp-content\/uploads\/2025\/06\/03.png\" width=\"180\"><br \/>\n                      <\/a>\n                    <\/div>\n<\/p><\/div>\n<\/p><\/div>\n<div class=\"carousel-item\">\n<div class=\"row w-60\">\n<div class=\"col-md-3 sin-padding text-center\">\n                      <a href=\"http:\/\/oncoalicia.com\/wp-content\/uploads\/2022\/05\/4.Guies_alicia_4_CAT.pdf\" target=\"_blank\" rel=\"noopener\"><br \/>\n                        <img decoding=\"async\" class=\"d-block img-slide\" src=\"https:\/\/oncoalicia.com\/wp-content\/uploads\/2025\/06\/04.png\" width=\"180\"><br \/>\n                      <\/a>\n                    <\/div>\n<div class=\"col-md-3 sin-padding text-center\">\n                      <a href=\"http:\/\/oncoalicia.com\/wp-content\/uploads\/2022\/05\/5.Guies_alicia_5_CAT.pdf\" target=\"_blank\" rel=\"noopener\"><br \/>\n                        <img decoding=\"async\" class=\"d-block img-slide\" src=\"https:\/\/oncoalicia.com\/wp-content\/uploads\/2025\/06\/05.png\" width=\"180\"><br \/>\n                      <\/a>\n                    <\/div>\n<div class=\"col-md-3 sin-padding text-center\">\n                      <a href=\"http:\/\/oncoalicia.com\/wp-content\/uploads\/2022\/05\/6.Guies_alicia_6_CAT.pdf\" target=\"_blank\" rel=\"noopener\"><br \/>\n                        <img decoding=\"async\" class=\"d-block img-slide\" src=\"https:\/\/oncoalicia.com\/wp-content\/uploads\/2025\/06\/06.png\" width=\"180\"><br \/>\n                      <\/a>\n                    <\/div>\n<div class=\"col-md-3 sin-padding text-center\">\n                      <a href=\"http:\/\/oncoalicia.com\/wp-content\/uploads\/2022\/05\/7.Guies_alicia_7_CAT.pdf\" target=\"_blank\" rel=\"noopener\"><br \/>\n                        <img decoding=\"async\" class=\"d-block img-slide\" src=\"https:\/\/oncoalicia.com\/wp-content\/uploads\/2025\/06\/07.png\" width=\"180\"><br \/>\n                      <\/a>\n                    <\/div>\n<\/p><\/div>\n<\/p><\/div>\n<\/p><\/div>\n<p>              <a class=\"carousel-control-prev\" href=\"#carouselExampleIndicators\" role=\"button\" data-slide=\"prev\"><br \/>\n                <span class=\"carousel-control-prev-icon\" aria-hidden=\"true\"><\/span><br \/>\n                <span class=\"sr-only\">Previous<\/span><br \/>\n              <\/a><br \/>\n              <a class=\"carousel-control-next\" href=\"#carouselExampleIndicators\" role=\"button\" data-slide=\"next\"><br \/>\n                <span class=\"carousel-control-next-icon\" aria-hidden=\"true\"><\/span><br \/>\n                <span class=\"sr-only\">Next<\/span><br \/>\n              <\/a>\n            <\/div>\n<\/p><\/div>\n<div class=\"col-md-12 text-center\">\n<div id=\"carouselExampleIndicators-2\" class=\"carousel slide mobile\" data-ride=\"carousel\">\n<div class=\"carousel-inner\">\n<div class=\"carousel-item active\">\n<div class=\"row\">\n<div class=\"col-md-4 sin-padding text-center\">\n<a href=\"http:\/\/oncoalicia.com\/wp-content\/uploads\/2022\/05\/4.Guies_alicia_4_CAT.pdf\" target=\"_blank\" rel=\"noopener\"><br \/>\n                        <img decoding=\"async\" class=\"img-slide\" src=\"https:\/\/oncoalicia.com\/wp-content\/uploads\/2025\/06\/04.png\" width=\"180\"><br \/>\n                        <\/a>\n                    <\/div>\n<\/p><\/div>\n<\/p><\/div>\n<div class=\"carousel-item\">\n<div class=\"row\">\n<div class=\"col-md-4 sin-padding text-center\">\n                        <a href=\"http:\/\/oncoalicia.com\/wp-content\/uploads\/2022\/05\/2.Guies_alicia_2_CAT.pdf\" target=\"_blank\" rel=\"noopener\"><br \/>\n                        <img decoding=\"async\" class=\"img-slide\" src=\"https:\/\/oncoalicia.com\/wp-content\/uploads\/2025\/06\/02.png\" width=\"180\"><br \/>\n                        <\/a>\n                    <\/div>\n<\/p><\/div>\n<\/p><\/div>\n<div class=\"carousel-item\">\n<div class=\"row\">\n<div class=\"col-md-4 sin-padding text-center\">\n                        <a href=\"http:\/\/oncoalicia.com\/wp-content\/uploads\/2022\/05\/3.Guies_alicia_3_CAT.pdf\" target=\"_blank\" rel=\"noopener\"><br \/>\n                        <img decoding=\"async\" class=\"img-slide\" src=\"https:\/\/oncoalicia.com\/wp-content\/uploads\/2025\/06\/03.png\" width=\"180\"><br \/>\n                        <\/a>\n                    <\/div>\n<\/p><\/div>\n<\/p><\/div>\n<div class=\"carousel-item\">\n<div class=\"row\">\n<div class=\"col-md-3 sin-padding text-center\">\n                        <a href=\"http:\/\/oncoalicia.com\/wp-content\/uploads\/2022\/05\/4.Guies_alicia_4_CAT.pdf\" target=\"_blank\" rel=\"noopener\"><br \/>\n                        <img decoding=\"async\" class=\"img-slide\" src=\"https:\/\/oncoalicia.com\/wp-content\/uploads\/2025\/06\/04.png\" width=\"180\"><br \/>\n                        <\/a>\n                    <\/div>\n<\/p><\/div>\n<\/p><\/div>\n<div class=\"carousel-item\">\n<div class=\"row\">\n<div class=\"col-md-3 sin-padding text-center\">\n                        <a href=\"http:\/\/oncoalicia.com\/wp-content\/uploads\/2022\/05\/5.Guies_alicia_5_CAT.pdf\" target=\"_blank\" rel=\"noopener\"><br \/>\n                        <img decoding=\"async\" class=\"img-slide\" src=\"https:\/\/oncoalicia.com\/wp-content\/uploads\/2025\/06\/05.png\" width=\"180\"><br \/>\n                        <\/a>\n                    <\/div>\n<\/p><\/div>\n<\/p><\/div>\n<div class=\"carousel-item\">\n<div class=\"row\">\n<div class=\"col-md-3 sin-padding text-center\">\n                        <a href=\"http:\/\/oncoalicia.com\/wp-content\/uploads\/2022\/05\/6.Guies_alicia_6_CAT.pdf\" target=\"_blank\" rel=\"noopener\"><br \/>\n                        <img decoding=\"async\" class=\"img-slide\" src=\"https:\/\/oncoalicia.com\/wp-content\/uploads\/2025\/06\/06.png\" width=\"180\"><br \/>\n                        <\/a>\n                    <\/div>\n<\/p><\/div>\n<\/p><\/div>\n<div class=\"carousel-item\">\n<div class=\"row\">\n<div class=\"col-md-3 sin-padding text-center\">\n                        <a href=\"http:\/\/oncoalicia.com\/wp-content\/uploads\/2022\/05\/7.Guies_alicia_7_CAT.pdf\" target=\"_blank\" rel=\"noopener\"><br \/>\n                        <img decoding=\"async\" class=\"img-slide\" src=\"https:\/\/oncoalicia.com\/wp-content\/uploads\/2025\/06\/07.png\" width=\"180\"><br \/>\n                        <\/a>\n                    <\/div>\n<\/p><\/div>\n<\/p><\/div>\n<\/p><\/div>\n<p>              <a class=\"carousel-control-prev\" href=\"#carouselExampleIndicators-2\" role=\"button\" data-slide=\"prev\"><br \/>\n                <span class=\"carousel-control-prev-icon\" aria-hidden=\"true\"><\/span><br \/>\n                <span class=\"sr-only\">Previous<\/span><br \/>\n              <\/a><br \/>\n              <a class=\"carousel-control-next\" href=\"#carouselExampleIndicators-2\" role=\"button\" data-slide=\"next\"><br \/>\n                <span class=\"carousel-control-next-icon\" aria-hidden=\"true\"><\/span><br \/>\n                <span class=\"sr-only\">Next<\/span><br \/>\n              <\/a>\n            <\/div>\n<\/p><\/div>\n<\/p><\/div>\n<\/p><\/div>\n<\/p><\/div>\n<\/section>\n","protected":false},"excerpt":{"rendered":"<p>O que comer durante o tratamento de c\u00e2ncer? Aqui voc\u00ea vai encontrar receitas adaptadas a muitas situa\u00e7\u00f5es. Receitas Um projeto social e cient\u00edfico para adaptar a alimenta\u00e7\u00e3o ao tratamento de c\u00e2ncer Incentivado pela Funda\u00e7\u00e3o Catalunya La Pedrera e desenvolvido pela Funda\u00e7\u00e3o Al\u00edcia com a colabora\u00e7\u00e3o de diferentes entidades de refer\u00eancia na Europa. Conhe\u00e7a o projeto&hellip; <a class=\"more-link\" href=\"https:\/\/oncoalicia.com\/pt-br\/\">Continue reading <span class=\"screen-reader-text\">Home<\/span><\/a><\/p>\n","protected":false},"author":2,"featured_media":0,"parent":0,"menu_order":0,"comment_status":"closed","ping_status":"closed","template":"portada.php","meta":{"footnotes":""},"class_list":["post-6129","page","type-page","status-publish","hentry","entry"],"yoast_head":"<!-- This site is optimized with the Yoast SEO plugin v26.9 - https:\/\/yoast.com\/product\/yoast-seo-wordpress\/ -->\n<title>OncoAl\u00edcia | Alimenta\u00e7ao durante o tratamento do c\u00e2ncer<\/title>\n<meta name=\"description\" content=\"OncoAl\u00edcia \u00e9 um projeto social e cient\u00edfico da Fundaci\u00f3 Catalunya la Pedrera e da Fundaci\u00f3 Al\u00edcia, que tem como objetivo adaptar a alimenta\u00e7ao durante o tratamento de c\u00e2ncer.\" \/>\n<meta name=\"robots\" content=\"index, follow, max-snippet:-1, max-image-preview:large, max-video-preview:-1\" \/>\n<link rel=\"canonical\" href=\"https:\/\/oncoalicia.com\/pt-br\/\" \/>\n<meta property=\"og:locale\" content=\"pt_BR\" \/>\n<meta property=\"og:type\" content=\"article\" \/>\n<meta property=\"og:title\" content=\"OncoAl\u00edcia | Alimenta\u00e7ao durante o tratamento do c\u00e2ncer\" \/>\n<meta property=\"og:description\" content=\"OncoAl\u00edcia \u00e9 um projeto social e cient\u00edfico da Fundaci\u00f3 Catalunya la Pedrera e da Fundaci\u00f3 Al\u00edcia, que tem como objetivo adaptar a alimenta\u00e7ao durante o tratamento de c\u00e2ncer.\" \/>\n<meta property=\"og:url\" content=\"https:\/\/oncoalicia.com\/pt-br\/\" \/>\n<meta property=\"og:site_name\" content=\"Oncoalicia\" \/>\n<meta property=\"article:modified_time\" content=\"2025-06-30T07:44:46+00:00\" \/>\n<meta property=\"og:image\" content=\"https:\/\/oncoalicia.com\/wp-content\/uploads\/2025\/06\/imghome-1.jpg\" \/>\n<meta name=\"twitter:card\" content=\"summary_large_image\" \/>\n<meta name=\"twitter:label1\" content=\"Est. tempo de leitura\" \/>\n\t<meta name=\"twitter:data1\" content=\"6 minutos\" \/>\n<script type=\"application\/ld+json\" class=\"yoast-schema-graph\">{\"@context\":\"https:\/\/schema.org\",\"@graph\":[{\"@type\":\"WebPage\",\"@id\":\"https:\/\/oncoalicia.com\/pt-br\/\",\"url\":\"https:\/\/oncoalicia.com\/pt-br\/\",\"name\":\"OncoAl\u00edcia | Alimenta\u00e7ao durante o tratamento do c\u00e2ncer\",\"isPartOf\":{\"@id\":\"https:\/\/oncoalicia.com\/pt-br\/#website\"},\"primaryImageOfPage\":{\"@id\":\"https:\/\/oncoalicia.com\/pt-br\/#primaryimage\"},\"image\":{\"@id\":\"https:\/\/oncoalicia.com\/pt-br\/#primaryimage\"},\"thumbnailUrl\":\"https:\/\/oncoalicia.com\/wp-content\/uploads\/2025\/06\/imghome-1.jpg\",\"datePublished\":\"2021-11-29T02:15:35+00:00\",\"dateModified\":\"2025-06-30T07:44:46+00:00\",\"description\":\"OncoAl\u00edcia \u00e9 um projeto social e cient\u00edfico da Fundaci\u00f3 Catalunya la Pedrera e da Fundaci\u00f3 Al\u00edcia, que tem como objetivo adaptar a alimenta\u00e7ao durante o tratamento de c\u00e2ncer.\",\"breadcrumb\":{\"@id\":\"https:\/\/oncoalicia.com\/pt-br\/#breadcrumb\"},\"inLanguage\":\"pt-BR\",\"potentialAction\":[{\"@type\":\"ReadAction\",\"target\":[\"https:\/\/oncoalicia.com\/pt-br\/\"]}]},{\"@type\":\"ImageObject\",\"inLanguage\":\"pt-BR\",\"@id\":\"https:\/\/oncoalicia.com\/pt-br\/#primaryimage\",\"url\":\"https:\/\/oncoalicia.com\/wp-content\/uploads\/2025\/06\/imghome-1.jpg\",\"contentUrl\":\"https:\/\/oncoalicia.com\/wp-content\/uploads\/2025\/06\/imghome-1.jpg\"},{\"@type\":\"BreadcrumbList\",\"@id\":\"https:\/\/oncoalicia.com\/pt-br\/#breadcrumb\",\"itemListElement\":[{\"@type\":\"ListItem\",\"position\":1,\"name\":\"Portada\",\"item\":\"https:\/\/oncoalicia.com\/pt-br\/\"},{\"@type\":\"ListItem\",\"position\":2,\"name\":\"Home\"}]},{\"@type\":\"WebSite\",\"@id\":\"https:\/\/oncoalicia.com\/pt-br\/#website\",\"url\":\"https:\/\/oncoalicia.com\/pt-br\/\",\"name\":\"Oncoal\u00edcia\",\"description\":\"Comer durante el Tratamiento del C\u00e1ncer\",\"publisher\":{\"@id\":\"https:\/\/oncoalicia.com\/pt-br\/#organization\"},\"alternateName\":\"Oncoal\u00edcia | Comer durante el Tratamiento del C\u00e1ncer\",\"potentialAction\":[{\"@type\":\"SearchAction\",\"target\":{\"@type\":\"EntryPoint\",\"urlTemplate\":\"https:\/\/oncoalicia.com\/pt-br\/?s={search_term_string}\"},\"query-input\":{\"@type\":\"PropertyValueSpecification\",\"valueRequired\":true,\"valueName\":\"search_term_string\"}}],\"inLanguage\":\"pt-BR\"},{\"@type\":\"Organization\",\"@id\":\"https:\/\/oncoalicia.com\/pt-br\/#organization\",\"name\":\"Oncoal\u00edcia\",\"alternateName\":\"Oncoal\u00edcia | Comer durante el Tratamiento del C\u00e1ncer\",\"url\":\"https:\/\/oncoalicia.com\/pt-br\/\",\"logo\":{\"@type\":\"ImageObject\",\"inLanguage\":\"pt-BR\",\"@id\":\"https:\/\/oncoalicia.com\/pt-br\/#\/schema\/logo\/image\/\",\"url\":\"https:\/\/oncoalicia.com\/wp-content\/uploads\/2022\/11\/logo_rrss.png\",\"contentUrl\":\"https:\/\/oncoalicia.com\/wp-content\/uploads\/2022\/11\/logo_rrss.png\",\"width\":300,\"height\":300,\"caption\":\"Oncoal\u00edcia\"},\"image\":{\"@id\":\"https:\/\/oncoalicia.com\/pt-br\/#\/schema\/logo\/image\/\"}}]}<\/script>\n<!-- \/ Yoast SEO plugin. -->","yoast_head_json":{"title":"OncoAl\u00edcia | Alimenta\u00e7ao durante o tratamento do c\u00e2ncer","description":"OncoAl\u00edcia \u00e9 um projeto social e cient\u00edfico da Fundaci\u00f3 Catalunya la Pedrera e da Fundaci\u00f3 Al\u00edcia, que tem como objetivo adaptar a alimenta\u00e7ao durante o tratamento de c\u00e2ncer.","robots":{"index":"index","follow":"follow","max-snippet":"max-snippet:-1","max-image-preview":"max-image-preview:large","max-video-preview":"max-video-preview:-1"},"canonical":"https:\/\/oncoalicia.com\/pt-br\/","og_locale":"pt_BR","og_type":"article","og_title":"OncoAl\u00edcia | Alimenta\u00e7ao durante o tratamento do c\u00e2ncer","og_description":"OncoAl\u00edcia \u00e9 um projeto social e cient\u00edfico da Fundaci\u00f3 Catalunya la Pedrera e da Fundaci\u00f3 Al\u00edcia, que tem como objetivo adaptar a alimenta\u00e7ao durante o tratamento de c\u00e2ncer.","og_url":"https:\/\/oncoalicia.com\/pt-br\/","og_site_name":"Oncoalicia","article_modified_time":"2025-06-30T07:44:46+00:00","og_image":[{"url":"https:\/\/oncoalicia.com\/wp-content\/uploads\/2025\/06\/imghome-1.jpg","type":"","width":"","height":""}],"twitter_card":"summary_large_image","twitter_misc":{"Est. tempo de leitura":"6 minutos"},"schema":{"@context":"https:\/\/schema.org","@graph":[{"@type":"WebPage","@id":"https:\/\/oncoalicia.com\/pt-br\/","url":"https:\/\/oncoalicia.com\/pt-br\/","name":"OncoAl\u00edcia | Alimenta\u00e7ao durante o tratamento do c\u00e2ncer","isPartOf":{"@id":"https:\/\/oncoalicia.com\/pt-br\/#website"},"primaryImageOfPage":{"@id":"https:\/\/oncoalicia.com\/pt-br\/#primaryimage"},"image":{"@id":"https:\/\/oncoalicia.com\/pt-br\/#primaryimage"},"thumbnailUrl":"https:\/\/oncoalicia.com\/wp-content\/uploads\/2025\/06\/imghome-1.jpg","datePublished":"2021-11-29T02:15:35+00:00","dateModified":"2025-06-30T07:44:46+00:00","description":"OncoAl\u00edcia \u00e9 um projeto social e cient\u00edfico da Fundaci\u00f3 Catalunya la Pedrera e da Fundaci\u00f3 Al\u00edcia, que tem como objetivo adaptar a alimenta\u00e7ao durante o tratamento de c\u00e2ncer.","breadcrumb":{"@id":"https:\/\/oncoalicia.com\/pt-br\/#breadcrumb"},"inLanguage":"pt-BR","potentialAction":[{"@type":"ReadAction","target":["https:\/\/oncoalicia.com\/pt-br\/"]}]},{"@type":"ImageObject","inLanguage":"pt-BR","@id":"https:\/\/oncoalicia.com\/pt-br\/#primaryimage","url":"https:\/\/oncoalicia.com\/wp-content\/uploads\/2025\/06\/imghome-1.jpg","contentUrl":"https:\/\/oncoalicia.com\/wp-content\/uploads\/2025\/06\/imghome-1.jpg"},{"@type":"BreadcrumbList","@id":"https:\/\/oncoalicia.com\/pt-br\/#breadcrumb","itemListElement":[{"@type":"ListItem","position":1,"name":"Portada","item":"https:\/\/oncoalicia.com\/pt-br\/"},{"@type":"ListItem","position":2,"name":"Home"}]},{"@type":"WebSite","@id":"https:\/\/oncoalicia.com\/pt-br\/#website","url":"https:\/\/oncoalicia.com\/pt-br\/","name":"Oncoal\u00edcia","description":"Comer durante el Tratamiento del C\u00e1ncer","publisher":{"@id":"https:\/\/oncoalicia.com\/pt-br\/#organization"},"alternateName":"Oncoal\u00edcia | Comer durante el Tratamiento del C\u00e1ncer","potentialAction":[{"@type":"SearchAction","target":{"@type":"EntryPoint","urlTemplate":"https:\/\/oncoalicia.com\/pt-br\/?s={search_term_string}"},"query-input":{"@type":"PropertyValueSpecification","valueRequired":true,"valueName":"search_term_string"}}],"inLanguage":"pt-BR"},{"@type":"Organization","@id":"https:\/\/oncoalicia.com\/pt-br\/#organization","name":"Oncoal\u00edcia","alternateName":"Oncoal\u00edcia | Comer durante el Tratamiento del C\u00e1ncer","url":"https:\/\/oncoalicia.com\/pt-br\/","logo":{"@type":"ImageObject","inLanguage":"pt-BR","@id":"https:\/\/oncoalicia.com\/pt-br\/#\/schema\/logo\/image\/","url":"https:\/\/oncoalicia.com\/wp-content\/uploads\/2022\/11\/logo_rrss.png","contentUrl":"https:\/\/oncoalicia.com\/wp-content\/uploads\/2022\/11\/logo_rrss.png","width":300,"height":300,"caption":"Oncoal\u00edcia"},"image":{"@id":"https:\/\/oncoalicia.com\/pt-br\/#\/schema\/logo\/image\/"}}]}},"_links":{"self":[{"href":"https:\/\/oncoalicia.com\/pt-br\/wp-json\/wp\/v2\/pages\/6129","targetHints":{"allow":["GET"]}}],"collection":[{"href":"https:\/\/oncoalicia.com\/pt-br\/wp-json\/wp\/v2\/pages"}],"about":[{"href":"https:\/\/oncoalicia.com\/pt-br\/wp-json\/wp\/v2\/types\/page"}],"author":[{"embeddable":true,"href":"https:\/\/oncoalicia.com\/pt-br\/wp-json\/wp\/v2\/users\/2"}],"replies":[{"embeddable":true,"href":"https:\/\/oncoalicia.com\/pt-br\/wp-json\/wp\/v2\/comments?post=6129"}],"version-history":[{"count":0,"href":"https:\/\/oncoalicia.com\/pt-br\/wp-json\/wp\/v2\/pages\/6129\/revisions"}],"wp:attachment":[{"href":"https:\/\/oncoalicia.com\/pt-br\/wp-json\/wp\/v2\/media?parent=6129"}],"curies":[{"name":"wp","href":"https:\/\/api.w.org\/{rel}","templated":true}]}}