{"id":6135,"date":"2021-12-12T23:34:18","date_gmt":"2021-12-12T23:34:18","guid":{"rendered":"https:\/\/www.oncoalicia.com\/?page_id=6135"},"modified":"2025-07-08T07:10:29","modified_gmt":"2025-07-08T07:10:29","slug":"o-projeto","status":"publish","type":"page","link":"https:\/\/oncoalicia.com\/pt-br\/o-projeto\/","title":{"rendered":"Ajudamos pessoas com c\u00e2ncer a partir da alimenta\u00e7\u00e3o"},"content":{"rendered":"<h2 style=\"font-size: 28px;\">A origem de uma ideia<\/h2>\n<p>O desenvolvimento de conhecimento pr\u00e1tico para ajudar as pessoas a se alimentarem durante o tratamento de c\u00e2ncer teve in\u00edcio em 2006 na Funda\u00e7\u00e3o Al\u00edcia. O incentivo veio do Dr. Josep Baselga, refer\u00eancia mundial em pesquisa oncol\u00f3gica, hoje, infelizmente, falecido. Desde ent\u00e3o, esse laborat\u00f3rio dedicado \u00e0 alimenta\u00e7\u00e3o n\u00e3o parou de inovar, com propostas e receitas especificamente elaboradas por uma equipe multidisciplinar de chefes de cozinha, nutricionistas, tecn\u00f3logos em gastronomia e especialistas em cultura alimentar.<\/p>\n<p>&nbsp;<\/p>\n<h2 style=\"font-size: 28px;\">Como nasceu o projeto<\/h2>\n<p><b>Comer durante o Tratamento de C\u00e2ncer<\/b> \u00e9 um projeto social incentivado pela <a href=\"https:\/\/www.fundaciocatalunya-lapedrera.com\/es\" target=\"_blank\" rel=\"noopener\">Funda\u00e7\u00e3o Catalunya La Pedrera<\/a> e desenvolvido pela Funda\u00e7\u00e3o <a href=\"https:\/\/www.alicia.cat\/es\/\" target=\"_blank\" rel=\"noopener\">Al\u00edcia<\/a> em conjunto com entidades de refer\u00eancia. O projeto come\u00e7ou em 2008 ap\u00f3s receber pedidos de profissionais, pacientes e cuidadores que expressavam a necessidade de dispor de informa\u00e7\u00e3o pr\u00e1tica, precisa e de qualidade sobre a alimenta\u00e7\u00e3o em diferentes tipos de tumores.<\/p>\n<p>Foi ent\u00e3o que a Funda\u00e7\u00e3o Al\u00edcia entrou em contato com o <a href=\"http:\/\/ico.gencat.cat\/ca\/inici\/index.html\" target=\"_blank\" rel=\"noopener\">Instituto Catal\u00e3o de Oncologia (ICO)<\/a>, o qual se uniu ao projeto, contribuindo com conhecimento e experi\u00eancia por meio da equipe da Unidade Funcional de Nutri\u00e7\u00e3o Cl\u00ednica do Hospital ICO. A partir desta iniciativa europ\u00e9ia, houve a tradu\u00e7\u00e3o e adapta\u00e7\u00e3o para o Brasil, por meio da parceria da Funda\u00e7\u00e3o Al\u00edcia e o Senac.<\/p>\n<p><img decoding=\"async\" class=\"sin-padding-mob\" src=\"https:\/\/oncoalicia.com\/wp-content\/uploads\/2025\/06\/154704777-1.jpg\" width=\"100%\" \/><\/p>\n<p>&nbsp;<\/p>\n<h2 style=\"font-size: 28px;\">Como se desenvolveu<\/h2>\n<p>O projeto envolveu, desde o in\u00edcio, profissionais de sa\u00fade, especialistas, pacientes e familiares, por meio de grupos focais, a fim de conhecer, em primeira m\u00e3o, as necessidades reais no \u00e2mbito da alimenta\u00e7\u00e3o durante o tratamento da doen\u00e7a. Durante o processo de desenvolvimento e amplia\u00e7\u00e3o do conhecimento foram incorporadas outras entidades e profissionais de refer\u00eancia.<\/p>\n<p><a role=\"button\" href=\"#collapse-2\" data-toggle=\"collapse\" aria-expanded=\"false\" aria-controls=\"collapse-2\">\u2193Consulte os colaboradores<\/a><\/p>\n<div id=\"collapse-2\" class=\"collapse\">\n<ul>\n<li><b>Tarsila Ferro<\/b>, diretora de Inova\u00e7\u00e3o e Qualidade do ICO Hospitalet. Instituto Catal\u00e3o de Oncologia.<\/li>\n<li><b>Lorena Arribas<\/b>, nutricionista. Unidade Funcional de Nutri\u00e7\u00e3o Cl\u00ednica do ICO Hospitalet. Instituto Catal\u00e3o de Oncologia.<\/li>\n<li><b>Laura Hurt\u00f3s<\/b>, nutricionista. Unidade Funcional de Nutri\u00e7\u00e3o Cl\u00ednica do ICO Hospitalet. Instituto Catal\u00e3o de Oncologia.<\/li>\n<li><b>Regina Gonz\u00e1lez<\/b>, nutricionista. Unidade Funcional de Nutri\u00e7\u00e3o Cl\u00ednica do ICO Hospitalet. Instituto Catal\u00e3o de Oncologia.<\/li>\n<li><b>Dra. Inma Peir\u00f3<\/b>, m\u00e9dica especialista em endocrinologia e nutri\u00e7\u00e3o. Unidade Funcional de Nutri\u00e7\u00e3o Cl\u00ednica do ICO Hospitalet. Instituto Catal\u00e3o de Oncologia.<\/li>\n<li><b>Eduard Fort<\/b>, farmac\u00eautico especialista. Unidade Funcional de Nutri\u00e7\u00e3o Cl\u00ednica do ICO Hospitalet. Instituto Catal\u00e3o de Oncologia.<\/li>\n<li><b>Dr. Francesc Casas<\/b>, oncologista radioterapeuta. Hospital Cl\u00ednic de Barcelona.<\/li>\n<li><b>Dra. Bego\u00f1a Mellado<\/b>, oncologista especializada em c\u00e2ncer urol\u00f3gico. Hospital Cl\u00ednic de Barcelona.<\/li>\n<li><b>N\u00faria Mund\u00f3<\/b>, nutricionista. Hospital Cl\u00ednic de Barcelona.<\/li>\n<li><b>Victoria Castell<\/b>, respons\u00e1vel pelo servi\u00e7o de planejamento, auditoria e avalia\u00e7\u00e3o de risco. Ag\u00eancia Catal\u00e3 de Seguran\u00e7a Alimentar (ACSA).<\/li>\n<li><b>Ver\u00f2nica Herrera<\/b>, Unidade de Diet\u00e9tica e Nutri\u00e7\u00e3o Cl\u00ednica. Hospital Universit\u00e1rio de Bellvitge.<\/li>\n<li><b>Seraf\u00edn Murillo<\/b>, nutricionista, especializado em diabetes. Hospital Sant Joan de D\u00e9u de Barcelona.<\/li>\n<li><strong>Giuliana Schifini<\/strong>: nutricionista. Associaci\u00f3 contra el c\u00e1ncer a Barcelona (ACC).<\/li>\n<li><strong>Olga Mu\u00f1oz<\/strong>: nutricionista. Associaci\u00f3 contra el c\u00e0ncer a Barcelona (ACC).<\/li>\n<\/ul>\n<\/div>\n<p>&nbsp;<\/p>\n<p>Toda a informa\u00e7\u00e3o e materiais produzidos foram reunidos na cole\u00e7\u00e3o \u201cComer durante o Tratamento de C\u00e2ncer\u201d, formada por guias com recomenda\u00e7\u00f5es diet\u00e9ticas e culin\u00e1rias para facilitar o manejo da alimenta\u00e7\u00e3o do dia a dia para as pessoas em tratamento de diferentes tipos de c\u00e2ncer.<\/p>\n<p>Diferentemente de outras publica\u00e7\u00f5es e sites sobre alimenta\u00e7\u00e3o e c\u00e2ncer, esta, al\u00e9m de oferecer informa\u00e7\u00e3o geral, esclarecer d\u00favidas , mitos e cren\u00e7as mais conhecidos durante o tratamento, disp\u00f5e de recomenda\u00e7\u00f5es que podem ser personalizadas para diferentes tipos de tumores.<\/p>\n<p><img loading=\"lazy\" decoding=\"async\" class=\"alignnone wp-image-2170 size-full\" src=\"http:\/\/oncoalicia.com\/wp-content\/uploads\/2022\/11\/EL-PROYECTO.-Infusio-gingebre-I-1.jpg\" alt=\"\" width=\"1200\" height=\"675\" srcset=\"https:\/\/oncoalicia.com\/wp-content\/uploads\/2022\/11\/EL-PROYECTO.-Infusio-gingebre-I-1.jpg 1200w, https:\/\/oncoalicia.com\/wp-content\/uploads\/2022\/11\/EL-PROYECTO.-Infusio-gingebre-I-1-300x169.jpg 300w, https:\/\/oncoalicia.com\/wp-content\/uploads\/2022\/11\/EL-PROYECTO.-Infusio-gingebre-I-1-1024x576.jpg 1024w, https:\/\/oncoalicia.com\/wp-content\/uploads\/2022\/11\/EL-PROYECTO.-Infusio-gingebre-I-1-768x432.jpg 768w\" sizes=\"auto, (max-width: 1200px) 100vw, 1200px\" \/><\/p>\n<h2 style=\"font-size: 28px;\">Sua miss\u00e3o: apoiar uma boa alimenta\u00e7\u00e3o<\/h2>\n<p>O objetivo se concentra em ajudar as pessoas com c\u00e2ncer <b>a manterem um bom estado nutricional , explicando as bases da alimenta\u00e7\u00e3o a ser seguida ap\u00f3s o diagn\u00f3stico da doen\u00e7a.<\/b> Os conte\u00fados desenvolvidos pretendem oferecer conselhos diet\u00e9ticos mais concretos sobre <b>como comer durante as diferentes fases do tratamento<\/b> e durante <b>o aparecimento dos efeitos adversos mais comuns,<\/b> que podem afetar o sistema digestivo e, portanto, o apetite e a toler\u00e2ncia \u00e0 dieta.<\/p>\n<p>Desde 2014, foram publicados sete guias e, recentemente, realizou-se o lan\u00e7amento deste portal na internet com todos os conte\u00fados atualizados. Dessa maneira, o projeto se encontra em constante revis\u00e3o e amplia\u00e7\u00e3o, e a depender da Funda\u00e7\u00e3o Al\u00edcia continuaremos trabalhando em novos conte\u00fados e publica\u00e7\u00f5es.<\/p>\n<p>Este projeto est\u00e1 validado pelo <a href=\"https:\/\/www.codinucat.cat\/\" target=\"_blank\" rel=\"noopener\">Colegio de Dietistas-Nutricionistas de Catalu\u00f1a (CoDiNuCat)<\/a> y <a href=\"https:\/\/senpe.com\/\" target=\"_blank\" rel=\"noopener\">la Sociedad Espa\u00f1ola de Nutrici\u00f3n Cl\u00ednica y Metabolismo (SENPE).<\/a><\/p>\n<div class=\"container\">\n<div class=\"row\">\n<div class=\"col-12 col-md-6 text-center\"><img decoding=\"async\" class=\"aligncenter\" src=\"https:\/\/oncoalicia.com\/wp-content\/uploads\/2025\/06\/logo-Codinucat.jpg\" width=\"60%\" \/><\/div>\n<div class=\"col-12 col-md-6 text-center\"><img decoding=\"async\" class=\"aligncenter\" style=\"display: inline-block;\" src=\"https:\/\/oncoalicia.com\/wp-content\/uploads\/2025\/06\/Logo-SENPE.jpg\" width=\"60%\" \/><\/div>\n<\/div>\n<\/div>\n<hr \/>\n<div id=\"guias\" class=\"row\">\n<h2 class=\"col-md-12 title-guia\">CONSULTE E BAIXE TODOS OS GUIAS PUBLICADOS:<\/h2>\n<\/div>\n<div class=\"row\">\n<div class=\"col-md-6\">\n<a href=\"https:\/\/oncoalicia.com\/wp-content\/uploads\/2023\/01\/1.-Guies_alicia_1-ESP.pdf\" target=\"_blank\"><\/p>\n<div class=\"row\">\n<div class=\"col-md-4\"><img decoding=\"async\" style=\"padding: 0px;\" src=\"https:\/\/oncoalicia.com\/wp-content\/uploads\/2025\/06\/Guies_alicia_1.jpg\" width=\"100%\" \/><\/div>\n<div class=\"col-md-8 txt-guia\">\n<h3 style=\"font-size:24px;\">RECOMENDA\u00c7\u00d5ES GERAIS SOBRE A ALIMENTA\u00c7\u00c3O DURANTE O TRATAMENTO DE C\u00c2NCER<\/h3>\n<p>Com a colabora\u00e7\u00e3o do <b>Instituto Catal\u00e3o de Oncologia<\/b> <i class=\"fa fa-arrow-right\" aria-hidden=\"true\"><\/i><\/p>\n<\/div>\n<\/div>\n<p><\/a><\/p>\n<\/div>\n<div class=\"col-md-6\">\n<a href=\"https:\/\/oncoalicia.com\/wp-content\/uploads\/2023\/01\/2.-Guies_alicia_2-ESP.pdf\" target=\"_blank\"><\/p>\n<div class=\"row\">\n<div class=\"col-md-4\"><img decoding=\"async\" style=\"padding: 0px;\" src=\"https:\/\/oncoalicia.com\/wp-content\/uploads\/2025\/06\/Guies_alicia_2.jpg\" width=\"100%\" \/><\/div>\n<div class=\"col-md-8 txt-guia\">\n<h3 style=\"font-size:24px;\">MITOS E CREN\u00c7AS SOBRE A ALIMENTA\u00c7\u00c3O DURANTE O TRATAMENTO DE C\u00c2NCER<\/h3>\n<p>Com a colabora\u00e7\u00e3o do <b>Instituto Catal\u00e3o de Oncologia e da Ag\u00eancia Catal\u00e3 de Seguran\u00e7a Alimentar<\/b> <i class=\"fa fa-arrow-right\" aria-hidden=\"true\"><\/i><\/p>\n<\/div>\n<\/div>\n<p><\/a><\/p>\n<\/div>\n<\/div>\n<div class=\"row\">\n<div class=\"col-md-6\">\n<a href=\"https:\/\/oncoalicia.com\/wp-content\/uploads\/2023\/01\/3.-Guies_alicia_3-ESP.pdf\" target=\"_blank\"><\/p>\n<div class=\"row\">\n<div class=\"col-md-4\"><img decoding=\"async\" style=\"padding: 0px;\" src=\"https:\/\/oncoalicia.com\/wp-content\/uploads\/2025\/06\/Guies_alicia_3.jpg\" width=\"100%\" \/><\/div>\n<div class=\"col-md-8 txt-guia\">\n<h3 style=\"font-size:24px;\">RECOMENDA\u00c7\u00d5ES DIET\u00c9TICO-CULIN\u00c1RIAS DURANTE O TRATAMENTO DO C\u00c2NCER DE MAMA<\/h3>\n<p>Com a colabora\u00e7\u00e3o do <b>Instituto Catal\u00e3o de Oncologia<\/b> <i class=\"fa fa-arrow-right\" aria-hidden=\"true\"><\/i><\/p>\n<\/div>\n<\/div>\n<p><\/a><\/p>\n<\/div>\n<div class=\"col-md-6\">\n<a href=\"https:\/\/oncoalicia.com\/wp-content\/uploads\/2023\/01\/4.-Guies_alicia_4-ESP.pdf\" target=\"_blank\"><\/p>\n<div class=\"row\">\n<div class=\"col-md-4\"><img decoding=\"async\" style=\"padding: 0px;\" src=\"https:\/\/oncoalicia.com\/wp-content\/uploads\/2025\/06\/Guies_alicia_4.jpg\" width=\"100%\" \/><\/div>\n<div class=\"col-md-8 txt-guia\">\n<h3 style=\"font-size:24px;\">RECOMENDA\u00c7\u00d5ES DIET\u00c9TICO-CULIN\u00c1RIAS DURANTE O TRATAMENTO DO C\u00c2NCER DE CABE\u00c7A E PESCO\u00c7O<\/h3>\n<p>Com a colabora\u00e7\u00e3o do <b>Instituto Catal\u00e3o de Oncologia<\/b> <i class=\"fa fa-arrow-right\" aria-hidden=\"true\"><\/i><\/p>\n<\/div>\n<\/div>\n<p><\/a><\/p>\n<\/div>\n<\/div>\n<div class=\"row\">\n<div class=\"col-md-6\">\n<a href=\"https:\/\/oncoalicia.com\/wp-content\/uploads\/2023\/01\/5.-Guies_alicia_5CAST.pdf\" target=\"_blank\"><\/p>\n<div class=\"row\">\n<div class=\"col-md-4\"><img decoding=\"async\" style=\"padding: 0px;\" src=\"https:\/\/oncoalicia.com\/wp-content\/uploads\/2025\/06\/Guies_alicia_5.jpg\" width=\"100%\" \/><\/div>\n<div class=\"col-md-8 txt-guia\">\n<h3 style=\"font-size:24px;\">RECOMENDA\u00c7\u00d5ES DIET\u00c9TICO-CULIN\u00c1RIAS DURANTE O TRATAMENTO DO C\u00c2NCER COLORRETAL<\/h3>\n<p>Com a colabora\u00e7\u00e3o do <b>Instituto Catal\u00e3o de Oncologia e do Hospital Universit\u00e1rio de Bellvitge<\/b> <i class=\"fa fa-arrow-right\" aria-hidden=\"true\"><\/i><\/p>\n<\/div>\n<\/div>\n<p><\/a><\/p>\n<\/div>\n<div class=\"col-md-6\">\n<a href=\"https:\/\/oncoalicia.com\/wp-content\/uploads\/2023\/01\/6_PULMON_Alicia_ICO_CAST-min.pdf\" target=\"_blank\"><\/p>\n<div class=\"row\">\n<div class=\"col-md-4\"><img decoding=\"async\" style=\"padding: 0px;\" src=\"https:\/\/oncoalicia.com\/wp-content\/uploads\/2025\/06\/Guies_alicia_6.jpg\" width=\"100%\" \/><\/div>\n<div class=\"col-md-8 txt-guia\">\n<h3 style=\"font-size:24px;\">RECOMENDA\u00c7\u00d5ES DIET\u00c9TICO-CULIN\u00c1RIAS DURANTE O TRATAMENTO DO C\u00c2NCER DE PULM\u00c3O<\/h3>\n<p>Com a colabora\u00e7\u00e3o do <b>Instituto Catal\u00e3o de Oncologia<\/b> <i class=\"fa fa-arrow-right\" aria-hidden=\"true\"><\/i><\/p>\n<\/div>\n<\/div>\n<p><\/a><\/p>\n<\/div>\n<\/div>\n<div class=\"row\">\n<div class=\"col-md-6\">\n<a href=\"https:\/\/oncoalicia.com\/wp-content\/uploads\/2023\/01\/7.-Guia_prostata_cast.pdf\" target=\"_blank\"><\/p>\n<div class=\"row\">\n<div class=\"col-md-4\"><img decoding=\"async\" style=\"padding: 0px;\" src=\"https:\/\/oncoalicia.com\/wp-content\/uploads\/2025\/06\/Guies_alicia_7.jpg\" width=\"100%\" \/><\/div>\n<div class=\"col-md-8 txt-guia\">\n<h3 style=\"font-size:24px;\">RECOMENDA\u00c7\u00d5ES DIET\u00c9TICO-CULIN\u00c1RIAS DURANTE O TRATAMENTO DO C\u00c2NCER DE PR\u00d3STATA<\/h3>\n<p>Com a colabora\u00e7\u00e3o do <b>Hospital Cl\u00ednic de Barcelona e IPSEN Pharma<\/b> <i class=\"fa fa-arrow-right\" aria-hidden=\"true\"><\/i><\/p>\n<\/div>\n<\/div>\n<p><\/a><\/p>\n<\/div>\n<div class=\"col-md-6\"><\/div>\n<\/div>\n","protected":false},"excerpt":{"rendered":"<p>A origem de uma ideia O desenvolvimento de conhecimento pr\u00e1tico para ajudar as pessoas a se alimentarem durante o tratamento de c\u00e2ncer teve in\u00edcio em 2006 na Funda\u00e7\u00e3o Al\u00edcia. O incentivo veio do Dr. Josep Baselga, refer\u00eancia mundial em pesquisa oncol\u00f3gica, hoje, infelizmente, falecido. Desde ent\u00e3o, esse laborat\u00f3rio dedicado \u00e0 alimenta\u00e7\u00e3o n\u00e3o parou de inovar,&hellip; <a class=\"more-link\" href=\"https:\/\/oncoalicia.com\/pt-br\/o-projeto\/\">Continue reading <span class=\"screen-reader-text\">Ajudamos pessoas com c\u00e2ncer a partir da alimenta\u00e7\u00e3o<\/span><\/a><\/p>\n","protected":false},"author":2,"featured_media":0,"parent":0,"menu_order":0,"comment_status":"closed","ping_status":"closed","template":"el-proyecto.php","meta":{"footnotes":""},"class_list":["post-6135","page","type-page","status-publish","hentry","entry"],"yoast_head":"<!-- This site is optimized with the Yoast SEO plugin v26.9 - https:\/\/yoast.com\/product\/yoast-seo-wordpress\/ -->\n<title>Como ajudamos pessoas com c\u00e2ncer por meio da nutri\u00e7\u00e3o? - Oncoalicia<\/title>\n<meta name=\"description\" content=\"O projeto da Fundaci\u00f3 Catalunya la Pedrera e da Fundaci\u00f3 Al\u00edcia nasceu com o objetivo de ajudar pessoas com c\u00e2ncer e seu entorno por meio da alimenta\u00e7\u00e3o.\" \/>\n<meta name=\"robots\" content=\"index, follow, max-snippet:-1, max-image-preview:large, max-video-preview:-1\" \/>\n<link rel=\"canonical\" href=\"https:\/\/oncoalicia.com\/pt-br\/o-projeto\/\" \/>\n<meta property=\"og:locale\" content=\"pt_BR\" \/>\n<meta property=\"og:type\" content=\"article\" \/>\n<meta property=\"og:title\" content=\"Como ajudamos pessoas com c\u00e2ncer por meio da nutri\u00e7\u00e3o? - Oncoalicia\" \/>\n<meta property=\"og:description\" content=\"O projeto da Fundaci\u00f3 Catalunya la Pedrera e da Fundaci\u00f3 Al\u00edcia nasceu com o objetivo de ajudar pessoas com c\u00e2ncer e seu entorno por meio da alimenta\u00e7\u00e3o.\" \/>\n<meta property=\"og:url\" content=\"https:\/\/oncoalicia.com\/pt-br\/o-projeto\/\" \/>\n<meta property=\"og:site_name\" content=\"Oncoalicia\" \/>\n<meta property=\"article:modified_time\" content=\"2025-07-08T07:10:29+00:00\" \/>\n<meta property=\"og:image\" content=\"https:\/\/oncoalicia.com\/wp-content\/uploads\/2025\/06\/154704777-1.jpg\" \/>\n<meta name=\"twitter:card\" content=\"summary_large_image\" \/>\n<meta name=\"twitter:label1\" content=\"Est. tempo de leitura\" \/>\n\t<meta name=\"twitter:data1\" content=\"7 minutos\" \/>\n<script type=\"application\/ld+json\" class=\"yoast-schema-graph\">{\"@context\":\"https:\/\/schema.org\",\"@graph\":[{\"@type\":\"WebPage\",\"@id\":\"https:\/\/oncoalicia.com\/pt-br\/o-projeto\/\",\"url\":\"https:\/\/oncoalicia.com\/pt-br\/o-projeto\/\",\"name\":\"Como ajudamos pessoas com c\u00e2ncer por meio da nutri\u00e7\u00e3o? - Oncoalicia\",\"isPartOf\":{\"@id\":\"https:\/\/oncoalicia.com\/pt-br\/#website\"},\"primaryImageOfPage\":{\"@id\":\"https:\/\/oncoalicia.com\/pt-br\/o-projeto\/#primaryimage\"},\"image\":{\"@id\":\"https:\/\/oncoalicia.com\/pt-br\/o-projeto\/#primaryimage\"},\"thumbnailUrl\":\"https:\/\/oncoalicia.com\/wp-content\/uploads\/2025\/06\/154704777-1.jpg\",\"datePublished\":\"2021-12-12T23:34:18+00:00\",\"dateModified\":\"2025-07-08T07:10:29+00:00\",\"description\":\"O projeto da Fundaci\u00f3 Catalunya la Pedrera e da Fundaci\u00f3 Al\u00edcia nasceu com o objetivo de ajudar pessoas com c\u00e2ncer e seu entorno por meio da alimenta\u00e7\u00e3o.\",\"breadcrumb\":{\"@id\":\"https:\/\/oncoalicia.com\/pt-br\/o-projeto\/#breadcrumb\"},\"inLanguage\":\"pt-BR\",\"potentialAction\":[{\"@type\":\"ReadAction\",\"target\":[\"https:\/\/oncoalicia.com\/pt-br\/o-projeto\/\"]}]},{\"@type\":\"ImageObject\",\"inLanguage\":\"pt-BR\",\"@id\":\"https:\/\/oncoalicia.com\/pt-br\/o-projeto\/#primaryimage\",\"url\":\"https:\/\/oncoalicia.com\/wp-content\/uploads\/2025\/06\/154704777-1.jpg\",\"contentUrl\":\"https:\/\/oncoalicia.com\/wp-content\/uploads\/2025\/06\/154704777-1.jpg\"},{\"@type\":\"BreadcrumbList\",\"@id\":\"https:\/\/oncoalicia.com\/pt-br\/o-projeto\/#breadcrumb\",\"itemListElement\":[{\"@type\":\"ListItem\",\"position\":1,\"name\":\"Portada\",\"item\":\"https:\/\/oncoalicia.com\/pt-br\/\"},{\"@type\":\"ListItem\",\"position\":2,\"name\":\"Ajudamos pessoas com c\u00e2ncer a partir da alimenta\u00e7\u00e3o\"}]},{\"@type\":\"WebSite\",\"@id\":\"https:\/\/oncoalicia.com\/pt-br\/#website\",\"url\":\"https:\/\/oncoalicia.com\/pt-br\/\",\"name\":\"Oncoal\u00edcia\",\"description\":\"Comer durante el Tratamiento del C\u00e1ncer\",\"publisher\":{\"@id\":\"https:\/\/oncoalicia.com\/pt-br\/#organization\"},\"alternateName\":\"Oncoal\u00edcia | Comer durante el Tratamiento del C\u00e1ncer\",\"potentialAction\":[{\"@type\":\"SearchAction\",\"target\":{\"@type\":\"EntryPoint\",\"urlTemplate\":\"https:\/\/oncoalicia.com\/pt-br\/?s={search_term_string}\"},\"query-input\":{\"@type\":\"PropertyValueSpecification\",\"valueRequired\":true,\"valueName\":\"search_term_string\"}}],\"inLanguage\":\"pt-BR\"},{\"@type\":\"Organization\",\"@id\":\"https:\/\/oncoalicia.com\/pt-br\/#organization\",\"name\":\"Oncoal\u00edcia\",\"alternateName\":\"Oncoal\u00edcia | Comer durante el Tratamiento del C\u00e1ncer\",\"url\":\"https:\/\/oncoalicia.com\/pt-br\/\",\"logo\":{\"@type\":\"ImageObject\",\"inLanguage\":\"pt-BR\",\"@id\":\"https:\/\/oncoalicia.com\/pt-br\/#\/schema\/logo\/image\/\",\"url\":\"https:\/\/oncoalicia.com\/wp-content\/uploads\/2022\/11\/logo_rrss.png\",\"contentUrl\":\"https:\/\/oncoalicia.com\/wp-content\/uploads\/2022\/11\/logo_rrss.png\",\"width\":300,\"height\":300,\"caption\":\"Oncoal\u00edcia\"},\"image\":{\"@id\":\"https:\/\/oncoalicia.com\/pt-br\/#\/schema\/logo\/image\/\"}}]}<\/script>\n<!-- \/ Yoast SEO plugin. -->","yoast_head_json":{"title":"Como ajudamos pessoas com c\u00e2ncer por meio da nutri\u00e7\u00e3o? - Oncoalicia","description":"O projeto da Fundaci\u00f3 Catalunya la Pedrera e da Fundaci\u00f3 Al\u00edcia nasceu com o objetivo de ajudar pessoas com c\u00e2ncer e seu entorno por meio da alimenta\u00e7\u00e3o.","robots":{"index":"index","follow":"follow","max-snippet":"max-snippet:-1","max-image-preview":"max-image-preview:large","max-video-preview":"max-video-preview:-1"},"canonical":"https:\/\/oncoalicia.com\/pt-br\/o-projeto\/","og_locale":"pt_BR","og_type":"article","og_title":"Como ajudamos pessoas com c\u00e2ncer por meio da nutri\u00e7\u00e3o? - Oncoalicia","og_description":"O projeto da Fundaci\u00f3 Catalunya la Pedrera e da Fundaci\u00f3 Al\u00edcia nasceu com o objetivo de ajudar pessoas com c\u00e2ncer e seu entorno por meio da alimenta\u00e7\u00e3o.","og_url":"https:\/\/oncoalicia.com\/pt-br\/o-projeto\/","og_site_name":"Oncoalicia","article_modified_time":"2025-07-08T07:10:29+00:00","og_image":[{"url":"https:\/\/oncoalicia.com\/wp-content\/uploads\/2025\/06\/154704777-1.jpg","type":"","width":"","height":""}],"twitter_card":"summary_large_image","twitter_misc":{"Est. tempo de leitura":"7 minutos"},"schema":{"@context":"https:\/\/schema.org","@graph":[{"@type":"WebPage","@id":"https:\/\/oncoalicia.com\/pt-br\/o-projeto\/","url":"https:\/\/oncoalicia.com\/pt-br\/o-projeto\/","name":"Como ajudamos pessoas com c\u00e2ncer por meio da nutri\u00e7\u00e3o? - Oncoalicia","isPartOf":{"@id":"https:\/\/oncoalicia.com\/pt-br\/#website"},"primaryImageOfPage":{"@id":"https:\/\/oncoalicia.com\/pt-br\/o-projeto\/#primaryimage"},"image":{"@id":"https:\/\/oncoalicia.com\/pt-br\/o-projeto\/#primaryimage"},"thumbnailUrl":"https:\/\/oncoalicia.com\/wp-content\/uploads\/2025\/06\/154704777-1.jpg","datePublished":"2021-12-12T23:34:18+00:00","dateModified":"2025-07-08T07:10:29+00:00","description":"O projeto da Fundaci\u00f3 Catalunya la Pedrera e da Fundaci\u00f3 Al\u00edcia nasceu com o objetivo de ajudar pessoas com c\u00e2ncer e seu entorno por meio da alimenta\u00e7\u00e3o.","breadcrumb":{"@id":"https:\/\/oncoalicia.com\/pt-br\/o-projeto\/#breadcrumb"},"inLanguage":"pt-BR","potentialAction":[{"@type":"ReadAction","target":["https:\/\/oncoalicia.com\/pt-br\/o-projeto\/"]}]},{"@type":"ImageObject","inLanguage":"pt-BR","@id":"https:\/\/oncoalicia.com\/pt-br\/o-projeto\/#primaryimage","url":"https:\/\/oncoalicia.com\/wp-content\/uploads\/2025\/06\/154704777-1.jpg","contentUrl":"https:\/\/oncoalicia.com\/wp-content\/uploads\/2025\/06\/154704777-1.jpg"},{"@type":"BreadcrumbList","@id":"https:\/\/oncoalicia.com\/pt-br\/o-projeto\/#breadcrumb","itemListElement":[{"@type":"ListItem","position":1,"name":"Portada","item":"https:\/\/oncoalicia.com\/pt-br\/"},{"@type":"ListItem","position":2,"name":"Ajudamos pessoas com c\u00e2ncer a partir da alimenta\u00e7\u00e3o"}]},{"@type":"WebSite","@id":"https:\/\/oncoalicia.com\/pt-br\/#website","url":"https:\/\/oncoalicia.com\/pt-br\/","name":"Oncoal\u00edcia","description":"Comer durante el Tratamiento del C\u00e1ncer","publisher":{"@id":"https:\/\/oncoalicia.com\/pt-br\/#organization"},"alternateName":"Oncoal\u00edcia | Comer durante el Tratamiento del C\u00e1ncer","potentialAction":[{"@type":"SearchAction","target":{"@type":"EntryPoint","urlTemplate":"https:\/\/oncoalicia.com\/pt-br\/?s={search_term_string}"},"query-input":{"@type":"PropertyValueSpecification","valueRequired":true,"valueName":"search_term_string"}}],"inLanguage":"pt-BR"},{"@type":"Organization","@id":"https:\/\/oncoalicia.com\/pt-br\/#organization","name":"Oncoal\u00edcia","alternateName":"Oncoal\u00edcia | Comer durante el Tratamiento del C\u00e1ncer","url":"https:\/\/oncoalicia.com\/pt-br\/","logo":{"@type":"ImageObject","inLanguage":"pt-BR","@id":"https:\/\/oncoalicia.com\/pt-br\/#\/schema\/logo\/image\/","url":"https:\/\/oncoalicia.com\/wp-content\/uploads\/2022\/11\/logo_rrss.png","contentUrl":"https:\/\/oncoalicia.com\/wp-content\/uploads\/2022\/11\/logo_rrss.png","width":300,"height":300,"caption":"Oncoal\u00edcia"},"image":{"@id":"https:\/\/oncoalicia.com\/pt-br\/#\/schema\/logo\/image\/"}}]}},"_links":{"self":[{"href":"https:\/\/oncoalicia.com\/pt-br\/wp-json\/wp\/v2\/pages\/6135","targetHints":{"allow":["GET"]}}],"collection":[{"href":"https:\/\/oncoalicia.com\/pt-br\/wp-json\/wp\/v2\/pages"}],"about":[{"href":"https:\/\/oncoalicia.com\/pt-br\/wp-json\/wp\/v2\/types\/page"}],"author":[{"embeddable":true,"href":"https:\/\/oncoalicia.com\/pt-br\/wp-json\/wp\/v2\/users\/2"}],"replies":[{"embeddable":true,"href":"https:\/\/oncoalicia.com\/pt-br\/wp-json\/wp\/v2\/comments?post=6135"}],"version-history":[{"count":0,"href":"https:\/\/oncoalicia.com\/pt-br\/wp-json\/wp\/v2\/pages\/6135\/revisions"}],"wp:attachment":[{"href":"https:\/\/oncoalicia.com\/pt-br\/wp-json\/wp\/v2\/media?parent=6135"}],"curies":[{"name":"wp","href":"https:\/\/api.w.org\/{rel}","templated":true}]}}